{"id":9731,"date":"2024-12-17T16:19:03","date_gmt":"2024-12-17T21:19:03","guid":{"rendered":"https:\/\/luxesound.ca\/?post_type=product&#038;p=9731"},"modified":"2026-04-20T15:12:35","modified_gmt":"2026-04-20T19:12:35","slug":"kanto-ren-speakers","status":"publish","type":"product","link":"https:\/\/luxesound.ca\/fr\/product\/kanto-ren-speakers\/","title":{"rendered":"Enceintes Kanto REN"},"content":{"rendered":"<p class=\"p1\">Combinant la simplicit\u00e9 d&#039;une barre de son avec la pr\u00e9cision d&#039;un syst\u00e8me st\u00e9r\u00e9o contr\u00f4l\u00e9 par DSP, REN se connecte sans effort \u00e0 n&#039;importe quel t\u00e9l\u00e9viseur moderne via HDMI ARC, offrant une exp\u00e9rience cin\u00e9matographique dans un design \u00e9l\u00e9gant tout-en-un. REN r\u00e9sout le d\u00e9fi des dialogues silencieux et des effets sonores surpuissants avec deux modes sonores d\u00e9di\u00e9s qui am\u00e9liorent les voix et minimisent les basses fr\u00e9quences pour le visionnage nocturne. Pr\u00eat pour une mise \u00e0 niveau du caisson de basses ? REN filtre automatiquement les basses de ses woofers en aluminium de 5,25 pouces, leur permettant de se concentrer sur des tons m\u00e9dium clairs et sans distorsion. Au-del\u00e0 du salon, REN offre une connectivit\u00e9 polyvalente, notamment Bluetooth 5.3 pour les appareils domestiques intelligents, optique pour les streamers WiFi, USB-C pour les configurations de bureau et des entr\u00e9es analogiques pour tout le reste.<\/p>","protected":false},"excerpt":{"rendered":"<p class=\"p1\">Combinant la simplicit\u00e9 d&#039;une barre de son avec la pr\u00e9cision d&#039;un syst\u00e8me st\u00e9r\u00e9o contr\u00f4l\u00e9 par DSP, REN se connecte sans effort \u00e0 n&#039;importe quel t\u00e9l\u00e9viseur moderne via HDMI ARC, offrant une exp\u00e9rience cin\u00e9matographique dans un design \u00e9l\u00e9gant tout-en-un. REN r\u00e9sout le d\u00e9fi des dialogues silencieux et des effets sonores surpuissants avec deux modes sonores d\u00e9di\u00e9s qui am\u00e9liorent les voix et minimisent les basses fr\u00e9quences pour le visionnage nocturne. Pr\u00eat pour une mise \u00e0 niveau du caisson de basses ? REN filtre automatiquement les basses de ses woofers en aluminium de 5,25 pouces, leur permettant de se concentrer sur des tons m\u00e9dium clairs et sans distorsion. Au-del\u00e0 du salon, REN offre une connectivit\u00e9 polyvalente, notamment Bluetooth 5.3 pour les appareils domestiques intelligents, optique pour les streamers WiFi, USB-C pour les configurations de bureau et des entr\u00e9es analogiques pour tout le reste.<\/p>","protected":false},"featured_media":9740,"comment_status":"open","ping_status":"closed","template":"","meta":{"_acf_changed":false,"_mo_disable_npp":"","inline_featured_image":false},"product_brand":[746],"product_cat":[910,554,909,27],"product_tag":[694],"class_list":{"0":"post-9731","1":"product","2":"type-product","3":"status-publish","4":"has-post-thumbnail","6":"product_brand-kanto","7":"product_cat-a-touch-of-colour","8":"product_cat-kanto","9":"product_cat-kanto-black-friday","10":"product_cat-speakers","11":"product_tag-colourful","12":"pa_colour-matte-black","13":"pa_colour-matte-blue","14":"pa_colour-matte-grey","15":"pa_colour-matte-orange","16":"pa_colour-matte-white","18":"first","19":"instock","20":"taxable","21":"shipping-taxable","22":"purchasable","23":"product-type-variable","24":"has-default-attributes"},"bundled_by":[],"bundle_stock_status":"instock","bundle_stock_quantity":null,"bundle_virtual":false,"bundle_layout":"","bundle_add_to_cart_form_location":"","bundle_editable_in_cart":false,"bundle_sold_individually_context":"","bundle_item_grouping":"","bundle_min_size":"","bundle_max_size":"","bundle_price":[],"bundled_items":[],"bundle_sell_ids":[],"acf":[],"ct_brands":[{"id":746,"name":"Kanto","slug":"kanto"}],"yoast_head":"<!-- This site is optimized with the Yoast SEO plugin v27.2 - https:\/\/yoast.com\/product\/yoast-seo-wordpress\/ -->\n<title>Kanto REN Speakers with HDMI ARC - Luxe Sound<\/title>\n<meta name=\"description\" content=\"Experience cinematic sound with the Kanto REN speakers. HDMI ARC, Bluetooth 5.3, and versatile inputs deliver clear, immersive audio. Free Shipping!\" \/>\n<meta name=\"robots\" content=\"index, follow, max-snippet:-1, max-image-preview:large, max-video-preview:-1\" \/>\n<link rel=\"canonical\" href=\"https:\/\/luxesound.ca\/fr\/product\/kanto-ren-speakers\/\" \/>\n<meta property=\"og:locale\" content=\"fr_FR\" \/>\n<meta property=\"og:type\" content=\"article\" \/>\n<meta property=\"og:title\" content=\"Kanto REN Speakers with HDMI ARC - Luxe Sound\" \/>\n<meta property=\"og:description\" content=\"Experience cinematic sound with the Kanto REN speakers. HDMI ARC, Bluetooth 5.3, and versatile inputs deliver clear, immersive audio. Free Shipping!\" \/>\n<meta property=\"og:url\" content=\"https:\/\/luxesound.ca\/fr\/product\/kanto-ren-speakers\/\" \/>\n<meta property=\"og:site_name\" content=\"Luxe Sound\" \/>\n<meta property=\"article:publisher\" content=\"https:\/\/www.facebook.com\/luxesound.ca\" \/>\n<meta property=\"article:modified_time\" content=\"2026-04-20T19:12:35+00:00\" \/>\n<meta property=\"og:image\" content=\"https:\/\/luxesound.ca\/wp-content\/uploads\/2024\/12\/Kanto-REN-Matte-Black-1.webp\" \/>\n\t<meta property=\"og:image:width\" content=\"1200\" \/>\n\t<meta property=\"og:image:height\" content=\"800\" \/>\n\t<meta property=\"og:image:type\" content=\"image\/webp\" \/>\n<meta name=\"twitter:card\" content=\"summary_large_image\" \/>\n<meta name=\"twitter:label1\" content=\"Est. reading time\" \/>\n\t<meta name=\"twitter:data1\" content=\"1 minute\" \/>\n<script type=\"application\/ld+json\" class=\"yoast-schema-graph\">{\"@context\":\"https:\/\/schema.org\",\"@graph\":[{\"@type\":\"WebPage\",\"@id\":\"https:\/\/luxesound.ca\/product\/kanto-ren-speakers\/\",\"url\":\"https:\/\/luxesound.ca\/product\/kanto-ren-speakers\/\",\"name\":\"Kanto REN Speakers with HDMI ARC - Luxe Sound\",\"isPartOf\":{\"@id\":\"https:\/\/luxesound.ca\/#website\"},\"primaryImageOfPage\":{\"@id\":\"https:\/\/luxesound.ca\/product\/kanto-ren-speakers\/#primaryimage\"},\"image\":{\"@id\":\"https:\/\/luxesound.ca\/product\/kanto-ren-speakers\/#primaryimage\"},\"thumbnailUrl\":\"https:\/\/luxesound.ca\/wp-content\/uploads\/2024\/12\/Kanto-REN-Matte-Black-1.webp\",\"datePublished\":\"2024-12-17T21:19:03+00:00\",\"dateModified\":\"2026-04-20T19:12:35+00:00\",\"description\":\"Experience cinematic sound with the Kanto REN speakers. HDMI ARC, Bluetooth 5.3, and versatile inputs deliver clear, immersive audio. Free Shipping!\",\"breadcrumb\":{\"@id\":\"https:\/\/luxesound.ca\/product\/kanto-ren-speakers\/#breadcrumb\"},\"inLanguage\":\"fr-qc\",\"potentialAction\":[{\"@type\":\"ReadAction\",\"target\":[\"https:\/\/luxesound.ca\/product\/kanto-ren-speakers\/\"]}]},{\"@type\":\"ImageObject\",\"inLanguage\":\"fr-qc\",\"@id\":\"https:\/\/luxesound.ca\/product\/kanto-ren-speakers\/#primaryimage\",\"url\":\"https:\/\/luxesound.ca\/wp-content\/uploads\/2024\/12\/Kanto-REN-Matte-Black-1.webp\",\"contentUrl\":\"https:\/\/luxesound.ca\/wp-content\/uploads\/2024\/12\/Kanto-REN-Matte-Black-1.webp\",\"width\":1200,\"height\":800,\"caption\":\"Kanto REN speakers product photo on white background, various product layouts\"},{\"@type\":\"BreadcrumbList\",\"@id\":\"https:\/\/luxesound.ca\/product\/kanto-ren-speakers\/#breadcrumb\",\"itemListElement\":[{\"@type\":\"ListItem\",\"position\":1,\"name\":\"Home\",\"item\":\"https:\/\/luxesound.ca\/\"},{\"@type\":\"ListItem\",\"position\":2,\"name\":\"Products\",\"item\":\"https:\/\/luxesound.ca\/shop\/\"},{\"@type\":\"ListItem\",\"position\":3,\"name\":\"Kanto REN Speakers\"}]},{\"@type\":\"WebSite\",\"@id\":\"https:\/\/luxesound.ca\/#website\",\"url\":\"https:\/\/luxesound.ca\/\",\"name\":\"Luxe Sound\",\"description\":\"The Finest Headphones &amp; Speakers. Proudly Canadian.\",\"publisher\":{\"@id\":\"https:\/\/luxesound.ca\/#organization\"},\"potentialAction\":[{\"@type\":\"SearchAction\",\"target\":{\"@type\":\"EntryPoint\",\"urlTemplate\":\"https:\/\/luxesound.ca\/?s={search_term_string}\"},\"query-input\":{\"@type\":\"PropertyValueSpecification\",\"valueRequired\":true,\"valueName\":\"search_term_string\"}}],\"inLanguage\":\"fr-qc\"},{\"@type\":\"Organization\",\"@id\":\"https:\/\/luxesound.ca\/#organization\",\"name\":\"Luxe Sound\",\"url\":\"https:\/\/luxesound.ca\/\",\"logo\":{\"@type\":\"ImageObject\",\"inLanguage\":\"fr-qc\",\"@id\":\"https:\/\/luxesound.ca\/#\/schema\/logo\/image\/\",\"url\":\"https:\/\/luxesound.ca\/wp-content\/uploads\/2024\/08\/cropped-Luxe-white-on-green.png\",\"contentUrl\":\"https:\/\/luxesound.ca\/wp-content\/uploads\/2024\/08\/cropped-Luxe-white-on-green.png\",\"width\":512,\"height\":512,\"caption\":\"Luxe Sound\"},\"image\":{\"@id\":\"https:\/\/luxesound.ca\/#\/schema\/logo\/image\/\"},\"sameAs\":[\"https:\/\/www.facebook.com\/luxesound.ca\",\"https:\/\/www.instagram.com\/luxe.sound\/\"]}]}<\/script>\n<!-- \/ Yoast SEO plugin. -->","yoast_head_json":{"title":"Kanto REN Speakers with HDMI ARC - Luxe Sound","description":"Experience cinematic sound with the Kanto REN speakers. HDMI ARC, Bluetooth 5.3, and versatile inputs deliver clear, immersive audio. Free Shipping!","robots":{"index":"index","follow":"follow","max-snippet":"max-snippet:-1","max-image-preview":"max-image-preview:large","max-video-preview":"max-video-preview:-1"},"canonical":"https:\/\/luxesound.ca\/fr\/product\/kanto-ren-speakers\/","og_locale":"fr_FR","og_type":"article","og_title":"Kanto REN Speakers with HDMI ARC - Luxe Sound","og_description":"Experience cinematic sound with the Kanto REN speakers. HDMI ARC, Bluetooth 5.3, and versatile inputs deliver clear, immersive audio. Free Shipping!","og_url":"https:\/\/luxesound.ca\/fr\/product\/kanto-ren-speakers\/","og_site_name":"Luxe Sound","article_publisher":"https:\/\/www.facebook.com\/luxesound.ca","article_modified_time":"2026-04-20T19:12:35+00:00","og_image":[{"width":1200,"height":800,"url":"https:\/\/luxesound.ca\/wp-content\/uploads\/2024\/12\/Kanto-REN-Matte-Black-1.webp","type":"image\/webp"}],"twitter_card":"summary_large_image","twitter_misc":{"Est. reading time":"1 minute"},"schema":{"@context":"https:\/\/schema.org","@graph":[{"@type":"WebPage","@id":"https:\/\/luxesound.ca\/product\/kanto-ren-speakers\/","url":"https:\/\/luxesound.ca\/product\/kanto-ren-speakers\/","name":"Kanto REN Speakers with HDMI ARC - Luxe Sound","isPartOf":{"@id":"https:\/\/luxesound.ca\/#website"},"primaryImageOfPage":{"@id":"https:\/\/luxesound.ca\/product\/kanto-ren-speakers\/#primaryimage"},"image":{"@id":"https:\/\/luxesound.ca\/product\/kanto-ren-speakers\/#primaryimage"},"thumbnailUrl":"https:\/\/luxesound.ca\/wp-content\/uploads\/2024\/12\/Kanto-REN-Matte-Black-1.webp","datePublished":"2024-12-17T21:19:03+00:00","dateModified":"2026-04-20T19:12:35+00:00","description":"Experience cinematic sound with the Kanto REN speakers. HDMI ARC, Bluetooth 5.3, and versatile inputs deliver clear, immersive audio. Free Shipping!","breadcrumb":{"@id":"https:\/\/luxesound.ca\/product\/kanto-ren-speakers\/#breadcrumb"},"inLanguage":"fr-qc","potentialAction":[{"@type":"ReadAction","target":["https:\/\/luxesound.ca\/product\/kanto-ren-speakers\/"]}]},{"@type":"ImageObject","inLanguage":"fr-qc","@id":"https:\/\/luxesound.ca\/product\/kanto-ren-speakers\/#primaryimage","url":"https:\/\/luxesound.ca\/wp-content\/uploads\/2024\/12\/Kanto-REN-Matte-Black-1.webp","contentUrl":"https:\/\/luxesound.ca\/wp-content\/uploads\/2024\/12\/Kanto-REN-Matte-Black-1.webp","width":1200,"height":800,"caption":"Kanto REN speakers product photo on white background, various product layouts"},{"@type":"BreadcrumbList","@id":"https:\/\/luxesound.ca\/product\/kanto-ren-speakers\/#breadcrumb","itemListElement":[{"@type":"ListItem","position":1,"name":"Home","item":"https:\/\/luxesound.ca\/"},{"@type":"ListItem","position":2,"name":"Products","item":"https:\/\/luxesound.ca\/shop\/"},{"@type":"ListItem","position":3,"name":"Kanto REN Speakers"}]},{"@type":"WebSite","@id":"https:\/\/luxesound.ca\/#website","url":"https:\/\/luxesound.ca\/","name":"Son luxueux","description":"Les meilleurs \u00e9couteurs et haut-parleurs. Fi\u00e8rement canadiens.","publisher":{"@id":"https:\/\/luxesound.ca\/#organization"},"potentialAction":[{"@type":"SearchAction","target":{"@type":"EntryPoint","urlTemplate":"https:\/\/luxesound.ca\/?s={search_term_string}"},"query-input":{"@type":"PropertyValueSpecification","valueRequired":true,"valueName":"search_term_string"}}],"inLanguage":"fr-qc"},{"@type":"Organization","@id":"https:\/\/luxesound.ca\/#organization","name":"Son luxueux","url":"https:\/\/luxesound.ca\/","logo":{"@type":"ImageObject","inLanguage":"fr-qc","@id":"https:\/\/luxesound.ca\/#\/schema\/logo\/image\/","url":"https:\/\/luxesound.ca\/wp-content\/uploads\/2024\/08\/cropped-Luxe-white-on-green.png","contentUrl":"https:\/\/luxesound.ca\/wp-content\/uploads\/2024\/08\/cropped-Luxe-white-on-green.png","width":512,"height":512,"caption":"Luxe Sound"},"image":{"@id":"https:\/\/luxesound.ca\/#\/schema\/logo\/image\/"},"sameAs":["https:\/\/www.facebook.com\/luxesound.ca","https:\/\/www.instagram.com\/luxe.sound\/"]}]}},"_links":{"self":[{"href":"https:\/\/luxesound.ca\/fr\/wp-json\/wp\/v2\/product\/9731","targetHints":{"allow":["GET"]}}],"collection":[{"href":"https:\/\/luxesound.ca\/fr\/wp-json\/wp\/v2\/product"}],"about":[{"href":"https:\/\/luxesound.ca\/fr\/wp-json\/wp\/v2\/types\/product"}],"replies":[{"embeddable":true,"href":"https:\/\/luxesound.ca\/fr\/wp-json\/wp\/v2\/comments?post=9731"}],"version-history":[{"count":2,"href":"https:\/\/luxesound.ca\/fr\/wp-json\/wp\/v2\/product\/9731\/revisions"}],"predecessor-version":[{"id":9755,"href":"https:\/\/luxesound.ca\/fr\/wp-json\/wp\/v2\/product\/9731\/revisions\/9755"}],"wp:featuredmedia":[{"embeddable":true,"href":"https:\/\/luxesound.ca\/fr\/wp-json\/wp\/v2\/media\/9740"}],"wp:attachment":[{"href":"https:\/\/luxesound.ca\/fr\/wp-json\/wp\/v2\/media?parent=9731"}],"wp:term":[{"taxonomy":"product_brand","embeddable":true,"href":"https:\/\/luxesound.ca\/fr\/wp-json\/wp\/v2\/product_brand?post=9731"},{"taxonomy":"product_cat","embeddable":true,"href":"https:\/\/luxesound.ca\/fr\/wp-json\/wp\/v2\/product_cat?post=9731"},{"taxonomy":"product_tag","embeddable":true,"href":"https:\/\/luxesound.ca\/fr\/wp-json\/wp\/v2\/product_tag?post=9731"}],"curies":[{"name":"wp","href":"https:\/\/api.w.org\/{rel}","templated":true}]}}