{"id":9555,"date":"2024-12-05T13:24:05","date_gmt":"2024-12-05T18:24:05","guid":{"rendered":"https:\/\/luxesound.ca\/?post_type=product&#038;p=9555"},"modified":"2026-05-01T10:21:12","modified_gmt":"2026-05-01T14:21:12","slug":"moondrop-discdream-2-portable-cd-player","status":"publish","type":"product","link":"https:\/\/luxesound.ca\/fr\/product\/moondrop-discdream-2-portable-cd-player\/","title":{"rendered":"Moondrop Discdream 2 \u2013 Lecteur CD portable"},"content":{"rendered":"<p class=\"p1\">Le Moondrop Discdream 2 est un lecteur CD portable con\u00e7u pour offrir un son haute fid\u00e9lit\u00e9 en d\u00e9placement. Avec un design \u00e9l\u00e9gant et compact, ce lecteur offre une excellente qualit\u00e9 sonore, que vous soyez \u00e0 la maison ou en d\u00e9placement. Il est dot\u00e9 d&#039;un convertisseur num\u00e9rique-analogique (DAC) de haute qualit\u00e9 pour un son clair et net et une exp\u00e9rience de lecture stable, ce qui le rend parfait pour les amateurs d&#039;audio qui appr\u00e9cient la musique riche et d\u00e9taill\u00e9e. Le Discdream 2 est compatible avec une large gamme de formats audio, vous offrant une flexibilit\u00e9 tout en profitant de vos CD pr\u00e9f\u00e9r\u00e9s. Sa batterie rechargeable assure jusqu&#039;\u00e0 10 heures de lecture ininterrompue, afin que vous puissiez profiter de votre musique o\u00f9 que la vie vous m\u00e8ne. Le design \u00e9l\u00e9gant et minimaliste est compl\u00e9t\u00e9 par des commandes faciles \u00e0 utiliser pour un fonctionnement transparent, offrant une exp\u00e9rience intuitive \u00e0 chaque utilisation.<\/p>","protected":false},"excerpt":{"rendered":"<p>Le Moondrop Discdream 2 est un lecteur CD portable con\u00e7u pour offrir un son haute fid\u00e9lit\u00e9 en d\u00e9placement. Avec un design \u00e9l\u00e9gant et compact, ce lecteur offre une excellente qualit\u00e9 sonore, que vous soyez \u00e0 la maison ou en d\u00e9placement. Il est dot\u00e9 d&#039;un convertisseur num\u00e9rique-analogique (DAC) de haute qualit\u00e9 pour un son clair et net et une exp\u00e9rience de lecture stable, ce qui le rend parfait pour les amateurs d&#039;audio qui appr\u00e9cient la musique riche et d\u00e9taill\u00e9e. Le Discdream 2 est compatible avec une large gamme de formats audio, vous offrant une flexibilit\u00e9 tout en profitant de vos CD pr\u00e9f\u00e9r\u00e9s. Sa batterie rechargeable assure jusqu&#039;\u00e0 10 heures de lecture ininterrompue, afin que vous puissiez profiter de votre musique o\u00f9 que la vie vous m\u00e8ne. Le design \u00e9l\u00e9gant et minimaliste est compl\u00e9t\u00e9 par des commandes faciles \u00e0 utiliser pour un fonctionnement transparent, offrant une exp\u00e9rience intuitive \u00e0 chaque utilisation.<\/p>","protected":false},"featured_media":9557,"comment_status":"open","ping_status":"closed","template":"","meta":{"_acf_changed":false,"_mo_disable_npp":"","inline_featured_image":false},"product_brand":[753],"product_cat":[36,892,732,898,741,219,740],"product_tag":[911],"class_list":{"0":"post-9555","1":"product","2":"type-product","3":"status-publish","4":"has-post-thumbnail","6":"product_brand-moondrop","7":"product_cat-accessories","8":"product_cat-chifi","9":"product_cat-moondrop","10":"product_cat-moondrop-cd-players","11":"product_cat-other-accessories","12":"product_cat-portable-audio","13":"product_cat-turntables-cd-players","14":"product_tag-neo-retro","15":"pa_colour-silver-grey","17":"first","18":"instock","19":"taxable","20":"shipping-taxable","21":"purchasable","22":"product-type-variable","23":"has-default-attributes"},"bundled_by":[],"bundle_stock_status":"instock","bundle_stock_quantity":null,"bundle_virtual":false,"bundle_layout":"","bundle_add_to_cart_form_location":"","bundle_editable_in_cart":false,"bundle_sold_individually_context":"","bundle_item_grouping":"","bundle_min_size":"","bundle_max_size":"","bundle_price":[],"bundled_items":[],"bundle_sell_ids":[],"acf":[],"ct_brands":[{"id":753,"name":"Goutte de lune","slug":"moondrop"}],"yoast_head":"<!-- This site is optimized with the Yoast SEO plugin v27.2 - https:\/\/yoast.com\/product\/yoast-seo-wordpress\/ -->\n<title>Moondrop Discdream 2 - Portable CD Player - Luxe Sound<\/title>\n<meta name=\"description\" content=\"Moondrop Discdream 2 Portable CD Player offers premium audio and soundcard functionality for desktop PCs. Enjoy high-quality sound with Free Shipping!\" \/>\n<meta name=\"robots\" content=\"index, follow, max-snippet:-1, max-image-preview:large, max-video-preview:-1\" \/>\n<link rel=\"canonical\" href=\"https:\/\/luxesound.ca\/fr\/product\/moondrop-discdream-2-portable-cd-player\/\" \/>\n<meta property=\"og:locale\" content=\"fr_FR\" \/>\n<meta property=\"og:type\" content=\"article\" \/>\n<meta property=\"og:title\" content=\"Moondrop Discdream 2 - Portable CD Player - Luxe Sound\" \/>\n<meta property=\"og:description\" content=\"Moondrop Discdream 2 Portable CD Player offers premium audio and soundcard functionality for desktop PCs. Enjoy high-quality sound with Free Shipping!\" \/>\n<meta property=\"og:url\" content=\"https:\/\/luxesound.ca\/fr\/product\/moondrop-discdream-2-portable-cd-player\/\" \/>\n<meta property=\"og:site_name\" content=\"Luxe Sound\" \/>\n<meta property=\"article:publisher\" content=\"https:\/\/www.facebook.com\/luxesound.ca\" \/>\n<meta property=\"article:modified_time\" content=\"2026-05-01T14:21:12+00:00\" \/>\n<meta property=\"og:image\" content=\"https:\/\/luxesound.ca\/wp-content\/uploads\/2024\/12\/Moondrop-Discdream-2-1.webp\" \/>\n\t<meta property=\"og:image:width\" content=\"1200\" \/>\n\t<meta property=\"og:image:height\" content=\"800\" \/>\n\t<meta property=\"og:image:type\" content=\"image\/webp\" \/>\n<meta name=\"twitter:card\" content=\"summary_large_image\" \/>\n<meta name=\"twitter:label1\" content=\"Est. reading time\" \/>\n\t<meta name=\"twitter:data1\" content=\"1 minute\" \/>\n<script type=\"application\/ld+json\" class=\"yoast-schema-graph\">{\"@context\":\"https:\/\/schema.org\",\"@graph\":[{\"@type\":\"WebPage\",\"@id\":\"https:\/\/luxesound.ca\/product\/moondrop-discdream-2-portable-cd-player\/\",\"url\":\"https:\/\/luxesound.ca\/product\/moondrop-discdream-2-portable-cd-player\/\",\"name\":\"Moondrop Discdream 2 - Portable CD Player - Luxe Sound\",\"isPartOf\":{\"@id\":\"https:\/\/luxesound.ca\/#website\"},\"primaryImageOfPage\":{\"@id\":\"https:\/\/luxesound.ca\/product\/moondrop-discdream-2-portable-cd-player\/#primaryimage\"},\"image\":{\"@id\":\"https:\/\/luxesound.ca\/product\/moondrop-discdream-2-portable-cd-player\/#primaryimage\"},\"thumbnailUrl\":\"https:\/\/luxesound.ca\/wp-content\/uploads\/2024\/12\/Moondrop-Discdream-2-1.webp\",\"datePublished\":\"2024-12-05T18:24:05+00:00\",\"dateModified\":\"2026-05-01T14:21:12+00:00\",\"description\":\"Moondrop Discdream 2 Portable CD Player offers premium audio and soundcard functionality for desktop PCs. Enjoy high-quality sound with Free Shipping!\",\"breadcrumb\":{\"@id\":\"https:\/\/luxesound.ca\/product\/moondrop-discdream-2-portable-cd-player\/#breadcrumb\"},\"inLanguage\":\"fr-qc\",\"potentialAction\":[{\"@type\":\"ReadAction\",\"target\":[\"https:\/\/luxesound.ca\/product\/moondrop-discdream-2-portable-cd-player\/\"]}]},{\"@type\":\"ImageObject\",\"inLanguage\":\"fr-qc\",\"@id\":\"https:\/\/luxesound.ca\/product\/moondrop-discdream-2-portable-cd-player\/#primaryimage\",\"url\":\"https:\/\/luxesound.ca\/wp-content\/uploads\/2024\/12\/Moondrop-Discdream-2-1.webp\",\"contentUrl\":\"https:\/\/luxesound.ca\/wp-content\/uploads\/2024\/12\/Moondrop-Discdream-2-1.webp\",\"width\":1200,\"height\":800,\"caption\":\"Moondrop Discdream 2 1 product photo on white background\"},{\"@type\":\"BreadcrumbList\",\"@id\":\"https:\/\/luxesound.ca\/product\/moondrop-discdream-2-portable-cd-player\/#breadcrumb\",\"itemListElement\":[{\"@type\":\"ListItem\",\"position\":1,\"name\":\"Home\",\"item\":\"https:\/\/luxesound.ca\/\"},{\"@type\":\"ListItem\",\"position\":2,\"name\":\"Products\",\"item\":\"https:\/\/luxesound.ca\/shop\/\"},{\"@type\":\"ListItem\",\"position\":3,\"name\":\"Moondrop Discdream 2 &#8211; Portable CD Player\"}]},{\"@type\":\"WebSite\",\"@id\":\"https:\/\/luxesound.ca\/#website\",\"url\":\"https:\/\/luxesound.ca\/\",\"name\":\"Luxe Sound\",\"description\":\"The Finest Headphones &amp; Speakers. Proudly Canadian.\",\"publisher\":{\"@id\":\"https:\/\/luxesound.ca\/#organization\"},\"potentialAction\":[{\"@type\":\"SearchAction\",\"target\":{\"@type\":\"EntryPoint\",\"urlTemplate\":\"https:\/\/luxesound.ca\/?s={search_term_string}\"},\"query-input\":{\"@type\":\"PropertyValueSpecification\",\"valueRequired\":true,\"valueName\":\"search_term_string\"}}],\"inLanguage\":\"fr-qc\"},{\"@type\":\"Organization\",\"@id\":\"https:\/\/luxesound.ca\/#organization\",\"name\":\"Luxe Sound\",\"url\":\"https:\/\/luxesound.ca\/\",\"logo\":{\"@type\":\"ImageObject\",\"inLanguage\":\"fr-qc\",\"@id\":\"https:\/\/luxesound.ca\/#\/schema\/logo\/image\/\",\"url\":\"https:\/\/luxesound.ca\/wp-content\/uploads\/2024\/08\/cropped-Luxe-white-on-green.png\",\"contentUrl\":\"https:\/\/luxesound.ca\/wp-content\/uploads\/2024\/08\/cropped-Luxe-white-on-green.png\",\"width\":512,\"height\":512,\"caption\":\"Luxe Sound\"},\"image\":{\"@id\":\"https:\/\/luxesound.ca\/#\/schema\/logo\/image\/\"},\"sameAs\":[\"https:\/\/www.facebook.com\/luxesound.ca\",\"https:\/\/www.instagram.com\/luxe.sound\/\"]}]}<\/script>\n<!-- \/ Yoast SEO plugin. -->","yoast_head_json":{"title":"Moondrop Discdream 2 - Portable CD Player - Luxe Sound","description":"Moondrop Discdream 2 Portable CD Player offers premium audio and soundcard functionality for desktop PCs. Enjoy high-quality sound with Free Shipping!","robots":{"index":"index","follow":"follow","max-snippet":"max-snippet:-1","max-image-preview":"max-image-preview:large","max-video-preview":"max-video-preview:-1"},"canonical":"https:\/\/luxesound.ca\/fr\/product\/moondrop-discdream-2-portable-cd-player\/","og_locale":"fr_FR","og_type":"article","og_title":"Moondrop Discdream 2 - Portable CD Player - Luxe Sound","og_description":"Moondrop Discdream 2 Portable CD Player offers premium audio and soundcard functionality for desktop PCs. Enjoy high-quality sound with Free Shipping!","og_url":"https:\/\/luxesound.ca\/fr\/product\/moondrop-discdream-2-portable-cd-player\/","og_site_name":"Luxe Sound","article_publisher":"https:\/\/www.facebook.com\/luxesound.ca","article_modified_time":"2026-05-01T14:21:12+00:00","og_image":[{"width":1200,"height":800,"url":"https:\/\/luxesound.ca\/wp-content\/uploads\/2024\/12\/Moondrop-Discdream-2-1.webp","type":"image\/webp"}],"twitter_card":"summary_large_image","twitter_misc":{"Est. reading time":"1 minute"},"schema":{"@context":"https:\/\/schema.org","@graph":[{"@type":"WebPage","@id":"https:\/\/luxesound.ca\/product\/moondrop-discdream-2-portable-cd-player\/","url":"https:\/\/luxesound.ca\/product\/moondrop-discdream-2-portable-cd-player\/","name":"Moondrop Discdream 2 - Portable CD Player - Luxe Sound","isPartOf":{"@id":"https:\/\/luxesound.ca\/#website"},"primaryImageOfPage":{"@id":"https:\/\/luxesound.ca\/product\/moondrop-discdream-2-portable-cd-player\/#primaryimage"},"image":{"@id":"https:\/\/luxesound.ca\/product\/moondrop-discdream-2-portable-cd-player\/#primaryimage"},"thumbnailUrl":"https:\/\/luxesound.ca\/wp-content\/uploads\/2024\/12\/Moondrop-Discdream-2-1.webp","datePublished":"2024-12-05T18:24:05+00:00","dateModified":"2026-05-01T14:21:12+00:00","description":"Moondrop Discdream 2 Portable CD Player offers premium audio and soundcard functionality for desktop PCs. Enjoy high-quality sound with Free Shipping!","breadcrumb":{"@id":"https:\/\/luxesound.ca\/product\/moondrop-discdream-2-portable-cd-player\/#breadcrumb"},"inLanguage":"fr-qc","potentialAction":[{"@type":"ReadAction","target":["https:\/\/luxesound.ca\/product\/moondrop-discdream-2-portable-cd-player\/"]}]},{"@type":"ImageObject","inLanguage":"fr-qc","@id":"https:\/\/luxesound.ca\/product\/moondrop-discdream-2-portable-cd-player\/#primaryimage","url":"https:\/\/luxesound.ca\/wp-content\/uploads\/2024\/12\/Moondrop-Discdream-2-1.webp","contentUrl":"https:\/\/luxesound.ca\/wp-content\/uploads\/2024\/12\/Moondrop-Discdream-2-1.webp","width":1200,"height":800,"caption":"Moondrop Discdream 2 1 product photo on white background"},{"@type":"BreadcrumbList","@id":"https:\/\/luxesound.ca\/product\/moondrop-discdream-2-portable-cd-player\/#breadcrumb","itemListElement":[{"@type":"ListItem","position":1,"name":"Home","item":"https:\/\/luxesound.ca\/"},{"@type":"ListItem","position":2,"name":"Products","item":"https:\/\/luxesound.ca\/shop\/"},{"@type":"ListItem","position":3,"name":"Moondrop Discdream 2 &#8211; Portable CD Player"}]},{"@type":"WebSite","@id":"https:\/\/luxesound.ca\/#website","url":"https:\/\/luxesound.ca\/","name":"Son luxueux","description":"Les meilleurs \u00e9couteurs et haut-parleurs. Fi\u00e8rement canadiens.","publisher":{"@id":"https:\/\/luxesound.ca\/#organization"},"potentialAction":[{"@type":"SearchAction","target":{"@type":"EntryPoint","urlTemplate":"https:\/\/luxesound.ca\/?s={search_term_string}"},"query-input":{"@type":"PropertyValueSpecification","valueRequired":true,"valueName":"search_term_string"}}],"inLanguage":"fr-qc"},{"@type":"Organization","@id":"https:\/\/luxesound.ca\/#organization","name":"Son luxueux","url":"https:\/\/luxesound.ca\/","logo":{"@type":"ImageObject","inLanguage":"fr-qc","@id":"https:\/\/luxesound.ca\/#\/schema\/logo\/image\/","url":"https:\/\/luxesound.ca\/wp-content\/uploads\/2024\/08\/cropped-Luxe-white-on-green.png","contentUrl":"https:\/\/luxesound.ca\/wp-content\/uploads\/2024\/08\/cropped-Luxe-white-on-green.png","width":512,"height":512,"caption":"Luxe Sound"},"image":{"@id":"https:\/\/luxesound.ca\/#\/schema\/logo\/image\/"},"sameAs":["https:\/\/www.facebook.com\/luxesound.ca","https:\/\/www.instagram.com\/luxe.sound\/"]}]}},"_links":{"self":[{"href":"https:\/\/luxesound.ca\/fr\/wp-json\/wp\/v2\/product\/9555","targetHints":{"allow":["GET"]}}],"collection":[{"href":"https:\/\/luxesound.ca\/fr\/wp-json\/wp\/v2\/product"}],"about":[{"href":"https:\/\/luxesound.ca\/fr\/wp-json\/wp\/v2\/types\/product"}],"replies":[{"embeddable":true,"href":"https:\/\/luxesound.ca\/fr\/wp-json\/wp\/v2\/comments?post=9555"}],"version-history":[{"count":4,"href":"https:\/\/luxesound.ca\/fr\/wp-json\/wp\/v2\/product\/9555\/revisions"}],"predecessor-version":[{"id":12905,"href":"https:\/\/luxesound.ca\/fr\/wp-json\/wp\/v2\/product\/9555\/revisions\/12905"}],"wp:featuredmedia":[{"embeddable":true,"href":"https:\/\/luxesound.ca\/fr\/wp-json\/wp\/v2\/media\/9557"}],"wp:attachment":[{"href":"https:\/\/luxesound.ca\/fr\/wp-json\/wp\/v2\/media?parent=9555"}],"wp:term":[{"taxonomy":"product_brand","embeddable":true,"href":"https:\/\/luxesound.ca\/fr\/wp-json\/wp\/v2\/product_brand?post=9555"},{"taxonomy":"product_cat","embeddable":true,"href":"https:\/\/luxesound.ca\/fr\/wp-json\/wp\/v2\/product_cat?post=9555"},{"taxonomy":"product_tag","embeddable":true,"href":"https:\/\/luxesound.ca\/fr\/wp-json\/wp\/v2\/product_tag?post=9555"}],"curies":[{"name":"wp","href":"https:\/\/api.w.org\/{rel}","templated":true}]}}