{"id":9523,"date":"2024-12-05T13:24:26","date_gmt":"2024-12-05T18:24:26","guid":{"rendered":"https:\/\/luxesound.ca\/?post_type=product&#038;p=9523"},"modified":"2026-04-20T15:12:28","modified_gmt":"2026-04-20T19:12:28","slug":"truthear-crinacle-zero-red-earbuds","status":"publish","type":"product","link":"https:\/\/luxesound.ca\/fr\/product\/truthear-crinacle-zero-red-earbuds\/","title":{"rendered":"TRUTHEAR x Crinacle Zero : \u00e9couteurs ROUGES"},"content":{"rendered":"<p class=\"p1\">B\u00e9n\u00e9ficiez d&#039;une clart\u00e9 sonore exceptionnelle avec les \u00e9couteurs TRUTHEAR x Crinacle Zero: RED. Con\u00e7us en collaboration avec Crinacle, ces \u00e9couteurs offrent un son \u00e9quilibr\u00e9 et immersif avec une r\u00e9ponse des basses am\u00e9lior\u00e9e. Leur design \u00e9l\u00e9gant, leur r\u00e9glage pr\u00e9cis et leurs mat\u00e9riaux haut de gamme en font un choix de choix pour les auditeurs exigeants. Parfaits pour la musique, les podcasts et bien plus encore.<\/p>","protected":false},"excerpt":{"rendered":"<p class=\"p1\">B\u00e9n\u00e9ficiez d&#039;une clart\u00e9 sonore exceptionnelle avec les \u00e9couteurs TRUTHEAR x Crinacle Zero: RED. Con\u00e7us en collaboration avec Crinacle, ces \u00e9couteurs offrent un son \u00e9quilibr\u00e9 et immersif avec une r\u00e9ponse des basses am\u00e9lior\u00e9e. Leur design \u00e9l\u00e9gant, leur r\u00e9glage pr\u00e9cis et leurs mat\u00e9riaux haut de gamme en font un choix de choix pour les auditeurs exigeants. Parfaits pour la musique, les podcasts et bien plus encore.<\/p>","protected":false},"featured_media":9524,"comment_status":"open","ping_status":"closed","template":"","meta":{"_acf_changed":false,"_mo_disable_npp":"","inline_featured_image":false},"product_brand":[817],"product_cat":[892,145,932,818,931],"product_tag":[694],"class_list":{"0":"post-9523","1":"product","2":"type-product","3":"status-publish","4":"has-post-thumbnail","6":"product_brand-truthear","7":"product_cat-chifi","8":"product_cat-earbuds","9":"product_cat-in-ear-monitors","10":"product_cat-truthear","11":"product_cat-wired-earbuds","12":"product_tag-colourful","13":"pa_colour-ruby-red","15":"first","16":"instock","17":"taxable","18":"shipping-taxable","19":"purchasable","20":"product-type-variable","21":"has-default-attributes"},"bundled_by":[],"bundle_stock_status":"instock","bundle_stock_quantity":null,"bundle_virtual":false,"bundle_layout":"","bundle_add_to_cart_form_location":"","bundle_editable_in_cart":false,"bundle_sold_individually_context":"","bundle_item_grouping":"","bundle_min_size":"","bundle_max_size":"","bundle_price":[],"bundled_items":[],"bundle_sell_ids":[],"acf":[],"ct_brands":[{"id":817,"name":"Oreille de v\u00e9rit\u00e9","slug":"truthear"}],"yoast_head":"<!-- This site is optimized with the Yoast SEO plugin v27.2 - https:\/\/yoast.com\/product\/yoast-seo-wordpress\/ -->\n<title>TRUTHEAR x Crinacle Zero: RED Earbuds - Luxe Sound<\/title>\n<meta name=\"description\" content=\"Experience premium sound with TRUTHEAR x Crinacle Zero RED Earbuds, featuring dual dynamic drivers for balanced audio and bold design. Free shipping!\" \/>\n<meta name=\"robots\" content=\"index, follow, max-snippet:-1, max-image-preview:large, max-video-preview:-1\" \/>\n<link rel=\"canonical\" href=\"https:\/\/luxesound.ca\/fr\/product\/truthear-crinacle-zero-red-earbuds\/\" \/>\n<meta property=\"og:locale\" content=\"fr_FR\" \/>\n<meta property=\"og:type\" content=\"article\" \/>\n<meta property=\"og:title\" content=\"TRUTHEAR x Crinacle Zero: RED Earbuds - Luxe Sound\" \/>\n<meta property=\"og:description\" content=\"Experience premium sound with TRUTHEAR x Crinacle Zero RED Earbuds, featuring dual dynamic drivers for balanced audio and bold design. Free shipping!\" \/>\n<meta property=\"og:url\" content=\"https:\/\/luxesound.ca\/fr\/product\/truthear-crinacle-zero-red-earbuds\/\" \/>\n<meta property=\"og:site_name\" content=\"Luxe Sound\" \/>\n<meta property=\"article:publisher\" content=\"https:\/\/www.facebook.com\/luxesound.ca\" \/>\n<meta property=\"article:modified_time\" content=\"2026-04-20T19:12:28+00:00\" \/>\n<meta property=\"og:image\" content=\"https:\/\/luxesound.ca\/wp-content\/uploads\/2024\/12\/TRUTHEAR-x-Crinacle-ZERO-RED-1.webp\" \/>\n\t<meta property=\"og:image:width\" content=\"1200\" \/>\n\t<meta property=\"og:image:height\" content=\"800\" \/>\n\t<meta property=\"og:image:type\" content=\"image\/webp\" \/>\n<meta name=\"twitter:card\" content=\"summary_large_image\" \/>\n<meta name=\"twitter:label1\" content=\"Est. reading time\" \/>\n\t<meta name=\"twitter:data1\" content=\"1 minute\" \/>\n<script type=\"application\/ld+json\" class=\"yoast-schema-graph\">{\"@context\":\"https:\/\/schema.org\",\"@graph\":[{\"@type\":\"WebPage\",\"@id\":\"https:\/\/luxesound.ca\/product\/truthear-crinacle-zero-red-earbuds\/\",\"url\":\"https:\/\/luxesound.ca\/product\/truthear-crinacle-zero-red-earbuds\/\",\"name\":\"TRUTHEAR x Crinacle Zero: RED Earbuds - Luxe Sound\",\"isPartOf\":{\"@id\":\"https:\/\/luxesound.ca\/#website\"},\"primaryImageOfPage\":{\"@id\":\"https:\/\/luxesound.ca\/product\/truthear-crinacle-zero-red-earbuds\/#primaryimage\"},\"image\":{\"@id\":\"https:\/\/luxesound.ca\/product\/truthear-crinacle-zero-red-earbuds\/#primaryimage\"},\"thumbnailUrl\":\"https:\/\/luxesound.ca\/wp-content\/uploads\/2024\/12\/TRUTHEAR-x-Crinacle-ZERO-RED-1.webp\",\"datePublished\":\"2024-12-05T18:24:26+00:00\",\"dateModified\":\"2026-04-20T19:12:28+00:00\",\"description\":\"Experience premium sound with TRUTHEAR x Crinacle Zero RED Earbuds, featuring dual dynamic drivers for balanced audio and bold design. Free shipping!\",\"breadcrumb\":{\"@id\":\"https:\/\/luxesound.ca\/product\/truthear-crinacle-zero-red-earbuds\/#breadcrumb\"},\"inLanguage\":\"fr-qc\",\"potentialAction\":[{\"@type\":\"ReadAction\",\"target\":[\"https:\/\/luxesound.ca\/product\/truthear-crinacle-zero-red-earbuds\/\"]}]},{\"@type\":\"ImageObject\",\"inLanguage\":\"fr-qc\",\"@id\":\"https:\/\/luxesound.ca\/product\/truthear-crinacle-zero-red-earbuds\/#primaryimage\",\"url\":\"https:\/\/luxesound.ca\/wp-content\/uploads\/2024\/12\/TRUTHEAR-x-Crinacle-ZERO-RED-1.webp\",\"contentUrl\":\"https:\/\/luxesound.ca\/wp-content\/uploads\/2024\/12\/TRUTHEAR-x-Crinacle-ZERO-RED-1.webp\",\"width\":1200,\"height\":800,\"caption\":\"TRUTHEAR x Crinacle ZERO- RED product photo on white background\"},{\"@type\":\"BreadcrumbList\",\"@id\":\"https:\/\/luxesound.ca\/product\/truthear-crinacle-zero-red-earbuds\/#breadcrumb\",\"itemListElement\":[{\"@type\":\"ListItem\",\"position\":1,\"name\":\"Home\",\"item\":\"https:\/\/luxesound.ca\/\"},{\"@type\":\"ListItem\",\"position\":2,\"name\":\"Products\",\"item\":\"https:\/\/luxesound.ca\/shop\/\"},{\"@type\":\"ListItem\",\"position\":3,\"name\":\"TRUTHEAR x Crinacle Zero: RED Earbuds\"}]},{\"@type\":\"WebSite\",\"@id\":\"https:\/\/luxesound.ca\/#website\",\"url\":\"https:\/\/luxesound.ca\/\",\"name\":\"Luxe Sound\",\"description\":\"The Finest Headphones &amp; Speakers. Proudly Canadian.\",\"publisher\":{\"@id\":\"https:\/\/luxesound.ca\/#organization\"},\"potentialAction\":[{\"@type\":\"SearchAction\",\"target\":{\"@type\":\"EntryPoint\",\"urlTemplate\":\"https:\/\/luxesound.ca\/?s={search_term_string}\"},\"query-input\":{\"@type\":\"PropertyValueSpecification\",\"valueRequired\":true,\"valueName\":\"search_term_string\"}}],\"inLanguage\":\"fr-qc\"},{\"@type\":\"Organization\",\"@id\":\"https:\/\/luxesound.ca\/#organization\",\"name\":\"Luxe Sound\",\"url\":\"https:\/\/luxesound.ca\/\",\"logo\":{\"@type\":\"ImageObject\",\"inLanguage\":\"fr-qc\",\"@id\":\"https:\/\/luxesound.ca\/#\/schema\/logo\/image\/\",\"url\":\"https:\/\/luxesound.ca\/wp-content\/uploads\/2024\/08\/cropped-Luxe-white-on-green.png\",\"contentUrl\":\"https:\/\/luxesound.ca\/wp-content\/uploads\/2024\/08\/cropped-Luxe-white-on-green.png\",\"width\":512,\"height\":512,\"caption\":\"Luxe Sound\"},\"image\":{\"@id\":\"https:\/\/luxesound.ca\/#\/schema\/logo\/image\/\"},\"sameAs\":[\"https:\/\/www.facebook.com\/luxesound.ca\",\"https:\/\/www.instagram.com\/luxe.sound\/\"]}]}<\/script>\n<!-- \/ Yoast SEO plugin. -->","yoast_head_json":{"title":"TRUTHEAR x Crinacle Zero : \u00c9couteurs RED - Son Luxe","description":"D\u00e9couvrez un son exceptionnel avec les \u00e9couteurs TRUTHEAR x Crinacle Zero RED, dot\u00e9s de deux haut-parleurs dynamiques pour un son \u00e9quilibr\u00e9 et un design audacieux. Livraison gratuite\u00a0!","robots":{"index":"index","follow":"follow","max-snippet":"max-snippet:-1","max-image-preview":"max-image-preview:large","max-video-preview":"max-video-preview:-1"},"canonical":"https:\/\/luxesound.ca\/fr\/product\/truthear-crinacle-zero-red-earbuds\/","og_locale":"fr_FR","og_type":"article","og_title":"TRUTHEAR x Crinacle Zero: RED Earbuds - Luxe Sound","og_description":"Experience premium sound with TRUTHEAR x Crinacle Zero RED Earbuds, featuring dual dynamic drivers for balanced audio and bold design. Free shipping!","og_url":"https:\/\/luxesound.ca\/fr\/product\/truthear-crinacle-zero-red-earbuds\/","og_site_name":"Luxe Sound","article_publisher":"https:\/\/www.facebook.com\/luxesound.ca","article_modified_time":"2026-04-20T19:12:28+00:00","og_image":[{"width":1200,"height":800,"url":"https:\/\/luxesound.ca\/wp-content\/uploads\/2024\/12\/TRUTHEAR-x-Crinacle-ZERO-RED-1.webp","type":"image\/webp"}],"twitter_card":"summary_large_image","twitter_misc":{"Est. reading time":"1 minute"},"schema":{"@context":"https:\/\/schema.org","@graph":[{"@type":"WebPage","@id":"https:\/\/luxesound.ca\/product\/truthear-crinacle-zero-red-earbuds\/","url":"https:\/\/luxesound.ca\/product\/truthear-crinacle-zero-red-earbuds\/","name":"TRUTHEAR x Crinacle Zero : \u00c9couteurs RED - Son Luxe","isPartOf":{"@id":"https:\/\/luxesound.ca\/#website"},"primaryImageOfPage":{"@id":"https:\/\/luxesound.ca\/product\/truthear-crinacle-zero-red-earbuds\/#primaryimage"},"image":{"@id":"https:\/\/luxesound.ca\/product\/truthear-crinacle-zero-red-earbuds\/#primaryimage"},"thumbnailUrl":"https:\/\/luxesound.ca\/wp-content\/uploads\/2024\/12\/TRUTHEAR-x-Crinacle-ZERO-RED-1.webp","datePublished":"2024-12-05T18:24:26+00:00","dateModified":"2026-04-20T19:12:28+00:00","description":"D\u00e9couvrez un son exceptionnel avec les \u00e9couteurs TRUTHEAR x Crinacle Zero RED, dot\u00e9s de deux haut-parleurs dynamiques pour un son \u00e9quilibr\u00e9 et un design audacieux. Livraison gratuite\u00a0!","breadcrumb":{"@id":"https:\/\/luxesound.ca\/product\/truthear-crinacle-zero-red-earbuds\/#breadcrumb"},"inLanguage":"fr-qc","potentialAction":[{"@type":"ReadAction","target":["https:\/\/luxesound.ca\/product\/truthear-crinacle-zero-red-earbuds\/"]}]},{"@type":"ImageObject","inLanguage":"fr-qc","@id":"https:\/\/luxesound.ca\/product\/truthear-crinacle-zero-red-earbuds\/#primaryimage","url":"https:\/\/luxesound.ca\/wp-content\/uploads\/2024\/12\/TRUTHEAR-x-Crinacle-ZERO-RED-1.webp","contentUrl":"https:\/\/luxesound.ca\/wp-content\/uploads\/2024\/12\/TRUTHEAR-x-Crinacle-ZERO-RED-1.webp","width":1200,"height":800,"caption":"TRUTHEAR x Crinacle ZERO- RED product photo on white background"},{"@type":"BreadcrumbList","@id":"https:\/\/luxesound.ca\/product\/truthear-crinacle-zero-red-earbuds\/#breadcrumb","itemListElement":[{"@type":"ListItem","position":1,"name":"Home","item":"https:\/\/luxesound.ca\/"},{"@type":"ListItem","position":2,"name":"Products","item":"https:\/\/luxesound.ca\/shop\/"},{"@type":"ListItem","position":3,"name":"TRUTHEAR x Crinacle Zero: RED Earbuds"}]},{"@type":"WebSite","@id":"https:\/\/luxesound.ca\/#website","url":"https:\/\/luxesound.ca\/","name":"Son luxueux","description":"Les meilleurs \u00e9couteurs et haut-parleurs. Fi\u00e8rement canadiens.","publisher":{"@id":"https:\/\/luxesound.ca\/#organization"},"potentialAction":[{"@type":"SearchAction","target":{"@type":"EntryPoint","urlTemplate":"https:\/\/luxesound.ca\/?s={search_term_string}"},"query-input":{"@type":"PropertyValueSpecification","valueRequired":true,"valueName":"search_term_string"}}],"inLanguage":"fr-qc"},{"@type":"Organization","@id":"https:\/\/luxesound.ca\/#organization","name":"Son luxueux","url":"https:\/\/luxesound.ca\/","logo":{"@type":"ImageObject","inLanguage":"fr-qc","@id":"https:\/\/luxesound.ca\/#\/schema\/logo\/image\/","url":"https:\/\/luxesound.ca\/wp-content\/uploads\/2024\/08\/cropped-Luxe-white-on-green.png","contentUrl":"https:\/\/luxesound.ca\/wp-content\/uploads\/2024\/08\/cropped-Luxe-white-on-green.png","width":512,"height":512,"caption":"Luxe Sound"},"image":{"@id":"https:\/\/luxesound.ca\/#\/schema\/logo\/image\/"},"sameAs":["https:\/\/www.facebook.com\/luxesound.ca","https:\/\/www.instagram.com\/luxe.sound\/"]}]}},"_links":{"self":[{"href":"https:\/\/luxesound.ca\/fr\/wp-json\/wp\/v2\/product\/9523","targetHints":{"allow":["GET"]}}],"collection":[{"href":"https:\/\/luxesound.ca\/fr\/wp-json\/wp\/v2\/product"}],"about":[{"href":"https:\/\/luxesound.ca\/fr\/wp-json\/wp\/v2\/types\/product"}],"replies":[{"embeddable":true,"href":"https:\/\/luxesound.ca\/fr\/wp-json\/wp\/v2\/comments?post=9523"}],"version-history":[{"count":2,"href":"https:\/\/luxesound.ca\/fr\/wp-json\/wp\/v2\/product\/9523\/revisions"}],"predecessor-version":[{"id":11170,"href":"https:\/\/luxesound.ca\/fr\/wp-json\/wp\/v2\/product\/9523\/revisions\/11170"}],"wp:featuredmedia":[{"embeddable":true,"href":"https:\/\/luxesound.ca\/fr\/wp-json\/wp\/v2\/media\/9524"}],"wp:attachment":[{"href":"https:\/\/luxesound.ca\/fr\/wp-json\/wp\/v2\/media?parent=9523"}],"wp:term":[{"taxonomy":"product_brand","embeddable":true,"href":"https:\/\/luxesound.ca\/fr\/wp-json\/wp\/v2\/product_brand?post=9523"},{"taxonomy":"product_cat","embeddable":true,"href":"https:\/\/luxesound.ca\/fr\/wp-json\/wp\/v2\/product_cat?post=9523"},{"taxonomy":"product_tag","embeddable":true,"href":"https:\/\/luxesound.ca\/fr\/wp-json\/wp\/v2\/product_tag?post=9523"}],"curies":[{"name":"wp","href":"https:\/\/api.w.org\/{rel}","templated":true}]}}