{"id":9306,"date":"2024-11-18T14:26:42","date_gmt":"2024-11-18T19:26:42","guid":{"rendered":"https:\/\/luxesound.ca\/?post_type=product&#038;p=9306"},"modified":"2026-04-20T15:12:17","modified_gmt":"2026-04-20T19:12:17","slug":"sonos-arc-ultra-wall-mount","status":"publish","type":"product","link":"https:\/\/luxesound.ca\/fr\/product\/sonos-arc-ultra-wall-mount\/","title":{"rendered":"Support mural pour Sonos Arc Ultra"},"content":{"rendered":"<p class=\"p1\">Montez votre Arc Ultra sans effort avec ce support mural presque invisible. Con\u00e7u pour une installation \u00e9l\u00e9gante et proche du mur, il s&#039;int\u00e8gre parfaitement dans votre espace. Arc Ultra ajuste m\u00eame automatiquement son \u00e9galiseur pour optimiser le son et r\u00e9duire la r\u00e9sonance des basses pour des performances audio parfaites.<\/p>","protected":false},"excerpt":{"rendered":"<p class=\"p1\">Montez votre Arc Ultra sans effort avec ce support mural presque invisible. Con\u00e7u pour une installation \u00e9l\u00e9gante et proche du mur, il s&#039;int\u00e8gre parfaitement dans votre espace. Arc Ultra ajuste m\u00eame automatiquement son \u00e9galiseur pour optimiser le son et r\u00e9duire la r\u00e9sonance des basses pour des performances audio parfaites.<\/p>","protected":false},"featured_media":9310,"comment_status":"open","ping_status":"closed","template":"","meta":{"_acf_changed":false,"_mo_disable_npp":"","inline_featured_image":false},"product_brand":[750],"product_cat":[26,773],"product_tag":[],"class_list":{"0":"post-9306","1":"product","2":"type-product","3":"status-publish","4":"has-post-thumbnail","6":"product_brand-sonos","7":"product_cat-sonos","8":"product_cat-stands-mounts","9":"pa_colour-black","11":"first","12":"instock","13":"taxable","14":"shipping-taxable","15":"purchasable","16":"product-type-variable","17":"has-default-attributes"},"bundled_by":[],"bundle_stock_status":"instock","bundle_stock_quantity":5,"bundle_virtual":false,"bundle_layout":"","bundle_add_to_cart_form_location":"","bundle_editable_in_cart":false,"bundle_sold_individually_context":"","bundle_item_grouping":"","bundle_min_size":"","bundle_max_size":"","bundle_price":[],"bundled_items":[],"bundle_sell_ids":[],"acf":[],"ct_brands":[{"id":750,"name":"Sonos","slug":"sonos"}],"yoast_head":"<!-- This site is optimized with the Yoast SEO plugin v27.2 - https:\/\/yoast.com\/product\/yoast-seo-wordpress\/ -->\n<title>Sonos Arc Ultra Wall Mount - Luxe Sound<\/title>\n<meta name=\"description\" content=\"Near-invisible wall mount for Sonos Arc Ultra. Featuring a seamless look, with auto EQ adjustment for optimized sound. Free Shipping!\" \/>\n<meta name=\"robots\" content=\"index, follow, max-snippet:-1, max-image-preview:large, max-video-preview:-1\" \/>\n<link rel=\"canonical\" href=\"https:\/\/luxesound.ca\/fr\/product\/sonos-arc-ultra-wall-mount\/\" \/>\n<meta property=\"og:locale\" content=\"fr_FR\" \/>\n<meta property=\"og:type\" content=\"article\" \/>\n<meta property=\"og:title\" content=\"Sonos Arc Ultra Wall Mount - Luxe Sound\" \/>\n<meta property=\"og:description\" content=\"Near-invisible wall mount for Sonos Arc Ultra. Featuring a seamless look, with auto EQ adjustment for optimized sound. Free Shipping!\" \/>\n<meta property=\"og:url\" content=\"https:\/\/luxesound.ca\/fr\/product\/sonos-arc-ultra-wall-mount\/\" \/>\n<meta property=\"og:site_name\" content=\"Luxe Sound\" \/>\n<meta property=\"article:publisher\" content=\"https:\/\/www.facebook.com\/luxesound.ca\" \/>\n<meta property=\"article:modified_time\" content=\"2026-04-20T19:12:17+00:00\" \/>\n<meta property=\"og:image\" content=\"https:\/\/luxesound.ca\/wp-content\/uploads\/2024\/11\/Sonos-Arc-Ultra-Wall-Mount-1.webp\" \/>\n\t<meta property=\"og:image:width\" content=\"1200\" \/>\n\t<meta property=\"og:image:height\" content=\"800\" \/>\n\t<meta property=\"og:image:type\" content=\"image\/webp\" \/>\n<meta name=\"twitter:card\" content=\"summary_large_image\" \/>\n<meta name=\"twitter:label1\" content=\"Est. reading time\" \/>\n\t<meta name=\"twitter:data1\" content=\"1 minute\" \/>\n<script type=\"application\/ld+json\" class=\"yoast-schema-graph\">{\"@context\":\"https:\/\/schema.org\",\"@graph\":[{\"@type\":\"WebPage\",\"@id\":\"https:\/\/luxesound.ca\/product\/sonos-arc-ultra-wall-mount\/\",\"url\":\"https:\/\/luxesound.ca\/product\/sonos-arc-ultra-wall-mount\/\",\"name\":\"Sonos Arc Ultra Wall Mount - Luxe Sound\",\"isPartOf\":{\"@id\":\"https:\/\/luxesound.ca\/#website\"},\"primaryImageOfPage\":{\"@id\":\"https:\/\/luxesound.ca\/product\/sonos-arc-ultra-wall-mount\/#primaryimage\"},\"image\":{\"@id\":\"https:\/\/luxesound.ca\/product\/sonos-arc-ultra-wall-mount\/#primaryimage\"},\"thumbnailUrl\":\"https:\/\/luxesound.ca\/wp-content\/uploads\/2024\/11\/Sonos-Arc-Ultra-Wall-Mount-1.webp\",\"datePublished\":\"2024-11-18T19:26:42+00:00\",\"dateModified\":\"2026-04-20T19:12:17+00:00\",\"description\":\"Near-invisible wall mount for Sonos Arc Ultra. Featuring a seamless look, with auto EQ adjustment for optimized sound. Free Shipping!\",\"breadcrumb\":{\"@id\":\"https:\/\/luxesound.ca\/product\/sonos-arc-ultra-wall-mount\/#breadcrumb\"},\"inLanguage\":\"fr-qc\",\"potentialAction\":[{\"@type\":\"ReadAction\",\"target\":[\"https:\/\/luxesound.ca\/product\/sonos-arc-ultra-wall-mount\/\"]}]},{\"@type\":\"ImageObject\",\"inLanguage\":\"fr-qc\",\"@id\":\"https:\/\/luxesound.ca\/product\/sonos-arc-ultra-wall-mount\/#primaryimage\",\"url\":\"https:\/\/luxesound.ca\/wp-content\/uploads\/2024\/11\/Sonos-Arc-Ultra-Wall-Mount-1.webp\",\"contentUrl\":\"https:\/\/luxesound.ca\/wp-content\/uploads\/2024\/11\/Sonos-Arc-Ultra-Wall-Mount-1.webp\",\"width\":1200,\"height\":800,\"caption\":\"Sonos Arc Ultra Wall Mount in black\"},{\"@type\":\"BreadcrumbList\",\"@id\":\"https:\/\/luxesound.ca\/product\/sonos-arc-ultra-wall-mount\/#breadcrumb\",\"itemListElement\":[{\"@type\":\"ListItem\",\"position\":1,\"name\":\"Home\",\"item\":\"https:\/\/luxesound.ca\/\"},{\"@type\":\"ListItem\",\"position\":2,\"name\":\"Products\",\"item\":\"https:\/\/luxesound.ca\/shop\/\"},{\"@type\":\"ListItem\",\"position\":3,\"name\":\"Sonos Arc Ultra Wall Mount\"}]},{\"@type\":\"WebSite\",\"@id\":\"https:\/\/luxesound.ca\/#website\",\"url\":\"https:\/\/luxesound.ca\/\",\"name\":\"Luxe Sound\",\"description\":\"The Finest Headphones &amp; Speakers. Proudly Canadian.\",\"publisher\":{\"@id\":\"https:\/\/luxesound.ca\/#organization\"},\"potentialAction\":[{\"@type\":\"SearchAction\",\"target\":{\"@type\":\"EntryPoint\",\"urlTemplate\":\"https:\/\/luxesound.ca\/?s={search_term_string}\"},\"query-input\":{\"@type\":\"PropertyValueSpecification\",\"valueRequired\":true,\"valueName\":\"search_term_string\"}}],\"inLanguage\":\"fr-qc\"},{\"@type\":\"Organization\",\"@id\":\"https:\/\/luxesound.ca\/#organization\",\"name\":\"Luxe Sound\",\"url\":\"https:\/\/luxesound.ca\/\",\"logo\":{\"@type\":\"ImageObject\",\"inLanguage\":\"fr-qc\",\"@id\":\"https:\/\/luxesound.ca\/#\/schema\/logo\/image\/\",\"url\":\"https:\/\/luxesound.ca\/wp-content\/uploads\/2024\/08\/cropped-Luxe-white-on-green.png\",\"contentUrl\":\"https:\/\/luxesound.ca\/wp-content\/uploads\/2024\/08\/cropped-Luxe-white-on-green.png\",\"width\":512,\"height\":512,\"caption\":\"Luxe Sound\"},\"image\":{\"@id\":\"https:\/\/luxesound.ca\/#\/schema\/logo\/image\/\"},\"sameAs\":[\"https:\/\/www.facebook.com\/luxesound.ca\",\"https:\/\/www.instagram.com\/luxe.sound\/\"]}]}<\/script>\n<!-- \/ Yoast SEO plugin. -->","yoast_head_json":{"title":"Sonos Arc Ultra Wall Mount - Luxe Sound","description":"Near-invisible wall mount for Sonos Arc Ultra. Featuring a seamless look, with auto EQ adjustment for optimized sound. Free Shipping!","robots":{"index":"index","follow":"follow","max-snippet":"max-snippet:-1","max-image-preview":"max-image-preview:large","max-video-preview":"max-video-preview:-1"},"canonical":"https:\/\/luxesound.ca\/fr\/product\/sonos-arc-ultra-wall-mount\/","og_locale":"fr_FR","og_type":"article","og_title":"Sonos Arc Ultra Wall Mount - Luxe Sound","og_description":"Near-invisible wall mount for Sonos Arc Ultra. Featuring a seamless look, with auto EQ adjustment for optimized sound. Free Shipping!","og_url":"https:\/\/luxesound.ca\/fr\/product\/sonos-arc-ultra-wall-mount\/","og_site_name":"Luxe Sound","article_publisher":"https:\/\/www.facebook.com\/luxesound.ca","article_modified_time":"2026-04-20T19:12:17+00:00","og_image":[{"width":1200,"height":800,"url":"https:\/\/luxesound.ca\/wp-content\/uploads\/2024\/11\/Sonos-Arc-Ultra-Wall-Mount-1.webp","type":"image\/webp"}],"twitter_card":"summary_large_image","twitter_misc":{"Est. reading time":"1 minute"},"schema":{"@context":"https:\/\/schema.org","@graph":[{"@type":"WebPage","@id":"https:\/\/luxesound.ca\/product\/sonos-arc-ultra-wall-mount\/","url":"https:\/\/luxesound.ca\/product\/sonos-arc-ultra-wall-mount\/","name":"Sonos Arc Ultra Wall Mount - Luxe Sound","isPartOf":{"@id":"https:\/\/luxesound.ca\/#website"},"primaryImageOfPage":{"@id":"https:\/\/luxesound.ca\/product\/sonos-arc-ultra-wall-mount\/#primaryimage"},"image":{"@id":"https:\/\/luxesound.ca\/product\/sonos-arc-ultra-wall-mount\/#primaryimage"},"thumbnailUrl":"https:\/\/luxesound.ca\/wp-content\/uploads\/2024\/11\/Sonos-Arc-Ultra-Wall-Mount-1.webp","datePublished":"2024-11-18T19:26:42+00:00","dateModified":"2026-04-20T19:12:17+00:00","description":"Near-invisible wall mount for Sonos Arc Ultra. Featuring a seamless look, with auto EQ adjustment for optimized sound. Free Shipping!","breadcrumb":{"@id":"https:\/\/luxesound.ca\/product\/sonos-arc-ultra-wall-mount\/#breadcrumb"},"inLanguage":"fr-qc","potentialAction":[{"@type":"ReadAction","target":["https:\/\/luxesound.ca\/product\/sonos-arc-ultra-wall-mount\/"]}]},{"@type":"ImageObject","inLanguage":"fr-qc","@id":"https:\/\/luxesound.ca\/product\/sonos-arc-ultra-wall-mount\/#primaryimage","url":"https:\/\/luxesound.ca\/wp-content\/uploads\/2024\/11\/Sonos-Arc-Ultra-Wall-Mount-1.webp","contentUrl":"https:\/\/luxesound.ca\/wp-content\/uploads\/2024\/11\/Sonos-Arc-Ultra-Wall-Mount-1.webp","width":1200,"height":800,"caption":"Sonos Arc Ultra Wall Mount in black"},{"@type":"BreadcrumbList","@id":"https:\/\/luxesound.ca\/product\/sonos-arc-ultra-wall-mount\/#breadcrumb","itemListElement":[{"@type":"ListItem","position":1,"name":"Home","item":"https:\/\/luxesound.ca\/"},{"@type":"ListItem","position":2,"name":"Products","item":"https:\/\/luxesound.ca\/shop\/"},{"@type":"ListItem","position":3,"name":"Sonos Arc Ultra Wall Mount"}]},{"@type":"WebSite","@id":"https:\/\/luxesound.ca\/#website","url":"https:\/\/luxesound.ca\/","name":"Son luxueux","description":"Les meilleurs \u00e9couteurs et haut-parleurs. Fi\u00e8rement canadiens.","publisher":{"@id":"https:\/\/luxesound.ca\/#organization"},"potentialAction":[{"@type":"SearchAction","target":{"@type":"EntryPoint","urlTemplate":"https:\/\/luxesound.ca\/?s={search_term_string}"},"query-input":{"@type":"PropertyValueSpecification","valueRequired":true,"valueName":"search_term_string"}}],"inLanguage":"fr-qc"},{"@type":"Organization","@id":"https:\/\/luxesound.ca\/#organization","name":"Son luxueux","url":"https:\/\/luxesound.ca\/","logo":{"@type":"ImageObject","inLanguage":"fr-qc","@id":"https:\/\/luxesound.ca\/#\/schema\/logo\/image\/","url":"https:\/\/luxesound.ca\/wp-content\/uploads\/2024\/08\/cropped-Luxe-white-on-green.png","contentUrl":"https:\/\/luxesound.ca\/wp-content\/uploads\/2024\/08\/cropped-Luxe-white-on-green.png","width":512,"height":512,"caption":"Luxe Sound"},"image":{"@id":"https:\/\/luxesound.ca\/#\/schema\/logo\/image\/"},"sameAs":["https:\/\/www.facebook.com\/luxesound.ca","https:\/\/www.instagram.com\/luxe.sound\/"]}]}},"_links":{"self":[{"href":"https:\/\/luxesound.ca\/fr\/wp-json\/wp\/v2\/product\/9306","targetHints":{"allow":["GET"]}}],"collection":[{"href":"https:\/\/luxesound.ca\/fr\/wp-json\/wp\/v2\/product"}],"about":[{"href":"https:\/\/luxesound.ca\/fr\/wp-json\/wp\/v2\/types\/product"}],"replies":[{"embeddable":true,"href":"https:\/\/luxesound.ca\/fr\/wp-json\/wp\/v2\/comments?post=9306"}],"version-history":[{"count":1,"href":"https:\/\/luxesound.ca\/fr\/wp-json\/wp\/v2\/product\/9306\/revisions"}],"predecessor-version":[{"id":9312,"href":"https:\/\/luxesound.ca\/fr\/wp-json\/wp\/v2\/product\/9306\/revisions\/9312"}],"wp:featuredmedia":[{"embeddable":true,"href":"https:\/\/luxesound.ca\/fr\/wp-json\/wp\/v2\/media\/9310"}],"wp:attachment":[{"href":"https:\/\/luxesound.ca\/fr\/wp-json\/wp\/v2\/media?parent=9306"}],"wp:term":[{"taxonomy":"product_brand","embeddable":true,"href":"https:\/\/luxesound.ca\/fr\/wp-json\/wp\/v2\/product_brand?post=9306"},{"taxonomy":"product_cat","embeddable":true,"href":"https:\/\/luxesound.ca\/fr\/wp-json\/wp\/v2\/product_cat?post=9306"},{"taxonomy":"product_tag","embeddable":true,"href":"https:\/\/luxesound.ca\/fr\/wp-json\/wp\/v2\/product_tag?post=9306"}],"curies":[{"name":"wp","href":"https:\/\/api.w.org\/{rel}","templated":true}]}}