{"id":9013,"date":"2024-11-01T14:18:51","date_gmt":"2024-11-01T18:18:51","guid":{"rendered":"https:\/\/luxesound.ca\/?post_type=product&#038;p=9013"},"modified":"2026-04-20T15:12:17","modified_gmt":"2026-04-20T19:12:17","slug":"monolith-m1060-open-back-planar-magnetic-headphones","status":"publish","type":"product","link":"https:\/\/luxesound.ca\/fr\/product\/monolith-m1060-open-back-planar-magnetic-headphones\/","title":{"rendered":"Casque magn\u00e9tique planaire ouvert Monolith M1060"},"content":{"rendered":"<p>Le casque planaire Monolith M1060 est le moyen id\u00e9al de d\u00e9couvrir votre collection de musique. Dot\u00e9 d&#039;une technologie de pilote planaire de 106 mm qui produit un paysage auditif d\u00e9taill\u00e9 et r\u00e9sout tous les d\u00e9tails sonores des meilleurs enregistrements. Une imagerie spectaculaire, une faible distorsion et un son parfaitement \u00e9quilibr\u00e9 font du Monolith M1060 une v\u00e9ritable exp\u00e9rience d&#039;\u00e9coute pour les passionn\u00e9s d&#039;audio.<\/p>","protected":false},"excerpt":{"rendered":"<p>Le casque planaire Monolith M1060 est le moyen id\u00e9al de d\u00e9couvrir votre collection de musique. Dot\u00e9 d&#039;une technologie de pilote planaire de 106 mm qui produit un paysage auditif d\u00e9taill\u00e9 et r\u00e9sout tous les d\u00e9tails sonores des meilleurs enregistrements. Une imagerie spectaculaire, une faible distorsion et un son parfaitement \u00e9quilibr\u00e9 font du Monolith M1060 une v\u00e9ritable exp\u00e9rience d&#039;\u00e9coute pour les passionn\u00e9s d&#039;audio.<\/p>","protected":false},"featured_media":9018,"comment_status":"open","ping_status":"closed","template":"","meta":{"_acf_changed":false,"_mo_disable_npp":"","inline_featured_image":false},"product_brand":[815],"product_cat":[139,816,924,934],"product_tag":[],"class_list":{"0":"post-9013","1":"product","2":"type-product","3":"status-publish","4":"has-post-thumbnail","6":"product_brand-monolith","7":"product_cat-headphones","8":"product_cat-monolith","9":"product_cat-over-ear-headphones","10":"product_cat-wired-headphones","11":"pa_colour-black","13":"first","14":"instock","15":"sale","16":"taxable","17":"shipping-taxable","18":"purchasable","19":"product-type-variable","20":"has-default-attributes"},"bundled_by":[],"bundle_stock_status":"instock","bundle_stock_quantity":null,"bundle_virtual":false,"bundle_layout":"","bundle_add_to_cart_form_location":"","bundle_editable_in_cart":false,"bundle_sold_individually_context":"","bundle_item_grouping":"","bundle_min_size":"","bundle_max_size":"","bundle_price":[],"bundled_items":[],"bundle_sell_ids":[],"acf":[],"ct_brands":[{"id":815,"name":"Monolithe","slug":"monolith"}],"yoast_head":"<!-- This site is optimized with the Yoast SEO plugin v27.2 - https:\/\/yoast.com\/product\/yoast-seo-wordpress\/ -->\n<title>Monolith M1060 Open Back Planar Magnetic Headphones - Luxe Sound<\/title>\n<meta name=\"description\" content=\"Monolith M1060 Planar Magnetic Headphones deliver immersive, detailed sound with deep bass and clarity. Experience premium audio. Free Shipping!\" \/>\n<meta name=\"robots\" content=\"index, follow, max-snippet:-1, max-image-preview:large, max-video-preview:-1\" \/>\n<link rel=\"canonical\" href=\"https:\/\/luxesound.ca\/fr\/product\/monolith-m1060-open-back-planar-magnetic-headphones\/\" \/>\n<meta property=\"og:locale\" content=\"fr_FR\" \/>\n<meta property=\"og:type\" content=\"article\" \/>\n<meta property=\"og:title\" content=\"Monolith M1060 Open Back Planar Magnetic Headphones - Luxe Sound\" \/>\n<meta property=\"og:description\" content=\"Monolith M1060 Planar Magnetic Headphones deliver immersive, detailed sound with deep bass and clarity. Experience premium audio. Free Shipping!\" \/>\n<meta property=\"og:url\" content=\"https:\/\/luxesound.ca\/fr\/product\/monolith-m1060-open-back-planar-magnetic-headphones\/\" \/>\n<meta property=\"og:site_name\" content=\"Luxe Sound\" \/>\n<meta property=\"article:publisher\" content=\"https:\/\/www.facebook.com\/luxesound.ca\" \/>\n<meta property=\"article:modified_time\" content=\"2026-04-20T19:12:17+00:00\" \/>\n<meta property=\"og:image\" content=\"https:\/\/luxesound.ca\/wp-content\/uploads\/2024\/11\/Monolith-by-Monoprice-M1060-Over-Ear2.webp\" \/>\n\t<meta property=\"og:image:width\" content=\"1200\" \/>\n\t<meta property=\"og:image:height\" content=\"800\" \/>\n\t<meta property=\"og:image:type\" content=\"image\/webp\" \/>\n<meta name=\"twitter:card\" content=\"summary_large_image\" \/>\n<meta name=\"twitter:label1\" content=\"Est. reading time\" \/>\n\t<meta name=\"twitter:data1\" content=\"1 minute\" \/>\n<script type=\"application\/ld+json\" class=\"yoast-schema-graph\">{\"@context\":\"https:\/\/schema.org\",\"@graph\":[{\"@type\":\"WebPage\",\"@id\":\"https:\/\/luxesound.ca\/product\/monolith-m1060-open-back-planar-magnetic-headphones\/\",\"url\":\"https:\/\/luxesound.ca\/product\/monolith-m1060-open-back-planar-magnetic-headphones\/\",\"name\":\"Monolith M1060 Open Back Planar Magnetic Headphones - Luxe Sound\",\"isPartOf\":{\"@id\":\"https:\/\/luxesound.ca\/#website\"},\"primaryImageOfPage\":{\"@id\":\"https:\/\/luxesound.ca\/product\/monolith-m1060-open-back-planar-magnetic-headphones\/#primaryimage\"},\"image\":{\"@id\":\"https:\/\/luxesound.ca\/product\/monolith-m1060-open-back-planar-magnetic-headphones\/#primaryimage\"},\"thumbnailUrl\":\"https:\/\/luxesound.ca\/wp-content\/uploads\/2024\/11\/Monolith-by-Monoprice-M1060-Over-Ear2.webp\",\"datePublished\":\"2024-11-01T18:18:51+00:00\",\"dateModified\":\"2026-04-20T19:12:17+00:00\",\"description\":\"Monolith M1060 Planar Magnetic Headphones deliver immersive, detailed sound with deep bass and clarity. Experience premium audio. Free Shipping!\",\"breadcrumb\":{\"@id\":\"https:\/\/luxesound.ca\/product\/monolith-m1060-open-back-planar-magnetic-headphones\/#breadcrumb\"},\"inLanguage\":\"fr-qc\",\"potentialAction\":[{\"@type\":\"ReadAction\",\"target\":[\"https:\/\/luxesound.ca\/product\/monolith-m1060-open-back-planar-magnetic-headphones\/\"]}]},{\"@type\":\"ImageObject\",\"inLanguage\":\"fr-qc\",\"@id\":\"https:\/\/luxesound.ca\/product\/monolith-m1060-open-back-planar-magnetic-headphones\/#primaryimage\",\"url\":\"https:\/\/luxesound.ca\/wp-content\/uploads\/2024\/11\/Monolith-by-Monoprice-M1060-Over-Ear2.webp\",\"contentUrl\":\"https:\/\/luxesound.ca\/wp-content\/uploads\/2024\/11\/Monolith-by-Monoprice-M1060-Over-Ear2.webp\",\"width\":1200,\"height\":800,\"caption\":\"Monolith by Monoprice M1060 Over Ear headphones product photo on white background\"},{\"@type\":\"BreadcrumbList\",\"@id\":\"https:\/\/luxesound.ca\/product\/monolith-m1060-open-back-planar-magnetic-headphones\/#breadcrumb\",\"itemListElement\":[{\"@type\":\"ListItem\",\"position\":1,\"name\":\"Home\",\"item\":\"https:\/\/luxesound.ca\/\"},{\"@type\":\"ListItem\",\"position\":2,\"name\":\"Products\",\"item\":\"https:\/\/luxesound.ca\/shop\/\"},{\"@type\":\"ListItem\",\"position\":3,\"name\":\"Monolith M1060 Open Back Planar Magnetic Headphones\"}]},{\"@type\":\"WebSite\",\"@id\":\"https:\/\/luxesound.ca\/#website\",\"url\":\"https:\/\/luxesound.ca\/\",\"name\":\"Luxe Sound\",\"description\":\"The Finest Headphones &amp; Speakers. Proudly Canadian.\",\"publisher\":{\"@id\":\"https:\/\/luxesound.ca\/#organization\"},\"potentialAction\":[{\"@type\":\"SearchAction\",\"target\":{\"@type\":\"EntryPoint\",\"urlTemplate\":\"https:\/\/luxesound.ca\/?s={search_term_string}\"},\"query-input\":{\"@type\":\"PropertyValueSpecification\",\"valueRequired\":true,\"valueName\":\"search_term_string\"}}],\"inLanguage\":\"fr-qc\"},{\"@type\":\"Organization\",\"@id\":\"https:\/\/luxesound.ca\/#organization\",\"name\":\"Luxe Sound\",\"url\":\"https:\/\/luxesound.ca\/\",\"logo\":{\"@type\":\"ImageObject\",\"inLanguage\":\"fr-qc\",\"@id\":\"https:\/\/luxesound.ca\/#\/schema\/logo\/image\/\",\"url\":\"https:\/\/luxesound.ca\/wp-content\/uploads\/2024\/08\/cropped-Luxe-white-on-green.png\",\"contentUrl\":\"https:\/\/luxesound.ca\/wp-content\/uploads\/2024\/08\/cropped-Luxe-white-on-green.png\",\"width\":512,\"height\":512,\"caption\":\"Luxe Sound\"},\"image\":{\"@id\":\"https:\/\/luxesound.ca\/#\/schema\/logo\/image\/\"},\"sameAs\":[\"https:\/\/www.facebook.com\/luxesound.ca\",\"https:\/\/www.instagram.com\/luxe.sound\/\"]}]}<\/script>\n<!-- \/ Yoast SEO plugin. -->","yoast_head_json":{"title":"Casque audio magn\u00e9tique planaire ouvert Monolith M1060 - Luxe Sound","description":"Le casque magn\u00e9tique planaire Monolith M1060 offre un son immersif et d\u00e9taill\u00e9, avec des basses profondes et une clart\u00e9 exceptionnelle. Vivez une exp\u00e9rience audio de qualit\u00e9 sup\u00e9rieure. Livraison gratuite\u00a0!","robots":{"index":"index","follow":"follow","max-snippet":"max-snippet:-1","max-image-preview":"max-image-preview:large","max-video-preview":"max-video-preview:-1"},"canonical":"https:\/\/luxesound.ca\/fr\/product\/monolith-m1060-open-back-planar-magnetic-headphones\/","og_locale":"fr_FR","og_type":"article","og_title":"Monolith M1060 Open Back Planar Magnetic Headphones - Luxe Sound","og_description":"Monolith M1060 Planar Magnetic Headphones deliver immersive, detailed sound with deep bass and clarity. Experience premium audio. Free Shipping!","og_url":"https:\/\/luxesound.ca\/fr\/product\/monolith-m1060-open-back-planar-magnetic-headphones\/","og_site_name":"Luxe Sound","article_publisher":"https:\/\/www.facebook.com\/luxesound.ca","article_modified_time":"2026-04-20T19:12:17+00:00","og_image":[{"width":1200,"height":800,"url":"https:\/\/luxesound.ca\/wp-content\/uploads\/2024\/11\/Monolith-by-Monoprice-M1060-Over-Ear2.webp","type":"image\/webp"}],"twitter_card":"summary_large_image","twitter_misc":{"Est. reading time":"1 minute"},"schema":{"@context":"https:\/\/schema.org","@graph":[{"@type":"WebPage","@id":"https:\/\/luxesound.ca\/product\/monolith-m1060-open-back-planar-magnetic-headphones\/","url":"https:\/\/luxesound.ca\/product\/monolith-m1060-open-back-planar-magnetic-headphones\/","name":"Casque audio magn\u00e9tique planaire ouvert Monolith M1060 - Luxe Sound","isPartOf":{"@id":"https:\/\/luxesound.ca\/#website"},"primaryImageOfPage":{"@id":"https:\/\/luxesound.ca\/product\/monolith-m1060-open-back-planar-magnetic-headphones\/#primaryimage"},"image":{"@id":"https:\/\/luxesound.ca\/product\/monolith-m1060-open-back-planar-magnetic-headphones\/#primaryimage"},"thumbnailUrl":"https:\/\/luxesound.ca\/wp-content\/uploads\/2024\/11\/Monolith-by-Monoprice-M1060-Over-Ear2.webp","datePublished":"2024-11-01T18:18:51+00:00","dateModified":"2026-04-20T19:12:17+00:00","description":"Le casque magn\u00e9tique planaire Monolith M1060 offre un son immersif et d\u00e9taill\u00e9, avec des basses profondes et une clart\u00e9 exceptionnelle. Vivez une exp\u00e9rience audio de qualit\u00e9 sup\u00e9rieure. Livraison gratuite\u00a0!","breadcrumb":{"@id":"https:\/\/luxesound.ca\/product\/monolith-m1060-open-back-planar-magnetic-headphones\/#breadcrumb"},"inLanguage":"fr-qc","potentialAction":[{"@type":"ReadAction","target":["https:\/\/luxesound.ca\/product\/monolith-m1060-open-back-planar-magnetic-headphones\/"]}]},{"@type":"ImageObject","inLanguage":"fr-qc","@id":"https:\/\/luxesound.ca\/product\/monolith-m1060-open-back-planar-magnetic-headphones\/#primaryimage","url":"https:\/\/luxesound.ca\/wp-content\/uploads\/2024\/11\/Monolith-by-Monoprice-M1060-Over-Ear2.webp","contentUrl":"https:\/\/luxesound.ca\/wp-content\/uploads\/2024\/11\/Monolith-by-Monoprice-M1060-Over-Ear2.webp","width":1200,"height":800,"caption":"Monolith by Monoprice M1060 Over Ear headphones product photo on white background"},{"@type":"BreadcrumbList","@id":"https:\/\/luxesound.ca\/product\/monolith-m1060-open-back-planar-magnetic-headphones\/#breadcrumb","itemListElement":[{"@type":"ListItem","position":1,"name":"Home","item":"https:\/\/luxesound.ca\/"},{"@type":"ListItem","position":2,"name":"Products","item":"https:\/\/luxesound.ca\/shop\/"},{"@type":"ListItem","position":3,"name":"Monolith M1060 Open Back Planar Magnetic Headphones"}]},{"@type":"WebSite","@id":"https:\/\/luxesound.ca\/#website","url":"https:\/\/luxesound.ca\/","name":"Son luxueux","description":"Les meilleurs \u00e9couteurs et haut-parleurs. Fi\u00e8rement canadiens.","publisher":{"@id":"https:\/\/luxesound.ca\/#organization"},"potentialAction":[{"@type":"SearchAction","target":{"@type":"EntryPoint","urlTemplate":"https:\/\/luxesound.ca\/?s={search_term_string}"},"query-input":{"@type":"PropertyValueSpecification","valueRequired":true,"valueName":"search_term_string"}}],"inLanguage":"fr-qc"},{"@type":"Organization","@id":"https:\/\/luxesound.ca\/#organization","name":"Son luxueux","url":"https:\/\/luxesound.ca\/","logo":{"@type":"ImageObject","inLanguage":"fr-qc","@id":"https:\/\/luxesound.ca\/#\/schema\/logo\/image\/","url":"https:\/\/luxesound.ca\/wp-content\/uploads\/2024\/08\/cropped-Luxe-white-on-green.png","contentUrl":"https:\/\/luxesound.ca\/wp-content\/uploads\/2024\/08\/cropped-Luxe-white-on-green.png","width":512,"height":512,"caption":"Luxe Sound"},"image":{"@id":"https:\/\/luxesound.ca\/#\/schema\/logo\/image\/"},"sameAs":["https:\/\/www.facebook.com\/luxesound.ca","https:\/\/www.instagram.com\/luxe.sound\/"]}]}},"_links":{"self":[{"href":"https:\/\/luxesound.ca\/fr\/wp-json\/wp\/v2\/product\/9013","targetHints":{"allow":["GET"]}}],"collection":[{"href":"https:\/\/luxesound.ca\/fr\/wp-json\/wp\/v2\/product"}],"about":[{"href":"https:\/\/luxesound.ca\/fr\/wp-json\/wp\/v2\/types\/product"}],"replies":[{"embeddable":true,"href":"https:\/\/luxesound.ca\/fr\/wp-json\/wp\/v2\/comments?post=9013"}],"version-history":[{"count":1,"href":"https:\/\/luxesound.ca\/fr\/wp-json\/wp\/v2\/product\/9013\/revisions"}],"predecessor-version":[{"id":9020,"href":"https:\/\/luxesound.ca\/fr\/wp-json\/wp\/v2\/product\/9013\/revisions\/9020"}],"wp:featuredmedia":[{"embeddable":true,"href":"https:\/\/luxesound.ca\/fr\/wp-json\/wp\/v2\/media\/9018"}],"wp:attachment":[{"href":"https:\/\/luxesound.ca\/fr\/wp-json\/wp\/v2\/media?parent=9013"}],"wp:term":[{"taxonomy":"product_brand","embeddable":true,"href":"https:\/\/luxesound.ca\/fr\/wp-json\/wp\/v2\/product_brand?post=9013"},{"taxonomy":"product_cat","embeddable":true,"href":"https:\/\/luxesound.ca\/fr\/wp-json\/wp\/v2\/product_cat?post=9013"},{"taxonomy":"product_tag","embeddable":true,"href":"https:\/\/luxesound.ca\/fr\/wp-json\/wp\/v2\/product_tag?post=9013"}],"curies":[{"name":"wp","href":"https:\/\/api.w.org\/{rel}","templated":true}]}}