{"id":8784,"date":"2024-10-23T11:21:15","date_gmt":"2024-10-23T15:21:15","guid":{"rendered":"https:\/\/luxesound.ca\/?post_type=product&#038;p=8784"},"modified":"2026-04-30T15:42:31","modified_gmt":"2026-04-30T19:42:31","slug":"sonos-sub-4-wireless-subwoofer","status":"publish","type":"product","link":"https:\/\/luxesound.ca\/fr\/product\/sonos-sub-4-wireless-subwoofer\/","title":{"rendered":"Sonos Sub 4 \u2013 Caisson de basses sans fil"},"content":{"rendered":"<p class=\"p1\">D\u00e9couvrez le Sonos Sub 4, un caisson de basses puissant con\u00e7u pour sublimer votre exp\u00e9rience audio. Avec son design \u00e9l\u00e9gant et moderne et ses performances sonores am\u00e9lior\u00e9es, le Sub 4 d\u00e9livre des basses profondes et riches qui emplissent n&#039;importe quelle pi\u00e8ce. Gr\u00e2ce \u00e0 sa technologie sans fil avanc\u00e9e, il s&#039;int\u00e8gre parfaitement \u00e0 votre syst\u00e8me Sonos pour une installation simplifi\u00e9e et une qualit\u00e9 sonore exceptionnelle. Que vous \u00e9coutiez de la musique, regardiez des films ou jouiez \u00e0 des jeux vid\u00e9o, le Sonos Sub 4 donne vie \u00e0 chaque son, offrant une exp\u00e9rience audio immersive qui transforme votre espace. Am\u00e9liorez votre installation home cin\u00e9ma ou musicale avec le compagnon id\u00e9al pour des basses puissantes.<\/p>","protected":false},"excerpt":{"rendered":"<p class=\"p1\">D\u00e9couvrez le Sonos Sub 4, un caisson de basses puissant con\u00e7u pour am\u00e9liorer votre exp\u00e9rience audio. Avec son design \u00e9l\u00e9gant et moderne et ses performances sonores am\u00e9lior\u00e9es, le Sub 4 offre des basses riches et profondes qui remplissent n&#039;importe quelle pi\u00e8ce. Dot\u00e9 d&#039;une technologie sans fil avanc\u00e9e, il s&#039;int\u00e8gre parfaitement \u00e0 votre syst\u00e8me Sonos pour une configuration sans effort et une qualit\u00e9 sonore sup\u00e9rieure. Que vous \u00e9coutiez de la musique, des films ou des jeux, le Sonos Sub 4 donne vie \u00e0 chaque son, offrant une exp\u00e9rience audio immersive qui transforme votre espace. Am\u00e9liorez votre home cin\u00e9ma ou votre configuration musicale avec le compagnon de basse ultime.<\/p>","protected":false},"featured_media":8786,"comment_status":"open","ping_status":"closed","template":"","meta":{"_acf_changed":false,"_mo_disable_npp":"","inline_featured_image":false},"product_brand":[750],"product_cat":[98,26,904,739],"product_tag":[887],"class_list":{"0":"post-8784","1":"product","2":"type-product","3":"status-publish","4":"has-post-thumbnail","6":"product_brand-sonos","7":"product_cat-home-theatre","8":"product_cat-sonos","9":"product_cat-sonos-black-friday","10":"product_cat-subwoofers","11":"product_tag-sale","12":"product_shipping_class-oversized-heavy","13":"pa_colour-matte-black","14":"pa_colour-matte-white","16":"first","17":"instock","18":"taxable","19":"shipping-taxable","20":"purchasable","21":"product-type-variable","22":"has-default-attributes"},"bundled_by":["10632","10892","10638","10965","10968","10972","11626","12211"],"bundle_stock_status":"instock","bundle_stock_quantity":4,"bundle_virtual":false,"bundle_layout":"","bundle_add_to_cart_form_location":"","bundle_editable_in_cart":false,"bundle_sold_individually_context":"","bundle_item_grouping":"","bundle_min_size":"","bundle_max_size":"","bundle_price":[],"bundled_items":[],"bundle_sell_ids":[],"acf":[],"ct_brands":[{"id":750,"name":"Sonos","slug":"sonos"}],"yoast_head":"<!-- This site is optimized with the Yoast SEO plugin v27.2 - https:\/\/yoast.com\/product\/yoast-seo-wordpress\/ -->\n<title>Sonos Sub 4 - Wireless Subwoofer - Luxe Sound<\/title>\n<meta name=\"description\" content=\"Elevate your audio with the Sonos Sub 4. This powerful subwoofer delivers deep, rich bass and seamlessly integrates with your Sonos system. Free Shipping!\" \/>\n<meta name=\"robots\" content=\"index, follow, max-snippet:-1, max-image-preview:large, max-video-preview:-1\" \/>\n<link rel=\"canonical\" href=\"https:\/\/luxesound.ca\/fr\/product\/sonos-sub-4-wireless-subwoofer\/\" \/>\n<meta property=\"og:locale\" content=\"fr_FR\" \/>\n<meta property=\"og:type\" content=\"article\" \/>\n<meta property=\"og:title\" content=\"Sonos Sub 4 - Wireless Subwoofer - Luxe Sound\" \/>\n<meta property=\"og:description\" content=\"Elevate your audio with the Sonos Sub 4. This powerful subwoofer delivers deep, rich bass and seamlessly integrates with your Sonos system. Free Shipping!\" \/>\n<meta property=\"og:url\" content=\"https:\/\/luxesound.ca\/fr\/product\/sonos-sub-4-wireless-subwoofer\/\" \/>\n<meta property=\"og:site_name\" content=\"Luxe Sound\" \/>\n<meta property=\"article:publisher\" content=\"https:\/\/www.facebook.com\/luxesound.ca\" \/>\n<meta property=\"article:modified_time\" content=\"2026-04-30T19:42:31+00:00\" \/>\n<meta property=\"og:image\" content=\"https:\/\/luxesound.ca\/wp-content\/uploads\/2024\/10\/Sonos-Sub-4-Black-1.webp\" \/>\n\t<meta property=\"og:image:width\" content=\"1200\" \/>\n\t<meta property=\"og:image:height\" content=\"800\" \/>\n\t<meta property=\"og:image:type\" content=\"image\/webp\" \/>\n<meta name=\"twitter:card\" content=\"summary_large_image\" \/>\n<meta name=\"twitter:label1\" content=\"Est. reading time\" \/>\n\t<meta name=\"twitter:data1\" content=\"1 minute\" \/>\n<script type=\"application\/ld+json\" class=\"yoast-schema-graph\">{\"@context\":\"https:\/\/schema.org\",\"@graph\":[{\"@type\":\"WebPage\",\"@id\":\"https:\/\/luxesound.ca\/product\/sonos-sub-4-wireless-subwoofer\/\",\"url\":\"https:\/\/luxesound.ca\/product\/sonos-sub-4-wireless-subwoofer\/\",\"name\":\"Sonos Sub 4 - Wireless Subwoofer - Luxe Sound\",\"isPartOf\":{\"@id\":\"https:\/\/luxesound.ca\/#website\"},\"primaryImageOfPage\":{\"@id\":\"https:\/\/luxesound.ca\/product\/sonos-sub-4-wireless-subwoofer\/#primaryimage\"},\"image\":{\"@id\":\"https:\/\/luxesound.ca\/product\/sonos-sub-4-wireless-subwoofer\/#primaryimage\"},\"thumbnailUrl\":\"https:\/\/luxesound.ca\/wp-content\/uploads\/2024\/10\/Sonos-Sub-4-Black-1.webp\",\"datePublished\":\"2024-10-23T15:21:15+00:00\",\"dateModified\":\"2026-04-30T19:42:31+00:00\",\"description\":\"Elevate your audio with the Sonos Sub 4. This powerful subwoofer delivers deep, rich bass and seamlessly integrates with your Sonos system. Free Shipping!\",\"breadcrumb\":{\"@id\":\"https:\/\/luxesound.ca\/product\/sonos-sub-4-wireless-subwoofer\/#breadcrumb\"},\"inLanguage\":\"fr-qc\",\"potentialAction\":[{\"@type\":\"ReadAction\",\"target\":[\"https:\/\/luxesound.ca\/product\/sonos-sub-4-wireless-subwoofer\/\"]}]},{\"@type\":\"ImageObject\",\"inLanguage\":\"fr-qc\",\"@id\":\"https:\/\/luxesound.ca\/product\/sonos-sub-4-wireless-subwoofer\/#primaryimage\",\"url\":\"https:\/\/luxesound.ca\/wp-content\/uploads\/2024\/10\/Sonos-Sub-4-Black-1.webp\",\"contentUrl\":\"https:\/\/luxesound.ca\/wp-content\/uploads\/2024\/10\/Sonos-Sub-4-Black-1.webp\",\"width\":1200,\"height\":800,\"caption\":\"Sonos sub 4 in matte black, product photo on white background\"},{\"@type\":\"BreadcrumbList\",\"@id\":\"https:\/\/luxesound.ca\/product\/sonos-sub-4-wireless-subwoofer\/#breadcrumb\",\"itemListElement\":[{\"@type\":\"ListItem\",\"position\":1,\"name\":\"Home\",\"item\":\"https:\/\/luxesound.ca\/\"},{\"@type\":\"ListItem\",\"position\":2,\"name\":\"Products\",\"item\":\"https:\/\/luxesound.ca\/shop\/\"},{\"@type\":\"ListItem\",\"position\":3,\"name\":\"Sonos Sub 4 &#8211; Wireless Subwoofer\"}]},{\"@type\":\"WebSite\",\"@id\":\"https:\/\/luxesound.ca\/#website\",\"url\":\"https:\/\/luxesound.ca\/\",\"name\":\"Luxe Sound\",\"description\":\"The Finest Headphones &amp; Speakers. Proudly Canadian.\",\"publisher\":{\"@id\":\"https:\/\/luxesound.ca\/#organization\"},\"potentialAction\":[{\"@type\":\"SearchAction\",\"target\":{\"@type\":\"EntryPoint\",\"urlTemplate\":\"https:\/\/luxesound.ca\/?s={search_term_string}\"},\"query-input\":{\"@type\":\"PropertyValueSpecification\",\"valueRequired\":true,\"valueName\":\"search_term_string\"}}],\"inLanguage\":\"fr-qc\"},{\"@type\":\"Organization\",\"@id\":\"https:\/\/luxesound.ca\/#organization\",\"name\":\"Luxe Sound\",\"url\":\"https:\/\/luxesound.ca\/\",\"logo\":{\"@type\":\"ImageObject\",\"inLanguage\":\"fr-qc\",\"@id\":\"https:\/\/luxesound.ca\/#\/schema\/logo\/image\/\",\"url\":\"https:\/\/luxesound.ca\/wp-content\/uploads\/2024\/08\/cropped-Luxe-white-on-green.png\",\"contentUrl\":\"https:\/\/luxesound.ca\/wp-content\/uploads\/2024\/08\/cropped-Luxe-white-on-green.png\",\"width\":512,\"height\":512,\"caption\":\"Luxe Sound\"},\"image\":{\"@id\":\"https:\/\/luxesound.ca\/#\/schema\/logo\/image\/\"},\"sameAs\":[\"https:\/\/www.facebook.com\/luxesound.ca\",\"https:\/\/www.instagram.com\/luxe.sound\/\"]}]}<\/script>\n<!-- \/ Yoast SEO plugin. -->","yoast_head_json":{"title":"Sonos Sub 4 - Caisson de basses sans fil - Son Luxe","description":"Sublimez votre exp\u00e9rience audio avec le Sonos Sub 4. Ce puissant caisson de basses offre des basses profondes et riches et s&#039;int\u00e8gre parfaitement \u00e0 votre syst\u00e8me Sonos. Livraison gratuite\u00a0!","robots":{"index":"index","follow":"follow","max-snippet":"max-snippet:-1","max-image-preview":"max-image-preview:large","max-video-preview":"max-video-preview:-1"},"canonical":"https:\/\/luxesound.ca\/fr\/product\/sonos-sub-4-wireless-subwoofer\/","og_locale":"fr_FR","og_type":"article","og_title":"Sonos Sub 4 - Wireless Subwoofer - Luxe Sound","og_description":"Elevate your audio with the Sonos Sub 4. This powerful subwoofer delivers deep, rich bass and seamlessly integrates with your Sonos system. Free Shipping!","og_url":"https:\/\/luxesound.ca\/fr\/product\/sonos-sub-4-wireless-subwoofer\/","og_site_name":"Luxe Sound","article_publisher":"https:\/\/www.facebook.com\/luxesound.ca","article_modified_time":"2026-04-30T19:42:31+00:00","og_image":[{"width":1200,"height":800,"url":"https:\/\/luxesound.ca\/wp-content\/uploads\/2024\/10\/Sonos-Sub-4-Black-1.webp","type":"image\/webp"}],"twitter_card":"summary_large_image","twitter_misc":{"Est. reading time":"1 minute"},"schema":{"@context":"https:\/\/schema.org","@graph":[{"@type":"WebPage","@id":"https:\/\/luxesound.ca\/product\/sonos-sub-4-wireless-subwoofer\/","url":"https:\/\/luxesound.ca\/product\/sonos-sub-4-wireless-subwoofer\/","name":"Sonos Sub 4 - Caisson de basses sans fil - Son Luxe","isPartOf":{"@id":"https:\/\/luxesound.ca\/#website"},"primaryImageOfPage":{"@id":"https:\/\/luxesound.ca\/product\/sonos-sub-4-wireless-subwoofer\/#primaryimage"},"image":{"@id":"https:\/\/luxesound.ca\/product\/sonos-sub-4-wireless-subwoofer\/#primaryimage"},"thumbnailUrl":"https:\/\/luxesound.ca\/wp-content\/uploads\/2024\/10\/Sonos-Sub-4-Black-1.webp","datePublished":"2024-10-23T15:21:15+00:00","dateModified":"2026-04-30T19:42:31+00:00","description":"Sublimez votre exp\u00e9rience audio avec le Sonos Sub 4. Ce puissant caisson de basses offre des basses profondes et riches et s&#039;int\u00e8gre parfaitement \u00e0 votre syst\u00e8me Sonos. Livraison gratuite\u00a0!","breadcrumb":{"@id":"https:\/\/luxesound.ca\/product\/sonos-sub-4-wireless-subwoofer\/#breadcrumb"},"inLanguage":"fr-qc","potentialAction":[{"@type":"ReadAction","target":["https:\/\/luxesound.ca\/product\/sonos-sub-4-wireless-subwoofer\/"]}]},{"@type":"ImageObject","inLanguage":"fr-qc","@id":"https:\/\/luxesound.ca\/product\/sonos-sub-4-wireless-subwoofer\/#primaryimage","url":"https:\/\/luxesound.ca\/wp-content\/uploads\/2024\/10\/Sonos-Sub-4-Black-1.webp","contentUrl":"https:\/\/luxesound.ca\/wp-content\/uploads\/2024\/10\/Sonos-Sub-4-Black-1.webp","width":1200,"height":800,"caption":"Sonos sub 4 in matte black, product photo on white background"},{"@type":"BreadcrumbList","@id":"https:\/\/luxesound.ca\/product\/sonos-sub-4-wireless-subwoofer\/#breadcrumb","itemListElement":[{"@type":"ListItem","position":1,"name":"Home","item":"https:\/\/luxesound.ca\/"},{"@type":"ListItem","position":2,"name":"Products","item":"https:\/\/luxesound.ca\/shop\/"},{"@type":"ListItem","position":3,"name":"Sonos Sub 4 &#8211; Wireless Subwoofer"}]},{"@type":"WebSite","@id":"https:\/\/luxesound.ca\/#website","url":"https:\/\/luxesound.ca\/","name":"Son luxueux","description":"Les meilleurs \u00e9couteurs et haut-parleurs. Fi\u00e8rement canadiens.","publisher":{"@id":"https:\/\/luxesound.ca\/#organization"},"potentialAction":[{"@type":"SearchAction","target":{"@type":"EntryPoint","urlTemplate":"https:\/\/luxesound.ca\/?s={search_term_string}"},"query-input":{"@type":"PropertyValueSpecification","valueRequired":true,"valueName":"search_term_string"}}],"inLanguage":"fr-qc"},{"@type":"Organization","@id":"https:\/\/luxesound.ca\/#organization","name":"Son luxueux","url":"https:\/\/luxesound.ca\/","logo":{"@type":"ImageObject","inLanguage":"fr-qc","@id":"https:\/\/luxesound.ca\/#\/schema\/logo\/image\/","url":"https:\/\/luxesound.ca\/wp-content\/uploads\/2024\/08\/cropped-Luxe-white-on-green.png","contentUrl":"https:\/\/luxesound.ca\/wp-content\/uploads\/2024\/08\/cropped-Luxe-white-on-green.png","width":512,"height":512,"caption":"Luxe Sound"},"image":{"@id":"https:\/\/luxesound.ca\/#\/schema\/logo\/image\/"},"sameAs":["https:\/\/www.facebook.com\/luxesound.ca","https:\/\/www.instagram.com\/luxe.sound\/"]}]}},"_links":{"self":[{"href":"https:\/\/luxesound.ca\/fr\/wp-json\/wp\/v2\/product\/8784","targetHints":{"allow":["GET"]}}],"collection":[{"href":"https:\/\/luxesound.ca\/fr\/wp-json\/wp\/v2\/product"}],"about":[{"href":"https:\/\/luxesound.ca\/fr\/wp-json\/wp\/v2\/types\/product"}],"replies":[{"embeddable":true,"href":"https:\/\/luxesound.ca\/fr\/wp-json\/wp\/v2\/comments?post=8784"}],"version-history":[{"count":3,"href":"https:\/\/luxesound.ca\/fr\/wp-json\/wp\/v2\/product\/8784\/revisions"}],"predecessor-version":[{"id":11590,"href":"https:\/\/luxesound.ca\/fr\/wp-json\/wp\/v2\/product\/8784\/revisions\/11590"}],"wp:featuredmedia":[{"embeddable":true,"href":"https:\/\/luxesound.ca\/fr\/wp-json\/wp\/v2\/media\/8786"}],"wp:attachment":[{"href":"https:\/\/luxesound.ca\/fr\/wp-json\/wp\/v2\/media?parent=8784"}],"wp:term":[{"taxonomy":"product_brand","embeddable":true,"href":"https:\/\/luxesound.ca\/fr\/wp-json\/wp\/v2\/product_brand?post=8784"},{"taxonomy":"product_cat","embeddable":true,"href":"https:\/\/luxesound.ca\/fr\/wp-json\/wp\/v2\/product_cat?post=8784"},{"taxonomy":"product_tag","embeddable":true,"href":"https:\/\/luxesound.ca\/fr\/wp-json\/wp\/v2\/product_tag?post=8784"}],"curies":[{"name":"wp","href":"https:\/\/api.w.org\/{rel}","templated":true}]}}