{"id":8537,"date":"2024-10-23T11:14:10","date_gmt":"2024-10-23T15:14:10","guid":{"rendered":"https:\/\/luxesound.ca\/?post_type=product&#038;p=8537"},"modified":"2026-04-30T15:42:33","modified_gmt":"2026-04-30T19:42:33","slug":"sonos-arc-ultra-soundbar","status":"publish","type":"product","link":"https:\/\/luxesound.ca\/fr\/product\/sonos-arc-ultra-soundbar\/","title":{"rendered":"Barre de son Sonos Arc Ultra"},"content":{"rendered":"<p class=\"_1sg9d513\">The soundbar, reinvented. Sonos Arc Ultra is the sleekest and most powerful soundbar Sonos has ever created. With an all-new acoustic architecture powered by 14 Sonos-engineered drivers and advanced technologies like Sound Motion&trade;, Arc Ultra fills every inch of the room and precisely places sounds all around you for an entertainment experience that feels out of this world.<\/p>","protected":false},"excerpt":{"rendered":"<p>La barre de son r\u00e9invent\u00e9e. Sonos Arc Ultra est la barre de son la plus \u00e9l\u00e9gante et la plus puissante jamais cr\u00e9\u00e9e par Sonos. Avec une toute nouvelle architecture acoustique aliment\u00e9e par 14 haut-parleurs con\u00e7us par Sonos et des technologies avanc\u00e9es comme Sound Motion\u2122, Arc Ultra remplit chaque centim\u00e8tre de la pi\u00e8ce et place pr\u00e9cis\u00e9ment les sons tout autour de vous pour une exp\u00e9rience de divertissement qui semble hors du commun.<\/p>","protected":false},"featured_media":8538,"comment_status":"open","ping_status":"closed","template":"","meta":{"_acf_changed":false,"_mo_disable_npp":"","inline_featured_image":false},"product_brand":[750],"product_cat":[26,904,53],"product_tag":[887],"class_list":{"0":"post-8537","1":"product","2":"type-product","3":"status-publish","4":"has-post-thumbnail","6":"product_brand-sonos","7":"product_cat-sonos","8":"product_cat-sonos-black-friday","9":"product_cat-soundbars","10":"product_tag-sale","11":"product_shipping_class-oversized-heavy","12":"pa_colour-matte-black","13":"pa_colour-matte-white","15":"first","16":"instock","17":"taxable","18":"shipping-taxable","19":"purchasable","20":"product-type-variable","21":"has-default-attributes"},"bundled_by":["10632","10638","11136","11626","11643","12211"],"bundle_stock_status":"instock","bundle_stock_quantity":5,"bundle_virtual":false,"bundle_layout":"","bundle_add_to_cart_form_location":"","bundle_editable_in_cart":false,"bundle_sold_individually_context":"","bundle_item_grouping":"","bundle_min_size":"","bundle_max_size":"","bundle_price":[],"bundled_items":[],"bundle_sell_ids":[],"acf":[],"ct_brands":[{"id":750,"name":"Sonos","slug":"sonos"}],"yoast_head":"<!-- This site is optimized with the Yoast SEO plugin v27.2 - https:\/\/yoast.com\/product\/yoast-seo-wordpress\/ -->\n<title>Sonos Arc Ultra Soundbar - Luxe Sound<\/title>\n<meta name=\"description\" content=\"Featuring breakthrough Sound Motion\u2122 technology, The Sonos Arc Ultra brings your entertainment to life like no other soundbar. Free Shipping!\" \/>\n<meta name=\"robots\" content=\"index, follow, max-snippet:-1, max-image-preview:large, max-video-preview:-1\" \/>\n<link rel=\"canonical\" href=\"https:\/\/luxesound.ca\/fr\/product\/sonos-arc-ultra-soundbar\/\" \/>\n<meta property=\"og:locale\" content=\"fr_FR\" \/>\n<meta property=\"og:type\" content=\"article\" \/>\n<meta property=\"og:title\" content=\"Sonos Arc Ultra Soundbar - Luxe Sound\" \/>\n<meta property=\"og:description\" content=\"Featuring breakthrough Sound Motion\u2122 technology, The Sonos Arc Ultra brings your entertainment to life like no other soundbar. Free Shipping!\" \/>\n<meta property=\"og:url\" content=\"https:\/\/luxesound.ca\/fr\/product\/sonos-arc-ultra-soundbar\/\" \/>\n<meta property=\"og:site_name\" content=\"Luxe Sound\" \/>\n<meta property=\"article:publisher\" content=\"https:\/\/www.facebook.com\/luxesound.ca\" \/>\n<meta property=\"article:modified_time\" content=\"2026-04-30T19:42:33+00:00\" \/>\n<meta property=\"og:image\" content=\"https:\/\/luxesound.ca\/wp-content\/uploads\/2024\/10\/Sonos-Arc-Ultra-Black-1.webp\" \/>\n\t<meta property=\"og:image:width\" content=\"1200\" \/>\n\t<meta property=\"og:image:height\" content=\"800\" \/>\n\t<meta property=\"og:image:type\" content=\"image\/webp\" \/>\n<meta name=\"twitter:card\" content=\"summary_large_image\" \/>\n<meta name=\"twitter:label1\" content=\"Est. reading time\" \/>\n\t<meta name=\"twitter:data1\" content=\"1 minute\" \/>\n<script type=\"application\/ld+json\" class=\"yoast-schema-graph\">{\"@context\":\"https:\/\/schema.org\",\"@graph\":[{\"@type\":\"WebPage\",\"@id\":\"https:\/\/luxesound.ca\/product\/sonos-arc-ultra-soundbar\/\",\"url\":\"https:\/\/luxesound.ca\/product\/sonos-arc-ultra-soundbar\/\",\"name\":\"Sonos Arc Ultra Soundbar - Luxe Sound\",\"isPartOf\":{\"@id\":\"https:\/\/luxesound.ca\/#website\"},\"primaryImageOfPage\":{\"@id\":\"https:\/\/luxesound.ca\/product\/sonos-arc-ultra-soundbar\/#primaryimage\"},\"image\":{\"@id\":\"https:\/\/luxesound.ca\/product\/sonos-arc-ultra-soundbar\/#primaryimage\"},\"thumbnailUrl\":\"https:\/\/luxesound.ca\/wp-content\/uploads\/2024\/10\/Sonos-Arc-Ultra-Black-1.webp\",\"datePublished\":\"2024-10-23T15:14:10+00:00\",\"dateModified\":\"2026-04-30T19:42:33+00:00\",\"description\":\"Featuring breakthrough Sound Motion\u2122 technology, The Sonos Arc Ultra brings your entertainment to life like no other soundbar. Free Shipping!\",\"breadcrumb\":{\"@id\":\"https:\/\/luxesound.ca\/product\/sonos-arc-ultra-soundbar\/#breadcrumb\"},\"inLanguage\":\"fr-qc\",\"potentialAction\":[{\"@type\":\"ReadAction\",\"target\":[\"https:\/\/luxesound.ca\/product\/sonos-arc-ultra-soundbar\/\"]}]},{\"@type\":\"ImageObject\",\"inLanguage\":\"fr-qc\",\"@id\":\"https:\/\/luxesound.ca\/product\/sonos-arc-ultra-soundbar\/#primaryimage\",\"url\":\"https:\/\/luxesound.ca\/wp-content\/uploads\/2024\/10\/Sonos-Arc-Ultra-Black-1.webp\",\"contentUrl\":\"https:\/\/luxesound.ca\/wp-content\/uploads\/2024\/10\/Sonos-Arc-Ultra-Black-1.webp\",\"width\":1200,\"height\":800,\"caption\":\"Sonos Arc Ultra Soundbar in black product photo on white background\"},{\"@type\":\"BreadcrumbList\",\"@id\":\"https:\/\/luxesound.ca\/product\/sonos-arc-ultra-soundbar\/#breadcrumb\",\"itemListElement\":[{\"@type\":\"ListItem\",\"position\":1,\"name\":\"Home\",\"item\":\"https:\/\/luxesound.ca\/\"},{\"@type\":\"ListItem\",\"position\":2,\"name\":\"Products\",\"item\":\"https:\/\/luxesound.ca\/shop\/\"},{\"@type\":\"ListItem\",\"position\":3,\"name\":\"Sonos Arc Ultra Soundbar\"}]},{\"@type\":\"WebSite\",\"@id\":\"https:\/\/luxesound.ca\/#website\",\"url\":\"https:\/\/luxesound.ca\/\",\"name\":\"Luxe Sound\",\"description\":\"The Finest Headphones &amp; Speakers. Proudly Canadian.\",\"publisher\":{\"@id\":\"https:\/\/luxesound.ca\/#organization\"},\"potentialAction\":[{\"@type\":\"SearchAction\",\"target\":{\"@type\":\"EntryPoint\",\"urlTemplate\":\"https:\/\/luxesound.ca\/?s={search_term_string}\"},\"query-input\":{\"@type\":\"PropertyValueSpecification\",\"valueRequired\":true,\"valueName\":\"search_term_string\"}}],\"inLanguage\":\"fr-qc\"},{\"@type\":\"Organization\",\"@id\":\"https:\/\/luxesound.ca\/#organization\",\"name\":\"Luxe Sound\",\"url\":\"https:\/\/luxesound.ca\/\",\"logo\":{\"@type\":\"ImageObject\",\"inLanguage\":\"fr-qc\",\"@id\":\"https:\/\/luxesound.ca\/#\/schema\/logo\/image\/\",\"url\":\"https:\/\/luxesound.ca\/wp-content\/uploads\/2024\/08\/cropped-Luxe-white-on-green.png\",\"contentUrl\":\"https:\/\/luxesound.ca\/wp-content\/uploads\/2024\/08\/cropped-Luxe-white-on-green.png\",\"width\":512,\"height\":512,\"caption\":\"Luxe Sound\"},\"image\":{\"@id\":\"https:\/\/luxesound.ca\/#\/schema\/logo\/image\/\"},\"sameAs\":[\"https:\/\/www.facebook.com\/luxesound.ca\",\"https:\/\/www.instagram.com\/luxe.sound\/\"]}]}<\/script>\n<!-- \/ Yoast SEO plugin. -->","yoast_head_json":{"title":"Sonos Arc Ultra Soundbar - Luxe Sound","description":"Featuring breakthrough Sound Motion\u2122 technology, The Sonos Arc Ultra brings your entertainment to life like no other soundbar. Free Shipping!","robots":{"index":"index","follow":"follow","max-snippet":"max-snippet:-1","max-image-preview":"max-image-preview:large","max-video-preview":"max-video-preview:-1"},"canonical":"https:\/\/luxesound.ca\/fr\/product\/sonos-arc-ultra-soundbar\/","og_locale":"fr_FR","og_type":"article","og_title":"Sonos Arc Ultra Soundbar - Luxe Sound","og_description":"Featuring breakthrough Sound Motion\u2122 technology, The Sonos Arc Ultra brings your entertainment to life like no other soundbar. Free Shipping!","og_url":"https:\/\/luxesound.ca\/fr\/product\/sonos-arc-ultra-soundbar\/","og_site_name":"Luxe Sound","article_publisher":"https:\/\/www.facebook.com\/luxesound.ca","article_modified_time":"2026-04-30T19:42:33+00:00","og_image":[{"width":1200,"height":800,"url":"https:\/\/luxesound.ca\/wp-content\/uploads\/2024\/10\/Sonos-Arc-Ultra-Black-1.webp","type":"image\/webp"}],"twitter_card":"summary_large_image","twitter_misc":{"Est. reading time":"1 minute"},"schema":{"@context":"https:\/\/schema.org","@graph":[{"@type":"WebPage","@id":"https:\/\/luxesound.ca\/product\/sonos-arc-ultra-soundbar\/","url":"https:\/\/luxesound.ca\/product\/sonos-arc-ultra-soundbar\/","name":"Sonos Arc Ultra Soundbar - Luxe Sound","isPartOf":{"@id":"https:\/\/luxesound.ca\/#website"},"primaryImageOfPage":{"@id":"https:\/\/luxesound.ca\/product\/sonos-arc-ultra-soundbar\/#primaryimage"},"image":{"@id":"https:\/\/luxesound.ca\/product\/sonos-arc-ultra-soundbar\/#primaryimage"},"thumbnailUrl":"https:\/\/luxesound.ca\/wp-content\/uploads\/2024\/10\/Sonos-Arc-Ultra-Black-1.webp","datePublished":"2024-10-23T15:14:10+00:00","dateModified":"2026-04-30T19:42:33+00:00","description":"Featuring breakthrough Sound Motion\u2122 technology, The Sonos Arc Ultra brings your entertainment to life like no other soundbar. Free Shipping!","breadcrumb":{"@id":"https:\/\/luxesound.ca\/product\/sonos-arc-ultra-soundbar\/#breadcrumb"},"inLanguage":"fr-qc","potentialAction":[{"@type":"ReadAction","target":["https:\/\/luxesound.ca\/product\/sonos-arc-ultra-soundbar\/"]}]},{"@type":"ImageObject","inLanguage":"fr-qc","@id":"https:\/\/luxesound.ca\/product\/sonos-arc-ultra-soundbar\/#primaryimage","url":"https:\/\/luxesound.ca\/wp-content\/uploads\/2024\/10\/Sonos-Arc-Ultra-Black-1.webp","contentUrl":"https:\/\/luxesound.ca\/wp-content\/uploads\/2024\/10\/Sonos-Arc-Ultra-Black-1.webp","width":1200,"height":800,"caption":"Sonos Arc Ultra Soundbar in black product photo on white background"},{"@type":"BreadcrumbList","@id":"https:\/\/luxesound.ca\/product\/sonos-arc-ultra-soundbar\/#breadcrumb","itemListElement":[{"@type":"ListItem","position":1,"name":"Home","item":"https:\/\/luxesound.ca\/"},{"@type":"ListItem","position":2,"name":"Products","item":"https:\/\/luxesound.ca\/shop\/"},{"@type":"ListItem","position":3,"name":"Sonos Arc Ultra Soundbar"}]},{"@type":"WebSite","@id":"https:\/\/luxesound.ca\/#website","url":"https:\/\/luxesound.ca\/","name":"Son luxueux","description":"Les meilleurs \u00e9couteurs et haut-parleurs. Fi\u00e8rement canadiens.","publisher":{"@id":"https:\/\/luxesound.ca\/#organization"},"potentialAction":[{"@type":"SearchAction","target":{"@type":"EntryPoint","urlTemplate":"https:\/\/luxesound.ca\/?s={search_term_string}"},"query-input":{"@type":"PropertyValueSpecification","valueRequired":true,"valueName":"search_term_string"}}],"inLanguage":"fr-qc"},{"@type":"Organization","@id":"https:\/\/luxesound.ca\/#organization","name":"Son luxueux","url":"https:\/\/luxesound.ca\/","logo":{"@type":"ImageObject","inLanguage":"fr-qc","@id":"https:\/\/luxesound.ca\/#\/schema\/logo\/image\/","url":"https:\/\/luxesound.ca\/wp-content\/uploads\/2024\/08\/cropped-Luxe-white-on-green.png","contentUrl":"https:\/\/luxesound.ca\/wp-content\/uploads\/2024\/08\/cropped-Luxe-white-on-green.png","width":512,"height":512,"caption":"Luxe Sound"},"image":{"@id":"https:\/\/luxesound.ca\/#\/schema\/logo\/image\/"},"sameAs":["https:\/\/www.facebook.com\/luxesound.ca","https:\/\/www.instagram.com\/luxe.sound\/"]}]}},"_links":{"self":[{"href":"https:\/\/luxesound.ca\/fr\/wp-json\/wp\/v2\/product\/8537","targetHints":{"allow":["GET"]}}],"collection":[{"href":"https:\/\/luxesound.ca\/fr\/wp-json\/wp\/v2\/product"}],"about":[{"href":"https:\/\/luxesound.ca\/fr\/wp-json\/wp\/v2\/types\/product"}],"replies":[{"embeddable":true,"href":"https:\/\/luxesound.ca\/fr\/wp-json\/wp\/v2\/comments?post=8537"}],"version-history":[{"count":2,"href":"https:\/\/luxesound.ca\/fr\/wp-json\/wp\/v2\/product\/8537\/revisions"}],"predecessor-version":[{"id":11578,"href":"https:\/\/luxesound.ca\/fr\/wp-json\/wp\/v2\/product\/8537\/revisions\/11578"}],"wp:featuredmedia":[{"embeddable":true,"href":"https:\/\/luxesound.ca\/fr\/wp-json\/wp\/v2\/media\/8538"}],"wp:attachment":[{"href":"https:\/\/luxesound.ca\/fr\/wp-json\/wp\/v2\/media?parent=8537"}],"wp:term":[{"taxonomy":"product_brand","embeddable":true,"href":"https:\/\/luxesound.ca\/fr\/wp-json\/wp\/v2\/product_brand?post=8537"},{"taxonomy":"product_cat","embeddable":true,"href":"https:\/\/luxesound.ca\/fr\/wp-json\/wp\/v2\/product_cat?post=8537"},{"taxonomy":"product_tag","embeddable":true,"href":"https:\/\/luxesound.ca\/fr\/wp-json\/wp\/v2\/product_tag?post=8537"}],"curies":[{"name":"wp","href":"https:\/\/api.w.org\/{rel}","templated":true}]}}