{"id":8408,"date":"2024-10-08T14:35:53","date_gmt":"2024-10-08T18:35:53","guid":{"rendered":"https:\/\/luxesound.ca\/?post_type=product&#038;p=8408"},"modified":"2026-04-24T10:18:55","modified_gmt":"2026-04-24T14:18:55","slug":"wiim-amp-streaming-amplifier","status":"publish","type":"product","link":"https:\/\/luxesound.ca\/fr\/product\/wiim-amp-streaming-amplifier\/","title":{"rendered":"Amplificateur de streaming Wiim Amp"},"content":{"rendered":"<div>The Wiim Amp turns your passive speakers into an internet-connected streaming system, so you can conveniently enjoy all your favourite music. Stream through the powerful WiiM Home app with multi-room compatibility, or use external apps via Apple AirPlay 2, Google Chromecast, Spotify Connect, TIDAL Connect, Roon Ready, DLNA, and Alexa Cast. The Wiim Amp packs 60 Watts per channel at 8 ohms, and 120 Watts per channel at 4 ohms. Amplify your passive speakers including bookshelf, architectural, and outdoor, while also turning them into smart audio streaming systems.&nbsp;The WiiM Amp also features an HDMI ARC port, allowing you to connect your TV for rich stereo sound with shows, movies, and video games.<\/div>","protected":false},"excerpt":{"rendered":"<p>Le Wiim Amp transforme vos enceintes passives en un syst\u00e8me de diffusion en continu connect\u00e9 \u00e0 Internet, pour que vous puissiez profiter facilement de toute votre musique pr\u00e9f\u00e9r\u00e9e. Diffusez via la puissante application WiiM Home avec compatibilit\u00e9 multiroom, ou utilisez des applications externes via Apple AirPlay 2, Google Chromecast, Spotify Connect, TIDAL Connect, Roon Ready, DLNA et Alexa Cast. Le Wiim Amp offre 60 watts par canal \u00e0 8 ohms et 120 watts par canal \u00e0 4 ohms. Amplifiez vos enceintes passives, y compris celles de biblioth\u00e8que, architecturales et ext\u00e9rieures, tout en les transformant en syst\u00e8mes de diffusion audio intelligents. Le WiiM Amp dispose \u00e9galement d&#039;un port HDMI ARC, vous permettant de connecter votre t\u00e9l\u00e9viseur pour un son st\u00e9r\u00e9o riche avec des \u00e9missions, des films et des jeux vid\u00e9o.<\/p>","protected":false},"featured_media":8412,"comment_status":"open","ping_status":"closed","template":"","meta":{"_acf_changed":false,"_mo_disable_npp":"","inline_featured_image":false},"product_brand":[763],"product_cat":[894,774,764],"product_tag":[],"class_list":{"0":"post-8408","1":"product","2":"type-product","3":"status-publish","4":"has-post-thumbnail","6":"product_brand-wiim","7":"product_cat-amps-dacs","8":"product_cat-audio-streamers","9":"product_cat-wiim","10":"pa_colour-silver-grey","12":"first","13":"instock","14":"taxable","15":"shipping-taxable","16":"purchasable","17":"product-type-variable","18":"has-default-attributes"},"bundled_by":[],"bundle_stock_status":"instock","bundle_stock_quantity":3,"bundle_virtual":false,"bundle_layout":"","bundle_add_to_cart_form_location":"","bundle_editable_in_cart":false,"bundle_sold_individually_context":"","bundle_item_grouping":"","bundle_min_size":"","bundle_max_size":"","bundle_price":[],"bundled_items":[],"bundle_sell_ids":[],"acf":[],"ct_brands":[{"id":763,"name":"Wiim","slug":"wiim"}],"yoast_head":"<!-- This site is optimized with the Yoast SEO plugin v27.2 - https:\/\/yoast.com\/product\/yoast-seo-wordpress\/ -->\n<title>Wiim Amp Streaming Amplifier - Luxe Sound<\/title>\n<meta name=\"description\" content=\"Enhance your sound system with the Wiim Amp Streaming Amplifier. Enjoy high-fidelity audio streaming and powerful amplification. Free Shipping!\" \/>\n<meta name=\"robots\" content=\"index, follow, max-snippet:-1, max-image-preview:large, max-video-preview:-1\" \/>\n<link rel=\"canonical\" href=\"https:\/\/luxesound.ca\/fr\/product\/wiim-amp-streaming-amplifier\/\" \/>\n<meta property=\"og:locale\" content=\"fr_FR\" \/>\n<meta property=\"og:type\" content=\"article\" \/>\n<meta property=\"og:title\" content=\"Wiim Amp Streaming Amplifier - Luxe Sound\" \/>\n<meta property=\"og:description\" content=\"Enhance your sound system with the Wiim Amp Streaming Amplifier. Enjoy high-fidelity audio streaming and powerful amplification. Free Shipping!\" \/>\n<meta property=\"og:url\" content=\"https:\/\/luxesound.ca\/fr\/product\/wiim-amp-streaming-amplifier\/\" \/>\n<meta property=\"og:site_name\" content=\"Luxe Sound\" \/>\n<meta property=\"article:publisher\" content=\"https:\/\/www.facebook.com\/luxesound.ca\" \/>\n<meta property=\"article:modified_time\" content=\"2026-04-24T14:18:55+00:00\" \/>\n<meta property=\"og:image\" content=\"https:\/\/luxesound.ca\/wp-content\/uploads\/2024\/10\/Wiim-Amp-1.webp\" \/>\n\t<meta property=\"og:image:width\" content=\"1200\" \/>\n\t<meta property=\"og:image:height\" content=\"800\" \/>\n\t<meta property=\"og:image:type\" content=\"image\/webp\" \/>\n<meta name=\"twitter:card\" content=\"summary_large_image\" \/>\n<meta name=\"twitter:label1\" content=\"Est. reading time\" \/>\n\t<meta name=\"twitter:data1\" content=\"1 minute\" \/>\n<script type=\"application\/ld+json\" class=\"yoast-schema-graph\">{\"@context\":\"https:\/\/schema.org\",\"@graph\":[{\"@type\":\"WebPage\",\"@id\":\"https:\/\/luxesound.ca\/product\/wiim-amp-streaming-amplifier\/\",\"url\":\"https:\/\/luxesound.ca\/product\/wiim-amp-streaming-amplifier\/\",\"name\":\"Wiim Amp Streaming Amplifier - Luxe Sound\",\"isPartOf\":{\"@id\":\"https:\/\/luxesound.ca\/#website\"},\"primaryImageOfPage\":{\"@id\":\"https:\/\/luxesound.ca\/product\/wiim-amp-streaming-amplifier\/#primaryimage\"},\"image\":{\"@id\":\"https:\/\/luxesound.ca\/product\/wiim-amp-streaming-amplifier\/#primaryimage\"},\"thumbnailUrl\":\"https:\/\/luxesound.ca\/wp-content\/uploads\/2024\/10\/Wiim-Amp-1.webp\",\"datePublished\":\"2024-10-08T18:35:53+00:00\",\"dateModified\":\"2026-04-24T14:18:55+00:00\",\"description\":\"Enhance your sound system with the Wiim Amp Streaming Amplifier. Enjoy high-fidelity audio streaming and powerful amplification. Free Shipping!\",\"breadcrumb\":{\"@id\":\"https:\/\/luxesound.ca\/product\/wiim-amp-streaming-amplifier\/#breadcrumb\"},\"inLanguage\":\"fr-qc\",\"potentialAction\":[{\"@type\":\"ReadAction\",\"target\":[\"https:\/\/luxesound.ca\/product\/wiim-amp-streaming-amplifier\/\"]}]},{\"@type\":\"ImageObject\",\"inLanguage\":\"fr-qc\",\"@id\":\"https:\/\/luxesound.ca\/product\/wiim-amp-streaming-amplifier\/#primaryimage\",\"url\":\"https:\/\/luxesound.ca\/wp-content\/uploads\/2024\/10\/Wiim-Amp-1.webp\",\"contentUrl\":\"https:\/\/luxesound.ca\/wp-content\/uploads\/2024\/10\/Wiim-Amp-1.webp\",\"width\":1200,\"height\":800,\"caption\":\"Wiim Amp grey front facing on white background\"},{\"@type\":\"BreadcrumbList\",\"@id\":\"https:\/\/luxesound.ca\/product\/wiim-amp-streaming-amplifier\/#breadcrumb\",\"itemListElement\":[{\"@type\":\"ListItem\",\"position\":1,\"name\":\"Home\",\"item\":\"https:\/\/luxesound.ca\/\"},{\"@type\":\"ListItem\",\"position\":2,\"name\":\"Products\",\"item\":\"https:\/\/luxesound.ca\/shop\/\"},{\"@type\":\"ListItem\",\"position\":3,\"name\":\"Wiim Amp Streaming Amplifier\"}]},{\"@type\":\"WebSite\",\"@id\":\"https:\/\/luxesound.ca\/#website\",\"url\":\"https:\/\/luxesound.ca\/\",\"name\":\"Luxe Sound\",\"description\":\"The Finest Headphones &amp; Speakers. Proudly Canadian.\",\"publisher\":{\"@id\":\"https:\/\/luxesound.ca\/#organization\"},\"potentialAction\":[{\"@type\":\"SearchAction\",\"target\":{\"@type\":\"EntryPoint\",\"urlTemplate\":\"https:\/\/luxesound.ca\/?s={search_term_string}\"},\"query-input\":{\"@type\":\"PropertyValueSpecification\",\"valueRequired\":true,\"valueName\":\"search_term_string\"}}],\"inLanguage\":\"fr-qc\"},{\"@type\":\"Organization\",\"@id\":\"https:\/\/luxesound.ca\/#organization\",\"name\":\"Luxe Sound\",\"url\":\"https:\/\/luxesound.ca\/\",\"logo\":{\"@type\":\"ImageObject\",\"inLanguage\":\"fr-qc\",\"@id\":\"https:\/\/luxesound.ca\/#\/schema\/logo\/image\/\",\"url\":\"https:\/\/luxesound.ca\/wp-content\/uploads\/2024\/08\/cropped-Luxe-white-on-green.png\",\"contentUrl\":\"https:\/\/luxesound.ca\/wp-content\/uploads\/2024\/08\/cropped-Luxe-white-on-green.png\",\"width\":512,\"height\":512,\"caption\":\"Luxe Sound\"},\"image\":{\"@id\":\"https:\/\/luxesound.ca\/#\/schema\/logo\/image\/\"},\"sameAs\":[\"https:\/\/www.facebook.com\/luxesound.ca\",\"https:\/\/www.instagram.com\/luxe.sound\/\"]}]}<\/script>\n<!-- \/ Yoast SEO plugin. -->","yoast_head_json":{"title":"Wiim Amp Streaming Amplifier - Luxe Sound","description":"Enhance your sound system with the Wiim Amp Streaming Amplifier. Enjoy high-fidelity audio streaming and powerful amplification. Free Shipping!","robots":{"index":"index","follow":"follow","max-snippet":"max-snippet:-1","max-image-preview":"max-image-preview:large","max-video-preview":"max-video-preview:-1"},"canonical":"https:\/\/luxesound.ca\/fr\/product\/wiim-amp-streaming-amplifier\/","og_locale":"fr_FR","og_type":"article","og_title":"Wiim Amp Streaming Amplifier - Luxe Sound","og_description":"Enhance your sound system with the Wiim Amp Streaming Amplifier. Enjoy high-fidelity audio streaming and powerful amplification. Free Shipping!","og_url":"https:\/\/luxesound.ca\/fr\/product\/wiim-amp-streaming-amplifier\/","og_site_name":"Luxe Sound","article_publisher":"https:\/\/www.facebook.com\/luxesound.ca","article_modified_time":"2026-04-24T14:18:55+00:00","og_image":[{"width":1200,"height":800,"url":"https:\/\/luxesound.ca\/wp-content\/uploads\/2024\/10\/Wiim-Amp-1.webp","type":"image\/webp"}],"twitter_card":"summary_large_image","twitter_misc":{"Est. reading time":"1 minute"},"schema":{"@context":"https:\/\/schema.org","@graph":[{"@type":"WebPage","@id":"https:\/\/luxesound.ca\/product\/wiim-amp-streaming-amplifier\/","url":"https:\/\/luxesound.ca\/product\/wiim-amp-streaming-amplifier\/","name":"Wiim Amp Streaming Amplifier - Luxe Sound","isPartOf":{"@id":"https:\/\/luxesound.ca\/#website"},"primaryImageOfPage":{"@id":"https:\/\/luxesound.ca\/product\/wiim-amp-streaming-amplifier\/#primaryimage"},"image":{"@id":"https:\/\/luxesound.ca\/product\/wiim-amp-streaming-amplifier\/#primaryimage"},"thumbnailUrl":"https:\/\/luxesound.ca\/wp-content\/uploads\/2024\/10\/Wiim-Amp-1.webp","datePublished":"2024-10-08T18:35:53+00:00","dateModified":"2026-04-24T14:18:55+00:00","description":"Enhance your sound system with the Wiim Amp Streaming Amplifier. Enjoy high-fidelity audio streaming and powerful amplification. Free Shipping!","breadcrumb":{"@id":"https:\/\/luxesound.ca\/product\/wiim-amp-streaming-amplifier\/#breadcrumb"},"inLanguage":"fr-qc","potentialAction":[{"@type":"ReadAction","target":["https:\/\/luxesound.ca\/product\/wiim-amp-streaming-amplifier\/"]}]},{"@type":"ImageObject","inLanguage":"fr-qc","@id":"https:\/\/luxesound.ca\/product\/wiim-amp-streaming-amplifier\/#primaryimage","url":"https:\/\/luxesound.ca\/wp-content\/uploads\/2024\/10\/Wiim-Amp-1.webp","contentUrl":"https:\/\/luxesound.ca\/wp-content\/uploads\/2024\/10\/Wiim-Amp-1.webp","width":1200,"height":800,"caption":"Wiim Amp grey front facing on white background"},{"@type":"BreadcrumbList","@id":"https:\/\/luxesound.ca\/product\/wiim-amp-streaming-amplifier\/#breadcrumb","itemListElement":[{"@type":"ListItem","position":1,"name":"Home","item":"https:\/\/luxesound.ca\/"},{"@type":"ListItem","position":2,"name":"Products","item":"https:\/\/luxesound.ca\/shop\/"},{"@type":"ListItem","position":3,"name":"Wiim Amp Streaming Amplifier"}]},{"@type":"WebSite","@id":"https:\/\/luxesound.ca\/#website","url":"https:\/\/luxesound.ca\/","name":"Son luxueux","description":"Les meilleurs \u00e9couteurs et haut-parleurs. Fi\u00e8rement canadiens.","publisher":{"@id":"https:\/\/luxesound.ca\/#organization"},"potentialAction":[{"@type":"SearchAction","target":{"@type":"EntryPoint","urlTemplate":"https:\/\/luxesound.ca\/?s={search_term_string}"},"query-input":{"@type":"PropertyValueSpecification","valueRequired":true,"valueName":"search_term_string"}}],"inLanguage":"fr-qc"},{"@type":"Organization","@id":"https:\/\/luxesound.ca\/#organization","name":"Son luxueux","url":"https:\/\/luxesound.ca\/","logo":{"@type":"ImageObject","inLanguage":"fr-qc","@id":"https:\/\/luxesound.ca\/#\/schema\/logo\/image\/","url":"https:\/\/luxesound.ca\/wp-content\/uploads\/2024\/08\/cropped-Luxe-white-on-green.png","contentUrl":"https:\/\/luxesound.ca\/wp-content\/uploads\/2024\/08\/cropped-Luxe-white-on-green.png","width":512,"height":512,"caption":"Luxe Sound"},"image":{"@id":"https:\/\/luxesound.ca\/#\/schema\/logo\/image\/"},"sameAs":["https:\/\/www.facebook.com\/luxesound.ca","https:\/\/www.instagram.com\/luxe.sound\/"]}]}},"_links":{"self":[{"href":"https:\/\/luxesound.ca\/fr\/wp-json\/wp\/v2\/product\/8408","targetHints":{"allow":["GET"]}}],"collection":[{"href":"https:\/\/luxesound.ca\/fr\/wp-json\/wp\/v2\/product"}],"about":[{"href":"https:\/\/luxesound.ca\/fr\/wp-json\/wp\/v2\/types\/product"}],"replies":[{"embeddable":true,"href":"https:\/\/luxesound.ca\/fr\/wp-json\/wp\/v2\/comments?post=8408"}],"version-history":[{"count":3,"href":"https:\/\/luxesound.ca\/fr\/wp-json\/wp\/v2\/product\/8408\/revisions"}],"predecessor-version":[{"id":13105,"href":"https:\/\/luxesound.ca\/fr\/wp-json\/wp\/v2\/product\/8408\/revisions\/13105"}],"wp:featuredmedia":[{"embeddable":true,"href":"https:\/\/luxesound.ca\/fr\/wp-json\/wp\/v2\/media\/8412"}],"wp:attachment":[{"href":"https:\/\/luxesound.ca\/fr\/wp-json\/wp\/v2\/media?parent=8408"}],"wp:term":[{"taxonomy":"product_brand","embeddable":true,"href":"https:\/\/luxesound.ca\/fr\/wp-json\/wp\/v2\/product_brand?post=8408"},{"taxonomy":"product_cat","embeddable":true,"href":"https:\/\/luxesound.ca\/fr\/wp-json\/wp\/v2\/product_cat?post=8408"},{"taxonomy":"product_tag","embeddable":true,"href":"https:\/\/luxesound.ca\/fr\/wp-json\/wp\/v2\/product_tag?post=8408"}],"curies":[{"name":"wp","href":"https:\/\/api.w.org\/{rel}","templated":true}]}}