{"id":6935,"date":"2024-09-12T12:23:26","date_gmt":"2024-09-12T16:23:26","guid":{"rendered":"https:\/\/luxesound.ca\/?post_type=product&#038;p=6935"},"modified":"2026-05-04T10:37:13","modified_gmt":"2026-05-04T14:37:13","slug":"tivoli-music-system-bt","status":"publish","type":"product","link":"https:\/\/luxesound.ca\/fr\/product\/tivoli-music-system-bt\/","title":{"rendered":"Syst\u00e8me de musique Tivoli BT Speaker"},"content":{"rendered":"<p class=\"p1\">Le Tivoli Music System Bluetooth est un syst\u00e8me audio compact mais puissant qui offre un son exceptionnel. Il comprend une radio AM\/FM, une lecture CD et une diffusion Bluetooth, avec des basses am\u00e9lior\u00e9es gr\u00e2ce \u00e0 son caisson de basses orient\u00e9 vers le bas pour une exp\u00e9rience st\u00e9r\u00e9o riche. Il comprend un \u00e9cran facile \u00e0 lire, une horloge num\u00e9rique avec batterie de secours, une t\u00e9l\u00e9commande multifonction, des minuteries de r\u00e9p\u00e9tition et de mise en veille et deux alarmes ind\u00e9pendantes. Le tout est \u00e9l\u00e9gamment log\u00e9 dans un bo\u00eetier en bois v\u00e9ritable fabriqu\u00e9 \u00e0 la main, vous offrant une solution audio compl\u00e8te tout-en-un.<\/p>","protected":false},"excerpt":{"rendered":"<p class=\"p1\">Le Tivoli Music System Bluetooth est un syst\u00e8me audio compact mais puissant qui offre un son exceptionnel. Il comprend une radio AM\/FM, une lecture CD et une diffusion Bluetooth, avec des basses am\u00e9lior\u00e9es gr\u00e2ce \u00e0 son caisson de basses orient\u00e9 vers le bas pour une exp\u00e9rience st\u00e9r\u00e9o riche. Il comprend un \u00e9cran facile \u00e0 lire, une horloge num\u00e9rique avec batterie de secours, une t\u00e9l\u00e9commande multifonction, des minuteries de r\u00e9p\u00e9tition et de mise en veille et deux alarmes ind\u00e9pendantes. Le tout est \u00e9l\u00e9gamment log\u00e9 dans un bo\u00eetier en bois v\u00e9ritable fabriqu\u00e9 \u00e0 la main, vous offrant une solution audio compl\u00e8te tout-en-un.<\/p>","protected":false},"featured_media":7485,"comment_status":"open","ping_status":"closed","template":"","meta":{"_acf_changed":false,"_mo_disable_npp":"","inline_featured_image":false},"product_brand":[754],"product_cat":[27,756],"product_tag":[],"class_list":{"0":"post-6935","1":"product","2":"type-product","3":"status-publish","4":"has-post-thumbnail","6":"product_brand-tivoli","7":"product_cat-speakers","8":"product_cat-tivoli","9":"pa_colour-black","10":"pa_colour-cherry","11":"pa_colour-walnut","12":"pa_colour-white","14":"first","15":"instock","16":"sale","17":"taxable","18":"shipping-taxable","19":"purchasable","20":"product-type-variable","21":"has-default-attributes"},"bundled_by":[],"bundle_stock_status":"instock","bundle_stock_quantity":null,"bundle_virtual":false,"bundle_layout":"","bundle_add_to_cart_form_location":"","bundle_editable_in_cart":false,"bundle_sold_individually_context":"","bundle_item_grouping":"","bundle_min_size":"","bundle_max_size":"","bundle_price":[],"bundled_items":[],"bundle_sell_ids":[],"acf":[],"ct_brands":[{"id":754,"name":"Tivoli","slug":"tivoli"}],"yoast_head":"<!-- This site is optimized with the Yoast SEO plugin v27.2 - https:\/\/yoast.com\/product\/yoast-seo-wordpress\/ -->\n<title>Tivoli Music System BT Speaker - Luxe Sound<\/title>\n<meta name=\"description\" content=\"Upgrade your audio with the Tivoli Music System Bluetooth. Enjoy rich sound, Bluetooth connectivity, and elegant design for any space. Free Shipping!\" \/>\n<meta name=\"robots\" content=\"index, follow, max-snippet:-1, max-image-preview:large, max-video-preview:-1\" \/>\n<link rel=\"canonical\" href=\"https:\/\/luxesound.ca\/fr\/product\/tivoli-music-system-bt\/\" \/>\n<meta property=\"og:locale\" content=\"fr_FR\" \/>\n<meta property=\"og:type\" content=\"article\" \/>\n<meta property=\"og:title\" content=\"Tivoli Music System BT Speaker - Luxe Sound\" \/>\n<meta property=\"og:description\" content=\"Upgrade your audio with the Tivoli Music System Bluetooth. Enjoy rich sound, Bluetooth connectivity, and elegant design for any space. Free Shipping!\" \/>\n<meta property=\"og:url\" content=\"https:\/\/luxesound.ca\/fr\/product\/tivoli-music-system-bt\/\" \/>\n<meta property=\"og:site_name\" content=\"Luxe Sound\" \/>\n<meta property=\"article:publisher\" content=\"https:\/\/www.facebook.com\/luxesound.ca\" \/>\n<meta property=\"article:modified_time\" content=\"2026-05-04T14:37:13+00:00\" \/>\n<meta property=\"og:image\" content=\"https:\/\/luxesound.ca\/wp-content\/uploads\/2024\/09\/Tivoli-Music-System-BT-Walnut-2-1.webp\" \/>\n\t<meta property=\"og:image:width\" content=\"1200\" \/>\n\t<meta property=\"og:image:height\" content=\"800\" \/>\n\t<meta property=\"og:image:type\" content=\"image\/webp\" \/>\n<meta name=\"twitter:card\" content=\"summary_large_image\" \/>\n<meta name=\"twitter:label1\" content=\"Est. reading time\" \/>\n\t<meta name=\"twitter:data1\" content=\"1 minute\" \/>\n<script type=\"application\/ld+json\" class=\"yoast-schema-graph\">{\"@context\":\"https:\/\/schema.org\",\"@graph\":[{\"@type\":\"WebPage\",\"@id\":\"https:\/\/luxesound.ca\/product\/tivoli-music-system-bt\/\",\"url\":\"https:\/\/luxesound.ca\/product\/tivoli-music-system-bt\/\",\"name\":\"Tivoli Music System BT Speaker - Luxe Sound\",\"isPartOf\":{\"@id\":\"https:\/\/luxesound.ca\/#website\"},\"primaryImageOfPage\":{\"@id\":\"https:\/\/luxesound.ca\/product\/tivoli-music-system-bt\/#primaryimage\"},\"image\":{\"@id\":\"https:\/\/luxesound.ca\/product\/tivoli-music-system-bt\/#primaryimage\"},\"thumbnailUrl\":\"https:\/\/luxesound.ca\/wp-content\/uploads\/2024\/09\/Tivoli-Music-System-BT-Walnut-2-1.webp\",\"datePublished\":\"2024-09-12T16:23:26+00:00\",\"dateModified\":\"2026-05-04T14:37:13+00:00\",\"description\":\"Upgrade your audio with the Tivoli Music System Bluetooth. Enjoy rich sound, Bluetooth connectivity, and elegant design for any space. Free Shipping!\",\"breadcrumb\":{\"@id\":\"https:\/\/luxesound.ca\/product\/tivoli-music-system-bt\/#breadcrumb\"},\"inLanguage\":\"fr-qc\",\"potentialAction\":[{\"@type\":\"ReadAction\",\"target\":[\"https:\/\/luxesound.ca\/product\/tivoli-music-system-bt\/\"]}]},{\"@type\":\"ImageObject\",\"inLanguage\":\"fr-qc\",\"@id\":\"https:\/\/luxesound.ca\/product\/tivoli-music-system-bt\/#primaryimage\",\"url\":\"https:\/\/luxesound.ca\/wp-content\/uploads\/2024\/09\/Tivoli-Music-System-BT-Walnut-2-1.webp\",\"contentUrl\":\"https:\/\/luxesound.ca\/wp-content\/uploads\/2024\/09\/Tivoli-Music-System-BT-Walnut-2-1.webp\",\"width\":1200,\"height\":800,\"caption\":\"Tivoli Music System BT in Walnut, on white background, product photo\"},{\"@type\":\"BreadcrumbList\",\"@id\":\"https:\/\/luxesound.ca\/product\/tivoli-music-system-bt\/#breadcrumb\",\"itemListElement\":[{\"@type\":\"ListItem\",\"position\":1,\"name\":\"Home\",\"item\":\"https:\/\/luxesound.ca\/\"},{\"@type\":\"ListItem\",\"position\":2,\"name\":\"Products\",\"item\":\"https:\/\/luxesound.ca\/shop\/\"},{\"@type\":\"ListItem\",\"position\":3,\"name\":\"Tivoli Music System BT Speaker\"}]},{\"@type\":\"WebSite\",\"@id\":\"https:\/\/luxesound.ca\/#website\",\"url\":\"https:\/\/luxesound.ca\/\",\"name\":\"Luxe Sound\",\"description\":\"The Finest Headphones &amp; Speakers. Proudly Canadian.\",\"publisher\":{\"@id\":\"https:\/\/luxesound.ca\/#organization\"},\"potentialAction\":[{\"@type\":\"SearchAction\",\"target\":{\"@type\":\"EntryPoint\",\"urlTemplate\":\"https:\/\/luxesound.ca\/?s={search_term_string}\"},\"query-input\":{\"@type\":\"PropertyValueSpecification\",\"valueRequired\":true,\"valueName\":\"search_term_string\"}}],\"inLanguage\":\"fr-qc\"},{\"@type\":\"Organization\",\"@id\":\"https:\/\/luxesound.ca\/#organization\",\"name\":\"Luxe Sound\",\"url\":\"https:\/\/luxesound.ca\/\",\"logo\":{\"@type\":\"ImageObject\",\"inLanguage\":\"fr-qc\",\"@id\":\"https:\/\/luxesound.ca\/#\/schema\/logo\/image\/\",\"url\":\"https:\/\/luxesound.ca\/wp-content\/uploads\/2024\/08\/cropped-Luxe-white-on-green.png\",\"contentUrl\":\"https:\/\/luxesound.ca\/wp-content\/uploads\/2024\/08\/cropped-Luxe-white-on-green.png\",\"width\":512,\"height\":512,\"caption\":\"Luxe Sound\"},\"image\":{\"@id\":\"https:\/\/luxesound.ca\/#\/schema\/logo\/image\/\"},\"sameAs\":[\"https:\/\/www.facebook.com\/luxesound.ca\",\"https:\/\/www.instagram.com\/luxe.sound\/\"]}]}<\/script>\n<!-- \/ Yoast SEO plugin. -->","yoast_head_json":{"title":"Tivoli Music System BT Speaker - Luxe Sound","description":"Upgrade your audio with the Tivoli Music System Bluetooth. Enjoy rich sound, Bluetooth connectivity, and elegant design for any space. Free Shipping!","robots":{"index":"index","follow":"follow","max-snippet":"max-snippet:-1","max-image-preview":"max-image-preview:large","max-video-preview":"max-video-preview:-1"},"canonical":"https:\/\/luxesound.ca\/fr\/product\/tivoli-music-system-bt\/","og_locale":"fr_FR","og_type":"article","og_title":"Tivoli Music System BT Speaker - Luxe Sound","og_description":"Upgrade your audio with the Tivoli Music System Bluetooth. Enjoy rich sound, Bluetooth connectivity, and elegant design for any space. Free Shipping!","og_url":"https:\/\/luxesound.ca\/fr\/product\/tivoli-music-system-bt\/","og_site_name":"Luxe Sound","article_publisher":"https:\/\/www.facebook.com\/luxesound.ca","article_modified_time":"2026-05-04T14:37:13+00:00","og_image":[{"width":1200,"height":800,"url":"https:\/\/luxesound.ca\/wp-content\/uploads\/2024\/09\/Tivoli-Music-System-BT-Walnut-2-1.webp","type":"image\/webp"}],"twitter_card":"summary_large_image","twitter_misc":{"Est. reading time":"1 minute"},"schema":{"@context":"https:\/\/schema.org","@graph":[{"@type":"WebPage","@id":"https:\/\/luxesound.ca\/product\/tivoli-music-system-bt\/","url":"https:\/\/luxesound.ca\/product\/tivoli-music-system-bt\/","name":"Tivoli Music System BT Speaker - Luxe Sound","isPartOf":{"@id":"https:\/\/luxesound.ca\/#website"},"primaryImageOfPage":{"@id":"https:\/\/luxesound.ca\/product\/tivoli-music-system-bt\/#primaryimage"},"image":{"@id":"https:\/\/luxesound.ca\/product\/tivoli-music-system-bt\/#primaryimage"},"thumbnailUrl":"https:\/\/luxesound.ca\/wp-content\/uploads\/2024\/09\/Tivoli-Music-System-BT-Walnut-2-1.webp","datePublished":"2024-09-12T16:23:26+00:00","dateModified":"2026-05-04T14:37:13+00:00","description":"Upgrade your audio with the Tivoli Music System Bluetooth. Enjoy rich sound, Bluetooth connectivity, and elegant design for any space. Free Shipping!","breadcrumb":{"@id":"https:\/\/luxesound.ca\/product\/tivoli-music-system-bt\/#breadcrumb"},"inLanguage":"fr-qc","potentialAction":[{"@type":"ReadAction","target":["https:\/\/luxesound.ca\/product\/tivoli-music-system-bt\/"]}]},{"@type":"ImageObject","inLanguage":"fr-qc","@id":"https:\/\/luxesound.ca\/product\/tivoli-music-system-bt\/#primaryimage","url":"https:\/\/luxesound.ca\/wp-content\/uploads\/2024\/09\/Tivoli-Music-System-BT-Walnut-2-1.webp","contentUrl":"https:\/\/luxesound.ca\/wp-content\/uploads\/2024\/09\/Tivoli-Music-System-BT-Walnut-2-1.webp","width":1200,"height":800,"caption":"Tivoli Music System BT in Walnut, on white background, product photo"},{"@type":"BreadcrumbList","@id":"https:\/\/luxesound.ca\/product\/tivoli-music-system-bt\/#breadcrumb","itemListElement":[{"@type":"ListItem","position":1,"name":"Home","item":"https:\/\/luxesound.ca\/"},{"@type":"ListItem","position":2,"name":"Products","item":"https:\/\/luxesound.ca\/shop\/"},{"@type":"ListItem","position":3,"name":"Tivoli Music System BT Speaker"}]},{"@type":"WebSite","@id":"https:\/\/luxesound.ca\/#website","url":"https:\/\/luxesound.ca\/","name":"Son luxueux","description":"Les meilleurs \u00e9couteurs et haut-parleurs. Fi\u00e8rement canadiens.","publisher":{"@id":"https:\/\/luxesound.ca\/#organization"},"potentialAction":[{"@type":"SearchAction","target":{"@type":"EntryPoint","urlTemplate":"https:\/\/luxesound.ca\/?s={search_term_string}"},"query-input":{"@type":"PropertyValueSpecification","valueRequired":true,"valueName":"search_term_string"}}],"inLanguage":"fr-qc"},{"@type":"Organization","@id":"https:\/\/luxesound.ca\/#organization","name":"Son luxueux","url":"https:\/\/luxesound.ca\/","logo":{"@type":"ImageObject","inLanguage":"fr-qc","@id":"https:\/\/luxesound.ca\/#\/schema\/logo\/image\/","url":"https:\/\/luxesound.ca\/wp-content\/uploads\/2024\/08\/cropped-Luxe-white-on-green.png","contentUrl":"https:\/\/luxesound.ca\/wp-content\/uploads\/2024\/08\/cropped-Luxe-white-on-green.png","width":512,"height":512,"caption":"Luxe Sound"},"image":{"@id":"https:\/\/luxesound.ca\/#\/schema\/logo\/image\/"},"sameAs":["https:\/\/www.facebook.com\/luxesound.ca","https:\/\/www.instagram.com\/luxe.sound\/"]}]}},"_links":{"self":[{"href":"https:\/\/luxesound.ca\/fr\/wp-json\/wp\/v2\/product\/6935","targetHints":{"allow":["GET"]}}],"collection":[{"href":"https:\/\/luxesound.ca\/fr\/wp-json\/wp\/v2\/product"}],"about":[{"href":"https:\/\/luxesound.ca\/fr\/wp-json\/wp\/v2\/types\/product"}],"replies":[{"embeddable":true,"href":"https:\/\/luxesound.ca\/fr\/wp-json\/wp\/v2\/comments?post=6935"}],"version-history":[{"count":1,"href":"https:\/\/luxesound.ca\/fr\/wp-json\/wp\/v2\/product\/6935\/revisions"}],"predecessor-version":[{"id":7491,"href":"https:\/\/luxesound.ca\/fr\/wp-json\/wp\/v2\/product\/6935\/revisions\/7491"}],"wp:featuredmedia":[{"embeddable":true,"href":"https:\/\/luxesound.ca\/fr\/wp-json\/wp\/v2\/media\/7485"}],"wp:attachment":[{"href":"https:\/\/luxesound.ca\/fr\/wp-json\/wp\/v2\/media?parent=6935"}],"wp:term":[{"taxonomy":"product_brand","embeddable":true,"href":"https:\/\/luxesound.ca\/fr\/wp-json\/wp\/v2\/product_brand?post=6935"},{"taxonomy":"product_cat","embeddable":true,"href":"https:\/\/luxesound.ca\/fr\/wp-json\/wp\/v2\/product_cat?post=6935"},{"taxonomy":"product_tag","embeddable":true,"href":"https:\/\/luxesound.ca\/fr\/wp-json\/wp\/v2\/product_tag?post=6935"}],"curies":[{"name":"wp","href":"https:\/\/api.w.org\/{rel}","templated":true}]}}