{"id":6861,"date":"2024-09-12T12:25:08","date_gmt":"2024-09-12T16:25:08","guid":{"rendered":"https:\/\/luxesound.ca\/?post_type=product&#038;p=6861"},"modified":"2026-05-04T10:38:14","modified_gmt":"2026-05-04T14:38:14","slug":"tivoli-songbook-max","status":"publish","type":"product","link":"https:\/\/luxesound.ca\/fr\/product\/tivoli-songbook-max\/","title":{"rendered":"Enceinte portable Tivoli Songbook MAX"},"content":{"rendered":"<p class=\"p1\">L&#039;enceinte portable Tivoli SongBook MAX est le m\u00e9lange parfait de style classique et de performances modernes. Avec son look d&#039;inspiration vintage et ses couleurs vives, elle fait tourner les t\u00eates partout o\u00f9 vous l&#039;emmenez. Con\u00e7ue pour un son puissant, elle est dot\u00e9e de plusieurs haut-parleurs qui offrent une exp\u00e9rience audio impressionnante. Sa poign\u00e9e de transport pratique, son autonomie de 10 heures, son pr\u00e9ampli int\u00e9gr\u00e9, sa radio DAB\/DAB+\/FM et sa connectivit\u00e9 Bluetooth en font le choix ultime pour rehausser votre son, que ce soit \u00e0 l&#039;int\u00e9rieur ou \u00e0 l&#039;ext\u00e9rieur.<\/p>","protected":false},"excerpt":{"rendered":"<p>L&#039;enceinte portable Tivoli SongBook MAX est le m\u00e9lange parfait de style classique et de performances modernes. Avec son look d&#039;inspiration vintage et ses couleurs vives, elle fait tourner les t\u00eates partout o\u00f9 vous l&#039;emmenez. Con\u00e7ue pour un son puissant, elle est dot\u00e9e de plusieurs haut-parleurs qui offrent une exp\u00e9rience audio impressionnante. Sa poign\u00e9e de transport pratique, son autonomie de 10 heures, son pr\u00e9ampli int\u00e9gr\u00e9, sa radio DAB\/DAB+\/FM et sa connectivit\u00e9 Bluetooth en font le choix ultime pour rehausser votre son, que ce soit \u00e0 l&#039;int\u00e9rieur ou \u00e0 l&#039;ext\u00e9rieur.<\/p>","protected":false},"featured_media":7458,"comment_status":"open","ping_status":"closed","template":"","meta":{"_acf_changed":false,"_mo_disable_npp":"","inline_featured_image":false},"product_brand":[754],"product_cat":[777,27,756],"product_tag":[694],"class_list":{"0":"post-6861","1":"product","2":"type-product","3":"status-publish","4":"has-post-thumbnail","6":"product_brand-tivoli","7":"product_cat-portable-speakers","8":"product_cat-speakers","9":"product_cat-tivoli","10":"product_tag-colourful","11":"pa_colour-cream","12":"pa_colour-olive-green","14":"first","15":"instock","16":"taxable","17":"shipping-taxable","18":"purchasable","19":"product-type-variable","20":"has-default-attributes"},"bundled_by":[],"bundle_stock_status":"instock","bundle_stock_quantity":11,"bundle_virtual":false,"bundle_layout":"","bundle_add_to_cart_form_location":"","bundle_editable_in_cart":false,"bundle_sold_individually_context":"","bundle_item_grouping":"","bundle_min_size":"","bundle_max_size":"","bundle_price":[],"bundled_items":[],"bundle_sell_ids":[],"acf":[],"ct_brands":[{"id":754,"name":"Tivoli","slug":"tivoli"}],"yoast_head":"<!-- This site is optimized with the Yoast SEO plugin v27.2 - https:\/\/yoast.com\/product\/yoast-seo-wordpress\/ -->\n<title>Tivoli Songbook MAX Portable Speaker - Luxe Sound<\/title>\n<meta name=\"description\" content=\"Discover the Tivoli Songbook MAX for portable, high-quality sound. Compact, durable, and perfect for on-the-go listening. Free Shipping!\" \/>\n<meta name=\"robots\" content=\"index, follow, max-snippet:-1, max-image-preview:large, max-video-preview:-1\" \/>\n<link rel=\"canonical\" href=\"https:\/\/luxesound.ca\/fr\/product\/tivoli-songbook-max\/\" \/>\n<meta property=\"og:locale\" content=\"fr_FR\" \/>\n<meta property=\"og:type\" content=\"article\" \/>\n<meta property=\"og:title\" content=\"Tivoli Songbook MAX Portable Speaker - Luxe Sound\" \/>\n<meta property=\"og:description\" content=\"Discover the Tivoli Songbook MAX for portable, high-quality sound. Compact, durable, and perfect for on-the-go listening. Free Shipping!\" \/>\n<meta property=\"og:url\" content=\"https:\/\/luxesound.ca\/fr\/product\/tivoli-songbook-max\/\" \/>\n<meta property=\"og:site_name\" content=\"Luxe Sound\" \/>\n<meta property=\"article:publisher\" content=\"https:\/\/www.facebook.com\/luxesound.ca\" \/>\n<meta property=\"article:modified_time\" content=\"2026-05-04T14:38:14+00:00\" \/>\n<meta property=\"og:image\" content=\"https:\/\/luxesound.ca\/wp-content\/uploads\/2024\/09\/Tivoli-Songbook-Max-Green-3.webp\" \/>\n\t<meta property=\"og:image:width\" content=\"1200\" \/>\n\t<meta property=\"og:image:height\" content=\"800\" \/>\n\t<meta property=\"og:image:type\" content=\"image\/webp\" \/>\n<meta name=\"twitter:card\" content=\"summary_large_image\" \/>\n<meta name=\"twitter:label1\" content=\"Est. reading time\" \/>\n\t<meta name=\"twitter:data1\" content=\"1 minute\" \/>\n<script type=\"application\/ld+json\" class=\"yoast-schema-graph\">{\"@context\":\"https:\/\/schema.org\",\"@graph\":[{\"@type\":\"WebPage\",\"@id\":\"https:\/\/luxesound.ca\/product\/tivoli-songbook-max\/\",\"url\":\"https:\/\/luxesound.ca\/product\/tivoli-songbook-max\/\",\"name\":\"Tivoli Songbook MAX Portable Speaker - Luxe Sound\",\"isPartOf\":{\"@id\":\"https:\/\/luxesound.ca\/#website\"},\"primaryImageOfPage\":{\"@id\":\"https:\/\/luxesound.ca\/product\/tivoli-songbook-max\/#primaryimage\"},\"image\":{\"@id\":\"https:\/\/luxesound.ca\/product\/tivoli-songbook-max\/#primaryimage\"},\"thumbnailUrl\":\"https:\/\/luxesound.ca\/wp-content\/uploads\/2024\/09\/Tivoli-Songbook-Max-Green-3.webp\",\"datePublished\":\"2024-09-12T16:25:08+00:00\",\"dateModified\":\"2026-05-04T14:38:14+00:00\",\"description\":\"Discover the Tivoli Songbook MAX for portable, high-quality sound. Compact, durable, and perfect for on-the-go listening. Free Shipping!\",\"breadcrumb\":{\"@id\":\"https:\/\/luxesound.ca\/product\/tivoli-songbook-max\/#breadcrumb\"},\"inLanguage\":\"fr-qc\",\"potentialAction\":[{\"@type\":\"ReadAction\",\"target\":[\"https:\/\/luxesound.ca\/product\/tivoli-songbook-max\/\"]}]},{\"@type\":\"ImageObject\",\"inLanguage\":\"fr-qc\",\"@id\":\"https:\/\/luxesound.ca\/product\/tivoli-songbook-max\/#primaryimage\",\"url\":\"https:\/\/luxesound.ca\/wp-content\/uploads\/2024\/09\/Tivoli-Songbook-Max-Green-3.webp\",\"contentUrl\":\"https:\/\/luxesound.ca\/wp-content\/uploads\/2024\/09\/Tivoli-Songbook-Max-Green-3.webp\",\"width\":1200,\"height\":800,\"caption\":\"Tivoli Songbook Max in green, on white background, product photo of speaker\"},{\"@type\":\"BreadcrumbList\",\"@id\":\"https:\/\/luxesound.ca\/product\/tivoli-songbook-max\/#breadcrumb\",\"itemListElement\":[{\"@type\":\"ListItem\",\"position\":1,\"name\":\"Home\",\"item\":\"https:\/\/luxesound.ca\/\"},{\"@type\":\"ListItem\",\"position\":2,\"name\":\"Products\",\"item\":\"https:\/\/luxesound.ca\/shop\/\"},{\"@type\":\"ListItem\",\"position\":3,\"name\":\"Tivoli Songbook MAX Portable Speaker\"}]},{\"@type\":\"WebSite\",\"@id\":\"https:\/\/luxesound.ca\/#website\",\"url\":\"https:\/\/luxesound.ca\/\",\"name\":\"Luxe Sound\",\"description\":\"The Finest Headphones &amp; Speakers. Proudly Canadian.\",\"publisher\":{\"@id\":\"https:\/\/luxesound.ca\/#organization\"},\"potentialAction\":[{\"@type\":\"SearchAction\",\"target\":{\"@type\":\"EntryPoint\",\"urlTemplate\":\"https:\/\/luxesound.ca\/?s={search_term_string}\"},\"query-input\":{\"@type\":\"PropertyValueSpecification\",\"valueRequired\":true,\"valueName\":\"search_term_string\"}}],\"inLanguage\":\"fr-qc\"},{\"@type\":\"Organization\",\"@id\":\"https:\/\/luxesound.ca\/#organization\",\"name\":\"Luxe Sound\",\"url\":\"https:\/\/luxesound.ca\/\",\"logo\":{\"@type\":\"ImageObject\",\"inLanguage\":\"fr-qc\",\"@id\":\"https:\/\/luxesound.ca\/#\/schema\/logo\/image\/\",\"url\":\"https:\/\/luxesound.ca\/wp-content\/uploads\/2024\/08\/cropped-Luxe-white-on-green.png\",\"contentUrl\":\"https:\/\/luxesound.ca\/wp-content\/uploads\/2024\/08\/cropped-Luxe-white-on-green.png\",\"width\":512,\"height\":512,\"caption\":\"Luxe Sound\"},\"image\":{\"@id\":\"https:\/\/luxesound.ca\/#\/schema\/logo\/image\/\"},\"sameAs\":[\"https:\/\/www.facebook.com\/luxesound.ca\",\"https:\/\/www.instagram.com\/luxe.sound\/\"]}]}<\/script>\n<!-- \/ Yoast SEO plugin. -->","yoast_head_json":{"title":"Tivoli Songbook MAX Portable Speaker - Luxe Sound","description":"Discover the Tivoli Songbook MAX for portable, high-quality sound. Compact, durable, and perfect for on-the-go listening. Free Shipping!","robots":{"index":"index","follow":"follow","max-snippet":"max-snippet:-1","max-image-preview":"max-image-preview:large","max-video-preview":"max-video-preview:-1"},"canonical":"https:\/\/luxesound.ca\/fr\/product\/tivoli-songbook-max\/","og_locale":"fr_FR","og_type":"article","og_title":"Tivoli Songbook MAX Portable Speaker - Luxe Sound","og_description":"Discover the Tivoli Songbook MAX for portable, high-quality sound. Compact, durable, and perfect for on-the-go listening. Free Shipping!","og_url":"https:\/\/luxesound.ca\/fr\/product\/tivoli-songbook-max\/","og_site_name":"Luxe Sound","article_publisher":"https:\/\/www.facebook.com\/luxesound.ca","article_modified_time":"2026-05-04T14:38:14+00:00","og_image":[{"width":1200,"height":800,"url":"https:\/\/luxesound.ca\/wp-content\/uploads\/2024\/09\/Tivoli-Songbook-Max-Green-3.webp","type":"image\/webp"}],"twitter_card":"summary_large_image","twitter_misc":{"Est. reading time":"1 minute"},"schema":{"@context":"https:\/\/schema.org","@graph":[{"@type":"WebPage","@id":"https:\/\/luxesound.ca\/product\/tivoli-songbook-max\/","url":"https:\/\/luxesound.ca\/product\/tivoli-songbook-max\/","name":"Tivoli Songbook MAX Portable Speaker - Luxe Sound","isPartOf":{"@id":"https:\/\/luxesound.ca\/#website"},"primaryImageOfPage":{"@id":"https:\/\/luxesound.ca\/product\/tivoli-songbook-max\/#primaryimage"},"image":{"@id":"https:\/\/luxesound.ca\/product\/tivoli-songbook-max\/#primaryimage"},"thumbnailUrl":"https:\/\/luxesound.ca\/wp-content\/uploads\/2024\/09\/Tivoli-Songbook-Max-Green-3.webp","datePublished":"2024-09-12T16:25:08+00:00","dateModified":"2026-05-04T14:38:14+00:00","description":"Discover the Tivoli Songbook MAX for portable, high-quality sound. Compact, durable, and perfect for on-the-go listening. Free Shipping!","breadcrumb":{"@id":"https:\/\/luxesound.ca\/product\/tivoli-songbook-max\/#breadcrumb"},"inLanguage":"fr-qc","potentialAction":[{"@type":"ReadAction","target":["https:\/\/luxesound.ca\/product\/tivoli-songbook-max\/"]}]},{"@type":"ImageObject","inLanguage":"fr-qc","@id":"https:\/\/luxesound.ca\/product\/tivoli-songbook-max\/#primaryimage","url":"https:\/\/luxesound.ca\/wp-content\/uploads\/2024\/09\/Tivoli-Songbook-Max-Green-3.webp","contentUrl":"https:\/\/luxesound.ca\/wp-content\/uploads\/2024\/09\/Tivoli-Songbook-Max-Green-3.webp","width":1200,"height":800,"caption":"Tivoli Songbook Max in green, on white background, product photo of speaker"},{"@type":"BreadcrumbList","@id":"https:\/\/luxesound.ca\/product\/tivoli-songbook-max\/#breadcrumb","itemListElement":[{"@type":"ListItem","position":1,"name":"Home","item":"https:\/\/luxesound.ca\/"},{"@type":"ListItem","position":2,"name":"Products","item":"https:\/\/luxesound.ca\/shop\/"},{"@type":"ListItem","position":3,"name":"Tivoli Songbook MAX Portable Speaker"}]},{"@type":"WebSite","@id":"https:\/\/luxesound.ca\/#website","url":"https:\/\/luxesound.ca\/","name":"Son luxueux","description":"Les meilleurs \u00e9couteurs et haut-parleurs. Fi\u00e8rement canadiens.","publisher":{"@id":"https:\/\/luxesound.ca\/#organization"},"potentialAction":[{"@type":"SearchAction","target":{"@type":"EntryPoint","urlTemplate":"https:\/\/luxesound.ca\/?s={search_term_string}"},"query-input":{"@type":"PropertyValueSpecification","valueRequired":true,"valueName":"search_term_string"}}],"inLanguage":"fr-qc"},{"@type":"Organization","@id":"https:\/\/luxesound.ca\/#organization","name":"Son luxueux","url":"https:\/\/luxesound.ca\/","logo":{"@type":"ImageObject","inLanguage":"fr-qc","@id":"https:\/\/luxesound.ca\/#\/schema\/logo\/image\/","url":"https:\/\/luxesound.ca\/wp-content\/uploads\/2024\/08\/cropped-Luxe-white-on-green.png","contentUrl":"https:\/\/luxesound.ca\/wp-content\/uploads\/2024\/08\/cropped-Luxe-white-on-green.png","width":512,"height":512,"caption":"Luxe Sound"},"image":{"@id":"https:\/\/luxesound.ca\/#\/schema\/logo\/image\/"},"sameAs":["https:\/\/www.facebook.com\/luxesound.ca","https:\/\/www.instagram.com\/luxe.sound\/"]}]}},"_links":{"self":[{"href":"https:\/\/luxesound.ca\/fr\/wp-json\/wp\/v2\/product\/6861","targetHints":{"allow":["GET"]}}],"collection":[{"href":"https:\/\/luxesound.ca\/fr\/wp-json\/wp\/v2\/product"}],"about":[{"href":"https:\/\/luxesound.ca\/fr\/wp-json\/wp\/v2\/types\/product"}],"replies":[{"embeddable":true,"href":"https:\/\/luxesound.ca\/fr\/wp-json\/wp\/v2\/comments?post=6861"}],"version-history":[{"count":2,"href":"https:\/\/luxesound.ca\/fr\/wp-json\/wp\/v2\/product\/6861\/revisions"}],"predecessor-version":[{"id":7463,"href":"https:\/\/luxesound.ca\/fr\/wp-json\/wp\/v2\/product\/6861\/revisions\/7463"}],"wp:featuredmedia":[{"embeddable":true,"href":"https:\/\/luxesound.ca\/fr\/wp-json\/wp\/v2\/media\/7458"}],"wp:attachment":[{"href":"https:\/\/luxesound.ca\/fr\/wp-json\/wp\/v2\/media?parent=6861"}],"wp:term":[{"taxonomy":"product_brand","embeddable":true,"href":"https:\/\/luxesound.ca\/fr\/wp-json\/wp\/v2\/product_brand?post=6861"},{"taxonomy":"product_cat","embeddable":true,"href":"https:\/\/luxesound.ca\/fr\/wp-json\/wp\/v2\/product_cat?post=6861"},{"taxonomy":"product_tag","embeddable":true,"href":"https:\/\/luxesound.ca\/fr\/wp-json\/wp\/v2\/product_tag?post=6861"}],"curies":[{"name":"wp","href":"https:\/\/api.w.org\/{rel}","templated":true}]}}