{"id":6816,"date":"2024-12-16T13:50:11","date_gmt":"2024-12-16T18:50:11","guid":{"rendered":"https:\/\/luxesound.ca\/?post_type=product&#038;p=6816"},"modified":"2026-04-30T10:16:35","modified_gmt":"2026-04-30T14:16:35","slug":"marshall-emberton-iii-speaker","status":"publish","type":"product","link":"https:\/\/luxesound.ca\/fr\/product\/marshall-emberton-iii-speaker\/","title":{"rendered":"Enceinte Marshall Emberton III"},"content":{"rendered":"<p class=\"p1\">L&#039;enceinte portable Marshall Emberton III est robuste, vous pouvez donc la mettre dans votre voiture, l&#039;emmener en voyage ou l&#039;emmener \u00e0 la plage sans souci. Pendant que vous profitez de la vie, vous profiterez d&#039;un son incroyable \u00e0 360\u00b0 tout autour de vous. Elle offre encore plus de basses que le mod\u00e8le pr\u00e9c\u00e9dent et ajuste le son lorsque vous modifiez le volume pour un \u00e9quilibre parfait. Avec plus de 32 heures d&#039;autonomie, elle peut supporter plus d&#039;une journ\u00e9e compl\u00e8te d&#039;\u00e9coute. Et si la batterie est \u00e9puis\u00e9e, vous pouvez la recharger compl\u00e8tement en seulement 2 heures.<\/p>","protected":false},"excerpt":{"rendered":"<p>L&#039;enceinte portable Marshall Emberton III est robuste, vous pouvez donc la mettre dans votre voiture, l&#039;emmener en voyage ou l&#039;emmener \u00e0 la plage sans souci. Pendant que vous profitez de la vie, vous profiterez d&#039;un son incroyable \u00e0 360\u00b0 tout autour de vous. Elle offre encore plus de basses que le mod\u00e8le pr\u00e9c\u00e9dent et ajuste le son lorsque vous modifiez le volume pour un \u00e9quilibre parfait. Avec plus de 32 heures d&#039;autonomie, elle peut supporter plus d&#039;une journ\u00e9e compl\u00e8te d&#039;\u00e9coute. Et si la batterie est \u00e9puis\u00e9e, vous pouvez la recharger compl\u00e8tement en seulement 2 heures.<\/p>","protected":false},"featured_media":12197,"comment_status":"open","ping_status":"closed","template":"","meta":{"_acf_changed":false,"_mo_disable_npp":"","inline_featured_image":false},"product_brand":[549],"product_cat":[220,905,777,27],"product_tag":[694],"class_list":{"0":"post-6816","1":"product","2":"type-product","3":"status-publish","4":"has-post-thumbnail","6":"product_brand-marshall","7":"product_cat-marshall","8":"product_cat-marshall-black-friday","9":"product_cat-portable-speakers","10":"product_cat-speakers","11":"product_tag-colourful","12":"pa_colour-black","13":"pa_colour-cream","14":"pa_colour-midnight-blue","16":"first","17":"instock","18":"sale","19":"taxable","20":"shipping-taxable","21":"purchasable","22":"product-type-variable","23":"has-default-attributes"},"bundled_by":[],"bundle_stock_status":"instock","bundle_stock_quantity":null,"bundle_virtual":false,"bundle_layout":"","bundle_add_to_cart_form_location":"","bundle_editable_in_cart":false,"bundle_sold_individually_context":"","bundle_item_grouping":"","bundle_min_size":"","bundle_max_size":"","bundle_price":[],"bundled_items":[],"bundle_sell_ids":[],"acf":[],"ct_brands":[{"id":549,"name":"Marshall","slug":"marshall"}],"yoast_head":"<!-- This site is optimized with the Yoast SEO plugin v27.2 - https:\/\/yoast.com\/product\/yoast-seo-wordpress\/ -->\n<title>Marshall Emberton III Speaker - Luxe Sound<\/title>\n<meta name=\"description\" content=\"Enjoy iconic sound with the Marshall Emberton III Speaker. Compact yet powerful, delivering rich, immersive audio anywhere. Free Shipping!\" \/>\n<meta name=\"robots\" content=\"index, follow, max-snippet:-1, max-image-preview:large, max-video-preview:-1\" \/>\n<link rel=\"canonical\" href=\"https:\/\/luxesound.ca\/fr\/product\/marshall-emberton-iii-speaker\/\" \/>\n<meta property=\"og:locale\" content=\"fr_FR\" \/>\n<meta property=\"og:type\" content=\"article\" \/>\n<meta property=\"og:title\" content=\"Marshall Emberton III Speaker - Luxe Sound\" \/>\n<meta property=\"og:description\" content=\"Enjoy iconic sound with the Marshall Emberton III Speaker. Compact yet powerful, delivering rich, immersive audio anywhere. Free Shipping!\" \/>\n<meta property=\"og:url\" content=\"https:\/\/luxesound.ca\/fr\/product\/marshall-emberton-iii-speaker\/\" \/>\n<meta property=\"og:site_name\" content=\"Luxe Sound\" \/>\n<meta property=\"article:publisher\" content=\"https:\/\/www.facebook.com\/luxesound.ca\" \/>\n<meta property=\"article:modified_time\" content=\"2026-04-30T14:16:35+00:00\" \/>\n<meta property=\"og:image\" content=\"https:\/\/luxesound.ca\/wp-content\/uploads\/2025\/11\/Marshall-Emberton-III-Speaker-Midnight-Blue-1.webp\" \/>\n\t<meta property=\"og:image:width\" content=\"1200\" \/>\n\t<meta property=\"og:image:height\" content=\"800\" \/>\n\t<meta property=\"og:image:type\" content=\"image\/webp\" \/>\n<meta name=\"twitter:card\" content=\"summary_large_image\" \/>\n<meta name=\"twitter:label1\" content=\"Est. reading time\" \/>\n\t<meta name=\"twitter:data1\" content=\"1 minute\" \/>\n<script type=\"application\/ld+json\" class=\"yoast-schema-graph\">{\"@context\":\"https:\/\/schema.org\",\"@graph\":[{\"@type\":\"WebPage\",\"@id\":\"https:\/\/luxesound.ca\/product\/marshall-emberton-iii-speaker\/\",\"url\":\"https:\/\/luxesound.ca\/product\/marshall-emberton-iii-speaker\/\",\"name\":\"Marshall Emberton III Speaker - Luxe Sound\",\"isPartOf\":{\"@id\":\"https:\/\/luxesound.ca\/#website\"},\"primaryImageOfPage\":{\"@id\":\"https:\/\/luxesound.ca\/product\/marshall-emberton-iii-speaker\/#primaryimage\"},\"image\":{\"@id\":\"https:\/\/luxesound.ca\/product\/marshall-emberton-iii-speaker\/#primaryimage\"},\"thumbnailUrl\":\"https:\/\/luxesound.ca\/wp-content\/uploads\/2025\/11\/Marshall-Emberton-III-Speaker-Midnight-Blue-1.webp\",\"datePublished\":\"2024-12-16T18:50:11+00:00\",\"dateModified\":\"2026-04-30T14:16:35+00:00\",\"description\":\"Enjoy iconic sound with the Marshall Emberton III Speaker. Compact yet powerful, delivering rich, immersive audio anywhere. Free Shipping!\",\"breadcrumb\":{\"@id\":\"https:\/\/luxesound.ca\/product\/marshall-emberton-iii-speaker\/#breadcrumb\"},\"inLanguage\":\"fr-qc\",\"potentialAction\":[{\"@type\":\"ReadAction\",\"target\":[\"https:\/\/luxesound.ca\/product\/marshall-emberton-iii-speaker\/\"]}]},{\"@type\":\"ImageObject\",\"inLanguage\":\"fr-qc\",\"@id\":\"https:\/\/luxesound.ca\/product\/marshall-emberton-iii-speaker\/#primaryimage\",\"url\":\"https:\/\/luxesound.ca\/wp-content\/uploads\/2025\/11\/Marshall-Emberton-III-Speaker-Midnight-Blue-1.webp\",\"contentUrl\":\"https:\/\/luxesound.ca\/wp-content\/uploads\/2025\/11\/Marshall-Emberton-III-Speaker-Midnight-Blue-1.webp\",\"width\":1200,\"height\":800,\"caption\":\"Marshall Emberton III Speaker Midnight Blue product photo on white background\"},{\"@type\":\"BreadcrumbList\",\"@id\":\"https:\/\/luxesound.ca\/product\/marshall-emberton-iii-speaker\/#breadcrumb\",\"itemListElement\":[{\"@type\":\"ListItem\",\"position\":1,\"name\":\"Home\",\"item\":\"https:\/\/luxesound.ca\/\"},{\"@type\":\"ListItem\",\"position\":2,\"name\":\"Products\",\"item\":\"https:\/\/luxesound.ca\/shop\/\"},{\"@type\":\"ListItem\",\"position\":3,\"name\":\"Marshall Emberton III Speaker\"}]},{\"@type\":\"WebSite\",\"@id\":\"https:\/\/luxesound.ca\/#website\",\"url\":\"https:\/\/luxesound.ca\/\",\"name\":\"Luxe Sound\",\"description\":\"The Finest Headphones &amp; Speakers. Proudly Canadian.\",\"publisher\":{\"@id\":\"https:\/\/luxesound.ca\/#organization\"},\"potentialAction\":[{\"@type\":\"SearchAction\",\"target\":{\"@type\":\"EntryPoint\",\"urlTemplate\":\"https:\/\/luxesound.ca\/?s={search_term_string}\"},\"query-input\":{\"@type\":\"PropertyValueSpecification\",\"valueRequired\":true,\"valueName\":\"search_term_string\"}}],\"inLanguage\":\"fr-qc\"},{\"@type\":\"Organization\",\"@id\":\"https:\/\/luxesound.ca\/#organization\",\"name\":\"Luxe Sound\",\"url\":\"https:\/\/luxesound.ca\/\",\"logo\":{\"@type\":\"ImageObject\",\"inLanguage\":\"fr-qc\",\"@id\":\"https:\/\/luxesound.ca\/#\/schema\/logo\/image\/\",\"url\":\"https:\/\/luxesound.ca\/wp-content\/uploads\/2024\/08\/cropped-Luxe-white-on-green.png\",\"contentUrl\":\"https:\/\/luxesound.ca\/wp-content\/uploads\/2024\/08\/cropped-Luxe-white-on-green.png\",\"width\":512,\"height\":512,\"caption\":\"Luxe Sound\"},\"image\":{\"@id\":\"https:\/\/luxesound.ca\/#\/schema\/logo\/image\/\"},\"sameAs\":[\"https:\/\/www.facebook.com\/luxesound.ca\",\"https:\/\/www.instagram.com\/luxe.sound\/\"]}]}<\/script>\n<!-- \/ Yoast SEO plugin. -->","yoast_head_json":{"title":"Marshall Emberton III Speaker - Luxe Sound","description":"Enjoy iconic sound with the Marshall Emberton III Speaker. Compact yet powerful, delivering rich, immersive audio anywhere. Free Shipping!","robots":{"index":"index","follow":"follow","max-snippet":"max-snippet:-1","max-image-preview":"max-image-preview:large","max-video-preview":"max-video-preview:-1"},"canonical":"https:\/\/luxesound.ca\/fr\/product\/marshall-emberton-iii-speaker\/","og_locale":"fr_FR","og_type":"article","og_title":"Marshall Emberton III Speaker - Luxe Sound","og_description":"Enjoy iconic sound with the Marshall Emberton III Speaker. Compact yet powerful, delivering rich, immersive audio anywhere. Free Shipping!","og_url":"https:\/\/luxesound.ca\/fr\/product\/marshall-emberton-iii-speaker\/","og_site_name":"Luxe Sound","article_publisher":"https:\/\/www.facebook.com\/luxesound.ca","article_modified_time":"2026-04-30T14:16:35+00:00","og_image":[{"width":1200,"height":800,"url":"https:\/\/luxesound.ca\/wp-content\/uploads\/2025\/11\/Marshall-Emberton-III-Speaker-Midnight-Blue-1.webp","type":"image\/webp"}],"twitter_card":"summary_large_image","twitter_misc":{"Est. reading time":"1 minute"},"schema":{"@context":"https:\/\/schema.org","@graph":[{"@type":"WebPage","@id":"https:\/\/luxesound.ca\/product\/marshall-emberton-iii-speaker\/","url":"https:\/\/luxesound.ca\/product\/marshall-emberton-iii-speaker\/","name":"Marshall Emberton III Speaker - Luxe Sound","isPartOf":{"@id":"https:\/\/luxesound.ca\/#website"},"primaryImageOfPage":{"@id":"https:\/\/luxesound.ca\/product\/marshall-emberton-iii-speaker\/#primaryimage"},"image":{"@id":"https:\/\/luxesound.ca\/product\/marshall-emberton-iii-speaker\/#primaryimage"},"thumbnailUrl":"https:\/\/luxesound.ca\/wp-content\/uploads\/2025\/11\/Marshall-Emberton-III-Speaker-Midnight-Blue-1.webp","datePublished":"2024-12-16T18:50:11+00:00","dateModified":"2026-04-30T14:16:35+00:00","description":"Enjoy iconic sound with the Marshall Emberton III Speaker. Compact yet powerful, delivering rich, immersive audio anywhere. Free Shipping!","breadcrumb":{"@id":"https:\/\/luxesound.ca\/product\/marshall-emberton-iii-speaker\/#breadcrumb"},"inLanguage":"fr-qc","potentialAction":[{"@type":"ReadAction","target":["https:\/\/luxesound.ca\/product\/marshall-emberton-iii-speaker\/"]}]},{"@type":"ImageObject","inLanguage":"fr-qc","@id":"https:\/\/luxesound.ca\/product\/marshall-emberton-iii-speaker\/#primaryimage","url":"https:\/\/luxesound.ca\/wp-content\/uploads\/2025\/11\/Marshall-Emberton-III-Speaker-Midnight-Blue-1.webp","contentUrl":"https:\/\/luxesound.ca\/wp-content\/uploads\/2025\/11\/Marshall-Emberton-III-Speaker-Midnight-Blue-1.webp","width":1200,"height":800,"caption":"Marshall Emberton III Speaker Midnight Blue product photo on white background"},{"@type":"BreadcrumbList","@id":"https:\/\/luxesound.ca\/product\/marshall-emberton-iii-speaker\/#breadcrumb","itemListElement":[{"@type":"ListItem","position":1,"name":"Home","item":"https:\/\/luxesound.ca\/"},{"@type":"ListItem","position":2,"name":"Products","item":"https:\/\/luxesound.ca\/shop\/"},{"@type":"ListItem","position":3,"name":"Marshall Emberton III Speaker"}]},{"@type":"WebSite","@id":"https:\/\/luxesound.ca\/#website","url":"https:\/\/luxesound.ca\/","name":"Son luxueux","description":"Les meilleurs \u00e9couteurs et haut-parleurs. Fi\u00e8rement canadiens.","publisher":{"@id":"https:\/\/luxesound.ca\/#organization"},"potentialAction":[{"@type":"SearchAction","target":{"@type":"EntryPoint","urlTemplate":"https:\/\/luxesound.ca\/?s={search_term_string}"},"query-input":{"@type":"PropertyValueSpecification","valueRequired":true,"valueName":"search_term_string"}}],"inLanguage":"fr-qc"},{"@type":"Organization","@id":"https:\/\/luxesound.ca\/#organization","name":"Son luxueux","url":"https:\/\/luxesound.ca\/","logo":{"@type":"ImageObject","inLanguage":"fr-qc","@id":"https:\/\/luxesound.ca\/#\/schema\/logo\/image\/","url":"https:\/\/luxesound.ca\/wp-content\/uploads\/2024\/08\/cropped-Luxe-white-on-green.png","contentUrl":"https:\/\/luxesound.ca\/wp-content\/uploads\/2024\/08\/cropped-Luxe-white-on-green.png","width":512,"height":512,"caption":"Luxe Sound"},"image":{"@id":"https:\/\/luxesound.ca\/#\/schema\/logo\/image\/"},"sameAs":["https:\/\/www.facebook.com\/luxesound.ca","https:\/\/www.instagram.com\/luxe.sound\/"]}]}},"_links":{"self":[{"href":"https:\/\/luxesound.ca\/fr\/wp-json\/wp\/v2\/product\/6816","targetHints":{"allow":["GET"]}}],"collection":[{"href":"https:\/\/luxesound.ca\/fr\/wp-json\/wp\/v2\/product"}],"about":[{"href":"https:\/\/luxesound.ca\/fr\/wp-json\/wp\/v2\/types\/product"}],"replies":[{"embeddable":true,"href":"https:\/\/luxesound.ca\/fr\/wp-json\/wp\/v2\/comments?post=6816"}],"version-history":[{"count":2,"href":"https:\/\/luxesound.ca\/fr\/wp-json\/wp\/v2\/product\/6816\/revisions"}],"predecessor-version":[{"id":9707,"href":"https:\/\/luxesound.ca\/fr\/wp-json\/wp\/v2\/product\/6816\/revisions\/9707"}],"wp:featuredmedia":[{"embeddable":true,"href":"https:\/\/luxesound.ca\/fr\/wp-json\/wp\/v2\/media\/12197"}],"wp:attachment":[{"href":"https:\/\/luxesound.ca\/fr\/wp-json\/wp\/v2\/media?parent=6816"}],"wp:term":[{"taxonomy":"product_brand","embeddable":true,"href":"https:\/\/luxesound.ca\/fr\/wp-json\/wp\/v2\/product_brand?post=6816"},{"taxonomy":"product_cat","embeddable":true,"href":"https:\/\/luxesound.ca\/fr\/wp-json\/wp\/v2\/product_cat?post=6816"},{"taxonomy":"product_tag","embeddable":true,"href":"https:\/\/luxesound.ca\/fr\/wp-json\/wp\/v2\/product_tag?post=6816"}],"curies":[{"name":"wp","href":"https:\/\/api.w.org\/{rel}","templated":true}]}}