{"id":6799,"date":"2024-09-16T16:11:22","date_gmt":"2024-09-16T20:11:22","guid":{"rendered":"https:\/\/luxesound.ca\/?post_type=product&#038;p=6799"},"modified":"2026-04-30T10:17:02","modified_gmt":"2026-04-30T14:17:02","slug":"marshall-willen-ii-portable-speaker","status":"publish","type":"product","link":"https:\/\/luxesound.ca\/fr\/product\/marshall-willen-ii-portable-speaker\/","title":{"rendered":"Haut-parleur portable Marshall Willen II"},"content":{"rendered":"<p class=\"p1\">L&#039;enceinte Bluetooth portable ultra-compacte Willen II de Marshall offre une autonomie de batterie am\u00e9lior\u00e9e et le Bluetooth 5.3 LE pour une exp\u00e9rience d&#039;\u00e9coute de niveau sup\u00e9rieur. Avec plus de 17 heures d&#039;autonomie, Willen II vous permet de profiter de la musique, des podcasts et des livres audio o\u00f9 que vous alliez. Le Bluetooth 5.3 LE permet \u00e9galement la diffusion en continu \u00e0 partir d&#039;appareils compatibles Auracast. Bien que mise \u00e0 niveau, elle conserve le son \u00e9quilibr\u00e9 et le look embl\u00e9matique de Marshall. Avec une taille d&#039;environ 4 pouces carr\u00e9s, elle est parfaite pour la portabilit\u00e9. Emportez-la partout en toute confiance : elle est r\u00e9sistante \u00e0 la poussi\u00e8re et \u00e0 l&#039;eau. De plus, avec un micro int\u00e9gr\u00e9, vous pouvez g\u00e9rer les appels en mains libres, en gardant votre t\u00e9l\u00e9phone \u00e0 l&#039;\u00e9cart pendant que vous \u00e9coutez.<\/p>","protected":false},"excerpt":{"rendered":"<p>L&#039;enceinte Bluetooth portable ultra-compacte Willen II de Marshall offre une autonomie de batterie am\u00e9lior\u00e9e et le Bluetooth 5.3 LE pour une exp\u00e9rience d&#039;\u00e9coute de niveau sup\u00e9rieur. Avec plus de 17 heures d&#039;autonomie, Willen II vous permet de profiter de la musique, des podcasts et des livres audio o\u00f9 que vous alliez. Le Bluetooth 5.3 LE permet \u00e9galement la diffusion en continu \u00e0 partir d&#039;appareils compatibles Auracast. Bien que mise \u00e0 niveau, elle conserve le son \u00e9quilibr\u00e9 et le look embl\u00e9matique de Marshall. Avec une taille d&#039;environ 4 pouces carr\u00e9s, elle est parfaite pour la portabilit\u00e9. Emportez-la partout en toute confiance : elle est r\u00e9sistante \u00e0 la poussi\u00e8re et \u00e0 l&#039;eau. De plus, avec un micro int\u00e9gr\u00e9, vous pouvez g\u00e9rer les appels en mains libres, en gardant votre t\u00e9l\u00e9phone \u00e0 l&#039;\u00e9cart pendant que vous \u00e9coutez.<\/p>","protected":false},"featured_media":9232,"comment_status":"open","ping_status":"closed","template":"","meta":{"_acf_changed":false,"_mo_disable_npp":"","inline_featured_image":false},"product_brand":[549],"product_cat":[220,777],"product_tag":[],"class_list":{"0":"post-6799","1":"product","2":"type-product","3":"status-publish","4":"has-post-thumbnail","6":"product_brand-marshall","7":"product_cat-marshall","8":"product_cat-portable-speakers","9":"pa_colour-black","10":"pa_colour-cream","12":"first","13":"instock","14":"sale","15":"taxable","16":"shipping-taxable","17":"purchasable","18":"product-type-variable","19":"has-default-attributes"},"bundled_by":[],"bundle_stock_status":"instock","bundle_stock_quantity":null,"bundle_virtual":false,"bundle_layout":"","bundle_add_to_cart_form_location":"","bundle_editable_in_cart":false,"bundle_sold_individually_context":"","bundle_item_grouping":"","bundle_min_size":"","bundle_max_size":"","bundle_price":[],"bundled_items":[],"bundle_sell_ids":[],"acf":[],"ct_brands":[{"id":549,"name":"Marshall","slug":"marshall"}],"yoast_head":"<!-- This site is optimized with the Yoast SEO plugin v27.2 - https:\/\/yoast.com\/product\/yoast-seo-wordpress\/ -->\n<title>Marshall Willen II Portable Speaker - Luxe Sound<\/title>\n<meta name=\"description\" content=\"Take powerful sound anywhere with the Marshall Willen II Portable Speaker. Compact, durable, and built for rich audio on the go. Free Shipping!\" \/>\n<meta name=\"robots\" content=\"index, follow, max-snippet:-1, max-image-preview:large, max-video-preview:-1\" \/>\n<link rel=\"canonical\" href=\"https:\/\/luxesound.ca\/fr\/product\/marshall-willen-ii-portable-speaker\/\" \/>\n<meta property=\"og:locale\" content=\"fr_FR\" \/>\n<meta property=\"og:type\" content=\"article\" \/>\n<meta property=\"og:title\" content=\"Marshall Willen II Portable Speaker - Luxe Sound\" \/>\n<meta property=\"og:description\" content=\"Take powerful sound anywhere with the Marshall Willen II Portable Speaker. Compact, durable, and built for rich audio on the go. Free Shipping!\" \/>\n<meta property=\"og:url\" content=\"https:\/\/luxesound.ca\/fr\/product\/marshall-willen-ii-portable-speaker\/\" \/>\n<meta property=\"og:site_name\" content=\"Luxe Sound\" \/>\n<meta property=\"article:publisher\" content=\"https:\/\/www.facebook.com\/luxesound.ca\" \/>\n<meta property=\"article:modified_time\" content=\"2026-04-30T14:17:02+00:00\" \/>\n<meta property=\"og:image\" content=\"https:\/\/luxesound.ca\/wp-content\/uploads\/2024\/09\/Marshall-Willen-II-Black-1.webp\" \/>\n\t<meta property=\"og:image:width\" content=\"1200\" \/>\n\t<meta property=\"og:image:height\" content=\"800\" \/>\n\t<meta property=\"og:image:type\" content=\"image\/webp\" \/>\n<meta name=\"twitter:card\" content=\"summary_large_image\" \/>\n<meta name=\"twitter:label1\" content=\"Est. reading time\" \/>\n\t<meta name=\"twitter:data1\" content=\"1 minute\" \/>\n<script type=\"application\/ld+json\" class=\"yoast-schema-graph\">{\"@context\":\"https:\/\/schema.org\",\"@graph\":[{\"@type\":\"WebPage\",\"@id\":\"https:\/\/luxesound.ca\/product\/marshall-willen-ii-portable-speaker\/\",\"url\":\"https:\/\/luxesound.ca\/product\/marshall-willen-ii-portable-speaker\/\",\"name\":\"Marshall Willen II Portable Speaker - Luxe Sound\",\"isPartOf\":{\"@id\":\"https:\/\/luxesound.ca\/#website\"},\"primaryImageOfPage\":{\"@id\":\"https:\/\/luxesound.ca\/product\/marshall-willen-ii-portable-speaker\/#primaryimage\"},\"image\":{\"@id\":\"https:\/\/luxesound.ca\/product\/marshall-willen-ii-portable-speaker\/#primaryimage\"},\"thumbnailUrl\":\"https:\/\/luxesound.ca\/wp-content\/uploads\/2024\/09\/Marshall-Willen-II-Black-1.webp\",\"datePublished\":\"2024-09-16T20:11:22+00:00\",\"dateModified\":\"2026-04-30T14:17:02+00:00\",\"description\":\"Take powerful sound anywhere with the Marshall Willen II Portable Speaker. Compact, durable, and built for rich audio on the go. Free Shipping!\",\"breadcrumb\":{\"@id\":\"https:\/\/luxesound.ca\/product\/marshall-willen-ii-portable-speaker\/#breadcrumb\"},\"inLanguage\":\"fr-qc\",\"potentialAction\":[{\"@type\":\"ReadAction\",\"target\":[\"https:\/\/luxesound.ca\/product\/marshall-willen-ii-portable-speaker\/\"]}]},{\"@type\":\"ImageObject\",\"inLanguage\":\"fr-qc\",\"@id\":\"https:\/\/luxesound.ca\/product\/marshall-willen-ii-portable-speaker\/#primaryimage\",\"url\":\"https:\/\/luxesound.ca\/wp-content\/uploads\/2024\/09\/Marshall-Willen-II-Black-1.webp\",\"contentUrl\":\"https:\/\/luxesound.ca\/wp-content\/uploads\/2024\/09\/Marshall-Willen-II-Black-1.webp\",\"width\":1200,\"height\":800,\"caption\":\"Marshall Willen Portable Speaker in black, product photo on white background\"},{\"@type\":\"BreadcrumbList\",\"@id\":\"https:\/\/luxesound.ca\/product\/marshall-willen-ii-portable-speaker\/#breadcrumb\",\"itemListElement\":[{\"@type\":\"ListItem\",\"position\":1,\"name\":\"Home\",\"item\":\"https:\/\/luxesound.ca\/\"},{\"@type\":\"ListItem\",\"position\":2,\"name\":\"Products\",\"item\":\"https:\/\/luxesound.ca\/shop\/\"},{\"@type\":\"ListItem\",\"position\":3,\"name\":\"Marshall Willen II Portable Speaker\"}]},{\"@type\":\"WebSite\",\"@id\":\"https:\/\/luxesound.ca\/#website\",\"url\":\"https:\/\/luxesound.ca\/\",\"name\":\"Luxe Sound\",\"description\":\"The Finest Headphones &amp; Speakers. Proudly Canadian.\",\"publisher\":{\"@id\":\"https:\/\/luxesound.ca\/#organization\"},\"potentialAction\":[{\"@type\":\"SearchAction\",\"target\":{\"@type\":\"EntryPoint\",\"urlTemplate\":\"https:\/\/luxesound.ca\/?s={search_term_string}\"},\"query-input\":{\"@type\":\"PropertyValueSpecification\",\"valueRequired\":true,\"valueName\":\"search_term_string\"}}],\"inLanguage\":\"fr-qc\"},{\"@type\":\"Organization\",\"@id\":\"https:\/\/luxesound.ca\/#organization\",\"name\":\"Luxe Sound\",\"url\":\"https:\/\/luxesound.ca\/\",\"logo\":{\"@type\":\"ImageObject\",\"inLanguage\":\"fr-qc\",\"@id\":\"https:\/\/luxesound.ca\/#\/schema\/logo\/image\/\",\"url\":\"https:\/\/luxesound.ca\/wp-content\/uploads\/2024\/08\/cropped-Luxe-white-on-green.png\",\"contentUrl\":\"https:\/\/luxesound.ca\/wp-content\/uploads\/2024\/08\/cropped-Luxe-white-on-green.png\",\"width\":512,\"height\":512,\"caption\":\"Luxe Sound\"},\"image\":{\"@id\":\"https:\/\/luxesound.ca\/#\/schema\/logo\/image\/\"},\"sameAs\":[\"https:\/\/www.facebook.com\/luxesound.ca\",\"https:\/\/www.instagram.com\/luxe.sound\/\"]}]}<\/script>\n<!-- \/ Yoast SEO plugin. -->","yoast_head_json":{"title":"Haut-parleur portable Marshall Willen II - Son luxueux","description":"Emportez un son puissant partout avec l&#039;enceinte portable Marshall Willen II. Compacte, robuste et con\u00e7ue pour un son riche en d\u00e9placement. Livraison gratuite\u00a0!","robots":{"index":"index","follow":"follow","max-snippet":"max-snippet:-1","max-image-preview":"max-image-preview:large","max-video-preview":"max-video-preview:-1"},"canonical":"https:\/\/luxesound.ca\/fr\/product\/marshall-willen-ii-portable-speaker\/","og_locale":"fr_FR","og_type":"article","og_title":"Marshall Willen II Portable Speaker - Luxe Sound","og_description":"Take powerful sound anywhere with the Marshall Willen II Portable Speaker. Compact, durable, and built for rich audio on the go. Free Shipping!","og_url":"https:\/\/luxesound.ca\/fr\/product\/marshall-willen-ii-portable-speaker\/","og_site_name":"Luxe Sound","article_publisher":"https:\/\/www.facebook.com\/luxesound.ca","article_modified_time":"2026-04-30T14:17:02+00:00","og_image":[{"width":1200,"height":800,"url":"https:\/\/luxesound.ca\/wp-content\/uploads\/2024\/09\/Marshall-Willen-II-Black-1.webp","type":"image\/webp"}],"twitter_card":"summary_large_image","twitter_misc":{"Est. reading time":"1 minute"},"schema":{"@context":"https:\/\/schema.org","@graph":[{"@type":"WebPage","@id":"https:\/\/luxesound.ca\/product\/marshall-willen-ii-portable-speaker\/","url":"https:\/\/luxesound.ca\/product\/marshall-willen-ii-portable-speaker\/","name":"Haut-parleur portable Marshall Willen II - Son luxueux","isPartOf":{"@id":"https:\/\/luxesound.ca\/#website"},"primaryImageOfPage":{"@id":"https:\/\/luxesound.ca\/product\/marshall-willen-ii-portable-speaker\/#primaryimage"},"image":{"@id":"https:\/\/luxesound.ca\/product\/marshall-willen-ii-portable-speaker\/#primaryimage"},"thumbnailUrl":"https:\/\/luxesound.ca\/wp-content\/uploads\/2024\/09\/Marshall-Willen-II-Black-1.webp","datePublished":"2024-09-16T20:11:22+00:00","dateModified":"2026-04-30T14:17:02+00:00","description":"Emportez un son puissant partout avec l&#039;enceinte portable Marshall Willen II. Compacte, robuste et con\u00e7ue pour un son riche en d\u00e9placement. Livraison gratuite\u00a0!","breadcrumb":{"@id":"https:\/\/luxesound.ca\/product\/marshall-willen-ii-portable-speaker\/#breadcrumb"},"inLanguage":"fr-qc","potentialAction":[{"@type":"ReadAction","target":["https:\/\/luxesound.ca\/product\/marshall-willen-ii-portable-speaker\/"]}]},{"@type":"ImageObject","inLanguage":"fr-qc","@id":"https:\/\/luxesound.ca\/product\/marshall-willen-ii-portable-speaker\/#primaryimage","url":"https:\/\/luxesound.ca\/wp-content\/uploads\/2024\/09\/Marshall-Willen-II-Black-1.webp","contentUrl":"https:\/\/luxesound.ca\/wp-content\/uploads\/2024\/09\/Marshall-Willen-II-Black-1.webp","width":1200,"height":800,"caption":"Marshall Willen Portable Speaker in black, product photo on white background"},{"@type":"BreadcrumbList","@id":"https:\/\/luxesound.ca\/product\/marshall-willen-ii-portable-speaker\/#breadcrumb","itemListElement":[{"@type":"ListItem","position":1,"name":"Home","item":"https:\/\/luxesound.ca\/"},{"@type":"ListItem","position":2,"name":"Products","item":"https:\/\/luxesound.ca\/shop\/"},{"@type":"ListItem","position":3,"name":"Marshall Willen II Portable Speaker"}]},{"@type":"WebSite","@id":"https:\/\/luxesound.ca\/#website","url":"https:\/\/luxesound.ca\/","name":"Son luxueux","description":"Les meilleurs \u00e9couteurs et haut-parleurs. Fi\u00e8rement canadiens.","publisher":{"@id":"https:\/\/luxesound.ca\/#organization"},"potentialAction":[{"@type":"SearchAction","target":{"@type":"EntryPoint","urlTemplate":"https:\/\/luxesound.ca\/?s={search_term_string}"},"query-input":{"@type":"PropertyValueSpecification","valueRequired":true,"valueName":"search_term_string"}}],"inLanguage":"fr-qc"},{"@type":"Organization","@id":"https:\/\/luxesound.ca\/#organization","name":"Son luxueux","url":"https:\/\/luxesound.ca\/","logo":{"@type":"ImageObject","inLanguage":"fr-qc","@id":"https:\/\/luxesound.ca\/#\/schema\/logo\/image\/","url":"https:\/\/luxesound.ca\/wp-content\/uploads\/2024\/08\/cropped-Luxe-white-on-green.png","contentUrl":"https:\/\/luxesound.ca\/wp-content\/uploads\/2024\/08\/cropped-Luxe-white-on-green.png","width":512,"height":512,"caption":"Luxe Sound"},"image":{"@id":"https:\/\/luxesound.ca\/#\/schema\/logo\/image\/"},"sameAs":["https:\/\/www.facebook.com\/luxesound.ca","https:\/\/www.instagram.com\/luxe.sound\/"]}]}},"_links":{"self":[{"href":"https:\/\/luxesound.ca\/fr\/wp-json\/wp\/v2\/product\/6799","targetHints":{"allow":["GET"]}}],"collection":[{"href":"https:\/\/luxesound.ca\/fr\/wp-json\/wp\/v2\/product"}],"about":[{"href":"https:\/\/luxesound.ca\/fr\/wp-json\/wp\/v2\/types\/product"}],"replies":[{"embeddable":true,"href":"https:\/\/luxesound.ca\/fr\/wp-json\/wp\/v2\/comments?post=6799"}],"version-history":[{"count":3,"href":"https:\/\/luxesound.ca\/fr\/wp-json\/wp\/v2\/product\/6799\/revisions"}],"predecessor-version":[{"id":12571,"href":"https:\/\/luxesound.ca\/fr\/wp-json\/wp\/v2\/product\/6799\/revisions\/12571"}],"wp:featuredmedia":[{"embeddable":true,"href":"https:\/\/luxesound.ca\/fr\/wp-json\/wp\/v2\/media\/9232"}],"wp:attachment":[{"href":"https:\/\/luxesound.ca\/fr\/wp-json\/wp\/v2\/media?parent=6799"}],"wp:term":[{"taxonomy":"product_brand","embeddable":true,"href":"https:\/\/luxesound.ca\/fr\/wp-json\/wp\/v2\/product_brand?post=6799"},{"taxonomy":"product_cat","embeddable":true,"href":"https:\/\/luxesound.ca\/fr\/wp-json\/wp\/v2\/product_cat?post=6799"},{"taxonomy":"product_tag","embeddable":true,"href":"https:\/\/luxesound.ca\/fr\/wp-json\/wp\/v2\/product_tag?post=6799"}],"curies":[{"name":"wp","href":"https:\/\/api.w.org\/{rel}","templated":true}]}}