{"id":6699,"date":"2024-09-16T16:12:16","date_gmt":"2024-09-16T20:12:16","guid":{"rendered":"https:\/\/luxesound.ca\/?post_type=product&#038;p=6699"},"modified":"2026-04-20T15:12:12","modified_gmt":"2026-04-20T19:12:12","slug":"klipsch-the-three-plus-speaker","status":"publish","type":"product","link":"https:\/\/luxesound.ca\/fr\/product\/klipsch-the-three-plus-speaker\/","title":{"rendered":"Enceinte Klipsch The Three Plus"},"content":{"rendered":"<p>Am\u00e9liorez votre exp\u00e9rience audio avec l&#039;enceinte Bluetooth Klipsch The Three Plus. Un m\u00e9lange \u00e9tonnant d&#039;esth\u00e9tique vintage et de technologie moderne, cette enceinte offre un son de qualit\u00e9 avec style. D\u00e9couvrez une qualit\u00e9 sonore in\u00e9gal\u00e9e et un design \u00e9l\u00e9gant avec l&#039;enceinte de table Klipsch The Three Plus. Dot\u00e9e du mode de diffusion Klipsch pour une immersion multi-enceintes et d&#039;un design pr\u00eat pour la platine, elle est parfaite pour n&#039;importe quelle pi\u00e8ce. La Klipsch Three Plus est une centrale \u00e9lectrique compacte, offrant un son st\u00e9r\u00e9o 2.1 cristallin, une connectivit\u00e9 Bluetooth 5.3 intuitive et une finition riche en placage de bois. Lib\u00e9rez son potentiel dans votre espace de vie d\u00e8s aujourd&#039;hui. D\u00e9couvrez le meilleur des deux mondes avec la Klipsch Three Plus - un design d&#039;inspiration vintage qui abrite une technologie audio moderne. Avec des ports USB-C, Phono\/RCA et une application Klipsch Connect, c&#039;est une solution audio polyvalente.<\/p>","protected":false},"excerpt":{"rendered":"<p>Am\u00e9liorez votre exp\u00e9rience audio avec l&#039;enceinte Bluetooth Klipsch The Three Plus. Un m\u00e9lange \u00e9tonnant d&#039;esth\u00e9tique vintage et de technologie moderne, cette enceinte offre un son de qualit\u00e9 avec style. D\u00e9couvrez une qualit\u00e9 sonore in\u00e9gal\u00e9e et un design \u00e9l\u00e9gant avec l&#039;enceinte de table Klipsch The Three Plus. Dot\u00e9e du mode de diffusion Klipsch pour une immersion multi-enceintes et d&#039;un design pr\u00eat pour la platine, elle est parfaite pour n&#039;importe quelle pi\u00e8ce. La Klipsch Three Plus est une centrale \u00e9lectrique compacte, offrant un son st\u00e9r\u00e9o 2.1 cristallin, une connectivit\u00e9 Bluetooth 5.3 intuitive et une finition riche en placage de bois. Lib\u00e9rez son potentiel dans votre espace de vie d\u00e8s aujourd&#039;hui. D\u00e9couvrez le meilleur des deux mondes avec la Klipsch Three Plus - un design d&#039;inspiration vintage qui abrite une technologie audio moderne. Avec des ports USB-C, Phono\/RCA et une application Klipsch Connect, c&#039;est une solution audio polyvalente.<\/p>","protected":false},"featured_media":7422,"comment_status":"open","ping_status":"closed","template":"","meta":{"_acf_changed":false,"_mo_disable_npp":"","inline_featured_image":false},"product_brand":[748],"product_cat":[231,27],"product_tag":[],"class_list":{"0":"post-6699","1":"product","2":"type-product","3":"status-publish","4":"has-post-thumbnail","6":"product_brand-klipsch","7":"product_cat-klipsch","8":"product_cat-speakers","9":"pa_colour-walnut","11":"first","12":"outofstock","13":"taxable","14":"shipping-taxable","15":"purchasable","16":"product-type-variable","17":"has-default-attributes"},"bundled_by":[],"bundle_stock_status":"outofstock","bundle_stock_quantity":null,"bundle_virtual":false,"bundle_layout":"","bundle_add_to_cart_form_location":"","bundle_editable_in_cart":false,"bundle_sold_individually_context":"","bundle_item_grouping":"","bundle_min_size":"","bundle_max_size":"","bundle_price":[],"bundled_items":[],"bundle_sell_ids":[],"acf":[],"ct_brands":[{"id":748,"name":"Klipsch","slug":"klipsch"}],"yoast_head":"<!-- This site is optimized with the Yoast SEO plugin v27.2 - https:\/\/yoast.com\/product\/yoast-seo-wordpress\/ -->\n<title>Klipsch The Three Plus Speaker - Luxe Sound<\/title>\n<meta name=\"description\" content=\"Experience premium audio with the Klipsch The Three Plus. Enjoy rich, powerful sound and timeless design for any space. Free Shipping!\" \/>\n<meta name=\"robots\" content=\"index, follow, max-snippet:-1, max-image-preview:large, max-video-preview:-1\" \/>\n<link rel=\"canonical\" href=\"https:\/\/luxesound.ca\/fr\/product\/klipsch-the-three-plus-speaker\/\" \/>\n<meta property=\"og:locale\" content=\"fr_FR\" \/>\n<meta property=\"og:type\" content=\"article\" \/>\n<meta property=\"og:title\" content=\"Klipsch The Three Plus Speaker - Luxe Sound\" \/>\n<meta property=\"og:description\" content=\"Experience premium audio with the Klipsch The Three Plus. Enjoy rich, powerful sound and timeless design for any space. Free Shipping!\" \/>\n<meta property=\"og:url\" content=\"https:\/\/luxesound.ca\/fr\/product\/klipsch-the-three-plus-speaker\/\" \/>\n<meta property=\"og:site_name\" content=\"Luxe Sound\" \/>\n<meta property=\"article:publisher\" content=\"https:\/\/www.facebook.com\/luxesound.ca\" \/>\n<meta property=\"article:modified_time\" content=\"2026-04-20T19:12:12+00:00\" \/>\n<meta property=\"og:image\" content=\"https:\/\/luxesound.ca\/wp-content\/uploads\/2024\/09\/Klipsch-Three-Plus-Walnut-1.webp?wsr\" \/>\n\t<meta property=\"og:image:width\" content=\"1200\" \/>\n\t<meta property=\"og:image:height\" content=\"800\" \/>\n\t<meta property=\"og:image:type\" content=\"image\/webp\" \/>\n<meta name=\"twitter:card\" content=\"summary_large_image\" \/>\n<meta name=\"twitter:label1\" content=\"Est. reading time\" \/>\n\t<meta name=\"twitter:data1\" content=\"1 minute\" \/>\n<script type=\"application\/ld+json\" class=\"yoast-schema-graph\">{\"@context\":\"https:\/\/schema.org\",\"@graph\":[{\"@type\":\"WebPage\",\"@id\":\"https:\/\/luxesound.ca\/product\/klipsch-the-three-plus-speaker\/\",\"url\":\"https:\/\/luxesound.ca\/product\/klipsch-the-three-plus-speaker\/\",\"name\":\"Klipsch The Three Plus Speaker - Luxe Sound\",\"isPartOf\":{\"@id\":\"https:\/\/luxesound.ca\/#website\"},\"primaryImageOfPage\":{\"@id\":\"https:\/\/luxesound.ca\/product\/klipsch-the-three-plus-speaker\/#primaryimage\"},\"image\":{\"@id\":\"https:\/\/luxesound.ca\/product\/klipsch-the-three-plus-speaker\/#primaryimage\"},\"thumbnailUrl\":\"https:\/\/luxesound.ca\/wp-content\/uploads\/2024\/09\/Klipsch-Three-Plus-Walnut-1.webp\",\"datePublished\":\"2024-09-16T20:12:16+00:00\",\"dateModified\":\"2026-04-20T19:12:12+00:00\",\"description\":\"Experience premium audio with the Klipsch The Three Plus. Enjoy rich, powerful sound and timeless design for any space. Free Shipping!\",\"breadcrumb\":{\"@id\":\"https:\/\/luxesound.ca\/product\/klipsch-the-three-plus-speaker\/#breadcrumb\"},\"inLanguage\":\"fr-qc\",\"potentialAction\":[{\"@type\":\"ReadAction\",\"target\":[\"https:\/\/luxesound.ca\/product\/klipsch-the-three-plus-speaker\/\"]}]},{\"@type\":\"ImageObject\",\"inLanguage\":\"fr-qc\",\"@id\":\"https:\/\/luxesound.ca\/product\/klipsch-the-three-plus-speaker\/#primaryimage\",\"url\":\"https:\/\/luxesound.ca\/wp-content\/uploads\/2024\/09\/Klipsch-Three-Plus-Walnut-1.webp\",\"contentUrl\":\"https:\/\/luxesound.ca\/wp-content\/uploads\/2024\/09\/Klipsch-Three-Plus-Walnut-1.webp\",\"width\":1200,\"height\":800,\"caption\":\"Klipsch Three Plus Walnut speaker on white background, product photo\"},{\"@type\":\"BreadcrumbList\",\"@id\":\"https:\/\/luxesound.ca\/product\/klipsch-the-three-plus-speaker\/#breadcrumb\",\"itemListElement\":[{\"@type\":\"ListItem\",\"position\":1,\"name\":\"Home\",\"item\":\"https:\/\/luxesound.ca\/\"},{\"@type\":\"ListItem\",\"position\":2,\"name\":\"Products\",\"item\":\"https:\/\/luxesound.ca\/shop\/\"},{\"@type\":\"ListItem\",\"position\":3,\"name\":\"Klipsch The Three Plus Speaker\"}]},{\"@type\":\"WebSite\",\"@id\":\"https:\/\/luxesound.ca\/#website\",\"url\":\"https:\/\/luxesound.ca\/\",\"name\":\"Luxe Sound\",\"description\":\"The Finest Headphones &amp; Speakers. Proudly Canadian.\",\"publisher\":{\"@id\":\"https:\/\/luxesound.ca\/#organization\"},\"potentialAction\":[{\"@type\":\"SearchAction\",\"target\":{\"@type\":\"EntryPoint\",\"urlTemplate\":\"https:\/\/luxesound.ca\/?s={search_term_string}\"},\"query-input\":{\"@type\":\"PropertyValueSpecification\",\"valueRequired\":true,\"valueName\":\"search_term_string\"}}],\"inLanguage\":\"fr-qc\"},{\"@type\":\"Organization\",\"@id\":\"https:\/\/luxesound.ca\/#organization\",\"name\":\"Luxe Sound\",\"url\":\"https:\/\/luxesound.ca\/\",\"logo\":{\"@type\":\"ImageObject\",\"inLanguage\":\"fr-qc\",\"@id\":\"https:\/\/luxesound.ca\/#\/schema\/logo\/image\/\",\"url\":\"https:\/\/luxesound.ca\/wp-content\/uploads\/2024\/08\/cropped-Luxe-white-on-green.png\",\"contentUrl\":\"https:\/\/luxesound.ca\/wp-content\/uploads\/2024\/08\/cropped-Luxe-white-on-green.png\",\"width\":512,\"height\":512,\"caption\":\"Luxe Sound\"},\"image\":{\"@id\":\"https:\/\/luxesound.ca\/#\/schema\/logo\/image\/\"},\"sameAs\":[\"https:\/\/www.facebook.com\/luxesound.ca\",\"https:\/\/www.instagram.com\/luxe.sound\/\"]}]}<\/script>\n<!-- \/ Yoast SEO plugin. -->","yoast_head_json":{"title":"Klipsch The Three Plus Speaker - Luxe Sound","description":"Experience premium audio with the Klipsch The Three Plus. Enjoy rich, powerful sound and timeless design for any space. Free Shipping!","robots":{"index":"index","follow":"follow","max-snippet":"max-snippet:-1","max-image-preview":"max-image-preview:large","max-video-preview":"max-video-preview:-1"},"canonical":"https:\/\/luxesound.ca\/fr\/product\/klipsch-the-three-plus-speaker\/","og_locale":"fr_FR","og_type":"article","og_title":"Klipsch The Three Plus Speaker - Luxe Sound","og_description":"Experience premium audio with the Klipsch The Three Plus. Enjoy rich, powerful sound and timeless design for any space. Free Shipping!","og_url":"https:\/\/luxesound.ca\/fr\/product\/klipsch-the-three-plus-speaker\/","og_site_name":"Luxe Sound","article_publisher":"https:\/\/www.facebook.com\/luxesound.ca","article_modified_time":"2026-04-20T19:12:12+00:00","og_image":[{"width":1200,"height":800,"url":"https:\/\/luxesound.ca\/wp-content\/uploads\/2024\/09\/Klipsch-Three-Plus-Walnut-1.webp?wsr","type":"image\/webp"}],"twitter_card":"summary_large_image","twitter_misc":{"Est. reading time":"1 minute"},"schema":{"@context":"https:\/\/schema.org","@graph":[{"@type":"WebPage","@id":"https:\/\/luxesound.ca\/product\/klipsch-the-three-plus-speaker\/","url":"https:\/\/luxesound.ca\/product\/klipsch-the-three-plus-speaker\/","name":"Klipsch The Three Plus Speaker - Luxe Sound","isPartOf":{"@id":"https:\/\/luxesound.ca\/#website"},"primaryImageOfPage":{"@id":"https:\/\/luxesound.ca\/product\/klipsch-the-three-plus-speaker\/#primaryimage"},"image":{"@id":"https:\/\/luxesound.ca\/product\/klipsch-the-three-plus-speaker\/#primaryimage"},"thumbnailUrl":"https:\/\/luxesound.ca\/wp-content\/uploads\/2024\/09\/Klipsch-Three-Plus-Walnut-1.webp","datePublished":"2024-09-16T20:12:16+00:00","dateModified":"2026-04-20T19:12:12+00:00","description":"Experience premium audio with the Klipsch The Three Plus. Enjoy rich, powerful sound and timeless design for any space. Free Shipping!","breadcrumb":{"@id":"https:\/\/luxesound.ca\/product\/klipsch-the-three-plus-speaker\/#breadcrumb"},"inLanguage":"fr-qc","potentialAction":[{"@type":"ReadAction","target":["https:\/\/luxesound.ca\/product\/klipsch-the-three-plus-speaker\/"]}]},{"@type":"ImageObject","inLanguage":"fr-qc","@id":"https:\/\/luxesound.ca\/product\/klipsch-the-three-plus-speaker\/#primaryimage","url":"https:\/\/luxesound.ca\/wp-content\/uploads\/2024\/09\/Klipsch-Three-Plus-Walnut-1.webp","contentUrl":"https:\/\/luxesound.ca\/wp-content\/uploads\/2024\/09\/Klipsch-Three-Plus-Walnut-1.webp","width":1200,"height":800,"caption":"Klipsch Three Plus Walnut speaker on white background, product photo"},{"@type":"BreadcrumbList","@id":"https:\/\/luxesound.ca\/product\/klipsch-the-three-plus-speaker\/#breadcrumb","itemListElement":[{"@type":"ListItem","position":1,"name":"Home","item":"https:\/\/luxesound.ca\/"},{"@type":"ListItem","position":2,"name":"Products","item":"https:\/\/luxesound.ca\/shop\/"},{"@type":"ListItem","position":3,"name":"Klipsch The Three Plus Speaker"}]},{"@type":"WebSite","@id":"https:\/\/luxesound.ca\/#website","url":"https:\/\/luxesound.ca\/","name":"Son luxueux","description":"Les meilleurs \u00e9couteurs et haut-parleurs. Fi\u00e8rement canadiens.","publisher":{"@id":"https:\/\/luxesound.ca\/#organization"},"potentialAction":[{"@type":"SearchAction","target":{"@type":"EntryPoint","urlTemplate":"https:\/\/luxesound.ca\/?s={search_term_string}"},"query-input":{"@type":"PropertyValueSpecification","valueRequired":true,"valueName":"search_term_string"}}],"inLanguage":"fr-qc"},{"@type":"Organization","@id":"https:\/\/luxesound.ca\/#organization","name":"Son luxueux","url":"https:\/\/luxesound.ca\/","logo":{"@type":"ImageObject","inLanguage":"fr-qc","@id":"https:\/\/luxesound.ca\/#\/schema\/logo\/image\/","url":"https:\/\/luxesound.ca\/wp-content\/uploads\/2024\/08\/cropped-Luxe-white-on-green.png","contentUrl":"https:\/\/luxesound.ca\/wp-content\/uploads\/2024\/08\/cropped-Luxe-white-on-green.png","width":512,"height":512,"caption":"Luxe Sound"},"image":{"@id":"https:\/\/luxesound.ca\/#\/schema\/logo\/image\/"},"sameAs":["https:\/\/www.facebook.com\/luxesound.ca","https:\/\/www.instagram.com\/luxe.sound\/"]}]}},"_links":{"self":[{"href":"https:\/\/luxesound.ca\/fr\/wp-json\/wp\/v2\/product\/6699","targetHints":{"allow":["GET"]}}],"collection":[{"href":"https:\/\/luxesound.ca\/fr\/wp-json\/wp\/v2\/product"}],"about":[{"href":"https:\/\/luxesound.ca\/fr\/wp-json\/wp\/v2\/types\/product"}],"replies":[{"embeddable":true,"href":"https:\/\/luxesound.ca\/fr\/wp-json\/wp\/v2\/comments?post=6699"}],"version-history":[{"count":1,"href":"https:\/\/luxesound.ca\/fr\/wp-json\/wp\/v2\/product\/6699\/revisions"}],"predecessor-version":[{"id":7429,"href":"https:\/\/luxesound.ca\/fr\/wp-json\/wp\/v2\/product\/6699\/revisions\/7429"}],"wp:featuredmedia":[{"embeddable":true,"href":"https:\/\/luxesound.ca\/fr\/wp-json\/wp\/v2\/media\/7422"}],"wp:attachment":[{"href":"https:\/\/luxesound.ca\/fr\/wp-json\/wp\/v2\/media?parent=6699"}],"wp:term":[{"taxonomy":"product_brand","embeddable":true,"href":"https:\/\/luxesound.ca\/fr\/wp-json\/wp\/v2\/product_brand?post=6699"},{"taxonomy":"product_cat","embeddable":true,"href":"https:\/\/luxesound.ca\/fr\/wp-json\/wp\/v2\/product_cat?post=6699"},{"taxonomy":"product_tag","embeddable":true,"href":"https:\/\/luxesound.ca\/fr\/wp-json\/wp\/v2\/product_tag?post=6699"}],"curies":[{"name":"wp","href":"https:\/\/api.w.org\/{rel}","templated":true}]}}