{"id":6575,"date":"2024-09-16T16:12:27","date_gmt":"2024-09-16T20:12:27","guid":{"rendered":"https:\/\/luxesound.ca\/?post_type=product&#038;p=6575"},"modified":"2026-04-20T15:12:12","modified_gmt":"2026-04-20T19:12:12","slug":"klipsch-the-one-plus-speaker","status":"publish","type":"product","link":"https:\/\/luxesound.ca\/fr\/product\/klipsch-the-one-plus-speaker\/","title":{"rendered":"Enceinte Klipsch The One Plus"},"content":{"rendered":"<p>Le syst\u00e8me d&#039;enceintes Bluetooth haut de gamme Klipsch The One Plus Compact dans sa couleur noyer embl\u00e9matique t\u00e9moigne de la fusion d&#039;un design intemporel et d&#039;une qualit\u00e9 sonore exceptionnelle. Fabriqu\u00e9s avec des placages en bois v\u00e9ritable, des accents modernes arrondis du milieu du si\u00e8cle et une grille en tissu lisse, ces syst\u00e8mes st\u00e9r\u00e9o de table privil\u00e9gient l&#039;esth\u00e9tique sans compromettre l&#039;excellence audio. Ces enceintes de table de derni\u00e8re g\u00e9n\u00e9ration offrent un v\u00e9ritable son st\u00e9r\u00e9o 2.1 avec une r\u00e9solution audiophile bi-amplifi\u00e9e r\u00e9gl\u00e9e professionnellement par les acousticiens de Klipsch pour offrir des performances acoustiques cristallines avec des basses sup\u00e9rieures.<\/p>","protected":false},"excerpt":{"rendered":"<p>Le syst\u00e8me d&#039;enceintes Bluetooth haut de gamme Klipsch The One Plus Compact dans sa couleur noyer embl\u00e9matique t\u00e9moigne de la fusion d&#039;un design intemporel et d&#039;une qualit\u00e9 sonore exceptionnelle. Fabriqu\u00e9s avec des placages en bois v\u00e9ritable, des accents modernes arrondis du milieu du si\u00e8cle et une grille en tissu lisse, ces syst\u00e8mes st\u00e9r\u00e9o de table privil\u00e9gient l&#039;esth\u00e9tique sans compromettre l&#039;excellence audio. Ces enceintes de table de derni\u00e8re g\u00e9n\u00e9ration offrent un v\u00e9ritable son st\u00e9r\u00e9o 2.1 avec une r\u00e9solution audiophile bi-amplifi\u00e9e r\u00e9gl\u00e9e professionnellement par les acousticiens de Klipsch pour offrir des performances acoustiques cristallines avec des basses sup\u00e9rieures.<\/p>","protected":false},"featured_media":7414,"comment_status":"open","ping_status":"closed","template":"","meta":{"_acf_changed":false,"_mo_disable_npp":"","inline_featured_image":false},"product_brand":[748],"product_cat":[231,27],"product_tag":[],"class_list":{"0":"post-6575","1":"product","2":"type-product","3":"status-publish","4":"has-post-thumbnail","6":"product_brand-klipsch","7":"product_cat-klipsch","8":"product_cat-speakers","9":"pa_colour-walnut","11":"first","12":"instock","13":"taxable","14":"shipping-taxable","15":"purchasable","16":"product-type-variable","17":"has-default-attributes"},"bundled_by":[],"bundle_stock_status":"instock","bundle_stock_quantity":null,"bundle_virtual":false,"bundle_layout":"","bundle_add_to_cart_form_location":"","bundle_editable_in_cart":false,"bundle_sold_individually_context":"","bundle_item_grouping":"","bundle_min_size":"","bundle_max_size":"","bundle_price":[],"bundled_items":[],"bundle_sell_ids":[],"acf":[],"ct_brands":[{"id":748,"name":"Klipsch","slug":"klipsch"}],"yoast_head":"<!-- This site is optimized with the Yoast SEO plugin v27.2 - https:\/\/yoast.com\/product\/yoast-seo-wordpress\/ -->\n<title>Klipsch The One Plus Speaker - Luxe Sound<\/title>\n<meta name=\"robots\" content=\"index, follow, max-snippet:-1, max-image-preview:large, max-video-preview:-1\" \/>\n<link rel=\"canonical\" href=\"https:\/\/luxesound.ca\/fr\/product\/klipsch-the-one-plus-speaker\/\" \/>\n<meta property=\"og:locale\" content=\"fr_FR\" \/>\n<meta property=\"og:type\" content=\"article\" \/>\n<meta property=\"og:title\" content=\"Klipsch The One Plus Speaker - Luxe Sound\" \/>\n<meta property=\"og:description\" content=\"The Klipsch The One Plus Compact premium Bluetooth speaker system in their signature walnut colour-way is a testament to the fusion of timeless design and exceptional sound quality. Crafted with real-wood veneers, rounded mid-century modern accents, and a smooth cloth grille, these tabletop stereo systems prioritize aesthetics without compromising on audio excellence. These latest generation tabletop speakers feature true 2.1 stereo sound with bi-amplified audiophile resolution professionally tuned by Klipsch acousticians to deliver crystal-clear acoustic performance with superior bass.\" \/>\n<meta property=\"og:url\" content=\"https:\/\/luxesound.ca\/fr\/product\/klipsch-the-one-plus-speaker\/\" \/>\n<meta property=\"og:site_name\" content=\"Luxe Sound\" \/>\n<meta property=\"article:publisher\" content=\"https:\/\/www.facebook.com\/luxesound.ca\" \/>\n<meta property=\"article:modified_time\" content=\"2026-04-20T19:12:12+00:00\" \/>\n<meta property=\"og:image\" content=\"https:\/\/luxesound.ca\/wp-content\/uploads\/2024\/09\/Klipsch-The-One-Plus-Walnut-1.webp\" \/>\n\t<meta property=\"og:image:width\" content=\"1200\" \/>\n\t<meta property=\"og:image:height\" content=\"800\" \/>\n\t<meta property=\"og:image:type\" content=\"image\/webp\" \/>\n<meta name=\"twitter:card\" content=\"summary_large_image\" \/>\n<meta name=\"twitter:label1\" content=\"Est. reading time\" \/>\n\t<meta name=\"twitter:data1\" content=\"1 minute\" \/>\n<script type=\"application\/ld+json\" class=\"yoast-schema-graph\">{\"@context\":\"https:\/\/schema.org\",\"@graph\":[{\"@type\":\"WebPage\",\"@id\":\"https:\/\/luxesound.ca\/product\/klipsch-the-one-plus-speaker\/\",\"url\":\"https:\/\/luxesound.ca\/product\/klipsch-the-one-plus-speaker\/\",\"name\":\"Klipsch The One Plus Speaker - Luxe Sound\",\"isPartOf\":{\"@id\":\"https:\/\/luxesound.ca\/#website\"},\"primaryImageOfPage\":{\"@id\":\"https:\/\/luxesound.ca\/product\/klipsch-the-one-plus-speaker\/#primaryimage\"},\"image\":{\"@id\":\"https:\/\/luxesound.ca\/product\/klipsch-the-one-plus-speaker\/#primaryimage\"},\"thumbnailUrl\":\"https:\/\/luxesound.ca\/wp-content\/uploads\/2024\/09\/Klipsch-The-One-Plus-Walnut-1.webp\",\"datePublished\":\"2024-09-16T20:12:27+00:00\",\"dateModified\":\"2026-04-20T19:12:12+00:00\",\"breadcrumb\":{\"@id\":\"https:\/\/luxesound.ca\/product\/klipsch-the-one-plus-speaker\/#breadcrumb\"},\"inLanguage\":\"fr-qc\",\"potentialAction\":[{\"@type\":\"ReadAction\",\"target\":[\"https:\/\/luxesound.ca\/product\/klipsch-the-one-plus-speaker\/\"]}]},{\"@type\":\"ImageObject\",\"inLanguage\":\"fr-qc\",\"@id\":\"https:\/\/luxesound.ca\/product\/klipsch-the-one-plus-speaker\/#primaryimage\",\"url\":\"https:\/\/luxesound.ca\/wp-content\/uploads\/2024\/09\/Klipsch-The-One-Plus-Walnut-1.webp\",\"contentUrl\":\"https:\/\/luxesound.ca\/wp-content\/uploads\/2024\/09\/Klipsch-The-One-Plus-Walnut-1.webp\",\"width\":1200,\"height\":800,\"caption\":\"A walnut Klipsch The One Plus speaker in gray and brown is placed on a white surface, blending style and functionality.\"},{\"@type\":\"BreadcrumbList\",\"@id\":\"https:\/\/luxesound.ca\/product\/klipsch-the-one-plus-speaker\/#breadcrumb\",\"itemListElement\":[{\"@type\":\"ListItem\",\"position\":1,\"name\":\"Home\",\"item\":\"https:\/\/luxesound.ca\/\"},{\"@type\":\"ListItem\",\"position\":2,\"name\":\"Products\",\"item\":\"https:\/\/luxesound.ca\/shop\/\"},{\"@type\":\"ListItem\",\"position\":3,\"name\":\"Klipsch The One Plus Speaker\"}]},{\"@type\":\"WebSite\",\"@id\":\"https:\/\/luxesound.ca\/#website\",\"url\":\"https:\/\/luxesound.ca\/\",\"name\":\"Luxe Sound\",\"description\":\"The Finest Headphones &amp; Speakers. Proudly Canadian.\",\"publisher\":{\"@id\":\"https:\/\/luxesound.ca\/#organization\"},\"potentialAction\":[{\"@type\":\"SearchAction\",\"target\":{\"@type\":\"EntryPoint\",\"urlTemplate\":\"https:\/\/luxesound.ca\/?s={search_term_string}\"},\"query-input\":{\"@type\":\"PropertyValueSpecification\",\"valueRequired\":true,\"valueName\":\"search_term_string\"}}],\"inLanguage\":\"fr-qc\"},{\"@type\":\"Organization\",\"@id\":\"https:\/\/luxesound.ca\/#organization\",\"name\":\"Luxe Sound\",\"url\":\"https:\/\/luxesound.ca\/\",\"logo\":{\"@type\":\"ImageObject\",\"inLanguage\":\"fr-qc\",\"@id\":\"https:\/\/luxesound.ca\/#\/schema\/logo\/image\/\",\"url\":\"https:\/\/luxesound.ca\/wp-content\/uploads\/2024\/08\/cropped-Luxe-white-on-green.png\",\"contentUrl\":\"https:\/\/luxesound.ca\/wp-content\/uploads\/2024\/08\/cropped-Luxe-white-on-green.png\",\"width\":512,\"height\":512,\"caption\":\"Luxe Sound\"},\"image\":{\"@id\":\"https:\/\/luxesound.ca\/#\/schema\/logo\/image\/\"},\"sameAs\":[\"https:\/\/www.facebook.com\/luxesound.ca\",\"https:\/\/www.instagram.com\/luxe.sound\/\"]}]}<\/script>\n<!-- \/ Yoast SEO plugin. -->","yoast_head_json":{"title":"Klipsch The One Plus Speaker - Luxe Sound","robots":{"index":"index","follow":"follow","max-snippet":"max-snippet:-1","max-image-preview":"max-image-preview:large","max-video-preview":"max-video-preview:-1"},"canonical":"https:\/\/luxesound.ca\/fr\/product\/klipsch-the-one-plus-speaker\/","og_locale":"fr_FR","og_type":"article","og_title":"Klipsch The One Plus Speaker - Luxe Sound","og_description":"The Klipsch The One Plus Compact premium Bluetooth speaker system in their signature walnut colour-way is a testament to the fusion of timeless design and exceptional sound quality. Crafted with real-wood veneers, rounded mid-century modern accents, and a smooth cloth grille, these tabletop stereo systems prioritize aesthetics without compromising on audio excellence. These latest generation tabletop speakers feature true 2.1 stereo sound with bi-amplified audiophile resolution professionally tuned by Klipsch acousticians to deliver crystal-clear acoustic performance with superior bass.","og_url":"https:\/\/luxesound.ca\/fr\/product\/klipsch-the-one-plus-speaker\/","og_site_name":"Luxe Sound","article_publisher":"https:\/\/www.facebook.com\/luxesound.ca","article_modified_time":"2026-04-20T19:12:12+00:00","og_image":[{"width":1200,"height":800,"url":"https:\/\/luxesound.ca\/wp-content\/uploads\/2024\/09\/Klipsch-The-One-Plus-Walnut-1.webp","type":"image\/webp"}],"twitter_card":"summary_large_image","twitter_misc":{"Est. reading time":"1 minute"},"schema":{"@context":"https:\/\/schema.org","@graph":[{"@type":"WebPage","@id":"https:\/\/luxesound.ca\/product\/klipsch-the-one-plus-speaker\/","url":"https:\/\/luxesound.ca\/product\/klipsch-the-one-plus-speaker\/","name":"Klipsch The One Plus Speaker - Luxe Sound","isPartOf":{"@id":"https:\/\/luxesound.ca\/#website"},"primaryImageOfPage":{"@id":"https:\/\/luxesound.ca\/product\/klipsch-the-one-plus-speaker\/#primaryimage"},"image":{"@id":"https:\/\/luxesound.ca\/product\/klipsch-the-one-plus-speaker\/#primaryimage"},"thumbnailUrl":"https:\/\/luxesound.ca\/wp-content\/uploads\/2024\/09\/Klipsch-The-One-Plus-Walnut-1.webp","datePublished":"2024-09-16T20:12:27+00:00","dateModified":"2026-04-20T19:12:12+00:00","breadcrumb":{"@id":"https:\/\/luxesound.ca\/product\/klipsch-the-one-plus-speaker\/#breadcrumb"},"inLanguage":"fr-qc","potentialAction":[{"@type":"ReadAction","target":["https:\/\/luxesound.ca\/product\/klipsch-the-one-plus-speaker\/"]}]},{"@type":"ImageObject","inLanguage":"fr-qc","@id":"https:\/\/luxesound.ca\/product\/klipsch-the-one-plus-speaker\/#primaryimage","url":"https:\/\/luxesound.ca\/wp-content\/uploads\/2024\/09\/Klipsch-The-One-Plus-Walnut-1.webp","contentUrl":"https:\/\/luxesound.ca\/wp-content\/uploads\/2024\/09\/Klipsch-The-One-Plus-Walnut-1.webp","width":1200,"height":800,"caption":"A walnut Klipsch The One Plus speaker in gray and brown is placed on a white surface, blending style and functionality."},{"@type":"BreadcrumbList","@id":"https:\/\/luxesound.ca\/product\/klipsch-the-one-plus-speaker\/#breadcrumb","itemListElement":[{"@type":"ListItem","position":1,"name":"Home","item":"https:\/\/luxesound.ca\/"},{"@type":"ListItem","position":2,"name":"Products","item":"https:\/\/luxesound.ca\/shop\/"},{"@type":"ListItem","position":3,"name":"Klipsch The One Plus Speaker"}]},{"@type":"WebSite","@id":"https:\/\/luxesound.ca\/#website","url":"https:\/\/luxesound.ca\/","name":"Son luxueux","description":"Les meilleurs \u00e9couteurs et haut-parleurs. Fi\u00e8rement canadiens.","publisher":{"@id":"https:\/\/luxesound.ca\/#organization"},"potentialAction":[{"@type":"SearchAction","target":{"@type":"EntryPoint","urlTemplate":"https:\/\/luxesound.ca\/?s={search_term_string}"},"query-input":{"@type":"PropertyValueSpecification","valueRequired":true,"valueName":"search_term_string"}}],"inLanguage":"fr-qc"},{"@type":"Organization","@id":"https:\/\/luxesound.ca\/#organization","name":"Son luxueux","url":"https:\/\/luxesound.ca\/","logo":{"@type":"ImageObject","inLanguage":"fr-qc","@id":"https:\/\/luxesound.ca\/#\/schema\/logo\/image\/","url":"https:\/\/luxesound.ca\/wp-content\/uploads\/2024\/08\/cropped-Luxe-white-on-green.png","contentUrl":"https:\/\/luxesound.ca\/wp-content\/uploads\/2024\/08\/cropped-Luxe-white-on-green.png","width":512,"height":512,"caption":"Luxe Sound"},"image":{"@id":"https:\/\/luxesound.ca\/#\/schema\/logo\/image\/"},"sameAs":["https:\/\/www.facebook.com\/luxesound.ca","https:\/\/www.instagram.com\/luxe.sound\/"]}]}},"_links":{"self":[{"href":"https:\/\/luxesound.ca\/fr\/wp-json\/wp\/v2\/product\/6575","targetHints":{"allow":["GET"]}}],"collection":[{"href":"https:\/\/luxesound.ca\/fr\/wp-json\/wp\/v2\/product"}],"about":[{"href":"https:\/\/luxesound.ca\/fr\/wp-json\/wp\/v2\/types\/product"}],"replies":[{"embeddable":true,"href":"https:\/\/luxesound.ca\/fr\/wp-json\/wp\/v2\/comments?post=6575"}],"version-history":[{"count":1,"href":"https:\/\/luxesound.ca\/fr\/wp-json\/wp\/v2\/product\/6575\/revisions"}],"predecessor-version":[{"id":7421,"href":"https:\/\/luxesound.ca\/fr\/wp-json\/wp\/v2\/product\/6575\/revisions\/7421"}],"wp:featuredmedia":[{"embeddable":true,"href":"https:\/\/luxesound.ca\/fr\/wp-json\/wp\/v2\/media\/7414"}],"wp:attachment":[{"href":"https:\/\/luxesound.ca\/fr\/wp-json\/wp\/v2\/media?parent=6575"}],"wp:term":[{"taxonomy":"product_brand","embeddable":true,"href":"https:\/\/luxesound.ca\/fr\/wp-json\/wp\/v2\/product_brand?post=6575"},{"taxonomy":"product_cat","embeddable":true,"href":"https:\/\/luxesound.ca\/fr\/wp-json\/wp\/v2\/product_cat?post=6575"},{"taxonomy":"product_tag","embeddable":true,"href":"https:\/\/luxesound.ca\/fr\/wp-json\/wp\/v2\/product_tag?post=6575"}],"curies":[{"name":"wp","href":"https:\/\/api.w.org\/{rel}","templated":true}]}}