{"id":6543,"date":"2024-09-16T16:12:37","date_gmt":"2024-09-16T20:12:37","guid":{"rendered":"https:\/\/luxesound.ca\/?post_type=product&#038;p=6543"},"modified":"2026-04-20T15:12:12","modified_gmt":"2026-04-20T19:12:12","slug":"klipsch-nashville-portable-speaker","status":"publish","type":"product","link":"https:\/\/luxesound.ca\/fr\/product\/klipsch-nashville-portable-speaker\/","title":{"rendered":"Enceinte portable Klipsch Nashville"},"content":{"rendered":"<p>Cette enceinte Bluetooth petite mais puissante peut durer jusqu&#039;\u00e0 24 heures sur une seule charge. Que vous parcouriez les rues de Music City ou que vous fassiez un long trajet hors de la ville, la batterie longue dur\u00e9e de l&#039;enceinte portable Klipsch Nashville vous couvre. La connectivit\u00e9 sans fil est indispensable pour votre style de vie nomade. C&#039;est pourquoi l&#039;enceinte portable Klipsch Nashville est dot\u00e9e de la v\u00e9ritable technologie sans fil Bluetooth 5.3 pour une lecture st\u00e9r\u00e9o fluide. Cette enceinte portable m\u00e9morise jusqu&#039;\u00e0 8 appareils pour une flexibilit\u00e9 et un contr\u00f4le ultimes de la liste de lecture.<\/p>","protected":false},"excerpt":{"rendered":"<p>Cette enceinte Bluetooth petite mais puissante peut durer jusqu&#039;\u00e0 24 heures sur une seule charge. Que vous parcouriez les rues de Music City ou que vous fassiez un long trajet hors de la ville, la batterie longue dur\u00e9e de l&#039;enceinte portable Klipsch Nashville vous couvre. La connectivit\u00e9 sans fil est indispensable pour votre style de vie nomade. C&#039;est pourquoi l&#039;enceinte portable Klipsch Nashville est dot\u00e9e de la v\u00e9ritable technologie sans fil Bluetooth 5.3 pour une lecture st\u00e9r\u00e9o fluide. Cette enceinte portable m\u00e9morise jusqu&#039;\u00e0 8 appareils pour une flexibilit\u00e9 et un contr\u00f4le ultimes de la liste de lecture.<\/p>","protected":false},"featured_media":6535,"comment_status":"open","ping_status":"closed","template":"","meta":{"_acf_changed":false,"_mo_disable_npp":"","inline_featured_image":false},"product_brand":[748],"product_cat":[231,219,777],"product_tag":[],"class_list":{"0":"post-6543","1":"product","2":"type-product","3":"status-publish","4":"has-post-thumbnail","6":"product_brand-klipsch","7":"product_cat-klipsch","8":"product_cat-portable-audio","9":"product_cat-portable-speakers","10":"pa_colour-matte-black","12":"first","13":"outofstock","14":"taxable","15":"shipping-taxable","16":"purchasable","17":"product-type-variable","18":"has-default-attributes"},"bundled_by":[],"bundle_stock_status":"outofstock","bundle_stock_quantity":null,"bundle_virtual":false,"bundle_layout":"","bundle_add_to_cart_form_location":"","bundle_editable_in_cart":false,"bundle_sold_individually_context":"","bundle_item_grouping":"","bundle_min_size":"","bundle_max_size":"","bundle_price":[],"bundled_items":[],"bundle_sell_ids":[],"acf":[],"ct_brands":[{"id":748,"name":"Klipsch","slug":"klipsch"}],"yoast_head":"<!-- This site is optimized with the Yoast SEO plugin v27.2 - https:\/\/yoast.com\/product\/yoast-seo-wordpress\/ -->\n<title>Klipsch Nashville Portable Speaker - Luxe Sound<\/title>\n<meta name=\"description\" content=\"Try portable audio with the Klipsch Nashville Portable Speaker. Sleek design, powerful performance, and perfect for on-the-go listening. Free Shipping!\" \/>\n<meta name=\"robots\" content=\"index, follow, max-snippet:-1, max-image-preview:large, max-video-preview:-1\" \/>\n<link rel=\"canonical\" href=\"https:\/\/luxesound.ca\/fr\/product\/klipsch-nashville-portable-speaker\/\" \/>\n<meta property=\"og:locale\" content=\"fr_FR\" \/>\n<meta property=\"og:type\" content=\"article\" \/>\n<meta property=\"og:title\" content=\"Klipsch Nashville Portable Speaker - Luxe Sound\" \/>\n<meta property=\"og:description\" content=\"Try portable audio with the Klipsch Nashville Portable Speaker. Sleek design, powerful performance, and perfect for on-the-go listening. Free Shipping!\" \/>\n<meta property=\"og:url\" content=\"https:\/\/luxesound.ca\/fr\/product\/klipsch-nashville-portable-speaker\/\" \/>\n<meta property=\"og:site_name\" content=\"Luxe Sound\" \/>\n<meta property=\"article:publisher\" content=\"https:\/\/www.facebook.com\/luxesound.ca\" \/>\n<meta property=\"article:modified_time\" content=\"2026-04-20T19:12:12+00:00\" \/>\n<meta property=\"og:image\" content=\"https:\/\/luxesound.ca\/wp-content\/uploads\/2024\/08\/Klipsch-Nashville-Portable-Speaker-1.webp?wsr\" \/>\n\t<meta property=\"og:image:width\" content=\"1200\" \/>\n\t<meta property=\"og:image:height\" content=\"800\" \/>\n\t<meta property=\"og:image:type\" content=\"image\/webp\" \/>\n<meta name=\"twitter:card\" content=\"summary_large_image\" \/>\n<meta name=\"twitter:label1\" content=\"Est. reading time\" \/>\n\t<meta name=\"twitter:data1\" content=\"1 minute\" \/>\n<script type=\"application\/ld+json\" class=\"yoast-schema-graph\">{\"@context\":\"https:\/\/schema.org\",\"@graph\":[{\"@type\":\"WebPage\",\"@id\":\"https:\/\/luxesound.ca\/product\/klipsch-nashville-portable-speaker\/\",\"url\":\"https:\/\/luxesound.ca\/product\/klipsch-nashville-portable-speaker\/\",\"name\":\"Klipsch Nashville Portable Speaker - Luxe Sound\",\"isPartOf\":{\"@id\":\"https:\/\/luxesound.ca\/#website\"},\"primaryImageOfPage\":{\"@id\":\"https:\/\/luxesound.ca\/product\/klipsch-nashville-portable-speaker\/#primaryimage\"},\"image\":{\"@id\":\"https:\/\/luxesound.ca\/product\/klipsch-nashville-portable-speaker\/#primaryimage\"},\"thumbnailUrl\":\"https:\/\/luxesound.ca\/wp-content\/uploads\/2024\/08\/Klipsch-Nashville-Portable-Speaker-1.webp\",\"datePublished\":\"2024-09-16T20:12:37+00:00\",\"dateModified\":\"2026-04-20T19:12:12+00:00\",\"description\":\"Try portable audio with the Klipsch Nashville Portable Speaker. Sleek design, powerful performance, and perfect for on-the-go listening. Free Shipping!\",\"breadcrumb\":{\"@id\":\"https:\/\/luxesound.ca\/product\/klipsch-nashville-portable-speaker\/#breadcrumb\"},\"inLanguage\":\"fr-qc\",\"potentialAction\":[{\"@type\":\"ReadAction\",\"target\":[\"https:\/\/luxesound.ca\/product\/klipsch-nashville-portable-speaker\/\"]}]},{\"@type\":\"ImageObject\",\"inLanguage\":\"fr-qc\",\"@id\":\"https:\/\/luxesound.ca\/product\/klipsch-nashville-portable-speaker\/#primaryimage\",\"url\":\"https:\/\/luxesound.ca\/wp-content\/uploads\/2024\/08\/Klipsch-Nashville-Portable-Speaker-1.webp\",\"contentUrl\":\"https:\/\/luxesound.ca\/wp-content\/uploads\/2024\/08\/Klipsch-Nashville-Portable-Speaker-1.webp\",\"width\":1200,\"height\":800,\"caption\":\"A compact black Klipsch Nashville Portable speaker, designed for portability and easy listening anywhere.\"},{\"@type\":\"BreadcrumbList\",\"@id\":\"https:\/\/luxesound.ca\/product\/klipsch-nashville-portable-speaker\/#breadcrumb\",\"itemListElement\":[{\"@type\":\"ListItem\",\"position\":1,\"name\":\"Home\",\"item\":\"https:\/\/luxesound.ca\/\"},{\"@type\":\"ListItem\",\"position\":2,\"name\":\"Products\",\"item\":\"https:\/\/luxesound.ca\/shop\/\"},{\"@type\":\"ListItem\",\"position\":3,\"name\":\"Klipsch Nashville Portable Speaker\"}]},{\"@type\":\"WebSite\",\"@id\":\"https:\/\/luxesound.ca\/#website\",\"url\":\"https:\/\/luxesound.ca\/\",\"name\":\"Luxe Sound\",\"description\":\"The Finest Headphones &amp; Speakers. Proudly Canadian.\",\"publisher\":{\"@id\":\"https:\/\/luxesound.ca\/#organization\"},\"potentialAction\":[{\"@type\":\"SearchAction\",\"target\":{\"@type\":\"EntryPoint\",\"urlTemplate\":\"https:\/\/luxesound.ca\/?s={search_term_string}\"},\"query-input\":{\"@type\":\"PropertyValueSpecification\",\"valueRequired\":true,\"valueName\":\"search_term_string\"}}],\"inLanguage\":\"fr-qc\"},{\"@type\":\"Organization\",\"@id\":\"https:\/\/luxesound.ca\/#organization\",\"name\":\"Luxe Sound\",\"url\":\"https:\/\/luxesound.ca\/\",\"logo\":{\"@type\":\"ImageObject\",\"inLanguage\":\"fr-qc\",\"@id\":\"https:\/\/luxesound.ca\/#\/schema\/logo\/image\/\",\"url\":\"https:\/\/luxesound.ca\/wp-content\/uploads\/2024\/08\/cropped-Luxe-white-on-green.png\",\"contentUrl\":\"https:\/\/luxesound.ca\/wp-content\/uploads\/2024\/08\/cropped-Luxe-white-on-green.png\",\"width\":512,\"height\":512,\"caption\":\"Luxe Sound\"},\"image\":{\"@id\":\"https:\/\/luxesound.ca\/#\/schema\/logo\/image\/\"},\"sameAs\":[\"https:\/\/www.facebook.com\/luxesound.ca\",\"https:\/\/www.instagram.com\/luxe.sound\/\"]}]}<\/script>\n<!-- \/ Yoast SEO plugin. -->","yoast_head_json":{"title":"Klipsch Nashville Portable Speaker - Luxe Sound","description":"Try portable audio with the Klipsch Nashville Portable Speaker. Sleek design, powerful performance, and perfect for on-the-go listening. Free Shipping!","robots":{"index":"index","follow":"follow","max-snippet":"max-snippet:-1","max-image-preview":"max-image-preview:large","max-video-preview":"max-video-preview:-1"},"canonical":"https:\/\/luxesound.ca\/fr\/product\/klipsch-nashville-portable-speaker\/","og_locale":"fr_FR","og_type":"article","og_title":"Klipsch Nashville Portable Speaker - Luxe Sound","og_description":"Try portable audio with the Klipsch Nashville Portable Speaker. Sleek design, powerful performance, and perfect for on-the-go listening. Free Shipping!","og_url":"https:\/\/luxesound.ca\/fr\/product\/klipsch-nashville-portable-speaker\/","og_site_name":"Luxe Sound","article_publisher":"https:\/\/www.facebook.com\/luxesound.ca","article_modified_time":"2026-04-20T19:12:12+00:00","og_image":[{"width":1200,"height":800,"url":"https:\/\/luxesound.ca\/wp-content\/uploads\/2024\/08\/Klipsch-Nashville-Portable-Speaker-1.webp?wsr","type":"image\/webp"}],"twitter_card":"summary_large_image","twitter_misc":{"Est. reading time":"1 minute"},"schema":{"@context":"https:\/\/schema.org","@graph":[{"@type":"WebPage","@id":"https:\/\/luxesound.ca\/product\/klipsch-nashville-portable-speaker\/","url":"https:\/\/luxesound.ca\/product\/klipsch-nashville-portable-speaker\/","name":"Klipsch Nashville Portable Speaker - Luxe Sound","isPartOf":{"@id":"https:\/\/luxesound.ca\/#website"},"primaryImageOfPage":{"@id":"https:\/\/luxesound.ca\/product\/klipsch-nashville-portable-speaker\/#primaryimage"},"image":{"@id":"https:\/\/luxesound.ca\/product\/klipsch-nashville-portable-speaker\/#primaryimage"},"thumbnailUrl":"https:\/\/luxesound.ca\/wp-content\/uploads\/2024\/08\/Klipsch-Nashville-Portable-Speaker-1.webp","datePublished":"2024-09-16T20:12:37+00:00","dateModified":"2026-04-20T19:12:12+00:00","description":"Try portable audio with the Klipsch Nashville Portable Speaker. Sleek design, powerful performance, and perfect for on-the-go listening. Free Shipping!","breadcrumb":{"@id":"https:\/\/luxesound.ca\/product\/klipsch-nashville-portable-speaker\/#breadcrumb"},"inLanguage":"fr-qc","potentialAction":[{"@type":"ReadAction","target":["https:\/\/luxesound.ca\/product\/klipsch-nashville-portable-speaker\/"]}]},{"@type":"ImageObject","inLanguage":"fr-qc","@id":"https:\/\/luxesound.ca\/product\/klipsch-nashville-portable-speaker\/#primaryimage","url":"https:\/\/luxesound.ca\/wp-content\/uploads\/2024\/08\/Klipsch-Nashville-Portable-Speaker-1.webp","contentUrl":"https:\/\/luxesound.ca\/wp-content\/uploads\/2024\/08\/Klipsch-Nashville-Portable-Speaker-1.webp","width":1200,"height":800,"caption":"A compact black Klipsch Nashville Portable speaker, designed for portability and easy listening anywhere."},{"@type":"BreadcrumbList","@id":"https:\/\/luxesound.ca\/product\/klipsch-nashville-portable-speaker\/#breadcrumb","itemListElement":[{"@type":"ListItem","position":1,"name":"Home","item":"https:\/\/luxesound.ca\/"},{"@type":"ListItem","position":2,"name":"Products","item":"https:\/\/luxesound.ca\/shop\/"},{"@type":"ListItem","position":3,"name":"Klipsch Nashville Portable Speaker"}]},{"@type":"WebSite","@id":"https:\/\/luxesound.ca\/#website","url":"https:\/\/luxesound.ca\/","name":"Son luxueux","description":"Les meilleurs \u00e9couteurs et haut-parleurs. Fi\u00e8rement canadiens.","publisher":{"@id":"https:\/\/luxesound.ca\/#organization"},"potentialAction":[{"@type":"SearchAction","target":{"@type":"EntryPoint","urlTemplate":"https:\/\/luxesound.ca\/?s={search_term_string}"},"query-input":{"@type":"PropertyValueSpecification","valueRequired":true,"valueName":"search_term_string"}}],"inLanguage":"fr-qc"},{"@type":"Organization","@id":"https:\/\/luxesound.ca\/#organization","name":"Son luxueux","url":"https:\/\/luxesound.ca\/","logo":{"@type":"ImageObject","inLanguage":"fr-qc","@id":"https:\/\/luxesound.ca\/#\/schema\/logo\/image\/","url":"https:\/\/luxesound.ca\/wp-content\/uploads\/2024\/08\/cropped-Luxe-white-on-green.png","contentUrl":"https:\/\/luxesound.ca\/wp-content\/uploads\/2024\/08\/cropped-Luxe-white-on-green.png","width":512,"height":512,"caption":"Luxe Sound"},"image":{"@id":"https:\/\/luxesound.ca\/#\/schema\/logo\/image\/"},"sameAs":["https:\/\/www.facebook.com\/luxesound.ca","https:\/\/www.instagram.com\/luxe.sound\/"]}]}},"_links":{"self":[{"href":"https:\/\/luxesound.ca\/fr\/wp-json\/wp\/v2\/product\/6543","targetHints":{"allow":["GET"]}}],"collection":[{"href":"https:\/\/luxesound.ca\/fr\/wp-json\/wp\/v2\/product"}],"about":[{"href":"https:\/\/luxesound.ca\/fr\/wp-json\/wp\/v2\/types\/product"}],"replies":[{"embeddable":true,"href":"https:\/\/luxesound.ca\/fr\/wp-json\/wp\/v2\/comments?post=6543"}],"version-history":[{"count":1,"href":"https:\/\/luxesound.ca\/fr\/wp-json\/wp\/v2\/product\/6543\/revisions"}],"predecessor-version":[{"id":7413,"href":"https:\/\/luxesound.ca\/fr\/wp-json\/wp\/v2\/product\/6543\/revisions\/7413"}],"wp:featuredmedia":[{"embeddable":true,"href":"https:\/\/luxesound.ca\/fr\/wp-json\/wp\/v2\/media\/6535"}],"wp:attachment":[{"href":"https:\/\/luxesound.ca\/fr\/wp-json\/wp\/v2\/media?parent=6543"}],"wp:term":[{"taxonomy":"product_brand","embeddable":true,"href":"https:\/\/luxesound.ca\/fr\/wp-json\/wp\/v2\/product_brand?post=6543"},{"taxonomy":"product_cat","embeddable":true,"href":"https:\/\/luxesound.ca\/fr\/wp-json\/wp\/v2\/product_cat?post=6543"},{"taxonomy":"product_tag","embeddable":true,"href":"https:\/\/luxesound.ca\/fr\/wp-json\/wp\/v2\/product_tag?post=6543"}],"curies":[{"name":"wp","href":"https:\/\/api.w.org\/{rel}","templated":true}]}}