{"id":6468,"date":"2024-10-15T14:54:59","date_gmt":"2024-10-15T18:54:59","guid":{"rendered":"https:\/\/luxesound.ca\/?post_type=product&#038;p=6468"},"modified":"2026-04-20T15:12:12","modified_gmt":"2026-04-20T19:12:12","slug":"moondrop-starfield-ii-earbuds","status":"publish","type":"product","link":"https:\/\/luxesound.ca\/fr\/product\/moondrop-starfield-ii-earbuds\/","title":{"rendered":"\u00c9couteurs Moondrop Starfield II"},"content":{"rendered":"<p>Les \u00e9couteurs Moondrop Starfield II apportent une nouvelle dimension \u00e0 votre musique gr\u00e2ce \u00e0 leur son riche et d\u00e9taill\u00e9 et \u00e0 leur design saisissant. Dot\u00e9s d&#039;un transducteur dynamique avanc\u00e9, les Starfield II d\u00e9livrent des basses profondes, des m\u00e9diums fluides et des aigus percutants qui donnent vie \u00e0 chaque morceau. Con\u00e7us pour le confort et la durabilit\u00e9, ces \u00e9couteurs offrent un maintien parfait, id\u00e9al pour une utilisation quotidienne. Leur superbe finition m\u00e9tallique ajoute une touche d&#039;\u00e9l\u00e9gance, rendant les Starfield II aussi esth\u00e9tiques que performants. Que vous soyez en d\u00e9placement, \u00e0 l&#039;entra\u00eenement ou \u00e0 la maison, les Moondrop Starfield II vous offrent une exp\u00e9rience d&#039;\u00e9coute immersive qui vous permet de profiter de votre musique pr\u00e9f\u00e9r\u00e9e comme jamais auparavant.<\/p>","protected":false},"excerpt":{"rendered":"<p>Les \u00e9couteurs Moondrop Starfield II apportent une nouvelle dimension \u00e0 votre musique gr\u00e2ce \u00e0 leur son riche et d\u00e9taill\u00e9 et \u00e0 leur design saisissant. Dot\u00e9s d&#039;un transducteur dynamique avanc\u00e9, les Starfield II d\u00e9livrent des basses profondes, des m\u00e9diums fluides et des aigus percutants qui donnent vie \u00e0 chaque morceau. Con\u00e7us pour le confort et la durabilit\u00e9, ces \u00e9couteurs offrent un maintien parfait, id\u00e9al pour une utilisation quotidienne. Leur superbe finition m\u00e9tallique ajoute une touche d&#039;\u00e9l\u00e9gance, rendant les Starfield II aussi esth\u00e9tiques que performants. Que vous soyez en d\u00e9placement, \u00e0 l&#039;entra\u00eenement ou \u00e0 la maison, les Moondrop Starfield II vous offrent une exp\u00e9rience d&#039;\u00e9coute immersive qui vous permet de profiter de votre musique pr\u00e9f\u00e9r\u00e9e comme jamais auparavant.<\/p>","protected":false},"featured_media":8516,"comment_status":"open","ping_status":"closed","template":"","meta":{"_acf_changed":false,"_mo_disable_npp":"","inline_featured_image":false},"product_brand":[753],"product_cat":[892,145,932,732,896,931],"product_tag":[694],"class_list":{"0":"post-6468","1":"product","2":"type-product","3":"status-publish","4":"has-post-thumbnail","6":"product_brand-moondrop","7":"product_cat-chifi","8":"product_cat-earbuds","9":"product_cat-in-ear-monitors","10":"product_cat-moondrop","11":"product_cat-moondrop-iems","12":"product_cat-wired-earbuds","13":"product_tag-colourful","14":"pa_colour-royal-blue","16":"first","17":"instock","18":"taxable","19":"shipping-taxable","20":"purchasable","21":"product-type-variable","22":"has-default-attributes"},"bundled_by":[],"bundle_stock_status":"instock","bundle_stock_quantity":null,"bundle_virtual":false,"bundle_layout":"","bundle_add_to_cart_form_location":"","bundle_editable_in_cart":false,"bundle_sold_individually_context":"","bundle_item_grouping":"","bundle_min_size":"","bundle_max_size":"","bundle_price":[],"bundled_items":[],"bundle_sell_ids":[],"acf":[],"ct_brands":[{"id":753,"name":"Goutte de lune","slug":"moondrop"}],"yoast_head":"<!-- This site is optimized with the Yoast SEO plugin v27.2 - https:\/\/yoast.com\/product\/yoast-seo-wordpress\/ -->\n<title>Moondrop Starfield II Earbuds - Luxe Sound<\/title>\n<meta name=\"description\" content=\"Immerse yourself in rich audio with Moondrop Starfield II Earbuds. Enjoy deep bass and sparkling highs in a comfortable fit. Free Shipping!\" \/>\n<meta name=\"robots\" content=\"index, follow, max-snippet:-1, max-image-preview:large, max-video-preview:-1\" \/>\n<link rel=\"canonical\" href=\"https:\/\/luxesound.ca\/fr\/product\/moondrop-starfield-ii-earbuds\/\" \/>\n<meta property=\"og:locale\" content=\"fr_FR\" \/>\n<meta property=\"og:type\" content=\"article\" \/>\n<meta property=\"og:title\" content=\"Moondrop Starfield II Earbuds - Luxe Sound\" \/>\n<meta property=\"og:description\" content=\"Immerse yourself in rich audio with Moondrop Starfield II Earbuds. Enjoy deep bass and sparkling highs in a comfortable fit. Free Shipping!\" \/>\n<meta property=\"og:url\" content=\"https:\/\/luxesound.ca\/fr\/product\/moondrop-starfield-ii-earbuds\/\" \/>\n<meta property=\"og:site_name\" content=\"Luxe Sound\" \/>\n<meta property=\"article:publisher\" content=\"https:\/\/www.facebook.com\/luxesound.ca\" \/>\n<meta property=\"article:modified_time\" content=\"2026-04-20T19:12:12+00:00\" \/>\n<meta property=\"og:image\" content=\"https:\/\/luxesound.ca\/wp-content\/uploads\/2024\/09\/Moondrop-Starfield-II-Earphones-1.webp\" \/>\n\t<meta property=\"og:image:width\" content=\"1200\" \/>\n\t<meta property=\"og:image:height\" content=\"800\" \/>\n\t<meta property=\"og:image:type\" content=\"image\/webp\" \/>\n<meta name=\"twitter:card\" content=\"summary_large_image\" \/>\n<meta name=\"twitter:label1\" content=\"Est. reading time\" \/>\n\t<meta name=\"twitter:data1\" content=\"1 minute\" \/>\n<script type=\"application\/ld+json\" class=\"yoast-schema-graph\">{\"@context\":\"https:\/\/schema.org\",\"@graph\":[{\"@type\":\"WebPage\",\"@id\":\"https:\/\/luxesound.ca\/product\/moondrop-starfield-ii-earbuds\/\",\"url\":\"https:\/\/luxesound.ca\/product\/moondrop-starfield-ii-earbuds\/\",\"name\":\"Moondrop Starfield II Earbuds - Luxe Sound\",\"isPartOf\":{\"@id\":\"https:\/\/luxesound.ca\/#website\"},\"primaryImageOfPage\":{\"@id\":\"https:\/\/luxesound.ca\/product\/moondrop-starfield-ii-earbuds\/#primaryimage\"},\"image\":{\"@id\":\"https:\/\/luxesound.ca\/product\/moondrop-starfield-ii-earbuds\/#primaryimage\"},\"thumbnailUrl\":\"https:\/\/luxesound.ca\/wp-content\/uploads\/2024\/09\/Moondrop-Starfield-II-Earphones-1.webp\",\"datePublished\":\"2024-10-15T18:54:59+00:00\",\"dateModified\":\"2026-04-20T19:12:12+00:00\",\"description\":\"Immerse yourself in rich audio with Moondrop Starfield II Earbuds. Enjoy deep bass and sparkling highs in a comfortable fit. Free Shipping!\",\"breadcrumb\":{\"@id\":\"https:\/\/luxesound.ca\/product\/moondrop-starfield-ii-earbuds\/#breadcrumb\"},\"inLanguage\":\"fr-qc\",\"potentialAction\":[{\"@type\":\"ReadAction\",\"target\":[\"https:\/\/luxesound.ca\/product\/moondrop-starfield-ii-earbuds\/\"]}]},{\"@type\":\"ImageObject\",\"inLanguage\":\"fr-qc\",\"@id\":\"https:\/\/luxesound.ca\/product\/moondrop-starfield-ii-earbuds\/#primaryimage\",\"url\":\"https:\/\/luxesound.ca\/wp-content\/uploads\/2024\/09\/Moondrop-Starfield-II-Earphones-1.webp\",\"contentUrl\":\"https:\/\/luxesound.ca\/wp-content\/uploads\/2024\/09\/Moondrop-Starfield-II-Earphones-1.webp\",\"width\":1200,\"height\":800,\"caption\":\"Moondrop Starfield II Earphones, two in ear monitors on white background\"},{\"@type\":\"BreadcrumbList\",\"@id\":\"https:\/\/luxesound.ca\/product\/moondrop-starfield-ii-earbuds\/#breadcrumb\",\"itemListElement\":[{\"@type\":\"ListItem\",\"position\":1,\"name\":\"Home\",\"item\":\"https:\/\/luxesound.ca\/\"},{\"@type\":\"ListItem\",\"position\":2,\"name\":\"Products\",\"item\":\"https:\/\/luxesound.ca\/shop\/\"},{\"@type\":\"ListItem\",\"position\":3,\"name\":\"Moondrop Starfield II Earbuds\"}]},{\"@type\":\"WebSite\",\"@id\":\"https:\/\/luxesound.ca\/#website\",\"url\":\"https:\/\/luxesound.ca\/\",\"name\":\"Luxe Sound\",\"description\":\"The Finest Headphones &amp; Speakers. Proudly Canadian.\",\"publisher\":{\"@id\":\"https:\/\/luxesound.ca\/#organization\"},\"potentialAction\":[{\"@type\":\"SearchAction\",\"target\":{\"@type\":\"EntryPoint\",\"urlTemplate\":\"https:\/\/luxesound.ca\/?s={search_term_string}\"},\"query-input\":{\"@type\":\"PropertyValueSpecification\",\"valueRequired\":true,\"valueName\":\"search_term_string\"}}],\"inLanguage\":\"fr-qc\"},{\"@type\":\"Organization\",\"@id\":\"https:\/\/luxesound.ca\/#organization\",\"name\":\"Luxe Sound\",\"url\":\"https:\/\/luxesound.ca\/\",\"logo\":{\"@type\":\"ImageObject\",\"inLanguage\":\"fr-qc\",\"@id\":\"https:\/\/luxesound.ca\/#\/schema\/logo\/image\/\",\"url\":\"https:\/\/luxesound.ca\/wp-content\/uploads\/2024\/08\/cropped-Luxe-white-on-green.png\",\"contentUrl\":\"https:\/\/luxesound.ca\/wp-content\/uploads\/2024\/08\/cropped-Luxe-white-on-green.png\",\"width\":512,\"height\":512,\"caption\":\"Luxe Sound\"},\"image\":{\"@id\":\"https:\/\/luxesound.ca\/#\/schema\/logo\/image\/\"},\"sameAs\":[\"https:\/\/www.facebook.com\/luxesound.ca\",\"https:\/\/www.instagram.com\/luxe.sound\/\"]}]}<\/script>\n<!-- \/ Yoast SEO plugin. -->","yoast_head_json":{"title":"Moondrop Starfield II Earbuds - Luxe Sound","description":"Immerse yourself in rich audio with Moondrop Starfield II Earbuds. Enjoy deep bass and sparkling highs in a comfortable fit. Free Shipping!","robots":{"index":"index","follow":"follow","max-snippet":"max-snippet:-1","max-image-preview":"max-image-preview:large","max-video-preview":"max-video-preview:-1"},"canonical":"https:\/\/luxesound.ca\/fr\/product\/moondrop-starfield-ii-earbuds\/","og_locale":"fr_FR","og_type":"article","og_title":"Moondrop Starfield II Earbuds - Luxe Sound","og_description":"Immerse yourself in rich audio with Moondrop Starfield II Earbuds. Enjoy deep bass and sparkling highs in a comfortable fit. Free Shipping!","og_url":"https:\/\/luxesound.ca\/fr\/product\/moondrop-starfield-ii-earbuds\/","og_site_name":"Luxe Sound","article_publisher":"https:\/\/www.facebook.com\/luxesound.ca","article_modified_time":"2026-04-20T19:12:12+00:00","og_image":[{"width":1200,"height":800,"url":"https:\/\/luxesound.ca\/wp-content\/uploads\/2024\/09\/Moondrop-Starfield-II-Earphones-1.webp","type":"image\/webp"}],"twitter_card":"summary_large_image","twitter_misc":{"Est. reading time":"1 minute"},"schema":{"@context":"https:\/\/schema.org","@graph":[{"@type":"WebPage","@id":"https:\/\/luxesound.ca\/product\/moondrop-starfield-ii-earbuds\/","url":"https:\/\/luxesound.ca\/product\/moondrop-starfield-ii-earbuds\/","name":"Moondrop Starfield II Earbuds - Luxe Sound","isPartOf":{"@id":"https:\/\/luxesound.ca\/#website"},"primaryImageOfPage":{"@id":"https:\/\/luxesound.ca\/product\/moondrop-starfield-ii-earbuds\/#primaryimage"},"image":{"@id":"https:\/\/luxesound.ca\/product\/moondrop-starfield-ii-earbuds\/#primaryimage"},"thumbnailUrl":"https:\/\/luxesound.ca\/wp-content\/uploads\/2024\/09\/Moondrop-Starfield-II-Earphones-1.webp","datePublished":"2024-10-15T18:54:59+00:00","dateModified":"2026-04-20T19:12:12+00:00","description":"Immerse yourself in rich audio with Moondrop Starfield II Earbuds. Enjoy deep bass and sparkling highs in a comfortable fit. Free Shipping!","breadcrumb":{"@id":"https:\/\/luxesound.ca\/product\/moondrop-starfield-ii-earbuds\/#breadcrumb"},"inLanguage":"fr-qc","potentialAction":[{"@type":"ReadAction","target":["https:\/\/luxesound.ca\/product\/moondrop-starfield-ii-earbuds\/"]}]},{"@type":"ImageObject","inLanguage":"fr-qc","@id":"https:\/\/luxesound.ca\/product\/moondrop-starfield-ii-earbuds\/#primaryimage","url":"https:\/\/luxesound.ca\/wp-content\/uploads\/2024\/09\/Moondrop-Starfield-II-Earphones-1.webp","contentUrl":"https:\/\/luxesound.ca\/wp-content\/uploads\/2024\/09\/Moondrop-Starfield-II-Earphones-1.webp","width":1200,"height":800,"caption":"Moondrop Starfield II Earphones, two in ear monitors on white background"},{"@type":"BreadcrumbList","@id":"https:\/\/luxesound.ca\/product\/moondrop-starfield-ii-earbuds\/#breadcrumb","itemListElement":[{"@type":"ListItem","position":1,"name":"Home","item":"https:\/\/luxesound.ca\/"},{"@type":"ListItem","position":2,"name":"Products","item":"https:\/\/luxesound.ca\/shop\/"},{"@type":"ListItem","position":3,"name":"Moondrop Starfield II Earbuds"}]},{"@type":"WebSite","@id":"https:\/\/luxesound.ca\/#website","url":"https:\/\/luxesound.ca\/","name":"Son luxueux","description":"Les meilleurs \u00e9couteurs et haut-parleurs. Fi\u00e8rement canadiens.","publisher":{"@id":"https:\/\/luxesound.ca\/#organization"},"potentialAction":[{"@type":"SearchAction","target":{"@type":"EntryPoint","urlTemplate":"https:\/\/luxesound.ca\/?s={search_term_string}"},"query-input":{"@type":"PropertyValueSpecification","valueRequired":true,"valueName":"search_term_string"}}],"inLanguage":"fr-qc"},{"@type":"Organization","@id":"https:\/\/luxesound.ca\/#organization","name":"Son luxueux","url":"https:\/\/luxesound.ca\/","logo":{"@type":"ImageObject","inLanguage":"fr-qc","@id":"https:\/\/luxesound.ca\/#\/schema\/logo\/image\/","url":"https:\/\/luxesound.ca\/wp-content\/uploads\/2024\/08\/cropped-Luxe-white-on-green.png","contentUrl":"https:\/\/luxesound.ca\/wp-content\/uploads\/2024\/08\/cropped-Luxe-white-on-green.png","width":512,"height":512,"caption":"Luxe Sound"},"image":{"@id":"https:\/\/luxesound.ca\/#\/schema\/logo\/image\/"},"sameAs":["https:\/\/www.facebook.com\/luxesound.ca","https:\/\/www.instagram.com\/luxe.sound\/"]}]}},"_links":{"self":[{"href":"https:\/\/luxesound.ca\/fr\/wp-json\/wp\/v2\/product\/6468","targetHints":{"allow":["GET"]}}],"collection":[{"href":"https:\/\/luxesound.ca\/fr\/wp-json\/wp\/v2\/product"}],"about":[{"href":"https:\/\/luxesound.ca\/fr\/wp-json\/wp\/v2\/types\/product"}],"replies":[{"embeddable":true,"href":"https:\/\/luxesound.ca\/fr\/wp-json\/wp\/v2\/comments?post=6468"}],"version-history":[{"count":3,"href":"https:\/\/luxesound.ca\/fr\/wp-json\/wp\/v2\/product\/6468\/revisions"}],"predecessor-version":[{"id":10631,"href":"https:\/\/luxesound.ca\/fr\/wp-json\/wp\/v2\/product\/6468\/revisions\/10631"}],"wp:featuredmedia":[{"embeddable":true,"href":"https:\/\/luxesound.ca\/fr\/wp-json\/wp\/v2\/media\/8516"}],"wp:attachment":[{"href":"https:\/\/luxesound.ca\/fr\/wp-json\/wp\/v2\/media?parent=6468"}],"wp:term":[{"taxonomy":"product_brand","embeddable":true,"href":"https:\/\/luxesound.ca\/fr\/wp-json\/wp\/v2\/product_brand?post=6468"},{"taxonomy":"product_cat","embeddable":true,"href":"https:\/\/luxesound.ca\/fr\/wp-json\/wp\/v2\/product_cat?post=6468"},{"taxonomy":"product_tag","embeddable":true,"href":"https:\/\/luxesound.ca\/fr\/wp-json\/wp\/v2\/product_tag?post=6468"}],"curies":[{"name":"wp","href":"https:\/\/api.w.org\/{rel}","templated":true}]}}