{"id":6452,"date":"2024-10-15T15:22:58","date_gmt":"2024-10-15T19:22:58","guid":{"rendered":"https:\/\/luxesound.ca\/?post_type=product&#038;p=6452"},"modified":"2026-04-20T15:12:12","modified_gmt":"2026-04-20T19:12:12","slug":"moondrop-space-travel-true-wireless-earbuds","status":"publish","type":"product","link":"https:\/\/luxesound.ca\/fr\/product\/moondrop-space-travel-true-wireless-earbuds\/","title":{"rendered":"\u00c9couteurs sans fil Moondrop Space Travel"},"content":{"rendered":"<p>Vivez une exp\u00e9rience audio in\u00e9dite avec les \u00e9couteurs de voyage Moondrop. Con\u00e7us pour les m\u00e9lomanes nomades, ces \u00e9couteurs offrent un son cristallin et des basses profondes, pour une exp\u00e9rience d&#039;\u00e9coute immersive. Gr\u00e2ce \u00e0 la technologie avanc\u00e9e de r\u00e9duction de bruit, profitez de vos morceaux pr\u00e9f\u00e9r\u00e9s sans distraction. Leur design ergonomique assure un confort optimal, tandis que leur batterie longue dur\u00e9e vous permet d&#039;\u00e9couter votre musique pendant des heures. Que vous soyez en d\u00e9placement, au sport ou en d\u00e9tente, les \u00e9couteurs de voyage Moondrop sont le compagnon id\u00e9al pour un son haute qualit\u00e9 et une connectivit\u00e9 sans fil fluide.<\/p>","protected":false},"excerpt":{"rendered":"<p>Vivez une exp\u00e9rience audio in\u00e9dite avec les \u00e9couteurs de voyage Moondrop. Con\u00e7us pour les m\u00e9lomanes nomades, ces \u00e9couteurs offrent un son cristallin avec des basses profondes, pour une exp\u00e9rience d&#039;\u00e9coute immersive. Gr\u00e2ce \u00e0 la technologie avanc\u00e9e de r\u00e9duction du bruit, profitez de vos morceaux pr\u00e9f\u00e9r\u00e9s sans distraction. Leur design ergonomique assure un confort optimal, tandis que leur batterie longue dur\u00e9e vous permet d&#039;\u00e9couter votre musique pendant des heures. Que vous soyez en d\u00e9placement, au sport ou pour vous d\u00e9tendre, les \u00e9couteurs de voyage Moondrop sont le compagnon id\u00e9al pour un son haute qualit\u00e9 et une connectivit\u00e9 sans fil fluide.<\/p>","protected":false},"featured_media":6457,"comment_status":"open","ping_status":"closed","template":"","meta":{"_acf_changed":false,"_mo_disable_npp":"","inline_featured_image":false},"product_brand":[753],"product_cat":[892,145,732,897,927,926],"product_tag":[],"class_list":{"0":"post-6452","1":"product","2":"type-product","3":"status-publish","4":"has-post-thumbnail","6":"product_brand-moondrop","7":"product_cat-chifi","8":"product_cat-earbuds","9":"product_cat-moondrop","10":"product_cat-moondrop-wireless-earbuds","11":"product_cat-noise-cancelling-earbuds","12":"product_cat-wireless-earbuds","13":"pa_colour-black","14":"pa_colour-white","16":"first","17":"instock","18":"sale","19":"taxable","20":"shipping-taxable","21":"purchasable","22":"product-type-variable","23":"has-default-attributes"},"bundled_by":[],"bundle_stock_status":"instock","bundle_stock_quantity":null,"bundle_virtual":false,"bundle_layout":"","bundle_add_to_cart_form_location":"","bundle_editable_in_cart":false,"bundle_sold_individually_context":"","bundle_item_grouping":"","bundle_min_size":"","bundle_max_size":"","bundle_price":[],"bundled_items":[],"bundle_sell_ids":[],"acf":[],"ct_brands":[{"id":753,"name":"Goutte de lune","slug":"moondrop"}],"yoast_head":"<!-- This site is optimized with the Yoast SEO plugin v27.2 - https:\/\/yoast.com\/product\/yoast-seo-wordpress\/ -->\n<title>Moondrop Space Travel True Wireless Earbuds - Luxe Sound<\/title>\n<meta name=\"description\" content=\"Experience stellar sound with Moondrop Space Travel True Wireless earbuds. Compact, comfortable, and built for long listening. Free Shipping!\" \/>\n<meta name=\"robots\" content=\"index, follow, max-snippet:-1, max-image-preview:large, max-video-preview:-1\" \/>\n<link rel=\"canonical\" href=\"https:\/\/luxesound.ca\/fr\/product\/moondrop-space-travel-true-wireless-earbuds\/\" \/>\n<meta property=\"og:locale\" content=\"fr_FR\" \/>\n<meta property=\"og:type\" content=\"article\" \/>\n<meta property=\"og:title\" content=\"Moondrop Space Travel True Wireless Earbuds - Luxe Sound\" \/>\n<meta property=\"og:description\" content=\"Experience stellar sound with Moondrop Space Travel True Wireless earbuds. Compact, comfortable, and built for long listening. Free Shipping!\" \/>\n<meta property=\"og:url\" content=\"https:\/\/luxesound.ca\/fr\/product\/moondrop-space-travel-true-wireless-earbuds\/\" \/>\n<meta property=\"og:site_name\" content=\"Luxe Sound\" \/>\n<meta property=\"article:publisher\" content=\"https:\/\/www.facebook.com\/luxesound.ca\" \/>\n<meta property=\"article:modified_time\" content=\"2026-04-20T19:12:12+00:00\" \/>\n<meta property=\"og:image\" content=\"https:\/\/luxesound.ca\/wp-content\/uploads\/2024\/08\/White-1.png\" \/>\n\t<meta property=\"og:image:width\" content=\"1200\" \/>\n\t<meta property=\"og:image:height\" content=\"800\" \/>\n\t<meta property=\"og:image:type\" content=\"image\/png\" \/>\n<meta name=\"twitter:card\" content=\"summary_large_image\" \/>\n<meta name=\"twitter:label1\" content=\"Est. reading time\" \/>\n\t<meta name=\"twitter:data1\" content=\"1 minute\" \/>\n<script type=\"application\/ld+json\" class=\"yoast-schema-graph\">{\"@context\":\"https:\/\/schema.org\",\"@graph\":[{\"@type\":\"WebPage\",\"@id\":\"https:\/\/luxesound.ca\/product\/moondrop-space-travel-true-wireless-earbuds\/\",\"url\":\"https:\/\/luxesound.ca\/product\/moondrop-space-travel-true-wireless-earbuds\/\",\"name\":\"Moondrop Space Travel True Wireless Earbuds - Luxe Sound\",\"isPartOf\":{\"@id\":\"https:\/\/luxesound.ca\/#website\"},\"primaryImageOfPage\":{\"@id\":\"https:\/\/luxesound.ca\/product\/moondrop-space-travel-true-wireless-earbuds\/#primaryimage\"},\"image\":{\"@id\":\"https:\/\/luxesound.ca\/product\/moondrop-space-travel-true-wireless-earbuds\/#primaryimage\"},\"thumbnailUrl\":\"https:\/\/luxesound.ca\/wp-content\/uploads\/2024\/08\/White-1.png\",\"datePublished\":\"2024-10-15T19:22:58+00:00\",\"dateModified\":\"2026-04-20T19:12:12+00:00\",\"description\":\"Experience stellar sound with Moondrop Space Travel True Wireless earbuds. Compact, comfortable, and built for long listening. Free Shipping!\",\"breadcrumb\":{\"@id\":\"https:\/\/luxesound.ca\/product\/moondrop-space-travel-true-wireless-earbuds\/#breadcrumb\"},\"inLanguage\":\"fr-qc\",\"potentialAction\":[{\"@type\":\"ReadAction\",\"target\":[\"https:\/\/luxesound.ca\/product\/moondrop-space-travel-true-wireless-earbuds\/\"]}]},{\"@type\":\"ImageObject\",\"inLanguage\":\"fr-qc\",\"@id\":\"https:\/\/luxesound.ca\/product\/moondrop-space-travel-true-wireless-earbuds\/#primaryimage\",\"url\":\"https:\/\/luxesound.ca\/wp-content\/uploads\/2024\/08\/White-1.png\",\"contentUrl\":\"https:\/\/luxesound.ca\/wp-content\/uploads\/2024\/08\/White-1.png\",\"width\":1200,\"height\":800,\"caption\":\"Moondrop space travel earphones in white on white background, product photo\"},{\"@type\":\"BreadcrumbList\",\"@id\":\"https:\/\/luxesound.ca\/product\/moondrop-space-travel-true-wireless-earbuds\/#breadcrumb\",\"itemListElement\":[{\"@type\":\"ListItem\",\"position\":1,\"name\":\"Home\",\"item\":\"https:\/\/luxesound.ca\/\"},{\"@type\":\"ListItem\",\"position\":2,\"name\":\"Products\",\"item\":\"https:\/\/luxesound.ca\/shop\/\"},{\"@type\":\"ListItem\",\"position\":3,\"name\":\"Moondrop Space Travel True Wireless Earbuds\"}]},{\"@type\":\"WebSite\",\"@id\":\"https:\/\/luxesound.ca\/#website\",\"url\":\"https:\/\/luxesound.ca\/\",\"name\":\"Luxe Sound\",\"description\":\"The Finest Headphones &amp; Speakers. Proudly Canadian.\",\"publisher\":{\"@id\":\"https:\/\/luxesound.ca\/#organization\"},\"potentialAction\":[{\"@type\":\"SearchAction\",\"target\":{\"@type\":\"EntryPoint\",\"urlTemplate\":\"https:\/\/luxesound.ca\/?s={search_term_string}\"},\"query-input\":{\"@type\":\"PropertyValueSpecification\",\"valueRequired\":true,\"valueName\":\"search_term_string\"}}],\"inLanguage\":\"fr-qc\"},{\"@type\":\"Organization\",\"@id\":\"https:\/\/luxesound.ca\/#organization\",\"name\":\"Luxe Sound\",\"url\":\"https:\/\/luxesound.ca\/\",\"logo\":{\"@type\":\"ImageObject\",\"inLanguage\":\"fr-qc\",\"@id\":\"https:\/\/luxesound.ca\/#\/schema\/logo\/image\/\",\"url\":\"https:\/\/luxesound.ca\/wp-content\/uploads\/2024\/08\/cropped-Luxe-white-on-green.png\",\"contentUrl\":\"https:\/\/luxesound.ca\/wp-content\/uploads\/2024\/08\/cropped-Luxe-white-on-green.png\",\"width\":512,\"height\":512,\"caption\":\"Luxe Sound\"},\"image\":{\"@id\":\"https:\/\/luxesound.ca\/#\/schema\/logo\/image\/\"},\"sameAs\":[\"https:\/\/www.facebook.com\/luxesound.ca\",\"https:\/\/www.instagram.com\/luxe.sound\/\"]}]}<\/script>\n<!-- \/ Yoast SEO plugin. -->","yoast_head_json":{"title":"\u00c9couteurs sans fil Moondrop Space Travel - Son luxueux","description":"Profitez d&#039;un son exceptionnel avec les \u00e9couteurs True Wireless Moondrop Space Travel. Compacts, confortables et con\u00e7us pour une \u00e9coute prolong\u00e9e. Livraison gratuite\u00a0!","robots":{"index":"index","follow":"follow","max-snippet":"max-snippet:-1","max-image-preview":"max-image-preview:large","max-video-preview":"max-video-preview:-1"},"canonical":"https:\/\/luxesound.ca\/fr\/product\/moondrop-space-travel-true-wireless-earbuds\/","og_locale":"fr_FR","og_type":"article","og_title":"Moondrop Space Travel True Wireless Earbuds - Luxe Sound","og_description":"Experience stellar sound with Moondrop Space Travel True Wireless earbuds. Compact, comfortable, and built for long listening. Free Shipping!","og_url":"https:\/\/luxesound.ca\/fr\/product\/moondrop-space-travel-true-wireless-earbuds\/","og_site_name":"Luxe Sound","article_publisher":"https:\/\/www.facebook.com\/luxesound.ca","article_modified_time":"2026-04-20T19:12:12+00:00","og_image":[{"width":1200,"height":800,"url":"https:\/\/luxesound.ca\/wp-content\/uploads\/2024\/08\/White-1.png","type":"image\/png"}],"twitter_card":"summary_large_image","twitter_misc":{"Est. reading time":"1 minute"},"schema":{"@context":"https:\/\/schema.org","@graph":[{"@type":"WebPage","@id":"https:\/\/luxesound.ca\/product\/moondrop-space-travel-true-wireless-earbuds\/","url":"https:\/\/luxesound.ca\/product\/moondrop-space-travel-true-wireless-earbuds\/","name":"\u00c9couteurs sans fil Moondrop Space Travel - Son luxueux","isPartOf":{"@id":"https:\/\/luxesound.ca\/#website"},"primaryImageOfPage":{"@id":"https:\/\/luxesound.ca\/product\/moondrop-space-travel-true-wireless-earbuds\/#primaryimage"},"image":{"@id":"https:\/\/luxesound.ca\/product\/moondrop-space-travel-true-wireless-earbuds\/#primaryimage"},"thumbnailUrl":"https:\/\/luxesound.ca\/wp-content\/uploads\/2024\/08\/White-1.png","datePublished":"2024-10-15T19:22:58+00:00","dateModified":"2026-04-20T19:12:12+00:00","description":"Profitez d&#039;un son exceptionnel avec les \u00e9couteurs True Wireless Moondrop Space Travel. Compacts, confortables et con\u00e7us pour une \u00e9coute prolong\u00e9e. Livraison gratuite\u00a0!","breadcrumb":{"@id":"https:\/\/luxesound.ca\/product\/moondrop-space-travel-true-wireless-earbuds\/#breadcrumb"},"inLanguage":"fr-qc","potentialAction":[{"@type":"ReadAction","target":["https:\/\/luxesound.ca\/product\/moondrop-space-travel-true-wireless-earbuds\/"]}]},{"@type":"ImageObject","inLanguage":"fr-qc","@id":"https:\/\/luxesound.ca\/product\/moondrop-space-travel-true-wireless-earbuds\/#primaryimage","url":"https:\/\/luxesound.ca\/wp-content\/uploads\/2024\/08\/White-1.png","contentUrl":"https:\/\/luxesound.ca\/wp-content\/uploads\/2024\/08\/White-1.png","width":1200,"height":800,"caption":"Moondrop space travel earphones in white on white background, product photo"},{"@type":"BreadcrumbList","@id":"https:\/\/luxesound.ca\/product\/moondrop-space-travel-true-wireless-earbuds\/#breadcrumb","itemListElement":[{"@type":"ListItem","position":1,"name":"Home","item":"https:\/\/luxesound.ca\/"},{"@type":"ListItem","position":2,"name":"Products","item":"https:\/\/luxesound.ca\/shop\/"},{"@type":"ListItem","position":3,"name":"Moondrop Space Travel True Wireless Earbuds"}]},{"@type":"WebSite","@id":"https:\/\/luxesound.ca\/#website","url":"https:\/\/luxesound.ca\/","name":"Son luxueux","description":"Les meilleurs \u00e9couteurs et haut-parleurs. Fi\u00e8rement canadiens.","publisher":{"@id":"https:\/\/luxesound.ca\/#organization"},"potentialAction":[{"@type":"SearchAction","target":{"@type":"EntryPoint","urlTemplate":"https:\/\/luxesound.ca\/?s={search_term_string}"},"query-input":{"@type":"PropertyValueSpecification","valueRequired":true,"valueName":"search_term_string"}}],"inLanguage":"fr-qc"},{"@type":"Organization","@id":"https:\/\/luxesound.ca\/#organization","name":"Son luxueux","url":"https:\/\/luxesound.ca\/","logo":{"@type":"ImageObject","inLanguage":"fr-qc","@id":"https:\/\/luxesound.ca\/#\/schema\/logo\/image\/","url":"https:\/\/luxesound.ca\/wp-content\/uploads\/2024\/08\/cropped-Luxe-white-on-green.png","contentUrl":"https:\/\/luxesound.ca\/wp-content\/uploads\/2024\/08\/cropped-Luxe-white-on-green.png","width":512,"height":512,"caption":"Luxe Sound"},"image":{"@id":"https:\/\/luxesound.ca\/#\/schema\/logo\/image\/"},"sameAs":["https:\/\/www.facebook.com\/luxesound.ca","https:\/\/www.instagram.com\/luxe.sound\/"]}]}},"_links":{"self":[{"href":"https:\/\/luxesound.ca\/fr\/wp-json\/wp\/v2\/product\/6452","targetHints":{"allow":["GET"]}}],"collection":[{"href":"https:\/\/luxesound.ca\/fr\/wp-json\/wp\/v2\/product"}],"about":[{"href":"https:\/\/luxesound.ca\/fr\/wp-json\/wp\/v2\/types\/product"}],"replies":[{"embeddable":true,"href":"https:\/\/luxesound.ca\/fr\/wp-json\/wp\/v2\/comments?post=6452"}],"version-history":[{"count":3,"href":"https:\/\/luxesound.ca\/fr\/wp-json\/wp\/v2\/product\/6452\/revisions"}],"predecessor-version":[{"id":11172,"href":"https:\/\/luxesound.ca\/fr\/wp-json\/wp\/v2\/product\/6452\/revisions\/11172"}],"wp:featuredmedia":[{"embeddable":true,"href":"https:\/\/luxesound.ca\/fr\/wp-json\/wp\/v2\/media\/6457"}],"wp:attachment":[{"href":"https:\/\/luxesound.ca\/fr\/wp-json\/wp\/v2\/media?parent=6452"}],"wp:term":[{"taxonomy":"product_brand","embeddable":true,"href":"https:\/\/luxesound.ca\/fr\/wp-json\/wp\/v2\/product_brand?post=6452"},{"taxonomy":"product_cat","embeddable":true,"href":"https:\/\/luxesound.ca\/fr\/wp-json\/wp\/v2\/product_cat?post=6452"},{"taxonomy":"product_tag","embeddable":true,"href":"https:\/\/luxesound.ca\/fr\/wp-json\/wp\/v2\/product_tag?post=6452"}],"curies":[{"name":"wp","href":"https:\/\/api.w.org\/{rel}","templated":true}]}}