{"id":6033,"date":"2024-08-05T14:35:27","date_gmt":"2024-08-05T18:35:27","guid":{"rendered":"https:\/\/luxesound.ca\/?post_type=product&#038;p=6033"},"modified":"2026-05-03T21:20:47","modified_gmt":"2026-05-04T01:20:47","slug":"sonos-roam-2","status":"publish","type":"product","link":"https:\/\/luxesound.ca\/fr\/product\/sonos-roam-2\/","title":{"rendered":"Enceinte portable Sonos Roam 2"},"content":{"rendered":"<p>\u00c9tonnamment l\u00e9ger, durable et puissant, le Sonos Roam 2 vous permet de profiter facilement du son Sonos partout o\u00f9 la vie vous m\u00e8ne. Il vous suffit de l&#039;appairer, de l&#039;\u00e9couter et de partir. Profitez jusqu&#039;\u00e0 10 heures de clart\u00e9 et de basses \u00e0 couper le souffle. Enti\u00e8rement \u00e9tanche \u00e0 l&#039;eau et \u00e0 la poussi\u00e8re IP67, le Roam 2 est pr\u00eat pour l&#039;ext\u00e9rieur. De plus, il fait \u00e9galement office d&#039;enceinte intelligente \u00e0 la maison.<\/p>","protected":false},"excerpt":{"rendered":"<p>\u00c9tonnamment l\u00e9ger, durable et puissant, le Roam 2 vous permet de profiter facilement du son Sonos partout o\u00f9 vous allez. Il vous suffit de l&#039;appairer, de l&#039;\u00e9couter et de partir. Profitez de jusqu&#039;\u00e0 10 heures de clart\u00e9 et de basses \u00e0 couper le souffle. Enti\u00e8rement \u00e9tanche \u00e0 l&#039;eau et \u00e0 la poussi\u00e8re IP67, le Roam 2 est pr\u00eat pour l&#039;ext\u00e9rieur. De plus, il fait \u00e9galement office d&#039;enceinte intelligente \u00e0 la maison.<\/p>","protected":false},"featured_media":7657,"comment_status":"open","ping_status":"closed","template":"","meta":{"_acf_changed":false,"_mo_disable_npp":"","inline_featured_image":false},"product_brand":[750],"product_cat":[777,26,904],"product_tag":[767,381,768,162,769,766,252,361,887,770,771,537],"class_list":{"0":"post-6033","1":"product","2":"type-product","3":"status-publish","4":"has-post-thumbnail","6":"product_brand-sonos","7":"product_cat-portable-speakers","8":"product_cat-sonos","9":"product_cat-sonos-black-friday","10":"product_tag-10-hour-battery-life","11":"product_tag-apple-airplay-2","12":"product_tag-automatic-trueplay","13":"product_tag-bluetooth","14":"product_tag-button-controls","15":"product_tag-drop-resistant","16":"product_tag-portable","17":"product_tag-portable-audio-device","18":"product_tag-sale","19":"product_tag-voice-enabled","20":"product_tag-waterproof","21":"product_tag-wifi","22":"pa_colour-black","23":"pa_colour-olive-green","24":"pa_colour-red","25":"pa_colour-wave-blue","26":"pa_colour-white","28":"first","29":"instock","30":"taxable","31":"shipping-taxable","32":"purchasable","33":"product-type-variable","34":"has-default-attributes"},"bundled_by":[],"bundle_stock_status":"instock","bundle_stock_quantity":null,"bundle_virtual":false,"bundle_layout":"","bundle_add_to_cart_form_location":"","bundle_editable_in_cart":false,"bundle_sold_individually_context":"","bundle_item_grouping":"","bundle_min_size":"","bundle_max_size":"","bundle_price":[],"bundled_items":[],"bundle_sell_ids":[],"acf":[],"ct_brands":[{"id":750,"name":"Sonos","slug":"sonos"}],"yoast_head":"<!-- This site is optimized with the Yoast SEO plugin v27.2 - https:\/\/yoast.com\/product\/yoast-seo-wordpress\/ -->\n<title>Sonos Roam 2 Portable Speaker - Luxe Sound<\/title>\n<meta name=\"description\" content=\"Take Sonos sound everywhere with the lightweight, powerful Sonos Roam 2. Up to 10 hours of rich audio, waterproof and smart speaker features. Free shipping!\" \/>\n<meta name=\"robots\" content=\"index, follow, max-snippet:-1, max-image-preview:large, max-video-preview:-1\" \/>\n<link rel=\"canonical\" href=\"https:\/\/luxesound.ca\/fr\/product\/sonos-roam-2\/\" \/>\n<meta property=\"og:locale\" content=\"fr_FR\" \/>\n<meta property=\"og:type\" content=\"article\" \/>\n<meta property=\"og:title\" content=\"Sonos Roam 2 Portable Speaker - Luxe Sound\" \/>\n<meta property=\"og:description\" content=\"Take Sonos sound everywhere with the lightweight, powerful Sonos Roam 2. Up to 10 hours of rich audio, waterproof and smart speaker features. Free shipping!\" \/>\n<meta property=\"og:url\" content=\"https:\/\/luxesound.ca\/fr\/product\/sonos-roam-2\/\" \/>\n<meta property=\"og:site_name\" content=\"Luxe Sound\" \/>\n<meta property=\"article:publisher\" content=\"https:\/\/www.facebook.com\/luxesound.ca\" \/>\n<meta property=\"article:modified_time\" content=\"2026-05-04T01:20:47+00:00\" \/>\n<meta property=\"og:image\" content=\"https:\/\/luxesound.ca\/wp-content\/uploads\/2024\/08\/Roam-2-black-1.webp\" \/>\n\t<meta property=\"og:image:width\" content=\"1200\" \/>\n\t<meta property=\"og:image:height\" content=\"800\" \/>\n\t<meta property=\"og:image:type\" content=\"image\/webp\" \/>\n<meta name=\"twitter:card\" content=\"summary_large_image\" \/>\n<meta name=\"twitter:label1\" content=\"Est. reading time\" \/>\n\t<meta name=\"twitter:data1\" content=\"1 minute\" \/>\n<script type=\"application\/ld+json\" class=\"yoast-schema-graph\">{\"@context\":\"https:\/\/schema.org\",\"@graph\":[{\"@type\":\"WebPage\",\"@id\":\"https:\/\/luxesound.ca\/product\/sonos-roam-2\/\",\"url\":\"https:\/\/luxesound.ca\/product\/sonos-roam-2\/\",\"name\":\"Sonos Roam 2 Portable Speaker - Luxe Sound\",\"isPartOf\":{\"@id\":\"https:\/\/luxesound.ca\/#website\"},\"primaryImageOfPage\":{\"@id\":\"https:\/\/luxesound.ca\/product\/sonos-roam-2\/#primaryimage\"},\"image\":{\"@id\":\"https:\/\/luxesound.ca\/product\/sonos-roam-2\/#primaryimage\"},\"thumbnailUrl\":\"https:\/\/luxesound.ca\/wp-content\/uploads\/2024\/08\/Roam-2-black-1.webp\",\"datePublished\":\"2024-08-05T18:35:27+00:00\",\"dateModified\":\"2026-05-04T01:20:47+00:00\",\"description\":\"Take Sonos sound everywhere with the lightweight, powerful Sonos Roam 2. Up to 10 hours of rich audio, waterproof and smart speaker features. Free shipping!\",\"breadcrumb\":{\"@id\":\"https:\/\/luxesound.ca\/product\/sonos-roam-2\/#breadcrumb\"},\"inLanguage\":\"fr-qc\",\"potentialAction\":[{\"@type\":\"ReadAction\",\"target\":[\"https:\/\/luxesound.ca\/product\/sonos-roam-2\/\"]}]},{\"@type\":\"ImageObject\",\"inLanguage\":\"fr-qc\",\"@id\":\"https:\/\/luxesound.ca\/product\/sonos-roam-2\/#primaryimage\",\"url\":\"https:\/\/luxesound.ca\/wp-content\/uploads\/2024\/08\/Roam-2-black-1.webp\",\"contentUrl\":\"https:\/\/luxesound.ca\/wp-content\/uploads\/2024\/08\/Roam-2-black-1.webp\",\"width\":1200,\"height\":800,\"caption\":\"Sonos Roam 2 portable speaker in black read angle view placed horizontally with base caps showing.\"},{\"@type\":\"BreadcrumbList\",\"@id\":\"https:\/\/luxesound.ca\/product\/sonos-roam-2\/#breadcrumb\",\"itemListElement\":[{\"@type\":\"ListItem\",\"position\":1,\"name\":\"Home\",\"item\":\"https:\/\/luxesound.ca\/\"},{\"@type\":\"ListItem\",\"position\":2,\"name\":\"Products\",\"item\":\"https:\/\/luxesound.ca\/shop\/\"},{\"@type\":\"ListItem\",\"position\":3,\"name\":\"Sonos Roam 2 Portable Speaker\"}]},{\"@type\":\"WebSite\",\"@id\":\"https:\/\/luxesound.ca\/#website\",\"url\":\"https:\/\/luxesound.ca\/\",\"name\":\"Luxe Sound\",\"description\":\"The Finest Headphones &amp; Speakers. Proudly Canadian.\",\"publisher\":{\"@id\":\"https:\/\/luxesound.ca\/#organization\"},\"potentialAction\":[{\"@type\":\"SearchAction\",\"target\":{\"@type\":\"EntryPoint\",\"urlTemplate\":\"https:\/\/luxesound.ca\/?s={search_term_string}\"},\"query-input\":{\"@type\":\"PropertyValueSpecification\",\"valueRequired\":true,\"valueName\":\"search_term_string\"}}],\"inLanguage\":\"fr-qc\"},{\"@type\":\"Organization\",\"@id\":\"https:\/\/luxesound.ca\/#organization\",\"name\":\"Luxe Sound\",\"url\":\"https:\/\/luxesound.ca\/\",\"logo\":{\"@type\":\"ImageObject\",\"inLanguage\":\"fr-qc\",\"@id\":\"https:\/\/luxesound.ca\/#\/schema\/logo\/image\/\",\"url\":\"https:\/\/luxesound.ca\/wp-content\/uploads\/2024\/08\/cropped-Luxe-white-on-green.png\",\"contentUrl\":\"https:\/\/luxesound.ca\/wp-content\/uploads\/2024\/08\/cropped-Luxe-white-on-green.png\",\"width\":512,\"height\":512,\"caption\":\"Luxe Sound\"},\"image\":{\"@id\":\"https:\/\/luxesound.ca\/#\/schema\/logo\/image\/\"},\"sameAs\":[\"https:\/\/www.facebook.com\/luxesound.ca\",\"https:\/\/www.instagram.com\/luxe.sound\/\"]}]}<\/script>\n<!-- \/ Yoast SEO plugin. -->","yoast_head_json":{"title":"Sonos Roam 2 Portable Speaker - Luxe Sound","description":"Take Sonos sound everywhere with the lightweight, powerful Sonos Roam 2. Up to 10 hours of rich audio, waterproof and smart speaker features. Free shipping!","robots":{"index":"index","follow":"follow","max-snippet":"max-snippet:-1","max-image-preview":"max-image-preview:large","max-video-preview":"max-video-preview:-1"},"canonical":"https:\/\/luxesound.ca\/fr\/product\/sonos-roam-2\/","og_locale":"fr_FR","og_type":"article","og_title":"Sonos Roam 2 Portable Speaker - Luxe Sound","og_description":"Take Sonos sound everywhere with the lightweight, powerful Sonos Roam 2. Up to 10 hours of rich audio, waterproof and smart speaker features. Free shipping!","og_url":"https:\/\/luxesound.ca\/fr\/product\/sonos-roam-2\/","og_site_name":"Luxe Sound","article_publisher":"https:\/\/www.facebook.com\/luxesound.ca","article_modified_time":"2026-05-04T01:20:47+00:00","og_image":[{"width":1200,"height":800,"url":"https:\/\/luxesound.ca\/wp-content\/uploads\/2024\/08\/Roam-2-black-1.webp","type":"image\/webp"}],"twitter_card":"summary_large_image","twitter_misc":{"Est. reading time":"1 minute"},"schema":{"@context":"https:\/\/schema.org","@graph":[{"@type":"WebPage","@id":"https:\/\/luxesound.ca\/product\/sonos-roam-2\/","url":"https:\/\/luxesound.ca\/product\/sonos-roam-2\/","name":"Sonos Roam 2 Portable Speaker - Luxe Sound","isPartOf":{"@id":"https:\/\/luxesound.ca\/#website"},"primaryImageOfPage":{"@id":"https:\/\/luxesound.ca\/product\/sonos-roam-2\/#primaryimage"},"image":{"@id":"https:\/\/luxesound.ca\/product\/sonos-roam-2\/#primaryimage"},"thumbnailUrl":"https:\/\/luxesound.ca\/wp-content\/uploads\/2024\/08\/Roam-2-black-1.webp","datePublished":"2024-08-05T18:35:27+00:00","dateModified":"2026-05-04T01:20:47+00:00","description":"Take Sonos sound everywhere with the lightweight, powerful Sonos Roam 2. Up to 10 hours of rich audio, waterproof and smart speaker features. Free shipping!","breadcrumb":{"@id":"https:\/\/luxesound.ca\/product\/sonos-roam-2\/#breadcrumb"},"inLanguage":"fr-qc","potentialAction":[{"@type":"ReadAction","target":["https:\/\/luxesound.ca\/product\/sonos-roam-2\/"]}]},{"@type":"ImageObject","inLanguage":"fr-qc","@id":"https:\/\/luxesound.ca\/product\/sonos-roam-2\/#primaryimage","url":"https:\/\/luxesound.ca\/wp-content\/uploads\/2024\/08\/Roam-2-black-1.webp","contentUrl":"https:\/\/luxesound.ca\/wp-content\/uploads\/2024\/08\/Roam-2-black-1.webp","width":1200,"height":800,"caption":"Sonos Roam 2 portable speaker in black read angle view placed horizontally with base caps showing."},{"@type":"BreadcrumbList","@id":"https:\/\/luxesound.ca\/product\/sonos-roam-2\/#breadcrumb","itemListElement":[{"@type":"ListItem","position":1,"name":"Home","item":"https:\/\/luxesound.ca\/"},{"@type":"ListItem","position":2,"name":"Products","item":"https:\/\/luxesound.ca\/shop\/"},{"@type":"ListItem","position":3,"name":"Sonos Roam 2 Portable Speaker"}]},{"@type":"WebSite","@id":"https:\/\/luxesound.ca\/#website","url":"https:\/\/luxesound.ca\/","name":"Son luxueux","description":"Les meilleurs \u00e9couteurs et haut-parleurs. Fi\u00e8rement canadiens.","publisher":{"@id":"https:\/\/luxesound.ca\/#organization"},"potentialAction":[{"@type":"SearchAction","target":{"@type":"EntryPoint","urlTemplate":"https:\/\/luxesound.ca\/?s={search_term_string}"},"query-input":{"@type":"PropertyValueSpecification","valueRequired":true,"valueName":"search_term_string"}}],"inLanguage":"fr-qc"},{"@type":"Organization","@id":"https:\/\/luxesound.ca\/#organization","name":"Son luxueux","url":"https:\/\/luxesound.ca\/","logo":{"@type":"ImageObject","inLanguage":"fr-qc","@id":"https:\/\/luxesound.ca\/#\/schema\/logo\/image\/","url":"https:\/\/luxesound.ca\/wp-content\/uploads\/2024\/08\/cropped-Luxe-white-on-green.png","contentUrl":"https:\/\/luxesound.ca\/wp-content\/uploads\/2024\/08\/cropped-Luxe-white-on-green.png","width":512,"height":512,"caption":"Luxe Sound"},"image":{"@id":"https:\/\/luxesound.ca\/#\/schema\/logo\/image\/"},"sameAs":["https:\/\/www.facebook.com\/luxesound.ca","https:\/\/www.instagram.com\/luxe.sound\/"]}]}},"_links":{"self":[{"href":"https:\/\/luxesound.ca\/fr\/wp-json\/wp\/v2\/product\/6033","targetHints":{"allow":["GET"]}}],"collection":[{"href":"https:\/\/luxesound.ca\/fr\/wp-json\/wp\/v2\/product"}],"about":[{"href":"https:\/\/luxesound.ca\/fr\/wp-json\/wp\/v2\/types\/product"}],"replies":[{"embeddable":true,"href":"https:\/\/luxesound.ca\/fr\/wp-json\/wp\/v2\/comments?post=6033"}],"version-history":[{"count":2,"href":"https:\/\/luxesound.ca\/fr\/wp-json\/wp\/v2\/product\/6033\/revisions"}],"predecessor-version":[{"id":9501,"href":"https:\/\/luxesound.ca\/fr\/wp-json\/wp\/v2\/product\/6033\/revisions\/9501"}],"wp:featuredmedia":[{"embeddable":true,"href":"https:\/\/luxesound.ca\/fr\/wp-json\/wp\/v2\/media\/7657"}],"wp:attachment":[{"href":"https:\/\/luxesound.ca\/fr\/wp-json\/wp\/v2\/media?parent=6033"}],"wp:term":[{"taxonomy":"product_brand","embeddable":true,"href":"https:\/\/luxesound.ca\/fr\/wp-json\/wp\/v2\/product_brand?post=6033"},{"taxonomy":"product_cat","embeddable":true,"href":"https:\/\/luxesound.ca\/fr\/wp-json\/wp\/v2\/product_cat?post=6033"},{"taxonomy":"product_tag","embeddable":true,"href":"https:\/\/luxesound.ca\/fr\/wp-json\/wp\/v2\/product_tag?post=6033"}],"curies":[{"name":"wp","href":"https:\/\/api.w.org\/{rel}","templated":true}]}}