{"id":5943,"date":"2024-08-15T12:26:29","date_gmt":"2024-08-15T16:26:29","guid":{"rendered":"https:\/\/luxesound.ca\/?post_type=product&#038;p=5943"},"modified":"2026-05-07T01:09:43","modified_gmt":"2026-05-07T05:09:43","slug":"sonos-entertainment-set-with-beam","status":"publish","type":"product","link":"https:\/\/luxesound.ca\/fr\/product\/sonos-entertainment-set-with-beam\/","title":{"rendered":"Ensemble de divertissement Sonos avec Beam"},"content":{"rendered":"<div>\n<p class=\"_1sg9d51c go2651746290\">Le Sonos Entertainment Set avec Beam est id\u00e9al pour les pi\u00e8ces de petite ou moyenne taille et les niveaux de volume faibles \u00e0 mod\u00e9r\u00e9s. Utilisez l&#039;application Sonos pour configurer facilement votre syst\u00e8me home cin\u00e9ma et le synchroniser avec votre t\u00e9l\u00e9commande de t\u00e9l\u00e9viseur existante. Sub Mini \u00e9quilibre les fr\u00e9quences les plus basses pour un son encore meilleur avec Beam. Lorsque le t\u00e9l\u00e9viseur est \u00e9teint, diffusez de la musique et bien plus encore via le Wi-Fi \u00e0 partir de centaines de services \u00e0 l&#039;aide de l&#039;application Sonos, de votre voix et d&#039;Apple AirPlay 2.<\/p>\n<\/div>","protected":false},"excerpt":{"rendered":"<p class=\"_1sg9d51c go2651746290\">Le Sonos Entertainment Set avec Beam est id\u00e9al pour les pi\u00e8ces de petite ou moyenne taille et les niveaux de volume faibles \u00e0 mod\u00e9r\u00e9s. Utilisez l&#039;application Sonos pour configurer facilement votre syst\u00e8me home cin\u00e9ma et le synchroniser avec votre t\u00e9l\u00e9commande de t\u00e9l\u00e9viseur existante. Sub Mini \u00e9quilibre les fr\u00e9quences les plus basses pour un son encore meilleur avec Beam. Lorsque le t\u00e9l\u00e9viseur est \u00e9teint, diffusez de la musique et bien plus encore via le Wi-Fi \u00e0 partir de centaines de services \u00e0 l&#039;aide de l&#039;application Sonos, de votre voix et d&#039;Apple AirPlay 2.<\/p>","protected":false},"featured_media":5944,"comment_status":"open","ping_status":"closed","template":"","meta":{"_acf_changed":false,"_mo_disable_npp":"","inline_featured_image":false},"product_brand":[750],"product_cat":[98,778,26],"product_tag":[],"class_list":{"0":"post-5943","1":"product","2":"type-product","3":"status-publish","4":"has-post-thumbnail","6":"product_brand-sonos","7":"product_cat-home-theatre","8":"product_cat-home-theatre-sets","9":"product_cat-sonos","10":"product_shipping_class-oversized-heavy","11":"pa_colour-matte-black","12":"pa_colour-matte-white","14":"first","15":"instock","16":"taxable","17":"shipping-taxable","18":"purchasable","19":"product-type-bundle"},"bundled_by":[],"bundle_stock_status":"instock","bundle_stock_quantity":10,"bundle_virtual":false,"bundle_layout":"default","bundle_add_to_cart_form_location":"default","bundle_editable_in_cart":false,"bundle_sold_individually_context":"product","bundle_item_grouping":"parent","bundle_min_size":"","bundle_max_size":"","bundle_price":{"price":{"min":{"incl_tax":"1114.11","excl_tax":"969"},"max":{"incl_tax":"1114.11","excl_tax":"969"}},"regular_price":{"min":{"incl_tax":"1492.38","excl_tax":"1298"},"max":{"incl_tax":"1492.38","excl_tax":"1298"}}},"bundled_items":[{"bundled_item_id":24,"product_id":196,"menu_order":0,"quantity_min":1,"quantity_max":1,"quantity_default":1,"priced_individually":false,"shipped_individually":false,"override_title":false,"title":"Barre de son Sonos Beam (2e g\u00e9n\u00e9ration)","override_description":true,"description":"","optional":false,"hide_thumbnail":false,"discount":"","override_variations":false,"allowed_variations":[],"override_default_variation_attributes":false,"default_variation_attributes":[],"single_product_visibility":"visible","cart_visibility":"visible","order_visibility":"visible","single_product_price_visibility":"visible","cart_price_visibility":"visible","order_price_visibility":"visible","stock_status":"in_stock"},{"bundled_item_id":25,"product_id":314,"menu_order":1,"quantity_min":1,"quantity_max":1,"quantity_default":1,"priced_individually":false,"shipped_individually":false,"override_title":false,"title":"Sonos Sub Mini","override_description":true,"description":"","optional":false,"hide_thumbnail":false,"discount":"","override_variations":false,"allowed_variations":[],"override_default_variation_attributes":false,"default_variation_attributes":[],"single_product_visibility":"visible","cart_visibility":"visible","order_visibility":"visible","single_product_price_visibility":"visible","cart_price_visibility":"visible","order_price_visibility":"visible","stock_status":"in_stock"}],"bundle_sell_ids":[],"acf":[],"ct_brands":[{"id":750,"name":"Sonos","slug":"sonos"}],"yoast_head":"<!-- This site is optimized with the Yoast SEO plugin v27.2 - https:\/\/yoast.com\/product\/yoast-seo-wordpress\/ -->\n<title>Sonos Entertainment Set with Beam - Luxe Sound<\/title>\n<meta name=\"description\" content=\"Upgrade your home audio with the Sonos Entertainment Set with Beam. Enjoy immersive, high-quality sound for movies and music. Free Shipping!\" \/>\n<meta name=\"robots\" content=\"index, follow, max-snippet:-1, max-image-preview:large, max-video-preview:-1\" \/>\n<link rel=\"canonical\" href=\"https:\/\/luxesound.ca\/fr\/product\/sonos-entertainment-set-with-beam\/\" \/>\n<meta property=\"og:locale\" content=\"fr_FR\" \/>\n<meta property=\"og:type\" content=\"article\" \/>\n<meta property=\"og:title\" content=\"Sonos Entertainment Set with Beam - Luxe Sound\" \/>\n<meta property=\"og:description\" content=\"Upgrade your home audio with the Sonos Entertainment Set with Beam. Enjoy immersive, high-quality sound for movies and music. Free Shipping!\" \/>\n<meta property=\"og:url\" content=\"https:\/\/luxesound.ca\/fr\/product\/sonos-entertainment-set-with-beam\/\" \/>\n<meta property=\"og:site_name\" content=\"Luxe Sound\" \/>\n<meta property=\"article:publisher\" content=\"https:\/\/www.facebook.com\/luxesound.ca\" \/>\n<meta property=\"article:modified_time\" content=\"2026-05-07T05:09:43+00:00\" \/>\n<meta property=\"og:image\" content=\"https:\/\/luxesound.ca\/wp-content\/uploads\/2024\/07\/Enterntainment-set-black.png\" \/>\n\t<meta property=\"og:image:width\" content=\"1200\" \/>\n\t<meta property=\"og:image:height\" content=\"800\" \/>\n\t<meta property=\"og:image:type\" content=\"image\/png\" \/>\n<meta name=\"twitter:card\" content=\"summary_large_image\" \/>\n<meta name=\"twitter:label1\" content=\"Est. reading time\" \/>\n\t<meta name=\"twitter:data1\" content=\"1 minute\" \/>\n<script type=\"application\/ld+json\" class=\"yoast-schema-graph\">{\"@context\":\"https:\/\/schema.org\",\"@graph\":[{\"@type\":\"WebPage\",\"@id\":\"https:\/\/luxesound.ca\/product\/sonos-entertainment-set-with-beam\/\",\"url\":\"https:\/\/luxesound.ca\/product\/sonos-entertainment-set-with-beam\/\",\"name\":\"Sonos Entertainment Set with Beam - Luxe Sound\",\"isPartOf\":{\"@id\":\"https:\/\/luxesound.ca\/#website\"},\"primaryImageOfPage\":{\"@id\":\"https:\/\/luxesound.ca\/product\/sonos-entertainment-set-with-beam\/#primaryimage\"},\"image\":{\"@id\":\"https:\/\/luxesound.ca\/product\/sonos-entertainment-set-with-beam\/#primaryimage\"},\"thumbnailUrl\":\"https:\/\/luxesound.ca\/wp-content\/uploads\/2024\/07\/Enterntainment-set-black.png\",\"datePublished\":\"2024-08-15T16:26:29+00:00\",\"dateModified\":\"2026-05-07T05:09:43+00:00\",\"description\":\"Upgrade your home audio with the Sonos Entertainment Set with Beam. Enjoy immersive, high-quality sound for movies and music. Free Shipping!\",\"breadcrumb\":{\"@id\":\"https:\/\/luxesound.ca\/product\/sonos-entertainment-set-with-beam\/#breadcrumb\"},\"inLanguage\":\"fr-qc\",\"potentialAction\":[{\"@type\":\"ReadAction\",\"target\":[\"https:\/\/luxesound.ca\/product\/sonos-entertainment-set-with-beam\/\"]}]},{\"@type\":\"ImageObject\",\"inLanguage\":\"fr-qc\",\"@id\":\"https:\/\/luxesound.ca\/product\/sonos-entertainment-set-with-beam\/#primaryimage\",\"url\":\"https:\/\/luxesound.ca\/wp-content\/uploads\/2024\/07\/Enterntainment-set-black.png\",\"contentUrl\":\"https:\/\/luxesound.ca\/wp-content\/uploads\/2024\/07\/Enterntainment-set-black.png\",\"width\":1200,\"height\":800,\"caption\":\"Sonos Entertainment Set with beam, in black, product photo on white background\"},{\"@type\":\"BreadcrumbList\",\"@id\":\"https:\/\/luxesound.ca\/product\/sonos-entertainment-set-with-beam\/#breadcrumb\",\"itemListElement\":[{\"@type\":\"ListItem\",\"position\":1,\"name\":\"Home\",\"item\":\"https:\/\/luxesound.ca\/\"},{\"@type\":\"ListItem\",\"position\":2,\"name\":\"Products\",\"item\":\"https:\/\/luxesound.ca\/shop\/\"},{\"@type\":\"ListItem\",\"position\":3,\"name\":\"Sonos Entertainment Set with Beam\"}]},{\"@type\":\"WebSite\",\"@id\":\"https:\/\/luxesound.ca\/#website\",\"url\":\"https:\/\/luxesound.ca\/\",\"name\":\"Luxe Sound\",\"description\":\"The Finest Headphones &amp; Speakers. Proudly Canadian.\",\"publisher\":{\"@id\":\"https:\/\/luxesound.ca\/#organization\"},\"potentialAction\":[{\"@type\":\"SearchAction\",\"target\":{\"@type\":\"EntryPoint\",\"urlTemplate\":\"https:\/\/luxesound.ca\/?s={search_term_string}\"},\"query-input\":{\"@type\":\"PropertyValueSpecification\",\"valueRequired\":true,\"valueName\":\"search_term_string\"}}],\"inLanguage\":\"fr-qc\"},{\"@type\":\"Organization\",\"@id\":\"https:\/\/luxesound.ca\/#organization\",\"name\":\"Luxe Sound\",\"url\":\"https:\/\/luxesound.ca\/\",\"logo\":{\"@type\":\"ImageObject\",\"inLanguage\":\"fr-qc\",\"@id\":\"https:\/\/luxesound.ca\/#\/schema\/logo\/image\/\",\"url\":\"https:\/\/luxesound.ca\/wp-content\/uploads\/2024\/08\/cropped-Luxe-white-on-green.png\",\"contentUrl\":\"https:\/\/luxesound.ca\/wp-content\/uploads\/2024\/08\/cropped-Luxe-white-on-green.png\",\"width\":512,\"height\":512,\"caption\":\"Luxe Sound\"},\"image\":{\"@id\":\"https:\/\/luxesound.ca\/#\/schema\/logo\/image\/\"},\"sameAs\":[\"https:\/\/www.facebook.com\/luxesound.ca\",\"https:\/\/www.instagram.com\/luxe.sound\/\"]}]}<\/script>\n<!-- \/ Yoast SEO plugin. -->","yoast_head_json":{"title":"Sonos Entertainment Set with Beam - Luxe Sound","description":"Upgrade your home audio with the Sonos Entertainment Set with Beam. Enjoy immersive, high-quality sound for movies and music. Free Shipping!","robots":{"index":"index","follow":"follow","max-snippet":"max-snippet:-1","max-image-preview":"max-image-preview:large","max-video-preview":"max-video-preview:-1"},"canonical":"https:\/\/luxesound.ca\/fr\/product\/sonos-entertainment-set-with-beam\/","og_locale":"fr_FR","og_type":"article","og_title":"Sonos Entertainment Set with Beam - Luxe Sound","og_description":"Upgrade your home audio with the Sonos Entertainment Set with Beam. Enjoy immersive, high-quality sound for movies and music. Free Shipping!","og_url":"https:\/\/luxesound.ca\/fr\/product\/sonos-entertainment-set-with-beam\/","og_site_name":"Luxe Sound","article_publisher":"https:\/\/www.facebook.com\/luxesound.ca","article_modified_time":"2026-05-07T05:09:43+00:00","og_image":[{"width":1200,"height":800,"url":"https:\/\/luxesound.ca\/wp-content\/uploads\/2024\/07\/Enterntainment-set-black.png","type":"image\/png"}],"twitter_card":"summary_large_image","twitter_misc":{"Est. reading time":"1 minute"},"schema":{"@context":"https:\/\/schema.org","@graph":[{"@type":"WebPage","@id":"https:\/\/luxesound.ca\/product\/sonos-entertainment-set-with-beam\/","url":"https:\/\/luxesound.ca\/product\/sonos-entertainment-set-with-beam\/","name":"Sonos Entertainment Set with Beam - Luxe Sound","isPartOf":{"@id":"https:\/\/luxesound.ca\/#website"},"primaryImageOfPage":{"@id":"https:\/\/luxesound.ca\/product\/sonos-entertainment-set-with-beam\/#primaryimage"},"image":{"@id":"https:\/\/luxesound.ca\/product\/sonos-entertainment-set-with-beam\/#primaryimage"},"thumbnailUrl":"https:\/\/luxesound.ca\/wp-content\/uploads\/2024\/07\/Enterntainment-set-black.png","datePublished":"2024-08-15T16:26:29+00:00","dateModified":"2026-05-07T05:09:43+00:00","description":"Upgrade your home audio with the Sonos Entertainment Set with Beam. Enjoy immersive, high-quality sound for movies and music. Free Shipping!","breadcrumb":{"@id":"https:\/\/luxesound.ca\/product\/sonos-entertainment-set-with-beam\/#breadcrumb"},"inLanguage":"fr-qc","potentialAction":[{"@type":"ReadAction","target":["https:\/\/luxesound.ca\/product\/sonos-entertainment-set-with-beam\/"]}]},{"@type":"ImageObject","inLanguage":"fr-qc","@id":"https:\/\/luxesound.ca\/product\/sonos-entertainment-set-with-beam\/#primaryimage","url":"https:\/\/luxesound.ca\/wp-content\/uploads\/2024\/07\/Enterntainment-set-black.png","contentUrl":"https:\/\/luxesound.ca\/wp-content\/uploads\/2024\/07\/Enterntainment-set-black.png","width":1200,"height":800,"caption":"Sonos Entertainment Set with beam, in black, product photo on white background"},{"@type":"BreadcrumbList","@id":"https:\/\/luxesound.ca\/product\/sonos-entertainment-set-with-beam\/#breadcrumb","itemListElement":[{"@type":"ListItem","position":1,"name":"Home","item":"https:\/\/luxesound.ca\/"},{"@type":"ListItem","position":2,"name":"Products","item":"https:\/\/luxesound.ca\/shop\/"},{"@type":"ListItem","position":3,"name":"Sonos Entertainment Set with Beam"}]},{"@type":"WebSite","@id":"https:\/\/luxesound.ca\/#website","url":"https:\/\/luxesound.ca\/","name":"Son luxueux","description":"Les meilleurs \u00e9couteurs et haut-parleurs. Fi\u00e8rement canadiens.","publisher":{"@id":"https:\/\/luxesound.ca\/#organization"},"potentialAction":[{"@type":"SearchAction","target":{"@type":"EntryPoint","urlTemplate":"https:\/\/luxesound.ca\/?s={search_term_string}"},"query-input":{"@type":"PropertyValueSpecification","valueRequired":true,"valueName":"search_term_string"}}],"inLanguage":"fr-qc"},{"@type":"Organization","@id":"https:\/\/luxesound.ca\/#organization","name":"Son luxueux","url":"https:\/\/luxesound.ca\/","logo":{"@type":"ImageObject","inLanguage":"fr-qc","@id":"https:\/\/luxesound.ca\/#\/schema\/logo\/image\/","url":"https:\/\/luxesound.ca\/wp-content\/uploads\/2024\/08\/cropped-Luxe-white-on-green.png","contentUrl":"https:\/\/luxesound.ca\/wp-content\/uploads\/2024\/08\/cropped-Luxe-white-on-green.png","width":512,"height":512,"caption":"Luxe Sound"},"image":{"@id":"https:\/\/luxesound.ca\/#\/schema\/logo\/image\/"},"sameAs":["https:\/\/www.facebook.com\/luxesound.ca","https:\/\/www.instagram.com\/luxe.sound\/"]}]}},"_links":{"self":[{"href":"https:\/\/luxesound.ca\/fr\/wp-json\/wp\/v2\/product\/5943","targetHints":{"allow":["GET"]}}],"collection":[{"href":"https:\/\/luxesound.ca\/fr\/wp-json\/wp\/v2\/product"}],"about":[{"href":"https:\/\/luxesound.ca\/fr\/wp-json\/wp\/v2\/types\/product"}],"replies":[{"embeddable":true,"href":"https:\/\/luxesound.ca\/fr\/wp-json\/wp\/v2\/comments?post=5943"}],"version-history":[{"count":1,"href":"https:\/\/luxesound.ca\/fr\/wp-json\/wp\/v2\/product\/5943\/revisions"}],"predecessor-version":[{"id":9500,"href":"https:\/\/luxesound.ca\/fr\/wp-json\/wp\/v2\/product\/5943\/revisions\/9500"}],"wp:featuredmedia":[{"embeddable":true,"href":"https:\/\/luxesound.ca\/fr\/wp-json\/wp\/v2\/media\/5944"}],"wp:attachment":[{"href":"https:\/\/luxesound.ca\/fr\/wp-json\/wp\/v2\/media?parent=5943"}],"wp:term":[{"taxonomy":"product_brand","embeddable":true,"href":"https:\/\/luxesound.ca\/fr\/wp-json\/wp\/v2\/product_brand?post=5943"},{"taxonomy":"product_cat","embeddable":true,"href":"https:\/\/luxesound.ca\/fr\/wp-json\/wp\/v2\/product_cat?post=5943"},{"taxonomy":"product_tag","embeddable":true,"href":"https:\/\/luxesound.ca\/fr\/wp-json\/wp\/v2\/product_tag?post=5943"}],"curies":[{"name":"wp","href":"https:\/\/api.w.org\/{rel}","templated":true}]}}