{"id":5873,"date":"2024-08-15T12:27:09","date_gmt":"2024-08-15T16:27:09","guid":{"rendered":"https:\/\/luxesound.ca\/?post_type=product&#038;p=5873"},"modified":"2026-04-20T15:11:53","modified_gmt":"2026-04-20T19:11:53","slug":"sonos-immersive-music-set-with-era-300-stereo-pair","status":"publish","type":"product","link":"https:\/\/luxesound.ca\/fr\/product\/sonos-immersive-music-set-with-era-300-stereo-pair\/","title":{"rendered":"Ensemble de musique immersive Sonos avec paire st\u00e9r\u00e9o Era 300"},"content":{"rendered":"<p>Ressentez un son comme jamais auparavant avec une paire d&#039;enceintes r\u00e9volutionnaires con\u00e7ues de l&#039;int\u00e9rieur vers l&#039;ext\u00e9rieur pour une exp\u00e9rience audio spatiale de niveau sup\u00e9rieur. Remplissez deux pi\u00e8ces de votre maison avec Dolby Atmos Music, ou associez ces enceintes ensemble dans la m\u00eame pi\u00e8ce pour une sc\u00e8ne sonore compl\u00e8te. Le Sonos Immersive Music Set avec Era 300 donne vie \u00e0 chaque sc\u00e8ne et chanson lorsque vous les utilisez comme enceintes satellites arri\u00e8re avec votre barre de son Sonos Arc. Configurez-les en quelques minutes avec l&#039;aide de l&#039;application Sonos, puis diffusez tout votre contenu audio pr\u00e9f\u00e9r\u00e9 via le Wi-Fi et le Bluetooth. Profitez d&#039;un contr\u00f4le mains libres de votre \u00e9coute et bien plus encore avec Sonos Voice Control et Amazon Alexa. Vous pouvez m\u00eame connecter une platine vinyle ou une autre source audio avec l&#039;adaptateur d&#039;entr\u00e9e ligne Sonos et un c\u00e2ble auxiliaire.<\/p>","protected":false},"excerpt":{"rendered":"<p>Ressentez un son comme jamais auparavant avec une paire d&#039;enceintes r\u00e9volutionnaires con\u00e7ues de l&#039;int\u00e9rieur vers l&#039;ext\u00e9rieur pour une exp\u00e9rience audio spatiale de niveau sup\u00e9rieur. Remplissez deux pi\u00e8ces de votre maison avec Dolby Atmos Music, ou associez ces enceintes ensemble dans la m\u00eame pi\u00e8ce pour une sc\u00e8ne sonore compl\u00e8te. Le Sonos Immersive Music Set avec Era 300 donne vie \u00e0 chaque sc\u00e8ne et chanson lorsque vous les utilisez comme enceintes satellites arri\u00e8re avec votre barre de son Sonos Arc. Configurez-les en quelques minutes avec l&#039;aide de l&#039;application Sonos, puis diffusez tout votre contenu audio pr\u00e9f\u00e9r\u00e9 via le Wi-Fi et le Bluetooth. Profitez d&#039;un contr\u00f4le mains libres de votre \u00e9coute et bien plus encore avec Sonos Voice Control et Amazon Alexa. Vous pouvez m\u00eame connecter une platine vinyle ou une autre source audio avec l&#039;adaptateur d&#039;entr\u00e9e ligne Sonos et un c\u00e2ble auxiliaire.<\/p>","protected":false},"featured_media":5874,"comment_status":"open","ping_status":"closed","template":"","meta":{"_acf_changed":false,"_mo_disable_npp":"","inline_featured_image":false},"product_brand":[750],"product_cat":[98,778,26,27],"product_tag":[],"class_list":{"0":"post-5873","1":"product","2":"type-product","3":"status-publish","4":"has-post-thumbnail","6":"product_brand-sonos","7":"product_cat-home-theatre","8":"product_cat-home-theatre-sets","9":"product_cat-sonos","10":"product_cat-speakers","11":"pa_colour-matte-black","12":"pa_colour-matte-white","14":"first","15":"instock","16":"taxable","17":"shipping-taxable","18":"purchasable","19":"product-type-bundle"},"bundled_by":[],"bundle_stock_status":"instock","bundle_stock_quantity":6,"bundle_virtual":false,"bundle_layout":"default","bundle_add_to_cart_form_location":"default","bundle_editable_in_cart":false,"bundle_sold_individually_context":"product","bundle_item_grouping":"parent","bundle_min_size":"","bundle_max_size":"","bundle_price":{"price":{"min":{"incl_tax":"1446.39","excl_tax":"1258"},"max":{"incl_tax":"1446.39","excl_tax":"1258"}},"regular_price":{"min":{"incl_tax":"1446.39","excl_tax":"1258"},"max":{"incl_tax":"1446.39","excl_tax":"1258"}}},"bundled_items":[{"bundled_item_id":2,"product_id":353,"menu_order":0,"quantity_min":2,"quantity_max":2,"quantity_default":2,"priced_individually":false,"shipped_individually":false,"override_title":false,"title":"Enceinte Sonos Era 300","override_description":true,"description":"","optional":false,"hide_thumbnail":false,"discount":"","override_variations":false,"allowed_variations":[],"override_default_variation_attributes":false,"default_variation_attributes":[],"single_product_visibility":"visible","cart_visibility":"visible","order_visibility":"visible","single_product_price_visibility":"visible","cart_price_visibility":"visible","order_price_visibility":"visible","stock_status":"in_stock"}],"bundle_sell_ids":[],"acf":[],"ct_brands":[{"id":750,"name":"Sonos","slug":"sonos"}],"yoast_head":"<!-- This site is optimized with the Yoast SEO plugin v27.2 - https:\/\/yoast.com\/product\/yoast-seo-wordpress\/ -->\n<title>Sonos Immersive Music Set with Era 300 Stereo Pair - Luxe Sound<\/title>\n<meta name=\"description\" content=\"Immerse yourself in rich sound with the Sonos Immersive Music Set featuring Era 300 Stereo Pair. Enjoy detailed, high-fidelity audio. Free Shipping!\" \/>\n<meta name=\"robots\" content=\"index, follow, max-snippet:-1, max-image-preview:large, max-video-preview:-1\" \/>\n<link rel=\"canonical\" href=\"https:\/\/luxesound.ca\/fr\/product\/sonos-immersive-music-set-with-era-300-stereo-pair\/\" \/>\n<meta property=\"og:locale\" content=\"fr_FR\" \/>\n<meta property=\"og:type\" content=\"article\" \/>\n<meta property=\"og:title\" content=\"Sonos Immersive Music Set with Era 300 Stereo Pair - Luxe Sound\" \/>\n<meta property=\"og:description\" content=\"Immerse yourself in rich sound with the Sonos Immersive Music Set featuring Era 300 Stereo Pair. Enjoy detailed, high-fidelity audio. Free Shipping!\" \/>\n<meta property=\"og:url\" content=\"https:\/\/luxesound.ca\/fr\/product\/sonos-immersive-music-set-with-era-300-stereo-pair\/\" \/>\n<meta property=\"og:site_name\" content=\"Luxe Sound\" \/>\n<meta property=\"article:publisher\" content=\"https:\/\/www.facebook.com\/luxesound.ca\" \/>\n<meta property=\"article:modified_time\" content=\"2026-04-20T19:11:53+00:00\" \/>\n<meta property=\"og:image\" content=\"https:\/\/luxesound.ca\/wp-content\/uploads\/2024\/07\/Era-300-pair-black.png\" \/>\n\t<meta property=\"og:image:width\" content=\"1200\" \/>\n\t<meta property=\"og:image:height\" content=\"800\" \/>\n\t<meta property=\"og:image:type\" content=\"image\/png\" \/>\n<meta name=\"twitter:card\" content=\"summary_large_image\" \/>\n<meta name=\"twitter:label1\" content=\"Est. reading time\" \/>\n\t<meta name=\"twitter:data1\" content=\"1 minute\" \/>\n<script type=\"application\/ld+json\" class=\"yoast-schema-graph\">{\"@context\":\"https:\/\/schema.org\",\"@graph\":[{\"@type\":\"WebPage\",\"@id\":\"https:\/\/luxesound.ca\/product\/sonos-immersive-music-set-with-era-300-stereo-pair\/\",\"url\":\"https:\/\/luxesound.ca\/product\/sonos-immersive-music-set-with-era-300-stereo-pair\/\",\"name\":\"Sonos Immersive Music Set with Era 300 Stereo Pair - Luxe Sound\",\"isPartOf\":{\"@id\":\"https:\/\/luxesound.ca\/#website\"},\"primaryImageOfPage\":{\"@id\":\"https:\/\/luxesound.ca\/product\/sonos-immersive-music-set-with-era-300-stereo-pair\/#primaryimage\"},\"image\":{\"@id\":\"https:\/\/luxesound.ca\/product\/sonos-immersive-music-set-with-era-300-stereo-pair\/#primaryimage\"},\"thumbnailUrl\":\"https:\/\/luxesound.ca\/wp-content\/uploads\/2024\/07\/Era-300-pair-black.png\",\"datePublished\":\"2024-08-15T16:27:09+00:00\",\"dateModified\":\"2026-04-20T19:11:53+00:00\",\"description\":\"Immerse yourself in rich sound with the Sonos Immersive Music Set featuring Era 300 Stereo Pair. Enjoy detailed, high-fidelity audio. Free Shipping!\",\"breadcrumb\":{\"@id\":\"https:\/\/luxesound.ca\/product\/sonos-immersive-music-set-with-era-300-stereo-pair\/#breadcrumb\"},\"inLanguage\":\"fr-qc\",\"potentialAction\":[{\"@type\":\"ReadAction\",\"target\":[\"https:\/\/luxesound.ca\/product\/sonos-immersive-music-set-with-era-300-stereo-pair\/\"]}]},{\"@type\":\"ImageObject\",\"inLanguage\":\"fr-qc\",\"@id\":\"https:\/\/luxesound.ca\/product\/sonos-immersive-music-set-with-era-300-stereo-pair\/#primaryimage\",\"url\":\"https:\/\/luxesound.ca\/wp-content\/uploads\/2024\/07\/Era-300-pair-black.png\",\"contentUrl\":\"https:\/\/luxesound.ca\/wp-content\/uploads\/2024\/07\/Era-300-pair-black.png\",\"width\":1200,\"height\":800,\"caption\":\"Sonos Immersive Music Set with Era 300 Stereo Pair in black, on white background, product photo\"},{\"@type\":\"BreadcrumbList\",\"@id\":\"https:\/\/luxesound.ca\/product\/sonos-immersive-music-set-with-era-300-stereo-pair\/#breadcrumb\",\"itemListElement\":[{\"@type\":\"ListItem\",\"position\":1,\"name\":\"Home\",\"item\":\"https:\/\/luxesound.ca\/\"},{\"@type\":\"ListItem\",\"position\":2,\"name\":\"Products\",\"item\":\"https:\/\/luxesound.ca\/shop\/\"},{\"@type\":\"ListItem\",\"position\":3,\"name\":\"Sonos Immersive Music Set with Era 300 Stereo Pair\"}]},{\"@type\":\"WebSite\",\"@id\":\"https:\/\/luxesound.ca\/#website\",\"url\":\"https:\/\/luxesound.ca\/\",\"name\":\"Luxe Sound\",\"description\":\"The Finest Headphones &amp; Speakers. Proudly Canadian.\",\"publisher\":{\"@id\":\"https:\/\/luxesound.ca\/#organization\"},\"potentialAction\":[{\"@type\":\"SearchAction\",\"target\":{\"@type\":\"EntryPoint\",\"urlTemplate\":\"https:\/\/luxesound.ca\/?s={search_term_string}\"},\"query-input\":{\"@type\":\"PropertyValueSpecification\",\"valueRequired\":true,\"valueName\":\"search_term_string\"}}],\"inLanguage\":\"fr-qc\"},{\"@type\":\"Organization\",\"@id\":\"https:\/\/luxesound.ca\/#organization\",\"name\":\"Luxe Sound\",\"url\":\"https:\/\/luxesound.ca\/\",\"logo\":{\"@type\":\"ImageObject\",\"inLanguage\":\"fr-qc\",\"@id\":\"https:\/\/luxesound.ca\/#\/schema\/logo\/image\/\",\"url\":\"https:\/\/luxesound.ca\/wp-content\/uploads\/2024\/08\/cropped-Luxe-white-on-green.png\",\"contentUrl\":\"https:\/\/luxesound.ca\/wp-content\/uploads\/2024\/08\/cropped-Luxe-white-on-green.png\",\"width\":512,\"height\":512,\"caption\":\"Luxe Sound\"},\"image\":{\"@id\":\"https:\/\/luxesound.ca\/#\/schema\/logo\/image\/\"},\"sameAs\":[\"https:\/\/www.facebook.com\/luxesound.ca\",\"https:\/\/www.instagram.com\/luxe.sound\/\"]}]}<\/script>\n<!-- \/ Yoast SEO plugin. -->","yoast_head_json":{"title":"Sonos Immersive Music Set with Era 300 Stereo Pair - Luxe Sound","description":"Immerse yourself in rich sound with the Sonos Immersive Music Set featuring Era 300 Stereo Pair. Enjoy detailed, high-fidelity audio. Free Shipping!","robots":{"index":"index","follow":"follow","max-snippet":"max-snippet:-1","max-image-preview":"max-image-preview:large","max-video-preview":"max-video-preview:-1"},"canonical":"https:\/\/luxesound.ca\/fr\/product\/sonos-immersive-music-set-with-era-300-stereo-pair\/","og_locale":"fr_FR","og_type":"article","og_title":"Sonos Immersive Music Set with Era 300 Stereo Pair - Luxe Sound","og_description":"Immerse yourself in rich sound with the Sonos Immersive Music Set featuring Era 300 Stereo Pair. Enjoy detailed, high-fidelity audio. Free Shipping!","og_url":"https:\/\/luxesound.ca\/fr\/product\/sonos-immersive-music-set-with-era-300-stereo-pair\/","og_site_name":"Luxe Sound","article_publisher":"https:\/\/www.facebook.com\/luxesound.ca","article_modified_time":"2026-04-20T19:11:53+00:00","og_image":[{"width":1200,"height":800,"url":"https:\/\/luxesound.ca\/wp-content\/uploads\/2024\/07\/Era-300-pair-black.png","type":"image\/png"}],"twitter_card":"summary_large_image","twitter_misc":{"Est. reading time":"1 minute"},"schema":{"@context":"https:\/\/schema.org","@graph":[{"@type":"WebPage","@id":"https:\/\/luxesound.ca\/product\/sonos-immersive-music-set-with-era-300-stereo-pair\/","url":"https:\/\/luxesound.ca\/product\/sonos-immersive-music-set-with-era-300-stereo-pair\/","name":"Sonos Immersive Music Set with Era 300 Stereo Pair - Luxe Sound","isPartOf":{"@id":"https:\/\/luxesound.ca\/#website"},"primaryImageOfPage":{"@id":"https:\/\/luxesound.ca\/product\/sonos-immersive-music-set-with-era-300-stereo-pair\/#primaryimage"},"image":{"@id":"https:\/\/luxesound.ca\/product\/sonos-immersive-music-set-with-era-300-stereo-pair\/#primaryimage"},"thumbnailUrl":"https:\/\/luxesound.ca\/wp-content\/uploads\/2024\/07\/Era-300-pair-black.png","datePublished":"2024-08-15T16:27:09+00:00","dateModified":"2026-04-20T19:11:53+00:00","description":"Immerse yourself in rich sound with the Sonos Immersive Music Set featuring Era 300 Stereo Pair. Enjoy detailed, high-fidelity audio. Free Shipping!","breadcrumb":{"@id":"https:\/\/luxesound.ca\/product\/sonos-immersive-music-set-with-era-300-stereo-pair\/#breadcrumb"},"inLanguage":"fr-qc","potentialAction":[{"@type":"ReadAction","target":["https:\/\/luxesound.ca\/product\/sonos-immersive-music-set-with-era-300-stereo-pair\/"]}]},{"@type":"ImageObject","inLanguage":"fr-qc","@id":"https:\/\/luxesound.ca\/product\/sonos-immersive-music-set-with-era-300-stereo-pair\/#primaryimage","url":"https:\/\/luxesound.ca\/wp-content\/uploads\/2024\/07\/Era-300-pair-black.png","contentUrl":"https:\/\/luxesound.ca\/wp-content\/uploads\/2024\/07\/Era-300-pair-black.png","width":1200,"height":800,"caption":"Sonos Immersive Music Set with Era 300 Stereo Pair in black, on white background, product photo"},{"@type":"BreadcrumbList","@id":"https:\/\/luxesound.ca\/product\/sonos-immersive-music-set-with-era-300-stereo-pair\/#breadcrumb","itemListElement":[{"@type":"ListItem","position":1,"name":"Home","item":"https:\/\/luxesound.ca\/"},{"@type":"ListItem","position":2,"name":"Products","item":"https:\/\/luxesound.ca\/shop\/"},{"@type":"ListItem","position":3,"name":"Sonos Immersive Music Set with Era 300 Stereo Pair"}]},{"@type":"WebSite","@id":"https:\/\/luxesound.ca\/#website","url":"https:\/\/luxesound.ca\/","name":"Son luxueux","description":"Les meilleurs \u00e9couteurs et haut-parleurs. Fi\u00e8rement canadiens.","publisher":{"@id":"https:\/\/luxesound.ca\/#organization"},"potentialAction":[{"@type":"SearchAction","target":{"@type":"EntryPoint","urlTemplate":"https:\/\/luxesound.ca\/?s={search_term_string}"},"query-input":{"@type":"PropertyValueSpecification","valueRequired":true,"valueName":"search_term_string"}}],"inLanguage":"fr-qc"},{"@type":"Organization","@id":"https:\/\/luxesound.ca\/#organization","name":"Son luxueux","url":"https:\/\/luxesound.ca\/","logo":{"@type":"ImageObject","inLanguage":"fr-qc","@id":"https:\/\/luxesound.ca\/#\/schema\/logo\/image\/","url":"https:\/\/luxesound.ca\/wp-content\/uploads\/2024\/08\/cropped-Luxe-white-on-green.png","contentUrl":"https:\/\/luxesound.ca\/wp-content\/uploads\/2024\/08\/cropped-Luxe-white-on-green.png","width":512,"height":512,"caption":"Luxe Sound"},"image":{"@id":"https:\/\/luxesound.ca\/#\/schema\/logo\/image\/"},"sameAs":["https:\/\/www.facebook.com\/luxesound.ca","https:\/\/www.instagram.com\/luxe.sound\/"]}]}},"_links":{"self":[{"href":"https:\/\/luxesound.ca\/fr\/wp-json\/wp\/v2\/product\/5873","targetHints":{"allow":["GET"]}}],"collection":[{"href":"https:\/\/luxesound.ca\/fr\/wp-json\/wp\/v2\/product"}],"about":[{"href":"https:\/\/luxesound.ca\/fr\/wp-json\/wp\/v2\/types\/product"}],"replies":[{"embeddable":true,"href":"https:\/\/luxesound.ca\/fr\/wp-json\/wp\/v2\/comments?post=5873"}],"version-history":[{"count":2,"href":"https:\/\/luxesound.ca\/fr\/wp-json\/wp\/v2\/product\/5873\/revisions"}],"predecessor-version":[{"id":10121,"href":"https:\/\/luxesound.ca\/fr\/wp-json\/wp\/v2\/product\/5873\/revisions\/10121"}],"wp:featuredmedia":[{"embeddable":true,"href":"https:\/\/luxesound.ca\/fr\/wp-json\/wp\/v2\/media\/5874"}],"wp:attachment":[{"href":"https:\/\/luxesound.ca\/fr\/wp-json\/wp\/v2\/media?parent=5873"}],"wp:term":[{"taxonomy":"product_brand","embeddable":true,"href":"https:\/\/luxesound.ca\/fr\/wp-json\/wp\/v2\/product_brand?post=5873"},{"taxonomy":"product_cat","embeddable":true,"href":"https:\/\/luxesound.ca\/fr\/wp-json\/wp\/v2\/product_cat?post=5873"},{"taxonomy":"product_tag","embeddable":true,"href":"https:\/\/luxesound.ca\/fr\/wp-json\/wp\/v2\/product_tag?post=5873"}],"curies":[{"name":"wp","href":"https:\/\/api.w.org\/{rel}","templated":true}]}}