{"id":5839,"date":"2024-08-05T16:25:15","date_gmt":"2024-08-05T20:25:15","guid":{"rendered":"https:\/\/luxesound.ca\/?post_type=product&#038;p=5839"},"modified":"2026-04-20T15:12:01","modified_gmt":"2026-04-20T19:12:01","slug":"tivoli-model-two-digital","status":"publish","type":"product","link":"https:\/\/luxesound.ca\/fr\/product\/tivoli-model-two-digital\/","title":{"rendered":"Enceinte num\u00e9rique Tivoli Model Two"},"content":{"rendered":"<p class=\"p1\">\u00c9quip\u00e9 du Wi-Fi, du Bluetooth, de Google Chromecast et d&#039;AirPlay 2, il n&#039;a jamais \u00e9t\u00e9 aussi simple de diffuser votre musique pr\u00e9f\u00e9r\u00e9e et de connecter plusieurs appareils. Le design \u00e9l\u00e9gant, la double orientation et les facteurs de forme intuitifs du Tivoli Model Two Digital lui permettent de s&#039;int\u00e9grer parfaitement dans votre espace. La combinaison de trois grilles en aluminium et d&#039;un bo\u00eetier en bois v\u00e9ritable en fait l&#039;enceinte autonome parfaite ou un ajout \u00e0 votre collection audio en pleine croissance.<\/p>","protected":false},"excerpt":{"rendered":"<p class=\"p1\">\u00c9quip\u00e9 du Wi-Fi, du Bluetooth, de Google Chromecast et d&#039;AirPlay 2, il n&#039;a jamais \u00e9t\u00e9 aussi simple de diffuser votre musique pr\u00e9f\u00e9r\u00e9e et de connecter plusieurs appareils. Le design \u00e9l\u00e9gant, la double orientation et les facteurs de forme intuitifs du Tivoli Model Two Digital lui permettent de s&#039;int\u00e9grer parfaitement dans votre espace. La combinaison de trois grilles en aluminium et d&#039;un bo\u00eetier en bois v\u00e9ritable en fait l&#039;enceinte autonome parfaite ou un ajout \u00e0 votre collection audio en pleine croissance.<\/p>","protected":false},"featured_media":7648,"comment_status":"open","ping_status":"closed","template":"","meta":{"_acf_changed":false,"_mo_disable_npp":"","inline_featured_image":false},"product_brand":[754],"product_cat":[27,756],"product_tag":[],"class_list":{"0":"post-5839","1":"product","2":"type-product","3":"status-publish","4":"has-post-thumbnail","6":"product_brand-tivoli","7":"product_cat-speakers","8":"product_cat-tivoli","9":"pa_colour-matte-black","10":"pa_colour-matte-white","11":"pa_colour-walnut","13":"first","14":"instock","15":"featured","16":"taxable","17":"shipping-taxable","18":"purchasable","19":"product-type-variable","20":"has-default-attributes"},"bundled_by":[],"bundle_stock_status":"instock","bundle_stock_quantity":13,"bundle_virtual":false,"bundle_layout":"","bundle_add_to_cart_form_location":"","bundle_editable_in_cart":false,"bundle_sold_individually_context":"","bundle_item_grouping":"","bundle_min_size":"","bundle_max_size":"","bundle_price":[],"bundled_items":[],"bundle_sell_ids":[],"acf":[],"ct_brands":[{"id":754,"name":"Tivoli","slug":"tivoli"}],"yoast_head":"<!-- This site is optimized with the Yoast SEO plugin v27.2 - https:\/\/yoast.com\/product\/yoast-seo-wordpress\/ -->\n<title>Tivoli Model Two Digital Speaker - Luxe Sound<\/title>\n<meta name=\"description\" content=\"Enjoy premium sound and modern design with the Tivoli Model Two Digital. Perfect blend of style and performance for any space. Free Shipping!\" \/>\n<meta name=\"robots\" content=\"index, follow, max-snippet:-1, max-image-preview:large, max-video-preview:-1\" \/>\n<link rel=\"canonical\" href=\"https:\/\/luxesound.ca\/fr\/product\/tivoli-model-two-digital\/\" \/>\n<meta property=\"og:locale\" content=\"fr_FR\" \/>\n<meta property=\"og:type\" content=\"article\" \/>\n<meta property=\"og:title\" content=\"Tivoli Model Two Digital Speaker - Luxe Sound\" \/>\n<meta property=\"og:description\" content=\"Enjoy premium sound and modern design with the Tivoli Model Two Digital. Perfect blend of style and performance for any space. Free Shipping!\" \/>\n<meta property=\"og:url\" content=\"https:\/\/luxesound.ca\/fr\/product\/tivoli-model-two-digital\/\" \/>\n<meta property=\"og:site_name\" content=\"Luxe Sound\" \/>\n<meta property=\"article:publisher\" content=\"https:\/\/www.facebook.com\/luxesound.ca\" \/>\n<meta property=\"article:modified_time\" content=\"2026-04-20T19:12:01+00:00\" \/>\n<meta property=\"og:image\" content=\"https:\/\/luxesound.ca\/wp-content\/uploads\/2024\/08\/M2DGOLD-Front.webp\" \/>\n\t<meta property=\"og:image:width\" content=\"1200\" \/>\n\t<meta property=\"og:image:height\" content=\"800\" \/>\n\t<meta property=\"og:image:type\" content=\"image\/webp\" \/>\n<meta name=\"twitter:card\" content=\"summary_large_image\" \/>\n<meta name=\"twitter:label1\" content=\"Est. reading time\" \/>\n\t<meta name=\"twitter:data1\" content=\"1 minute\" \/>\n<script type=\"application\/ld+json\" class=\"yoast-schema-graph\">{\"@context\":\"https:\/\/schema.org\",\"@graph\":[{\"@type\":\"WebPage\",\"@id\":\"https:\/\/luxesound.ca\/product\/tivoli-model-two-digital\/\",\"url\":\"https:\/\/luxesound.ca\/product\/tivoli-model-two-digital\/\",\"name\":\"Tivoli Model Two Digital Speaker - Luxe Sound\",\"isPartOf\":{\"@id\":\"https:\/\/luxesound.ca\/#website\"},\"primaryImageOfPage\":{\"@id\":\"https:\/\/luxesound.ca\/product\/tivoli-model-two-digital\/#primaryimage\"},\"image\":{\"@id\":\"https:\/\/luxesound.ca\/product\/tivoli-model-two-digital\/#primaryimage\"},\"thumbnailUrl\":\"https:\/\/luxesound.ca\/wp-content\/uploads\/2024\/08\/M2DGOLD-Front.webp\",\"datePublished\":\"2024-08-05T20:25:15+00:00\",\"dateModified\":\"2026-04-20T19:12:01+00:00\",\"description\":\"Enjoy premium sound and modern design with the Tivoli Model Two Digital. Perfect blend of style and performance for any space. Free Shipping!\",\"breadcrumb\":{\"@id\":\"https:\/\/luxesound.ca\/product\/tivoli-model-two-digital\/#breadcrumb\"},\"inLanguage\":\"fr-qc\",\"potentialAction\":[{\"@type\":\"ReadAction\",\"target\":[\"https:\/\/luxesound.ca\/product\/tivoli-model-two-digital\/\"]}]},{\"@type\":\"ImageObject\",\"inLanguage\":\"fr-qc\",\"@id\":\"https:\/\/luxesound.ca\/product\/tivoli-model-two-digital\/#primaryimage\",\"url\":\"https:\/\/luxesound.ca\/wp-content\/uploads\/2024\/08\/M2DGOLD-Front.webp\",\"contentUrl\":\"https:\/\/luxesound.ca\/wp-content\/uploads\/2024\/08\/M2DGOLD-Front.webp\",\"width\":1200,\"height\":800,\"caption\":\"Tivoli Model Two Digital, MCM, walnut, gold, front angle, product photo on white background\"},{\"@type\":\"BreadcrumbList\",\"@id\":\"https:\/\/luxesound.ca\/product\/tivoli-model-two-digital\/#breadcrumb\",\"itemListElement\":[{\"@type\":\"ListItem\",\"position\":1,\"name\":\"Home\",\"item\":\"https:\/\/luxesound.ca\/\"},{\"@type\":\"ListItem\",\"position\":2,\"name\":\"Products\",\"item\":\"https:\/\/luxesound.ca\/shop\/\"},{\"@type\":\"ListItem\",\"position\":3,\"name\":\"Tivoli Model Two Digital Speaker\"}]},{\"@type\":\"WebSite\",\"@id\":\"https:\/\/luxesound.ca\/#website\",\"url\":\"https:\/\/luxesound.ca\/\",\"name\":\"Luxe Sound\",\"description\":\"The Finest Headphones &amp; Speakers. Proudly Canadian.\",\"publisher\":{\"@id\":\"https:\/\/luxesound.ca\/#organization\"},\"potentialAction\":[{\"@type\":\"SearchAction\",\"target\":{\"@type\":\"EntryPoint\",\"urlTemplate\":\"https:\/\/luxesound.ca\/?s={search_term_string}\"},\"query-input\":{\"@type\":\"PropertyValueSpecification\",\"valueRequired\":true,\"valueName\":\"search_term_string\"}}],\"inLanguage\":\"fr-qc\"},{\"@type\":\"Organization\",\"@id\":\"https:\/\/luxesound.ca\/#organization\",\"name\":\"Luxe Sound\",\"url\":\"https:\/\/luxesound.ca\/\",\"logo\":{\"@type\":\"ImageObject\",\"inLanguage\":\"fr-qc\",\"@id\":\"https:\/\/luxesound.ca\/#\/schema\/logo\/image\/\",\"url\":\"https:\/\/luxesound.ca\/wp-content\/uploads\/2024\/08\/cropped-Luxe-white-on-green.png\",\"contentUrl\":\"https:\/\/luxesound.ca\/wp-content\/uploads\/2024\/08\/cropped-Luxe-white-on-green.png\",\"width\":512,\"height\":512,\"caption\":\"Luxe Sound\"},\"image\":{\"@id\":\"https:\/\/luxesound.ca\/#\/schema\/logo\/image\/\"},\"sameAs\":[\"https:\/\/www.facebook.com\/luxesound.ca\",\"https:\/\/www.instagram.com\/luxe.sound\/\"]}]}<\/script>\n<!-- \/ Yoast SEO plugin. -->","yoast_head_json":{"title":"Tivoli Model Two Digital Speaker - Luxe Sound","description":"Enjoy premium sound and modern design with the Tivoli Model Two Digital. Perfect blend of style and performance for any space. Free Shipping!","robots":{"index":"index","follow":"follow","max-snippet":"max-snippet:-1","max-image-preview":"max-image-preview:large","max-video-preview":"max-video-preview:-1"},"canonical":"https:\/\/luxesound.ca\/fr\/product\/tivoli-model-two-digital\/","og_locale":"fr_FR","og_type":"article","og_title":"Tivoli Model Two Digital Speaker - Luxe Sound","og_description":"Enjoy premium sound and modern design with the Tivoli Model Two Digital. Perfect blend of style and performance for any space. Free Shipping!","og_url":"https:\/\/luxesound.ca\/fr\/product\/tivoli-model-two-digital\/","og_site_name":"Luxe Sound","article_publisher":"https:\/\/www.facebook.com\/luxesound.ca","article_modified_time":"2026-04-20T19:12:01+00:00","og_image":[{"width":1200,"height":800,"url":"https:\/\/luxesound.ca\/wp-content\/uploads\/2024\/08\/M2DGOLD-Front.webp","type":"image\/webp"}],"twitter_card":"summary_large_image","twitter_misc":{"Est. reading time":"1 minute"},"schema":{"@context":"https:\/\/schema.org","@graph":[{"@type":"WebPage","@id":"https:\/\/luxesound.ca\/product\/tivoli-model-two-digital\/","url":"https:\/\/luxesound.ca\/product\/tivoli-model-two-digital\/","name":"Tivoli Model Two Digital Speaker - Luxe Sound","isPartOf":{"@id":"https:\/\/luxesound.ca\/#website"},"primaryImageOfPage":{"@id":"https:\/\/luxesound.ca\/product\/tivoli-model-two-digital\/#primaryimage"},"image":{"@id":"https:\/\/luxesound.ca\/product\/tivoli-model-two-digital\/#primaryimage"},"thumbnailUrl":"https:\/\/luxesound.ca\/wp-content\/uploads\/2024\/08\/M2DGOLD-Front.webp","datePublished":"2024-08-05T20:25:15+00:00","dateModified":"2026-04-20T19:12:01+00:00","description":"Enjoy premium sound and modern design with the Tivoli Model Two Digital. Perfect blend of style and performance for any space. Free Shipping!","breadcrumb":{"@id":"https:\/\/luxesound.ca\/product\/tivoli-model-two-digital\/#breadcrumb"},"inLanguage":"fr-qc","potentialAction":[{"@type":"ReadAction","target":["https:\/\/luxesound.ca\/product\/tivoli-model-two-digital\/"]}]},{"@type":"ImageObject","inLanguage":"fr-qc","@id":"https:\/\/luxesound.ca\/product\/tivoli-model-two-digital\/#primaryimage","url":"https:\/\/luxesound.ca\/wp-content\/uploads\/2024\/08\/M2DGOLD-Front.webp","contentUrl":"https:\/\/luxesound.ca\/wp-content\/uploads\/2024\/08\/M2DGOLD-Front.webp","width":1200,"height":800,"caption":"Tivoli Model Two Digital, MCM, walnut, gold, front angle, product photo on white background"},{"@type":"BreadcrumbList","@id":"https:\/\/luxesound.ca\/product\/tivoli-model-two-digital\/#breadcrumb","itemListElement":[{"@type":"ListItem","position":1,"name":"Home","item":"https:\/\/luxesound.ca\/"},{"@type":"ListItem","position":2,"name":"Products","item":"https:\/\/luxesound.ca\/shop\/"},{"@type":"ListItem","position":3,"name":"Tivoli Model Two Digital Speaker"}]},{"@type":"WebSite","@id":"https:\/\/luxesound.ca\/#website","url":"https:\/\/luxesound.ca\/","name":"Son luxueux","description":"Les meilleurs \u00e9couteurs et haut-parleurs. Fi\u00e8rement canadiens.","publisher":{"@id":"https:\/\/luxesound.ca\/#organization"},"potentialAction":[{"@type":"SearchAction","target":{"@type":"EntryPoint","urlTemplate":"https:\/\/luxesound.ca\/?s={search_term_string}"},"query-input":{"@type":"PropertyValueSpecification","valueRequired":true,"valueName":"search_term_string"}}],"inLanguage":"fr-qc"},{"@type":"Organization","@id":"https:\/\/luxesound.ca\/#organization","name":"Son luxueux","url":"https:\/\/luxesound.ca\/","logo":{"@type":"ImageObject","inLanguage":"fr-qc","@id":"https:\/\/luxesound.ca\/#\/schema\/logo\/image\/","url":"https:\/\/luxesound.ca\/wp-content\/uploads\/2024\/08\/cropped-Luxe-white-on-green.png","contentUrl":"https:\/\/luxesound.ca\/wp-content\/uploads\/2024\/08\/cropped-Luxe-white-on-green.png","width":512,"height":512,"caption":"Luxe Sound"},"image":{"@id":"https:\/\/luxesound.ca\/#\/schema\/logo\/image\/"},"sameAs":["https:\/\/www.facebook.com\/luxesound.ca","https:\/\/www.instagram.com\/luxe.sound\/"]}]}},"_links":{"self":[{"href":"https:\/\/luxesound.ca\/fr\/wp-json\/wp\/v2\/product\/5839","targetHints":{"allow":["GET"]}}],"collection":[{"href":"https:\/\/luxesound.ca\/fr\/wp-json\/wp\/v2\/product"}],"about":[{"href":"https:\/\/luxesound.ca\/fr\/wp-json\/wp\/v2\/types\/product"}],"replies":[{"embeddable":true,"href":"https:\/\/luxesound.ca\/fr\/wp-json\/wp\/v2\/comments?post=5839"}],"version-history":[{"count":2,"href":"https:\/\/luxesound.ca\/fr\/wp-json\/wp\/v2\/product\/5839\/revisions"}],"predecessor-version":[{"id":11593,"href":"https:\/\/luxesound.ca\/fr\/wp-json\/wp\/v2\/product\/5839\/revisions\/11593"}],"wp:featuredmedia":[{"embeddable":true,"href":"https:\/\/luxesound.ca\/fr\/wp-json\/wp\/v2\/media\/7648"}],"wp:attachment":[{"href":"https:\/\/luxesound.ca\/fr\/wp-json\/wp\/v2\/media?parent=5839"}],"wp:term":[{"taxonomy":"product_brand","embeddable":true,"href":"https:\/\/luxesound.ca\/fr\/wp-json\/wp\/v2\/product_brand?post=5839"},{"taxonomy":"product_cat","embeddable":true,"href":"https:\/\/luxesound.ca\/fr\/wp-json\/wp\/v2\/product_cat?post=5839"},{"taxonomy":"product_tag","embeddable":true,"href":"https:\/\/luxesound.ca\/fr\/wp-json\/wp\/v2\/product_tag?post=5839"}],"curies":[{"name":"wp","href":"https:\/\/api.w.org\/{rel}","templated":true}]}}