{"id":4971,"date":"2024-06-07T14:22:53","date_gmt":"2024-06-07T18:22:53","guid":{"rendered":"https:\/\/luxesound.ca\/?post_type=product&#038;p=4971"},"modified":"2026-04-21T10:30:43","modified_gmt":"2026-04-21T14:30:43","slug":"sonos-ace-headphones","status":"publish","type":"product","link":"https:\/\/luxesound.ca\/fr\/product\/sonos-ace-headphones\/","title":{"rendered":"Casque Sonos Ace"},"content":{"rendered":"<p class=\"p1\">Sonos Ace perfectionne votre exp\u00e9rience d&#039;\u00e9coute personnelle. Ressentez chaque fr\u00e9quence avec une pr\u00e9cision et une clart\u00e9 sup\u00e9rieures. Maximisez votre immersion avec un streaming sans perte, un son spatial avec suivi dynamique de la t\u00eate et une suppression active du bruit de classe mondiale. Entendez ce qui se passe autour de vous avec le mode Aware. Profitez d&#039;une autonomie allant jusqu&#039;\u00e0 29 heures, d&#039;un confort exceptionnel et d&#039;appels d&#039;une clart\u00e9 irr\u00e9prochable.<\/p>","protected":false},"excerpt":{"rendered":"<p>Sonos Ace perfectionne votre exp\u00e9rience d&#039;\u00e9coute personnelle. Ressentez chaque fr\u00e9quence avec une pr\u00e9cision et une clart\u00e9 sup\u00e9rieures. Maximisez votre immersion avec un streaming sans perte, un son spatial avec suivi dynamique de la t\u00eate et une suppression active du bruit de classe mondiale. Entendez ce qui se passe autour de vous avec le mode Aware. Profitez d&#039;une autonomie allant jusqu&#039;\u00e0 30 heures, d&#039;un confort exceptionnel et d&#039;appels d&#039;une clart\u00e9 irr\u00e9prochable.<\/p>","protected":false},"featured_media":7670,"comment_status":"open","ping_status":"closed","template":"","meta":{"_acf_changed":false,"_mo_disable_npp":"","inline_featured_image":false},"product_brand":[750],"product_cat":[139,925,924,26,904,923],"product_tag":[725,726,887,19,727,728,729,730,315],"class_list":{"0":"post-4971","1":"product","2":"type-product","3":"status-publish","4":"has-post-thumbnail","6":"product_brand-sonos","7":"product_cat-headphones","8":"product_cat-noise-cancelling-headphones","9":"product_cat-over-ear-headphones","10":"product_cat-sonos","11":"product_cat-sonos-black-friday","12":"product_cat-wireless-headphones","13":"product_tag-ace","14":"product_tag-headphones-ace","15":"product_tag-sale","16":"product_tag-sonos","17":"product_tag-sonos-ace","18":"product_tag-sonos-headphones","19":"product_tag-sonos-headphones-ace","20":"product_tag-sonos-wireless-headphones","21":"product_tag-wireless-headphones","23":"first","24":"instock","25":"sale","26":"taxable","27":"shipping-taxable","28":"purchasable","29":"product-type-variable","30":"has-default-attributes"},"bundled_by":["12356","12356"],"bundle_stock_status":"instock","bundle_stock_quantity":null,"bundle_virtual":false,"bundle_layout":"","bundle_add_to_cart_form_location":"","bundle_editable_in_cart":false,"bundle_sold_individually_context":"","bundle_item_grouping":"","bundle_min_size":"","bundle_max_size":"","bundle_price":[],"bundled_items":[],"bundle_sell_ids":[],"acf":[],"ct_brands":[{"id":750,"name":"Sonos","slug":"sonos"}],"yoast_head":"<!-- This site is optimized with the Yoast SEO plugin v27.2 - https:\/\/yoast.com\/product\/yoast-seo-wordpress\/ -->\n<title>Sonos Ace Headphones - Luxe Sound<\/title>\n<meta name=\"description\" content=\"Experience premium sound with Sonos Ace headphones. Enjoy wireless freedom, rich audio quality, and sleek design for any occasion. Free Shipping!\" \/>\n<meta name=\"robots\" content=\"index, follow, max-snippet:-1, max-image-preview:large, max-video-preview:-1\" \/>\n<link rel=\"canonical\" href=\"https:\/\/luxesound.ca\/fr\/product\/sonos-ace-headphones\/\" \/>\n<meta property=\"og:locale\" content=\"fr_FR\" \/>\n<meta property=\"og:type\" content=\"article\" \/>\n<meta property=\"og:title\" content=\"Sonos Ace Headphones - Luxe Sound\" \/>\n<meta property=\"og:description\" content=\"Experience premium sound with Sonos Ace headphones. Enjoy wireless freedom, rich audio quality, and sleek design for any occasion. Free Shipping!\" \/>\n<meta property=\"og:url\" content=\"https:\/\/luxesound.ca\/fr\/product\/sonos-ace-headphones\/\" \/>\n<meta property=\"og:site_name\" content=\"Luxe Sound\" \/>\n<meta property=\"article:publisher\" content=\"https:\/\/www.facebook.com\/luxesound.ca\" \/>\n<meta property=\"article:modified_time\" content=\"2026-04-21T14:30:43+00:00\" \/>\n<meta property=\"og:image\" content=\"https:\/\/luxesound.ca\/wp-content\/uploads\/2024\/06\/Sonos-Ace-Black-1.webp\" \/>\n\t<meta property=\"og:image:width\" content=\"1200\" \/>\n\t<meta property=\"og:image:height\" content=\"800\" \/>\n\t<meta property=\"og:image:type\" content=\"image\/webp\" \/>\n<meta name=\"twitter:card\" content=\"summary_large_image\" \/>\n<meta name=\"twitter:label1\" content=\"Est. reading time\" \/>\n\t<meta name=\"twitter:data1\" content=\"1 minute\" \/>\n<script type=\"application\/ld+json\" class=\"yoast-schema-graph\">{\"@context\":\"https:\/\/schema.org\",\"@graph\":[{\"@type\":\"WebPage\",\"@id\":\"https:\/\/luxesound.ca\/product\/sonos-ace-headphones\/\",\"url\":\"https:\/\/luxesound.ca\/product\/sonos-ace-headphones\/\",\"name\":\"Sonos Ace Headphones - Luxe Sound\",\"isPartOf\":{\"@id\":\"https:\/\/luxesound.ca\/#website\"},\"primaryImageOfPage\":{\"@id\":\"https:\/\/luxesound.ca\/product\/sonos-ace-headphones\/#primaryimage\"},\"image\":{\"@id\":\"https:\/\/luxesound.ca\/product\/sonos-ace-headphones\/#primaryimage\"},\"thumbnailUrl\":\"https:\/\/luxesound.ca\/wp-content\/uploads\/2024\/06\/Sonos-Ace-Black-1.webp\",\"datePublished\":\"2024-06-07T18:22:53+00:00\",\"dateModified\":\"2026-04-21T14:30:43+00:00\",\"description\":\"Experience premium sound with Sonos Ace headphones. Enjoy wireless freedom, rich audio quality, and sleek design for any occasion. Free Shipping!\",\"breadcrumb\":{\"@id\":\"https:\/\/luxesound.ca\/product\/sonos-ace-headphones\/#breadcrumb\"},\"inLanguage\":\"fr-qc\",\"potentialAction\":[{\"@type\":\"ReadAction\",\"target\":[\"https:\/\/luxesound.ca\/product\/sonos-ace-headphones\/\"]}]},{\"@type\":\"ImageObject\",\"inLanguage\":\"fr-qc\",\"@id\":\"https:\/\/luxesound.ca\/product\/sonos-ace-headphones\/#primaryimage\",\"url\":\"https:\/\/luxesound.ca\/wp-content\/uploads\/2024\/06\/Sonos-Ace-Black-1.webp\",\"contentUrl\":\"https:\/\/luxesound.ca\/wp-content\/uploads\/2024\/06\/Sonos-Ace-Black-1.webp\",\"width\":1200,\"height\":800,\"caption\":\"Sonos Ace headphones in black on white background\"},{\"@type\":\"BreadcrumbList\",\"@id\":\"https:\/\/luxesound.ca\/product\/sonos-ace-headphones\/#breadcrumb\",\"itemListElement\":[{\"@type\":\"ListItem\",\"position\":1,\"name\":\"Home\",\"item\":\"https:\/\/luxesound.ca\/\"},{\"@type\":\"ListItem\",\"position\":2,\"name\":\"Products\",\"item\":\"https:\/\/luxesound.ca\/shop\/\"},{\"@type\":\"ListItem\",\"position\":3,\"name\":\"Sonos Ace Headphones\"}]},{\"@type\":\"WebSite\",\"@id\":\"https:\/\/luxesound.ca\/#website\",\"url\":\"https:\/\/luxesound.ca\/\",\"name\":\"Luxe Sound\",\"description\":\"The Finest Headphones &amp; Speakers. Proudly Canadian.\",\"publisher\":{\"@id\":\"https:\/\/luxesound.ca\/#organization\"},\"potentialAction\":[{\"@type\":\"SearchAction\",\"target\":{\"@type\":\"EntryPoint\",\"urlTemplate\":\"https:\/\/luxesound.ca\/?s={search_term_string}\"},\"query-input\":{\"@type\":\"PropertyValueSpecification\",\"valueRequired\":true,\"valueName\":\"search_term_string\"}}],\"inLanguage\":\"fr-qc\"},{\"@type\":\"Organization\",\"@id\":\"https:\/\/luxesound.ca\/#organization\",\"name\":\"Luxe Sound\",\"url\":\"https:\/\/luxesound.ca\/\",\"logo\":{\"@type\":\"ImageObject\",\"inLanguage\":\"fr-qc\",\"@id\":\"https:\/\/luxesound.ca\/#\/schema\/logo\/image\/\",\"url\":\"https:\/\/luxesound.ca\/wp-content\/uploads\/2024\/08\/cropped-Luxe-white-on-green.png\",\"contentUrl\":\"https:\/\/luxesound.ca\/wp-content\/uploads\/2024\/08\/cropped-Luxe-white-on-green.png\",\"width\":512,\"height\":512,\"caption\":\"Luxe Sound\"},\"image\":{\"@id\":\"https:\/\/luxesound.ca\/#\/schema\/logo\/image\/\"},\"sameAs\":[\"https:\/\/www.facebook.com\/luxesound.ca\",\"https:\/\/www.instagram.com\/luxe.sound\/\"]}]}<\/script>\n<!-- \/ Yoast SEO plugin. -->","yoast_head_json":{"title":"Sonos Ace Headphones - Luxe Sound","description":"Experience premium sound with Sonos Ace headphones. Enjoy wireless freedom, rich audio quality, and sleek design for any occasion. Free Shipping!","robots":{"index":"index","follow":"follow","max-snippet":"max-snippet:-1","max-image-preview":"max-image-preview:large","max-video-preview":"max-video-preview:-1"},"canonical":"https:\/\/luxesound.ca\/fr\/product\/sonos-ace-headphones\/","og_locale":"fr_FR","og_type":"article","og_title":"Sonos Ace Headphones - Luxe Sound","og_description":"Experience premium sound with Sonos Ace headphones. Enjoy wireless freedom, rich audio quality, and sleek design for any occasion. Free Shipping!","og_url":"https:\/\/luxesound.ca\/fr\/product\/sonos-ace-headphones\/","og_site_name":"Luxe Sound","article_publisher":"https:\/\/www.facebook.com\/luxesound.ca","article_modified_time":"2026-04-21T14:30:43+00:00","og_image":[{"width":1200,"height":800,"url":"https:\/\/luxesound.ca\/wp-content\/uploads\/2024\/06\/Sonos-Ace-Black-1.webp","type":"image\/webp"}],"twitter_card":"summary_large_image","twitter_misc":{"Est. reading time":"1 minute"},"schema":{"@context":"https:\/\/schema.org","@graph":[{"@type":"WebPage","@id":"https:\/\/luxesound.ca\/product\/sonos-ace-headphones\/","url":"https:\/\/luxesound.ca\/product\/sonos-ace-headphones\/","name":"Sonos Ace Headphones - Luxe Sound","isPartOf":{"@id":"https:\/\/luxesound.ca\/#website"},"primaryImageOfPage":{"@id":"https:\/\/luxesound.ca\/product\/sonos-ace-headphones\/#primaryimage"},"image":{"@id":"https:\/\/luxesound.ca\/product\/sonos-ace-headphones\/#primaryimage"},"thumbnailUrl":"https:\/\/luxesound.ca\/wp-content\/uploads\/2024\/06\/Sonos-Ace-Black-1.webp","datePublished":"2024-06-07T18:22:53+00:00","dateModified":"2026-04-21T14:30:43+00:00","description":"Experience premium sound with Sonos Ace headphones. Enjoy wireless freedom, rich audio quality, and sleek design for any occasion. Free Shipping!","breadcrumb":{"@id":"https:\/\/luxesound.ca\/product\/sonos-ace-headphones\/#breadcrumb"},"inLanguage":"fr-qc","potentialAction":[{"@type":"ReadAction","target":["https:\/\/luxesound.ca\/product\/sonos-ace-headphones\/"]}]},{"@type":"ImageObject","inLanguage":"fr-qc","@id":"https:\/\/luxesound.ca\/product\/sonos-ace-headphones\/#primaryimage","url":"https:\/\/luxesound.ca\/wp-content\/uploads\/2024\/06\/Sonos-Ace-Black-1.webp","contentUrl":"https:\/\/luxesound.ca\/wp-content\/uploads\/2024\/06\/Sonos-Ace-Black-1.webp","width":1200,"height":800,"caption":"Sonos Ace headphones in black on white background"},{"@type":"BreadcrumbList","@id":"https:\/\/luxesound.ca\/product\/sonos-ace-headphones\/#breadcrumb","itemListElement":[{"@type":"ListItem","position":1,"name":"Home","item":"https:\/\/luxesound.ca\/"},{"@type":"ListItem","position":2,"name":"Products","item":"https:\/\/luxesound.ca\/shop\/"},{"@type":"ListItem","position":3,"name":"Sonos Ace Headphones"}]},{"@type":"WebSite","@id":"https:\/\/luxesound.ca\/#website","url":"https:\/\/luxesound.ca\/","name":"Son luxueux","description":"Les meilleurs \u00e9couteurs et haut-parleurs. Fi\u00e8rement canadiens.","publisher":{"@id":"https:\/\/luxesound.ca\/#organization"},"potentialAction":[{"@type":"SearchAction","target":{"@type":"EntryPoint","urlTemplate":"https:\/\/luxesound.ca\/?s={search_term_string}"},"query-input":{"@type":"PropertyValueSpecification","valueRequired":true,"valueName":"search_term_string"}}],"inLanguage":"fr-qc"},{"@type":"Organization","@id":"https:\/\/luxesound.ca\/#organization","name":"Son luxueux","url":"https:\/\/luxesound.ca\/","logo":{"@type":"ImageObject","inLanguage":"fr-qc","@id":"https:\/\/luxesound.ca\/#\/schema\/logo\/image\/","url":"https:\/\/luxesound.ca\/wp-content\/uploads\/2024\/08\/cropped-Luxe-white-on-green.png","contentUrl":"https:\/\/luxesound.ca\/wp-content\/uploads\/2024\/08\/cropped-Luxe-white-on-green.png","width":512,"height":512,"caption":"Luxe Sound"},"image":{"@id":"https:\/\/luxesound.ca\/#\/schema\/logo\/image\/"},"sameAs":["https:\/\/www.facebook.com\/luxesound.ca","https:\/\/www.instagram.com\/luxe.sound\/"]}]}},"_links":{"self":[{"href":"https:\/\/luxesound.ca\/fr\/wp-json\/wp\/v2\/product\/4971","targetHints":{"allow":["GET"]}}],"collection":[{"href":"https:\/\/luxesound.ca\/fr\/wp-json\/wp\/v2\/product"}],"about":[{"href":"https:\/\/luxesound.ca\/fr\/wp-json\/wp\/v2\/types\/product"}],"replies":[{"embeddable":true,"href":"https:\/\/luxesound.ca\/fr\/wp-json\/wp\/v2\/comments?post=4971"}],"version-history":[{"count":3,"href":"https:\/\/luxesound.ca\/fr\/wp-json\/wp\/v2\/product\/4971\/revisions"}],"predecessor-version":[{"id":9658,"href":"https:\/\/luxesound.ca\/fr\/wp-json\/wp\/v2\/product\/4971\/revisions\/9658"}],"wp:featuredmedia":[{"embeddable":true,"href":"https:\/\/luxesound.ca\/fr\/wp-json\/wp\/v2\/media\/7670"}],"wp:attachment":[{"href":"https:\/\/luxesound.ca\/fr\/wp-json\/wp\/v2\/media?parent=4971"}],"wp:term":[{"taxonomy":"product_brand","embeddable":true,"href":"https:\/\/luxesound.ca\/fr\/wp-json\/wp\/v2\/product_brand?post=4971"},{"taxonomy":"product_cat","embeddable":true,"href":"https:\/\/luxesound.ca\/fr\/wp-json\/wp\/v2\/product_cat?post=4971"},{"taxonomy":"product_tag","embeddable":true,"href":"https:\/\/luxesound.ca\/fr\/wp-json\/wp\/v2\/product_tag?post=4971"}],"curies":[{"name":"wp","href":"https:\/\/api.w.org\/{rel}","templated":true}]}}