{"id":4909,"date":"2024-06-06T11:00:54","date_gmt":"2024-06-06T15:00:54","guid":{"rendered":"https:\/\/luxesound.ca\/?post_type=product&#038;p=4909"},"modified":"2026-04-20T15:12:01","modified_gmt":"2026-04-20T19:12:01","slug":"grado-gw100x-wireless-headphones","status":"publish","type":"product","link":"https:\/\/luxesound.ca\/fr\/product\/grado-gw100x-wireless-headphones\/","title":{"rendered":"Casque sans fil Grado GW100x"},"content":{"rendered":"<p class=\"p1\">Pr\u00e9sentation du casque sans fil Grado GW100x. Le GW100 est le premier casque Bluetooth ouvert au monde. Leurs bo\u00eetiers de haut-parleurs et leurs composants internes ont \u00e9t\u00e9 con\u00e7us de A \u00e0 Z, fonctionnant d\u00e9sormais en tandem pour r\u00e9duire consid\u00e9rablement le bruit qui s&#039;\u00e9chappe jusqu&#039;\u00e0 60%.** Il existe un langage de conception que l&#039;on retrouve dans tous nos casques depuis que nous avons sorti notre premier mod\u00e8le en 1991. Le GW100x continue cela, donnant l&#039;impression de faire partie de la famille au premier coup d&#039;\u0153il. Avec une batterie plus efficace et le Bluetooth 5.2, le GW100x peut d\u00e9sormais \u00e9couter de la musique pendant pr\u00e8s de deux jours d&#039;affil\u00e9e. L&#039;USB-C est d\u00e9sormais inclus, ce qui permet au casque sans fil Grado GW100x d&#039;\u00eatre conforme aux normes de charge mondiales.<\/p>","protected":false},"excerpt":{"rendered":"<p>Pr\u00e9sentation du Grado GW100x. Le GW100 est le premier casque Bluetooth ouvert au monde. Les bo\u00eetiers et les composants internes de leurs haut-parleurs ont \u00e9t\u00e9 con\u00e7us de A \u00e0 Z, fonctionnant d\u00e9sormais en tandem pour r\u00e9duire consid\u00e9rablement le bruit qui s&#039;\u00e9chappe jusqu&#039;\u00e0 60%.** Il existe un langage de conception que l&#039;on retrouve dans tous nos casques depuis que nous avons sorti notre premier mod\u00e8le en 1991. Le GW100x continue sur cette lanc\u00e9e, donnant l&#039;impression de faire partie de la famille au premier coup d&#039;\u0153il. Avec une batterie plus efficace et le Bluetooth 5.2, le GW100x peut d\u00e9sormais \u00e9couter de la musique pendant pr\u00e8s de deux jours d&#039;affil\u00e9e. L&#039;USB-C est d\u00e9sormais inclus, ce qui permet au GW100x d&#039;\u00eatre conforme aux normes de charge mondiales.<\/p>","protected":false},"featured_media":7927,"comment_status":"open","ping_status":"closed","template":"","meta":{"_acf_changed":false,"_mo_disable_npp":"","inline_featured_image":false},"product_brand":[745],"product_cat":[704,139,929,923],"product_tag":[707,719,714,705,713,716,710,712,711,708,706,717,718,198,715,709],"class_list":{"0":"post-4909","1":"product","2":"type-product","3":"status-publish","4":"has-post-thumbnail","6":"product_brand-grado-labs","7":"product_cat-grado","8":"product_cat-headphones","9":"product_cat-on-ear-headphones","10":"product_cat-wireless-headphones","11":"product_tag-bt","12":"product_tag-grado","13":"product_tag-grado-bluetooth","14":"product_tag-grado-labs","15":"product_tag-grado-wireless","16":"product_tag-grado-wireless-series","17":"product_tag-grado-x-wireless","18":"product_tag-gw-100","19":"product_tag-gw100","20":"product_tag-gw100-x","21":"product_tag-open-back","22":"product_tag-open-headphones","23":"product_tag-openback","24":"product_tag-wireless","25":"product_tag-wireless-open-back-headphones","26":"product_tag-x-series","28":"first","29":"instock","30":"taxable","31":"shipping-taxable","32":"purchasable","33":"product-type-variable","34":"has-default-attributes"},"bundled_by":[],"bundle_stock_status":"instock","bundle_stock_quantity":null,"bundle_virtual":false,"bundle_layout":"","bundle_add_to_cart_form_location":"","bundle_editable_in_cart":false,"bundle_sold_individually_context":"","bundle_item_grouping":"","bundle_min_size":"","bundle_max_size":"","bundle_price":[],"bundled_items":[],"bundle_sell_ids":[],"acf":[],"ct_brands":[{"id":745,"name":"Grado","slug":"grado-labs"}],"yoast_head":"<!-- This site is optimized with the Yoast SEO plugin v27.2 - https:\/\/yoast.com\/product\/yoast-seo-wordpress\/ -->\n<title>Grado GW100x Wireless Headphones - Luxe Sound<\/title>\n<meta name=\"description\" content=\"Enjoy rich, immersive sound with Grado GW100x Wireless Headphones. Stylish design and premium audio. Elevate your listening experience. Free Shipping!\" \/>\n<meta name=\"robots\" content=\"index, follow, max-snippet:-1, max-image-preview:large, max-video-preview:-1\" \/>\n<link rel=\"canonical\" href=\"https:\/\/luxesound.ca\/fr\/product\/grado-gw100x-wireless-headphones\/\" \/>\n<meta property=\"og:locale\" content=\"fr_FR\" \/>\n<meta property=\"og:type\" content=\"article\" \/>\n<meta property=\"og:title\" content=\"Grado GW100x Wireless Headphones - Luxe Sound\" \/>\n<meta property=\"og:description\" content=\"Enjoy rich, immersive sound with Grado GW100x Wireless Headphones. Stylish design and premium audio. Elevate your listening experience. Free Shipping!\" \/>\n<meta property=\"og:url\" content=\"https:\/\/luxesound.ca\/fr\/product\/grado-gw100x-wireless-headphones\/\" \/>\n<meta property=\"og:site_name\" content=\"Luxe Sound\" \/>\n<meta property=\"article:publisher\" content=\"https:\/\/www.facebook.com\/luxesound.ca\" \/>\n<meta property=\"article:modified_time\" content=\"2026-04-20T19:12:01+00:00\" \/>\n<meta property=\"og:image\" content=\"https:\/\/luxesound.ca\/wp-content\/uploads\/2024\/06\/Grado-GW100X-Wireless-Headphones-GW100x-Main-Front.webp?wsr\" \/>\n\t<meta property=\"og:image:width\" content=\"1200\" \/>\n\t<meta property=\"og:image:height\" content=\"800\" \/>\n\t<meta property=\"og:image:type\" content=\"image\/webp\" \/>\n<meta name=\"twitter:card\" content=\"summary_large_image\" \/>\n<meta name=\"twitter:label1\" content=\"Est. reading time\" \/>\n\t<meta name=\"twitter:data1\" content=\"1 minute\" \/>\n<script type=\"application\/ld+json\" class=\"yoast-schema-graph\">{\"@context\":\"https:\/\/schema.org\",\"@graph\":[{\"@type\":\"WebPage\",\"@id\":\"https:\/\/luxesound.ca\/product\/grado-gw100x-wireless-headphones\/\",\"url\":\"https:\/\/luxesound.ca\/product\/grado-gw100x-wireless-headphones\/\",\"name\":\"Grado GW100x Wireless Headphones - Luxe Sound\",\"isPartOf\":{\"@id\":\"https:\/\/luxesound.ca\/#website\"},\"primaryImageOfPage\":{\"@id\":\"https:\/\/luxesound.ca\/product\/grado-gw100x-wireless-headphones\/#primaryimage\"},\"image\":{\"@id\":\"https:\/\/luxesound.ca\/product\/grado-gw100x-wireless-headphones\/#primaryimage\"},\"thumbnailUrl\":\"https:\/\/luxesound.ca\/wp-content\/uploads\/2024\/06\/Grado-GW100X-Wireless-Headphones-GW100x-Main-Front.webp\",\"datePublished\":\"2024-06-06T15:00:54+00:00\",\"dateModified\":\"2026-04-20T19:12:01+00:00\",\"description\":\"Enjoy rich, immersive sound with Grado GW100x Wireless Headphones. Stylish design and premium audio. Elevate your listening experience. Free Shipping!\",\"breadcrumb\":{\"@id\":\"https:\/\/luxesound.ca\/product\/grado-gw100x-wireless-headphones\/#breadcrumb\"},\"inLanguage\":\"fr-qc\",\"potentialAction\":[{\"@type\":\"ReadAction\",\"target\":[\"https:\/\/luxesound.ca\/product\/grado-gw100x-wireless-headphones\/\"]}]},{\"@type\":\"ImageObject\",\"inLanguage\":\"fr-qc\",\"@id\":\"https:\/\/luxesound.ca\/product\/grado-gw100x-wireless-headphones\/#primaryimage\",\"url\":\"https:\/\/luxesound.ca\/wp-content\/uploads\/2024\/06\/Grado-GW100X-Wireless-Headphones-GW100x-Main-Front.webp\",\"contentUrl\":\"https:\/\/luxesound.ca\/wp-content\/uploads\/2024\/06\/Grado-GW100X-Wireless-Headphones-GW100x-Main-Front.webp\",\"width\":1200,\"height\":800,\"caption\":\"Grado GW100x wireless headphones front angle on a white background\"},{\"@type\":\"BreadcrumbList\",\"@id\":\"https:\/\/luxesound.ca\/product\/grado-gw100x-wireless-headphones\/#breadcrumb\",\"itemListElement\":[{\"@type\":\"ListItem\",\"position\":1,\"name\":\"Home\",\"item\":\"https:\/\/luxesound.ca\/\"},{\"@type\":\"ListItem\",\"position\":2,\"name\":\"Products\",\"item\":\"https:\/\/luxesound.ca\/shop\/\"},{\"@type\":\"ListItem\",\"position\":3,\"name\":\"Grado GW100x Wireless Headphones\"}]},{\"@type\":\"WebSite\",\"@id\":\"https:\/\/luxesound.ca\/#website\",\"url\":\"https:\/\/luxesound.ca\/\",\"name\":\"Luxe Sound\",\"description\":\"The Finest Headphones &amp; Speakers. Proudly Canadian.\",\"publisher\":{\"@id\":\"https:\/\/luxesound.ca\/#organization\"},\"potentialAction\":[{\"@type\":\"SearchAction\",\"target\":{\"@type\":\"EntryPoint\",\"urlTemplate\":\"https:\/\/luxesound.ca\/?s={search_term_string}\"},\"query-input\":{\"@type\":\"PropertyValueSpecification\",\"valueRequired\":true,\"valueName\":\"search_term_string\"}}],\"inLanguage\":\"fr-qc\"},{\"@type\":\"Organization\",\"@id\":\"https:\/\/luxesound.ca\/#organization\",\"name\":\"Luxe Sound\",\"url\":\"https:\/\/luxesound.ca\/\",\"logo\":{\"@type\":\"ImageObject\",\"inLanguage\":\"fr-qc\",\"@id\":\"https:\/\/luxesound.ca\/#\/schema\/logo\/image\/\",\"url\":\"https:\/\/luxesound.ca\/wp-content\/uploads\/2024\/08\/cropped-Luxe-white-on-green.png\",\"contentUrl\":\"https:\/\/luxesound.ca\/wp-content\/uploads\/2024\/08\/cropped-Luxe-white-on-green.png\",\"width\":512,\"height\":512,\"caption\":\"Luxe Sound\"},\"image\":{\"@id\":\"https:\/\/luxesound.ca\/#\/schema\/logo\/image\/\"},\"sameAs\":[\"https:\/\/www.facebook.com\/luxesound.ca\",\"https:\/\/www.instagram.com\/luxe.sound\/\"]}]}<\/script>\n<!-- \/ Yoast SEO plugin. -->","yoast_head_json":{"title":"Casque sans fil Grado GW100x - Son Luxe","description":"Profitez d&#039;un son riche et immersif avec le casque sans fil Grado GW100x. Design \u00e9l\u00e9gant et qualit\u00e9 audio exceptionnelle. Sublimez votre exp\u00e9rience d&#039;\u00e9coute. Livraison gratuite\u00a0!","robots":{"index":"index","follow":"follow","max-snippet":"max-snippet:-1","max-image-preview":"max-image-preview:large","max-video-preview":"max-video-preview:-1"},"canonical":"https:\/\/luxesound.ca\/fr\/product\/grado-gw100x-wireless-headphones\/","og_locale":"fr_FR","og_type":"article","og_title":"Grado GW100x Wireless Headphones - Luxe Sound","og_description":"Enjoy rich, immersive sound with Grado GW100x Wireless Headphones. Stylish design and premium audio. Elevate your listening experience. Free Shipping!","og_url":"https:\/\/luxesound.ca\/fr\/product\/grado-gw100x-wireless-headphones\/","og_site_name":"Luxe Sound","article_publisher":"https:\/\/www.facebook.com\/luxesound.ca","article_modified_time":"2026-04-20T19:12:01+00:00","og_image":[{"width":1200,"height":800,"url":"https:\/\/luxesound.ca\/wp-content\/uploads\/2024\/06\/Grado-GW100X-Wireless-Headphones-GW100x-Main-Front.webp?wsr","type":"image\/webp"}],"twitter_card":"summary_large_image","twitter_misc":{"Est. reading time":"1 minute"},"schema":{"@context":"https:\/\/schema.org","@graph":[{"@type":"WebPage","@id":"https:\/\/luxesound.ca\/product\/grado-gw100x-wireless-headphones\/","url":"https:\/\/luxesound.ca\/product\/grado-gw100x-wireless-headphones\/","name":"Casque sans fil Grado GW100x - Son Luxe","isPartOf":{"@id":"https:\/\/luxesound.ca\/#website"},"primaryImageOfPage":{"@id":"https:\/\/luxesound.ca\/product\/grado-gw100x-wireless-headphones\/#primaryimage"},"image":{"@id":"https:\/\/luxesound.ca\/product\/grado-gw100x-wireless-headphones\/#primaryimage"},"thumbnailUrl":"https:\/\/luxesound.ca\/wp-content\/uploads\/2024\/06\/Grado-GW100X-Wireless-Headphones-GW100x-Main-Front.webp","datePublished":"2024-06-06T15:00:54+00:00","dateModified":"2026-04-20T19:12:01+00:00","description":"Profitez d&#039;un son riche et immersif avec le casque sans fil Grado GW100x. Design \u00e9l\u00e9gant et qualit\u00e9 audio exceptionnelle. Sublimez votre exp\u00e9rience d&#039;\u00e9coute. Livraison gratuite\u00a0!","breadcrumb":{"@id":"https:\/\/luxesound.ca\/product\/grado-gw100x-wireless-headphones\/#breadcrumb"},"inLanguage":"fr-qc","potentialAction":[{"@type":"ReadAction","target":["https:\/\/luxesound.ca\/product\/grado-gw100x-wireless-headphones\/"]}]},{"@type":"ImageObject","inLanguage":"fr-qc","@id":"https:\/\/luxesound.ca\/product\/grado-gw100x-wireless-headphones\/#primaryimage","url":"https:\/\/luxesound.ca\/wp-content\/uploads\/2024\/06\/Grado-GW100X-Wireless-Headphones-GW100x-Main-Front.webp","contentUrl":"https:\/\/luxesound.ca\/wp-content\/uploads\/2024\/06\/Grado-GW100X-Wireless-Headphones-GW100x-Main-Front.webp","width":1200,"height":800,"caption":"Grado GW100x wireless headphones front angle on a white background"},{"@type":"BreadcrumbList","@id":"https:\/\/luxesound.ca\/product\/grado-gw100x-wireless-headphones\/#breadcrumb","itemListElement":[{"@type":"ListItem","position":1,"name":"Home","item":"https:\/\/luxesound.ca\/"},{"@type":"ListItem","position":2,"name":"Products","item":"https:\/\/luxesound.ca\/shop\/"},{"@type":"ListItem","position":3,"name":"Grado GW100x Wireless Headphones"}]},{"@type":"WebSite","@id":"https:\/\/luxesound.ca\/#website","url":"https:\/\/luxesound.ca\/","name":"Son luxueux","description":"Les meilleurs \u00e9couteurs et haut-parleurs. Fi\u00e8rement canadiens.","publisher":{"@id":"https:\/\/luxesound.ca\/#organization"},"potentialAction":[{"@type":"SearchAction","target":{"@type":"EntryPoint","urlTemplate":"https:\/\/luxesound.ca\/?s={search_term_string}"},"query-input":{"@type":"PropertyValueSpecification","valueRequired":true,"valueName":"search_term_string"}}],"inLanguage":"fr-qc"},{"@type":"Organization","@id":"https:\/\/luxesound.ca\/#organization","name":"Son luxueux","url":"https:\/\/luxesound.ca\/","logo":{"@type":"ImageObject","inLanguage":"fr-qc","@id":"https:\/\/luxesound.ca\/#\/schema\/logo\/image\/","url":"https:\/\/luxesound.ca\/wp-content\/uploads\/2024\/08\/cropped-Luxe-white-on-green.png","contentUrl":"https:\/\/luxesound.ca\/wp-content\/uploads\/2024\/08\/cropped-Luxe-white-on-green.png","width":512,"height":512,"caption":"Luxe Sound"},"image":{"@id":"https:\/\/luxesound.ca\/#\/schema\/logo\/image\/"},"sameAs":["https:\/\/www.facebook.com\/luxesound.ca","https:\/\/www.instagram.com\/luxe.sound\/"]}]}},"_links":{"self":[{"href":"https:\/\/luxesound.ca\/fr\/wp-json\/wp\/v2\/product\/4909","targetHints":{"allow":["GET"]}}],"collection":[{"href":"https:\/\/luxesound.ca\/fr\/wp-json\/wp\/v2\/product"}],"about":[{"href":"https:\/\/luxesound.ca\/fr\/wp-json\/wp\/v2\/types\/product"}],"replies":[{"embeddable":true,"href":"https:\/\/luxesound.ca\/fr\/wp-json\/wp\/v2\/comments?post=4909"}],"version-history":[{"count":1,"href":"https:\/\/luxesound.ca\/fr\/wp-json\/wp\/v2\/product\/4909\/revisions"}],"predecessor-version":[{"id":7929,"href":"https:\/\/luxesound.ca\/fr\/wp-json\/wp\/v2\/product\/4909\/revisions\/7929"}],"wp:featuredmedia":[{"embeddable":true,"href":"https:\/\/luxesound.ca\/fr\/wp-json\/wp\/v2\/media\/7927"}],"wp:attachment":[{"href":"https:\/\/luxesound.ca\/fr\/wp-json\/wp\/v2\/media?parent=4909"}],"wp:term":[{"taxonomy":"product_brand","embeddable":true,"href":"https:\/\/luxesound.ca\/fr\/wp-json\/wp\/v2\/product_brand?post=4909"},{"taxonomy":"product_cat","embeddable":true,"href":"https:\/\/luxesound.ca\/fr\/wp-json\/wp\/v2\/product_cat?post=4909"},{"taxonomy":"product_tag","embeddable":true,"href":"https:\/\/luxesound.ca\/fr\/wp-json\/wp\/v2\/product_tag?post=4909"}],"curies":[{"name":"wp","href":"https:\/\/api.w.org\/{rel}","templated":true}]}}