{"id":4856,"date":"2024-06-06T11:00:57","date_gmt":"2024-06-06T15:00:57","guid":{"rendered":"https:\/\/luxesound.ca\/?post_type=product&#038;p=4856"},"modified":"2026-04-20T15:12:01","modified_gmt":"2026-04-20T19:12:01","slug":"kanto-sub8vmb-8-300w-sealed-powered-subwoofer","status":"publish","type":"product","link":"https:\/\/luxesound.ca\/fr\/product\/kanto-sub8vmb-8-300w-sealed-powered-subwoofer\/","title":{"rendered":"Caisson de basses amplifi\u00e9 scell\u00e9 Kanto 8\u2033 300 W"},"content":{"rendered":"<p>Le caisson de basses amplifi\u00e9 Kanto sub8 vous offre la vitesse et la pr\u00e9cision que seul un caisson de basses scell\u00e9 peut offrir. Un woofer de 8 pouces aliment\u00e9 par un ampli de 300 W r\u00e9agit rapidement aux transitoires et r\u00e9duit la distorsion au minimum. Sa taille compacte offre un son \u00e0 gamme compl\u00e8te sans sacrifier l&#039;espace au sol et un filtre de croisement et un contr\u00f4le de phase permettent une int\u00e9gration facile dans n&#039;importe quel syst\u00e8me audio. Le Sub8 offre une long\u00e9vit\u00e9 sans souci gr\u00e2ce \u00e0 sa construction en MDF rigide, ses pieds en caoutchouc solides, sa grille en m\u00e9tal et sa finition en vinyle durable. Avec une esth\u00e9tique assortie, le sub8 est le compagnon id\u00e9al de n&#039;importe quelle enceinte Kanto ou partout o\u00f9 des basses serr\u00e9es dans un espace restreint sont n\u00e9cessaires.<\/p>","protected":false},"excerpt":{"rendered":"<p>Le caisson de basses amplifi\u00e9 Kanto sub8 vous offre la vitesse et la pr\u00e9cision que seul un caisson de basses scell\u00e9 peut offrir. Un woofer de 8 pouces aliment\u00e9 par un ampli de 300 W r\u00e9agit rapidement aux transitoires et r\u00e9duit la distorsion au minimum. Sa taille compacte offre un son \u00e0 gamme compl\u00e8te sans sacrifier l&#039;espace au sol et un filtre de croisement et un contr\u00f4le de phase permettent une int\u00e9gration facile dans n&#039;importe quel syst\u00e8me audio. Le Sub8 offre une long\u00e9vit\u00e9 sans souci gr\u00e2ce \u00e0 sa construction en MDF rigide, ses pieds en caoutchouc solides, sa grille en m\u00e9tal et sa finition en vinyle durable. Avec une esth\u00e9tique assortie, le sub8 est le compagnon id\u00e9al de n&#039;importe quelle enceinte Kanto ou partout o\u00f9 des basses serr\u00e9es dans un espace restreint sont n\u00e9cessaires.<\/p>","protected":false},"featured_media":7868,"comment_status":"open","ping_status":"closed","template":"","meta":{"_acf_changed":false,"_mo_disable_npp":"","inline_featured_image":false},"product_brand":[746],"product_cat":[36,554,909,739],"product_tag":[657,645,647,200,658,654,648,655,660,653,661,644,651,646,574,609,649,650,552,659,656,193,86,551,643,108,652],"class_list":{"0":"post-4856","1":"product","2":"type-product","3":"status-publish","4":"has-post-thumbnail","6":"product_brand-kanto","7":"product_cat-accessories","8":"product_cat-kanto","9":"product_cat-kanto-black-friday","10":"product_cat-subwoofers","11":"product_tag-300w","12":"product_tag-645","13":"product_tag-8-inch","14":"product_tag-audio","15":"product_tag-bass","16":"product_tag-class","17":"product_tag-cross-over","18":"product_tag-d","19":"product_tag-deep","20":"product_tag-driver","21":"product_tag-entertainment","22":"product_tag-extension","23":"product_tag-home","24":"product_tag-inch","25":"product_tag-kanto","26":"product_tag-kanto-audio","27":"product_tag-loud","28":"product_tag-music","29":"product_tag-powered","30":"product_tag-punch","31":"product_tag-sealed","32":"product_tag-sound","33":"product_tag-speaker","34":"product_tag-speakers","35":"product_tag-sub","36":"product_tag-subwoofer","37":"product_tag-theater","38":"pa_colour-matte-black","39":"pa_colour-matte-white","41":"first","42":"instock","43":"taxable","44":"shipping-taxable","45":"purchasable","46":"product-type-variable","47":"has-default-attributes"},"bundled_by":[],"bundle_stock_status":"instock","bundle_stock_quantity":null,"bundle_virtual":false,"bundle_layout":"","bundle_add_to_cart_form_location":"","bundle_editable_in_cart":false,"bundle_sold_individually_context":"","bundle_item_grouping":"","bundle_min_size":"","bundle_max_size":"","bundle_price":[],"bundled_items":[],"bundle_sell_ids":[],"acf":[],"ct_brands":[{"id":746,"name":"Kanto","slug":"kanto"}],"yoast_head":"<!-- This site is optimized with the Yoast SEO plugin v27.2 - https:\/\/yoast.com\/product\/yoast-seo-wordpress\/ -->\n<title>Kanto 8&quot; 300W Sealed Powered Subwoofer - Luxe Sound<\/title>\n<meta name=\"description\" content=\"Feel deep, powerful bass with the Kanto sub8 Powered subwoofer. Compact and robust, perfect for enhancing your audio. Free Shipping!\" \/>\n<meta name=\"robots\" content=\"index, follow, max-snippet:-1, max-image-preview:large, max-video-preview:-1\" \/>\n<link rel=\"canonical\" href=\"https:\/\/luxesound.ca\/fr\/product\/kanto-sub8vmb-8-300w-sealed-powered-subwoofer\/\" \/>\n<meta property=\"og:locale\" content=\"fr_FR\" \/>\n<meta property=\"og:type\" content=\"article\" \/>\n<meta property=\"og:title\" content=\"Kanto 8&quot; 300W Sealed Powered Subwoofer - Luxe Sound\" \/>\n<meta property=\"og:description\" content=\"Feel deep, powerful bass with the Kanto sub8 Powered subwoofer. Compact and robust, perfect for enhancing your audio. Free Shipping!\" \/>\n<meta property=\"og:url\" content=\"https:\/\/luxesound.ca\/fr\/product\/kanto-sub8vmb-8-300w-sealed-powered-subwoofer\/\" \/>\n<meta property=\"og:site_name\" content=\"Luxe Sound\" \/>\n<meta property=\"article:publisher\" content=\"https:\/\/www.facebook.com\/luxesound.ca\" \/>\n<meta property=\"article:modified_time\" content=\"2026-04-20T19:12:01+00:00\" \/>\n<meta property=\"og:image\" content=\"https:\/\/luxesound.ca\/wp-content\/uploads\/2024\/06\/Kanto-sub8-Powered-subwoofer-SUB8VMB_IMG01_MainLeft.webp\" \/>\n\t<meta property=\"og:image:width\" content=\"1200\" \/>\n\t<meta property=\"og:image:height\" content=\"800\" \/>\n\t<meta property=\"og:image:type\" content=\"image\/webp\" \/>\n<meta name=\"twitter:card\" content=\"summary_large_image\" \/>\n<meta name=\"twitter:label1\" content=\"Est. reading time\" \/>\n\t<meta name=\"twitter:data1\" content=\"1 minute\" \/>\n<script type=\"application\/ld+json\" class=\"yoast-schema-graph\">{\"@context\":\"https:\/\/schema.org\",\"@graph\":[{\"@type\":\"WebPage\",\"@id\":\"https:\/\/luxesound.ca\/product\/kanto-sub8vmb-8-300w-sealed-powered-subwoofer\/\",\"url\":\"https:\/\/luxesound.ca\/product\/kanto-sub8vmb-8-300w-sealed-powered-subwoofer\/\",\"name\":\"Kanto 8\\\" 300W Sealed Powered Subwoofer - Luxe Sound\",\"isPartOf\":{\"@id\":\"https:\/\/luxesound.ca\/#website\"},\"primaryImageOfPage\":{\"@id\":\"https:\/\/luxesound.ca\/product\/kanto-sub8vmb-8-300w-sealed-powered-subwoofer\/#primaryimage\"},\"image\":{\"@id\":\"https:\/\/luxesound.ca\/product\/kanto-sub8vmb-8-300w-sealed-powered-subwoofer\/#primaryimage\"},\"thumbnailUrl\":\"https:\/\/luxesound.ca\/wp-content\/uploads\/2024\/06\/Kanto-sub8-Powered-subwoofer-SUB8VMB_IMG01_MainLeft.webp\",\"datePublished\":\"2024-06-06T15:00:57+00:00\",\"dateModified\":\"2026-04-20T19:12:01+00:00\",\"description\":\"Feel deep, powerful bass with the Kanto sub8 Powered subwoofer. Compact and robust, perfect for enhancing your audio. Free Shipping!\",\"breadcrumb\":{\"@id\":\"https:\/\/luxesound.ca\/product\/kanto-sub8vmb-8-300w-sealed-powered-subwoofer\/#breadcrumb\"},\"inLanguage\":\"fr-qc\",\"potentialAction\":[{\"@type\":\"ReadAction\",\"target\":[\"https:\/\/luxesound.ca\/product\/kanto-sub8vmb-8-300w-sealed-powered-subwoofer\/\"]}]},{\"@type\":\"ImageObject\",\"inLanguage\":\"fr-qc\",\"@id\":\"https:\/\/luxesound.ca\/product\/kanto-sub8vmb-8-300w-sealed-powered-subwoofer\/#primaryimage\",\"url\":\"https:\/\/luxesound.ca\/wp-content\/uploads\/2024\/06\/Kanto-sub8-Powered-subwoofer-SUB8VMB_IMG01_MainLeft.webp\",\"contentUrl\":\"https:\/\/luxesound.ca\/wp-content\/uploads\/2024\/06\/Kanto-sub8-Powered-subwoofer-SUB8VMB_IMG01_MainLeft.webp\",\"width\":1200,\"height\":800,\"caption\":\"Kanto sub8 Powered subwoofer, in black, angled left on white background\"},{\"@type\":\"BreadcrumbList\",\"@id\":\"https:\/\/luxesound.ca\/product\/kanto-sub8vmb-8-300w-sealed-powered-subwoofer\/#breadcrumb\",\"itemListElement\":[{\"@type\":\"ListItem\",\"position\":1,\"name\":\"Home\",\"item\":\"https:\/\/luxesound.ca\/\"},{\"@type\":\"ListItem\",\"position\":2,\"name\":\"Products\",\"item\":\"https:\/\/luxesound.ca\/shop\/\"},{\"@type\":\"ListItem\",\"position\":3,\"name\":\"Kanto 8&#8243; 300W Sealed Powered Subwoofer\"}]},{\"@type\":\"WebSite\",\"@id\":\"https:\/\/luxesound.ca\/#website\",\"url\":\"https:\/\/luxesound.ca\/\",\"name\":\"Luxe Sound\",\"description\":\"The Finest Headphones &amp; Speakers. Proudly Canadian.\",\"publisher\":{\"@id\":\"https:\/\/luxesound.ca\/#organization\"},\"potentialAction\":[{\"@type\":\"SearchAction\",\"target\":{\"@type\":\"EntryPoint\",\"urlTemplate\":\"https:\/\/luxesound.ca\/?s={search_term_string}\"},\"query-input\":{\"@type\":\"PropertyValueSpecification\",\"valueRequired\":true,\"valueName\":\"search_term_string\"}}],\"inLanguage\":\"fr-qc\"},{\"@type\":\"Organization\",\"@id\":\"https:\/\/luxesound.ca\/#organization\",\"name\":\"Luxe Sound\",\"url\":\"https:\/\/luxesound.ca\/\",\"logo\":{\"@type\":\"ImageObject\",\"inLanguage\":\"fr-qc\",\"@id\":\"https:\/\/luxesound.ca\/#\/schema\/logo\/image\/\",\"url\":\"https:\/\/luxesound.ca\/wp-content\/uploads\/2024\/08\/cropped-Luxe-white-on-green.png\",\"contentUrl\":\"https:\/\/luxesound.ca\/wp-content\/uploads\/2024\/08\/cropped-Luxe-white-on-green.png\",\"width\":512,\"height\":512,\"caption\":\"Luxe Sound\"},\"image\":{\"@id\":\"https:\/\/luxesound.ca\/#\/schema\/logo\/image\/\"},\"sameAs\":[\"https:\/\/www.facebook.com\/luxesound.ca\",\"https:\/\/www.instagram.com\/luxe.sound\/\"]}]}<\/script>\n<!-- \/ Yoast SEO plugin. -->","yoast_head_json":{"title":"Kanto 8\" 300W Sealed Powered Subwoofer - Luxe Sound","description":"Feel deep, powerful bass with the Kanto sub8 Powered subwoofer. Compact and robust, perfect for enhancing your audio. Free Shipping!","robots":{"index":"index","follow":"follow","max-snippet":"max-snippet:-1","max-image-preview":"max-image-preview:large","max-video-preview":"max-video-preview:-1"},"canonical":"https:\/\/luxesound.ca\/fr\/product\/kanto-sub8vmb-8-300w-sealed-powered-subwoofer\/","og_locale":"fr_FR","og_type":"article","og_title":"Kanto 8\" 300W Sealed Powered Subwoofer - Luxe Sound","og_description":"Feel deep, powerful bass with the Kanto sub8 Powered subwoofer. Compact and robust, perfect for enhancing your audio. Free Shipping!","og_url":"https:\/\/luxesound.ca\/fr\/product\/kanto-sub8vmb-8-300w-sealed-powered-subwoofer\/","og_site_name":"Luxe Sound","article_publisher":"https:\/\/www.facebook.com\/luxesound.ca","article_modified_time":"2026-04-20T19:12:01+00:00","og_image":[{"width":1200,"height":800,"url":"https:\/\/luxesound.ca\/wp-content\/uploads\/2024\/06\/Kanto-sub8-Powered-subwoofer-SUB8VMB_IMG01_MainLeft.webp","type":"image\/webp"}],"twitter_card":"summary_large_image","twitter_misc":{"Est. reading time":"1 minute"},"schema":{"@context":"https:\/\/schema.org","@graph":[{"@type":"WebPage","@id":"https:\/\/luxesound.ca\/product\/kanto-sub8vmb-8-300w-sealed-powered-subwoofer\/","url":"https:\/\/luxesound.ca\/product\/kanto-sub8vmb-8-300w-sealed-powered-subwoofer\/","name":"Kanto 8\" 300W Sealed Powered Subwoofer - Luxe Sound","isPartOf":{"@id":"https:\/\/luxesound.ca\/#website"},"primaryImageOfPage":{"@id":"https:\/\/luxesound.ca\/product\/kanto-sub8vmb-8-300w-sealed-powered-subwoofer\/#primaryimage"},"image":{"@id":"https:\/\/luxesound.ca\/product\/kanto-sub8vmb-8-300w-sealed-powered-subwoofer\/#primaryimage"},"thumbnailUrl":"https:\/\/luxesound.ca\/wp-content\/uploads\/2024\/06\/Kanto-sub8-Powered-subwoofer-SUB8VMB_IMG01_MainLeft.webp","datePublished":"2024-06-06T15:00:57+00:00","dateModified":"2026-04-20T19:12:01+00:00","description":"Feel deep, powerful bass with the Kanto sub8 Powered subwoofer. Compact and robust, perfect for enhancing your audio. Free Shipping!","breadcrumb":{"@id":"https:\/\/luxesound.ca\/product\/kanto-sub8vmb-8-300w-sealed-powered-subwoofer\/#breadcrumb"},"inLanguage":"fr-qc","potentialAction":[{"@type":"ReadAction","target":["https:\/\/luxesound.ca\/product\/kanto-sub8vmb-8-300w-sealed-powered-subwoofer\/"]}]},{"@type":"ImageObject","inLanguage":"fr-qc","@id":"https:\/\/luxesound.ca\/product\/kanto-sub8vmb-8-300w-sealed-powered-subwoofer\/#primaryimage","url":"https:\/\/luxesound.ca\/wp-content\/uploads\/2024\/06\/Kanto-sub8-Powered-subwoofer-SUB8VMB_IMG01_MainLeft.webp","contentUrl":"https:\/\/luxesound.ca\/wp-content\/uploads\/2024\/06\/Kanto-sub8-Powered-subwoofer-SUB8VMB_IMG01_MainLeft.webp","width":1200,"height":800,"caption":"Kanto sub8 Powered subwoofer, in black, angled left on white background"},{"@type":"BreadcrumbList","@id":"https:\/\/luxesound.ca\/product\/kanto-sub8vmb-8-300w-sealed-powered-subwoofer\/#breadcrumb","itemListElement":[{"@type":"ListItem","position":1,"name":"Home","item":"https:\/\/luxesound.ca\/"},{"@type":"ListItem","position":2,"name":"Products","item":"https:\/\/luxesound.ca\/shop\/"},{"@type":"ListItem","position":3,"name":"Kanto 8&#8243; 300W Sealed Powered Subwoofer"}]},{"@type":"WebSite","@id":"https:\/\/luxesound.ca\/#website","url":"https:\/\/luxesound.ca\/","name":"Son luxueux","description":"Les meilleurs \u00e9couteurs et haut-parleurs. Fi\u00e8rement canadiens.","publisher":{"@id":"https:\/\/luxesound.ca\/#organization"},"potentialAction":[{"@type":"SearchAction","target":{"@type":"EntryPoint","urlTemplate":"https:\/\/luxesound.ca\/?s={search_term_string}"},"query-input":{"@type":"PropertyValueSpecification","valueRequired":true,"valueName":"search_term_string"}}],"inLanguage":"fr-qc"},{"@type":"Organization","@id":"https:\/\/luxesound.ca\/#organization","name":"Son luxueux","url":"https:\/\/luxesound.ca\/","logo":{"@type":"ImageObject","inLanguage":"fr-qc","@id":"https:\/\/luxesound.ca\/#\/schema\/logo\/image\/","url":"https:\/\/luxesound.ca\/wp-content\/uploads\/2024\/08\/cropped-Luxe-white-on-green.png","contentUrl":"https:\/\/luxesound.ca\/wp-content\/uploads\/2024\/08\/cropped-Luxe-white-on-green.png","width":512,"height":512,"caption":"Luxe Sound"},"image":{"@id":"https:\/\/luxesound.ca\/#\/schema\/logo\/image\/"},"sameAs":["https:\/\/www.facebook.com\/luxesound.ca","https:\/\/www.instagram.com\/luxe.sound\/"]}]}},"_links":{"self":[{"href":"https:\/\/luxesound.ca\/fr\/wp-json\/wp\/v2\/product\/4856","targetHints":{"allow":["GET"]}}],"collection":[{"href":"https:\/\/luxesound.ca\/fr\/wp-json\/wp\/v2\/product"}],"about":[{"href":"https:\/\/luxesound.ca\/fr\/wp-json\/wp\/v2\/types\/product"}],"replies":[{"embeddable":true,"href":"https:\/\/luxesound.ca\/fr\/wp-json\/wp\/v2\/comments?post=4856"}],"version-history":[{"count":1,"href":"https:\/\/luxesound.ca\/fr\/wp-json\/wp\/v2\/product\/4856\/revisions"}],"predecessor-version":[{"id":7876,"href":"https:\/\/luxesound.ca\/fr\/wp-json\/wp\/v2\/product\/4856\/revisions\/7876"}],"wp:featuredmedia":[{"embeddable":true,"href":"https:\/\/luxesound.ca\/fr\/wp-json\/wp\/v2\/media\/7868"}],"wp:attachment":[{"href":"https:\/\/luxesound.ca\/fr\/wp-json\/wp\/v2\/media?parent=4856"}],"wp:term":[{"taxonomy":"product_brand","embeddable":true,"href":"https:\/\/luxesound.ca\/fr\/wp-json\/wp\/v2\/product_brand?post=4856"},{"taxonomy":"product_cat","embeddable":true,"href":"https:\/\/luxesound.ca\/fr\/wp-json\/wp\/v2\/product_cat?post=4856"},{"taxonomy":"product_tag","embeddable":true,"href":"https:\/\/luxesound.ca\/fr\/wp-json\/wp\/v2\/product_tag?post=4856"}],"curies":[{"name":"wp","href":"https:\/\/api.w.org\/{rel}","templated":true}]}}