{"id":4824,"date":"2024-06-06T11:01:00","date_gmt":"2024-06-06T15:01:00","guid":{"rendered":"https:\/\/luxesound.ca\/?post_type=product&#038;p=4824"},"modified":"2026-04-20T15:12:01","modified_gmt":"2026-04-20T19:12:01","slug":"kanto-sp32pl-32-bookshelf-speaker-swiveling-floor-stands","status":"publish","type":"product","link":"https:\/\/luxesound.ca\/fr\/product\/kanto-sp32pl-32-bookshelf-speaker-swiveling-floor-stands\/","title":{"rendered":"Supports pivotants pour enceintes de biblioth\u00e8que Kanto 32 po \u2013 Paire"},"content":{"rendered":"<p>Tirez le meilleur parti de vos enceintes avec les supports d&#039;enceintes pivotants Kanto 32 pouces. Disponibles en mod\u00e8les de 26 et 32 pouces, ces supports d&#039;enceintes \u00e0 profil bas sont dot\u00e9s d&#039;une plaque sup\u00e9rieure rotative pour garantir que chaque son parvienne \u00e0 vos oreilles. Chaque support est construit en acier robuste pour r\u00e9duire les vibrations ind\u00e9sirables et comporte un noyau creux pour dissimuler les c\u00e2bles et les fils d&#039;enceinte. Pour une stabilit\u00e9 maximale, deux tailles de plaque sup\u00e9rieure sont fournies, chacune avec un trou de montage et une vis \u00bc&quot; - 20 pour fixer vos enceintes YU4, YU6 ou autres enceintes compatibles en place. Des pieds \u00e0 pointes et en forme de d\u00f4me interchangeables sont \u00e9galement inclus pour les tapis et les planchers de bois franc.<\/p>","protected":false},"excerpt":{"rendered":"<p>Tirez le meilleur parti de vos enceintes avec les supports d&#039;enceintes pivotants Kanto 32 pouces. Disponibles en mod\u00e8les de 26 et 32 pouces, ces supports d&#039;enceintes \u00e0 profil bas sont dot\u00e9s d&#039;une plaque sup\u00e9rieure rotative pour garantir que chaque son parvienne \u00e0 vos oreilles. Chaque support est construit en acier robuste pour r\u00e9duire les vibrations ind\u00e9sirables et comporte un noyau creux pour dissimuler les c\u00e2bles et les fils d&#039;enceinte. Pour une stabilit\u00e9 maximale, deux tailles de plaque sup\u00e9rieure sont fournies, chacune avec un trou de montage et une vis \u00bc&quot; - 20 pour fixer vos enceintes YU4, YU6 ou autres enceintes compatibles en place. Des pieds \u00e0 pointes et en forme de d\u00f4me interchangeables sont \u00e9galement inclus pour les tapis et les planchers de bois franc.<\/p>","protected":false},"featured_media":7785,"comment_status":"open","ping_status":"closed","template":"","meta":{"_acf_changed":false,"_mo_disable_npp":"","inline_featured_image":false},"product_brand":[746],"product_cat":[36,554,737,773],"product_tag":[634,637,613,614,625,630,619,638,135,574,609,616,631,278,615,636,635,633,610,639,632,612,640],"class_list":{"0":"post-4824","1":"product","2":"type-product","3":"status-publish","4":"has-post-thumbnail","6":"product_brand-kanto","7":"product_cat-accessories","8":"product_cat-kanto","9":"product_cat-speaker-stands","10":"product_cat-stands-mounts","11":"product_tag-adjustable-feet","12":"product_tag-angle","13":"product_tag-angled","14":"product_tag-better-sound","15":"product_tag-bookshelf-speaker","16":"product_tag-floor-stands","17":"product_tag-foam-isolation","18":"product_tag-heavy-duty","19":"product_tag-home-theater","20":"product_tag-kanto","21":"product_tag-kanto-audio","22":"product_tag-pair","23":"product_tag-passive-speaker-stands","24":"product_tag-powered-speakers","25":"product_tag-reduced-resonance","26":"product_tag-rotate","27":"product_tag-sound-isolation","28":"product_tag-speaker-attachment","29":"product_tag-speaker-stands","30":"product_tag-steel-base","31":"product_tag-sturdy-floor-stand","32":"product_tag-tilted","33":"product_tag-tv-speaker-stands","34":"pa_colour-black","35":"pa_colour-white","37":"first","38":"instock","39":"taxable","40":"shipping-taxable","41":"purchasable","42":"product-type-variable","43":"has-default-attributes"},"bundled_by":[],"bundle_stock_status":"instock","bundle_stock_quantity":null,"bundle_virtual":false,"bundle_layout":"","bundle_add_to_cart_form_location":"","bundle_editable_in_cart":false,"bundle_sold_individually_context":"","bundle_item_grouping":"","bundle_min_size":"","bundle_max_size":"","bundle_price":[],"bundled_items":[],"bundle_sell_ids":[],"acf":[],"ct_brands":[{"id":746,"name":"Kanto","slug":"kanto"}],"yoast_head":"<!-- This site is optimized with the Yoast SEO plugin v27.2 - https:\/\/yoast.com\/product\/yoast-seo-wordpress\/ -->\n<title>Kanto 32&quot; Bookshelf Speaker Swiveling Floor Stands - Pair - Luxe Sound<\/title>\n<meta name=\"description\" content=\"Maximize your audio with Kanto 32&quot; Bookshelf Speaker Swivelling Floor Stands. Adjustable and modern, perfect for bookshelf speakers. Free Shipping!\" \/>\n<meta name=\"robots\" content=\"index, follow, max-snippet:-1, max-image-preview:large, max-video-preview:-1\" \/>\n<link rel=\"canonical\" href=\"https:\/\/luxesound.ca\/fr\/product\/kanto-sp32pl-32-bookshelf-speaker-swiveling-floor-stands\/\" \/>\n<meta property=\"og:locale\" content=\"fr_FR\" \/>\n<meta property=\"og:type\" content=\"article\" \/>\n<meta property=\"og:title\" content=\"Kanto 32&quot; Bookshelf Speaker Swiveling Floor Stands - Pair - Luxe Sound\" \/>\n<meta property=\"og:description\" content=\"Maximize your audio with Kanto 32&quot; Bookshelf Speaker Swivelling Floor Stands. Adjustable and modern, perfect for bookshelf speakers. Free Shipping!\" \/>\n<meta property=\"og:url\" content=\"https:\/\/luxesound.ca\/fr\/product\/kanto-sp32pl-32-bookshelf-speaker-swiveling-floor-stands\/\" \/>\n<meta property=\"og:site_name\" content=\"Luxe Sound\" \/>\n<meta property=\"article:publisher\" content=\"https:\/\/www.facebook.com\/luxesound.ca\" \/>\n<meta property=\"article:modified_time\" content=\"2026-04-20T19:12:01+00:00\" \/>\n<meta property=\"og:image\" content=\"https:\/\/luxesound.ca\/wp-content\/uploads\/2024\/06\/Kanto-3222-Bookshelf-Speaker-Swivelling-Floor-Stands-SP32PL_IMG03_Back.webp?wsr\" \/>\n\t<meta property=\"og:image:width\" content=\"1200\" \/>\n\t<meta property=\"og:image:height\" content=\"800\" \/>\n\t<meta property=\"og:image:type\" content=\"image\/webp\" \/>\n<meta name=\"twitter:card\" content=\"summary_large_image\" \/>\n<meta name=\"twitter:label1\" content=\"Est. reading time\" \/>\n\t<meta name=\"twitter:data1\" content=\"1 minute\" \/>\n<script type=\"application\/ld+json\" class=\"yoast-schema-graph\">{\"@context\":\"https:\/\/schema.org\",\"@graph\":[{\"@type\":\"WebPage\",\"@id\":\"https:\/\/luxesound.ca\/product\/kanto-sp32pl-32-bookshelf-speaker-swiveling-floor-stands\/\",\"url\":\"https:\/\/luxesound.ca\/product\/kanto-sp32pl-32-bookshelf-speaker-swiveling-floor-stands\/\",\"name\":\"Kanto 32\\\" Bookshelf Speaker Swiveling Floor Stands - Pair - Luxe Sound\",\"isPartOf\":{\"@id\":\"https:\/\/luxesound.ca\/#website\"},\"primaryImageOfPage\":{\"@id\":\"https:\/\/luxesound.ca\/product\/kanto-sp32pl-32-bookshelf-speaker-swiveling-floor-stands\/#primaryimage\"},\"image\":{\"@id\":\"https:\/\/luxesound.ca\/product\/kanto-sp32pl-32-bookshelf-speaker-swiveling-floor-stands\/#primaryimage\"},\"thumbnailUrl\":\"https:\/\/luxesound.ca\/wp-content\/uploads\/2024\/06\/Kanto-3222-Bookshelf-Speaker-Swivelling-Floor-Stands-SP32PL_IMG03_Back.webp\",\"datePublished\":\"2024-06-06T15:01:00+00:00\",\"dateModified\":\"2026-04-20T19:12:01+00:00\",\"description\":\"Maximize your audio with Kanto 32\\\" Bookshelf Speaker Swivelling Floor Stands. Adjustable and modern, perfect for bookshelf speakers. Free Shipping!\",\"breadcrumb\":{\"@id\":\"https:\/\/luxesound.ca\/product\/kanto-sp32pl-32-bookshelf-speaker-swiveling-floor-stands\/#breadcrumb\"},\"inLanguage\":\"fr-qc\",\"potentialAction\":[{\"@type\":\"ReadAction\",\"target\":[\"https:\/\/luxesound.ca\/product\/kanto-sp32pl-32-bookshelf-speaker-swiveling-floor-stands\/\"]}]},{\"@type\":\"ImageObject\",\"inLanguage\":\"fr-qc\",\"@id\":\"https:\/\/luxesound.ca\/product\/kanto-sp32pl-32-bookshelf-speaker-swiveling-floor-stands\/#primaryimage\",\"url\":\"https:\/\/luxesound.ca\/wp-content\/uploads\/2024\/06\/Kanto-3222-Bookshelf-Speaker-Swivelling-Floor-Stands-SP32PL_IMG03_Back.webp\",\"contentUrl\":\"https:\/\/luxesound.ca\/wp-content\/uploads\/2024\/06\/Kanto-3222-Bookshelf-Speaker-Swivelling-Floor-Stands-SP32PL_IMG03_Back.webp\",\"width\":1200,\"height\":800,\"caption\":\"Kanto 32\\\" Bookshelf Speaker Swivelling Floor Stand in black on white background\"},{\"@type\":\"BreadcrumbList\",\"@id\":\"https:\/\/luxesound.ca\/product\/kanto-sp32pl-32-bookshelf-speaker-swiveling-floor-stands\/#breadcrumb\",\"itemListElement\":[{\"@type\":\"ListItem\",\"position\":1,\"name\":\"Home\",\"item\":\"https:\/\/luxesound.ca\/\"},{\"@type\":\"ListItem\",\"position\":2,\"name\":\"Products\",\"item\":\"https:\/\/luxesound.ca\/shop\/\"},{\"@type\":\"ListItem\",\"position\":3,\"name\":\"Kanto 32&#8243; Bookshelf Speaker Swiveling Floor Stands &#8211; Pair\"}]},{\"@type\":\"WebSite\",\"@id\":\"https:\/\/luxesound.ca\/#website\",\"url\":\"https:\/\/luxesound.ca\/\",\"name\":\"Luxe Sound\",\"description\":\"The Finest Headphones &amp; Speakers. Proudly Canadian.\",\"publisher\":{\"@id\":\"https:\/\/luxesound.ca\/#organization\"},\"potentialAction\":[{\"@type\":\"SearchAction\",\"target\":{\"@type\":\"EntryPoint\",\"urlTemplate\":\"https:\/\/luxesound.ca\/?s={search_term_string}\"},\"query-input\":{\"@type\":\"PropertyValueSpecification\",\"valueRequired\":true,\"valueName\":\"search_term_string\"}}],\"inLanguage\":\"fr-qc\"},{\"@type\":\"Organization\",\"@id\":\"https:\/\/luxesound.ca\/#organization\",\"name\":\"Luxe Sound\",\"url\":\"https:\/\/luxesound.ca\/\",\"logo\":{\"@type\":\"ImageObject\",\"inLanguage\":\"fr-qc\",\"@id\":\"https:\/\/luxesound.ca\/#\/schema\/logo\/image\/\",\"url\":\"https:\/\/luxesound.ca\/wp-content\/uploads\/2024\/08\/cropped-Luxe-white-on-green.png\",\"contentUrl\":\"https:\/\/luxesound.ca\/wp-content\/uploads\/2024\/08\/cropped-Luxe-white-on-green.png\",\"width\":512,\"height\":512,\"caption\":\"Luxe Sound\"},\"image\":{\"@id\":\"https:\/\/luxesound.ca\/#\/schema\/logo\/image\/\"},\"sameAs\":[\"https:\/\/www.facebook.com\/luxesound.ca\",\"https:\/\/www.instagram.com\/luxe.sound\/\"]}]}<\/script>\n<!-- \/ Yoast SEO plugin. -->","yoast_head_json":{"title":"Supports pivotants pour enceintes biblioth\u00e8que Kanto 32&quot; - Paire - Luxe Sound","description":"Optimisez votre son avec les supports d&#039;enceintes biblioth\u00e8que pivotants Kanto 32&quot;. R\u00e9glables et modernes, ils sont parfaits pour les enceintes biblioth\u00e8que. Livraison gratuite !","robots":{"index":"index","follow":"follow","max-snippet":"max-snippet:-1","max-image-preview":"max-image-preview:large","max-video-preview":"max-video-preview:-1"},"canonical":"https:\/\/luxesound.ca\/fr\/product\/kanto-sp32pl-32-bookshelf-speaker-swiveling-floor-stands\/","og_locale":"fr_FR","og_type":"article","og_title":"Kanto 32\" Bookshelf Speaker Swiveling Floor Stands - Pair - Luxe Sound","og_description":"Maximize your audio with Kanto 32\" Bookshelf Speaker Swivelling Floor Stands. Adjustable and modern, perfect for bookshelf speakers. Free Shipping!","og_url":"https:\/\/luxesound.ca\/fr\/product\/kanto-sp32pl-32-bookshelf-speaker-swiveling-floor-stands\/","og_site_name":"Luxe Sound","article_publisher":"https:\/\/www.facebook.com\/luxesound.ca","article_modified_time":"2026-04-20T19:12:01+00:00","og_image":[{"width":1200,"height":800,"url":"https:\/\/luxesound.ca\/wp-content\/uploads\/2024\/06\/Kanto-3222-Bookshelf-Speaker-Swivelling-Floor-Stands-SP32PL_IMG03_Back.webp?wsr","type":"image\/webp"}],"twitter_card":"summary_large_image","twitter_misc":{"Est. reading time":"1 minute"},"schema":{"@context":"https:\/\/schema.org","@graph":[{"@type":"WebPage","@id":"https:\/\/luxesound.ca\/product\/kanto-sp32pl-32-bookshelf-speaker-swiveling-floor-stands\/","url":"https:\/\/luxesound.ca\/product\/kanto-sp32pl-32-bookshelf-speaker-swiveling-floor-stands\/","name":"Supports pivotants pour enceintes biblioth\u00e8que Kanto 32&quot; - Paire - Luxe Sound","isPartOf":{"@id":"https:\/\/luxesound.ca\/#website"},"primaryImageOfPage":{"@id":"https:\/\/luxesound.ca\/product\/kanto-sp32pl-32-bookshelf-speaker-swiveling-floor-stands\/#primaryimage"},"image":{"@id":"https:\/\/luxesound.ca\/product\/kanto-sp32pl-32-bookshelf-speaker-swiveling-floor-stands\/#primaryimage"},"thumbnailUrl":"https:\/\/luxesound.ca\/wp-content\/uploads\/2024\/06\/Kanto-3222-Bookshelf-Speaker-Swivelling-Floor-Stands-SP32PL_IMG03_Back.webp","datePublished":"2024-06-06T15:01:00+00:00","dateModified":"2026-04-20T19:12:01+00:00","description":"Optimisez votre son avec les supports d&#039;enceintes biblioth\u00e8que pivotants Kanto 32&quot;. R\u00e9glables et modernes, ils sont parfaits pour les enceintes biblioth\u00e8que. Livraison gratuite !","breadcrumb":{"@id":"https:\/\/luxesound.ca\/product\/kanto-sp32pl-32-bookshelf-speaker-swiveling-floor-stands\/#breadcrumb"},"inLanguage":"fr-qc","potentialAction":[{"@type":"ReadAction","target":["https:\/\/luxesound.ca\/product\/kanto-sp32pl-32-bookshelf-speaker-swiveling-floor-stands\/"]}]},{"@type":"ImageObject","inLanguage":"fr-qc","@id":"https:\/\/luxesound.ca\/product\/kanto-sp32pl-32-bookshelf-speaker-swiveling-floor-stands\/#primaryimage","url":"https:\/\/luxesound.ca\/wp-content\/uploads\/2024\/06\/Kanto-3222-Bookshelf-Speaker-Swivelling-Floor-Stands-SP32PL_IMG03_Back.webp","contentUrl":"https:\/\/luxesound.ca\/wp-content\/uploads\/2024\/06\/Kanto-3222-Bookshelf-Speaker-Swivelling-Floor-Stands-SP32PL_IMG03_Back.webp","width":1200,"height":800,"caption":"Kanto 32\" Bookshelf Speaker Swivelling Floor Stand in black on white background"},{"@type":"BreadcrumbList","@id":"https:\/\/luxesound.ca\/product\/kanto-sp32pl-32-bookshelf-speaker-swiveling-floor-stands\/#breadcrumb","itemListElement":[{"@type":"ListItem","position":1,"name":"Home","item":"https:\/\/luxesound.ca\/"},{"@type":"ListItem","position":2,"name":"Products","item":"https:\/\/luxesound.ca\/shop\/"},{"@type":"ListItem","position":3,"name":"Kanto 32&#8243; Bookshelf Speaker Swiveling Floor Stands &#8211; Pair"}]},{"@type":"WebSite","@id":"https:\/\/luxesound.ca\/#website","url":"https:\/\/luxesound.ca\/","name":"Son luxueux","description":"Les meilleurs \u00e9couteurs et haut-parleurs. Fi\u00e8rement canadiens.","publisher":{"@id":"https:\/\/luxesound.ca\/#organization"},"potentialAction":[{"@type":"SearchAction","target":{"@type":"EntryPoint","urlTemplate":"https:\/\/luxesound.ca\/?s={search_term_string}"},"query-input":{"@type":"PropertyValueSpecification","valueRequired":true,"valueName":"search_term_string"}}],"inLanguage":"fr-qc"},{"@type":"Organization","@id":"https:\/\/luxesound.ca\/#organization","name":"Son luxueux","url":"https:\/\/luxesound.ca\/","logo":{"@type":"ImageObject","inLanguage":"fr-qc","@id":"https:\/\/luxesound.ca\/#\/schema\/logo\/image\/","url":"https:\/\/luxesound.ca\/wp-content\/uploads\/2024\/08\/cropped-Luxe-white-on-green.png","contentUrl":"https:\/\/luxesound.ca\/wp-content\/uploads\/2024\/08\/cropped-Luxe-white-on-green.png","width":512,"height":512,"caption":"Luxe Sound"},"image":{"@id":"https:\/\/luxesound.ca\/#\/schema\/logo\/image\/"},"sameAs":["https:\/\/www.facebook.com\/luxesound.ca","https:\/\/www.instagram.com\/luxe.sound\/"]}]}},"_links":{"self":[{"href":"https:\/\/luxesound.ca\/fr\/wp-json\/wp\/v2\/product\/4824","targetHints":{"allow":["GET"]}}],"collection":[{"href":"https:\/\/luxesound.ca\/fr\/wp-json\/wp\/v2\/product"}],"about":[{"href":"https:\/\/luxesound.ca\/fr\/wp-json\/wp\/v2\/types\/product"}],"replies":[{"embeddable":true,"href":"https:\/\/luxesound.ca\/fr\/wp-json\/wp\/v2\/comments?post=4824"}],"version-history":[{"count":1,"href":"https:\/\/luxesound.ca\/fr\/wp-json\/wp\/v2\/product\/4824\/revisions"}],"predecessor-version":[{"id":7817,"href":"https:\/\/luxesound.ca\/fr\/wp-json\/wp\/v2\/product\/4824\/revisions\/7817"}],"wp:featuredmedia":[{"embeddable":true,"href":"https:\/\/luxesound.ca\/fr\/wp-json\/wp\/v2\/media\/7785"}],"wp:attachment":[{"href":"https:\/\/luxesound.ca\/fr\/wp-json\/wp\/v2\/media?parent=4824"}],"wp:term":[{"taxonomy":"product_brand","embeddable":true,"href":"https:\/\/luxesound.ca\/fr\/wp-json\/wp\/v2\/product_brand?post=4824"},{"taxonomy":"product_cat","embeddable":true,"href":"https:\/\/luxesound.ca\/fr\/wp-json\/wp\/v2\/product_cat?post=4824"},{"taxonomy":"product_tag","embeddable":true,"href":"https:\/\/luxesound.ca\/fr\/wp-json\/wp\/v2\/product_tag?post=4824"}],"curies":[{"name":"wp","href":"https:\/\/api.w.org\/{rel}","templated":true}]}}