{"id":4761,"date":"2024-06-06T11:00:58","date_gmt":"2024-06-06T15:00:58","guid":{"rendered":"https:\/\/luxesound.ca\/?post_type=product&#038;p=4761"},"modified":"2026-04-20T15:11:59","modified_gmt":"2026-04-20T19:11:59","slug":"kanto-se4-elevated-desktop-speaker-stands-for-midsize-speakers","status":"publish","type":"product","link":"https:\/\/luxesound.ca\/fr\/product\/kanto-se4-elevated-desktop-speaker-stands-for-midsize-speakers\/","title":{"rendered":"Supports de bureau sur\u00e9lev\u00e9s Kanto pour enceintes de taille moyenne \u2013 Paire"},"content":{"rendered":"<p>Faites passer votre jeu sonore au niveau sup\u00e9rieur avec le support d&#039;enceinte sur\u00e9lev\u00e9 Kanto SE4. D&#039;une hauteur de 5,6 pouces, le SE4 propulse vos enceintes vers le haut et au-dessus de la surface de votre bureau afin qu&#039;elles soient mieux align\u00e9es avec vos oreilles pour vous offrir une r\u00e9ponse sur l&#039;axe sans faille. Sa plate-forme en porte-\u00e0-faux et inclin\u00e9e est con\u00e7ue pour absorber la r\u00e9sonance et d\u00e9livrer un son pur sans aucune r\u00e9flexion des surfaces proches. Le SE4 est disponible en noir et en blanc et peut supporter jusqu&#039;\u00e0 9 livres.<\/p>","protected":false},"excerpt":{"rendered":"<p>Faites passer votre jeu sonore au niveau sup\u00e9rieur avec le support d&#039;enceinte sur\u00e9lev\u00e9 Kanto SE4. D&#039;une hauteur de 5,6 pouces, le SE4 propulse vos enceintes vers le haut et au-dessus de la surface de votre bureau afin qu&#039;elles soient mieux align\u00e9es avec vos oreilles pour vous offrir une r\u00e9ponse sur l&#039;axe sans faille. Sa plate-forme en porte-\u00e0-faux et inclin\u00e9e est con\u00e7ue pour absorber la r\u00e9sonance et d\u00e9livrer un son pur sans aucune r\u00e9flexion des surfaces proches. Le SE4 est disponible en noir et en blanc et peut supporter jusqu&#039;\u00e0 9 livres.<\/p>","protected":false},"featured_media":7841,"comment_status":"open","ping_status":"closed","template":"","meta":{"_acf_changed":false,"_mo_disable_npp":"","inline_featured_image":false},"product_brand":[746],"product_cat":[36,554,909,737,773],"product_tag":[613,617,614,625,622,619,618,574,609,621,626,620,560,616,615,606,610,558,611,612],"class_list":{"0":"post-4761","1":"product","2":"type-product","3":"status-publish","4":"has-post-thumbnail","6":"product_brand-kanto","7":"product_cat-accessories","8":"product_cat-kanto","9":"product_cat-kanto-black-friday","10":"product_cat-speaker-stands","11":"product_cat-stands-mounts","12":"product_tag-angled","13":"product_tag-angled-stand","14":"product_tag-better-sound","15":"product_tag-bookshelf-speaker","16":"product_tag-desktop-speaker","17":"product_tag-foam-isolation","18":"product_tag-improved-sound","19":"product_tag-kanto","20":"product_tag-kanto-audio","21":"product_tag-low-profile","22":"product_tag-medium-speaker-stand","23":"product_tag-metal","24":"product_tag-padding","25":"product_tag-pair","26":"product_tag-reduced-resonance","27":"product_tag-speaker-stand","28":"product_tag-speaker-stands","29":"product_tag-steel","30":"product_tag-tabletop-stands","31":"product_tag-tilted","32":"pa_colour-black","33":"pa_colour-white","35":"first","36":"instock","37":"taxable","38":"shipping-taxable","39":"purchasable","40":"product-type-variable","41":"has-default-attributes"},"bundled_by":[],"bundle_stock_status":"instock","bundle_stock_quantity":null,"bundle_virtual":false,"bundle_layout":"","bundle_add_to_cart_form_location":"","bundle_editable_in_cart":false,"bundle_sold_individually_context":"","bundle_item_grouping":"","bundle_min_size":"","bundle_max_size":"","bundle_price":[],"bundled_items":[],"bundle_sell_ids":[],"acf":[],"ct_brands":[{"id":746,"name":"Kanto","slug":"kanto"}],"yoast_head":"<!-- This site is optimized with the Yoast SEO plugin v27.2 - https:\/\/yoast.com\/product\/yoast-seo-wordpress\/ -->\n<title>Kanto Elevated Desktop Stands for Midsize Speakers - Pair - Luxe Sound<\/title>\n<meta name=\"description\" content=\"Enhance your audio setup with Kanto SE4 Elevated Desktop Speaker Stands. Sturdy and stylish, perfect for midsize speakers. Free Shipping!\" \/>\n<meta name=\"robots\" content=\"index, follow, max-snippet:-1, max-image-preview:large, max-video-preview:-1\" \/>\n<link rel=\"canonical\" href=\"https:\/\/luxesound.ca\/fr\/product\/kanto-se4-elevated-desktop-speaker-stands-for-midsize-speakers\/\" \/>\n<meta property=\"og:locale\" content=\"fr_FR\" \/>\n<meta property=\"og:type\" content=\"article\" \/>\n<meta property=\"og:title\" content=\"Kanto Elevated Desktop Stands for Midsize Speakers - Pair - Luxe Sound\" \/>\n<meta property=\"og:description\" content=\"Enhance your audio setup with Kanto SE4 Elevated Desktop Speaker Stands. Sturdy and stylish, perfect for midsize speakers. Free Shipping!\" \/>\n<meta property=\"og:url\" content=\"https:\/\/luxesound.ca\/fr\/product\/kanto-se4-elevated-desktop-speaker-stands-for-midsize-speakers\/\" \/>\n<meta property=\"og:site_name\" content=\"Luxe Sound\" \/>\n<meta property=\"article:publisher\" content=\"https:\/\/www.facebook.com\/luxesound.ca\" \/>\n<meta property=\"article:modified_time\" content=\"2026-04-20T19:11:59+00:00\" \/>\n<meta property=\"og:image\" content=\"https:\/\/luxesound.ca\/wp-content\/uploads\/2024\/06\/Kanto-SE4-Speaker-Stand-SE4_IMG02_MainRIght.webp\" \/>\n\t<meta property=\"og:image:width\" content=\"1200\" \/>\n\t<meta property=\"og:image:height\" content=\"800\" \/>\n\t<meta property=\"og:image:type\" content=\"image\/webp\" \/>\n<meta name=\"twitter:card\" content=\"summary_large_image\" \/>\n<meta name=\"twitter:label1\" content=\"Est. reading time\" \/>\n\t<meta name=\"twitter:data1\" content=\"1 minute\" \/>\n<script type=\"application\/ld+json\" class=\"yoast-schema-graph\">{\"@context\":\"https:\/\/schema.org\",\"@graph\":[{\"@type\":\"WebPage\",\"@id\":\"https:\/\/luxesound.ca\/product\/kanto-se4-elevated-desktop-speaker-stands-for-midsize-speakers\/\",\"url\":\"https:\/\/luxesound.ca\/product\/kanto-se4-elevated-desktop-speaker-stands-for-midsize-speakers\/\",\"name\":\"Kanto Elevated Desktop Stands for Midsize Speakers - Pair - Luxe Sound\",\"isPartOf\":{\"@id\":\"https:\/\/luxesound.ca\/#website\"},\"primaryImageOfPage\":{\"@id\":\"https:\/\/luxesound.ca\/product\/kanto-se4-elevated-desktop-speaker-stands-for-midsize-speakers\/#primaryimage\"},\"image\":{\"@id\":\"https:\/\/luxesound.ca\/product\/kanto-se4-elevated-desktop-speaker-stands-for-midsize-speakers\/#primaryimage\"},\"thumbnailUrl\":\"https:\/\/luxesound.ca\/wp-content\/uploads\/2024\/06\/Kanto-SE4-Speaker-Stand-SE4_IMG02_MainRIght.webp\",\"datePublished\":\"2024-06-06T15:00:58+00:00\",\"dateModified\":\"2026-04-20T19:11:59+00:00\",\"description\":\"Enhance your audio setup with Kanto SE4 Elevated Desktop Speaker Stands. Sturdy and stylish, perfect for midsize speakers. Free Shipping!\",\"breadcrumb\":{\"@id\":\"https:\/\/luxesound.ca\/product\/kanto-se4-elevated-desktop-speaker-stands-for-midsize-speakers\/#breadcrumb\"},\"inLanguage\":\"fr-qc\",\"potentialAction\":[{\"@type\":\"ReadAction\",\"target\":[\"https:\/\/luxesound.ca\/product\/kanto-se4-elevated-desktop-speaker-stands-for-midsize-speakers\/\"]}]},{\"@type\":\"ImageObject\",\"inLanguage\":\"fr-qc\",\"@id\":\"https:\/\/luxesound.ca\/product\/kanto-se4-elevated-desktop-speaker-stands-for-midsize-speakers\/#primaryimage\",\"url\":\"https:\/\/luxesound.ca\/wp-content\/uploads\/2024\/06\/Kanto-SE4-Speaker-Stand-SE4_IMG02_MainRIght.webp\",\"contentUrl\":\"https:\/\/luxesound.ca\/wp-content\/uploads\/2024\/06\/Kanto-SE4-Speaker-Stand-SE4_IMG02_MainRIght.webp\",\"width\":1200,\"height\":800,\"caption\":\"Kanto SE4 Speaker Stands, pair, in black, angled right, product photo on white background\"},{\"@type\":\"BreadcrumbList\",\"@id\":\"https:\/\/luxesound.ca\/product\/kanto-se4-elevated-desktop-speaker-stands-for-midsize-speakers\/#breadcrumb\",\"itemListElement\":[{\"@type\":\"ListItem\",\"position\":1,\"name\":\"Home\",\"item\":\"https:\/\/luxesound.ca\/\"},{\"@type\":\"ListItem\",\"position\":2,\"name\":\"Products\",\"item\":\"https:\/\/luxesound.ca\/shop\/\"},{\"@type\":\"ListItem\",\"position\":3,\"name\":\"Kanto Elevated Desktop Stands for Midsize Speakers &#8211; Pair\"}]},{\"@type\":\"WebSite\",\"@id\":\"https:\/\/luxesound.ca\/#website\",\"url\":\"https:\/\/luxesound.ca\/\",\"name\":\"Luxe Sound\",\"description\":\"The Finest Headphones &amp; Speakers. Proudly Canadian.\",\"publisher\":{\"@id\":\"https:\/\/luxesound.ca\/#organization\"},\"potentialAction\":[{\"@type\":\"SearchAction\",\"target\":{\"@type\":\"EntryPoint\",\"urlTemplate\":\"https:\/\/luxesound.ca\/?s={search_term_string}\"},\"query-input\":{\"@type\":\"PropertyValueSpecification\",\"valueRequired\":true,\"valueName\":\"search_term_string\"}}],\"inLanguage\":\"fr-qc\"},{\"@type\":\"Organization\",\"@id\":\"https:\/\/luxesound.ca\/#organization\",\"name\":\"Luxe Sound\",\"url\":\"https:\/\/luxesound.ca\/\",\"logo\":{\"@type\":\"ImageObject\",\"inLanguage\":\"fr-qc\",\"@id\":\"https:\/\/luxesound.ca\/#\/schema\/logo\/image\/\",\"url\":\"https:\/\/luxesound.ca\/wp-content\/uploads\/2024\/08\/cropped-Luxe-white-on-green.png\",\"contentUrl\":\"https:\/\/luxesound.ca\/wp-content\/uploads\/2024\/08\/cropped-Luxe-white-on-green.png\",\"width\":512,\"height\":512,\"caption\":\"Luxe Sound\"},\"image\":{\"@id\":\"https:\/\/luxesound.ca\/#\/schema\/logo\/image\/\"},\"sameAs\":[\"https:\/\/www.facebook.com\/luxesound.ca\",\"https:\/\/www.instagram.com\/luxe.sound\/\"]}]}<\/script>\n<!-- \/ Yoast SEO plugin. -->","yoast_head_json":{"title":"Kanto Elevated Desktop Stands for Midsize Speakers - Pair - Luxe Sound","description":"Enhance your audio setup with Kanto SE4 Elevated Desktop Speaker Stands. Sturdy and stylish, perfect for midsize speakers. Free Shipping!","robots":{"index":"index","follow":"follow","max-snippet":"max-snippet:-1","max-image-preview":"max-image-preview:large","max-video-preview":"max-video-preview:-1"},"canonical":"https:\/\/luxesound.ca\/fr\/product\/kanto-se4-elevated-desktop-speaker-stands-for-midsize-speakers\/","og_locale":"fr_FR","og_type":"article","og_title":"Kanto Elevated Desktop Stands for Midsize Speakers - Pair - Luxe Sound","og_description":"Enhance your audio setup with Kanto SE4 Elevated Desktop Speaker Stands. Sturdy and stylish, perfect for midsize speakers. Free Shipping!","og_url":"https:\/\/luxesound.ca\/fr\/product\/kanto-se4-elevated-desktop-speaker-stands-for-midsize-speakers\/","og_site_name":"Luxe Sound","article_publisher":"https:\/\/www.facebook.com\/luxesound.ca","article_modified_time":"2026-04-20T19:11:59+00:00","og_image":[{"width":1200,"height":800,"url":"https:\/\/luxesound.ca\/wp-content\/uploads\/2024\/06\/Kanto-SE4-Speaker-Stand-SE4_IMG02_MainRIght.webp","type":"image\/webp"}],"twitter_card":"summary_large_image","twitter_misc":{"Est. reading time":"1 minute"},"schema":{"@context":"https:\/\/schema.org","@graph":[{"@type":"WebPage","@id":"https:\/\/luxesound.ca\/product\/kanto-se4-elevated-desktop-speaker-stands-for-midsize-speakers\/","url":"https:\/\/luxesound.ca\/product\/kanto-se4-elevated-desktop-speaker-stands-for-midsize-speakers\/","name":"Kanto Elevated Desktop Stands for Midsize Speakers - Pair - Luxe Sound","isPartOf":{"@id":"https:\/\/luxesound.ca\/#website"},"primaryImageOfPage":{"@id":"https:\/\/luxesound.ca\/product\/kanto-se4-elevated-desktop-speaker-stands-for-midsize-speakers\/#primaryimage"},"image":{"@id":"https:\/\/luxesound.ca\/product\/kanto-se4-elevated-desktop-speaker-stands-for-midsize-speakers\/#primaryimage"},"thumbnailUrl":"https:\/\/luxesound.ca\/wp-content\/uploads\/2024\/06\/Kanto-SE4-Speaker-Stand-SE4_IMG02_MainRIght.webp","datePublished":"2024-06-06T15:00:58+00:00","dateModified":"2026-04-20T19:11:59+00:00","description":"Enhance your audio setup with Kanto SE4 Elevated Desktop Speaker Stands. Sturdy and stylish, perfect for midsize speakers. Free Shipping!","breadcrumb":{"@id":"https:\/\/luxesound.ca\/product\/kanto-se4-elevated-desktop-speaker-stands-for-midsize-speakers\/#breadcrumb"},"inLanguage":"fr-qc","potentialAction":[{"@type":"ReadAction","target":["https:\/\/luxesound.ca\/product\/kanto-se4-elevated-desktop-speaker-stands-for-midsize-speakers\/"]}]},{"@type":"ImageObject","inLanguage":"fr-qc","@id":"https:\/\/luxesound.ca\/product\/kanto-se4-elevated-desktop-speaker-stands-for-midsize-speakers\/#primaryimage","url":"https:\/\/luxesound.ca\/wp-content\/uploads\/2024\/06\/Kanto-SE4-Speaker-Stand-SE4_IMG02_MainRIght.webp","contentUrl":"https:\/\/luxesound.ca\/wp-content\/uploads\/2024\/06\/Kanto-SE4-Speaker-Stand-SE4_IMG02_MainRIght.webp","width":1200,"height":800,"caption":"Kanto SE4 Speaker Stands, pair, in black, angled right, product photo on white background"},{"@type":"BreadcrumbList","@id":"https:\/\/luxesound.ca\/product\/kanto-se4-elevated-desktop-speaker-stands-for-midsize-speakers\/#breadcrumb","itemListElement":[{"@type":"ListItem","position":1,"name":"Home","item":"https:\/\/luxesound.ca\/"},{"@type":"ListItem","position":2,"name":"Products","item":"https:\/\/luxesound.ca\/shop\/"},{"@type":"ListItem","position":3,"name":"Kanto Elevated Desktop Stands for Midsize Speakers &#8211; Pair"}]},{"@type":"WebSite","@id":"https:\/\/luxesound.ca\/#website","url":"https:\/\/luxesound.ca\/","name":"Son luxueux","description":"Les meilleurs \u00e9couteurs et haut-parleurs. Fi\u00e8rement canadiens.","publisher":{"@id":"https:\/\/luxesound.ca\/#organization"},"potentialAction":[{"@type":"SearchAction","target":{"@type":"EntryPoint","urlTemplate":"https:\/\/luxesound.ca\/?s={search_term_string}"},"query-input":{"@type":"PropertyValueSpecification","valueRequired":true,"valueName":"search_term_string"}}],"inLanguage":"fr-qc"},{"@type":"Organization","@id":"https:\/\/luxesound.ca\/#organization","name":"Son luxueux","url":"https:\/\/luxesound.ca\/","logo":{"@type":"ImageObject","inLanguage":"fr-qc","@id":"https:\/\/luxesound.ca\/#\/schema\/logo\/image\/","url":"https:\/\/luxesound.ca\/wp-content\/uploads\/2024\/08\/cropped-Luxe-white-on-green.png","contentUrl":"https:\/\/luxesound.ca\/wp-content\/uploads\/2024\/08\/cropped-Luxe-white-on-green.png","width":512,"height":512,"caption":"Luxe Sound"},"image":{"@id":"https:\/\/luxesound.ca\/#\/schema\/logo\/image\/"},"sameAs":["https:\/\/www.facebook.com\/luxesound.ca","https:\/\/www.instagram.com\/luxe.sound\/"]}]}},"_links":{"self":[{"href":"https:\/\/luxesound.ca\/fr\/wp-json\/wp\/v2\/product\/4761","targetHints":{"allow":["GET"]}}],"collection":[{"href":"https:\/\/luxesound.ca\/fr\/wp-json\/wp\/v2\/product"}],"about":[{"href":"https:\/\/luxesound.ca\/fr\/wp-json\/wp\/v2\/types\/product"}],"replies":[{"embeddable":true,"href":"https:\/\/luxesound.ca\/fr\/wp-json\/wp\/v2\/comments?post=4761"}],"version-history":[{"count":1,"href":"https:\/\/luxesound.ca\/fr\/wp-json\/wp\/v2\/product\/4761\/revisions"}],"predecessor-version":[{"id":7858,"href":"https:\/\/luxesound.ca\/fr\/wp-json\/wp\/v2\/product\/4761\/revisions\/7858"}],"wp:featuredmedia":[{"embeddable":true,"href":"https:\/\/luxesound.ca\/fr\/wp-json\/wp\/v2\/media\/7841"}],"wp:attachment":[{"href":"https:\/\/luxesound.ca\/fr\/wp-json\/wp\/v2\/media?parent=4761"}],"wp:term":[{"taxonomy":"product_brand","embeddable":true,"href":"https:\/\/luxesound.ca\/fr\/wp-json\/wp\/v2\/product_brand?post=4761"},{"taxonomy":"product_cat","embeddable":true,"href":"https:\/\/luxesound.ca\/fr\/wp-json\/wp\/v2\/product_cat?post=4761"},{"taxonomy":"product_tag","embeddable":true,"href":"https:\/\/luxesound.ca\/fr\/wp-json\/wp\/v2\/product_tag?post=4761"}],"curies":[{"name":"wp","href":"https:\/\/api.w.org\/{rel}","templated":true}]}}