{"id":4712,"date":"2024-06-06T11:01:02","date_gmt":"2024-06-06T15:01:02","guid":{"rendered":"https:\/\/luxesound.ca\/?post_type=product&#038;p=4712"},"modified":"2026-04-20T15:11:59","modified_gmt":"2026-04-20T19:11:59","slug":"kanto-s6-angled-desktop-speaker-stands-for-large-speakers","status":"publish","type":"product","link":"https:\/\/luxesound.ca\/fr\/product\/kanto-s6-angled-desktop-speaker-stands-for-large-speakers\/","title":{"rendered":"Supports d&#039;enceintes de bureau inclin\u00e9s Kanto pour grandes enceintes \u2013 Paire"},"content":{"rendered":"<p>Am\u00e9liorez le positionnement de vos enceintes de 4 \u00e0 7 pouces tout en conservant une configuration de bureau discr\u00e8te. Offrant une inclinaison de 16\u00b0, les supports d&#039;enceintes de bureau Kanto S6 Angled sont con\u00e7us pour orienter vos enceintes vers vos oreilles, vous permettant ainsi de profiter de toute la gamme de fr\u00e9quences qu&#039;elles ont \u00e0 offrir. Chaque support est dot\u00e9 d&#039;un rembourrage en mousse pour r\u00e9duire les vibrations lorsque le son est pouss\u00e9 \u00e0 fond, et comprend un trou de montage et une vis 1\/4&quot;-20 pour fixer vos enceintes YU6, TUK ou autres enceintes compatibles en place.<\/p>","protected":false},"excerpt":{"rendered":"<p>Am\u00e9liorez le positionnement de vos enceintes de 4 \u00e0 7 pouces tout en conservant une configuration de bureau discr\u00e8te. Offrant une inclinaison de 16\u00b0, les supports d&#039;enceintes de bureau Kanto S6 Angled sont con\u00e7us pour orienter vos enceintes vers vos oreilles, vous permettant ainsi de profiter de toute la gamme de fr\u00e9quences qu&#039;elles ont \u00e0 offrir. Chaque support est dot\u00e9 d&#039;un rembourrage en mousse pour r\u00e9duire les vibrations lorsque le son est pouss\u00e9 \u00e0 fond, et comprend un trou de montage et une vis 1\/4&quot;-20 pour fixer vos enceintes YU6, TUK ou autres enceintes compatibles en place.<\/p>","protected":false},"featured_media":4713,"comment_status":"open","ping_status":"closed","template":"","meta":{"_acf_changed":false,"_mo_disable_npp":"","inline_featured_image":false},"product_brand":[746],"product_cat":[36,554,737,773],"product_tag":[613,617,614,625,622,619,629,618,574,609,628,627,621,620,560,616,615,606,610,558,611,612],"class_list":{"0":"post-4712","1":"product","2":"type-product","3":"status-publish","4":"has-post-thumbnail","6":"product_brand-kanto","7":"product_cat-accessories","8":"product_cat-kanto","9":"product_cat-speaker-stands","10":"product_cat-stands-mounts","11":"product_tag-angled","12":"product_tag-angled-stand","13":"product_tag-better-sound","14":"product_tag-bookshelf-speaker","15":"product_tag-desktop-speaker","16":"product_tag-foam-isolation","17":"product_tag-heavy-weight","18":"product_tag-improved-sound","19":"product_tag-kanto","20":"product_tag-kanto-audio","21":"product_tag-large","22":"product_tag-large-speaker-stand","23":"product_tag-low-profile","24":"product_tag-metal","25":"product_tag-padding","26":"product_tag-pair","27":"product_tag-reduced-resonance","28":"product_tag-speaker-stand","29":"product_tag-speaker-stands","30":"product_tag-steel","31":"product_tag-tabletop-stands","32":"product_tag-tilted","33":"pa_colour-black","34":"pa_colour-white","36":"first","37":"instock","38":"taxable","39":"shipping-taxable","40":"purchasable","41":"product-type-variable","42":"has-default-attributes"},"bundled_by":[],"bundle_stock_status":"instock","bundle_stock_quantity":null,"bundle_virtual":false,"bundle_layout":"","bundle_add_to_cart_form_location":"","bundle_editable_in_cart":false,"bundle_sold_individually_context":"","bundle_item_grouping":"","bundle_min_size":"","bundle_max_size":"","bundle_price":[],"bundled_items":[],"bundle_sell_ids":[],"acf":[],"ct_brands":[{"id":746,"name":"Kanto","slug":"kanto"}],"yoast_head":"<!-- This site is optimized with the Yoast SEO plugin v27.2 - https:\/\/yoast.com\/product\/yoast-seo-wordpress\/ -->\n<title>Kanto Angled Desktop Speaker Stands for Large Speakers - Pair - Luxe Sound<\/title>\n<meta name=\"description\" content=\"Elevate your audio with Kanto S6 Angled Desktop Speaker Stands. Modern and robust, perfect for larger speakers. Enhance your space. Free Shipping!\" \/>\n<meta name=\"robots\" content=\"index, follow, max-snippet:-1, max-image-preview:large, max-video-preview:-1\" \/>\n<link rel=\"canonical\" href=\"https:\/\/luxesound.ca\/fr\/product\/kanto-s6-angled-desktop-speaker-stands-for-large-speakers\/\" \/>\n<meta property=\"og:locale\" content=\"fr_FR\" \/>\n<meta property=\"og:type\" content=\"article\" \/>\n<meta property=\"og:title\" content=\"Kanto Angled Desktop Speaker Stands for Large Speakers - Pair - Luxe Sound\" \/>\n<meta property=\"og:description\" content=\"Elevate your audio with Kanto S6 Angled Desktop Speaker Stands. Modern and robust, perfect for larger speakers. Enhance your space. Free Shipping!\" \/>\n<meta property=\"og:url\" content=\"https:\/\/luxesound.ca\/fr\/product\/kanto-s6-angled-desktop-speaker-stands-for-large-speakers\/\" \/>\n<meta property=\"og:site_name\" content=\"Luxe Sound\" \/>\n<meta property=\"article:publisher\" content=\"https:\/\/www.facebook.com\/luxesound.ca\" \/>\n<meta property=\"article:modified_time\" content=\"2026-04-20T19:11:59+00:00\" \/>\n<meta property=\"og:image\" content=\"https:\/\/luxesound.ca\/wp-content\/uploads\/2024\/06\/S6_IMG04_SoloRight.png\" \/>\n\t<meta property=\"og:image:width\" content=\"1200\" \/>\n\t<meta property=\"og:image:height\" content=\"800\" \/>\n\t<meta property=\"og:image:type\" content=\"image\/png\" \/>\n<meta name=\"twitter:card\" content=\"summary_large_image\" \/>\n<meta name=\"twitter:label1\" content=\"Est. reading time\" \/>\n\t<meta name=\"twitter:data1\" content=\"1 minute\" \/>\n<script type=\"application\/ld+json\" class=\"yoast-schema-graph\">{\"@context\":\"https:\/\/schema.org\",\"@graph\":[{\"@type\":\"WebPage\",\"@id\":\"https:\/\/luxesound.ca\/product\/kanto-s6-angled-desktop-speaker-stands-for-large-speakers\/\",\"url\":\"https:\/\/luxesound.ca\/product\/kanto-s6-angled-desktop-speaker-stands-for-large-speakers\/\",\"name\":\"Kanto Angled Desktop Speaker Stands for Large Speakers - Pair - Luxe Sound\",\"isPartOf\":{\"@id\":\"https:\/\/luxesound.ca\/#website\"},\"primaryImageOfPage\":{\"@id\":\"https:\/\/luxesound.ca\/product\/kanto-s6-angled-desktop-speaker-stands-for-large-speakers\/#primaryimage\"},\"image\":{\"@id\":\"https:\/\/luxesound.ca\/product\/kanto-s6-angled-desktop-speaker-stands-for-large-speakers\/#primaryimage\"},\"thumbnailUrl\":\"https:\/\/luxesound.ca\/wp-content\/uploads\/2024\/06\/S6_IMG04_SoloRight.png\",\"datePublished\":\"2024-06-06T15:01:02+00:00\",\"dateModified\":\"2026-04-20T19:11:59+00:00\",\"description\":\"Elevate your audio with Kanto S6 Angled Desktop Speaker Stands. Modern and robust, perfect for larger speakers. Enhance your space. Free Shipping!\",\"breadcrumb\":{\"@id\":\"https:\/\/luxesound.ca\/product\/kanto-s6-angled-desktop-speaker-stands-for-large-speakers\/#breadcrumb\"},\"inLanguage\":\"fr-qc\",\"potentialAction\":[{\"@type\":\"ReadAction\",\"target\":[\"https:\/\/luxesound.ca\/product\/kanto-s6-angled-desktop-speaker-stands-for-large-speakers\/\"]}]},{\"@type\":\"ImageObject\",\"inLanguage\":\"fr-qc\",\"@id\":\"https:\/\/luxesound.ca\/product\/kanto-s6-angled-desktop-speaker-stands-for-large-speakers\/#primaryimage\",\"url\":\"https:\/\/luxesound.ca\/wp-content\/uploads\/2024\/06\/S6_IMG04_SoloRight.png\",\"contentUrl\":\"https:\/\/luxesound.ca\/wp-content\/uploads\/2024\/06\/S6_IMG04_SoloRight.png\",\"width\":1200,\"height\":800,\"caption\":\"Kanto S6 Angled Desktop Speaker Stand in black, product image\"},{\"@type\":\"BreadcrumbList\",\"@id\":\"https:\/\/luxesound.ca\/product\/kanto-s6-angled-desktop-speaker-stands-for-large-speakers\/#breadcrumb\",\"itemListElement\":[{\"@type\":\"ListItem\",\"position\":1,\"name\":\"Home\",\"item\":\"https:\/\/luxesound.ca\/\"},{\"@type\":\"ListItem\",\"position\":2,\"name\":\"Products\",\"item\":\"https:\/\/luxesound.ca\/shop\/\"},{\"@type\":\"ListItem\",\"position\":3,\"name\":\"Kanto Angled Desktop Speaker Stands for Large Speakers &#8211; Pair\"}]},{\"@type\":\"WebSite\",\"@id\":\"https:\/\/luxesound.ca\/#website\",\"url\":\"https:\/\/luxesound.ca\/\",\"name\":\"Luxe Sound\",\"description\":\"The Finest Headphones &amp; Speakers. Proudly Canadian.\",\"publisher\":{\"@id\":\"https:\/\/luxesound.ca\/#organization\"},\"potentialAction\":[{\"@type\":\"SearchAction\",\"target\":{\"@type\":\"EntryPoint\",\"urlTemplate\":\"https:\/\/luxesound.ca\/?s={search_term_string}\"},\"query-input\":{\"@type\":\"PropertyValueSpecification\",\"valueRequired\":true,\"valueName\":\"search_term_string\"}}],\"inLanguage\":\"fr-qc\"},{\"@type\":\"Organization\",\"@id\":\"https:\/\/luxesound.ca\/#organization\",\"name\":\"Luxe Sound\",\"url\":\"https:\/\/luxesound.ca\/\",\"logo\":{\"@type\":\"ImageObject\",\"inLanguage\":\"fr-qc\",\"@id\":\"https:\/\/luxesound.ca\/#\/schema\/logo\/image\/\",\"url\":\"https:\/\/luxesound.ca\/wp-content\/uploads\/2024\/08\/cropped-Luxe-white-on-green.png\",\"contentUrl\":\"https:\/\/luxesound.ca\/wp-content\/uploads\/2024\/08\/cropped-Luxe-white-on-green.png\",\"width\":512,\"height\":512,\"caption\":\"Luxe Sound\"},\"image\":{\"@id\":\"https:\/\/luxesound.ca\/#\/schema\/logo\/image\/\"},\"sameAs\":[\"https:\/\/www.facebook.com\/luxesound.ca\",\"https:\/\/www.instagram.com\/luxe.sound\/\"]}]}<\/script>\n<!-- \/ Yoast SEO plugin. -->","yoast_head_json":{"title":"Kanto Angled Desktop Speaker Stands for Large Speakers - Pair - Luxe Sound","description":"Elevate your audio with Kanto S6 Angled Desktop Speaker Stands. Modern and robust, perfect for larger speakers. Enhance your space. Free Shipping!","robots":{"index":"index","follow":"follow","max-snippet":"max-snippet:-1","max-image-preview":"max-image-preview:large","max-video-preview":"max-video-preview:-1"},"canonical":"https:\/\/luxesound.ca\/fr\/product\/kanto-s6-angled-desktop-speaker-stands-for-large-speakers\/","og_locale":"fr_FR","og_type":"article","og_title":"Kanto Angled Desktop Speaker Stands for Large Speakers - Pair - Luxe Sound","og_description":"Elevate your audio with Kanto S6 Angled Desktop Speaker Stands. Modern and robust, perfect for larger speakers. Enhance your space. Free Shipping!","og_url":"https:\/\/luxesound.ca\/fr\/product\/kanto-s6-angled-desktop-speaker-stands-for-large-speakers\/","og_site_name":"Luxe Sound","article_publisher":"https:\/\/www.facebook.com\/luxesound.ca","article_modified_time":"2026-04-20T19:11:59+00:00","og_image":[{"width":1200,"height":800,"url":"https:\/\/luxesound.ca\/wp-content\/uploads\/2024\/06\/S6_IMG04_SoloRight.png","type":"image\/png"}],"twitter_card":"summary_large_image","twitter_misc":{"Est. reading time":"1 minute"},"schema":{"@context":"https:\/\/schema.org","@graph":[{"@type":"WebPage","@id":"https:\/\/luxesound.ca\/product\/kanto-s6-angled-desktop-speaker-stands-for-large-speakers\/","url":"https:\/\/luxesound.ca\/product\/kanto-s6-angled-desktop-speaker-stands-for-large-speakers\/","name":"Kanto Angled Desktop Speaker Stands for Large Speakers - Pair - Luxe Sound","isPartOf":{"@id":"https:\/\/luxesound.ca\/#website"},"primaryImageOfPage":{"@id":"https:\/\/luxesound.ca\/product\/kanto-s6-angled-desktop-speaker-stands-for-large-speakers\/#primaryimage"},"image":{"@id":"https:\/\/luxesound.ca\/product\/kanto-s6-angled-desktop-speaker-stands-for-large-speakers\/#primaryimage"},"thumbnailUrl":"https:\/\/luxesound.ca\/wp-content\/uploads\/2024\/06\/S6_IMG04_SoloRight.png","datePublished":"2024-06-06T15:01:02+00:00","dateModified":"2026-04-20T19:11:59+00:00","description":"Elevate your audio with Kanto S6 Angled Desktop Speaker Stands. Modern and robust, perfect for larger speakers. Enhance your space. Free Shipping!","breadcrumb":{"@id":"https:\/\/luxesound.ca\/product\/kanto-s6-angled-desktop-speaker-stands-for-large-speakers\/#breadcrumb"},"inLanguage":"fr-qc","potentialAction":[{"@type":"ReadAction","target":["https:\/\/luxesound.ca\/product\/kanto-s6-angled-desktop-speaker-stands-for-large-speakers\/"]}]},{"@type":"ImageObject","inLanguage":"fr-qc","@id":"https:\/\/luxesound.ca\/product\/kanto-s6-angled-desktop-speaker-stands-for-large-speakers\/#primaryimage","url":"https:\/\/luxesound.ca\/wp-content\/uploads\/2024\/06\/S6_IMG04_SoloRight.png","contentUrl":"https:\/\/luxesound.ca\/wp-content\/uploads\/2024\/06\/S6_IMG04_SoloRight.png","width":1200,"height":800,"caption":"Kanto S6 Angled Desktop Speaker Stand in black, product image"},{"@type":"BreadcrumbList","@id":"https:\/\/luxesound.ca\/product\/kanto-s6-angled-desktop-speaker-stands-for-large-speakers\/#breadcrumb","itemListElement":[{"@type":"ListItem","position":1,"name":"Home","item":"https:\/\/luxesound.ca\/"},{"@type":"ListItem","position":2,"name":"Products","item":"https:\/\/luxesound.ca\/shop\/"},{"@type":"ListItem","position":3,"name":"Kanto Angled Desktop Speaker Stands for Large Speakers &#8211; Pair"}]},{"@type":"WebSite","@id":"https:\/\/luxesound.ca\/#website","url":"https:\/\/luxesound.ca\/","name":"Son luxueux","description":"Les meilleurs \u00e9couteurs et haut-parleurs. Fi\u00e8rement canadiens.","publisher":{"@id":"https:\/\/luxesound.ca\/#organization"},"potentialAction":[{"@type":"SearchAction","target":{"@type":"EntryPoint","urlTemplate":"https:\/\/luxesound.ca\/?s={search_term_string}"},"query-input":{"@type":"PropertyValueSpecification","valueRequired":true,"valueName":"search_term_string"}}],"inLanguage":"fr-qc"},{"@type":"Organization","@id":"https:\/\/luxesound.ca\/#organization","name":"Son luxueux","url":"https:\/\/luxesound.ca\/","logo":{"@type":"ImageObject","inLanguage":"fr-qc","@id":"https:\/\/luxesound.ca\/#\/schema\/logo\/image\/","url":"https:\/\/luxesound.ca\/wp-content\/uploads\/2024\/08\/cropped-Luxe-white-on-green.png","contentUrl":"https:\/\/luxesound.ca\/wp-content\/uploads\/2024\/08\/cropped-Luxe-white-on-green.png","width":512,"height":512,"caption":"Luxe Sound"},"image":{"@id":"https:\/\/luxesound.ca\/#\/schema\/logo\/image\/"},"sameAs":["https:\/\/www.facebook.com\/luxesound.ca","https:\/\/www.instagram.com\/luxe.sound\/"]}]}},"_links":{"self":[{"href":"https:\/\/luxesound.ca\/fr\/wp-json\/wp\/v2\/product\/4712","targetHints":{"allow":["GET"]}}],"collection":[{"href":"https:\/\/luxesound.ca\/fr\/wp-json\/wp\/v2\/product"}],"about":[{"href":"https:\/\/luxesound.ca\/fr\/wp-json\/wp\/v2\/types\/product"}],"replies":[{"embeddable":true,"href":"https:\/\/luxesound.ca\/fr\/wp-json\/wp\/v2\/comments?post=4712"}],"version-history":[{"count":0,"href":"https:\/\/luxesound.ca\/fr\/wp-json\/wp\/v2\/product\/4712\/revisions"}],"wp:featuredmedia":[{"embeddable":true,"href":"https:\/\/luxesound.ca\/fr\/wp-json\/wp\/v2\/media\/4713"}],"wp:attachment":[{"href":"https:\/\/luxesound.ca\/fr\/wp-json\/wp\/v2\/media?parent=4712"}],"wp:term":[{"taxonomy":"product_brand","embeddable":true,"href":"https:\/\/luxesound.ca\/fr\/wp-json\/wp\/v2\/product_brand?post=4712"},{"taxonomy":"product_cat","embeddable":true,"href":"https:\/\/luxesound.ca\/fr\/wp-json\/wp\/v2\/product_cat?post=4712"},{"taxonomy":"product_tag","embeddable":true,"href":"https:\/\/luxesound.ca\/fr\/wp-json\/wp\/v2\/product_tag?post=4712"}],"curies":[{"name":"wp","href":"https:\/\/api.w.org\/{rel}","templated":true}]}}