{"id":4676,"date":"2024-06-06T11:01:03","date_gmt":"2024-06-06T15:01:03","guid":{"rendered":"https:\/\/luxesound.ca\/?post_type=product&#038;p=4676"},"modified":"2026-04-20T15:11:59","modified_gmt":"2026-04-20T19:11:59","slug":"kanto-s2-angled-desktop-speaker-stands-for-small-speakers","status":"publish","type":"product","link":"https:\/\/luxesound.ca\/fr\/product\/kanto-s2-angled-desktop-speaker-stands-for-small-speakers\/","title":{"rendered":"Supports d&#039;enceintes de bureau inclin\u00e9s Kanto pour petites enceintes \u2013 Paire"},"content":{"rendered":"<p>Les supports d&#039;enceintes de bureau inclin\u00e9s Kanto S2 sont le compl\u00e9ment parfait \u00e0 votre configuration d&#039;enceintes de bureau. Avec une inclinaison verticale de 16\u00b0, ils vous garantissent de profiter de toute la gamme de fr\u00e9quences que vos enceintes ont \u00e0 offrir. Chaque support comporte plusieurs zones de rembourrage en mousse pour maintenir la stabilit\u00e9 et r\u00e9duire les vibrations lorsque vos enceintes sont mont\u00e9es en puissance.<\/p>","protected":false},"excerpt":{"rendered":"<p>Les supports d&#039;enceintes S2 sont le compl\u00e9ment id\u00e9al \u00e0 votre configuration d&#039;enceintes de bureau. Avec une inclinaison verticale de 16\u00b0, ils vous permettent de profiter de toute la gamme de fr\u00e9quences que vos enceintes ont \u00e0 offrir. Chaque support comporte plusieurs zones de rembourrage en mousse pour maintenir la stabilit\u00e9 et r\u00e9duire les vibrations lorsque vos enceintes sont mont\u00e9es en puissance.<\/p>","protected":false},"featured_media":7701,"comment_status":"open","ping_status":"closed","template":"","meta":{"_acf_changed":false,"_mo_disable_npp":"","inline_featured_image":false},"product_brand":[746],"product_cat":[36,554,737,773],"product_tag":[613,617,614,623,622,619,618,574,609,621,620,560,616,615,624,606,610,558,611,612],"class_list":{"0":"post-4676","1":"product","2":"type-product","3":"status-publish","4":"has-post-thumbnail","6":"product_brand-kanto","7":"product_cat-accessories","8":"product_cat-kanto","9":"product_cat-speaker-stands","10":"product_cat-stands-mounts","11":"product_tag-angled","12":"product_tag-angled-stand","13":"product_tag-better-sound","14":"product_tag-computer-speaker","15":"product_tag-desktop-speaker","16":"product_tag-foam-isolation","17":"product_tag-improved-sound","18":"product_tag-kanto","19":"product_tag-kanto-audio","20":"product_tag-low-profile","21":"product_tag-metal","22":"product_tag-padding","23":"product_tag-pair","24":"product_tag-reduced-resonance","25":"product_tag-small-speaker-stand","26":"product_tag-speaker-stand","27":"product_tag-speaker-stands","28":"product_tag-steel","29":"product_tag-tabletop-stands","30":"product_tag-tilted","31":"pa_colour-black","32":"pa_colour-white","34":"first","35":"instock","36":"taxable","37":"shipping-taxable","38":"purchasable","39":"product-type-variable","40":"has-default-attributes"},"bundled_by":[],"bundle_stock_status":"instock","bundle_stock_quantity":null,"bundle_virtual":false,"bundle_layout":"","bundle_add_to_cart_form_location":"","bundle_editable_in_cart":false,"bundle_sold_individually_context":"","bundle_item_grouping":"","bundle_min_size":"","bundle_max_size":"","bundle_price":[],"bundled_items":[],"bundle_sell_ids":[],"acf":[],"ct_brands":[{"id":746,"name":"Kanto","slug":"kanto"}],"yoast_head":"<!-- This site is optimized with the Yoast SEO plugin v27.2 - https:\/\/yoast.com\/product\/yoast-seo-wordpress\/ -->\n<title>Kanto Angled Desktop Small Speaker Stands - Luxe Sound<\/title>\n<meta name=\"description\" content=\"Enhance your sound with Kanto Angled Desktop Speaker Stands. Sleek and perfect for small speakers. Elevate your audio setup. Free Shipping!\" \/>\n<meta name=\"robots\" content=\"index, follow, max-snippet:-1, max-image-preview:large, max-video-preview:-1\" \/>\n<link rel=\"canonical\" href=\"https:\/\/luxesound.ca\/fr\/product\/kanto-s2-angled-desktop-speaker-stands-for-small-speakers\/\" \/>\n<meta property=\"og:locale\" content=\"fr_FR\" \/>\n<meta property=\"og:type\" content=\"article\" \/>\n<meta property=\"og:title\" content=\"Kanto Angled Desktop Small Speaker Stands - Luxe Sound\" \/>\n<meta property=\"og:description\" content=\"Enhance your sound with Kanto Angled Desktop Speaker Stands. Sleek and perfect for small speakers. Elevate your audio setup. Free Shipping!\" \/>\n<meta property=\"og:url\" content=\"https:\/\/luxesound.ca\/fr\/product\/kanto-s2-angled-desktop-speaker-stands-for-small-speakers\/\" \/>\n<meta property=\"og:site_name\" content=\"Luxe Sound\" \/>\n<meta property=\"article:publisher\" content=\"https:\/\/www.facebook.com\/luxesound.ca\" \/>\n<meta property=\"article:modified_time\" content=\"2026-04-20T19:11:59+00:00\" \/>\n<meta property=\"og:image\" content=\"https:\/\/luxesound.ca\/wp-content\/uploads\/2024\/06\/Kanto-Angled-Desktop-Small-Speaker-StandsS2_IMG01_Main.webp?wsr\" \/>\n\t<meta property=\"og:image:width\" content=\"1200\" \/>\n\t<meta property=\"og:image:height\" content=\"800\" \/>\n\t<meta property=\"og:image:type\" content=\"image\/webp\" \/>\n<meta name=\"twitter:card\" content=\"summary_large_image\" \/>\n<meta name=\"twitter:label1\" content=\"Est. reading time\" \/>\n\t<meta name=\"twitter:data1\" content=\"1 minute\" \/>\n<script type=\"application\/ld+json\" class=\"yoast-schema-graph\">{\"@context\":\"https:\/\/schema.org\",\"@graph\":[{\"@type\":\"WebPage\",\"@id\":\"https:\/\/luxesound.ca\/product\/kanto-s2-angled-desktop-speaker-stands-for-small-speakers\/\",\"url\":\"https:\/\/luxesound.ca\/product\/kanto-s2-angled-desktop-speaker-stands-for-small-speakers\/\",\"name\":\"Kanto Angled Desktop Small Speaker Stands - Luxe Sound\",\"isPartOf\":{\"@id\":\"https:\/\/luxesound.ca\/#website\"},\"primaryImageOfPage\":{\"@id\":\"https:\/\/luxesound.ca\/product\/kanto-s2-angled-desktop-speaker-stands-for-small-speakers\/#primaryimage\"},\"image\":{\"@id\":\"https:\/\/luxesound.ca\/product\/kanto-s2-angled-desktop-speaker-stands-for-small-speakers\/#primaryimage\"},\"thumbnailUrl\":\"https:\/\/luxesound.ca\/wp-content\/uploads\/2024\/06\/Kanto-Angled-Desktop-Small-Speaker-StandsS2_IMG01_Main.webp\",\"datePublished\":\"2024-06-06T15:01:03+00:00\",\"dateModified\":\"2026-04-20T19:11:59+00:00\",\"description\":\"Enhance your sound with Kanto Angled Desktop Speaker Stands. Sleek and perfect for small speakers. Elevate your audio setup. Free Shipping!\",\"breadcrumb\":{\"@id\":\"https:\/\/luxesound.ca\/product\/kanto-s2-angled-desktop-speaker-stands-for-small-speakers\/#breadcrumb\"},\"inLanguage\":\"fr-qc\",\"potentialAction\":[{\"@type\":\"ReadAction\",\"target\":[\"https:\/\/luxesound.ca\/product\/kanto-s2-angled-desktop-speaker-stands-for-small-speakers\/\"]}]},{\"@type\":\"ImageObject\",\"inLanguage\":\"fr-qc\",\"@id\":\"https:\/\/luxesound.ca\/product\/kanto-s2-angled-desktop-speaker-stands-for-small-speakers\/#primaryimage\",\"url\":\"https:\/\/luxesound.ca\/wp-content\/uploads\/2024\/06\/Kanto-Angled-Desktop-Small-Speaker-StandsS2_IMG01_Main.webp\",\"contentUrl\":\"https:\/\/luxesound.ca\/wp-content\/uploads\/2024\/06\/Kanto-Angled-Desktop-Small-Speaker-StandsS2_IMG01_Main.webp\",\"width\":1200,\"height\":800,\"caption\":\"Kanto s2 Angled Desktop Small Speaker Stands pair angled right overhead on white background\"},{\"@type\":\"BreadcrumbList\",\"@id\":\"https:\/\/luxesound.ca\/product\/kanto-s2-angled-desktop-speaker-stands-for-small-speakers\/#breadcrumb\",\"itemListElement\":[{\"@type\":\"ListItem\",\"position\":1,\"name\":\"Home\",\"item\":\"https:\/\/luxesound.ca\/\"},{\"@type\":\"ListItem\",\"position\":2,\"name\":\"Products\",\"item\":\"https:\/\/luxesound.ca\/shop\/\"},{\"@type\":\"ListItem\",\"position\":3,\"name\":\"Kanto Angled Desktop Speaker Stands for Small Speakers &#8211; Pair\"}]},{\"@type\":\"WebSite\",\"@id\":\"https:\/\/luxesound.ca\/#website\",\"url\":\"https:\/\/luxesound.ca\/\",\"name\":\"Luxe Sound\",\"description\":\"The Finest Headphones &amp; Speakers. Proudly Canadian.\",\"publisher\":{\"@id\":\"https:\/\/luxesound.ca\/#organization\"},\"potentialAction\":[{\"@type\":\"SearchAction\",\"target\":{\"@type\":\"EntryPoint\",\"urlTemplate\":\"https:\/\/luxesound.ca\/?s={search_term_string}\"},\"query-input\":{\"@type\":\"PropertyValueSpecification\",\"valueRequired\":true,\"valueName\":\"search_term_string\"}}],\"inLanguage\":\"fr-qc\"},{\"@type\":\"Organization\",\"@id\":\"https:\/\/luxesound.ca\/#organization\",\"name\":\"Luxe Sound\",\"url\":\"https:\/\/luxesound.ca\/\",\"logo\":{\"@type\":\"ImageObject\",\"inLanguage\":\"fr-qc\",\"@id\":\"https:\/\/luxesound.ca\/#\/schema\/logo\/image\/\",\"url\":\"https:\/\/luxesound.ca\/wp-content\/uploads\/2024\/08\/cropped-Luxe-white-on-green.png\",\"contentUrl\":\"https:\/\/luxesound.ca\/wp-content\/uploads\/2024\/08\/cropped-Luxe-white-on-green.png\",\"width\":512,\"height\":512,\"caption\":\"Luxe Sound\"},\"image\":{\"@id\":\"https:\/\/luxesound.ca\/#\/schema\/logo\/image\/\"},\"sameAs\":[\"https:\/\/www.facebook.com\/luxesound.ca\",\"https:\/\/www.instagram.com\/luxe.sound\/\"]}]}<\/script>\n<!-- \/ Yoast SEO plugin. -->","yoast_head_json":{"title":"Kanto Angled Desktop Small Speaker Stands - Luxe Sound","description":"Enhance your sound with Kanto Angled Desktop Speaker Stands. Sleek and perfect for small speakers. Elevate your audio setup. Free Shipping!","robots":{"index":"index","follow":"follow","max-snippet":"max-snippet:-1","max-image-preview":"max-image-preview:large","max-video-preview":"max-video-preview:-1"},"canonical":"https:\/\/luxesound.ca\/fr\/product\/kanto-s2-angled-desktop-speaker-stands-for-small-speakers\/","og_locale":"fr_FR","og_type":"article","og_title":"Kanto Angled Desktop Small Speaker Stands - Luxe Sound","og_description":"Enhance your sound with Kanto Angled Desktop Speaker Stands. Sleek and perfect for small speakers. Elevate your audio setup. Free Shipping!","og_url":"https:\/\/luxesound.ca\/fr\/product\/kanto-s2-angled-desktop-speaker-stands-for-small-speakers\/","og_site_name":"Luxe Sound","article_publisher":"https:\/\/www.facebook.com\/luxesound.ca","article_modified_time":"2026-04-20T19:11:59+00:00","og_image":[{"width":1200,"height":800,"url":"https:\/\/luxesound.ca\/wp-content\/uploads\/2024\/06\/Kanto-Angled-Desktop-Small-Speaker-StandsS2_IMG01_Main.webp?wsr","type":"image\/webp"}],"twitter_card":"summary_large_image","twitter_misc":{"Est. reading time":"1 minute"},"schema":{"@context":"https:\/\/schema.org","@graph":[{"@type":"WebPage","@id":"https:\/\/luxesound.ca\/product\/kanto-s2-angled-desktop-speaker-stands-for-small-speakers\/","url":"https:\/\/luxesound.ca\/product\/kanto-s2-angled-desktop-speaker-stands-for-small-speakers\/","name":"Kanto Angled Desktop Small Speaker Stands - Luxe Sound","isPartOf":{"@id":"https:\/\/luxesound.ca\/#website"},"primaryImageOfPage":{"@id":"https:\/\/luxesound.ca\/product\/kanto-s2-angled-desktop-speaker-stands-for-small-speakers\/#primaryimage"},"image":{"@id":"https:\/\/luxesound.ca\/product\/kanto-s2-angled-desktop-speaker-stands-for-small-speakers\/#primaryimage"},"thumbnailUrl":"https:\/\/luxesound.ca\/wp-content\/uploads\/2024\/06\/Kanto-Angled-Desktop-Small-Speaker-StandsS2_IMG01_Main.webp","datePublished":"2024-06-06T15:01:03+00:00","dateModified":"2026-04-20T19:11:59+00:00","description":"Enhance your sound with Kanto Angled Desktop Speaker Stands. Sleek and perfect for small speakers. Elevate your audio setup. Free Shipping!","breadcrumb":{"@id":"https:\/\/luxesound.ca\/product\/kanto-s2-angled-desktop-speaker-stands-for-small-speakers\/#breadcrumb"},"inLanguage":"fr-qc","potentialAction":[{"@type":"ReadAction","target":["https:\/\/luxesound.ca\/product\/kanto-s2-angled-desktop-speaker-stands-for-small-speakers\/"]}]},{"@type":"ImageObject","inLanguage":"fr-qc","@id":"https:\/\/luxesound.ca\/product\/kanto-s2-angled-desktop-speaker-stands-for-small-speakers\/#primaryimage","url":"https:\/\/luxesound.ca\/wp-content\/uploads\/2024\/06\/Kanto-Angled-Desktop-Small-Speaker-StandsS2_IMG01_Main.webp","contentUrl":"https:\/\/luxesound.ca\/wp-content\/uploads\/2024\/06\/Kanto-Angled-Desktop-Small-Speaker-StandsS2_IMG01_Main.webp","width":1200,"height":800,"caption":"Kanto s2 Angled Desktop Small Speaker Stands pair angled right overhead on white background"},{"@type":"BreadcrumbList","@id":"https:\/\/luxesound.ca\/product\/kanto-s2-angled-desktop-speaker-stands-for-small-speakers\/#breadcrumb","itemListElement":[{"@type":"ListItem","position":1,"name":"Home","item":"https:\/\/luxesound.ca\/"},{"@type":"ListItem","position":2,"name":"Products","item":"https:\/\/luxesound.ca\/shop\/"},{"@type":"ListItem","position":3,"name":"Kanto Angled Desktop Speaker Stands for Small Speakers &#8211; Pair"}]},{"@type":"WebSite","@id":"https:\/\/luxesound.ca\/#website","url":"https:\/\/luxesound.ca\/","name":"Son luxueux","description":"Les meilleurs \u00e9couteurs et haut-parleurs. Fi\u00e8rement canadiens.","publisher":{"@id":"https:\/\/luxesound.ca\/#organization"},"potentialAction":[{"@type":"SearchAction","target":{"@type":"EntryPoint","urlTemplate":"https:\/\/luxesound.ca\/?s={search_term_string}"},"query-input":{"@type":"PropertyValueSpecification","valueRequired":true,"valueName":"search_term_string"}}],"inLanguage":"fr-qc"},{"@type":"Organization","@id":"https:\/\/luxesound.ca\/#organization","name":"Son luxueux","url":"https:\/\/luxesound.ca\/","logo":{"@type":"ImageObject","inLanguage":"fr-qc","@id":"https:\/\/luxesound.ca\/#\/schema\/logo\/image\/","url":"https:\/\/luxesound.ca\/wp-content\/uploads\/2024\/08\/cropped-Luxe-white-on-green.png","contentUrl":"https:\/\/luxesound.ca\/wp-content\/uploads\/2024\/08\/cropped-Luxe-white-on-green.png","width":512,"height":512,"caption":"Luxe Sound"},"image":{"@id":"https:\/\/luxesound.ca\/#\/schema\/logo\/image\/"},"sameAs":["https:\/\/www.facebook.com\/luxesound.ca","https:\/\/www.instagram.com\/luxe.sound\/"]}]}},"_links":{"self":[{"href":"https:\/\/luxesound.ca\/fr\/wp-json\/wp\/v2\/product\/4676","targetHints":{"allow":["GET"]}}],"collection":[{"href":"https:\/\/luxesound.ca\/fr\/wp-json\/wp\/v2\/product"}],"about":[{"href":"https:\/\/luxesound.ca\/fr\/wp-json\/wp\/v2\/types\/product"}],"replies":[{"embeddable":true,"href":"https:\/\/luxesound.ca\/fr\/wp-json\/wp\/v2\/comments?post=4676"}],"version-history":[{"count":1,"href":"https:\/\/luxesound.ca\/fr\/wp-json\/wp\/v2\/product\/4676\/revisions"}],"predecessor-version":[{"id":7711,"href":"https:\/\/luxesound.ca\/fr\/wp-json\/wp\/v2\/product\/4676\/revisions\/7711"}],"wp:featuredmedia":[{"embeddable":true,"href":"https:\/\/luxesound.ca\/fr\/wp-json\/wp\/v2\/media\/7701"}],"wp:attachment":[{"href":"https:\/\/luxesound.ca\/fr\/wp-json\/wp\/v2\/media?parent=4676"}],"wp:term":[{"taxonomy":"product_brand","embeddable":true,"href":"https:\/\/luxesound.ca\/fr\/wp-json\/wp\/v2\/product_brand?post=4676"},{"taxonomy":"product_cat","embeddable":true,"href":"https:\/\/luxesound.ca\/fr\/wp-json\/wp\/v2\/product_cat?post=4676"},{"taxonomy":"product_tag","embeddable":true,"href":"https:\/\/luxesound.ca\/fr\/wp-json\/wp\/v2\/product_tag?post=4676"}],"curies":[{"name":"wp","href":"https:\/\/api.w.org\/{rel}","templated":true}]}}