{"id":4648,"date":"2024-06-06T11:00:57","date_gmt":"2024-06-06T15:00:57","guid":{"rendered":"https:\/\/luxesound.ca\/?post_type=product&#038;p=4648"},"modified":"2026-04-20T15:11:59","modified_gmt":"2026-04-20T19:11:59","slug":"kanto-ora-100w-powered-reference-desktop-speakers-with-usb-c-input-and-bluetooth","status":"publish","type":"product","link":"https:\/\/luxesound.ca\/fr\/product\/kanto-ora-100w-powered-reference-desktop-speakers-with-usb-c-input-and-bluetooth\/","title":{"rendered":"Enceintes de bureau aliment\u00e9es Kanto ORA 100 W \u2013 Paire"},"content":{"rendered":"<p>Les enceintes de bureau Kanto ORA comblent le foss\u00e9 entre les enceintes d&#039;ordinateur et les moniteurs de studio, vous offrant un son de qualit\u00e9 studio sans dominer votre espace. ORA dispose d&#039;entr\u00e9es modernes comme l&#039;USB-C pour obtenir le meilleur son de votre PC ou Mac, le Bluetooth 5.0 pour associer votre t\u00e9l\u00e9phone ou votre appareil domestique intelligent et le RCA pour votre \u00e9quipement analogique. Dot\u00e9 d&#039;un crossover qui envoie automatiquement les basses \u00e0 un caisson de basses connect\u00e9, vous obtenez une int\u00e9gration parfaite des basses, lib\u00e9rant les woofers de 3 pouces et les tweeters \u00e0 d\u00f4me en soie de \u00be pouces pour se concentrer sur ce qu&#039;ils font le mieux. ORA est le m\u00e9lange parfait d&#039;un son de qualit\u00e9 de r\u00e9f\u00e9rence et de fonctionnalit\u00e9s modernes dans une taille compacte pour s&#039;adapter \u00e0 votre bureau.<\/p>","protected":false},"excerpt":{"rendered":"<p>Les enceintes de bureau Kanto ORA comblent le foss\u00e9 entre les enceintes d&#039;ordinateur et les moniteurs de studio, vous offrant un son de qualit\u00e9 studio sans dominer votre espace. ORA dispose d&#039;entr\u00e9es modernes comme l&#039;USB-C pour obtenir le meilleur son de votre PC ou Mac, le Bluetooth 5.0 pour associer votre t\u00e9l\u00e9phone ou votre appareil domestique intelligent et le RCA pour votre \u00e9quipement analogique. Dot\u00e9 d&#039;un crossover qui envoie automatiquement les basses \u00e0 un caisson de basses connect\u00e9, vous obtenez une int\u00e9gration parfaite des basses, lib\u00e9rant les woofers de 3 pouces et les tweeters \u00e0 d\u00f4me en soie de \u00be pouces pour se concentrer sur ce qu&#039;ils font le mieux. ORA est le m\u00e9lange parfait d&#039;un son de qualit\u00e9 de r\u00e9f\u00e9rence et de fonctionnalit\u00e9s modernes dans une taille compacte pour s&#039;adapter \u00e0 votre bureau.<\/p>","protected":false},"featured_media":7863,"comment_status":"open","ping_status":"closed","template":"","meta":{"_acf_changed":false,"_mo_disable_npp":"","inline_featured_image":false},"product_brand":[746],"product_cat":[554,27],"product_tag":[584,168,586,588,585,598,589,595,600,587,593,594,599,597,278,592,596,590,591],"class_list":{"0":"post-4648","1":"product","2":"type-product","3":"status-publish","4":"has-post-thumbnail","6":"product_brand-kanto","7":"product_cat-kanto","8":"product_cat-speakers","9":"product_tag-bi-amplified-desktop-speaker","10":"product_tag-bluetooth-speaker","11":"product_tag-computer-speakers","12":"product_tag-content-creation","13":"product_tag-desktop-speakers","14":"product_tag-desktop-speakers-with-bluetooth","15":"product_tag-editing-speakers","16":"product_tag-flat-speaker","17":"product_tag-gaming-desktop-speakers","18":"product_tag-gaming-speakers","19":"product_tag-inputs","20":"product_tag-pc-speaker","21":"product_tag-pc-speakers","22":"product_tag-powered-desktop-speakers","23":"product_tag-powered-speakers","24":"product_tag-rca-speaker","25":"product_tag-reference-desktop-speakers","26":"product_tag-reference-speakers","27":"product_tag-usb-c","28":"pa_colour-black","30":"first","31":"instock","32":"taxable","33":"shipping-taxable","34":"purchasable","35":"product-type-variable","36":"has-default-attributes"},"bundled_by":[],"bundle_stock_status":"instock","bundle_stock_quantity":null,"bundle_virtual":false,"bundle_layout":"","bundle_add_to_cart_form_location":"","bundle_editable_in_cart":false,"bundle_sold_individually_context":"","bundle_item_grouping":"","bundle_min_size":"","bundle_max_size":"","bundle_price":[],"bundled_items":[],"bundle_sell_ids":[],"acf":[],"ct_brands":[{"id":746,"name":"Kanto","slug":"kanto"}],"yoast_head":"<!-- This site is optimized with the Yoast SEO plugin v27.2 - https:\/\/yoast.com\/product\/yoast-seo-wordpress\/ -->\n<title>Kanto ORA 100W Powered Reference Desktop Speakers - Pair - Luxe Sound<\/title>\n<meta name=\"description\" content=\"Discover premium sound with Kanto ORA 100W Powered Reference Desktop Speakers. Powerful and refined, ideal for any desk. Elevate your audio. Free Shipping!\" \/>\n<meta name=\"robots\" content=\"index, follow, max-snippet:-1, max-image-preview:large, max-video-preview:-1\" \/>\n<link rel=\"canonical\" href=\"https:\/\/luxesound.ca\/fr\/product\/kanto-ora-100w-powered-reference-desktop-speakers-with-usb-c-input-and-bluetooth\/\" \/>\n<meta property=\"og:locale\" content=\"fr_FR\" \/>\n<meta property=\"og:type\" content=\"article\" \/>\n<meta property=\"og:title\" content=\"Kanto ORA 100W Powered Reference Desktop Speakers - Pair - Luxe Sound\" \/>\n<meta property=\"og:description\" content=\"Discover premium sound with Kanto ORA 100W Powered Reference Desktop Speakers. Powerful and refined, ideal for any desk. Elevate your audio. Free Shipping!\" \/>\n<meta property=\"og:url\" content=\"https:\/\/luxesound.ca\/fr\/product\/kanto-ora-100w-powered-reference-desktop-speakers-with-usb-c-input-and-bluetooth\/\" \/>\n<meta property=\"og:site_name\" content=\"Luxe Sound\" \/>\n<meta property=\"article:publisher\" content=\"https:\/\/www.facebook.com\/luxesound.ca\" \/>\n<meta property=\"article:modified_time\" content=\"2026-04-20T19:11:59+00:00\" \/>\n<meta property=\"og:image\" content=\"https:\/\/luxesound.ca\/wp-content\/uploads\/2024\/06\/Kanto-ORA-Desktop-Speakers-ORA_Main-noshadow.webp?wsr\" \/>\n\t<meta property=\"og:image:width\" content=\"1200\" \/>\n\t<meta property=\"og:image:height\" content=\"800\" \/>\n\t<meta property=\"og:image:type\" content=\"image\/webp\" \/>\n<meta name=\"twitter:card\" content=\"summary_large_image\" \/>\n<meta name=\"twitter:label1\" content=\"Est. reading time\" \/>\n\t<meta name=\"twitter:data1\" content=\"1 minute\" \/>\n<script type=\"application\/ld+json\" class=\"yoast-schema-graph\">{\"@context\":\"https:\/\/schema.org\",\"@graph\":[{\"@type\":\"WebPage\",\"@id\":\"https:\/\/luxesound.ca\/product\/kanto-ora-100w-powered-reference-desktop-speakers-with-usb-c-input-and-bluetooth\/\",\"url\":\"https:\/\/luxesound.ca\/product\/kanto-ora-100w-powered-reference-desktop-speakers-with-usb-c-input-and-bluetooth\/\",\"name\":\"Kanto ORA 100W Powered Reference Desktop Speakers - Pair - Luxe Sound\",\"isPartOf\":{\"@id\":\"https:\/\/luxesound.ca\/#website\"},\"primaryImageOfPage\":{\"@id\":\"https:\/\/luxesound.ca\/product\/kanto-ora-100w-powered-reference-desktop-speakers-with-usb-c-input-and-bluetooth\/#primaryimage\"},\"image\":{\"@id\":\"https:\/\/luxesound.ca\/product\/kanto-ora-100w-powered-reference-desktop-speakers-with-usb-c-input-and-bluetooth\/#primaryimage\"},\"thumbnailUrl\":\"https:\/\/luxesound.ca\/wp-content\/uploads\/2024\/06\/Kanto-ORA-Desktop-Speakers-ORA_Main-noshadow.webp\",\"datePublished\":\"2024-06-06T15:00:57+00:00\",\"dateModified\":\"2026-04-20T19:11:59+00:00\",\"description\":\"Discover premium sound with Kanto ORA 100W Powered Reference Desktop Speakers. Powerful and refined, ideal for any desk. Elevate your audio. Free Shipping!\",\"breadcrumb\":{\"@id\":\"https:\/\/luxesound.ca\/product\/kanto-ora-100w-powered-reference-desktop-speakers-with-usb-c-input-and-bluetooth\/#breadcrumb\"},\"inLanguage\":\"fr-qc\",\"potentialAction\":[{\"@type\":\"ReadAction\",\"target\":[\"https:\/\/luxesound.ca\/product\/kanto-ora-100w-powered-reference-desktop-speakers-with-usb-c-input-and-bluetooth\/\"]}]},{\"@type\":\"ImageObject\",\"inLanguage\":\"fr-qc\",\"@id\":\"https:\/\/luxesound.ca\/product\/kanto-ora-100w-powered-reference-desktop-speakers-with-usb-c-input-and-bluetooth\/#primaryimage\",\"url\":\"https:\/\/luxesound.ca\/wp-content\/uploads\/2024\/06\/Kanto-ORA-Desktop-Speakers-ORA_Main-noshadow.webp\",\"contentUrl\":\"https:\/\/luxesound.ca\/wp-content\/uploads\/2024\/06\/Kanto-ORA-Desktop-Speakers-ORA_Main-noshadow.webp\",\"width\":1200,\"height\":800,\"caption\":\"Kanto ORA Desktop Speakers pair, product photo on white background\"},{\"@type\":\"BreadcrumbList\",\"@id\":\"https:\/\/luxesound.ca\/product\/kanto-ora-100w-powered-reference-desktop-speakers-with-usb-c-input-and-bluetooth\/#breadcrumb\",\"itemListElement\":[{\"@type\":\"ListItem\",\"position\":1,\"name\":\"Home\",\"item\":\"https:\/\/luxesound.ca\/\"},{\"@type\":\"ListItem\",\"position\":2,\"name\":\"Products\",\"item\":\"https:\/\/luxesound.ca\/shop\/\"},{\"@type\":\"ListItem\",\"position\":3,\"name\":\"Kanto ORA 100W Powered Reference Desktop Speakers &#8211; Pair\"}]},{\"@type\":\"WebSite\",\"@id\":\"https:\/\/luxesound.ca\/#website\",\"url\":\"https:\/\/luxesound.ca\/\",\"name\":\"Luxe Sound\",\"description\":\"The Finest Headphones &amp; Speakers. Proudly Canadian.\",\"publisher\":{\"@id\":\"https:\/\/luxesound.ca\/#organization\"},\"potentialAction\":[{\"@type\":\"SearchAction\",\"target\":{\"@type\":\"EntryPoint\",\"urlTemplate\":\"https:\/\/luxesound.ca\/?s={search_term_string}\"},\"query-input\":{\"@type\":\"PropertyValueSpecification\",\"valueRequired\":true,\"valueName\":\"search_term_string\"}}],\"inLanguage\":\"fr-qc\"},{\"@type\":\"Organization\",\"@id\":\"https:\/\/luxesound.ca\/#organization\",\"name\":\"Luxe Sound\",\"url\":\"https:\/\/luxesound.ca\/\",\"logo\":{\"@type\":\"ImageObject\",\"inLanguage\":\"fr-qc\",\"@id\":\"https:\/\/luxesound.ca\/#\/schema\/logo\/image\/\",\"url\":\"https:\/\/luxesound.ca\/wp-content\/uploads\/2024\/08\/cropped-Luxe-white-on-green.png\",\"contentUrl\":\"https:\/\/luxesound.ca\/wp-content\/uploads\/2024\/08\/cropped-Luxe-white-on-green.png\",\"width\":512,\"height\":512,\"caption\":\"Luxe Sound\"},\"image\":{\"@id\":\"https:\/\/luxesound.ca\/#\/schema\/logo\/image\/\"},\"sameAs\":[\"https:\/\/www.facebook.com\/luxesound.ca\",\"https:\/\/www.instagram.com\/luxe.sound\/\"]}]}<\/script>\n<!-- \/ Yoast SEO plugin. -->","yoast_head_json":{"title":"Kanto ORA 100W Powered Reference Desktop Speakers - Pair - Luxe Sound","description":"Discover premium sound with Kanto ORA 100W Powered Reference Desktop Speakers. Powerful and refined, ideal for any desk. Elevate your audio. Free Shipping!","robots":{"index":"index","follow":"follow","max-snippet":"max-snippet:-1","max-image-preview":"max-image-preview:large","max-video-preview":"max-video-preview:-1"},"canonical":"https:\/\/luxesound.ca\/fr\/product\/kanto-ora-100w-powered-reference-desktop-speakers-with-usb-c-input-and-bluetooth\/","og_locale":"fr_FR","og_type":"article","og_title":"Kanto ORA 100W Powered Reference Desktop Speakers - Pair - Luxe Sound","og_description":"Discover premium sound with Kanto ORA 100W Powered Reference Desktop Speakers. Powerful and refined, ideal for any desk. Elevate your audio. Free Shipping!","og_url":"https:\/\/luxesound.ca\/fr\/product\/kanto-ora-100w-powered-reference-desktop-speakers-with-usb-c-input-and-bluetooth\/","og_site_name":"Luxe Sound","article_publisher":"https:\/\/www.facebook.com\/luxesound.ca","article_modified_time":"2026-04-20T19:11:59+00:00","og_image":[{"width":1200,"height":800,"url":"https:\/\/luxesound.ca\/wp-content\/uploads\/2024\/06\/Kanto-ORA-Desktop-Speakers-ORA_Main-noshadow.webp?wsr","type":"image\/webp"}],"twitter_card":"summary_large_image","twitter_misc":{"Est. reading time":"1 minute"},"schema":{"@context":"https:\/\/schema.org","@graph":[{"@type":"WebPage","@id":"https:\/\/luxesound.ca\/product\/kanto-ora-100w-powered-reference-desktop-speakers-with-usb-c-input-and-bluetooth\/","url":"https:\/\/luxesound.ca\/product\/kanto-ora-100w-powered-reference-desktop-speakers-with-usb-c-input-and-bluetooth\/","name":"Kanto ORA 100W Powered Reference Desktop Speakers - Pair - Luxe Sound","isPartOf":{"@id":"https:\/\/luxesound.ca\/#website"},"primaryImageOfPage":{"@id":"https:\/\/luxesound.ca\/product\/kanto-ora-100w-powered-reference-desktop-speakers-with-usb-c-input-and-bluetooth\/#primaryimage"},"image":{"@id":"https:\/\/luxesound.ca\/product\/kanto-ora-100w-powered-reference-desktop-speakers-with-usb-c-input-and-bluetooth\/#primaryimage"},"thumbnailUrl":"https:\/\/luxesound.ca\/wp-content\/uploads\/2024\/06\/Kanto-ORA-Desktop-Speakers-ORA_Main-noshadow.webp","datePublished":"2024-06-06T15:00:57+00:00","dateModified":"2026-04-20T19:11:59+00:00","description":"Discover premium sound with Kanto ORA 100W Powered Reference Desktop Speakers. Powerful and refined, ideal for any desk. Elevate your audio. Free Shipping!","breadcrumb":{"@id":"https:\/\/luxesound.ca\/product\/kanto-ora-100w-powered-reference-desktop-speakers-with-usb-c-input-and-bluetooth\/#breadcrumb"},"inLanguage":"fr-qc","potentialAction":[{"@type":"ReadAction","target":["https:\/\/luxesound.ca\/product\/kanto-ora-100w-powered-reference-desktop-speakers-with-usb-c-input-and-bluetooth\/"]}]},{"@type":"ImageObject","inLanguage":"fr-qc","@id":"https:\/\/luxesound.ca\/product\/kanto-ora-100w-powered-reference-desktop-speakers-with-usb-c-input-and-bluetooth\/#primaryimage","url":"https:\/\/luxesound.ca\/wp-content\/uploads\/2024\/06\/Kanto-ORA-Desktop-Speakers-ORA_Main-noshadow.webp","contentUrl":"https:\/\/luxesound.ca\/wp-content\/uploads\/2024\/06\/Kanto-ORA-Desktop-Speakers-ORA_Main-noshadow.webp","width":1200,"height":800,"caption":"Kanto ORA Desktop Speakers pair, product photo on white background"},{"@type":"BreadcrumbList","@id":"https:\/\/luxesound.ca\/product\/kanto-ora-100w-powered-reference-desktop-speakers-with-usb-c-input-and-bluetooth\/#breadcrumb","itemListElement":[{"@type":"ListItem","position":1,"name":"Home","item":"https:\/\/luxesound.ca\/"},{"@type":"ListItem","position":2,"name":"Products","item":"https:\/\/luxesound.ca\/shop\/"},{"@type":"ListItem","position":3,"name":"Kanto ORA 100W Powered Reference Desktop Speakers &#8211; Pair"}]},{"@type":"WebSite","@id":"https:\/\/luxesound.ca\/#website","url":"https:\/\/luxesound.ca\/","name":"Son luxueux","description":"Les meilleurs \u00e9couteurs et haut-parleurs. Fi\u00e8rement canadiens.","publisher":{"@id":"https:\/\/luxesound.ca\/#organization"},"potentialAction":[{"@type":"SearchAction","target":{"@type":"EntryPoint","urlTemplate":"https:\/\/luxesound.ca\/?s={search_term_string}"},"query-input":{"@type":"PropertyValueSpecification","valueRequired":true,"valueName":"search_term_string"}}],"inLanguage":"fr-qc"},{"@type":"Organization","@id":"https:\/\/luxesound.ca\/#organization","name":"Son luxueux","url":"https:\/\/luxesound.ca\/","logo":{"@type":"ImageObject","inLanguage":"fr-qc","@id":"https:\/\/luxesound.ca\/#\/schema\/logo\/image\/","url":"https:\/\/luxesound.ca\/wp-content\/uploads\/2024\/08\/cropped-Luxe-white-on-green.png","contentUrl":"https:\/\/luxesound.ca\/wp-content\/uploads\/2024\/08\/cropped-Luxe-white-on-green.png","width":512,"height":512,"caption":"Luxe Sound"},"image":{"@id":"https:\/\/luxesound.ca\/#\/schema\/logo\/image\/"},"sameAs":["https:\/\/www.facebook.com\/luxesound.ca","https:\/\/www.instagram.com\/luxe.sound\/"]}]}},"_links":{"self":[{"href":"https:\/\/luxesound.ca\/fr\/wp-json\/wp\/v2\/product\/4648","targetHints":{"allow":["GET"]}}],"collection":[{"href":"https:\/\/luxesound.ca\/fr\/wp-json\/wp\/v2\/product"}],"about":[{"href":"https:\/\/luxesound.ca\/fr\/wp-json\/wp\/v2\/types\/product"}],"replies":[{"embeddable":true,"href":"https:\/\/luxesound.ca\/fr\/wp-json\/wp\/v2\/comments?post=4648"}],"version-history":[{"count":1,"href":"https:\/\/luxesound.ca\/fr\/wp-json\/wp\/v2\/product\/4648\/revisions"}],"predecessor-version":[{"id":7867,"href":"https:\/\/luxesound.ca\/fr\/wp-json\/wp\/v2\/product\/4648\/revisions\/7867"}],"wp:featuredmedia":[{"embeddable":true,"href":"https:\/\/luxesound.ca\/fr\/wp-json\/wp\/v2\/media\/7863"}],"wp:attachment":[{"href":"https:\/\/luxesound.ca\/fr\/wp-json\/wp\/v2\/media?parent=4648"}],"wp:term":[{"taxonomy":"product_brand","embeddable":true,"href":"https:\/\/luxesound.ca\/fr\/wp-json\/wp\/v2\/product_brand?post=4648"},{"taxonomy":"product_cat","embeddable":true,"href":"https:\/\/luxesound.ca\/fr\/wp-json\/wp\/v2\/product_cat?post=4648"},{"taxonomy":"product_tag","embeddable":true,"href":"https:\/\/luxesound.ca\/fr\/wp-json\/wp\/v2\/product_tag?post=4648"}],"curies":[{"name":"wp","href":"https:\/\/api.w.org\/{rel}","templated":true}]}}