{"id":4629,"date":"2024-06-06T11:00:56","date_gmt":"2024-06-06T15:00:56","guid":{"rendered":"https:\/\/luxesound.ca\/?post_type=product&#038;p=4629"},"modified":"2026-04-29T13:02:50","modified_gmt":"2026-04-29T17:02:50","slug":"kanto-hh-universal-under-desk-headphone-hook","status":"publish","type":"product","link":"https:\/\/luxesound.ca\/fr\/product\/kanto-hh-universal-under-desk-headphone-hook\/","title":{"rendered":"Crochet universel pour casque sous le bureau Kanto"},"content":{"rendered":"<p>B\u00e9n\u00e9ficiez d&#039;un acc\u00e8s facile \u00e0 vos \u00e9couteurs tout en r\u00e9duisant l&#039;encombrement sur votre bureau. Fabriqu\u00e9 en acier, le crochet universel pour casque Kanto est dot\u00e9 d&#039;un support en silicone profil\u00e9 con\u00e7u pour prot\u00e9ger votre bandeau tout en le maintenant bien en place. L&#039;adh\u00e9sif 3M VHB haute r\u00e9sistance garantit une installation rapide et fiable sous votre bureau, tandis que des vis autotaraudeuses en option sont fournies pour une installation plus permanente. Utilisez ce support pour casque discret avec la plupart des casques supra-auriculaires et supra-auriculaires pesant jusqu&#039;\u00e0 deux livres.<\/p>","protected":false},"excerpt":{"rendered":"<p>B\u00e9n\u00e9ficiez d&#039;un acc\u00e8s facile \u00e0 vos \u00e9couteurs tout en r\u00e9duisant l&#039;encombrement sur votre bureau. Fabriqu\u00e9 en acier, le crochet universel pour casque Kanto est dot\u00e9 d&#039;un support en silicone profil\u00e9 con\u00e7u pour prot\u00e9ger votre bandeau tout en le maintenant bien en place. L&#039;adh\u00e9sif 3M VHB haute r\u00e9sistance garantit une installation rapide et fiable sous votre bureau, tandis que des vis autotaraudeuses en option sont fournies pour une installation plus permanente. Utilisez ce support pour casque discret avec la plupart des casques supra-auriculaires et supra-auriculaires pesant jusqu&#039;\u00e0 deux livres.<\/p>","protected":false},"featured_media":7888,"comment_status":"open","ping_status":"closed","template":"","meta":{"_acf_changed":false,"_mo_disable_npp":"","inline_featured_image":false},"product_brand":[746],"product_cat":[36,738,930,554,909,741,773],"product_tag":[579,561,555,567,556,241,577,583,578,574,576,575,566,565,560,568,559,582,558,563,562,581,564,580],"class_list":{"0":"post-4629","1":"product","2":"type-product","3":"status-publish","4":"has-post-thumbnail","6":"product_brand-kanto","7":"product_cat-accessories","8":"product_cat-headphone-stands","9":"product_cat-headphones-accessories","10":"product_cat-kanto","11":"product_cat-kanto-black-friday","12":"product_cat-other-accessories","13":"product_cat-stands-mounts","14":"product_tag-black","15":"product_tag-desk","16":"product_tag-desktop","17":"product_tag-ear","18":"product_tag-headphone","19":"product_tag-headphones","20":"product_tag-hh","21":"product_tag-hidden","22":"product_tag-hook","23":"product_tag-kanto","24":"product_tag-kantoaudio","25":"product_tag-kantoliving","26":"product_tag-on","27":"product_tag-over","28":"product_tag-padding","29":"product_tag-setup","30":"product_tag-silicon","31":"product_tag-sleek","32":"product_tag-steel","33":"product_tag-sturdy","34":"product_tag-supports","35":"product_tag-under","36":"product_tag-universal","37":"product_tag-white","38":"pa_colour-black","39":"pa_colour-white","41":"first","42":"instock","43":"taxable","44":"shipping-taxable","45":"purchasable","46":"product-type-variable","47":"has-default-attributes"},"bundled_by":[],"bundle_stock_status":"instock","bundle_stock_quantity":null,"bundle_virtual":false,"bundle_layout":"","bundle_add_to_cart_form_location":"","bundle_editable_in_cart":false,"bundle_sold_individually_context":"","bundle_item_grouping":"","bundle_min_size":"","bundle_max_size":"","bundle_price":[],"bundled_items":[],"bundle_sell_ids":[],"acf":[],"ct_brands":[{"id":746,"name":"Kanto","slug":"kanto"}],"yoast_head":"<!-- This site is optimized with the Yoast SEO plugin v27.2 - https:\/\/yoast.com\/product\/yoast-seo-wordpress\/ -->\n<title>Kanto Universal Under Desk Headphone Hook - Luxe Sound<\/title>\n<meta name=\"description\" content=\"Save space with the Kanto Universal Headphone Hook. Easy to setup, Discreet and durable, perfect for any setup. Free Shipping!\" \/>\n<meta name=\"robots\" content=\"index, follow, max-snippet:-1, max-image-preview:large, max-video-preview:-1\" \/>\n<link rel=\"canonical\" href=\"https:\/\/luxesound.ca\/fr\/product\/kanto-hh-universal-under-desk-headphone-hook\/\" \/>\n<meta property=\"og:locale\" content=\"fr_FR\" \/>\n<meta property=\"og:type\" content=\"article\" \/>\n<meta property=\"og:title\" content=\"Kanto Universal Under Desk Headphone Hook - Luxe Sound\" \/>\n<meta property=\"og:description\" content=\"Save space with the Kanto Universal Headphone Hook. Easy to setup, Discreet and durable, perfect for any setup. Free Shipping!\" \/>\n<meta property=\"og:url\" content=\"https:\/\/luxesound.ca\/fr\/product\/kanto-hh-universal-under-desk-headphone-hook\/\" \/>\n<meta property=\"og:site_name\" content=\"Luxe Sound\" \/>\n<meta property=\"article:publisher\" content=\"https:\/\/www.facebook.com\/luxesound.ca\" \/>\n<meta property=\"article:modified_time\" content=\"2026-04-29T17:02:50+00:00\" \/>\n<meta property=\"og:image\" content=\"https:\/\/luxesound.ca\/wp-content\/uploads\/2024\/06\/Kanto-Universal-Headphone-Hook-HH_IMG03_MainRight.webp\" \/>\n\t<meta property=\"og:image:width\" content=\"1200\" \/>\n\t<meta property=\"og:image:height\" content=\"800\" \/>\n\t<meta property=\"og:image:type\" content=\"image\/webp\" \/>\n<meta name=\"twitter:card\" content=\"summary_large_image\" \/>\n<meta name=\"twitter:label1\" content=\"Est. reading time\" \/>\n\t<meta name=\"twitter:data1\" content=\"1 minute\" \/>\n<script type=\"application\/ld+json\" class=\"yoast-schema-graph\">{\"@context\":\"https:\/\/schema.org\",\"@graph\":[{\"@type\":\"WebPage\",\"@id\":\"https:\/\/luxesound.ca\/product\/kanto-hh-universal-under-desk-headphone-hook\/\",\"url\":\"https:\/\/luxesound.ca\/product\/kanto-hh-universal-under-desk-headphone-hook\/\",\"name\":\"Kanto Universal Under Desk Headphone Hook - Luxe Sound\",\"isPartOf\":{\"@id\":\"https:\/\/luxesound.ca\/#website\"},\"primaryImageOfPage\":{\"@id\":\"https:\/\/luxesound.ca\/product\/kanto-hh-universal-under-desk-headphone-hook\/#primaryimage\"},\"image\":{\"@id\":\"https:\/\/luxesound.ca\/product\/kanto-hh-universal-under-desk-headphone-hook\/#primaryimage\"},\"thumbnailUrl\":\"https:\/\/luxesound.ca\/wp-content\/uploads\/2024\/06\/Kanto-Universal-Headphone-Hook-HH_IMG03_MainRight.webp\",\"datePublished\":\"2024-06-06T15:00:56+00:00\",\"dateModified\":\"2026-04-29T17:02:50+00:00\",\"description\":\"Save space with the Kanto Universal Headphone Hook. Easy to setup, Discreet and durable, perfect for any setup. Free Shipping!\",\"breadcrumb\":{\"@id\":\"https:\/\/luxesound.ca\/product\/kanto-hh-universal-under-desk-headphone-hook\/#breadcrumb\"},\"inLanguage\":\"fr-qc\",\"potentialAction\":[{\"@type\":\"ReadAction\",\"target\":[\"https:\/\/luxesound.ca\/product\/kanto-hh-universal-under-desk-headphone-hook\/\"]}]},{\"@type\":\"ImageObject\",\"inLanguage\":\"fr-qc\",\"@id\":\"https:\/\/luxesound.ca\/product\/kanto-hh-universal-under-desk-headphone-hook\/#primaryimage\",\"url\":\"https:\/\/luxesound.ca\/wp-content\/uploads\/2024\/06\/Kanto-Universal-Headphone-Hook-HH_IMG03_MainRight.webp\",\"contentUrl\":\"https:\/\/luxesound.ca\/wp-content\/uploads\/2024\/06\/Kanto-Universal-Headphone-Hook-HH_IMG03_MainRight.webp\",\"width\":1200,\"height\":800,\"caption\":\"Kanto Universal Headphone Hook in black on white background\"},{\"@type\":\"BreadcrumbList\",\"@id\":\"https:\/\/luxesound.ca\/product\/kanto-hh-universal-under-desk-headphone-hook\/#breadcrumb\",\"itemListElement\":[{\"@type\":\"ListItem\",\"position\":1,\"name\":\"Home\",\"item\":\"https:\/\/luxesound.ca\/\"},{\"@type\":\"ListItem\",\"position\":2,\"name\":\"Products\",\"item\":\"https:\/\/luxesound.ca\/shop\/\"},{\"@type\":\"ListItem\",\"position\":3,\"name\":\"Kanto Universal Under Desk Headphone Hook\"}]},{\"@type\":\"WebSite\",\"@id\":\"https:\/\/luxesound.ca\/#website\",\"url\":\"https:\/\/luxesound.ca\/\",\"name\":\"Luxe Sound\",\"description\":\"The Finest Headphones &amp; Speakers. Proudly Canadian.\",\"publisher\":{\"@id\":\"https:\/\/luxesound.ca\/#organization\"},\"potentialAction\":[{\"@type\":\"SearchAction\",\"target\":{\"@type\":\"EntryPoint\",\"urlTemplate\":\"https:\/\/luxesound.ca\/?s={search_term_string}\"},\"query-input\":{\"@type\":\"PropertyValueSpecification\",\"valueRequired\":true,\"valueName\":\"search_term_string\"}}],\"inLanguage\":\"fr-qc\"},{\"@type\":\"Organization\",\"@id\":\"https:\/\/luxesound.ca\/#organization\",\"name\":\"Luxe Sound\",\"url\":\"https:\/\/luxesound.ca\/\",\"logo\":{\"@type\":\"ImageObject\",\"inLanguage\":\"fr-qc\",\"@id\":\"https:\/\/luxesound.ca\/#\/schema\/logo\/image\/\",\"url\":\"https:\/\/luxesound.ca\/wp-content\/uploads\/2024\/08\/cropped-Luxe-white-on-green.png\",\"contentUrl\":\"https:\/\/luxesound.ca\/wp-content\/uploads\/2024\/08\/cropped-Luxe-white-on-green.png\",\"width\":512,\"height\":512,\"caption\":\"Luxe Sound\"},\"image\":{\"@id\":\"https:\/\/luxesound.ca\/#\/schema\/logo\/image\/\"},\"sameAs\":[\"https:\/\/www.facebook.com\/luxesound.ca\",\"https:\/\/www.instagram.com\/luxe.sound\/\"]}]}<\/script>\n<!-- \/ Yoast SEO plugin. -->","yoast_head_json":{"title":"Kanto Universal Under Desk Headphone Hook - Luxe Sound","description":"Save space with the Kanto Universal Headphone Hook. Easy to setup, Discreet and durable, perfect for any setup. Free Shipping!","robots":{"index":"index","follow":"follow","max-snippet":"max-snippet:-1","max-image-preview":"max-image-preview:large","max-video-preview":"max-video-preview:-1"},"canonical":"https:\/\/luxesound.ca\/fr\/product\/kanto-hh-universal-under-desk-headphone-hook\/","og_locale":"fr_FR","og_type":"article","og_title":"Kanto Universal Under Desk Headphone Hook - Luxe Sound","og_description":"Save space with the Kanto Universal Headphone Hook. Easy to setup, Discreet and durable, perfect for any setup. Free Shipping!","og_url":"https:\/\/luxesound.ca\/fr\/product\/kanto-hh-universal-under-desk-headphone-hook\/","og_site_name":"Luxe Sound","article_publisher":"https:\/\/www.facebook.com\/luxesound.ca","article_modified_time":"2026-04-29T17:02:50+00:00","og_image":[{"width":1200,"height":800,"url":"https:\/\/luxesound.ca\/wp-content\/uploads\/2024\/06\/Kanto-Universal-Headphone-Hook-HH_IMG03_MainRight.webp","type":"image\/webp"}],"twitter_card":"summary_large_image","twitter_misc":{"Est. reading time":"1 minute"},"schema":{"@context":"https:\/\/schema.org","@graph":[{"@type":"WebPage","@id":"https:\/\/luxesound.ca\/product\/kanto-hh-universal-under-desk-headphone-hook\/","url":"https:\/\/luxesound.ca\/product\/kanto-hh-universal-under-desk-headphone-hook\/","name":"Kanto Universal Under Desk Headphone Hook - Luxe Sound","isPartOf":{"@id":"https:\/\/luxesound.ca\/#website"},"primaryImageOfPage":{"@id":"https:\/\/luxesound.ca\/product\/kanto-hh-universal-under-desk-headphone-hook\/#primaryimage"},"image":{"@id":"https:\/\/luxesound.ca\/product\/kanto-hh-universal-under-desk-headphone-hook\/#primaryimage"},"thumbnailUrl":"https:\/\/luxesound.ca\/wp-content\/uploads\/2024\/06\/Kanto-Universal-Headphone-Hook-HH_IMG03_MainRight.webp","datePublished":"2024-06-06T15:00:56+00:00","dateModified":"2026-04-29T17:02:50+00:00","description":"Save space with the Kanto Universal Headphone Hook. Easy to setup, Discreet and durable, perfect for any setup. Free Shipping!","breadcrumb":{"@id":"https:\/\/luxesound.ca\/product\/kanto-hh-universal-under-desk-headphone-hook\/#breadcrumb"},"inLanguage":"fr-qc","potentialAction":[{"@type":"ReadAction","target":["https:\/\/luxesound.ca\/product\/kanto-hh-universal-under-desk-headphone-hook\/"]}]},{"@type":"ImageObject","inLanguage":"fr-qc","@id":"https:\/\/luxesound.ca\/product\/kanto-hh-universal-under-desk-headphone-hook\/#primaryimage","url":"https:\/\/luxesound.ca\/wp-content\/uploads\/2024\/06\/Kanto-Universal-Headphone-Hook-HH_IMG03_MainRight.webp","contentUrl":"https:\/\/luxesound.ca\/wp-content\/uploads\/2024\/06\/Kanto-Universal-Headphone-Hook-HH_IMG03_MainRight.webp","width":1200,"height":800,"caption":"Kanto Universal Headphone Hook in black on white background"},{"@type":"BreadcrumbList","@id":"https:\/\/luxesound.ca\/product\/kanto-hh-universal-under-desk-headphone-hook\/#breadcrumb","itemListElement":[{"@type":"ListItem","position":1,"name":"Home","item":"https:\/\/luxesound.ca\/"},{"@type":"ListItem","position":2,"name":"Products","item":"https:\/\/luxesound.ca\/shop\/"},{"@type":"ListItem","position":3,"name":"Kanto Universal Under Desk Headphone Hook"}]},{"@type":"WebSite","@id":"https:\/\/luxesound.ca\/#website","url":"https:\/\/luxesound.ca\/","name":"Son luxueux","description":"Les meilleurs \u00e9couteurs et haut-parleurs. Fi\u00e8rement canadiens.","publisher":{"@id":"https:\/\/luxesound.ca\/#organization"},"potentialAction":[{"@type":"SearchAction","target":{"@type":"EntryPoint","urlTemplate":"https:\/\/luxesound.ca\/?s={search_term_string}"},"query-input":{"@type":"PropertyValueSpecification","valueRequired":true,"valueName":"search_term_string"}}],"inLanguage":"fr-qc"},{"@type":"Organization","@id":"https:\/\/luxesound.ca\/#organization","name":"Son luxueux","url":"https:\/\/luxesound.ca\/","logo":{"@type":"ImageObject","inLanguage":"fr-qc","@id":"https:\/\/luxesound.ca\/#\/schema\/logo\/image\/","url":"https:\/\/luxesound.ca\/wp-content\/uploads\/2024\/08\/cropped-Luxe-white-on-green.png","contentUrl":"https:\/\/luxesound.ca\/wp-content\/uploads\/2024\/08\/cropped-Luxe-white-on-green.png","width":512,"height":512,"caption":"Luxe Sound"},"image":{"@id":"https:\/\/luxesound.ca\/#\/schema\/logo\/image\/"},"sameAs":["https:\/\/www.facebook.com\/luxesound.ca","https:\/\/www.instagram.com\/luxe.sound\/"]}]}},"_links":{"self":[{"href":"https:\/\/luxesound.ca\/fr\/wp-json\/wp\/v2\/product\/4629","targetHints":{"allow":["GET"]}}],"collection":[{"href":"https:\/\/luxesound.ca\/fr\/wp-json\/wp\/v2\/product"}],"about":[{"href":"https:\/\/luxesound.ca\/fr\/wp-json\/wp\/v2\/types\/product"}],"replies":[{"embeddable":true,"href":"https:\/\/luxesound.ca\/fr\/wp-json\/wp\/v2\/comments?post=4629"}],"version-history":[{"count":1,"href":"https:\/\/luxesound.ca\/fr\/wp-json\/wp\/v2\/product\/4629\/revisions"}],"predecessor-version":[{"id":7885,"href":"https:\/\/luxesound.ca\/fr\/wp-json\/wp\/v2\/product\/4629\/revisions\/7885"}],"wp:featuredmedia":[{"embeddable":true,"href":"https:\/\/luxesound.ca\/fr\/wp-json\/wp\/v2\/media\/7888"}],"wp:attachment":[{"href":"https:\/\/luxesound.ca\/fr\/wp-json\/wp\/v2\/media?parent=4629"}],"wp:term":[{"taxonomy":"product_brand","embeddable":true,"href":"https:\/\/luxesound.ca\/fr\/wp-json\/wp\/v2\/product_brand?post=4629"},{"taxonomy":"product_cat","embeddable":true,"href":"https:\/\/luxesound.ca\/fr\/wp-json\/wp\/v2\/product_cat?post=4629"},{"taxonomy":"product_tag","embeddable":true,"href":"https:\/\/luxesound.ca\/fr\/wp-json\/wp\/v2\/product_tag?post=4629"}],"curies":[{"name":"wp","href":"https:\/\/api.w.org\/{rel}","templated":true}]}}