{"id":4617,"date":"2024-06-06T11:00:56","date_gmt":"2024-06-06T15:00:56","guid":{"rendered":"https:\/\/luxesound.ca\/?post_type=product&#038;p=4617"},"modified":"2026-04-20T15:11:59","modified_gmt":"2026-04-20T19:11:59","slug":"kanto-h2-premium-universal-headphone-stand","status":"publish","type":"product","link":"https:\/\/luxesound.ca\/fr\/product\/kanto-h2-premium-universal-headphone-stand\/","title":{"rendered":"Support universel pour casque Kanto Premium"},"content":{"rendered":"<p>Le support universel pour casque Kanto H2 est dot\u00e9 d&#039;un cadre en acier robuste con\u00e7u pour compl\u00e9ter les casques supra-auriculaires et supra-auriculaires plus grands. Son support en silicone r\u00e9partit le poids uniform\u00e9ment sur les bandeaux jusqu&#039;\u00e0 3,5 pouces de large et est sp\u00e9cialement profil\u00e9 pour \u00e9viter les empreintes et l&#039;usure in\u00e9gale. Assurant une stabilit\u00e9 maximale, le H2 est dot\u00e9 d&#039;une base en acier lest\u00e9e avec un rembourrage en silicone sur le dessous pour le maintenir fermement en place.<\/p>","protected":false},"excerpt":{"rendered":"<p>Le support universel pour casque Kanto H2 est dot\u00e9 d&#039;un cadre en acier robuste con\u00e7u pour compl\u00e9ter les casques supra-auriculaires et supra-auriculaires plus grands. Son support en silicone r\u00e9partit le poids uniform\u00e9ment sur les bandeaux jusqu&#039;\u00e0 3,5 pouces de large et est sp\u00e9cialement profil\u00e9 pour \u00e9viter les empreintes et l&#039;usure in\u00e9gale. Assurant une stabilit\u00e9 maximale, le H2 est dot\u00e9 d&#039;une base en acier lest\u00e9e avec un rembourrage en silicone sur le dessous pour le maintenir fermement en place.<\/p>","protected":false},"featured_media":7879,"comment_status":"open","ping_status":"closed","template":"","meta":{"_acf_changed":false,"_mo_disable_npp":"","inline_featured_image":false},"product_brand":[746],"product_cat":[36,738,930,554,773],"product_tag":[703,500,561,555,567,201,556,570,241,569,571,574,702,566,565,560,568,559,557,558,563,562,564],"class_list":{"0":"post-4617","1":"product","2":"type-product","3":"status-publish","4":"has-post-thumbnail","6":"product_brand-kanto","7":"product_cat-accessories","8":"product_cat-headphone-stands","9":"product_cat-headphones-accessories","10":"product_cat-kanto","11":"product_cat-stands-mounts","12":"product_tag-accessories","13":"product_tag-accessory","14":"product_tag-desk","15":"product_tag-desktop","16":"product_tag-ear","17":"product_tag-gaming","18":"product_tag-headphone","19":"product_tag-headphone-holder","20":"product_tag-headphones","21":"product_tag-headset","22":"product_tag-holder-for-desk","23":"product_tag-kanto","24":"product_tag-kanto-mounts","25":"product_tag-on","26":"product_tag-over","27":"product_tag-padding","28":"product_tag-setup","29":"product_tag-silicon","30":"product_tag-stands","31":"product_tag-steel","32":"product_tag-sturdy","33":"product_tag-supports","34":"product_tag-universal","35":"pa_colour-black","37":"first","38":"instock","39":"taxable","40":"shipping-taxable","41":"purchasable","42":"product-type-variable","43":"has-default-attributes"},"bundled_by":[],"bundle_stock_status":"instock","bundle_stock_quantity":null,"bundle_virtual":false,"bundle_layout":"","bundle_add_to_cart_form_location":"","bundle_editable_in_cart":false,"bundle_sold_individually_context":"","bundle_item_grouping":"","bundle_min_size":"","bundle_max_size":"","bundle_price":[],"bundled_items":[],"bundle_sell_ids":[],"acf":[],"ct_brands":[{"id":746,"name":"Kanto","slug":"kanto"}],"yoast_head":"<!-- This site is optimized with the Yoast SEO plugin v27.2 - https:\/\/yoast.com\/product\/yoast-seo-wordpress\/ -->\n<title>Kanto Premium Universal Headphone Stand - Luxe Sound<\/title>\n<meta name=\"description\" content=\"Keep your headphones organized with the Kanto H2 Premium Universal Headphone Stand. Sleek and sturdy, perfect for any setup. Free Shipping!\" \/>\n<meta name=\"robots\" content=\"index, follow, max-snippet:-1, max-image-preview:large, max-video-preview:-1\" \/>\n<link rel=\"canonical\" href=\"https:\/\/luxesound.ca\/fr\/product\/kanto-h2-premium-universal-headphone-stand\/\" \/>\n<meta property=\"og:locale\" content=\"fr_FR\" \/>\n<meta property=\"og:type\" content=\"article\" \/>\n<meta property=\"og:title\" content=\"Kanto Premium Universal Headphone Stand - Luxe Sound\" \/>\n<meta property=\"og:description\" content=\"Keep your headphones organized with the Kanto H2 Premium Universal Headphone Stand. Sleek and sturdy, perfect for any setup. Free Shipping!\" \/>\n<meta property=\"og:url\" content=\"https:\/\/luxesound.ca\/fr\/product\/kanto-h2-premium-universal-headphone-stand\/\" \/>\n<meta property=\"og:site_name\" content=\"Luxe Sound\" \/>\n<meta property=\"article:publisher\" content=\"https:\/\/www.facebook.com\/luxesound.ca\" \/>\n<meta property=\"article:modified_time\" content=\"2026-04-20T19:11:59+00:00\" \/>\n<meta property=\"og:image\" content=\"https:\/\/luxesound.ca\/wp-content\/uploads\/2024\/06\/Kanto-H2-Universal-Headphone-stand-H2_IMG04_MainRight.webp?wsr\" \/>\n\t<meta property=\"og:image:width\" content=\"1200\" \/>\n\t<meta property=\"og:image:height\" content=\"800\" \/>\n\t<meta property=\"og:image:type\" content=\"image\/webp\" \/>\n<meta name=\"twitter:card\" content=\"summary_large_image\" \/>\n<meta name=\"twitter:label1\" content=\"Est. reading time\" \/>\n\t<meta name=\"twitter:data1\" content=\"1 minute\" \/>\n<script type=\"application\/ld+json\" class=\"yoast-schema-graph\">{\"@context\":\"https:\/\/schema.org\",\"@graph\":[{\"@type\":\"WebPage\",\"@id\":\"https:\/\/luxesound.ca\/product\/kanto-h2-premium-universal-headphone-stand\/\",\"url\":\"https:\/\/luxesound.ca\/product\/kanto-h2-premium-universal-headphone-stand\/\",\"name\":\"Kanto Premium Universal Headphone Stand - Luxe Sound\",\"isPartOf\":{\"@id\":\"https:\/\/luxesound.ca\/#website\"},\"primaryImageOfPage\":{\"@id\":\"https:\/\/luxesound.ca\/product\/kanto-h2-premium-universal-headphone-stand\/#primaryimage\"},\"image\":{\"@id\":\"https:\/\/luxesound.ca\/product\/kanto-h2-premium-universal-headphone-stand\/#primaryimage\"},\"thumbnailUrl\":\"https:\/\/luxesound.ca\/wp-content\/uploads\/2024\/06\/Kanto-H2-Universal-Headphone-stand-H2_IMG04_MainRight.webp\",\"datePublished\":\"2024-06-06T15:00:56+00:00\",\"dateModified\":\"2026-04-20T19:11:59+00:00\",\"description\":\"Keep your headphones organized with the Kanto H2 Premium Universal Headphone Stand. Sleek and sturdy, perfect for any setup. Free Shipping!\",\"breadcrumb\":{\"@id\":\"https:\/\/luxesound.ca\/product\/kanto-h2-premium-universal-headphone-stand\/#breadcrumb\"},\"inLanguage\":\"fr-qc\",\"potentialAction\":[{\"@type\":\"ReadAction\",\"target\":[\"https:\/\/luxesound.ca\/product\/kanto-h2-premium-universal-headphone-stand\/\"]}]},{\"@type\":\"ImageObject\",\"inLanguage\":\"fr-qc\",\"@id\":\"https:\/\/luxesound.ca\/product\/kanto-h2-premium-universal-headphone-stand\/#primaryimage\",\"url\":\"https:\/\/luxesound.ca\/wp-content\/uploads\/2024\/06\/Kanto-H2-Universal-Headphone-stand-H2_IMG04_MainRight.webp\",\"contentUrl\":\"https:\/\/luxesound.ca\/wp-content\/uploads\/2024\/06\/Kanto-H2-Universal-Headphone-stand-H2_IMG04_MainRight.webp\",\"width\":1200,\"height\":800,\"caption\":\"Kanto H2 Universal Headphone stand angled right on white background\"},{\"@type\":\"BreadcrumbList\",\"@id\":\"https:\/\/luxesound.ca\/product\/kanto-h2-premium-universal-headphone-stand\/#breadcrumb\",\"itemListElement\":[{\"@type\":\"ListItem\",\"position\":1,\"name\":\"Home\",\"item\":\"https:\/\/luxesound.ca\/\"},{\"@type\":\"ListItem\",\"position\":2,\"name\":\"Products\",\"item\":\"https:\/\/luxesound.ca\/shop\/\"},{\"@type\":\"ListItem\",\"position\":3,\"name\":\"Kanto Premium Universal Headphone Stand\"}]},{\"@type\":\"WebSite\",\"@id\":\"https:\/\/luxesound.ca\/#website\",\"url\":\"https:\/\/luxesound.ca\/\",\"name\":\"Luxe Sound\",\"description\":\"The Finest Headphones &amp; Speakers. Proudly Canadian.\",\"publisher\":{\"@id\":\"https:\/\/luxesound.ca\/#organization\"},\"potentialAction\":[{\"@type\":\"SearchAction\",\"target\":{\"@type\":\"EntryPoint\",\"urlTemplate\":\"https:\/\/luxesound.ca\/?s={search_term_string}\"},\"query-input\":{\"@type\":\"PropertyValueSpecification\",\"valueRequired\":true,\"valueName\":\"search_term_string\"}}],\"inLanguage\":\"fr-qc\"},{\"@type\":\"Organization\",\"@id\":\"https:\/\/luxesound.ca\/#organization\",\"name\":\"Luxe Sound\",\"url\":\"https:\/\/luxesound.ca\/\",\"logo\":{\"@type\":\"ImageObject\",\"inLanguage\":\"fr-qc\",\"@id\":\"https:\/\/luxesound.ca\/#\/schema\/logo\/image\/\",\"url\":\"https:\/\/luxesound.ca\/wp-content\/uploads\/2024\/08\/cropped-Luxe-white-on-green.png\",\"contentUrl\":\"https:\/\/luxesound.ca\/wp-content\/uploads\/2024\/08\/cropped-Luxe-white-on-green.png\",\"width\":512,\"height\":512,\"caption\":\"Luxe Sound\"},\"image\":{\"@id\":\"https:\/\/luxesound.ca\/#\/schema\/logo\/image\/\"},\"sameAs\":[\"https:\/\/www.facebook.com\/luxesound.ca\",\"https:\/\/www.instagram.com\/luxe.sound\/\"]}]}<\/script>\n<!-- \/ Yoast SEO plugin. -->","yoast_head_json":{"title":"Kanto Premium Universal Headphone Stand - Luxe Sound","description":"Keep your headphones organized with the Kanto H2 Premium Universal Headphone Stand. Sleek and sturdy, perfect for any setup. Free Shipping!","robots":{"index":"index","follow":"follow","max-snippet":"max-snippet:-1","max-image-preview":"max-image-preview:large","max-video-preview":"max-video-preview:-1"},"canonical":"https:\/\/luxesound.ca\/fr\/product\/kanto-h2-premium-universal-headphone-stand\/","og_locale":"fr_FR","og_type":"article","og_title":"Kanto Premium Universal Headphone Stand - Luxe Sound","og_description":"Keep your headphones organized with the Kanto H2 Premium Universal Headphone Stand. Sleek and sturdy, perfect for any setup. Free Shipping!","og_url":"https:\/\/luxesound.ca\/fr\/product\/kanto-h2-premium-universal-headphone-stand\/","og_site_name":"Luxe Sound","article_publisher":"https:\/\/www.facebook.com\/luxesound.ca","article_modified_time":"2026-04-20T19:11:59+00:00","og_image":[{"width":1200,"height":800,"url":"https:\/\/luxesound.ca\/wp-content\/uploads\/2024\/06\/Kanto-H2-Universal-Headphone-stand-H2_IMG04_MainRight.webp?wsr","type":"image\/webp"}],"twitter_card":"summary_large_image","twitter_misc":{"Est. reading time":"1 minute"},"schema":{"@context":"https:\/\/schema.org","@graph":[{"@type":"WebPage","@id":"https:\/\/luxesound.ca\/product\/kanto-h2-premium-universal-headphone-stand\/","url":"https:\/\/luxesound.ca\/product\/kanto-h2-premium-universal-headphone-stand\/","name":"Kanto Premium Universal Headphone Stand - Luxe Sound","isPartOf":{"@id":"https:\/\/luxesound.ca\/#website"},"primaryImageOfPage":{"@id":"https:\/\/luxesound.ca\/product\/kanto-h2-premium-universal-headphone-stand\/#primaryimage"},"image":{"@id":"https:\/\/luxesound.ca\/product\/kanto-h2-premium-universal-headphone-stand\/#primaryimage"},"thumbnailUrl":"https:\/\/luxesound.ca\/wp-content\/uploads\/2024\/06\/Kanto-H2-Universal-Headphone-stand-H2_IMG04_MainRight.webp","datePublished":"2024-06-06T15:00:56+00:00","dateModified":"2026-04-20T19:11:59+00:00","description":"Keep your headphones organized with the Kanto H2 Premium Universal Headphone Stand. Sleek and sturdy, perfect for any setup. Free Shipping!","breadcrumb":{"@id":"https:\/\/luxesound.ca\/product\/kanto-h2-premium-universal-headphone-stand\/#breadcrumb"},"inLanguage":"fr-qc","potentialAction":[{"@type":"ReadAction","target":["https:\/\/luxesound.ca\/product\/kanto-h2-premium-universal-headphone-stand\/"]}]},{"@type":"ImageObject","inLanguage":"fr-qc","@id":"https:\/\/luxesound.ca\/product\/kanto-h2-premium-universal-headphone-stand\/#primaryimage","url":"https:\/\/luxesound.ca\/wp-content\/uploads\/2024\/06\/Kanto-H2-Universal-Headphone-stand-H2_IMG04_MainRight.webp","contentUrl":"https:\/\/luxesound.ca\/wp-content\/uploads\/2024\/06\/Kanto-H2-Universal-Headphone-stand-H2_IMG04_MainRight.webp","width":1200,"height":800,"caption":"Kanto H2 Universal Headphone stand angled right on white background"},{"@type":"BreadcrumbList","@id":"https:\/\/luxesound.ca\/product\/kanto-h2-premium-universal-headphone-stand\/#breadcrumb","itemListElement":[{"@type":"ListItem","position":1,"name":"Home","item":"https:\/\/luxesound.ca\/"},{"@type":"ListItem","position":2,"name":"Products","item":"https:\/\/luxesound.ca\/shop\/"},{"@type":"ListItem","position":3,"name":"Kanto Premium Universal Headphone Stand"}]},{"@type":"WebSite","@id":"https:\/\/luxesound.ca\/#website","url":"https:\/\/luxesound.ca\/","name":"Son luxueux","description":"Les meilleurs \u00e9couteurs et haut-parleurs. Fi\u00e8rement canadiens.","publisher":{"@id":"https:\/\/luxesound.ca\/#organization"},"potentialAction":[{"@type":"SearchAction","target":{"@type":"EntryPoint","urlTemplate":"https:\/\/luxesound.ca\/?s={search_term_string}"},"query-input":{"@type":"PropertyValueSpecification","valueRequired":true,"valueName":"search_term_string"}}],"inLanguage":"fr-qc"},{"@type":"Organization","@id":"https:\/\/luxesound.ca\/#organization","name":"Son luxueux","url":"https:\/\/luxesound.ca\/","logo":{"@type":"ImageObject","inLanguage":"fr-qc","@id":"https:\/\/luxesound.ca\/#\/schema\/logo\/image\/","url":"https:\/\/luxesound.ca\/wp-content\/uploads\/2024\/08\/cropped-Luxe-white-on-green.png","contentUrl":"https:\/\/luxesound.ca\/wp-content\/uploads\/2024\/08\/cropped-Luxe-white-on-green.png","width":512,"height":512,"caption":"Luxe Sound"},"image":{"@id":"https:\/\/luxesound.ca\/#\/schema\/logo\/image\/"},"sameAs":["https:\/\/www.facebook.com\/luxesound.ca","https:\/\/www.instagram.com\/luxe.sound\/"]}]}},"_links":{"self":[{"href":"https:\/\/luxesound.ca\/fr\/wp-json\/wp\/v2\/product\/4617","targetHints":{"allow":["GET"]}}],"collection":[{"href":"https:\/\/luxesound.ca\/fr\/wp-json\/wp\/v2\/product"}],"about":[{"href":"https:\/\/luxesound.ca\/fr\/wp-json\/wp\/v2\/types\/product"}],"replies":[{"embeddable":true,"href":"https:\/\/luxesound.ca\/fr\/wp-json\/wp\/v2\/comments?post=4617"}],"version-history":[{"count":1,"href":"https:\/\/luxesound.ca\/fr\/wp-json\/wp\/v2\/product\/4617\/revisions"}],"predecessor-version":[{"id":7884,"href":"https:\/\/luxesound.ca\/fr\/wp-json\/wp\/v2\/product\/4617\/revisions\/7884"}],"wp:featuredmedia":[{"embeddable":true,"href":"https:\/\/luxesound.ca\/fr\/wp-json\/wp\/v2\/media\/7879"}],"wp:attachment":[{"href":"https:\/\/luxesound.ca\/fr\/wp-json\/wp\/v2\/media?parent=4617"}],"wp:term":[{"taxonomy":"product_brand","embeddable":true,"href":"https:\/\/luxesound.ca\/fr\/wp-json\/wp\/v2\/product_brand?post=4617"},{"taxonomy":"product_cat","embeddable":true,"href":"https:\/\/luxesound.ca\/fr\/wp-json\/wp\/v2\/product_cat?post=4617"},{"taxonomy":"product_tag","embeddable":true,"href":"https:\/\/luxesound.ca\/fr\/wp-json\/wp\/v2\/product_tag?post=4617"}],"curies":[{"name":"wp","href":"https:\/\/api.w.org\/{rel}","templated":true}]}}