{"id":4570,"date":"2024-06-06T11:01:04","date_gmt":"2024-06-06T15:01:04","guid":{"rendered":"https:\/\/luxesound.ca\/?post_type=product&#038;p=4570"},"modified":"2026-04-20T15:11:59","modified_gmt":"2026-04-20T19:11:59","slug":"kanto-h1-universal-headphone-stand","status":"publish","type":"product","link":"https:\/\/luxesound.ca\/fr\/product\/kanto-h1-universal-headphone-stand\/","title":{"rendered":"Support universel pour casque Kanto"},"content":{"rendered":"<p>Am\u00e9liorez l&#039;apparence de votre bureau avec le design \u00e9l\u00e9gant et simple du support universel pour casque Kanto H1. Adapt\u00e9 aux casques supra-auriculaires et supra-auriculaires, ce support discret est dot\u00e9 d&#039;un support en silicone profil\u00e9 pour \u00e9viter de laisser des empreintes sur tout bandeau jusqu&#039;\u00e0 2 pouces de large. Son cadre en acier et sa base de 6 pouces de large assurent une stabilit\u00e9 maximale, tandis qu&#039;un rembourrage en silicone suppl\u00e9mentaire au bas du support le maintient fermement en place. Choisissez entre les finitions noires, argent\u00e9es et blanches mates pour compl\u00e9ter votre style et votre espace.<\/p>","protected":false},"excerpt":{"rendered":"<section class=\"elementor-section elementor-inner-section elementor-element elementor-element-e55bb2d elementor-section-boxed elementor-section-height-default elementor-section-height-default\" data-id=\"e55bb2d\" data-element_type=\"section\" data-settings=\"{&quot;jet_parallax_layout_list&quot;:[{&quot;jet_parallax_layout_image&quot;:{&quot;url&quot;:&quot;&quot;,&quot;id&quot;:&quot;&quot;},&quot;_id&quot;:&quot;e22bbf5&quot;,&quot;jet_parallax_layout_speed&quot;:{&quot;unit&quot;:&quot;%&quot;,&quot;size&quot;:50,&quot;sizes&quot;:[]},&quot;jet_parallax_layout_image_tablet&quot;:{&quot;url&quot;:&quot;&quot;,&quot;id&quot;:&quot;&quot;},&quot;jet_parallax_layout_image_mobile&quot;:{&quot;url&quot;:&quot;&quot;,&quot;id&quot;:&quot;&quot;},&quot;jet_parallax_layout_type&quot;:&quot;scroll&quot;,&quot;jet_parallax_layout_direction&quot;:null,&quot;jet_parallax_layout_fx_direction&quot;:null,&quot;jet_parallax_layout_z_index&quot;:&quot;&quot;,&quot;jet_parallax_layout_bg_x&quot;:50,&quot;jet_parallax_layout_bg_x_tablet&quot;:&quot;&quot;,&quot;jet_parallax_layout_bg_x_mobile&quot;:&quot;&quot;,&quot;jet_parallax_layout_bg_y&quot;:50,&quot;jet_parallax_layout_bg_y_tablet&quot;:&quot;&quot;,&quot;jet_parallax_layout_bg_y_mobile&quot;:&quot;&quot;,&quot;jet_parallax_layout_bg_size&quot;:&quot;auto&quot;,&quot;jet_parallax_layout_bg_size_tablet&quot;:&quot;&quot;,&quot;jet_parallax_layout_bg_size_mobile&quot;:&quot;&quot;,&quot;jet_parallax_layout_animation_prop&quot;:&quot;transform&quot;,&quot;jet_parallax_layout_on&quot;:[&quot;desktop&quot;,&quot;tablet&quot;]}]}\">\n<div class=\"elementor-container elementor-column-gap-default\">\n<div class=\"elementor-row\">\n<div class=\"elementor-column elementor-col-100 elementor-inner-column elementor-element elementor-element-fa8356b\" data-id=\"fa8356b\" data-element_type=\"column\">\n<div class=\"elementor-column-wrap elementor-element-populated\">\n<div class=\"elementor-widget-wrap\">\n<div class=\"elementor-element elementor-element-78da5d13 elementor-widget elementor-widget-text-editor is-mac\" data-id=\"78da5d13\" data-element_type=\"widget\" data-widget_type=\"text-editor.default\">\n<div class=\"elementor-widget-container\">\n<div class=\"elementor-text-editor elementor-clearfix\">\n<p>Am\u00e9liorez l&#039;apparence de votre bureau avec le design \u00e9l\u00e9gant et simple du support pour casque H1. Adapt\u00e9 aux casques supra-auriculaires et supra-auriculaires, ce support discret est dot\u00e9 d&#039;un support en silicone profil\u00e9 pour \u00e9viter de laisser des empreintes sur tout bandeau jusqu&#039;\u00e0 2 pouces de large. Son cadre en acier et sa base de 6 pouces de large assurent une stabilit\u00e9 maximale, tandis qu&#039;un rembourrage en silicone suppl\u00e9mentaire au bas du support le maintient fermement en place. Choisissez entre les finitions noires, argent\u00e9es et blanches mates pour compl\u00e9ter votre style et votre espace.<\/p>\n<\/div>\n<\/div>\n<\/div>\n<\/div>\n<\/div>\n<\/div>\n<\/div>\n<\/div>\n<\/section>","protected":false},"featured_media":7685,"comment_status":"open","ping_status":"closed","template":"","meta":{"_acf_changed":false,"_mo_disable_npp":"","inline_featured_image":false},"product_brand":[746],"product_cat":[36,738,930,554,773],"product_tag":[561,555,567,201,556,570,241,569,571,566,565,560,568,559,557,558,563,562,564],"class_list":{"0":"post-4570","1":"product","2":"type-product","3":"status-publish","4":"has-post-thumbnail","6":"product_brand-kanto","7":"product_cat-accessories","8":"product_cat-headphone-stands","9":"product_cat-headphones-accessories","10":"product_cat-kanto","11":"product_cat-stands-mounts","12":"product_tag-desk","13":"product_tag-desktop","14":"product_tag-ear","15":"product_tag-gaming","16":"product_tag-headphone","17":"product_tag-headphone-holder","18":"product_tag-headphones","19":"product_tag-headset","20":"product_tag-holder-for-desk","21":"product_tag-on","22":"product_tag-over","23":"product_tag-padding","24":"product_tag-setup","25":"product_tag-silicon","26":"product_tag-stands","27":"product_tag-steel","28":"product_tag-sturdy","29":"product_tag-supports","30":"product_tag-universal","32":"first","33":"instock","34":"taxable","35":"shipping-taxable","36":"purchasable","37":"product-type-variable","38":"has-default-attributes"},"bundled_by":[],"bundle_stock_status":"instock","bundle_stock_quantity":null,"bundle_virtual":false,"bundle_layout":"","bundle_add_to_cart_form_location":"","bundle_editable_in_cart":false,"bundle_sold_individually_context":"","bundle_item_grouping":"","bundle_min_size":"","bundle_max_size":"","bundle_price":[],"bundled_items":[],"bundle_sell_ids":[],"acf":[],"ct_brands":[{"id":746,"name":"Kanto","slug":"kanto"}],"yoast_head":"<!-- This site is optimized with the Yoast SEO plugin v27.2 - https:\/\/yoast.com\/product\/yoast-seo-wordpress\/ -->\n<title>Kanto Universal Headphone Stand - Luxe Sound<\/title>\n<meta name=\"description\" content=\"Keep your headphones organized with the sleek Kanto Universal Headphone Stand. Stylish and practical for any space. Free Shipping!\" \/>\n<meta name=\"robots\" content=\"index, follow, max-snippet:-1, max-image-preview:large, max-video-preview:-1\" \/>\n<link rel=\"canonical\" href=\"https:\/\/luxesound.ca\/fr\/product\/kanto-h1-universal-headphone-stand\/\" \/>\n<meta property=\"og:locale\" content=\"fr_FR\" \/>\n<meta property=\"og:type\" content=\"article\" \/>\n<meta property=\"og:title\" content=\"Kanto Universal Headphone Stand - Luxe Sound\" \/>\n<meta property=\"og:description\" content=\"Keep your headphones organized with the sleek Kanto Universal Headphone Stand. Stylish and practical for any space. Free Shipping!\" \/>\n<meta property=\"og:url\" content=\"https:\/\/luxesound.ca\/fr\/product\/kanto-h1-universal-headphone-stand\/\" \/>\n<meta property=\"og:site_name\" content=\"Luxe Sound\" \/>\n<meta property=\"article:publisher\" content=\"https:\/\/www.facebook.com\/luxesound.ca\" \/>\n<meta property=\"article:modified_time\" content=\"2026-04-20T19:11:59+00:00\" \/>\n<meta property=\"og:image\" content=\"https:\/\/luxesound.ca\/wp-content\/uploads\/2024\/06\/H1_IMG04_MainRight.webp?wsr\" \/>\n\t<meta property=\"og:image:width\" content=\"1200\" \/>\n\t<meta property=\"og:image:height\" content=\"800\" \/>\n\t<meta property=\"og:image:type\" content=\"image\/webp\" \/>\n<meta name=\"twitter:card\" content=\"summary_large_image\" \/>\n<meta name=\"twitter:label1\" content=\"Est. reading time\" \/>\n\t<meta name=\"twitter:data1\" content=\"1 minute\" \/>\n<script type=\"application\/ld+json\" class=\"yoast-schema-graph\">{\"@context\":\"https:\/\/schema.org\",\"@graph\":[{\"@type\":\"WebPage\",\"@id\":\"https:\/\/luxesound.ca\/product\/kanto-h1-universal-headphone-stand\/\",\"url\":\"https:\/\/luxesound.ca\/product\/kanto-h1-universal-headphone-stand\/\",\"name\":\"Kanto Universal Headphone Stand - Luxe Sound\",\"isPartOf\":{\"@id\":\"https:\/\/luxesound.ca\/#website\"},\"primaryImageOfPage\":{\"@id\":\"https:\/\/luxesound.ca\/product\/kanto-h1-universal-headphone-stand\/#primaryimage\"},\"image\":{\"@id\":\"https:\/\/luxesound.ca\/product\/kanto-h1-universal-headphone-stand\/#primaryimage\"},\"thumbnailUrl\":\"https:\/\/luxesound.ca\/wp-content\/uploads\/2024\/06\/H1_IMG04_MainRight.webp\",\"datePublished\":\"2024-06-06T15:01:04+00:00\",\"dateModified\":\"2026-04-20T19:11:59+00:00\",\"description\":\"Keep your headphones organized with the sleek Kanto Universal Headphone Stand. Stylish and practical for any space. Free Shipping!\",\"breadcrumb\":{\"@id\":\"https:\/\/luxesound.ca\/product\/kanto-h1-universal-headphone-stand\/#breadcrumb\"},\"inLanguage\":\"fr-qc\",\"potentialAction\":[{\"@type\":\"ReadAction\",\"target\":[\"https:\/\/luxesound.ca\/product\/kanto-h1-universal-headphone-stand\/\"]}]},{\"@type\":\"ImageObject\",\"inLanguage\":\"fr-qc\",\"@id\":\"https:\/\/luxesound.ca\/product\/kanto-h1-universal-headphone-stand\/#primaryimage\",\"url\":\"https:\/\/luxesound.ca\/wp-content\/uploads\/2024\/06\/H1_IMG04_MainRight.webp\",\"contentUrl\":\"https:\/\/luxesound.ca\/wp-content\/uploads\/2024\/06\/H1_IMG04_MainRight.webp\",\"width\":1200,\"height\":800,\"caption\":\"Kanto H1 Universal headphone stand on white background\"},{\"@type\":\"BreadcrumbList\",\"@id\":\"https:\/\/luxesound.ca\/product\/kanto-h1-universal-headphone-stand\/#breadcrumb\",\"itemListElement\":[{\"@type\":\"ListItem\",\"position\":1,\"name\":\"Home\",\"item\":\"https:\/\/luxesound.ca\/\"},{\"@type\":\"ListItem\",\"position\":2,\"name\":\"Products\",\"item\":\"https:\/\/luxesound.ca\/shop\/\"},{\"@type\":\"ListItem\",\"position\":3,\"name\":\"Kanto Universal Headphone Stand\"}]},{\"@type\":\"WebSite\",\"@id\":\"https:\/\/luxesound.ca\/#website\",\"url\":\"https:\/\/luxesound.ca\/\",\"name\":\"Luxe Sound\",\"description\":\"The Finest Headphones &amp; Speakers. Proudly Canadian.\",\"publisher\":{\"@id\":\"https:\/\/luxesound.ca\/#organization\"},\"potentialAction\":[{\"@type\":\"SearchAction\",\"target\":{\"@type\":\"EntryPoint\",\"urlTemplate\":\"https:\/\/luxesound.ca\/?s={search_term_string}\"},\"query-input\":{\"@type\":\"PropertyValueSpecification\",\"valueRequired\":true,\"valueName\":\"search_term_string\"}}],\"inLanguage\":\"fr-qc\"},{\"@type\":\"Organization\",\"@id\":\"https:\/\/luxesound.ca\/#organization\",\"name\":\"Luxe Sound\",\"url\":\"https:\/\/luxesound.ca\/\",\"logo\":{\"@type\":\"ImageObject\",\"inLanguage\":\"fr-qc\",\"@id\":\"https:\/\/luxesound.ca\/#\/schema\/logo\/image\/\",\"url\":\"https:\/\/luxesound.ca\/wp-content\/uploads\/2024\/08\/cropped-Luxe-white-on-green.png\",\"contentUrl\":\"https:\/\/luxesound.ca\/wp-content\/uploads\/2024\/08\/cropped-Luxe-white-on-green.png\",\"width\":512,\"height\":512,\"caption\":\"Luxe Sound\"},\"image\":{\"@id\":\"https:\/\/luxesound.ca\/#\/schema\/logo\/image\/\"},\"sameAs\":[\"https:\/\/www.facebook.com\/luxesound.ca\",\"https:\/\/www.instagram.com\/luxe.sound\/\"]}]}<\/script>\n<!-- \/ Yoast SEO plugin. -->","yoast_head_json":{"title":"Kanto Universal Headphone Stand - Luxe Sound","description":"Keep your headphones organized with the sleek Kanto Universal Headphone Stand. Stylish and practical for any space. Free Shipping!","robots":{"index":"index","follow":"follow","max-snippet":"max-snippet:-1","max-image-preview":"max-image-preview:large","max-video-preview":"max-video-preview:-1"},"canonical":"https:\/\/luxesound.ca\/fr\/product\/kanto-h1-universal-headphone-stand\/","og_locale":"fr_FR","og_type":"article","og_title":"Kanto Universal Headphone Stand - Luxe Sound","og_description":"Keep your headphones organized with the sleek Kanto Universal Headphone Stand. Stylish and practical for any space. Free Shipping!","og_url":"https:\/\/luxesound.ca\/fr\/product\/kanto-h1-universal-headphone-stand\/","og_site_name":"Luxe Sound","article_publisher":"https:\/\/www.facebook.com\/luxesound.ca","article_modified_time":"2026-04-20T19:11:59+00:00","og_image":[{"width":1200,"height":800,"url":"https:\/\/luxesound.ca\/wp-content\/uploads\/2024\/06\/H1_IMG04_MainRight.webp?wsr","type":"image\/webp"}],"twitter_card":"summary_large_image","twitter_misc":{"Est. reading time":"1 minute"},"schema":{"@context":"https:\/\/schema.org","@graph":[{"@type":"WebPage","@id":"https:\/\/luxesound.ca\/product\/kanto-h1-universal-headphone-stand\/","url":"https:\/\/luxesound.ca\/product\/kanto-h1-universal-headphone-stand\/","name":"Kanto Universal Headphone Stand - Luxe Sound","isPartOf":{"@id":"https:\/\/luxesound.ca\/#website"},"primaryImageOfPage":{"@id":"https:\/\/luxesound.ca\/product\/kanto-h1-universal-headphone-stand\/#primaryimage"},"image":{"@id":"https:\/\/luxesound.ca\/product\/kanto-h1-universal-headphone-stand\/#primaryimage"},"thumbnailUrl":"https:\/\/luxesound.ca\/wp-content\/uploads\/2024\/06\/H1_IMG04_MainRight.webp","datePublished":"2024-06-06T15:01:04+00:00","dateModified":"2026-04-20T19:11:59+00:00","description":"Keep your headphones organized with the sleek Kanto Universal Headphone Stand. Stylish and practical for any space. Free Shipping!","breadcrumb":{"@id":"https:\/\/luxesound.ca\/product\/kanto-h1-universal-headphone-stand\/#breadcrumb"},"inLanguage":"fr-qc","potentialAction":[{"@type":"ReadAction","target":["https:\/\/luxesound.ca\/product\/kanto-h1-universal-headphone-stand\/"]}]},{"@type":"ImageObject","inLanguage":"fr-qc","@id":"https:\/\/luxesound.ca\/product\/kanto-h1-universal-headphone-stand\/#primaryimage","url":"https:\/\/luxesound.ca\/wp-content\/uploads\/2024\/06\/H1_IMG04_MainRight.webp","contentUrl":"https:\/\/luxesound.ca\/wp-content\/uploads\/2024\/06\/H1_IMG04_MainRight.webp","width":1200,"height":800,"caption":"Kanto H1 Universal headphone stand on white background"},{"@type":"BreadcrumbList","@id":"https:\/\/luxesound.ca\/product\/kanto-h1-universal-headphone-stand\/#breadcrumb","itemListElement":[{"@type":"ListItem","position":1,"name":"Home","item":"https:\/\/luxesound.ca\/"},{"@type":"ListItem","position":2,"name":"Products","item":"https:\/\/luxesound.ca\/shop\/"},{"@type":"ListItem","position":3,"name":"Kanto Universal Headphone Stand"}]},{"@type":"WebSite","@id":"https:\/\/luxesound.ca\/#website","url":"https:\/\/luxesound.ca\/","name":"Son luxueux","description":"Les meilleurs \u00e9couteurs et haut-parleurs. Fi\u00e8rement canadiens.","publisher":{"@id":"https:\/\/luxesound.ca\/#organization"},"potentialAction":[{"@type":"SearchAction","target":{"@type":"EntryPoint","urlTemplate":"https:\/\/luxesound.ca\/?s={search_term_string}"},"query-input":{"@type":"PropertyValueSpecification","valueRequired":true,"valueName":"search_term_string"}}],"inLanguage":"fr-qc"},{"@type":"Organization","@id":"https:\/\/luxesound.ca\/#organization","name":"Son luxueux","url":"https:\/\/luxesound.ca\/","logo":{"@type":"ImageObject","inLanguage":"fr-qc","@id":"https:\/\/luxesound.ca\/#\/schema\/logo\/image\/","url":"https:\/\/luxesound.ca\/wp-content\/uploads\/2024\/08\/cropped-Luxe-white-on-green.png","contentUrl":"https:\/\/luxesound.ca\/wp-content\/uploads\/2024\/08\/cropped-Luxe-white-on-green.png","width":512,"height":512,"caption":"Luxe Sound"},"image":{"@id":"https:\/\/luxesound.ca\/#\/schema\/logo\/image\/"},"sameAs":["https:\/\/www.facebook.com\/luxesound.ca","https:\/\/www.instagram.com\/luxe.sound\/"]}]}},"_links":{"self":[{"href":"https:\/\/luxesound.ca\/fr\/wp-json\/wp\/v2\/product\/4570","targetHints":{"allow":["GET"]}}],"collection":[{"href":"https:\/\/luxesound.ca\/fr\/wp-json\/wp\/v2\/product"}],"about":[{"href":"https:\/\/luxesound.ca\/fr\/wp-json\/wp\/v2\/types\/product"}],"replies":[{"embeddable":true,"href":"https:\/\/luxesound.ca\/fr\/wp-json\/wp\/v2\/comments?post=4570"}],"version-history":[{"count":1,"href":"https:\/\/luxesound.ca\/fr\/wp-json\/wp\/v2\/product\/4570\/revisions"}],"predecessor-version":[{"id":7700,"href":"https:\/\/luxesound.ca\/fr\/wp-json\/wp\/v2\/product\/4570\/revisions\/7700"}],"wp:featuredmedia":[{"embeddable":true,"href":"https:\/\/luxesound.ca\/fr\/wp-json\/wp\/v2\/media\/7685"}],"wp:attachment":[{"href":"https:\/\/luxesound.ca\/fr\/wp-json\/wp\/v2\/media?parent=4570"}],"wp:term":[{"taxonomy":"product_brand","embeddable":true,"href":"https:\/\/luxesound.ca\/fr\/wp-json\/wp\/v2\/product_brand?post=4570"},{"taxonomy":"product_cat","embeddable":true,"href":"https:\/\/luxesound.ca\/fr\/wp-json\/wp\/v2\/product_cat?post=4570"},{"taxonomy":"product_tag","embeddable":true,"href":"https:\/\/luxesound.ca\/fr\/wp-json\/wp\/v2\/product_tag?post=4570"}],"curies":[{"name":"wp","href":"https:\/\/api.w.org\/{rel}","templated":true}]}}