{"id":4373,"date":"2024-03-21T11:58:14","date_gmt":"2024-03-21T15:58:14","guid":{"rendered":"https:\/\/luxesound.ca\/?post_type=product&#038;p=4373"},"modified":"2026-04-20T15:11:59","modified_gmt":"2026-04-20T19:11:59","slug":"sonos-move-2","status":"publish","type":"product","link":"https:\/\/luxesound.ca\/fr\/product\/sonos-move-2\/","title":{"rendered":"Enceinte portable Sonos Move 2"},"content":{"rendered":"<p class=\"vehq795\" data-testid=\"pdpShortDescription\">Am\u00e9lior\u00e9 \u00e0 l&#039;int\u00e9rieur comme \u00e0 l&#039;ext\u00e9rieur, l&#039;enceinte portable la plus puissante de Sonos offre un son st\u00e9r\u00e9o palpitant o\u00f9 vous le souhaitez.<\/p>\n<figure><\/figure>\n<figure><\/figure>","protected":false},"excerpt":{"rendered":"<div class=\"vehq797\" data-testid=\"pdpLongDescription\" data-projection-id=\"1\">\n<div>\n<p class=\"_1sg9d51c go2651746290\">Connectez-vous \u00e0 tous vos contenus audio pr\u00e9f\u00e9r\u00e9s gr\u00e2ce au Wi-Fi et au Bluetooth\u00ae et profitez de 24 heures de lecture non-stop. Certifi\u00e9e IP56, cette enceinte portable r\u00e9siste \u00e0 la poussi\u00e8re et \u00e0 l&#039;eau, ce qui la rend parfaite pour une utilisation en ext\u00e9rieur. Lorsque vous avez besoin de charger la batterie, placez simplement Move 2 sur la base de chargement sans fil incluse. Utilisez-la seule ou dans le cadre d&#039;un syst\u00e8me audio domestique complet avec d&#039;autres enceintes Sonos.<\/p>\n<\/div>\n<\/div>","protected":false},"featured_media":7935,"comment_status":"closed","ping_status":"closed","template":"","meta":{"_acf_changed":false,"_mo_disable_npp":"","inline_featured_image":false},"product_brand":[750],"product_cat":[219,777,26,904],"product_tag":[887,172,174,175,176,177],"class_list":{"0":"post-4373","1":"product","2":"type-product","3":"status-publish","4":"has-post-thumbnail","6":"product_brand-sonos","7":"product_cat-portable-audio","8":"product_cat-portable-speakers","9":"product_cat-sonos","10":"product_cat-sonos-black-friday","11":"product_tag-sale","12":"product_tag-sonos-bluetooth","13":"product_tag-sonos-bluetooth-speaker","14":"product_tag-sonos-move","15":"product_tag-sonos-portable","16":"product_tag-sonos-wifi","17":"pa_colour-black","18":"pa_colour-olive-green","19":"pa_colour-white","21":"first","22":"instock","23":"taxable","24":"shipping-taxable","25":"purchasable","26":"product-type-variable","27":"has-default-attributes"},"bundled_by":[],"bundle_stock_status":"instock","bundle_stock_quantity":null,"bundle_virtual":false,"bundle_layout":"","bundle_add_to_cart_form_location":"","bundle_editable_in_cart":false,"bundle_sold_individually_context":"","bundle_item_grouping":"","bundle_min_size":"","bundle_max_size":"","bundle_price":[],"bundled_items":[],"bundle_sell_ids":[],"acf":[],"ct_brands":[{"id":750,"name":"Sonos","slug":"sonos"}],"yoast_head":"<!-- This site is optimized with the Yoast SEO plugin v27.2 - https:\/\/yoast.com\/product\/yoast-seo-wordpress\/ -->\n<title>Sonos Move 2 Portable Speaker - Luxe Sound<\/title>\n<meta name=\"description\" content=\"Take music anywhere with Sonos Move 2. Enjoy 24-hour playback, WiFi, Bluetooth, stereo sound, and water resistance. Stylishly portable. Free shipping!\" \/>\n<meta name=\"robots\" content=\"index, follow, max-snippet:-1, max-image-preview:large, max-video-preview:-1\" \/>\n<link rel=\"canonical\" href=\"https:\/\/luxesound.ca\/fr\/product\/sonos-move-2\/\" \/>\n<meta property=\"og:locale\" content=\"fr_FR\" \/>\n<meta property=\"og:type\" content=\"article\" \/>\n<meta property=\"og:title\" content=\"Sonos Move 2 Portable Speaker - Luxe Sound\" \/>\n<meta property=\"og:description\" content=\"Take music anywhere with Sonos Move 2. Enjoy 24-hour playback, WiFi, Bluetooth, stereo sound, and water resistance. Stylishly portable. Free shipping!\" \/>\n<meta property=\"og:url\" content=\"https:\/\/luxesound.ca\/fr\/product\/sonos-move-2\/\" \/>\n<meta property=\"og:site_name\" content=\"Luxe Sound\" \/>\n<meta property=\"article:publisher\" content=\"https:\/\/www.facebook.com\/luxesound.ca\" \/>\n<meta property=\"article:modified_time\" content=\"2026-04-20T19:11:59+00:00\" \/>\n<meta property=\"og:image\" content=\"https:\/\/luxesound.ca\/wp-content\/uploads\/2024\/03\/sonos-move-2-black-3.webp\" \/>\n\t<meta property=\"og:image:width\" content=\"1200\" \/>\n\t<meta property=\"og:image:height\" content=\"800\" \/>\n\t<meta property=\"og:image:type\" content=\"image\/webp\" \/>\n<meta name=\"twitter:card\" content=\"summary_large_image\" \/>\n<meta name=\"twitter:label1\" content=\"Est. reading time\" \/>\n\t<meta name=\"twitter:data1\" content=\"1 minute\" \/>\n<script type=\"application\/ld+json\" class=\"yoast-schema-graph\">{\"@context\":\"https:\/\/schema.org\",\"@graph\":[{\"@type\":\"WebPage\",\"@id\":\"https:\/\/luxesound.ca\/product\/sonos-move-2\/\",\"url\":\"https:\/\/luxesound.ca\/product\/sonos-move-2\/\",\"name\":\"Sonos Move 2 Portable Speaker - Luxe Sound\",\"isPartOf\":{\"@id\":\"https:\/\/luxesound.ca\/#website\"},\"primaryImageOfPage\":{\"@id\":\"https:\/\/luxesound.ca\/product\/sonos-move-2\/#primaryimage\"},\"image\":{\"@id\":\"https:\/\/luxesound.ca\/product\/sonos-move-2\/#primaryimage\"},\"thumbnailUrl\":\"https:\/\/luxesound.ca\/wp-content\/uploads\/2024\/03\/sonos-move-2-black-3.webp\",\"datePublished\":\"2024-03-21T15:58:14+00:00\",\"dateModified\":\"2026-04-20T19:11:59+00:00\",\"description\":\"Take music anywhere with Sonos Move 2. Enjoy 24-hour playback, WiFi, Bluetooth, stereo sound, and water resistance. Stylishly portable. Free shipping!\",\"breadcrumb\":{\"@id\":\"https:\/\/luxesound.ca\/product\/sonos-move-2\/#breadcrumb\"},\"inLanguage\":\"fr-qc\",\"potentialAction\":[{\"@type\":\"ReadAction\",\"target\":[\"https:\/\/luxesound.ca\/product\/sonos-move-2\/\"]}]},{\"@type\":\"ImageObject\",\"inLanguage\":\"fr-qc\",\"@id\":\"https:\/\/luxesound.ca\/product\/sonos-move-2\/#primaryimage\",\"url\":\"https:\/\/luxesound.ca\/wp-content\/uploads\/2024\/03\/sonos-move-2-black-3.webp\",\"contentUrl\":\"https:\/\/luxesound.ca\/wp-content\/uploads\/2024\/03\/sonos-move-2-black-3.webp\",\"width\":1200,\"height\":800,\"caption\":\"Sonos Move 2 portable speaker in black product photo on white background\"},{\"@type\":\"BreadcrumbList\",\"@id\":\"https:\/\/luxesound.ca\/product\/sonos-move-2\/#breadcrumb\",\"itemListElement\":[{\"@type\":\"ListItem\",\"position\":1,\"name\":\"Home\",\"item\":\"https:\/\/luxesound.ca\/\"},{\"@type\":\"ListItem\",\"position\":2,\"name\":\"Products\",\"item\":\"https:\/\/luxesound.ca\/shop\/\"},{\"@type\":\"ListItem\",\"position\":3,\"name\":\"Sonos Move 2 Portable Speaker\"}]},{\"@type\":\"WebSite\",\"@id\":\"https:\/\/luxesound.ca\/#website\",\"url\":\"https:\/\/luxesound.ca\/\",\"name\":\"Luxe Sound\",\"description\":\"The Finest Headphones &amp; Speakers. Proudly Canadian.\",\"publisher\":{\"@id\":\"https:\/\/luxesound.ca\/#organization\"},\"potentialAction\":[{\"@type\":\"SearchAction\",\"target\":{\"@type\":\"EntryPoint\",\"urlTemplate\":\"https:\/\/luxesound.ca\/?s={search_term_string}\"},\"query-input\":{\"@type\":\"PropertyValueSpecification\",\"valueRequired\":true,\"valueName\":\"search_term_string\"}}],\"inLanguage\":\"fr-qc\"},{\"@type\":\"Organization\",\"@id\":\"https:\/\/luxesound.ca\/#organization\",\"name\":\"Luxe Sound\",\"url\":\"https:\/\/luxesound.ca\/\",\"logo\":{\"@type\":\"ImageObject\",\"inLanguage\":\"fr-qc\",\"@id\":\"https:\/\/luxesound.ca\/#\/schema\/logo\/image\/\",\"url\":\"https:\/\/luxesound.ca\/wp-content\/uploads\/2024\/08\/cropped-Luxe-white-on-green.png\",\"contentUrl\":\"https:\/\/luxesound.ca\/wp-content\/uploads\/2024\/08\/cropped-Luxe-white-on-green.png\",\"width\":512,\"height\":512,\"caption\":\"Luxe Sound\"},\"image\":{\"@id\":\"https:\/\/luxesound.ca\/#\/schema\/logo\/image\/\"},\"sameAs\":[\"https:\/\/www.facebook.com\/luxesound.ca\",\"https:\/\/www.instagram.com\/luxe.sound\/\"]}]}<\/script>\n<!-- \/ Yoast SEO plugin. -->","yoast_head_json":{"title":"Sonos Move 2 Portable Speaker - Luxe Sound","description":"Take music anywhere with Sonos Move 2. Enjoy 24-hour playback, WiFi, Bluetooth, stereo sound, and water resistance. Stylishly portable. Free shipping!","robots":{"index":"index","follow":"follow","max-snippet":"max-snippet:-1","max-image-preview":"max-image-preview:large","max-video-preview":"max-video-preview:-1"},"canonical":"https:\/\/luxesound.ca\/fr\/product\/sonos-move-2\/","og_locale":"fr_FR","og_type":"article","og_title":"Sonos Move 2 Portable Speaker - Luxe Sound","og_description":"Take music anywhere with Sonos Move 2. Enjoy 24-hour playback, WiFi, Bluetooth, stereo sound, and water resistance. Stylishly portable. Free shipping!","og_url":"https:\/\/luxesound.ca\/fr\/product\/sonos-move-2\/","og_site_name":"Luxe Sound","article_publisher":"https:\/\/www.facebook.com\/luxesound.ca","article_modified_time":"2026-04-20T19:11:59+00:00","og_image":[{"width":1200,"height":800,"url":"https:\/\/luxesound.ca\/wp-content\/uploads\/2024\/03\/sonos-move-2-black-3.webp","type":"image\/webp"}],"twitter_card":"summary_large_image","twitter_misc":{"Est. reading time":"1 minute"},"schema":{"@context":"https:\/\/schema.org","@graph":[{"@type":"WebPage","@id":"https:\/\/luxesound.ca\/product\/sonos-move-2\/","url":"https:\/\/luxesound.ca\/product\/sonos-move-2\/","name":"Sonos Move 2 Portable Speaker - Luxe Sound","isPartOf":{"@id":"https:\/\/luxesound.ca\/#website"},"primaryImageOfPage":{"@id":"https:\/\/luxesound.ca\/product\/sonos-move-2\/#primaryimage"},"image":{"@id":"https:\/\/luxesound.ca\/product\/sonos-move-2\/#primaryimage"},"thumbnailUrl":"https:\/\/luxesound.ca\/wp-content\/uploads\/2024\/03\/sonos-move-2-black-3.webp","datePublished":"2024-03-21T15:58:14+00:00","dateModified":"2026-04-20T19:11:59+00:00","description":"Take music anywhere with Sonos Move 2. Enjoy 24-hour playback, WiFi, Bluetooth, stereo sound, and water resistance. Stylishly portable. Free shipping!","breadcrumb":{"@id":"https:\/\/luxesound.ca\/product\/sonos-move-2\/#breadcrumb"},"inLanguage":"fr-qc","potentialAction":[{"@type":"ReadAction","target":["https:\/\/luxesound.ca\/product\/sonos-move-2\/"]}]},{"@type":"ImageObject","inLanguage":"fr-qc","@id":"https:\/\/luxesound.ca\/product\/sonos-move-2\/#primaryimage","url":"https:\/\/luxesound.ca\/wp-content\/uploads\/2024\/03\/sonos-move-2-black-3.webp","contentUrl":"https:\/\/luxesound.ca\/wp-content\/uploads\/2024\/03\/sonos-move-2-black-3.webp","width":1200,"height":800,"caption":"Sonos Move 2 portable speaker in black product photo on white background"},{"@type":"BreadcrumbList","@id":"https:\/\/luxesound.ca\/product\/sonos-move-2\/#breadcrumb","itemListElement":[{"@type":"ListItem","position":1,"name":"Home","item":"https:\/\/luxesound.ca\/"},{"@type":"ListItem","position":2,"name":"Products","item":"https:\/\/luxesound.ca\/shop\/"},{"@type":"ListItem","position":3,"name":"Sonos Move 2 Portable Speaker"}]},{"@type":"WebSite","@id":"https:\/\/luxesound.ca\/#website","url":"https:\/\/luxesound.ca\/","name":"Son luxueux","description":"Les meilleurs \u00e9couteurs et haut-parleurs. Fi\u00e8rement canadiens.","publisher":{"@id":"https:\/\/luxesound.ca\/#organization"},"potentialAction":[{"@type":"SearchAction","target":{"@type":"EntryPoint","urlTemplate":"https:\/\/luxesound.ca\/?s={search_term_string}"},"query-input":{"@type":"PropertyValueSpecification","valueRequired":true,"valueName":"search_term_string"}}],"inLanguage":"fr-qc"},{"@type":"Organization","@id":"https:\/\/luxesound.ca\/#organization","name":"Son luxueux","url":"https:\/\/luxesound.ca\/","logo":{"@type":"ImageObject","inLanguage":"fr-qc","@id":"https:\/\/luxesound.ca\/#\/schema\/logo\/image\/","url":"https:\/\/luxesound.ca\/wp-content\/uploads\/2024\/08\/cropped-Luxe-white-on-green.png","contentUrl":"https:\/\/luxesound.ca\/wp-content\/uploads\/2024\/08\/cropped-Luxe-white-on-green.png","width":512,"height":512,"caption":"Luxe Sound"},"image":{"@id":"https:\/\/luxesound.ca\/#\/schema\/logo\/image\/"},"sameAs":["https:\/\/www.facebook.com\/luxesound.ca","https:\/\/www.instagram.com\/luxe.sound\/"]}]}},"_links":{"self":[{"href":"https:\/\/luxesound.ca\/fr\/wp-json\/wp\/v2\/product\/4373","targetHints":{"allow":["GET"]}}],"collection":[{"href":"https:\/\/luxesound.ca\/fr\/wp-json\/wp\/v2\/product"}],"about":[{"href":"https:\/\/luxesound.ca\/fr\/wp-json\/wp\/v2\/types\/product"}],"replies":[{"embeddable":true,"href":"https:\/\/luxesound.ca\/fr\/wp-json\/wp\/v2\/comments?post=4373"}],"version-history":[{"count":4,"href":"https:\/\/luxesound.ca\/fr\/wp-json\/wp\/v2\/product\/4373\/revisions"}],"predecessor-version":[{"id":7930,"href":"https:\/\/luxesound.ca\/fr\/wp-json\/wp\/v2\/product\/4373\/revisions\/7930"}],"wp:featuredmedia":[{"embeddable":true,"href":"https:\/\/luxesound.ca\/fr\/wp-json\/wp\/v2\/media\/7935"}],"wp:attachment":[{"href":"https:\/\/luxesound.ca\/fr\/wp-json\/wp\/v2\/media?parent=4373"}],"wp:term":[{"taxonomy":"product_brand","embeddable":true,"href":"https:\/\/luxesound.ca\/fr\/wp-json\/wp\/v2\/product_brand?post=4373"},{"taxonomy":"product_cat","embeddable":true,"href":"https:\/\/luxesound.ca\/fr\/wp-json\/wp\/v2\/product_cat?post=4373"},{"taxonomy":"product_tag","embeddable":true,"href":"https:\/\/luxesound.ca\/fr\/wp-json\/wp\/v2\/product_tag?post=4373"}],"curies":[{"name":"wp","href":"https:\/\/api.w.org\/{rel}","templated":true}]}}