{"id":3778,"date":"2024-03-05T20:06:55","date_gmt":"2024-03-06T01:06:55","guid":{"rendered":"https:\/\/luxesound.ca\/?post_type=product&#038;p=3778"},"modified":"2026-04-20T15:11:59","modified_gmt":"2026-04-20T19:11:59","slug":"urbanista-malibu-solar-speaker","status":"publish","type":"product","link":"https:\/\/luxesound.ca\/fr\/product\/urbanista-malibu-solar-speaker\/","title":{"rendered":"Haut-parleur Urbanista Malibu"},"content":{"rendered":"<div class=\"product__container\">\n<div class=\"product-detail__description\">\n<div class=\"description-and-detail\">\n<div class=\"description\">\n<div class=\"value content\"><span style=\"font-weight: 400\">Malibu fait vibrer la musique toute la journ\u00e9e, quelles que soient les conditions.&nbsp;<\/span><span style=\"font-weight: 400\">Utilisation de Powerfoyle avanc\u00e9<\/span><b>&trade;<\/b><span style=\"font-weight: 400\">&nbsp;solar cell technology, Urbanista Malibu is always charging &#8211; both indoors and outdoors &#8211; making sure it&rsquo;s ready to play throughout the day. Made out of recycled plastic and fabrics, Malibu is your sustainable sound companion, wherever your day takes you.&nbsp;<\/span><span style=\"font-weight: 400\">Inspir\u00e9 de la ville baln\u00e9aire embl\u00e9matique connue pour sa vie en plein air, l&#039;enceinte est disponible en deux coloris uniques, le classique Midnight Black et le nouveau Desert Gray, offrant le type d&#039;\u00e9nergie dont vous avez besoin pour dynamiser votre journ\u00e9e avec un son vraiment sans limite.<\/span><\/div>\n<\/div>\n<div class=\"details\">&nbsp;<\/div>\n<\/div>\n<\/div>\n<\/div>","protected":false},"excerpt":{"rendered":"<p><span style=\"font-weight: 400;\">Malibu fait vibrer la musique toute la journ\u00e9e, quelles que soient les conditions.\u00a0<\/span><span style=\"font-weight: 400;\">Utilisation de Powerfoyle avanc\u00e9<\/span><b>\u2122<\/b><span style=\"font-weight: 400;\">\u00a0Gr\u00e2ce \u00e0 la technologie des cellules solaires, l&#039;enceinte Urbanista Malibu se recharge en permanence, \u00e0 l&#039;int\u00e9rieur comme \u00e0 l&#039;ext\u00e9rieur, pour \u00eatre pr\u00eate \u00e0 fonctionner tout au long de la journ\u00e9e. Fabriqu\u00e9e \u00e0 partir de plastique et de tissus recycl\u00e9s, Malibu est votre compagnon sonore durable, o\u00f9 que votre journ\u00e9e vous m\u00e8ne.\u00a0<\/span><span style=\"font-weight: 400;\">Inspir\u00e9 de la ville baln\u00e9aire embl\u00e9matique connue pour sa vie en plein air, l&#039;enceinte est disponible en deux coloris uniques, le classique Midnight Black et le nouveau Desert Gray, offrant le type d&#039;\u00e9nergie dont vous avez besoin pour dynamiser votre journ\u00e9e avec un son vraiment sans limite.<\/span><\/p>","protected":false},"featured_media":8022,"comment_status":"open","ping_status":"closed","template":"","meta":{"_acf_changed":false,"_mo_disable_npp":"","inline_featured_image":false},"product_brand":[751],"product_cat":[219,777,222],"product_tag":[390,252,86,537],"class_list":{"0":"post-3778","1":"product","2":"type-product","3":"status-publish","4":"has-post-thumbnail","6":"product_brand-urbanista","7":"product_cat-portable-audio","8":"product_cat-portable-speakers","9":"product_cat-urbanista","10":"product_tag-long-battery-life","11":"product_tag-portable","12":"product_tag-speaker","13":"product_tag-wifi","14":"pa_colour-desert-grey","15":"pa_colour-midnight-black","17":"first","18":"instock","19":"taxable","20":"shipping-taxable","21":"purchasable","22":"product-type-variable","23":"has-default-attributes"},"bundled_by":[],"bundle_stock_status":"instock","bundle_stock_quantity":3,"bundle_virtual":false,"bundle_layout":"","bundle_add_to_cart_form_location":"","bundle_editable_in_cart":false,"bundle_sold_individually_context":"","bundle_item_grouping":"","bundle_min_size":"","bundle_max_size":"","bundle_price":[],"bundled_items":[],"bundle_sell_ids":[],"acf":[],"ct_brands":[{"id":751,"name":"Urbanista","slug":"urbanista"}],"yoast_head":"<!-- This site is optimized with the Yoast SEO plugin v27.2 - https:\/\/yoast.com\/product\/yoast-seo-wordpress\/ -->\n<title>Urbanista Malibu Speaker - Luxe Sound<\/title>\n<meta name=\"description\" content=\"Enjoy endless music with the Urbanista Malibu Speaker. Solar-powered, waterproof, and portable\u2014perfect for any adventure. Free Shipping!\" \/>\n<meta name=\"robots\" content=\"index, follow, max-snippet:-1, max-image-preview:large, max-video-preview:-1\" \/>\n<link rel=\"canonical\" href=\"https:\/\/luxesound.ca\/fr\/product\/urbanista-malibu-solar-speaker\/\" \/>\n<meta property=\"og:locale\" content=\"fr_FR\" \/>\n<meta property=\"og:type\" content=\"article\" \/>\n<meta property=\"og:title\" content=\"Urbanista Malibu Speaker - Luxe Sound\" \/>\n<meta property=\"og:description\" content=\"Enjoy endless music with the Urbanista Malibu Speaker. Solar-powered, waterproof, and portable\u2014perfect for any adventure. Free Shipping!\" \/>\n<meta property=\"og:url\" content=\"https:\/\/luxesound.ca\/fr\/product\/urbanista-malibu-solar-speaker\/\" \/>\n<meta property=\"og:site_name\" content=\"Luxe Sound\" \/>\n<meta property=\"article:publisher\" content=\"https:\/\/www.facebook.com\/luxesound.ca\" \/>\n<meta property=\"article:modified_time\" content=\"2026-04-20T19:11:59+00:00\" \/>\n<meta property=\"og:image\" content=\"https:\/\/luxesound.ca\/wp-content\/uploads\/2024\/03\/Urbanista-Malibu-Solar-Speaker-Midnight-3.webp\" \/>\n\t<meta property=\"og:image:width\" content=\"1200\" \/>\n\t<meta property=\"og:image:height\" content=\"800\" \/>\n\t<meta property=\"og:image:type\" content=\"image\/webp\" \/>\n<meta name=\"twitter:card\" content=\"summary_large_image\" \/>\n<meta name=\"twitter:label1\" content=\"Est. reading time\" \/>\n\t<meta name=\"twitter:data1\" content=\"1 minute\" \/>\n<script type=\"application\/ld+json\" class=\"yoast-schema-graph\">{\"@context\":\"https:\/\/schema.org\",\"@graph\":[{\"@type\":\"WebPage\",\"@id\":\"https:\/\/luxesound.ca\/product\/urbanista-malibu-solar-speaker\/\",\"url\":\"https:\/\/luxesound.ca\/product\/urbanista-malibu-solar-speaker\/\",\"name\":\"Urbanista Malibu Speaker - Luxe Sound\",\"isPartOf\":{\"@id\":\"https:\/\/luxesound.ca\/#website\"},\"primaryImageOfPage\":{\"@id\":\"https:\/\/luxesound.ca\/product\/urbanista-malibu-solar-speaker\/#primaryimage\"},\"image\":{\"@id\":\"https:\/\/luxesound.ca\/product\/urbanista-malibu-solar-speaker\/#primaryimage\"},\"thumbnailUrl\":\"https:\/\/luxesound.ca\/wp-content\/uploads\/2024\/03\/Urbanista-Malibu-Solar-Speaker-Midnight-3.webp\",\"datePublished\":\"2024-03-06T01:06:55+00:00\",\"dateModified\":\"2026-04-20T19:11:59+00:00\",\"description\":\"Enjoy endless music with the Urbanista Malibu Speaker. Solar-powered, waterproof, and portable\u2014perfect for any adventure. Free Shipping!\",\"breadcrumb\":{\"@id\":\"https:\/\/luxesound.ca\/product\/urbanista-malibu-solar-speaker\/#breadcrumb\"},\"inLanguage\":\"fr-qc\",\"potentialAction\":[{\"@type\":\"ReadAction\",\"target\":[\"https:\/\/luxesound.ca\/product\/urbanista-malibu-solar-speaker\/\"]}]},{\"@type\":\"ImageObject\",\"inLanguage\":\"fr-qc\",\"@id\":\"https:\/\/luxesound.ca\/product\/urbanista-malibu-solar-speaker\/#primaryimage\",\"url\":\"https:\/\/luxesound.ca\/wp-content\/uploads\/2024\/03\/Urbanista-Malibu-Solar-Speaker-Midnight-3.webp\",\"contentUrl\":\"https:\/\/luxesound.ca\/wp-content\/uploads\/2024\/03\/Urbanista-Malibu-Solar-Speaker-Midnight-3.webp\",\"width\":1200,\"height\":800,\"caption\":\"Urbanista Malibu midnight black colour front view\"},{\"@type\":\"BreadcrumbList\",\"@id\":\"https:\/\/luxesound.ca\/product\/urbanista-malibu-solar-speaker\/#breadcrumb\",\"itemListElement\":[{\"@type\":\"ListItem\",\"position\":1,\"name\":\"Home\",\"item\":\"https:\/\/luxesound.ca\/\"},{\"@type\":\"ListItem\",\"position\":2,\"name\":\"Products\",\"item\":\"https:\/\/luxesound.ca\/shop\/\"},{\"@type\":\"ListItem\",\"position\":3,\"name\":\"Urbanista Malibu Speaker\"}]},{\"@type\":\"WebSite\",\"@id\":\"https:\/\/luxesound.ca\/#website\",\"url\":\"https:\/\/luxesound.ca\/\",\"name\":\"Luxe Sound\",\"description\":\"The Finest Headphones &amp; Speakers. Proudly Canadian.\",\"publisher\":{\"@id\":\"https:\/\/luxesound.ca\/#organization\"},\"potentialAction\":[{\"@type\":\"SearchAction\",\"target\":{\"@type\":\"EntryPoint\",\"urlTemplate\":\"https:\/\/luxesound.ca\/?s={search_term_string}\"},\"query-input\":{\"@type\":\"PropertyValueSpecification\",\"valueRequired\":true,\"valueName\":\"search_term_string\"}}],\"inLanguage\":\"fr-qc\"},{\"@type\":\"Organization\",\"@id\":\"https:\/\/luxesound.ca\/#organization\",\"name\":\"Luxe Sound\",\"url\":\"https:\/\/luxesound.ca\/\",\"logo\":{\"@type\":\"ImageObject\",\"inLanguage\":\"fr-qc\",\"@id\":\"https:\/\/luxesound.ca\/#\/schema\/logo\/image\/\",\"url\":\"https:\/\/luxesound.ca\/wp-content\/uploads\/2024\/08\/cropped-Luxe-white-on-green.png\",\"contentUrl\":\"https:\/\/luxesound.ca\/wp-content\/uploads\/2024\/08\/cropped-Luxe-white-on-green.png\",\"width\":512,\"height\":512,\"caption\":\"Luxe Sound\"},\"image\":{\"@id\":\"https:\/\/luxesound.ca\/#\/schema\/logo\/image\/\"},\"sameAs\":[\"https:\/\/www.facebook.com\/luxesound.ca\",\"https:\/\/www.instagram.com\/luxe.sound\/\"]}]}<\/script>\n<!-- \/ Yoast SEO plugin. -->","yoast_head_json":{"title":"Urbanista Malibu Speaker - Luxe Sound","description":"Enjoy endless music with the Urbanista Malibu Speaker. Solar-powered, waterproof, and portable\u2014perfect for any adventure. Free Shipping!","robots":{"index":"index","follow":"follow","max-snippet":"max-snippet:-1","max-image-preview":"max-image-preview:large","max-video-preview":"max-video-preview:-1"},"canonical":"https:\/\/luxesound.ca\/fr\/product\/urbanista-malibu-solar-speaker\/","og_locale":"fr_FR","og_type":"article","og_title":"Urbanista Malibu Speaker - Luxe Sound","og_description":"Enjoy endless music with the Urbanista Malibu Speaker. Solar-powered, waterproof, and portable\u2014perfect for any adventure. Free Shipping!","og_url":"https:\/\/luxesound.ca\/fr\/product\/urbanista-malibu-solar-speaker\/","og_site_name":"Luxe Sound","article_publisher":"https:\/\/www.facebook.com\/luxesound.ca","article_modified_time":"2026-04-20T19:11:59+00:00","og_image":[{"width":1200,"height":800,"url":"https:\/\/luxesound.ca\/wp-content\/uploads\/2024\/03\/Urbanista-Malibu-Solar-Speaker-Midnight-3.webp","type":"image\/webp"}],"twitter_card":"summary_large_image","twitter_misc":{"Est. reading time":"1 minute"},"schema":{"@context":"https:\/\/schema.org","@graph":[{"@type":"WebPage","@id":"https:\/\/luxesound.ca\/product\/urbanista-malibu-solar-speaker\/","url":"https:\/\/luxesound.ca\/product\/urbanista-malibu-solar-speaker\/","name":"Urbanista Malibu Speaker - Luxe Sound","isPartOf":{"@id":"https:\/\/luxesound.ca\/#website"},"primaryImageOfPage":{"@id":"https:\/\/luxesound.ca\/product\/urbanista-malibu-solar-speaker\/#primaryimage"},"image":{"@id":"https:\/\/luxesound.ca\/product\/urbanista-malibu-solar-speaker\/#primaryimage"},"thumbnailUrl":"https:\/\/luxesound.ca\/wp-content\/uploads\/2024\/03\/Urbanista-Malibu-Solar-Speaker-Midnight-3.webp","datePublished":"2024-03-06T01:06:55+00:00","dateModified":"2026-04-20T19:11:59+00:00","description":"Enjoy endless music with the Urbanista Malibu Speaker. Solar-powered, waterproof, and portable\u2014perfect for any adventure. Free Shipping!","breadcrumb":{"@id":"https:\/\/luxesound.ca\/product\/urbanista-malibu-solar-speaker\/#breadcrumb"},"inLanguage":"fr-qc","potentialAction":[{"@type":"ReadAction","target":["https:\/\/luxesound.ca\/product\/urbanista-malibu-solar-speaker\/"]}]},{"@type":"ImageObject","inLanguage":"fr-qc","@id":"https:\/\/luxesound.ca\/product\/urbanista-malibu-solar-speaker\/#primaryimage","url":"https:\/\/luxesound.ca\/wp-content\/uploads\/2024\/03\/Urbanista-Malibu-Solar-Speaker-Midnight-3.webp","contentUrl":"https:\/\/luxesound.ca\/wp-content\/uploads\/2024\/03\/Urbanista-Malibu-Solar-Speaker-Midnight-3.webp","width":1200,"height":800,"caption":"Urbanista Malibu midnight black colour front view"},{"@type":"BreadcrumbList","@id":"https:\/\/luxesound.ca\/product\/urbanista-malibu-solar-speaker\/#breadcrumb","itemListElement":[{"@type":"ListItem","position":1,"name":"Home","item":"https:\/\/luxesound.ca\/"},{"@type":"ListItem","position":2,"name":"Products","item":"https:\/\/luxesound.ca\/shop\/"},{"@type":"ListItem","position":3,"name":"Urbanista Malibu Speaker"}]},{"@type":"WebSite","@id":"https:\/\/luxesound.ca\/#website","url":"https:\/\/luxesound.ca\/","name":"Son luxueux","description":"Les meilleurs \u00e9couteurs et haut-parleurs. Fi\u00e8rement canadiens.","publisher":{"@id":"https:\/\/luxesound.ca\/#organization"},"potentialAction":[{"@type":"SearchAction","target":{"@type":"EntryPoint","urlTemplate":"https:\/\/luxesound.ca\/?s={search_term_string}"},"query-input":{"@type":"PropertyValueSpecification","valueRequired":true,"valueName":"search_term_string"}}],"inLanguage":"fr-qc"},{"@type":"Organization","@id":"https:\/\/luxesound.ca\/#organization","name":"Son luxueux","url":"https:\/\/luxesound.ca\/","logo":{"@type":"ImageObject","inLanguage":"fr-qc","@id":"https:\/\/luxesound.ca\/#\/schema\/logo\/image\/","url":"https:\/\/luxesound.ca\/wp-content\/uploads\/2024\/08\/cropped-Luxe-white-on-green.png","contentUrl":"https:\/\/luxesound.ca\/wp-content\/uploads\/2024\/08\/cropped-Luxe-white-on-green.png","width":512,"height":512,"caption":"Luxe Sound"},"image":{"@id":"https:\/\/luxesound.ca\/#\/schema\/logo\/image\/"},"sameAs":["https:\/\/www.facebook.com\/luxesound.ca","https:\/\/www.instagram.com\/luxe.sound\/"]}]}},"_links":{"self":[{"href":"https:\/\/luxesound.ca\/fr\/wp-json\/wp\/v2\/product\/3778","targetHints":{"allow":["GET"]}}],"collection":[{"href":"https:\/\/luxesound.ca\/fr\/wp-json\/wp\/v2\/product"}],"about":[{"href":"https:\/\/luxesound.ca\/fr\/wp-json\/wp\/v2\/types\/product"}],"replies":[{"embeddable":true,"href":"https:\/\/luxesound.ca\/fr\/wp-json\/wp\/v2\/comments?post=3778"}],"version-history":[{"count":2,"href":"https:\/\/luxesound.ca\/fr\/wp-json\/wp\/v2\/product\/3778\/revisions"}],"predecessor-version":[{"id":11615,"href":"https:\/\/luxesound.ca\/fr\/wp-json\/wp\/v2\/product\/3778\/revisions\/11615"}],"wp:featuredmedia":[{"embeddable":true,"href":"https:\/\/luxesound.ca\/fr\/wp-json\/wp\/v2\/media\/8022"}],"wp:attachment":[{"href":"https:\/\/luxesound.ca\/fr\/wp-json\/wp\/v2\/media?parent=3778"}],"wp:term":[{"taxonomy":"product_brand","embeddable":true,"href":"https:\/\/luxesound.ca\/fr\/wp-json\/wp\/v2\/product_brand?post=3778"},{"taxonomy":"product_cat","embeddable":true,"href":"https:\/\/luxesound.ca\/fr\/wp-json\/wp\/v2\/product_cat?post=3778"},{"taxonomy":"product_tag","embeddable":true,"href":"https:\/\/luxesound.ca\/fr\/wp-json\/wp\/v2\/product_tag?post=3778"}],"curies":[{"name":"wp","href":"https:\/\/api.w.org\/{rel}","templated":true}]}}