{"id":354,"date":"2023-04-13T20:03:59","date_gmt":"2023-04-13T20:03:59","guid":{"rendered":"https:\/\/luxesound.ca\/?post_type=product&#038;p=354"},"modified":"2026-05-07T01:09:43","modified_gmt":"2026-05-07T05:09:43","slug":"sonos-era-100-speaker","status":"publish","type":"product","link":"https:\/\/luxesound.ca\/fr\/product\/sonos-era-100-speaker\/","title":{"rendered":"Enceinte Sonos Era 100"},"content":{"rendered":"<p>Sonos a remasteris\u00e9 le best-seller Sonos One pour cr\u00e9er Sonos Era 100, une nouvelle enceinte intelligente dot\u00e9e de tout nouveau mat\u00e9riel et logiciel, avec une acoustique et une conception de nouvelle g\u00e9n\u00e9ration qui offrent un son st\u00e9r\u00e9o d\u00e9taill\u00e9 et des basses profondes.<\/p>\n<p><strong>Maintenant en st\u00e9r\u00e9o<\/strong><\/p>\n<p>Deux tweeters inclin\u00e9s diffusent des hautes fr\u00e9quences nettes \u00e0 gauche et \u00e0 droite pour une exp\u00e9rience st\u00e9r\u00e9o riche, tandis qu&#039;un m\u00e9dium plus grand cr\u00e9e des basses \u00e9poustouflantes, inattendues pour une seule enceinte compacte. Des guides d&#039;ondes personnalis\u00e9s amplifient la dispersion des ondes sonores pour cr\u00e9er une sc\u00e8ne sonore plus large. \u25cf Petit mais puissant : Dot\u00e9 de nombreuses am\u00e9liorations audio et technologiques, le design fin et moderne de l&#039;Era 100 en fait une pi\u00e8ce d&#039;accent chic pour toute \u00e9tag\u00e8re, comptoir de cuisine, bureau ou table de chevet.<\/p>\n<p><strong>R\u00e9gl\u00e9 par des experts<\/strong><\/p>\n<p>Sonos a travaill\u00e9 en \u00e9troite collaboration avec sa communaut\u00e9 d&#039;artistes et de cr\u00e9ateurs de premier plan pour peaufiner m\u00e9ticuleusement Era 100. Trueplay\u2122, disponible pour les utilisateurs Android et iOS, optimise le son en fonction de l&#039;acoustique unique de votre espace.<\/p>\n<p><strong> Un son plus durable<\/strong><\/p>\n<p>Fabriqu\u00e9 en plastique recycl\u00e9 post-consommation (PCR) et emball\u00e9 dans du papier 100% issu de sources durables, l&#039;Era 100 est con\u00e7u pour r\u00e9duire sa consommation d&#039;\u00e9nergie avec moins de deux watts en veille et une nouvelle fonction veille. Son entretien est \u00e9galement facilit\u00e9 gr\u00e2ce \u00e0 la r\u00e9duction de l&#039;utilisation d&#039;adh\u00e9sifs et \u00e0 l&#039;utilisation de vis pour un d\u00e9montage et une r\u00e9paration ais\u00e9s.<\/p>\n<p><strong>Interface utilisateur audacieuse et nouvelle<\/strong><\/p>\n<p>Era 100 dispose d&#039;une nouvelle interface utilisateur intuitive, comprenant un nouveau curseur de volume capacitif pour un contr\u00f4le simple qui compl\u00e8te le contr\u00f4le rapide et priv\u00e9 de votre musique avec Sonos Voice Control, l&#039;application Sonos, Apple AirPlay 2 et Bluetooth\u00ae.<\/p>\n<p><strong>Personnalisez votre syst\u00e8me<\/strong><\/p>\n<p>Am\u00e9liorez votre soir\u00e9e cin\u00e9ma en ajoutant deux enceintes Era 100 \u00e0 l&#039;arri\u00e8re de votre barre de son pour cr\u00e9er un syst\u00e8me de son surround, ou associez-en simplement deux pour un son st\u00e9r\u00e9o qui remplit la pi\u00e8ce.<\/p>","protected":false},"excerpt":{"rendered":"<p>Dot\u00e9 d&#039;une acoustique de nouvelle g\u00e9n\u00e9ration et de nouveaux niveaux de connectivit\u00e9, Era 100 transforme n&#039;importe quelle pi\u00e8ce avec le son st\u00e9r\u00e9o finement r\u00e9gl\u00e9 et les basses riches que votre musique m\u00e9rite.<\/p>\n<p>\u00c9coutez facilement tout votre contenu audio gr\u00e2ce au Wi-Fi et au Bluetooth\u00ae.\u00b2 Connectez votre platine vinyle ou tout autre appareil \u00e0 l&#039;aide d&#039;un c\u00e2ble auxiliaire et de l&#039;adaptateur d&#039;entr\u00e9e ligne Sonos.\u00b3 Profitez d&#039;un contr\u00f4le mains libres avec votre voix.\u00b9 Associez deux enceintes dans la m\u00eame pi\u00e8ce pour un son st\u00e9r\u00e9o encore plus riche ou un son surround home cin\u00e9ma immersif. Ajoutez plus d&#039;enceintes Sonos dans votre maison pour un son incroyable dans chaque pi\u00e8ce.<\/p>","protected":false},"featured_media":8271,"comment_status":"open","ping_status":"closed","template":"","meta":{"_acf_changed":false,"_mo_disable_npp":"","inline_featured_image":false},"product_brand":[750],"product_cat":[98,26,904,27],"product_tag":[441,135,439,442,887,102,19,133,440,23,136,134,30,435,214],"class_list":{"0":"post-354","1":"product","2":"type-product","3":"status-publish","4":"has-post-thumbnail","6":"product_brand-sonos","7":"product_cat-home-theatre","8":"product_cat-sonos","9":"product_cat-sonos-black-friday","10":"product_cat-speakers","11":"product_tag-hands-free-voice-control","12":"product_tag-home-theater","13":"product_tag-home-theatre-rear-speakers","14":"product_tag-premium-audio-quality","15":"product_tag-sale","16":"product_tag-small-home-theater","17":"product_tag-sonos","18":"product_tag-sonos-era","19":"product_tag-sonos-era-100-speaker","20":"product_tag-sonos-montreal","21":"product_tag-sonos-one","22":"product_tag-sonos-speaker","23":"product_tag-sonos-wireless-speaker","24":"product_tag-wifi-and-bluetooth-streaming","25":"product_tag-wireless-home-theatre","26":"pa_colour-black","27":"pa_colour-white","29":"first","30":"instock","31":"taxable","32":"shipping-taxable","33":"purchasable","34":"product-type-variable","35":"has-default-attributes"},"bundled_by":["5924","5898","5881","10965","10972","10975","11136"],"bundle_stock_status":"instock","bundle_stock_quantity":null,"bundle_virtual":false,"bundle_layout":"","bundle_add_to_cart_form_location":"","bundle_editable_in_cart":false,"bundle_sold_individually_context":"","bundle_item_grouping":"","bundle_min_size":"","bundle_max_size":"","bundle_price":[],"bundled_items":[],"bundle_sell_ids":[],"acf":[],"ct_brands":[{"id":750,"name":"Sonos","slug":"sonos"}],"yoast_head":"<!-- This site is optimized with the Yoast SEO plugin v27.2 - https:\/\/yoast.com\/product\/yoast-seo-wordpress\/ -->\n<title>Sonos Era 100 Speaker - Luxe Sound<\/title>\n<meta name=\"description\" content=\"Experience rich, room-filling sound with the stylish Sonos Era 100. Looks stunning on a shelf or wall-mounted. Free shipping on all orders!\" \/>\n<meta name=\"robots\" content=\"index, follow, max-snippet:-1, max-image-preview:large, max-video-preview:-1\" \/>\n<link rel=\"canonical\" href=\"https:\/\/luxesound.ca\/fr\/product\/sonos-era-100-speaker\/\" \/>\n<meta property=\"og:locale\" content=\"fr_FR\" \/>\n<meta property=\"og:type\" content=\"article\" \/>\n<meta property=\"og:title\" content=\"Sonos Era 100 Speaker - Luxe Sound\" \/>\n<meta property=\"og:description\" content=\"Experience rich, room-filling sound with the stylish Sonos Era 100. Looks stunning on a shelf or wall-mounted. Free shipping on all orders!\" \/>\n<meta property=\"og:url\" content=\"https:\/\/luxesound.ca\/fr\/product\/sonos-era-100-speaker\/\" \/>\n<meta property=\"og:site_name\" content=\"Luxe Sound\" \/>\n<meta property=\"article:publisher\" content=\"https:\/\/www.facebook.com\/luxesound.ca\" \/>\n<meta property=\"article:modified_time\" content=\"2026-05-07T05:09:43+00:00\" \/>\n<meta property=\"og:image\" content=\"https:\/\/luxesound.ca\/wp-content\/uploads\/2023\/04\/sonos-era-100-speaker-era_100_Front_Black.webp\" \/>\n\t<meta property=\"og:image:width\" content=\"1200\" \/>\n\t<meta property=\"og:image:height\" content=\"800\" \/>\n\t<meta property=\"og:image:type\" content=\"image\/webp\" \/>\n<meta name=\"twitter:card\" content=\"summary_large_image\" \/>\n<meta name=\"twitter:label1\" content=\"Est. reading time\" \/>\n\t<meta name=\"twitter:data1\" content=\"2 minutes\" \/>\n<script type=\"application\/ld+json\" class=\"yoast-schema-graph\">{\"@context\":\"https:\/\/schema.org\",\"@graph\":[{\"@type\":\"WebPage\",\"@id\":\"https:\/\/luxesound.ca\/product\/sonos-era-100-speaker\/\",\"url\":\"https:\/\/luxesound.ca\/product\/sonos-era-100-speaker\/\",\"name\":\"Sonos Era 100 Speaker - Luxe Sound\",\"isPartOf\":{\"@id\":\"https:\/\/luxesound.ca\/#website\"},\"primaryImageOfPage\":{\"@id\":\"https:\/\/luxesound.ca\/product\/sonos-era-100-speaker\/#primaryimage\"},\"image\":{\"@id\":\"https:\/\/luxesound.ca\/product\/sonos-era-100-speaker\/#primaryimage\"},\"thumbnailUrl\":\"https:\/\/luxesound.ca\/wp-content\/uploads\/2023\/04\/sonos-era-100-speaker-era_100_Front_Black.webp\",\"datePublished\":\"2023-04-13T20:03:59+00:00\",\"dateModified\":\"2026-05-07T05:09:43+00:00\",\"description\":\"Experience rich, room-filling sound with the stylish Sonos Era 100. Looks stunning on a shelf or wall-mounted. Free shipping on all orders!\",\"breadcrumb\":{\"@id\":\"https:\/\/luxesound.ca\/product\/sonos-era-100-speaker\/#breadcrumb\"},\"inLanguage\":\"fr-qc\",\"potentialAction\":[{\"@type\":\"ReadAction\",\"target\":[\"https:\/\/luxesound.ca\/product\/sonos-era-100-speaker\/\"]}]},{\"@type\":\"ImageObject\",\"inLanguage\":\"fr-qc\",\"@id\":\"https:\/\/luxesound.ca\/product\/sonos-era-100-speaker\/#primaryimage\",\"url\":\"https:\/\/luxesound.ca\/wp-content\/uploads\/2023\/04\/sonos-era-100-speaker-era_100_Front_Black.webp\",\"contentUrl\":\"https:\/\/luxesound.ca\/wp-content\/uploads\/2023\/04\/sonos-era-100-speaker-era_100_Front_Black.webp\",\"width\":1200,\"height\":800,\"caption\":\"Sonos Era 100 Front Black\"},{\"@type\":\"BreadcrumbList\",\"@id\":\"https:\/\/luxesound.ca\/product\/sonos-era-100-speaker\/#breadcrumb\",\"itemListElement\":[{\"@type\":\"ListItem\",\"position\":1,\"name\":\"Home\",\"item\":\"https:\/\/luxesound.ca\/\"},{\"@type\":\"ListItem\",\"position\":2,\"name\":\"Products\",\"item\":\"https:\/\/luxesound.ca\/shop\/\"},{\"@type\":\"ListItem\",\"position\":3,\"name\":\"Sonos Era 100 Speaker\"}]},{\"@type\":\"WebSite\",\"@id\":\"https:\/\/luxesound.ca\/#website\",\"url\":\"https:\/\/luxesound.ca\/\",\"name\":\"Luxe Sound\",\"description\":\"The Finest Headphones &amp; Speakers. Proudly Canadian.\",\"publisher\":{\"@id\":\"https:\/\/luxesound.ca\/#organization\"},\"potentialAction\":[{\"@type\":\"SearchAction\",\"target\":{\"@type\":\"EntryPoint\",\"urlTemplate\":\"https:\/\/luxesound.ca\/?s={search_term_string}\"},\"query-input\":{\"@type\":\"PropertyValueSpecification\",\"valueRequired\":true,\"valueName\":\"search_term_string\"}}],\"inLanguage\":\"fr-qc\"},{\"@type\":\"Organization\",\"@id\":\"https:\/\/luxesound.ca\/#organization\",\"name\":\"Luxe Sound\",\"url\":\"https:\/\/luxesound.ca\/\",\"logo\":{\"@type\":\"ImageObject\",\"inLanguage\":\"fr-qc\",\"@id\":\"https:\/\/luxesound.ca\/#\/schema\/logo\/image\/\",\"url\":\"https:\/\/luxesound.ca\/wp-content\/uploads\/2024\/08\/cropped-Luxe-white-on-green.png\",\"contentUrl\":\"https:\/\/luxesound.ca\/wp-content\/uploads\/2024\/08\/cropped-Luxe-white-on-green.png\",\"width\":512,\"height\":512,\"caption\":\"Luxe Sound\"},\"image\":{\"@id\":\"https:\/\/luxesound.ca\/#\/schema\/logo\/image\/\"},\"sameAs\":[\"https:\/\/www.facebook.com\/luxesound.ca\",\"https:\/\/www.instagram.com\/luxe.sound\/\"]}]}<\/script>\n<!-- \/ Yoast SEO plugin. -->","yoast_head_json":{"title":"Enceinte Sonos Era 100 - Son de luxe","description":"Profitez d&#039;un son riche et enveloppant avec l&#039;\u00e9l\u00e9gant Sonos Era 100. Superbe sur une \u00e9tag\u00e8re ou fix\u00e9 au mur. Livraison gratuite pour toutes les commandes\u00a0!","robots":{"index":"index","follow":"follow","max-snippet":"max-snippet:-1","max-image-preview":"max-image-preview:large","max-video-preview":"max-video-preview:-1"},"canonical":"https:\/\/luxesound.ca\/fr\/product\/sonos-era-100-speaker\/","og_locale":"fr_FR","og_type":"article","og_title":"Sonos Era 100 Speaker - Luxe Sound","og_description":"Experience rich, room-filling sound with the stylish Sonos Era 100. Looks stunning on a shelf or wall-mounted. Free shipping on all orders!","og_url":"https:\/\/luxesound.ca\/fr\/product\/sonos-era-100-speaker\/","og_site_name":"Luxe Sound","article_publisher":"https:\/\/www.facebook.com\/luxesound.ca","article_modified_time":"2026-05-07T05:09:43+00:00","og_image":[{"width":1200,"height":800,"url":"https:\/\/luxesound.ca\/wp-content\/uploads\/2023\/04\/sonos-era-100-speaker-era_100_Front_Black.webp","type":"image\/webp"}],"twitter_card":"summary_large_image","twitter_misc":{"Est. reading time":"2 minutes"},"schema":{"@context":"https:\/\/schema.org","@graph":[{"@type":"WebPage","@id":"https:\/\/luxesound.ca\/product\/sonos-era-100-speaker\/","url":"https:\/\/luxesound.ca\/product\/sonos-era-100-speaker\/","name":"Enceinte Sonos Era 100 - Son de luxe","isPartOf":{"@id":"https:\/\/luxesound.ca\/#website"},"primaryImageOfPage":{"@id":"https:\/\/luxesound.ca\/product\/sonos-era-100-speaker\/#primaryimage"},"image":{"@id":"https:\/\/luxesound.ca\/product\/sonos-era-100-speaker\/#primaryimage"},"thumbnailUrl":"https:\/\/luxesound.ca\/wp-content\/uploads\/2023\/04\/sonos-era-100-speaker-era_100_Front_Black.webp","datePublished":"2023-04-13T20:03:59+00:00","dateModified":"2026-05-07T05:09:43+00:00","description":"Profitez d&#039;un son riche et enveloppant avec l&#039;\u00e9l\u00e9gant Sonos Era 100. Superbe sur une \u00e9tag\u00e8re ou fix\u00e9 au mur. Livraison gratuite pour toutes les commandes\u00a0!","breadcrumb":{"@id":"https:\/\/luxesound.ca\/product\/sonos-era-100-speaker\/#breadcrumb"},"inLanguage":"fr-qc","potentialAction":[{"@type":"ReadAction","target":["https:\/\/luxesound.ca\/product\/sonos-era-100-speaker\/"]}]},{"@type":"ImageObject","inLanguage":"fr-qc","@id":"https:\/\/luxesound.ca\/product\/sonos-era-100-speaker\/#primaryimage","url":"https:\/\/luxesound.ca\/wp-content\/uploads\/2023\/04\/sonos-era-100-speaker-era_100_Front_Black.webp","contentUrl":"https:\/\/luxesound.ca\/wp-content\/uploads\/2023\/04\/sonos-era-100-speaker-era_100_Front_Black.webp","width":1200,"height":800,"caption":"Sonos Era 100 Front Black"},{"@type":"BreadcrumbList","@id":"https:\/\/luxesound.ca\/product\/sonos-era-100-speaker\/#breadcrumb","itemListElement":[{"@type":"ListItem","position":1,"name":"Home","item":"https:\/\/luxesound.ca\/"},{"@type":"ListItem","position":2,"name":"Products","item":"https:\/\/luxesound.ca\/shop\/"},{"@type":"ListItem","position":3,"name":"Sonos Era 100 Speaker"}]},{"@type":"WebSite","@id":"https:\/\/luxesound.ca\/#website","url":"https:\/\/luxesound.ca\/","name":"Son luxueux","description":"Les meilleurs \u00e9couteurs et haut-parleurs. Fi\u00e8rement canadiens.","publisher":{"@id":"https:\/\/luxesound.ca\/#organization"},"potentialAction":[{"@type":"SearchAction","target":{"@type":"EntryPoint","urlTemplate":"https:\/\/luxesound.ca\/?s={search_term_string}"},"query-input":{"@type":"PropertyValueSpecification","valueRequired":true,"valueName":"search_term_string"}}],"inLanguage":"fr-qc"},{"@type":"Organization","@id":"https:\/\/luxesound.ca\/#organization","name":"Son luxueux","url":"https:\/\/luxesound.ca\/","logo":{"@type":"ImageObject","inLanguage":"fr-qc","@id":"https:\/\/luxesound.ca\/#\/schema\/logo\/image\/","url":"https:\/\/luxesound.ca\/wp-content\/uploads\/2024\/08\/cropped-Luxe-white-on-green.png","contentUrl":"https:\/\/luxesound.ca\/wp-content\/uploads\/2024\/08\/cropped-Luxe-white-on-green.png","width":512,"height":512,"caption":"Luxe Sound"},"image":{"@id":"https:\/\/luxesound.ca\/#\/schema\/logo\/image\/"},"sameAs":["https:\/\/www.facebook.com\/luxesound.ca","https:\/\/www.instagram.com\/luxe.sound\/"]}]}},"_links":{"self":[{"href":"https:\/\/luxesound.ca\/fr\/wp-json\/wp\/v2\/product\/354","targetHints":{"allow":["GET"]}}],"collection":[{"href":"https:\/\/luxesound.ca\/fr\/wp-json\/wp\/v2\/product"}],"about":[{"href":"https:\/\/luxesound.ca\/fr\/wp-json\/wp\/v2\/types\/product"}],"replies":[{"embeddable":true,"href":"https:\/\/luxesound.ca\/fr\/wp-json\/wp\/v2\/comments?post=354"}],"version-history":[{"count":3,"href":"https:\/\/luxesound.ca\/fr\/wp-json\/wp\/v2\/product\/354\/revisions"}],"predecessor-version":[{"id":12891,"href":"https:\/\/luxesound.ca\/fr\/wp-json\/wp\/v2\/product\/354\/revisions\/12891"}],"wp:featuredmedia":[{"embeddable":true,"href":"https:\/\/luxesound.ca\/fr\/wp-json\/wp\/v2\/media\/8271"}],"wp:attachment":[{"href":"https:\/\/luxesound.ca\/fr\/wp-json\/wp\/v2\/media?parent=354"}],"wp:term":[{"taxonomy":"product_brand","embeddable":true,"href":"https:\/\/luxesound.ca\/fr\/wp-json\/wp\/v2\/product_brand?post=354"},{"taxonomy":"product_cat","embeddable":true,"href":"https:\/\/luxesound.ca\/fr\/wp-json\/wp\/v2\/product_cat?post=354"},{"taxonomy":"product_tag","embeddable":true,"href":"https:\/\/luxesound.ca\/fr\/wp-json\/wp\/v2\/product_tag?post=354"}],"curies":[{"name":"wp","href":"https:\/\/api.w.org\/{rel}","templated":true}]}}