{"id":353,"date":"2023-04-13T20:03:59","date_gmt":"2023-04-13T20:03:59","guid":{"rendered":"https:\/\/luxesound.ca\/?post_type=product&#038;p=353"},"modified":"2026-04-20T15:11:56","modified_gmt":"2026-04-20T19:11:56","slug":"sonos-era-300","status":"publish","type":"product","link":"https:\/\/luxesound.ca\/fr\/product\/sonos-era-300\/","title":{"rendered":"Enceinte Sonos Era 300"},"content":{"rendered":"<p><strong>Shaped for spatial<\/strong><\/p>\n<p>Era 300 wraps its beautifully complex acoustic architecture in an elegantly cinched hourglass design, with every angle, proportion and perforation enhancing the direction and dispersion of sound to truly surround you.<\/p>\n<p><strong>Room-filling sound<\/strong><\/p>\n<p>No matter where you are or what you play, the listening experience is nothing short of extraordinary with a sensationally spacious stereo soundstage you can enjoy all around the room.<\/p>\n<p><strong>Surreal surround sound<\/strong><\/p>\n<p>As a multi-channel device, Era 300 creates a mind-bending home theater experience that\u2019s supercharged by Dolby Atmos when paired as surrounds with Arc or Beam (Gen 2).<\/p>\n<p><strong>Deep music industry collaboration<\/strong><\/p>\n<p>Sonos worked closely with its community of leading artists and creators to meticulously fine-tune Era 300 so listeners can enjoy sound straight from the studio that\u2019s true to the artist\u2019s intent. Trueplay\u2122, available to both Android and iOS users, optimizes the sound for the unique acoustics of your space with a tap in the Sonos app.<\/p>\n<p><strong>Un son plus durable<\/strong><\/p>\n<p>Era 300 is made with post consumer recycled (PCR) plastic and packaged in 100% sustainably sourced paper, while also engineered to reduce power consumption with under two watts idle power consumption and a new sleep function. It\u2019s also built for serviceability by reducing the use of adhesives and transitioning to screws for easy disassembly and repair.<\/p>\n<p><strong>Connectivit\u00e9 am\u00e9lior\u00e9e<\/strong><\/p>\n<p>Diffusez tout l&#039;audio dont vous avez besoin \u00e0 l&#039;aide du Wi-Fi ou du Bluetooth, et connectez directement d&#039;autres appareils audio tels qu&#039;une platine \u00e0 l&#039;aide d&#039;un c\u00e2ble auxiliaire et de l&#039;adaptateur d&#039;entr\u00e9e ligne Sonos.<\/p>\n<figure><\/figure>\n<figure><\/figure>\n<h3>Bluetooth<\/h3>\n<p>Profitez de la formidable exp\u00e9rience Sonos \u00e0 la maison en Wi-Fi et passez en Bluetooth en appuyant sur un bouton lorsque vous \u00eates absent ou en d\u00e9placement.<\/p>\n<h3>Touche<\/h3>\n<p>Vous avez le contr\u00f4le total. Appuyez ou faites glisser les commandes tactiles de l&#039;enceinte pour mettre la musique en pause, r\u00e9gler le volume, passer une piste, etc.<\/p>\n<h3>Diffusion \u00e0 l&#039;antenne<\/h3>\n<p>Envoyez du son directement depuis votre iPhone, iPad ou Mac vers votre enceinte Sonos avec Apple AirPlay. Demandez ensuite \u00e0 Siri de l&#039;augmenter depuis votre appareil.<\/p>\n<h3>Application Sonos<\/h3>\n<p>Utilisez l&#039;application Sonos pour connecter et contr\u00f4ler tous vos services de streaming ainsi que Sonos Radio et personnaliser les param\u00e8tres.<\/p>","protected":false},"excerpt":{"rendered":"<p>Avec un son de niveau sup\u00e9rieur qui frappe de toutes les directions, Era 300 ne vous entoure pas seulement, il vous place \u00e0 l&#039;int\u00e9rieur de votre musique.<\/p>\n<p>Connectez-vous \u00e0 tous vos contenus audio gr\u00e2ce \u00e0 un son incroyablement clair et spacieux. Diffusez depuis tous vos services et appareils pr\u00e9f\u00e9r\u00e9s gr\u00e2ce au Wi-Fi et au Bluetooth\u00ae.\u00b3 Connectez une platine vinyle ou une autre source audio \u00e0 l&#039;aide d&#039;un c\u00e2ble auxiliaire et de l&#039;adaptateur d&#039;entr\u00e9e ligne Sonos.\u2074 Profitez d&#039;un son surround incroyablement r\u00e9aliste lorsque vous associez deux enceintes Era 300 \u00e0 Arc et diffusez un son spatial avec Dolby Atmos.\u00b9 La configuration est simple et le contr\u00f4le est encore plus facile avec l&#039;application Sonos, les commandes tactiles de nouvelle g\u00e9n\u00e9ration et votre voix.<\/p>","protected":false},"featured_media":8287,"comment_status":"open","ping_status":"closed","template":"","meta":{"_acf_changed":false,"_mo_disable_npp":"","inline_featured_image":false},"product_brand":[750],"product_cat":[98,26,904,27],"product_tag":[437,335,887,102,433,19,133,434,134,30,432,86,436,438,435],"class_list":{"0":"post-353","1":"product","2":"type-product","3":"status-publish","4":"has-post-thumbnail","6":"product_brand-sonos","7":"product_cat-home-theatre","8":"product_cat-sonos","9":"product_cat-sonos-black-friday","10":"product_cat-speakers","11":"product_tag-dolby-atmos-speaker","12":"product_tag-rear-home-theatre-speakers","13":"product_tag-sale","14":"product_tag-small-home-theater","15":"product_tag-sono-montreal","16":"product_tag-sonos","17":"product_tag-sonos-era","18":"product_tag-sonos-era-300-speaker","19":"product_tag-sonos-speaker","20":"product_tag-sonos-wireless-speaker","21":"product_tag-spatial-audio","22":"product_tag-speaker","23":"product_tag-surround-sound","24":"product_tag-voice-control","25":"product_tag-wifi-and-bluetooth-streaming","26":"pa_colour-black","27":"pa_colour-white","29":"first","30":"instock","31":"featured","32":"taxable","33":"shipping-taxable","34":"purchasable","35":"product-type-variable","36":"has-default-attributes"},"bundled_by":["5873","10632","10638","5932","10968","11626","11643"],"bundle_stock_status":"instock","bundle_stock_quantity":null,"bundle_virtual":false,"bundle_layout":"","bundle_add_to_cart_form_location":"","bundle_editable_in_cart":false,"bundle_sold_individually_context":"","bundle_item_grouping":"","bundle_min_size":"","bundle_max_size":"","bundle_price":[],"bundled_items":[],"bundle_sell_ids":[],"acf":[],"ct_brands":[{"id":750,"name":"Sonos","slug":"sonos"}],"yoast_head":"<!-- This site is optimized with the Yoast SEO plugin v27.2 - https:\/\/yoast.com\/product\/yoast-seo-wordpress\/ -->\n<title>Sonos Era 300 Speaker - Luxe Sound<\/title>\n<meta name=\"description\" content=\"Elevate your audio experience with Sonos Era 300 speaker. Phenomenally clear, spacious sound, easy setup, and next-gen controls. Free Shipping!\" \/>\n<meta name=\"robots\" content=\"index, follow, max-snippet:-1, max-image-preview:large, max-video-preview:-1\" \/>\n<link rel=\"canonical\" href=\"https:\/\/luxesound.ca\/fr\/product\/sonos-era-300\/\" \/>\n<meta property=\"og:locale\" content=\"fr_FR\" \/>\n<meta property=\"og:type\" content=\"article\" \/>\n<meta property=\"og:title\" content=\"Sonos Era 300 Speaker - Luxe Sound\" \/>\n<meta property=\"og:description\" content=\"Elevate your audio experience with Sonos Era 300 speaker. Phenomenally clear, spacious sound, easy setup, and next-gen controls. Free Shipping!\" \/>\n<meta property=\"og:url\" content=\"https:\/\/luxesound.ca\/fr\/product\/sonos-era-300\/\" \/>\n<meta property=\"og:site_name\" content=\"Luxe Sound\" \/>\n<meta property=\"article:publisher\" content=\"https:\/\/www.facebook.com\/luxesound.ca\" \/>\n<meta property=\"article:modified_time\" content=\"2026-04-20T19:11:56+00:00\" \/>\n<meta property=\"og:image\" content=\"https:\/\/luxesound.ca\/wp-content\/uploads\/2023\/04\/sonos-era-300-speaker-Era_300_Low_Black.webp\" \/>\n\t<meta property=\"og:image:width\" content=\"1200\" \/>\n\t<meta property=\"og:image:height\" content=\"800\" \/>\n\t<meta property=\"og:image:type\" content=\"image\/webp\" \/>\n<meta name=\"twitter:card\" content=\"summary_large_image\" \/>\n<meta name=\"twitter:label1\" content=\"Est. reading time\" \/>\n\t<meta name=\"twitter:data1\" content=\"2 minutes\" \/>\n<script type=\"application\/ld+json\" class=\"yoast-schema-graph\">{\"@context\":\"https:\/\/schema.org\",\"@graph\":[{\"@type\":\"WebPage\",\"@id\":\"https:\/\/luxesound.ca\/product\/sonos-era-300\/\",\"url\":\"https:\/\/luxesound.ca\/product\/sonos-era-300\/\",\"name\":\"Sonos Era 300 Speaker - Luxe Sound\",\"isPartOf\":{\"@id\":\"https:\/\/luxesound.ca\/#website\"},\"primaryImageOfPage\":{\"@id\":\"https:\/\/luxesound.ca\/product\/sonos-era-300\/#primaryimage\"},\"image\":{\"@id\":\"https:\/\/luxesound.ca\/product\/sonos-era-300\/#primaryimage\"},\"thumbnailUrl\":\"https:\/\/luxesound.ca\/wp-content\/uploads\/2023\/04\/sonos-era-300-speaker-Era_300_Low_Black.webp\",\"datePublished\":\"2023-04-13T20:03:59+00:00\",\"dateModified\":\"2026-04-20T19:11:56+00:00\",\"description\":\"Elevate your audio experience with Sonos Era 300 speaker. Phenomenally clear, spacious sound, easy setup, and next-gen controls. Free Shipping!\",\"breadcrumb\":{\"@id\":\"https:\/\/luxesound.ca\/product\/sonos-era-300\/#breadcrumb\"},\"inLanguage\":\"fr-qc\",\"potentialAction\":[{\"@type\":\"ReadAction\",\"target\":[\"https:\/\/luxesound.ca\/product\/sonos-era-300\/\"]}]},{\"@type\":\"ImageObject\",\"inLanguage\":\"fr-qc\",\"@id\":\"https:\/\/luxesound.ca\/product\/sonos-era-300\/#primaryimage\",\"url\":\"https:\/\/luxesound.ca\/wp-content\/uploads\/2023\/04\/sonos-era-300-speaker-Era_300_Low_Black.webp\",\"contentUrl\":\"https:\/\/luxesound.ca\/wp-content\/uploads\/2023\/04\/sonos-era-300-speaker-Era_300_Low_Black.webp\",\"width\":1200,\"height\":800,\"caption\":\"Sonos Era 300 black\"},{\"@type\":\"BreadcrumbList\",\"@id\":\"https:\/\/luxesound.ca\/product\/sonos-era-300\/#breadcrumb\",\"itemListElement\":[{\"@type\":\"ListItem\",\"position\":1,\"name\":\"Home\",\"item\":\"https:\/\/luxesound.ca\/\"},{\"@type\":\"ListItem\",\"position\":2,\"name\":\"Products\",\"item\":\"https:\/\/luxesound.ca\/shop\/\"},{\"@type\":\"ListItem\",\"position\":3,\"name\":\"Sonos Era 300 Speaker\"}]},{\"@type\":\"WebSite\",\"@id\":\"https:\/\/luxesound.ca\/#website\",\"url\":\"https:\/\/luxesound.ca\/\",\"name\":\"Luxe Sound\",\"description\":\"The Finest Headphones &amp; Speakers. Proudly Canadian.\",\"publisher\":{\"@id\":\"https:\/\/luxesound.ca\/#organization\"},\"potentialAction\":[{\"@type\":\"SearchAction\",\"target\":{\"@type\":\"EntryPoint\",\"urlTemplate\":\"https:\/\/luxesound.ca\/?s={search_term_string}\"},\"query-input\":{\"@type\":\"PropertyValueSpecification\",\"valueRequired\":true,\"valueName\":\"search_term_string\"}}],\"inLanguage\":\"fr-qc\"},{\"@type\":\"Organization\",\"@id\":\"https:\/\/luxesound.ca\/#organization\",\"name\":\"Luxe Sound\",\"url\":\"https:\/\/luxesound.ca\/\",\"logo\":{\"@type\":\"ImageObject\",\"inLanguage\":\"fr-qc\",\"@id\":\"https:\/\/luxesound.ca\/#\/schema\/logo\/image\/\",\"url\":\"https:\/\/luxesound.ca\/wp-content\/uploads\/2024\/08\/cropped-Luxe-white-on-green.png\",\"contentUrl\":\"https:\/\/luxesound.ca\/wp-content\/uploads\/2024\/08\/cropped-Luxe-white-on-green.png\",\"width\":512,\"height\":512,\"caption\":\"Luxe Sound\"},\"image\":{\"@id\":\"https:\/\/luxesound.ca\/#\/schema\/logo\/image\/\"},\"sameAs\":[\"https:\/\/www.facebook.com\/luxesound.ca\",\"https:\/\/www.instagram.com\/luxe.sound\/\"]}]}<\/script>\n<!-- \/ Yoast SEO plugin. -->","yoast_head_json":{"title":"Sonos Era 300 Speaker - Luxe Sound","description":"Elevate your audio experience with Sonos Era 300 speaker. Phenomenally clear, spacious sound, easy setup, and next-gen controls. Free Shipping!","robots":{"index":"index","follow":"follow","max-snippet":"max-snippet:-1","max-image-preview":"max-image-preview:large","max-video-preview":"max-video-preview:-1"},"canonical":"https:\/\/luxesound.ca\/fr\/product\/sonos-era-300\/","og_locale":"fr_FR","og_type":"article","og_title":"Sonos Era 300 Speaker - Luxe Sound","og_description":"Elevate your audio experience with Sonos Era 300 speaker. Phenomenally clear, spacious sound, easy setup, and next-gen controls. Free Shipping!","og_url":"https:\/\/luxesound.ca\/fr\/product\/sonos-era-300\/","og_site_name":"Luxe Sound","article_publisher":"https:\/\/www.facebook.com\/luxesound.ca","article_modified_time":"2026-04-20T19:11:56+00:00","og_image":[{"width":1200,"height":800,"url":"https:\/\/luxesound.ca\/wp-content\/uploads\/2023\/04\/sonos-era-300-speaker-Era_300_Low_Black.webp","type":"image\/webp"}],"twitter_card":"summary_large_image","twitter_misc":{"Est. reading time":"2 minutes"},"schema":{"@context":"https:\/\/schema.org","@graph":[{"@type":"WebPage","@id":"https:\/\/luxesound.ca\/product\/sonos-era-300\/","url":"https:\/\/luxesound.ca\/product\/sonos-era-300\/","name":"Sonos Era 300 Speaker - Luxe Sound","isPartOf":{"@id":"https:\/\/luxesound.ca\/#website"},"primaryImageOfPage":{"@id":"https:\/\/luxesound.ca\/product\/sonos-era-300\/#primaryimage"},"image":{"@id":"https:\/\/luxesound.ca\/product\/sonos-era-300\/#primaryimage"},"thumbnailUrl":"https:\/\/luxesound.ca\/wp-content\/uploads\/2023\/04\/sonos-era-300-speaker-Era_300_Low_Black.webp","datePublished":"2023-04-13T20:03:59+00:00","dateModified":"2026-04-20T19:11:56+00:00","description":"Elevate your audio experience with Sonos Era 300 speaker. Phenomenally clear, spacious sound, easy setup, and next-gen controls. Free Shipping!","breadcrumb":{"@id":"https:\/\/luxesound.ca\/product\/sonos-era-300\/#breadcrumb"},"inLanguage":"fr-qc","potentialAction":[{"@type":"ReadAction","target":["https:\/\/luxesound.ca\/product\/sonos-era-300\/"]}]},{"@type":"ImageObject","inLanguage":"fr-qc","@id":"https:\/\/luxesound.ca\/product\/sonos-era-300\/#primaryimage","url":"https:\/\/luxesound.ca\/wp-content\/uploads\/2023\/04\/sonos-era-300-speaker-Era_300_Low_Black.webp","contentUrl":"https:\/\/luxesound.ca\/wp-content\/uploads\/2023\/04\/sonos-era-300-speaker-Era_300_Low_Black.webp","width":1200,"height":800,"caption":"Sonos Era 300 black"},{"@type":"BreadcrumbList","@id":"https:\/\/luxesound.ca\/product\/sonos-era-300\/#breadcrumb","itemListElement":[{"@type":"ListItem","position":1,"name":"Home","item":"https:\/\/luxesound.ca\/"},{"@type":"ListItem","position":2,"name":"Products","item":"https:\/\/luxesound.ca\/shop\/"},{"@type":"ListItem","position":3,"name":"Sonos Era 300 Speaker"}]},{"@type":"WebSite","@id":"https:\/\/luxesound.ca\/#website","url":"https:\/\/luxesound.ca\/","name":"Son luxueux","description":"Les meilleurs \u00e9couteurs et haut-parleurs. Fi\u00e8rement canadiens.","publisher":{"@id":"https:\/\/luxesound.ca\/#organization"},"potentialAction":[{"@type":"SearchAction","target":{"@type":"EntryPoint","urlTemplate":"https:\/\/luxesound.ca\/?s={search_term_string}"},"query-input":{"@type":"PropertyValueSpecification","valueRequired":true,"valueName":"search_term_string"}}],"inLanguage":"fr-qc"},{"@type":"Organization","@id":"https:\/\/luxesound.ca\/#organization","name":"Son luxueux","url":"https:\/\/luxesound.ca\/","logo":{"@type":"ImageObject","inLanguage":"fr-qc","@id":"https:\/\/luxesound.ca\/#\/schema\/logo\/image\/","url":"https:\/\/luxesound.ca\/wp-content\/uploads\/2024\/08\/cropped-Luxe-white-on-green.png","contentUrl":"https:\/\/luxesound.ca\/wp-content\/uploads\/2024\/08\/cropped-Luxe-white-on-green.png","width":512,"height":512,"caption":"Luxe Sound"},"image":{"@id":"https:\/\/luxesound.ca\/#\/schema\/logo\/image\/"},"sameAs":["https:\/\/www.facebook.com\/luxesound.ca","https:\/\/www.instagram.com\/luxe.sound\/"]}]}},"_links":{"self":[{"href":"https:\/\/luxesound.ca\/fr\/wp-json\/wp\/v2\/product\/353","targetHints":{"allow":["GET"]}}],"collection":[{"href":"https:\/\/luxesound.ca\/fr\/wp-json\/wp\/v2\/product"}],"about":[{"href":"https:\/\/luxesound.ca\/fr\/wp-json\/wp\/v2\/types\/product"}],"replies":[{"embeddable":true,"href":"https:\/\/luxesound.ca\/fr\/wp-json\/wp\/v2\/comments?post=353"}],"version-history":[{"count":2,"href":"https:\/\/luxesound.ca\/fr\/wp-json\/wp\/v2\/product\/353\/revisions"}],"predecessor-version":[{"id":9507,"href":"https:\/\/luxesound.ca\/fr\/wp-json\/wp\/v2\/product\/353\/revisions\/9507"}],"wp:featuredmedia":[{"embeddable":true,"href":"https:\/\/luxesound.ca\/fr\/wp-json\/wp\/v2\/media\/8287"}],"wp:attachment":[{"href":"https:\/\/luxesound.ca\/fr\/wp-json\/wp\/v2\/media?parent=353"}],"wp:term":[{"taxonomy":"product_brand","embeddable":true,"href":"https:\/\/luxesound.ca\/fr\/wp-json\/wp\/v2\/product_brand?post=353"},{"taxonomy":"product_cat","embeddable":true,"href":"https:\/\/luxesound.ca\/fr\/wp-json\/wp\/v2\/product_cat?post=353"},{"taxonomy":"product_tag","embeddable":true,"href":"https:\/\/luxesound.ca\/fr\/wp-json\/wp\/v2\/product_tag?post=353"}],"curies":[{"name":"wp","href":"https:\/\/api.w.org\/{rel}","templated":true}]}}