{"id":350,"date":"2023-04-13T20:03:59","date_gmt":"2023-04-14T00:03:59","guid":{"rendered":"https:\/\/luxesound.ca\/?post_type=product&#038;p=350"},"modified":"2026-04-20T15:11:56","modified_gmt":"2026-04-20T19:11:56","slug":"victrola-stream-carbon-turntable","status":"publish","type":"product","link":"https:\/\/luxesound.ca\/fr\/product\/victrola-stream-carbon-turntable\/","title":{"rendered":"Table tournante Victrola Stream Carbone"},"content":{"rendered":"<p>Pr\u00e9sentation de la platine vinyle Victrola Stream Carbon, l&#039;exp\u00e9rience d&#039;\u00e9coute ultime du vinyle avec la puissance de Sonos. Plongez dans un son riche et vivant comme jamais auparavant avec votre syst\u00e8me Sonos. La platine vinyle Victrola Stream Carbon a \u00e9t\u00e9 certifi\u00e9e par le programme Works with Sonos, ce qui garantit que l&#039;int\u00e9gration r\u00e9pond aux normes les plus \u00e9lev\u00e9es de Sonos.<\/p>\n<figure><\/figure>\n<figure><\/figure>","protected":false},"excerpt":{"rendered":"<p>Pr\u00e9sentation de la platine vinyle \u00e0 entra\u00eenement direct Victrola Stream Carbon, certifi\u00e9e par le programme Works with Sonos ! Pr\u00e9parez-vous \u00e0 danser en connectant sans fil cette \u00e9l\u00e9gante platine vinyle \u00e0 vos enceintes Sonos compatibles. C&#039;est un tout nouveau monde pour red\u00e9couvrir vos disques 33 1\/3 et 45 tours pr\u00e9f\u00e9r\u00e9s avec une commodit\u00e9 imbattable. Mais ce n&#039;est pas tout ! Avec sa sortie RCA, vous pouvez \u00e9galement la connecter \u00e0 d&#039;autres enceintes, \u00e9largissant ainsi votre univers musical. Et n&#039;oublions pas le pr\u00e9ampli haut de gamme, qui garantit que chaque note \u00e9clate de nettet\u00e9 et de dynamisme. Il est temps de faire tourner, de diffuser et de laisser la musique vous emmener vers de nouveaux sommets de bonheur audio !<\/p>","protected":false},"featured_media":8297,"comment_status":"open","ping_status":"closed","template":"","meta":{"_acf_changed":false,"_mo_disable_npp":"","inline_featured_image":false},"product_brand":[752],"product_cat":[36,740,223],"product_tag":[446,447,81,22,23,449,448,82,445,132,444,358,443],"class_list":{"0":"post-350","1":"product","2":"type-product","3":"status-publish","4":"has-post-thumbnail","6":"product_brand-victrola","7":"product_cat-accessories","8":"product_cat-turntables-cd-players","9":"product_cat-victrola","10":"product_tag-carbon-fiber-tonearm","11":"product_tag-ortofon-2m-red-cartridge","12":"product_tag-record-player","13":"product_tag-sonos-canada","14":"product_tag-sonos-montreal","15":"product_tag-streaming-record-player","16":"product_tag-streaming-turntable","17":"product_tag-turntable","18":"product_tag-turntable-for-sonos","19":"product_tag-victrola","20":"product_tag-victrola-stream-carbon-turntable","21":"product_tag-vinyl-record-player","22":"product_tag-works-with-sonos-turntable","24":"first","25":"instock","26":"taxable","27":"shipping-taxable","28":"purchasable","29":"product-type-variable","30":"has-default-attributes"},"bundled_by":[],"bundle_stock_status":"instock","bundle_stock_quantity":1,"bundle_virtual":false,"bundle_layout":"","bundle_add_to_cart_form_location":"","bundle_editable_in_cart":false,"bundle_sold_individually_context":"","bundle_item_grouping":"","bundle_min_size":"","bundle_max_size":"","bundle_price":[],"bundled_items":[],"bundle_sell_ids":[],"acf":[],"ct_brands":[{"id":752,"name":"Victrola","slug":"victrola"}],"yoast_head":"<!-- This site is optimized with the Yoast SEO plugin v27.2 - https:\/\/yoast.com\/product\/yoast-seo-wordpress\/ -->\n<title>Victrola Stream Carbon Turntable - Luxe Sound<\/title>\n<meta name=\"description\" content=\"Experience your vinyl records like never before with the Victrola Stream Carbon Turntable. Works with Sonos for rich, vivid sound. Free Shipping!\" \/>\n<meta name=\"robots\" content=\"index, follow, max-snippet:-1, max-image-preview:large, max-video-preview:-1\" \/>\n<link rel=\"canonical\" href=\"https:\/\/luxesound.ca\/fr\/product\/victrola-stream-carbon-turntable\/\" \/>\n<meta property=\"og:locale\" content=\"fr_FR\" \/>\n<meta property=\"og:type\" content=\"article\" \/>\n<meta property=\"og:title\" content=\"Victrola Stream Carbon Turntable - Luxe Sound\" \/>\n<meta property=\"og:description\" content=\"Experience your vinyl records like never before with the Victrola Stream Carbon Turntable. Works with Sonos for rich, vivid sound. Free Shipping!\" \/>\n<meta property=\"og:url\" content=\"https:\/\/luxesound.ca\/fr\/product\/victrola-stream-carbon-turntable\/\" \/>\n<meta property=\"og:site_name\" content=\"Luxe Sound\" \/>\n<meta property=\"article:publisher\" content=\"https:\/\/www.facebook.com\/luxesound.ca\" \/>\n<meta property=\"article:modified_time\" content=\"2026-04-20T19:11:56+00:00\" \/>\n<meta property=\"og:image\" content=\"https:\/\/luxesound.ca\/wp-content\/uploads\/2023\/04\/victrola-stream-carbon-turntable-1.webp\" \/>\n\t<meta property=\"og:image:width\" content=\"1200\" \/>\n\t<meta property=\"og:image:height\" content=\"800\" \/>\n\t<meta property=\"og:image:type\" content=\"image\/webp\" \/>\n<meta name=\"twitter:card\" content=\"summary_large_image\" \/>\n<meta name=\"twitter:label1\" content=\"Est. reading time\" \/>\n\t<meta name=\"twitter:data1\" content=\"1 minute\" \/>\n<script type=\"application\/ld+json\" class=\"yoast-schema-graph\">{\"@context\":\"https:\/\/schema.org\",\"@graph\":[{\"@type\":\"WebPage\",\"@id\":\"https:\/\/luxesound.ca\/product\/victrola-stream-carbon-turntable\/\",\"url\":\"https:\/\/luxesound.ca\/product\/victrola-stream-carbon-turntable\/\",\"name\":\"Victrola Stream Carbon Turntable - Luxe Sound\",\"isPartOf\":{\"@id\":\"https:\/\/luxesound.ca\/#website\"},\"primaryImageOfPage\":{\"@id\":\"https:\/\/luxesound.ca\/product\/victrola-stream-carbon-turntable\/#primaryimage\"},\"image\":{\"@id\":\"https:\/\/luxesound.ca\/product\/victrola-stream-carbon-turntable\/#primaryimage\"},\"thumbnailUrl\":\"https:\/\/luxesound.ca\/wp-content\/uploads\/2023\/04\/victrola-stream-carbon-turntable-1.webp\",\"datePublished\":\"2023-04-14T00:03:59+00:00\",\"dateModified\":\"2026-04-20T19:11:56+00:00\",\"description\":\"Experience your vinyl records like never before with the Victrola Stream Carbon Turntable. Works with Sonos for rich, vivid sound. Free Shipping!\",\"breadcrumb\":{\"@id\":\"https:\/\/luxesound.ca\/product\/victrola-stream-carbon-turntable\/#breadcrumb\"},\"inLanguage\":\"fr-qc\",\"potentialAction\":[{\"@type\":\"ReadAction\",\"target\":[\"https:\/\/luxesound.ca\/product\/victrola-stream-carbon-turntable\/\"]}]},{\"@type\":\"ImageObject\",\"inLanguage\":\"fr-qc\",\"@id\":\"https:\/\/luxesound.ca\/product\/victrola-stream-carbon-turntable\/#primaryimage\",\"url\":\"https:\/\/luxesound.ca\/wp-content\/uploads\/2023\/04\/victrola-stream-carbon-turntable-1.webp\",\"contentUrl\":\"https:\/\/luxesound.ca\/wp-content\/uploads\/2023\/04\/victrola-stream-carbon-turntable-1.webp\",\"width\":1200,\"height\":800,\"caption\":\"Victrola Stream Carbon Turntable works with Sonos\"},{\"@type\":\"BreadcrumbList\",\"@id\":\"https:\/\/luxesound.ca\/product\/victrola-stream-carbon-turntable\/#breadcrumb\",\"itemListElement\":[{\"@type\":\"ListItem\",\"position\":1,\"name\":\"Home\",\"item\":\"https:\/\/luxesound.ca\/\"},{\"@type\":\"ListItem\",\"position\":2,\"name\":\"Products\",\"item\":\"https:\/\/luxesound.ca\/shop\/\"},{\"@type\":\"ListItem\",\"position\":3,\"name\":\"Victrola Stream Carbon Turntable\"}]},{\"@type\":\"WebSite\",\"@id\":\"https:\/\/luxesound.ca\/#website\",\"url\":\"https:\/\/luxesound.ca\/\",\"name\":\"Luxe Sound\",\"description\":\"The Finest Headphones &amp; Speakers. Proudly Canadian.\",\"publisher\":{\"@id\":\"https:\/\/luxesound.ca\/#organization\"},\"potentialAction\":[{\"@type\":\"SearchAction\",\"target\":{\"@type\":\"EntryPoint\",\"urlTemplate\":\"https:\/\/luxesound.ca\/?s={search_term_string}\"},\"query-input\":{\"@type\":\"PropertyValueSpecification\",\"valueRequired\":true,\"valueName\":\"search_term_string\"}}],\"inLanguage\":\"fr-qc\"},{\"@type\":\"Organization\",\"@id\":\"https:\/\/luxesound.ca\/#organization\",\"name\":\"Luxe Sound\",\"url\":\"https:\/\/luxesound.ca\/\",\"logo\":{\"@type\":\"ImageObject\",\"inLanguage\":\"fr-qc\",\"@id\":\"https:\/\/luxesound.ca\/#\/schema\/logo\/image\/\",\"url\":\"https:\/\/luxesound.ca\/wp-content\/uploads\/2024\/08\/cropped-Luxe-white-on-green.png\",\"contentUrl\":\"https:\/\/luxesound.ca\/wp-content\/uploads\/2024\/08\/cropped-Luxe-white-on-green.png\",\"width\":512,\"height\":512,\"caption\":\"Luxe Sound\"},\"image\":{\"@id\":\"https:\/\/luxesound.ca\/#\/schema\/logo\/image\/\"},\"sameAs\":[\"https:\/\/www.facebook.com\/luxesound.ca\",\"https:\/\/www.instagram.com\/luxe.sound\/\"]}]}<\/script>\n<!-- \/ Yoast SEO plugin. -->","yoast_head_json":{"title":"Victrola Stream Carbon Turntable - Luxe Sound","description":"Experience your vinyl records like never before with the Victrola Stream Carbon Turntable. Works with Sonos for rich, vivid sound. Free Shipping!","robots":{"index":"index","follow":"follow","max-snippet":"max-snippet:-1","max-image-preview":"max-image-preview:large","max-video-preview":"max-video-preview:-1"},"canonical":"https:\/\/luxesound.ca\/fr\/product\/victrola-stream-carbon-turntable\/","og_locale":"fr_FR","og_type":"article","og_title":"Victrola Stream Carbon Turntable - Luxe Sound","og_description":"Experience your vinyl records like never before with the Victrola Stream Carbon Turntable. Works with Sonos for rich, vivid sound. Free Shipping!","og_url":"https:\/\/luxesound.ca\/fr\/product\/victrola-stream-carbon-turntable\/","og_site_name":"Luxe Sound","article_publisher":"https:\/\/www.facebook.com\/luxesound.ca","article_modified_time":"2026-04-20T19:11:56+00:00","og_image":[{"width":1200,"height":800,"url":"https:\/\/luxesound.ca\/wp-content\/uploads\/2023\/04\/victrola-stream-carbon-turntable-1.webp","type":"image\/webp"}],"twitter_card":"summary_large_image","twitter_misc":{"Est. reading time":"1 minute"},"schema":{"@context":"https:\/\/schema.org","@graph":[{"@type":"WebPage","@id":"https:\/\/luxesound.ca\/product\/victrola-stream-carbon-turntable\/","url":"https:\/\/luxesound.ca\/product\/victrola-stream-carbon-turntable\/","name":"Victrola Stream Carbon Turntable - Luxe Sound","isPartOf":{"@id":"https:\/\/luxesound.ca\/#website"},"primaryImageOfPage":{"@id":"https:\/\/luxesound.ca\/product\/victrola-stream-carbon-turntable\/#primaryimage"},"image":{"@id":"https:\/\/luxesound.ca\/product\/victrola-stream-carbon-turntable\/#primaryimage"},"thumbnailUrl":"https:\/\/luxesound.ca\/wp-content\/uploads\/2023\/04\/victrola-stream-carbon-turntable-1.webp","datePublished":"2023-04-14T00:03:59+00:00","dateModified":"2026-04-20T19:11:56+00:00","description":"Experience your vinyl records like never before with the Victrola Stream Carbon Turntable. Works with Sonos for rich, vivid sound. Free Shipping!","breadcrumb":{"@id":"https:\/\/luxesound.ca\/product\/victrola-stream-carbon-turntable\/#breadcrumb"},"inLanguage":"fr-qc","potentialAction":[{"@type":"ReadAction","target":["https:\/\/luxesound.ca\/product\/victrola-stream-carbon-turntable\/"]}]},{"@type":"ImageObject","inLanguage":"fr-qc","@id":"https:\/\/luxesound.ca\/product\/victrola-stream-carbon-turntable\/#primaryimage","url":"https:\/\/luxesound.ca\/wp-content\/uploads\/2023\/04\/victrola-stream-carbon-turntable-1.webp","contentUrl":"https:\/\/luxesound.ca\/wp-content\/uploads\/2023\/04\/victrola-stream-carbon-turntable-1.webp","width":1200,"height":800,"caption":"Victrola Stream Carbon Turntable works with Sonos"},{"@type":"BreadcrumbList","@id":"https:\/\/luxesound.ca\/product\/victrola-stream-carbon-turntable\/#breadcrumb","itemListElement":[{"@type":"ListItem","position":1,"name":"Home","item":"https:\/\/luxesound.ca\/"},{"@type":"ListItem","position":2,"name":"Products","item":"https:\/\/luxesound.ca\/shop\/"},{"@type":"ListItem","position":3,"name":"Victrola Stream Carbon Turntable"}]},{"@type":"WebSite","@id":"https:\/\/luxesound.ca\/#website","url":"https:\/\/luxesound.ca\/","name":"Son luxueux","description":"Les meilleurs \u00e9couteurs et haut-parleurs. Fi\u00e8rement canadiens.","publisher":{"@id":"https:\/\/luxesound.ca\/#organization"},"potentialAction":[{"@type":"SearchAction","target":{"@type":"EntryPoint","urlTemplate":"https:\/\/luxesound.ca\/?s={search_term_string}"},"query-input":{"@type":"PropertyValueSpecification","valueRequired":true,"valueName":"search_term_string"}}],"inLanguage":"fr-qc"},{"@type":"Organization","@id":"https:\/\/luxesound.ca\/#organization","name":"Son luxueux","url":"https:\/\/luxesound.ca\/","logo":{"@type":"ImageObject","inLanguage":"fr-qc","@id":"https:\/\/luxesound.ca\/#\/schema\/logo\/image\/","url":"https:\/\/luxesound.ca\/wp-content\/uploads\/2024\/08\/cropped-Luxe-white-on-green.png","contentUrl":"https:\/\/luxesound.ca\/wp-content\/uploads\/2024\/08\/cropped-Luxe-white-on-green.png","width":512,"height":512,"caption":"Luxe Sound"},"image":{"@id":"https:\/\/luxesound.ca\/#\/schema\/logo\/image\/"},"sameAs":["https:\/\/www.facebook.com\/luxesound.ca","https:\/\/www.instagram.com\/luxe.sound\/"]}]}},"_links":{"self":[{"href":"https:\/\/luxesound.ca\/fr\/wp-json\/wp\/v2\/product\/350","targetHints":{"allow":["GET"]}}],"collection":[{"href":"https:\/\/luxesound.ca\/fr\/wp-json\/wp\/v2\/product"}],"about":[{"href":"https:\/\/luxesound.ca\/fr\/wp-json\/wp\/v2\/types\/product"}],"replies":[{"embeddable":true,"href":"https:\/\/luxesound.ca\/fr\/wp-json\/wp\/v2\/comments?post=350"}],"version-history":[{"count":1,"href":"https:\/\/luxesound.ca\/fr\/wp-json\/wp\/v2\/product\/350\/revisions"}],"predecessor-version":[{"id":8303,"href":"https:\/\/luxesound.ca\/fr\/wp-json\/wp\/v2\/product\/350\/revisions\/8303"}],"wp:featuredmedia":[{"embeddable":true,"href":"https:\/\/luxesound.ca\/fr\/wp-json\/wp\/v2\/media\/8297"}],"wp:attachment":[{"href":"https:\/\/luxesound.ca\/fr\/wp-json\/wp\/v2\/media?parent=350"}],"wp:term":[{"taxonomy":"product_brand","embeddable":true,"href":"https:\/\/luxesound.ca\/fr\/wp-json\/wp\/v2\/product_brand?post=350"},{"taxonomy":"product_cat","embeddable":true,"href":"https:\/\/luxesound.ca\/fr\/wp-json\/wp\/v2\/product_cat?post=350"},{"taxonomy":"product_tag","embeddable":true,"href":"https:\/\/luxesound.ca\/fr\/wp-json\/wp\/v2\/product_tag?post=350"}],"curies":[{"name":"wp","href":"https:\/\/api.w.org\/{rel}","templated":true}]}}