{"id":314,"date":"2023-04-13T20:03:45","date_gmt":"2023-04-13T20:03:45","guid":{"rendered":"https:\/\/luxesound.ca\/?post_type=product&#038;p=314"},"modified":"2026-04-20T15:11:56","modified_gmt":"2026-04-20T19:11:56","slug":"sonos-sub-mini","status":"publish","type":"product","link":"https:\/\/luxesound.ca\/fr\/product\/sonos-sub-mini\/","title":{"rendered":"Sonos Sub Mini"},"content":{"rendered":"<p><b>Mini fait un grand impact\u00a0<\/b><\/p>\n<p>Les deux woofers personnalis\u00e9s g\u00e9n\u00e8rent des basses profondes et dynamiques qui vous permettent de vous sentir plus immerg\u00e9 dans chaque sc\u00e8ne et chaque chanson.<b> <\/b><\/p>\n<p><b>Un home cin\u00e9ma plus exaltant\u00a0<\/b><\/p>\n<p>D\u00e9bloquez votre divertissement lorsque vous associez Sub Mini \u00e0 Beam ou Ray et d\u00e9couvrez une profondeur spectaculaire qui vous plonge au c\u0153ur de vos \u00e9missions, films et jeux.<\/p>\n<p><b>Une musique encore plus envo\u00fbtante<\/b><\/p>\n<p>Ne manquez jamais un rythme et profitez d&#039;une plus grande sensation d&#039;espace lorsque vous associez Sub Mini avec One ou One SL.<\/p>\n<p><b>Pas de bourdonnement ni de cliquetis<\/b><\/p>\n<p>\u00c0 l&#039;int\u00e9rieur du bo\u00eetier acoustiquement scell\u00e9, les deux woofers sont orient\u00e9s vers l&#039;int\u00e9rieur pour cr\u00e9er un effet d&#039;annulation de force qui neutralise la distorsion.<\/p>\n<p><b>Puissance de base<\/b><\/p>\n<p>Le traitement avanc\u00e9 am\u00e8ne l&#039;acoustique \u00e0 un niveau sup\u00e9rieur, reproduisant les basses pleines d&#039;un caisson de basses beaucoup plus grand.<\/p>\n<p><b>De meilleures basses pour votre espace<\/b><\/p>\n<p>La technologie de r\u00e9glage Trueplay\u2122 optimise les basses en fonction de l&#039;acoustique de la pi\u00e8ce et du placement du Sub Mini. Appareil iOS pris en charge requis.<\/p>\n<p><b>Installation rapide et facile\u00a0<\/b><\/p>\n<p>Branchez simplement le c\u00e2ble d&#039;alimentation et ouvrez l&#039;application Sonos pour connecter sans fil le Sub Mini \u00e0 votre barre de son ou \u00e0 votre haut-parleur.<\/p>\n<figure><\/figure>\n<figure><\/figure>\n<p>Con\u00e7u avec une esth\u00e9tique domestique, le Sub Mini est dot\u00e9 de deux caissons de basses personnalis\u00e9s, sans cliquetis, bourdonnement ou mouvement. Approfondissez votre plaisir de la t\u00e9l\u00e9vision, de la musique et plus encore en l&#039;associant au Sonos Beam, Ray, One ou One SL.<\/p>","protected":false},"excerpt":{"rendered":"<p>Approfondissez votre plaisir de la t\u00e9l\u00e9vision, de la musique et bien plus encore avec des basses audacieuses lorsque vous associez Sub Mini avec Beam, Ray, Era 100, One ou One SL.<\/p>\n<p>Placez-le n&#039;importe o\u00f9 dans la pi\u00e8ce, effectuez la configuration facilement avec l&#039;aide de l&#039;application Sonos et profitez d&#039;un son plus riche et plus immersif sans aucun bourdonnement.<\/p>","protected":false},"featured_media":8317,"comment_status":"open","ping_status":"closed","template":"","meta":{"_acf_changed":false,"_mo_disable_npp":"","inline_featured_image":false},"product_brand":[750],"product_cat":[36,98,26,904,739],"product_tag":[452,451,454,122,455,123,19,453,450,60,108,124,125,214,126],"class_list":{"0":"post-314","1":"product","2":"type-product","3":"status-publish","4":"has-post-thumbnail","6":"product_brand-sonos","7":"product_cat-accessories","8":"product_cat-home-theatre","9":"product_cat-sonos","10":"product_cat-sonos-black-friday","11":"product_cat-subwoofers","12":"product_tag-audio-enhancement","13":"product_tag-compact-subwoofer","14":"product_tag-easy-home-theatre","15":"product_tag-mini-subwoofer","16":"product_tag-small-apartment-sub","17":"product_tag-small-subwoofer","18":"product_tag-sonos","19":"product_tag-sonos-speaker-pairing","20":"product_tag-sonos-sub-mini","21":"product_tag-sonos-wireless-sub","22":"product_tag-subwoofer","23":"product_tag-subwoofer-for-apartment","24":"product_tag-subwoofer-for-condo","25":"product_tag-wireless-home-theatre","26":"product_tag-wireless-subwoofer-mini","27":"pa_colour-black","28":"pa_colour-white","30":"first","31":"instock","32":"taxable","33":"shipping-taxable","34":"purchasable","35":"product-type-variable","36":"has-default-attributes"},"bundled_by":["5881","5943","11136"],"bundle_stock_status":"instock","bundle_stock_quantity":null,"bundle_virtual":false,"bundle_layout":"","bundle_add_to_cart_form_location":"","bundle_editable_in_cart":false,"bundle_sold_individually_context":"","bundle_item_grouping":"","bundle_min_size":"","bundle_max_size":"","bundle_price":[],"bundled_items":[],"bundle_sell_ids":[],"acf":[],"ct_brands":[{"id":750,"name":"Sonos","slug":"sonos"}],"yoast_head":"<!-- This site is optimized with the Yoast SEO plugin v27.2 - https:\/\/yoast.com\/product\/yoast-seo-wordpress\/ -->\n<title>Sonos Sub Mini - Luxe Sound<\/title>\n<meta name=\"description\" content=\"Enhance your audio experience with Sonos Sub Mini. Pair with compatible speakers for bold bass. Easy setup via Sonos app. Elevate your home theatre set up.\" \/>\n<meta name=\"robots\" content=\"index, follow, max-snippet:-1, max-image-preview:large, max-video-preview:-1\" \/>\n<link rel=\"canonical\" href=\"https:\/\/luxesound.ca\/fr\/product\/sonos-sub-mini\/\" \/>\n<meta property=\"og:locale\" content=\"fr_FR\" \/>\n<meta property=\"og:type\" content=\"article\" \/>\n<meta property=\"og:title\" content=\"Sonos Sub Mini - Luxe Sound\" \/>\n<meta property=\"og:description\" content=\"Enhance your audio experience with Sonos Sub Mini. Pair with compatible speakers for bold bass. Easy setup via Sonos app. Elevate your home theatre set up.\" \/>\n<meta property=\"og:url\" content=\"https:\/\/luxesound.ca\/fr\/product\/sonos-sub-mini\/\" \/>\n<meta property=\"og:site_name\" content=\"Luxe Sound\" \/>\n<meta property=\"article:publisher\" content=\"https:\/\/www.facebook.com\/luxesound.ca\" \/>\n<meta property=\"article:modified_time\" content=\"2026-04-20T19:11:56+00:00\" \/>\n<meta property=\"og:image\" content=\"https:\/\/luxesound.ca\/wp-content\/uploads\/2023\/04\/sonos-sub-mini-subwoofer-sub-mini.webp\" \/>\n\t<meta property=\"og:image:width\" content=\"1200\" \/>\n\t<meta property=\"og:image:height\" content=\"800\" \/>\n\t<meta property=\"og:image:type\" content=\"image\/webp\" \/>\n<meta name=\"twitter:card\" content=\"summary_large_image\" \/>\n<meta name=\"twitter:label1\" content=\"Est. reading time\" \/>\n\t<meta name=\"twitter:data1\" content=\"2 minutes\" \/>\n<script type=\"application\/ld+json\" class=\"yoast-schema-graph\">{\"@context\":\"https:\/\/schema.org\",\"@graph\":[{\"@type\":\"WebPage\",\"@id\":\"https:\/\/luxesound.ca\/product\/sonos-sub-mini\/\",\"url\":\"https:\/\/luxesound.ca\/product\/sonos-sub-mini\/\",\"name\":\"Sonos Sub Mini - Luxe Sound\",\"isPartOf\":{\"@id\":\"https:\/\/luxesound.ca\/#website\"},\"primaryImageOfPage\":{\"@id\":\"https:\/\/luxesound.ca\/product\/sonos-sub-mini\/#primaryimage\"},\"image\":{\"@id\":\"https:\/\/luxesound.ca\/product\/sonos-sub-mini\/#primaryimage\"},\"thumbnailUrl\":\"https:\/\/luxesound.ca\/wp-content\/uploads\/2023\/04\/sonos-sub-mini-subwoofer-sub-mini.webp\",\"datePublished\":\"2023-04-13T20:03:45+00:00\",\"dateModified\":\"2026-04-20T19:11:56+00:00\",\"description\":\"Enhance your audio experience with Sonos Sub Mini. Pair with compatible speakers for bold bass. Easy setup via Sonos app. Elevate your home theatre set up.\",\"breadcrumb\":{\"@id\":\"https:\/\/luxesound.ca\/product\/sonos-sub-mini\/#breadcrumb\"},\"inLanguage\":\"fr-qc\",\"potentialAction\":[{\"@type\":\"ReadAction\",\"target\":[\"https:\/\/luxesound.ca\/product\/sonos-sub-mini\/\"]}]},{\"@type\":\"ImageObject\",\"inLanguage\":\"fr-qc\",\"@id\":\"https:\/\/luxesound.ca\/product\/sonos-sub-mini\/#primaryimage\",\"url\":\"https:\/\/luxesound.ca\/wp-content\/uploads\/2023\/04\/sonos-sub-mini-subwoofer-sub-mini.webp\",\"contentUrl\":\"https:\/\/luxesound.ca\/wp-content\/uploads\/2023\/04\/sonos-sub-mini-subwoofer-sub-mini.webp\",\"width\":1200,\"height\":800,\"caption\":\"Sonos Sub Mini front view in black\"},{\"@type\":\"BreadcrumbList\",\"@id\":\"https:\/\/luxesound.ca\/product\/sonos-sub-mini\/#breadcrumb\",\"itemListElement\":[{\"@type\":\"ListItem\",\"position\":1,\"name\":\"Home\",\"item\":\"https:\/\/luxesound.ca\/\"},{\"@type\":\"ListItem\",\"position\":2,\"name\":\"Products\",\"item\":\"https:\/\/luxesound.ca\/shop\/\"},{\"@type\":\"ListItem\",\"position\":3,\"name\":\"Sonos Sub Mini\"}]},{\"@type\":\"WebSite\",\"@id\":\"https:\/\/luxesound.ca\/#website\",\"url\":\"https:\/\/luxesound.ca\/\",\"name\":\"Luxe Sound\",\"description\":\"The Finest Headphones &amp; Speakers. Proudly Canadian.\",\"publisher\":{\"@id\":\"https:\/\/luxesound.ca\/#organization\"},\"potentialAction\":[{\"@type\":\"SearchAction\",\"target\":{\"@type\":\"EntryPoint\",\"urlTemplate\":\"https:\/\/luxesound.ca\/?s={search_term_string}\"},\"query-input\":{\"@type\":\"PropertyValueSpecification\",\"valueRequired\":true,\"valueName\":\"search_term_string\"}}],\"inLanguage\":\"fr-qc\"},{\"@type\":\"Organization\",\"@id\":\"https:\/\/luxesound.ca\/#organization\",\"name\":\"Luxe Sound\",\"url\":\"https:\/\/luxesound.ca\/\",\"logo\":{\"@type\":\"ImageObject\",\"inLanguage\":\"fr-qc\",\"@id\":\"https:\/\/luxesound.ca\/#\/schema\/logo\/image\/\",\"url\":\"https:\/\/luxesound.ca\/wp-content\/uploads\/2024\/08\/cropped-Luxe-white-on-green.png\",\"contentUrl\":\"https:\/\/luxesound.ca\/wp-content\/uploads\/2024\/08\/cropped-Luxe-white-on-green.png\",\"width\":512,\"height\":512,\"caption\":\"Luxe Sound\"},\"image\":{\"@id\":\"https:\/\/luxesound.ca\/#\/schema\/logo\/image\/\"},\"sameAs\":[\"https:\/\/www.facebook.com\/luxesound.ca\",\"https:\/\/www.instagram.com\/luxe.sound\/\"]}]}<\/script>\n<!-- \/ Yoast SEO plugin. -->","yoast_head_json":{"title":"Sonos Sub Mini - Luxe Sound","description":"Enhance your audio experience with Sonos Sub Mini. Pair with compatible speakers for bold bass. Easy setup via Sonos app. Elevate your home theatre set up.","robots":{"index":"index","follow":"follow","max-snippet":"max-snippet:-1","max-image-preview":"max-image-preview:large","max-video-preview":"max-video-preview:-1"},"canonical":"https:\/\/luxesound.ca\/fr\/product\/sonos-sub-mini\/","og_locale":"fr_FR","og_type":"article","og_title":"Sonos Sub Mini - Luxe Sound","og_description":"Enhance your audio experience with Sonos Sub Mini. Pair with compatible speakers for bold bass. Easy setup via Sonos app. Elevate your home theatre set up.","og_url":"https:\/\/luxesound.ca\/fr\/product\/sonos-sub-mini\/","og_site_name":"Luxe Sound","article_publisher":"https:\/\/www.facebook.com\/luxesound.ca","article_modified_time":"2026-04-20T19:11:56+00:00","og_image":[{"width":1200,"height":800,"url":"https:\/\/luxesound.ca\/wp-content\/uploads\/2023\/04\/sonos-sub-mini-subwoofer-sub-mini.webp","type":"image\/webp"}],"twitter_card":"summary_large_image","twitter_misc":{"Est. reading time":"2 minutes"},"schema":{"@context":"https:\/\/schema.org","@graph":[{"@type":"WebPage","@id":"https:\/\/luxesound.ca\/product\/sonos-sub-mini\/","url":"https:\/\/luxesound.ca\/product\/sonos-sub-mini\/","name":"Sonos Sub Mini - Luxe Sound","isPartOf":{"@id":"https:\/\/luxesound.ca\/#website"},"primaryImageOfPage":{"@id":"https:\/\/luxesound.ca\/product\/sonos-sub-mini\/#primaryimage"},"image":{"@id":"https:\/\/luxesound.ca\/product\/sonos-sub-mini\/#primaryimage"},"thumbnailUrl":"https:\/\/luxesound.ca\/wp-content\/uploads\/2023\/04\/sonos-sub-mini-subwoofer-sub-mini.webp","datePublished":"2023-04-13T20:03:45+00:00","dateModified":"2026-04-20T19:11:56+00:00","description":"Enhance your audio experience with Sonos Sub Mini. Pair with compatible speakers for bold bass. Easy setup via Sonos app. Elevate your home theatre set up.","breadcrumb":{"@id":"https:\/\/luxesound.ca\/product\/sonos-sub-mini\/#breadcrumb"},"inLanguage":"fr-qc","potentialAction":[{"@type":"ReadAction","target":["https:\/\/luxesound.ca\/product\/sonos-sub-mini\/"]}]},{"@type":"ImageObject","inLanguage":"fr-qc","@id":"https:\/\/luxesound.ca\/product\/sonos-sub-mini\/#primaryimage","url":"https:\/\/luxesound.ca\/wp-content\/uploads\/2023\/04\/sonos-sub-mini-subwoofer-sub-mini.webp","contentUrl":"https:\/\/luxesound.ca\/wp-content\/uploads\/2023\/04\/sonos-sub-mini-subwoofer-sub-mini.webp","width":1200,"height":800,"caption":"Sonos Sub Mini front view in black"},{"@type":"BreadcrumbList","@id":"https:\/\/luxesound.ca\/product\/sonos-sub-mini\/#breadcrumb","itemListElement":[{"@type":"ListItem","position":1,"name":"Home","item":"https:\/\/luxesound.ca\/"},{"@type":"ListItem","position":2,"name":"Products","item":"https:\/\/luxesound.ca\/shop\/"},{"@type":"ListItem","position":3,"name":"Sonos Sub Mini"}]},{"@type":"WebSite","@id":"https:\/\/luxesound.ca\/#website","url":"https:\/\/luxesound.ca\/","name":"Son luxueux","description":"Les meilleurs \u00e9couteurs et haut-parleurs. Fi\u00e8rement canadiens.","publisher":{"@id":"https:\/\/luxesound.ca\/#organization"},"potentialAction":[{"@type":"SearchAction","target":{"@type":"EntryPoint","urlTemplate":"https:\/\/luxesound.ca\/?s={search_term_string}"},"query-input":{"@type":"PropertyValueSpecification","valueRequired":true,"valueName":"search_term_string"}}],"inLanguage":"fr-qc"},{"@type":"Organization","@id":"https:\/\/luxesound.ca\/#organization","name":"Son luxueux","url":"https:\/\/luxesound.ca\/","logo":{"@type":"ImageObject","inLanguage":"fr-qc","@id":"https:\/\/luxesound.ca\/#\/schema\/logo\/image\/","url":"https:\/\/luxesound.ca\/wp-content\/uploads\/2024\/08\/cropped-Luxe-white-on-green.png","contentUrl":"https:\/\/luxesound.ca\/wp-content\/uploads\/2024\/08\/cropped-Luxe-white-on-green.png","width":512,"height":512,"caption":"Luxe Sound"},"image":{"@id":"https:\/\/luxesound.ca\/#\/schema\/logo\/image\/"},"sameAs":["https:\/\/www.facebook.com\/luxesound.ca","https:\/\/www.instagram.com\/luxe.sound\/"]}]}},"_links":{"self":[{"href":"https:\/\/luxesound.ca\/fr\/wp-json\/wp\/v2\/product\/314","targetHints":{"allow":["GET"]}}],"collection":[{"href":"https:\/\/luxesound.ca\/fr\/wp-json\/wp\/v2\/product"}],"about":[{"href":"https:\/\/luxesound.ca\/fr\/wp-json\/wp\/v2\/types\/product"}],"replies":[{"embeddable":true,"href":"https:\/\/luxesound.ca\/fr\/wp-json\/wp\/v2\/comments?post=314"}],"version-history":[{"count":3,"href":"https:\/\/luxesound.ca\/fr\/wp-json\/wp\/v2\/product\/314\/revisions"}],"predecessor-version":[{"id":12892,"href":"https:\/\/luxesound.ca\/fr\/wp-json\/wp\/v2\/product\/314\/revisions\/12892"}],"wp:featuredmedia":[{"embeddable":true,"href":"https:\/\/luxesound.ca\/fr\/wp-json\/wp\/v2\/media\/8317"}],"wp:attachment":[{"href":"https:\/\/luxesound.ca\/fr\/wp-json\/wp\/v2\/media?parent=314"}],"wp:term":[{"taxonomy":"product_brand","embeddable":true,"href":"https:\/\/luxesound.ca\/fr\/wp-json\/wp\/v2\/product_brand?post=314"},{"taxonomy":"product_cat","embeddable":true,"href":"https:\/\/luxesound.ca\/fr\/wp-json\/wp\/v2\/product_cat?post=314"},{"taxonomy":"product_tag","embeddable":true,"href":"https:\/\/luxesound.ca\/fr\/wp-json\/wp\/v2\/product_tag?post=314"}],"curies":[{"name":"wp","href":"https:\/\/api.w.org\/{rel}","templated":true}]}}