{"id":196,"date":"2023-04-13T16:01:12","date_gmt":"2023-04-13T20:01:12","guid":{"rendered":"https:\/\/luxesound.ca\/?post_type=product&#038;p=196"},"modified":"2026-04-20T15:11:56","modified_gmt":"2026-04-20T19:11:56","slug":"sonos-beam-gen-2","status":"publish","type":"product","link":"https:\/\/luxesound.ca\/fr\/product\/sonos-beam-gen-2\/","title":{"rendered":"Barre de son Sonos Beam (2e g\u00e9n\u00e9ration)"},"content":{"rendered":"<p><b>Dialogue limpide<\/b><\/p>\n<p>Activez l&#039;am\u00e9lioration de la parole dans l&#039;application pour amplifier les voix afin de ne jamais manquer un mot et de pouvoir toujours suivre l&#039;histoire.<\/p>\n<p><b>Son de haute qualit\u00e9 lorsque le volume est faible<\/b><\/p>\n<p>Lorsque vous souhaitez regarder la t\u00e9l\u00e9vision sans d\u00e9ranger les autres, activez le son nocturne pour r\u00e9duire l&#039;intensit\u00e9 des effets forts et renforcer les effets plus faibles.<\/p>\n<p><b>Pas de t\u00e9l\u00e9commande suppl\u00e9mentaire<\/b><\/p>\n<ul>\n<li>Beam se synchronise avec la t\u00e9l\u00e9commande de votre t\u00e9l\u00e9viseur pour un contr\u00f4le simplifi\u00e9 et sans encombrement suppl\u00e9mentaire.<\/li>\n<\/ul>\n<p>Cinq amplificateurs num\u00e9riques de classe D parfaitement adapt\u00e9s aux haut-parleurs et \u00e0 l&#039;architecture acoustique unique de la barre de son.<\/p>\n<p>Quatre woofers \u00e0 gamme compl\u00e8te assurent une restitution fid\u00e8le des fr\u00e9quences vocales moyennes et des basses riches.<\/p>\n<p>Un seul tweeter cr\u00e9e des hautes fr\u00e9quences nettes et des dialogues clairs.<\/p>\n<p>Utilisez l&#039;application Sonos pour r\u00e9gler les basses, les aigus et le volume.<\/p>\n<figure><\/figure>\n<figure><\/figure>\n<p>Il fonctionne avec tous les principaux fournisseurs de musique en streaming, notamment Spotify, Apple Music, Tidal, Deezer, etc., avec la prise en charge des formats les plus haute r\u00e9solution, notamment Dolby Atmos Music<\/p>\n<h3>Dolby Atmos<\/h3>\n<p>D\u00e9couvrez plus de profondeur, de clart\u00e9 et de d\u00e9tails que jamais. Dolby Atmos vous aide \u00e0 vous connecter plus profond\u00e9ment \u00e0 votre musique, vos \u00e9missions et vos jeux pr\u00e9f\u00e9r\u00e9s.<\/p>\n<h3>Touche<\/h3>\n<p>Vous avez le contr\u00f4le total. Appuyez ou faites glisser les commandes tactiles de l&#039;enceinte pour mettre la musique en pause, r\u00e9gler le volume, passer une piste, etc.<\/p>\n<h3>Diffusion \u00e0 l&#039;antenne<\/h3>\n<p>Envoyez du son directement depuis votre iPhone, iPad ou Mac vers votre enceinte Sonos avec Apple AirPlay. Demandez ensuite \u00e0 Siri de l&#039;augmenter depuis votre appareil.<\/p>\n<h3>Application Sonos<\/h3>\n<p>Utilisez l&#039;application Sonos pour connecter et contr\u00f4ler tous vos services de streaming ainsi que Sonos Radio et personnaliser les param\u00e8tres.<\/p>","protected":false},"excerpt":{"rendered":"<p>De la musique aux films, la derni\u00e8re g\u00e9n\u00e9ration de Beam enrichit tous vos divertissements avec un son puissant et pr\u00e9cis d&#039;un mur \u00e0 l&#039;autre.<\/p>\n<p>Profitez de dialogues d&#039;une clart\u00e9 exceptionnelle pour vos \u00e9missions de t\u00e9l\u00e9vision, films et jeux, et diffusez de la musique depuis tous vos services pr\u00e9f\u00e9r\u00e9s. Le traitement avanc\u00e9 lib\u00e8re l&#039;audio spatial, cr\u00e9ant une exp\u00e9rience de son surround virtuel avec Dolby Atmos. Configurez-le en quelques minutes et contr\u00f4lez facilement Beam avec l&#039;application Sonos, la t\u00e9l\u00e9commande de votre t\u00e9l\u00e9viseur et votre voix.2 Ajoutez un caisson de basses et des enceintes arri\u00e8re \u00e0 tout moment pour un son surround plus immersif. Cr\u00e9ez facilement un syst\u00e8me connect\u00e9 pour toute votre maison en ajoutant des enceintes Sonos \u00e0 plusieurs pi\u00e8ces.<\/p>","protected":false},"featured_media":8365,"comment_status":"closed","ping_status":"closed","template":"","meta":{"_acf_changed":false,"_mo_disable_npp":"","inline_featured_image":false},"product_brand":[750],"product_cat":[98,26,904,53],"product_tag":[887,19,63,64,65,66,58,67],"class_list":{"0":"post-196","1":"product","2":"type-product","3":"status-publish","4":"has-post-thumbnail","6":"product_brand-sonos","7":"product_cat-home-theatre","8":"product_cat-sonos","9":"product_cat-sonos-black-friday","10":"product_cat-soundbars","11":"product_tag-sale","12":"product_tag-sonos","13":"product_tag-sonos-beam","14":"product_tag-sonos-beam-gen-2","15":"product_tag-sonos-soundbar","16":"product_tag-sonos-tv-soundbar","17":"product_tag-soundbar","18":"product_tag-wireless-soundbar","19":"pa_colour-black","20":"pa_colour-white","22":"first","23":"instock","24":"taxable","25":"shipping-taxable","26":"purchasable","27":"product-type-variable","28":"has-default-attributes"},"bundled_by":["5898","5881","5943","10972"],"bundle_stock_status":"instock","bundle_stock_quantity":null,"bundle_virtual":false,"bundle_layout":"","bundle_add_to_cart_form_location":"","bundle_editable_in_cart":false,"bundle_sold_individually_context":"","bundle_item_grouping":"","bundle_min_size":"","bundle_max_size":"","bundle_price":[],"bundled_items":[],"bundle_sell_ids":[],"acf":[],"ct_brands":[{"id":750,"name":"Sonos","slug":"sonos"}],"yoast_head":"<!-- This site is optimized with the Yoast SEO plugin v27.2 - https:\/\/yoast.com\/product\/yoast-seo-wordpress\/ -->\n<title>Sonos Beam (Gen 2) Soundbar - Luxe Sound<\/title>\n<meta name=\"robots\" content=\"index, follow, max-snippet:-1, max-image-preview:large, max-video-preview:-1\" \/>\n<link rel=\"canonical\" href=\"https:\/\/luxesound.ca\/fr\/product\/sonos-beam-gen-2\/\" \/>\n<meta property=\"og:locale\" content=\"fr_FR\" \/>\n<meta property=\"og:type\" content=\"article\" \/>\n<meta property=\"og:title\" content=\"Sonos Beam (Gen 2) Soundbar - Luxe Sound\" \/>\n<meta property=\"og:description\" content=\"From music to movies, the latest generation of Beam enriches all your entertainment with powerful and precise sound from wall to wall.  Enjoy crystal-clear dialogue for TV shows, films, and games, and stream music from all your favourite services. Advanced processing unlocks spatial audio, creating a virtual surround sound experience with Dolby Atmos. Get set up in minutes and easily control Beam with the Sonos app, your TV remote, and your voice.2 Add a subwoofer and rear speakers any time for more immersive surround sound. Easily create a connected system for your whole home when you add Sonos speakers to more rooms.\" \/>\n<meta property=\"og:url\" content=\"https:\/\/luxesound.ca\/fr\/product\/sonos-beam-gen-2\/\" \/>\n<meta property=\"og:site_name\" content=\"Luxe Sound\" \/>\n<meta property=\"article:publisher\" content=\"https:\/\/www.facebook.com\/luxesound.ca\" \/>\n<meta property=\"article:modified_time\" content=\"2026-04-20T19:11:56+00:00\" \/>\n<meta property=\"og:image\" content=\"https:\/\/luxesound.ca\/wp-content\/uploads\/2023\/04\/Sonos-Beam-Soundbar-Gen2-black-1.webp\" \/>\n\t<meta property=\"og:image:width\" content=\"1200\" \/>\n\t<meta property=\"og:image:height\" content=\"800\" \/>\n\t<meta property=\"og:image:type\" content=\"image\/webp\" \/>\n<meta name=\"twitter:card\" content=\"summary_large_image\" \/>\n<meta name=\"twitter:label1\" content=\"Est. reading time\" \/>\n\t<meta name=\"twitter:data1\" content=\"2 minutes\" \/>\n<script type=\"application\/ld+json\" class=\"yoast-schema-graph\">{\"@context\":\"https:\/\/schema.org\",\"@graph\":[{\"@type\":\"WebPage\",\"@id\":\"https:\/\/luxesound.ca\/product\/sonos-beam-gen-2\/\",\"url\":\"https:\/\/luxesound.ca\/product\/sonos-beam-gen-2\/\",\"name\":\"Sonos Beam (Gen 2) Soundbar - Luxe Sound\",\"isPartOf\":{\"@id\":\"https:\/\/luxesound.ca\/#website\"},\"primaryImageOfPage\":{\"@id\":\"https:\/\/luxesound.ca\/product\/sonos-beam-gen-2\/#primaryimage\"},\"image\":{\"@id\":\"https:\/\/luxesound.ca\/product\/sonos-beam-gen-2\/#primaryimage\"},\"thumbnailUrl\":\"https:\/\/luxesound.ca\/wp-content\/uploads\/2023\/04\/Sonos-Beam-Soundbar-Gen2-black-1.webp\",\"datePublished\":\"2023-04-13T20:01:12+00:00\",\"dateModified\":\"2026-04-20T19:11:56+00:00\",\"breadcrumb\":{\"@id\":\"https:\/\/luxesound.ca\/product\/sonos-beam-gen-2\/#breadcrumb\"},\"inLanguage\":\"fr-qc\",\"potentialAction\":[{\"@type\":\"ReadAction\",\"target\":[\"https:\/\/luxesound.ca\/product\/sonos-beam-gen-2\/\"]}]},{\"@type\":\"ImageObject\",\"inLanguage\":\"fr-qc\",\"@id\":\"https:\/\/luxesound.ca\/product\/sonos-beam-gen-2\/#primaryimage\",\"url\":\"https:\/\/luxesound.ca\/wp-content\/uploads\/2023\/04\/Sonos-Beam-Soundbar-Gen2-black-1.webp\",\"contentUrl\":\"https:\/\/luxesound.ca\/wp-content\/uploads\/2023\/04\/Sonos-Beam-Soundbar-Gen2-black-1.webp\",\"width\":1200,\"height\":800,\"caption\":\"Sonos Beam Soundbar Gen2 black\"},{\"@type\":\"BreadcrumbList\",\"@id\":\"https:\/\/luxesound.ca\/product\/sonos-beam-gen-2\/#breadcrumb\",\"itemListElement\":[{\"@type\":\"ListItem\",\"position\":1,\"name\":\"Home\",\"item\":\"https:\/\/luxesound.ca\/\"},{\"@type\":\"ListItem\",\"position\":2,\"name\":\"Products\",\"item\":\"https:\/\/luxesound.ca\/shop\/\"},{\"@type\":\"ListItem\",\"position\":3,\"name\":\"Sonos Beam (Gen 2) Soundbar\"}]},{\"@type\":\"WebSite\",\"@id\":\"https:\/\/luxesound.ca\/#website\",\"url\":\"https:\/\/luxesound.ca\/\",\"name\":\"Luxe Sound\",\"description\":\"The Finest Headphones &amp; Speakers. Proudly Canadian.\",\"publisher\":{\"@id\":\"https:\/\/luxesound.ca\/#organization\"},\"potentialAction\":[{\"@type\":\"SearchAction\",\"target\":{\"@type\":\"EntryPoint\",\"urlTemplate\":\"https:\/\/luxesound.ca\/?s={search_term_string}\"},\"query-input\":{\"@type\":\"PropertyValueSpecification\",\"valueRequired\":true,\"valueName\":\"search_term_string\"}}],\"inLanguage\":\"fr-qc\"},{\"@type\":\"Organization\",\"@id\":\"https:\/\/luxesound.ca\/#organization\",\"name\":\"Luxe Sound\",\"url\":\"https:\/\/luxesound.ca\/\",\"logo\":{\"@type\":\"ImageObject\",\"inLanguage\":\"fr-qc\",\"@id\":\"https:\/\/luxesound.ca\/#\/schema\/logo\/image\/\",\"url\":\"https:\/\/luxesound.ca\/wp-content\/uploads\/2024\/08\/cropped-Luxe-white-on-green.png\",\"contentUrl\":\"https:\/\/luxesound.ca\/wp-content\/uploads\/2024\/08\/cropped-Luxe-white-on-green.png\",\"width\":512,\"height\":512,\"caption\":\"Luxe Sound\"},\"image\":{\"@id\":\"https:\/\/luxesound.ca\/#\/schema\/logo\/image\/\"},\"sameAs\":[\"https:\/\/www.facebook.com\/luxesound.ca\",\"https:\/\/www.instagram.com\/luxe.sound\/\"]}]}<\/script>\n<!-- \/ Yoast SEO plugin. -->","yoast_head_json":{"title":"Sonos Beam (Gen 2) Soundbar - Luxe Sound","robots":{"index":"index","follow":"follow","max-snippet":"max-snippet:-1","max-image-preview":"max-image-preview:large","max-video-preview":"max-video-preview:-1"},"canonical":"https:\/\/luxesound.ca\/fr\/product\/sonos-beam-gen-2\/","og_locale":"fr_FR","og_type":"article","og_title":"Sonos Beam (Gen 2) Soundbar - Luxe Sound","og_description":"From music to movies, the latest generation of Beam enriches all your entertainment with powerful and precise sound from wall to wall.  Enjoy crystal-clear dialogue for TV shows, films, and games, and stream music from all your favourite services. Advanced processing unlocks spatial audio, creating a virtual surround sound experience with Dolby Atmos. Get set up in minutes and easily control Beam with the Sonos app, your TV remote, and your voice.2 Add a subwoofer and rear speakers any time for more immersive surround sound. Easily create a connected system for your whole home when you add Sonos speakers to more rooms.","og_url":"https:\/\/luxesound.ca\/fr\/product\/sonos-beam-gen-2\/","og_site_name":"Luxe Sound","article_publisher":"https:\/\/www.facebook.com\/luxesound.ca","article_modified_time":"2026-04-20T19:11:56+00:00","og_image":[{"width":1200,"height":800,"url":"https:\/\/luxesound.ca\/wp-content\/uploads\/2023\/04\/Sonos-Beam-Soundbar-Gen2-black-1.webp","type":"image\/webp"}],"twitter_card":"summary_large_image","twitter_misc":{"Est. reading time":"2 minutes"},"schema":{"@context":"https:\/\/schema.org","@graph":[{"@type":"WebPage","@id":"https:\/\/luxesound.ca\/product\/sonos-beam-gen-2\/","url":"https:\/\/luxesound.ca\/product\/sonos-beam-gen-2\/","name":"Sonos Beam (Gen 2) Soundbar - Luxe Sound","isPartOf":{"@id":"https:\/\/luxesound.ca\/#website"},"primaryImageOfPage":{"@id":"https:\/\/luxesound.ca\/product\/sonos-beam-gen-2\/#primaryimage"},"image":{"@id":"https:\/\/luxesound.ca\/product\/sonos-beam-gen-2\/#primaryimage"},"thumbnailUrl":"https:\/\/luxesound.ca\/wp-content\/uploads\/2023\/04\/Sonos-Beam-Soundbar-Gen2-black-1.webp","datePublished":"2023-04-13T20:01:12+00:00","dateModified":"2026-04-20T19:11:56+00:00","breadcrumb":{"@id":"https:\/\/luxesound.ca\/product\/sonos-beam-gen-2\/#breadcrumb"},"inLanguage":"fr-qc","potentialAction":[{"@type":"ReadAction","target":["https:\/\/luxesound.ca\/product\/sonos-beam-gen-2\/"]}]},{"@type":"ImageObject","inLanguage":"fr-qc","@id":"https:\/\/luxesound.ca\/product\/sonos-beam-gen-2\/#primaryimage","url":"https:\/\/luxesound.ca\/wp-content\/uploads\/2023\/04\/Sonos-Beam-Soundbar-Gen2-black-1.webp","contentUrl":"https:\/\/luxesound.ca\/wp-content\/uploads\/2023\/04\/Sonos-Beam-Soundbar-Gen2-black-1.webp","width":1200,"height":800,"caption":"Sonos Beam Soundbar Gen2 black"},{"@type":"BreadcrumbList","@id":"https:\/\/luxesound.ca\/product\/sonos-beam-gen-2\/#breadcrumb","itemListElement":[{"@type":"ListItem","position":1,"name":"Home","item":"https:\/\/luxesound.ca\/"},{"@type":"ListItem","position":2,"name":"Products","item":"https:\/\/luxesound.ca\/shop\/"},{"@type":"ListItem","position":3,"name":"Sonos Beam (Gen 2) Soundbar"}]},{"@type":"WebSite","@id":"https:\/\/luxesound.ca\/#website","url":"https:\/\/luxesound.ca\/","name":"Son luxueux","description":"Les meilleurs \u00e9couteurs et haut-parleurs. Fi\u00e8rement canadiens.","publisher":{"@id":"https:\/\/luxesound.ca\/#organization"},"potentialAction":[{"@type":"SearchAction","target":{"@type":"EntryPoint","urlTemplate":"https:\/\/luxesound.ca\/?s={search_term_string}"},"query-input":{"@type":"PropertyValueSpecification","valueRequired":true,"valueName":"search_term_string"}}],"inLanguage":"fr-qc"},{"@type":"Organization","@id":"https:\/\/luxesound.ca\/#organization","name":"Son luxueux","url":"https:\/\/luxesound.ca\/","logo":{"@type":"ImageObject","inLanguage":"fr-qc","@id":"https:\/\/luxesound.ca\/#\/schema\/logo\/image\/","url":"https:\/\/luxesound.ca\/wp-content\/uploads\/2024\/08\/cropped-Luxe-white-on-green.png","contentUrl":"https:\/\/luxesound.ca\/wp-content\/uploads\/2024\/08\/cropped-Luxe-white-on-green.png","width":512,"height":512,"caption":"Luxe Sound"},"image":{"@id":"https:\/\/luxesound.ca\/#\/schema\/logo\/image\/"},"sameAs":["https:\/\/www.facebook.com\/luxesound.ca","https:\/\/www.instagram.com\/luxe.sound\/"]}]}},"_links":{"self":[{"href":"https:\/\/luxesound.ca\/fr\/wp-json\/wp\/v2\/product\/196","targetHints":{"allow":["GET"]}}],"collection":[{"href":"https:\/\/luxesound.ca\/fr\/wp-json\/wp\/v2\/product"}],"about":[{"href":"https:\/\/luxesound.ca\/fr\/wp-json\/wp\/v2\/types\/product"}],"replies":[{"embeddable":true,"href":"https:\/\/luxesound.ca\/fr\/wp-json\/wp\/v2\/comments?post=196"}],"version-history":[{"count":2,"href":"https:\/\/luxesound.ca\/fr\/wp-json\/wp\/v2\/product\/196\/revisions"}],"predecessor-version":[{"id":9514,"href":"https:\/\/luxesound.ca\/fr\/wp-json\/wp\/v2\/product\/196\/revisions\/9514"}],"wp:featuredmedia":[{"embeddable":true,"href":"https:\/\/luxesound.ca\/fr\/wp-json\/wp\/v2\/media\/8365"}],"wp:attachment":[{"href":"https:\/\/luxesound.ca\/fr\/wp-json\/wp\/v2\/media?parent=196"}],"wp:term":[{"taxonomy":"product_brand","embeddable":true,"href":"https:\/\/luxesound.ca\/fr\/wp-json\/wp\/v2\/product_brand?post=196"},{"taxonomy":"product_cat","embeddable":true,"href":"https:\/\/luxesound.ca\/fr\/wp-json\/wp\/v2\/product_cat?post=196"},{"taxonomy":"product_tag","embeddable":true,"href":"https:\/\/luxesound.ca\/fr\/wp-json\/wp\/v2\/product_tag?post=196"}],"curies":[{"name":"wp","href":"https:\/\/api.w.org\/{rel}","templated":true}]}}