{"id":191,"date":"2023-04-13T20:01:12","date_gmt":"2023-04-13T20:01:12","guid":{"rendered":"https:\/\/luxesound.ca\/?post_type=product&#038;p=191"},"modified":"2026-04-20T15:11:45","modified_gmt":"2026-04-20T19:11:45","slug":"sonos-port","status":"publish","type":"product","link":"https:\/\/luxesound.ca\/fr\/product\/sonos-port\/","title":{"rendered":"Sonos Port"},"content":{"rendered":"<p>Chaque enceinte Sonos vous permet de diffuser directement le service de musique Soundtrack, mais avec le Port, vous pouvez connecter un lecteur Soundtrack et acc\u00e9der \u00e0 toutes les fonctionnalit\u00e9s musicales de Soundtrack. Par exemple, programmez la musique pour qu&#039;elle d\u00e9marre et change \u00e0 tout moment de la journ\u00e9e, faites des fondus encha\u00een\u00e9s en douceur entre les chansons et m\u00e9langez des listes de lecture pour personnaliser votre son ult\u00e9rieurement.<\/p>\n<p><b>Port, le composant de streaming polyvalent pour votre cha\u00eene st\u00e9r\u00e9o ou votre r\u00e9cepteur.<\/b><\/p>\n<ul>\n<li>Connectez Port \u00e0 votre cha\u00eene st\u00e9r\u00e9o traditionnelle pour diffuser de la musique et bien plus encore. Profitez du contr\u00f4le avec l&#039;application Sonos ou Apple AirPlay 2 et \u00e9tendez facilement votre syst\u00e8me audio \u00e0 davantage de pi\u00e8ces.<\/li>\n<li>Profitez de musique, de podcasts, de livres audio et de radios Internet avec votre \u00e9quipement audio amplifi\u00e9. Vous pouvez \u00e9galement diffuser des vinyles, des CD et des fichiers audio enregistr\u00e9s sur des enceintes Sonos dans d&#039;autres pi\u00e8ces de votre maison.<\/li>\n<li>Diffusez du son directement depuis votre iPhone ou iPad et demandez \u00e0 Siri de lire Apple Music.<\/li>\n<li>Utilisez l\u2019entr\u00e9e ligne pour connecter votre t\u00e9l\u00e9phone ou un autre appareil \u00e0 votre cha\u00eene st\u00e9r\u00e9o.<\/li>\n<\/ul>\n<figure><\/figure>","protected":false},"excerpt":{"rendered":"<p>Apportez l&#039;exp\u00e9rience Sonos \u00e0 votre cha\u00eene st\u00e9r\u00e9o ou r\u00e9cepteur existant et profitez de possibilit\u00e9s infinies d&#039;\u00e9coute multiroom.<\/p>\n<p>Connectez le Port \u00e0 votre \u00e9quipement audio traditionnel pour diffuser de la musique, la radio, des livres audio et bien plus encore \u00e0 partir de tous vos services pr\u00e9f\u00e9r\u00e9s. Le contr\u00f4le est facile avec l&#039;application Sonos et Apple AirPlay 2. \u00c9tendez votre syst\u00e8me audio \u00e0 tout moment en ajoutant des enceintes Sonos dans votre maison. Tout fonctionne ensemble via le Wi-Fi.<\/p>","protected":false},"featured_media":8335,"comment_status":"closed","ping_status":"closed","template":"","meta":{"_acf_changed":false,"_mo_disable_npp":"","inline_featured_image":false},"product_brand":[750],"product_cat":[36,774,98,26],"product_tag":[467,19,51,23,465,466,469,52,464,468],"class_list":{"0":"post-191","1":"product","2":"type-product","3":"status-publish","4":"has-post-thumbnail","6":"product_brand-sonos","7":"product_cat-accessories","8":"product_cat-audio-streamers","9":"product_cat-home-theatre","10":"product_cat-sonos","11":"product_tag-audio-equipment-connection","12":"product_tag-sonos","13":"product_tag-sonos-for-business-sonos-port-restaurant-audio-systems-retail-audio-systems-music-systems-for-business","14":"product_tag-sonos-montreal","15":"product_tag-sonos-port-wireless-stream","16":"product_tag-wifi-audio","17":"product_tag-wireless-cd-player-connection","18":"product_tag-wireless-music-for-business-audio-system","19":"product_tag-wireless-network-streamer","20":"product_tag-wireless-turntable-connection","21":"pa_colour-black","23":"first","24":"instock","25":"taxable","26":"shipping-taxable","27":"purchasable","28":"product-type-variable","29":"has-default-attributes"},"bundled_by":[],"bundle_stock_status":"instock","bundle_stock_quantity":null,"bundle_virtual":false,"bundle_layout":"","bundle_add_to_cart_form_location":"","bundle_editable_in_cart":false,"bundle_sold_individually_context":"","bundle_item_grouping":"","bundle_min_size":"","bundle_max_size":"","bundle_price":[],"bundled_items":[],"bundle_sell_ids":[],"acf":[],"ct_brands":[{"id":750,"name":"Sonos","slug":"sonos"}],"yoast_head":"<!-- This site is optimized with the Yoast SEO plugin v27.2 - https:\/\/yoast.com\/product\/yoast-seo-wordpress\/ -->\n<title>Sonos Port - Luxe Sound<\/title>\n<meta name=\"description\" content=\"Elevate your stereo with Sonos Port Wireless Network Streamer. Stream CD player, turntable, music and more. Easy control via Sonos app and AirPlay 2.\" \/>\n<meta name=\"robots\" content=\"index, follow, max-snippet:-1, max-image-preview:large, max-video-preview:-1\" \/>\n<link rel=\"canonical\" href=\"https:\/\/luxesound.ca\/fr\/product\/sonos-port\/\" \/>\n<meta property=\"og:locale\" content=\"fr_FR\" \/>\n<meta property=\"og:type\" content=\"article\" \/>\n<meta property=\"og:title\" content=\"Sonos Port - Luxe Sound\" \/>\n<meta property=\"og:description\" content=\"Elevate your stereo with Sonos Port Wireless Network Streamer. Stream CD player, turntable, music and more. Easy control via Sonos app and AirPlay 2.\" \/>\n<meta property=\"og:url\" content=\"https:\/\/luxesound.ca\/fr\/product\/sonos-port\/\" \/>\n<meta property=\"og:site_name\" content=\"Luxe Sound\" \/>\n<meta property=\"article:publisher\" content=\"https:\/\/www.facebook.com\/luxesound.ca\" \/>\n<meta property=\"article:modified_time\" content=\"2026-04-20T19:11:45+00:00\" \/>\n<meta property=\"og:image\" content=\"https:\/\/luxesound.ca\/wp-content\/uploads\/2023\/04\/sonos-port-audio-streamer-Port-4.webp\" \/>\n\t<meta property=\"og:image:width\" content=\"1200\" \/>\n\t<meta property=\"og:image:height\" content=\"800\" \/>\n\t<meta property=\"og:image:type\" content=\"image\/webp\" \/>\n<meta name=\"twitter:card\" content=\"summary_large_image\" \/>\n<meta name=\"twitter:label1\" content=\"Est. reading time\" \/>\n\t<meta name=\"twitter:data1\" content=\"1 minute\" \/>\n<script type=\"application\/ld+json\" class=\"yoast-schema-graph\">{\"@context\":\"https:\/\/schema.org\",\"@graph\":[{\"@type\":\"WebPage\",\"@id\":\"https:\/\/luxesound.ca\/product\/sonos-port\/\",\"url\":\"https:\/\/luxesound.ca\/product\/sonos-port\/\",\"name\":\"Sonos Port - Luxe Sound\",\"isPartOf\":{\"@id\":\"https:\/\/luxesound.ca\/#website\"},\"primaryImageOfPage\":{\"@id\":\"https:\/\/luxesound.ca\/product\/sonos-port\/#primaryimage\"},\"image\":{\"@id\":\"https:\/\/luxesound.ca\/product\/sonos-port\/#primaryimage\"},\"thumbnailUrl\":\"https:\/\/luxesound.ca\/wp-content\/uploads\/2023\/04\/sonos-port-audio-streamer-Port-4.webp\",\"datePublished\":\"2023-04-13T20:01:12+00:00\",\"dateModified\":\"2026-04-20T19:11:45+00:00\",\"description\":\"Elevate your stereo with Sonos Port Wireless Network Streamer. Stream CD player, turntable, music and more. Easy control via Sonos app and AirPlay 2.\",\"breadcrumb\":{\"@id\":\"https:\/\/luxesound.ca\/product\/sonos-port\/#breadcrumb\"},\"inLanguage\":\"fr-qc\",\"potentialAction\":[{\"@type\":\"ReadAction\",\"target\":[\"https:\/\/luxesound.ca\/product\/sonos-port\/\"]}]},{\"@type\":\"ImageObject\",\"inLanguage\":\"fr-qc\",\"@id\":\"https:\/\/luxesound.ca\/product\/sonos-port\/#primaryimage\",\"url\":\"https:\/\/luxesound.ca\/wp-content\/uploads\/2023\/04\/sonos-port-audio-streamer-Port-4.webp\",\"contentUrl\":\"https:\/\/luxesound.ca\/wp-content\/uploads\/2023\/04\/sonos-port-audio-streamer-Port-4.webp\",\"width\":1200,\"height\":800,\"caption\":\"Sonos Port featured image hero\"},{\"@type\":\"BreadcrumbList\",\"@id\":\"https:\/\/luxesound.ca\/product\/sonos-port\/#breadcrumb\",\"itemListElement\":[{\"@type\":\"ListItem\",\"position\":1,\"name\":\"Home\",\"item\":\"https:\/\/luxesound.ca\/\"},{\"@type\":\"ListItem\",\"position\":2,\"name\":\"Products\",\"item\":\"https:\/\/luxesound.ca\/shop\/\"},{\"@type\":\"ListItem\",\"position\":3,\"name\":\"Sonos Port\"}]},{\"@type\":\"WebSite\",\"@id\":\"https:\/\/luxesound.ca\/#website\",\"url\":\"https:\/\/luxesound.ca\/\",\"name\":\"Luxe Sound\",\"description\":\"The Finest Headphones &amp; Speakers. Proudly Canadian.\",\"publisher\":{\"@id\":\"https:\/\/luxesound.ca\/#organization\"},\"potentialAction\":[{\"@type\":\"SearchAction\",\"target\":{\"@type\":\"EntryPoint\",\"urlTemplate\":\"https:\/\/luxesound.ca\/?s={search_term_string}\"},\"query-input\":{\"@type\":\"PropertyValueSpecification\",\"valueRequired\":true,\"valueName\":\"search_term_string\"}}],\"inLanguage\":\"fr-qc\"},{\"@type\":\"Organization\",\"@id\":\"https:\/\/luxesound.ca\/#organization\",\"name\":\"Luxe Sound\",\"url\":\"https:\/\/luxesound.ca\/\",\"logo\":{\"@type\":\"ImageObject\",\"inLanguage\":\"fr-qc\",\"@id\":\"https:\/\/luxesound.ca\/#\/schema\/logo\/image\/\",\"url\":\"https:\/\/luxesound.ca\/wp-content\/uploads\/2024\/08\/cropped-Luxe-white-on-green.png\",\"contentUrl\":\"https:\/\/luxesound.ca\/wp-content\/uploads\/2024\/08\/cropped-Luxe-white-on-green.png\",\"width\":512,\"height\":512,\"caption\":\"Luxe Sound\"},\"image\":{\"@id\":\"https:\/\/luxesound.ca\/#\/schema\/logo\/image\/\"},\"sameAs\":[\"https:\/\/www.facebook.com\/luxesound.ca\",\"https:\/\/www.instagram.com\/luxe.sound\/\"]}]}<\/script>\n<!-- \/ Yoast SEO plugin. -->","yoast_head_json":{"title":"Sonos Port - Luxe Sound","description":"Elevate your stereo with Sonos Port Wireless Network Streamer. Stream CD player, turntable, music and more. Easy control via Sonos app and AirPlay 2.","robots":{"index":"index","follow":"follow","max-snippet":"max-snippet:-1","max-image-preview":"max-image-preview:large","max-video-preview":"max-video-preview:-1"},"canonical":"https:\/\/luxesound.ca\/fr\/product\/sonos-port\/","og_locale":"fr_FR","og_type":"article","og_title":"Sonos Port - Luxe Sound","og_description":"Elevate your stereo with Sonos Port Wireless Network Streamer. Stream CD player, turntable, music and more. Easy control via Sonos app and AirPlay 2.","og_url":"https:\/\/luxesound.ca\/fr\/product\/sonos-port\/","og_site_name":"Luxe Sound","article_publisher":"https:\/\/www.facebook.com\/luxesound.ca","article_modified_time":"2026-04-20T19:11:45+00:00","og_image":[{"width":1200,"height":800,"url":"https:\/\/luxesound.ca\/wp-content\/uploads\/2023\/04\/sonos-port-audio-streamer-Port-4.webp","type":"image\/webp"}],"twitter_card":"summary_large_image","twitter_misc":{"Est. reading time":"1 minute"},"schema":{"@context":"https:\/\/schema.org","@graph":[{"@type":"WebPage","@id":"https:\/\/luxesound.ca\/product\/sonos-port\/","url":"https:\/\/luxesound.ca\/product\/sonos-port\/","name":"Sonos Port - Luxe Sound","isPartOf":{"@id":"https:\/\/luxesound.ca\/#website"},"primaryImageOfPage":{"@id":"https:\/\/luxesound.ca\/product\/sonos-port\/#primaryimage"},"image":{"@id":"https:\/\/luxesound.ca\/product\/sonos-port\/#primaryimage"},"thumbnailUrl":"https:\/\/luxesound.ca\/wp-content\/uploads\/2023\/04\/sonos-port-audio-streamer-Port-4.webp","datePublished":"2023-04-13T20:01:12+00:00","dateModified":"2026-04-20T19:11:45+00:00","description":"Elevate your stereo with Sonos Port Wireless Network Streamer. Stream CD player, turntable, music and more. Easy control via Sonos app and AirPlay 2.","breadcrumb":{"@id":"https:\/\/luxesound.ca\/product\/sonos-port\/#breadcrumb"},"inLanguage":"fr-qc","potentialAction":[{"@type":"ReadAction","target":["https:\/\/luxesound.ca\/product\/sonos-port\/"]}]},{"@type":"ImageObject","inLanguage":"fr-qc","@id":"https:\/\/luxesound.ca\/product\/sonos-port\/#primaryimage","url":"https:\/\/luxesound.ca\/wp-content\/uploads\/2023\/04\/sonos-port-audio-streamer-Port-4.webp","contentUrl":"https:\/\/luxesound.ca\/wp-content\/uploads\/2023\/04\/sonos-port-audio-streamer-Port-4.webp","width":1200,"height":800,"caption":"Sonos Port featured image hero"},{"@type":"BreadcrumbList","@id":"https:\/\/luxesound.ca\/product\/sonos-port\/#breadcrumb","itemListElement":[{"@type":"ListItem","position":1,"name":"Home","item":"https:\/\/luxesound.ca\/"},{"@type":"ListItem","position":2,"name":"Products","item":"https:\/\/luxesound.ca\/shop\/"},{"@type":"ListItem","position":3,"name":"Sonos Port"}]},{"@type":"WebSite","@id":"https:\/\/luxesound.ca\/#website","url":"https:\/\/luxesound.ca\/","name":"Son luxueux","description":"Les meilleurs \u00e9couteurs et haut-parleurs. Fi\u00e8rement canadiens.","publisher":{"@id":"https:\/\/luxesound.ca\/#organization"},"potentialAction":[{"@type":"SearchAction","target":{"@type":"EntryPoint","urlTemplate":"https:\/\/luxesound.ca\/?s={search_term_string}"},"query-input":{"@type":"PropertyValueSpecification","valueRequired":true,"valueName":"search_term_string"}}],"inLanguage":"fr-qc"},{"@type":"Organization","@id":"https:\/\/luxesound.ca\/#organization","name":"Son luxueux","url":"https:\/\/luxesound.ca\/","logo":{"@type":"ImageObject","inLanguage":"fr-qc","@id":"https:\/\/luxesound.ca\/#\/schema\/logo\/image\/","url":"https:\/\/luxesound.ca\/wp-content\/uploads\/2024\/08\/cropped-Luxe-white-on-green.png","contentUrl":"https:\/\/luxesound.ca\/wp-content\/uploads\/2024\/08\/cropped-Luxe-white-on-green.png","width":512,"height":512,"caption":"Luxe Sound"},"image":{"@id":"https:\/\/luxesound.ca\/#\/schema\/logo\/image\/"},"sameAs":["https:\/\/www.facebook.com\/luxesound.ca","https:\/\/www.instagram.com\/luxe.sound\/"]}]}},"_links":{"self":[{"href":"https:\/\/luxesound.ca\/fr\/wp-json\/wp\/v2\/product\/191","targetHints":{"allow":["GET"]}}],"collection":[{"href":"https:\/\/luxesound.ca\/fr\/wp-json\/wp\/v2\/product"}],"about":[{"href":"https:\/\/luxesound.ca\/fr\/wp-json\/wp\/v2\/types\/product"}],"replies":[{"embeddable":true,"href":"https:\/\/luxesound.ca\/fr\/wp-json\/wp\/v2\/comments?post=191"}],"version-history":[{"count":2,"href":"https:\/\/luxesound.ca\/fr\/wp-json\/wp\/v2\/product\/191\/revisions"}],"predecessor-version":[{"id":9511,"href":"https:\/\/luxesound.ca\/fr\/wp-json\/wp\/v2\/product\/191\/revisions\/9511"}],"wp:featuredmedia":[{"embeddable":true,"href":"https:\/\/luxesound.ca\/fr\/wp-json\/wp\/v2\/media\/8335"}],"wp:attachment":[{"href":"https:\/\/luxesound.ca\/fr\/wp-json\/wp\/v2\/media?parent=191"}],"wp:term":[{"taxonomy":"product_brand","embeddable":true,"href":"https:\/\/luxesound.ca\/fr\/wp-json\/wp\/v2\/product_brand?post=191"},{"taxonomy":"product_cat","embeddable":true,"href":"https:\/\/luxesound.ca\/fr\/wp-json\/wp\/v2\/product_cat?post=191"},{"taxonomy":"product_tag","embeddable":true,"href":"https:\/\/luxesound.ca\/fr\/wp-json\/wp\/v2\/product_tag?post=191"}],"curies":[{"name":"wp","href":"https:\/\/api.w.org\/{rel}","templated":true}]}}