{"id":189,"date":"2023-04-13T16:01:12","date_gmt":"2023-04-13T20:01:12","guid":{"rendered":"https:\/\/luxesound.ca\/?post_type=product&#038;p=189"},"modified":"2026-04-20T15:11:45","modified_gmt":"2026-04-20T19:11:45","slug":"sonos-boost-wifi-solution-white","status":"publish","type":"product","link":"https:\/\/luxesound.ca\/fr\/product\/sonos-boost-wifi-solution-white\/","title":{"rendered":"Solution Wi-Fi Sonos Boost"},"content":{"rendered":"<p>Fiable. Diffuse sans interf\u00e9rence dans les environnements WiFi les plus difficiles.<\/p>\n<p>Contourne votre Wi-Fi capricieux pour cr\u00e9er un r\u00e9seau sans fil hautes performances distinct uniquement pour les haut-parleurs Sonos.<\/p>\n<p>Diffuse des signaux \u00e0 360\u00b0 \u00e0 travers les murs et les plafonds pour une couverture parfaite.<\/p>\n<p>Installation simple. Se connecte directement \u00e0 votre routeur.<\/p>\n<p>Dimensions : 4,53 x 4,53 x 1,26 (H x L x P)<\/p>\n<p>Poids\u00a0:\u00a00,23 lb<\/p>","protected":false},"excerpt":{"rendered":"<p>Cr\u00e9ez un r\u00e9seau sans fil d\u00e9di\u00e9 pour votre syst\u00e8me Sonos avec Sonos Boost. Boost cr\u00e9e un r\u00e9seau sans fil distinct pour Sonos et \u00e9limine les interf\u00e9rences des autres appareils afin que vous puissiez \u00e9couter votre musique sans interruption ni perte de signal.<\/p>","protected":false},"featured_media":8377,"comment_status":"closed","ping_status":"closed","template":"","meta":{"_acf_changed":false,"_mo_disable_npp":"","inline_featured_image":false},"product_brand":[750],"product_cat":[36,741,26],"product_tag":[19,473,39,23,471,40,474,470,472],"class_list":{"0":"post-189","1":"product","2":"type-product","3":"status-publish","4":"has-post-thumbnail","6":"product_brand-sonos","7":"product_cat-accessories","8":"product_cat-other-accessories","9":"product_cat-sonos","10":"product_tag-sonos","11":"product_tag-sonos-accessories","12":"product_tag-sonos-boost","13":"product_tag-sonos-montreal","14":"product_tag-sonos-speaker-network","15":"product_tag-sonos-wifi-extender","16":"product_tag-sonosnet","17":"product_tag-wifi-enhancement","18":"product_tag-wireless-sound","20":"first","21":"instock","22":"taxable","23":"shipping-taxable","24":"purchasable","25":"product-type-variable","26":"has-default-attributes"},"bundled_by":[],"bundle_stock_status":"instock","bundle_stock_quantity":8,"bundle_virtual":false,"bundle_layout":"","bundle_add_to_cart_form_location":"","bundle_editable_in_cart":false,"bundle_sold_individually_context":"","bundle_item_grouping":"","bundle_min_size":"","bundle_max_size":"","bundle_price":[],"bundled_items":[],"bundle_sell_ids":[],"acf":[],"ct_brands":[{"id":750,"name":"Sonos","slug":"sonos"}],"yoast_head":"<!-- This site is optimized with the Yoast SEO plugin v27.2 - https:\/\/yoast.com\/product\/yoast-seo-wordpress\/ -->\n<title>Sonos Boost Wifi Solution - Luxe Sound<\/title>\n<meta name=\"description\" content=\"Unlock Sonos&#039; full potential with Sonos BOOST\u2122. Reliable, interference-free streaming booster. High-performance network for Sonos speakers. Easy setup.\" \/>\n<meta name=\"robots\" content=\"index, follow, max-snippet:-1, max-image-preview:large, max-video-preview:-1\" \/>\n<link rel=\"canonical\" href=\"https:\/\/luxesound.ca\/fr\/product\/sonos-boost-wifi-solution-white\/\" \/>\n<meta property=\"og:locale\" content=\"fr_FR\" \/>\n<meta property=\"og:type\" content=\"article\" \/>\n<meta property=\"og:title\" content=\"Sonos Boost Wifi Solution - Luxe Sound\" \/>\n<meta property=\"og:description\" content=\"Unlock Sonos&#039; full potential with Sonos BOOST\u2122. Reliable, interference-free streaming booster. High-performance network for Sonos speakers. Easy setup.\" \/>\n<meta property=\"og:url\" content=\"https:\/\/luxesound.ca\/fr\/product\/sonos-boost-wifi-solution-white\/\" \/>\n<meta property=\"og:site_name\" content=\"Luxe Sound\" \/>\n<meta property=\"article:publisher\" content=\"https:\/\/www.facebook.com\/luxesound.ca\" \/>\n<meta property=\"article:modified_time\" content=\"2026-04-20T19:11:45+00:00\" \/>\n<meta property=\"og:image\" content=\"https:\/\/luxesound.ca\/wp-content\/uploads\/2023\/04\/sonos-boost-wifi-solution-Boost_top.webp\" \/>\n\t<meta property=\"og:image:width\" content=\"1280\" \/>\n\t<meta property=\"og:image:height\" content=\"800\" \/>\n\t<meta property=\"og:image:type\" content=\"image\/webp\" \/>\n<meta name=\"twitter:card\" content=\"summary_large_image\" \/>\n<meta name=\"twitter:label1\" content=\"Est. reading time\" \/>\n\t<meta name=\"twitter:data1\" content=\"1 minute\" \/>\n<script type=\"application\/ld+json\" class=\"yoast-schema-graph\">{\"@context\":\"https:\/\/schema.org\",\"@graph\":[{\"@type\":\"WebPage\",\"@id\":\"https:\/\/luxesound.ca\/product\/sonos-boost-wifi-solution-white\/\",\"url\":\"https:\/\/luxesound.ca\/product\/sonos-boost-wifi-solution-white\/\",\"name\":\"Sonos Boost Wifi Solution - Luxe Sound\",\"isPartOf\":{\"@id\":\"https:\/\/luxesound.ca\/#website\"},\"primaryImageOfPage\":{\"@id\":\"https:\/\/luxesound.ca\/product\/sonos-boost-wifi-solution-white\/#primaryimage\"},\"image\":{\"@id\":\"https:\/\/luxesound.ca\/product\/sonos-boost-wifi-solution-white\/#primaryimage\"},\"thumbnailUrl\":\"https:\/\/luxesound.ca\/wp-content\/uploads\/2023\/04\/sonos-boost-wifi-solution-Boost_top.webp\",\"datePublished\":\"2023-04-13T20:01:12+00:00\",\"dateModified\":\"2026-04-20T19:11:45+00:00\",\"description\":\"Unlock Sonos' full potential with Sonos BOOST\u2122. Reliable, interference-free streaming booster. High-performance network for Sonos speakers. Easy setup.\",\"breadcrumb\":{\"@id\":\"https:\/\/luxesound.ca\/product\/sonos-boost-wifi-solution-white\/#breadcrumb\"},\"inLanguage\":\"fr-qc\",\"potentialAction\":[{\"@type\":\"ReadAction\",\"target\":[\"https:\/\/luxesound.ca\/product\/sonos-boost-wifi-solution-white\/\"]}]},{\"@type\":\"ImageObject\",\"inLanguage\":\"fr-qc\",\"@id\":\"https:\/\/luxesound.ca\/product\/sonos-boost-wifi-solution-white\/#primaryimage\",\"url\":\"https:\/\/luxesound.ca\/wp-content\/uploads\/2023\/04\/sonos-boost-wifi-solution-Boost_top.webp\",\"contentUrl\":\"https:\/\/luxesound.ca\/wp-content\/uploads\/2023\/04\/sonos-boost-wifi-solution-Boost_top.webp\",\"width\":1280,\"height\":800,\"caption\":\"Sonos Boost top view\"},{\"@type\":\"BreadcrumbList\",\"@id\":\"https:\/\/luxesound.ca\/product\/sonos-boost-wifi-solution-white\/#breadcrumb\",\"itemListElement\":[{\"@type\":\"ListItem\",\"position\":1,\"name\":\"Home\",\"item\":\"https:\/\/luxesound.ca\/\"},{\"@type\":\"ListItem\",\"position\":2,\"name\":\"Products\",\"item\":\"https:\/\/luxesound.ca\/shop\/\"},{\"@type\":\"ListItem\",\"position\":3,\"name\":\"Sonos Boost Wifi Solution\"}]},{\"@type\":\"WebSite\",\"@id\":\"https:\/\/luxesound.ca\/#website\",\"url\":\"https:\/\/luxesound.ca\/\",\"name\":\"Luxe Sound\",\"description\":\"The Finest Headphones &amp; Speakers. Proudly Canadian.\",\"publisher\":{\"@id\":\"https:\/\/luxesound.ca\/#organization\"},\"potentialAction\":[{\"@type\":\"SearchAction\",\"target\":{\"@type\":\"EntryPoint\",\"urlTemplate\":\"https:\/\/luxesound.ca\/?s={search_term_string}\"},\"query-input\":{\"@type\":\"PropertyValueSpecification\",\"valueRequired\":true,\"valueName\":\"search_term_string\"}}],\"inLanguage\":\"fr-qc\"},{\"@type\":\"Organization\",\"@id\":\"https:\/\/luxesound.ca\/#organization\",\"name\":\"Luxe Sound\",\"url\":\"https:\/\/luxesound.ca\/\",\"logo\":{\"@type\":\"ImageObject\",\"inLanguage\":\"fr-qc\",\"@id\":\"https:\/\/luxesound.ca\/#\/schema\/logo\/image\/\",\"url\":\"https:\/\/luxesound.ca\/wp-content\/uploads\/2024\/08\/cropped-Luxe-white-on-green.png\",\"contentUrl\":\"https:\/\/luxesound.ca\/wp-content\/uploads\/2024\/08\/cropped-Luxe-white-on-green.png\",\"width\":512,\"height\":512,\"caption\":\"Luxe Sound\"},\"image\":{\"@id\":\"https:\/\/luxesound.ca\/#\/schema\/logo\/image\/\"},\"sameAs\":[\"https:\/\/www.facebook.com\/luxesound.ca\",\"https:\/\/www.instagram.com\/luxe.sound\/\"]}]}<\/script>\n<!-- \/ Yoast SEO plugin. -->","yoast_head_json":{"title":"Sonos Boost Wifi Solution - Luxe Sound","description":"Unlock Sonos' full potential with Sonos BOOST\u2122. Reliable, interference-free streaming booster. High-performance network for Sonos speakers. Easy setup.","robots":{"index":"index","follow":"follow","max-snippet":"max-snippet:-1","max-image-preview":"max-image-preview:large","max-video-preview":"max-video-preview:-1"},"canonical":"https:\/\/luxesound.ca\/fr\/product\/sonos-boost-wifi-solution-white\/","og_locale":"fr_FR","og_type":"article","og_title":"Sonos Boost Wifi Solution - Luxe Sound","og_description":"Unlock Sonos' full potential with Sonos BOOST\u2122. Reliable, interference-free streaming booster. High-performance network for Sonos speakers. Easy setup.","og_url":"https:\/\/luxesound.ca\/fr\/product\/sonos-boost-wifi-solution-white\/","og_site_name":"Luxe Sound","article_publisher":"https:\/\/www.facebook.com\/luxesound.ca","article_modified_time":"2026-04-20T19:11:45+00:00","og_image":[{"width":1280,"height":800,"url":"https:\/\/luxesound.ca\/wp-content\/uploads\/2023\/04\/sonos-boost-wifi-solution-Boost_top.webp","type":"image\/webp"}],"twitter_card":"summary_large_image","twitter_misc":{"Est. reading time":"1 minute"},"schema":{"@context":"https:\/\/schema.org","@graph":[{"@type":"WebPage","@id":"https:\/\/luxesound.ca\/product\/sonos-boost-wifi-solution-white\/","url":"https:\/\/luxesound.ca\/product\/sonos-boost-wifi-solution-white\/","name":"Sonos Boost Wifi Solution - Luxe Sound","isPartOf":{"@id":"https:\/\/luxesound.ca\/#website"},"primaryImageOfPage":{"@id":"https:\/\/luxesound.ca\/product\/sonos-boost-wifi-solution-white\/#primaryimage"},"image":{"@id":"https:\/\/luxesound.ca\/product\/sonos-boost-wifi-solution-white\/#primaryimage"},"thumbnailUrl":"https:\/\/luxesound.ca\/wp-content\/uploads\/2023\/04\/sonos-boost-wifi-solution-Boost_top.webp","datePublished":"2023-04-13T20:01:12+00:00","dateModified":"2026-04-20T19:11:45+00:00","description":"Unlock Sonos' full potential with Sonos BOOST\u2122. Reliable, interference-free streaming booster. High-performance network for Sonos speakers. Easy setup.","breadcrumb":{"@id":"https:\/\/luxesound.ca\/product\/sonos-boost-wifi-solution-white\/#breadcrumb"},"inLanguage":"fr-qc","potentialAction":[{"@type":"ReadAction","target":["https:\/\/luxesound.ca\/product\/sonos-boost-wifi-solution-white\/"]}]},{"@type":"ImageObject","inLanguage":"fr-qc","@id":"https:\/\/luxesound.ca\/product\/sonos-boost-wifi-solution-white\/#primaryimage","url":"https:\/\/luxesound.ca\/wp-content\/uploads\/2023\/04\/sonos-boost-wifi-solution-Boost_top.webp","contentUrl":"https:\/\/luxesound.ca\/wp-content\/uploads\/2023\/04\/sonos-boost-wifi-solution-Boost_top.webp","width":1280,"height":800,"caption":"Sonos Boost top view"},{"@type":"BreadcrumbList","@id":"https:\/\/luxesound.ca\/product\/sonos-boost-wifi-solution-white\/#breadcrumb","itemListElement":[{"@type":"ListItem","position":1,"name":"Home","item":"https:\/\/luxesound.ca\/"},{"@type":"ListItem","position":2,"name":"Products","item":"https:\/\/luxesound.ca\/shop\/"},{"@type":"ListItem","position":3,"name":"Sonos Boost Wifi Solution"}]},{"@type":"WebSite","@id":"https:\/\/luxesound.ca\/#website","url":"https:\/\/luxesound.ca\/","name":"Son luxueux","description":"Les meilleurs \u00e9couteurs et haut-parleurs. Fi\u00e8rement canadiens.","publisher":{"@id":"https:\/\/luxesound.ca\/#organization"},"potentialAction":[{"@type":"SearchAction","target":{"@type":"EntryPoint","urlTemplate":"https:\/\/luxesound.ca\/?s={search_term_string}"},"query-input":{"@type":"PropertyValueSpecification","valueRequired":true,"valueName":"search_term_string"}}],"inLanguage":"fr-qc"},{"@type":"Organization","@id":"https:\/\/luxesound.ca\/#organization","name":"Son luxueux","url":"https:\/\/luxesound.ca\/","logo":{"@type":"ImageObject","inLanguage":"fr-qc","@id":"https:\/\/luxesound.ca\/#\/schema\/logo\/image\/","url":"https:\/\/luxesound.ca\/wp-content\/uploads\/2024\/08\/cropped-Luxe-white-on-green.png","contentUrl":"https:\/\/luxesound.ca\/wp-content\/uploads\/2024\/08\/cropped-Luxe-white-on-green.png","width":512,"height":512,"caption":"Luxe Sound"},"image":{"@id":"https:\/\/luxesound.ca\/#\/schema\/logo\/image\/"},"sameAs":["https:\/\/www.facebook.com\/luxesound.ca","https:\/\/www.instagram.com\/luxe.sound\/"]}]}},"_links":{"self":[{"href":"https:\/\/luxesound.ca\/fr\/wp-json\/wp\/v2\/product\/189","targetHints":{"allow":["GET"]}}],"collection":[{"href":"https:\/\/luxesound.ca\/fr\/wp-json\/wp\/v2\/product"}],"about":[{"href":"https:\/\/luxesound.ca\/fr\/wp-json\/wp\/v2\/types\/product"}],"replies":[{"embeddable":true,"href":"https:\/\/luxesound.ca\/fr\/wp-json\/wp\/v2\/comments?post=189"}],"version-history":[{"count":3,"href":"https:\/\/luxesound.ca\/fr\/wp-json\/wp\/v2\/product\/189\/revisions"}],"predecessor-version":[{"id":9516,"href":"https:\/\/luxesound.ca\/fr\/wp-json\/wp\/v2\/product\/189\/revisions\/9516"}],"wp:featuredmedia":[{"embeddable":true,"href":"https:\/\/luxesound.ca\/fr\/wp-json\/wp\/v2\/media\/8377"}],"wp:attachment":[{"href":"https:\/\/luxesound.ca\/fr\/wp-json\/wp\/v2\/media?parent=189"}],"wp:term":[{"taxonomy":"product_brand","embeddable":true,"href":"https:\/\/luxesound.ca\/fr\/wp-json\/wp\/v2\/product_brand?post=189"},{"taxonomy":"product_cat","embeddable":true,"href":"https:\/\/luxesound.ca\/fr\/wp-json\/wp\/v2\/product_cat?post=189"},{"taxonomy":"product_tag","embeddable":true,"href":"https:\/\/luxesound.ca\/fr\/wp-json\/wp\/v2\/product_tag?post=189"}],"curies":[{"name":"wp","href":"https:\/\/api.w.org\/{rel}","templated":true}]}}