{"id":183,"date":"2023-04-13T20:01:12","date_gmt":"2023-04-13T20:01:12","guid":{"rendered":"https:\/\/luxesound.ca\/?post_type=product&#038;p=183"},"modified":"2026-04-20T15:11:54","modified_gmt":"2026-04-20T19:11:54","slug":"sonos-five","status":"publish","type":"product","link":"https:\/\/luxesound.ca\/fr\/product\/sonos-five\/","title":{"rendered":"Enceinte Sonos Five"},"content":{"rendered":"<p>Con\u00e7u pour une qualit\u00e9 audio haute fid\u00e9lit\u00e9, Five am\u00e9liore votre exp\u00e9rience d&#039;\u00e9coute gr\u00e2ce \u00e0 une s\u00e9paration st\u00e9r\u00e9o vive, des basses claires et des voix incroyablement d\u00e9taill\u00e9es. Entendez chaque micro-ton et ressentez chaque battement de tambour lorsque vous diffusez les formats les plus haute r\u00e9solution de vos services pr\u00e9f\u00e9r\u00e9s. Connectez facilement une platine vinyle, un lecteur CD ou une autre source gr\u00e2ce \u00e0 l&#039;entr\u00e9e audio 3,5 mm int\u00e9gr\u00e9e de Five. M\u00e9langez et associez les enceintes Sonos dans votre maison pour une \u00e9coute multi-pi\u00e8ces. Tout fonctionne ensemble via le Wi-Fi.<\/p>","protected":false},"excerpt":{"rendered":"<p>Con\u00e7u pour une qualit\u00e9 audio haute fid\u00e9lit\u00e9, Five am\u00e9liore votre exp\u00e9rience d&#039;\u00e9coute gr\u00e2ce \u00e0 une s\u00e9paration st\u00e9r\u00e9o vive, des basses claires et des voix incroyablement d\u00e9taill\u00e9es. Entendez chaque micro-ton et ressentez chaque battement de tambour lorsque vous diffusez les formats les plus haute r\u00e9solution de vos services pr\u00e9f\u00e9r\u00e9s. Connectez facilement une platine vinyle, un lecteur CD ou une autre source gr\u00e2ce \u00e0 l&#039;entr\u00e9e audio 3,5 mm int\u00e9gr\u00e9e de Five. M\u00e9langez et associez les enceintes Sonos dans votre maison pour une \u00e9coute multi-pi\u00e8ces. Tout fonctionne ensemble via le Wi-Fi.<\/p>","protected":false},"featured_media":8337,"comment_status":"closed","ping_status":"closed","template":"","meta":{"_acf_changed":false,"_mo_disable_npp":"","inline_featured_image":false},"product_brand":[750],"product_cat":[98,26,904,27],"product_tag":[284,31,19,28,479,23,462,29,30,466,25],"class_list":{"0":"post-183","1":"product","2":"type-product","3":"status-publish","4":"has-post-thumbnail","6":"product_brand-sonos","7":"product_cat-home-theatre","8":"product_cat-sonos","9":"product_cat-sonos-black-friday","10":"product_cat-speakers","11":"product_tag-high-fidelity-sound","12":"product_tag-powered-speaker","13":"product_tag-sonos","14":"product_tag-sonos-five","15":"product_tag-sonos-five-speaker","16":"product_tag-sonos-montreal","17":"product_tag-sonos-speaker-system","18":"product_tag-sonos-wifi-speaker","19":"product_tag-sonos-wireless-speaker","20":"product_tag-wifi-audio","21":"product_tag-wireless-speaker","22":"pa_colour-black","23":"pa_colour-white","25":"first","26":"instock","27":"taxable","28":"shipping-taxable","29":"purchasable","30":"product-type-variable","31":"has-default-attributes"},"bundled_by":[],"bundle_stock_status":"instock","bundle_stock_quantity":null,"bundle_virtual":false,"bundle_layout":"","bundle_add_to_cart_form_location":"","bundle_editable_in_cart":false,"bundle_sold_individually_context":"","bundle_item_grouping":"","bundle_min_size":"","bundle_max_size":"","bundle_price":[],"bundled_items":[],"bundle_sell_ids":[],"acf":[],"ct_brands":[{"id":750,"name":"Sonos","slug":"sonos"}],"yoast_head":"<!-- This site is optimized with the Yoast SEO plugin v27.2 - https:\/\/yoast.com\/product\/yoast-seo-wordpress\/ -->\n<title>Sonos Five Speaker - Luxe Sound<\/title>\n<meta name=\"description\" content=\"Elevate your audio with Sonos Five Speaker. High-fidelity, vivid stereo, clean bass, detailed vocals. Versatile connections, multi-room audio. Shop now!\" \/>\n<meta name=\"robots\" content=\"index, follow, max-snippet:-1, max-image-preview:large, max-video-preview:-1\" \/>\n<link rel=\"canonical\" href=\"https:\/\/luxesound.ca\/fr\/product\/sonos-five\/\" \/>\n<meta property=\"og:locale\" content=\"fr_FR\" \/>\n<meta property=\"og:type\" content=\"article\" \/>\n<meta property=\"og:title\" content=\"Sonos Five Speaker - Luxe Sound\" \/>\n<meta property=\"og:description\" content=\"Elevate your audio with Sonos Five Speaker. High-fidelity, vivid stereo, clean bass, detailed vocals. Versatile connections, multi-room audio. Shop now!\" \/>\n<meta property=\"og:url\" content=\"https:\/\/luxesound.ca\/fr\/product\/sonos-five\/\" \/>\n<meta property=\"og:site_name\" content=\"Luxe Sound\" \/>\n<meta property=\"article:publisher\" content=\"https:\/\/www.facebook.com\/luxesound.ca\" \/>\n<meta property=\"article:modified_time\" content=\"2026-04-20T19:11:54+00:00\" \/>\n<meta property=\"og:image\" content=\"https:\/\/luxesound.ca\/wp-content\/uploads\/2023\/04\/sonos-five-speaker-Five_Black-Product_Front_Angle_Final-e1708807179589.webp\" \/>\n\t<meta property=\"og:image:width\" content=\"1201\" \/>\n\t<meta property=\"og:image:height\" content=\"800\" \/>\n\t<meta property=\"og:image:type\" content=\"image\/webp\" \/>\n<meta name=\"twitter:card\" content=\"summary_large_image\" \/>\n<meta name=\"twitter:label1\" content=\"Est. reading time\" \/>\n\t<meta name=\"twitter:data1\" content=\"1 minute\" \/>\n<script type=\"application\/ld+json\" class=\"yoast-schema-graph\">{\"@context\":\"https:\/\/schema.org\",\"@graph\":[{\"@type\":\"WebPage\",\"@id\":\"https:\/\/luxesound.ca\/product\/sonos-five\/\",\"url\":\"https:\/\/luxesound.ca\/product\/sonos-five\/\",\"name\":\"Sonos Five Speaker - Luxe Sound\",\"isPartOf\":{\"@id\":\"https:\/\/luxesound.ca\/#website\"},\"primaryImageOfPage\":{\"@id\":\"https:\/\/luxesound.ca\/product\/sonos-five\/#primaryimage\"},\"image\":{\"@id\":\"https:\/\/luxesound.ca\/product\/sonos-five\/#primaryimage\"},\"thumbnailUrl\":\"https:\/\/luxesound.ca\/wp-content\/uploads\/2023\/04\/sonos-five-speaker-Five_Black-Product_Front_Angle_Final-e1708807179589.webp\",\"datePublished\":\"2023-04-13T20:01:12+00:00\",\"dateModified\":\"2026-04-20T19:11:54+00:00\",\"description\":\"Elevate your audio with Sonos Five Speaker. High-fidelity, vivid stereo, clean bass, detailed vocals. Versatile connections, multi-room audio. Shop now!\",\"breadcrumb\":{\"@id\":\"https:\/\/luxesound.ca\/product\/sonos-five\/#breadcrumb\"},\"inLanguage\":\"fr-qc\",\"potentialAction\":[{\"@type\":\"ReadAction\",\"target\":[\"https:\/\/luxesound.ca\/product\/sonos-five\/\"]}]},{\"@type\":\"ImageObject\",\"inLanguage\":\"fr-qc\",\"@id\":\"https:\/\/luxesound.ca\/product\/sonos-five\/#primaryimage\",\"url\":\"https:\/\/luxesound.ca\/wp-content\/uploads\/2023\/04\/sonos-five-speaker-Five_Black-Product_Front_Angle_Final-e1708807179589.webp\",\"contentUrl\":\"https:\/\/luxesound.ca\/wp-content\/uploads\/2023\/04\/sonos-five-speaker-Five_Black-Product_Front_Angle_Final-e1708807179589.webp\",\"width\":1201,\"height\":800,\"caption\":\"Sonos Five speaker front angle view\"},{\"@type\":\"BreadcrumbList\",\"@id\":\"https:\/\/luxesound.ca\/product\/sonos-five\/#breadcrumb\",\"itemListElement\":[{\"@type\":\"ListItem\",\"position\":1,\"name\":\"Home\",\"item\":\"https:\/\/luxesound.ca\/\"},{\"@type\":\"ListItem\",\"position\":2,\"name\":\"Products\",\"item\":\"https:\/\/luxesound.ca\/shop\/\"},{\"@type\":\"ListItem\",\"position\":3,\"name\":\"Sonos Five Speaker\"}]},{\"@type\":\"WebSite\",\"@id\":\"https:\/\/luxesound.ca\/#website\",\"url\":\"https:\/\/luxesound.ca\/\",\"name\":\"Luxe Sound\",\"description\":\"The Finest Headphones &amp; Speakers. Proudly Canadian.\",\"publisher\":{\"@id\":\"https:\/\/luxesound.ca\/#organization\"},\"potentialAction\":[{\"@type\":\"SearchAction\",\"target\":{\"@type\":\"EntryPoint\",\"urlTemplate\":\"https:\/\/luxesound.ca\/?s={search_term_string}\"},\"query-input\":{\"@type\":\"PropertyValueSpecification\",\"valueRequired\":true,\"valueName\":\"search_term_string\"}}],\"inLanguage\":\"fr-qc\"},{\"@type\":\"Organization\",\"@id\":\"https:\/\/luxesound.ca\/#organization\",\"name\":\"Luxe Sound\",\"url\":\"https:\/\/luxesound.ca\/\",\"logo\":{\"@type\":\"ImageObject\",\"inLanguage\":\"fr-qc\",\"@id\":\"https:\/\/luxesound.ca\/#\/schema\/logo\/image\/\",\"url\":\"https:\/\/luxesound.ca\/wp-content\/uploads\/2024\/08\/cropped-Luxe-white-on-green.png\",\"contentUrl\":\"https:\/\/luxesound.ca\/wp-content\/uploads\/2024\/08\/cropped-Luxe-white-on-green.png\",\"width\":512,\"height\":512,\"caption\":\"Luxe Sound\"},\"image\":{\"@id\":\"https:\/\/luxesound.ca\/#\/schema\/logo\/image\/\"},\"sameAs\":[\"https:\/\/www.facebook.com\/luxesound.ca\",\"https:\/\/www.instagram.com\/luxe.sound\/\"]}]}<\/script>\n<!-- \/ Yoast SEO plugin. -->","yoast_head_json":{"title":"Enceinte Sonos Five - Son Luxe","description":"Sublimez votre exp\u00e9rience audio avec l&#039;enceinte Sonos Five. Un son haute fid\u00e9lit\u00e9, une st\u00e9r\u00e9o immersive, des basses profondes et des voix claires et pr\u00e9cises. Connectivit\u00e9 polyvalente et audio multiroom. Achetez-la d\u00e8s maintenant\u00a0!","robots":{"index":"index","follow":"follow","max-snippet":"max-snippet:-1","max-image-preview":"max-image-preview:large","max-video-preview":"max-video-preview:-1"},"canonical":"https:\/\/luxesound.ca\/fr\/product\/sonos-five\/","og_locale":"fr_FR","og_type":"article","og_title":"Sonos Five Speaker - Luxe Sound","og_description":"Elevate your audio with Sonos Five Speaker. High-fidelity, vivid stereo, clean bass, detailed vocals. Versatile connections, multi-room audio. Shop now!","og_url":"https:\/\/luxesound.ca\/fr\/product\/sonos-five\/","og_site_name":"Luxe Sound","article_publisher":"https:\/\/www.facebook.com\/luxesound.ca","article_modified_time":"2026-04-20T19:11:54+00:00","og_image":[{"width":1201,"height":800,"url":"https:\/\/luxesound.ca\/wp-content\/uploads\/2023\/04\/sonos-five-speaker-Five_Black-Product_Front_Angle_Final-e1708807179589.webp","type":"image\/webp"}],"twitter_card":"summary_large_image","twitter_misc":{"Est. reading time":"1 minute"},"schema":{"@context":"https:\/\/schema.org","@graph":[{"@type":"WebPage","@id":"https:\/\/luxesound.ca\/product\/sonos-five\/","url":"https:\/\/luxesound.ca\/product\/sonos-five\/","name":"Enceinte Sonos Five - Son Luxe","isPartOf":{"@id":"https:\/\/luxesound.ca\/#website"},"primaryImageOfPage":{"@id":"https:\/\/luxesound.ca\/product\/sonos-five\/#primaryimage"},"image":{"@id":"https:\/\/luxesound.ca\/product\/sonos-five\/#primaryimage"},"thumbnailUrl":"https:\/\/luxesound.ca\/wp-content\/uploads\/2023\/04\/sonos-five-speaker-Five_Black-Product_Front_Angle_Final-e1708807179589.webp","datePublished":"2023-04-13T20:01:12+00:00","dateModified":"2026-04-20T19:11:54+00:00","description":"Sublimez votre exp\u00e9rience audio avec l&#039;enceinte Sonos Five. Un son haute fid\u00e9lit\u00e9, une st\u00e9r\u00e9o immersive, des basses profondes et des voix claires et pr\u00e9cises. Connectivit\u00e9 polyvalente et audio multiroom. Achetez-la d\u00e8s maintenant\u00a0!","breadcrumb":{"@id":"https:\/\/luxesound.ca\/product\/sonos-five\/#breadcrumb"},"inLanguage":"fr-qc","potentialAction":[{"@type":"ReadAction","target":["https:\/\/luxesound.ca\/product\/sonos-five\/"]}]},{"@type":"ImageObject","inLanguage":"fr-qc","@id":"https:\/\/luxesound.ca\/product\/sonos-five\/#primaryimage","url":"https:\/\/luxesound.ca\/wp-content\/uploads\/2023\/04\/sonos-five-speaker-Five_Black-Product_Front_Angle_Final-e1708807179589.webp","contentUrl":"https:\/\/luxesound.ca\/wp-content\/uploads\/2023\/04\/sonos-five-speaker-Five_Black-Product_Front_Angle_Final-e1708807179589.webp","width":1201,"height":800,"caption":"Sonos Five speaker front angle view"},{"@type":"BreadcrumbList","@id":"https:\/\/luxesound.ca\/product\/sonos-five\/#breadcrumb","itemListElement":[{"@type":"ListItem","position":1,"name":"Home","item":"https:\/\/luxesound.ca\/"},{"@type":"ListItem","position":2,"name":"Products","item":"https:\/\/luxesound.ca\/shop\/"},{"@type":"ListItem","position":3,"name":"Sonos Five Speaker"}]},{"@type":"WebSite","@id":"https:\/\/luxesound.ca\/#website","url":"https:\/\/luxesound.ca\/","name":"Son luxueux","description":"Les meilleurs \u00e9couteurs et haut-parleurs. Fi\u00e8rement canadiens.","publisher":{"@id":"https:\/\/luxesound.ca\/#organization"},"potentialAction":[{"@type":"SearchAction","target":{"@type":"EntryPoint","urlTemplate":"https:\/\/luxesound.ca\/?s={search_term_string}"},"query-input":{"@type":"PropertyValueSpecification","valueRequired":true,"valueName":"search_term_string"}}],"inLanguage":"fr-qc"},{"@type":"Organization","@id":"https:\/\/luxesound.ca\/#organization","name":"Son luxueux","url":"https:\/\/luxesound.ca\/","logo":{"@type":"ImageObject","inLanguage":"fr-qc","@id":"https:\/\/luxesound.ca\/#\/schema\/logo\/image\/","url":"https:\/\/luxesound.ca\/wp-content\/uploads\/2024\/08\/cropped-Luxe-white-on-green.png","contentUrl":"https:\/\/luxesound.ca\/wp-content\/uploads\/2024\/08\/cropped-Luxe-white-on-green.png","width":512,"height":512,"caption":"Luxe Sound"},"image":{"@id":"https:\/\/luxesound.ca\/#\/schema\/logo\/image\/"},"sameAs":["https:\/\/www.facebook.com\/luxesound.ca","https:\/\/www.instagram.com\/luxe.sound\/"]}]}},"_links":{"self":[{"href":"https:\/\/luxesound.ca\/fr\/wp-json\/wp\/v2\/product\/183","targetHints":{"allow":["GET"]}}],"collection":[{"href":"https:\/\/luxesound.ca\/fr\/wp-json\/wp\/v2\/product"}],"about":[{"href":"https:\/\/luxesound.ca\/fr\/wp-json\/wp\/v2\/types\/product"}],"replies":[{"embeddable":true,"href":"https:\/\/luxesound.ca\/fr\/wp-json\/wp\/v2\/comments?post=183"}],"version-history":[{"count":3,"href":"https:\/\/luxesound.ca\/fr\/wp-json\/wp\/v2\/product\/183\/revisions"}],"predecessor-version":[{"id":9489,"href":"https:\/\/luxesound.ca\/fr\/wp-json\/wp\/v2\/product\/183\/revisions\/9489"}],"wp:featuredmedia":[{"embeddable":true,"href":"https:\/\/luxesound.ca\/fr\/wp-json\/wp\/v2\/media\/8337"}],"wp:attachment":[{"href":"https:\/\/luxesound.ca\/fr\/wp-json\/wp\/v2\/media?parent=183"}],"wp:term":[{"taxonomy":"product_brand","embeddable":true,"href":"https:\/\/luxesound.ca\/fr\/wp-json\/wp\/v2\/product_brand?post=183"},{"taxonomy":"product_cat","embeddable":true,"href":"https:\/\/luxesound.ca\/fr\/wp-json\/wp\/v2\/product_cat?post=183"},{"taxonomy":"product_tag","embeddable":true,"href":"https:\/\/luxesound.ca\/fr\/wp-json\/wp\/v2\/product_tag?post=183"}],"curies":[{"name":"wp","href":"https:\/\/api.w.org\/{rel}","templated":true}]}}