{"id":182,"date":"2023-04-13T20:01:11","date_gmt":"2023-04-13T20:01:11","guid":{"rendered":"https:\/\/luxesound.ca\/?post_type=product&#038;p=182"},"modified":"2026-04-20T15:11:54","modified_gmt":"2026-04-20T19:11:54","slug":"sonos-by-sonance-outdoor-speakers-pair","status":"publish","type":"product","link":"https:\/\/luxesound.ca\/fr\/product\/sonos-by-sonance-outdoor-speakers-pair\/","title":{"rendered":"Haut-parleurs d&#039;ext\u00e9rieur Sonos by Sonance (paire)"},"content":{"rendered":"<p>The speakers are engineered for outdoor use, so they are rated IP66 to withstand humidity, water, salt spray, UV rays and freezing temperatures up to -4 degrees Fahrenheit<\/p>\n<figure><\/figure>\n<h3>Diffusion \u00e0 l&#039;antenne<\/h3>\n<p>Envoyez du son directement depuis votre iPhone, iPad ou Mac vers votre enceinte Sonos avec Apple AirPlay. Demandez ensuite \u00e0 Siri de l&#039;augmenter depuis votre appareil.<\/p>\n<h3>Application Sonos<\/h3>\n<p>Utilisez l&#039;application Sonos pour connecter et contr\u00f4ler tous vos services de streaming ainsi que Sonos Radio et personnaliser les param\u00e8tres.<\/p>","protected":false},"excerpt":{"rendered":"<p>B\u00e9n\u00e9ficiez d&#039;un son riche et d\u00e9taill\u00e9 dans votre jardin ou sur votre terrasse toute l&#039;ann\u00e9e gr\u00e2ce \u00e0 cette paire d&#039;enceintes passives. B\u00e9n\u00e9ficiez de la puissance d&#039;Amp pour une exp\u00e9rience Sonos in\u00e9gal\u00e9e, avec des possibilit\u00e9s infinies d&#039;\u00e9coute multiroom dans toute la maison.<\/p>\n<p>Vendu par paire. Les enceintes passives n\u00e9cessitent un amplificateur pour produire du son.<\/p>","protected":false},"featured_media":8347,"comment_status":"closed","ping_status":"closed","template":"","meta":{"_acf_changed":false,"_mo_disable_npp":"","inline_featured_image":false},"product_brand":[750],"product_cat":[225,26,27],"product_tag":[490,486,489,488,116,19,41,23,42,485,43,44,487],"class_list":{"0":"post-182","1":"product","2":"type-product","3":"status-publish","4":"has-post-thumbnail","6":"product_brand-sonos","7":"product_cat-outdoor-speakers","8":"product_cat-sonos","9":"product_cat-speakers","10":"product_tag-garden-speakers","11":"product_tag-outdoor-audio","12":"product_tag-outdoor-entertainment","13":"product_tag-patio-speakers","14":"product_tag-sonance","15":"product_tag-sonos","16":"product_tag-sonos-by-sonance","17":"product_tag-sonos-montreal","18":"product_tag-sonos-outdoor","19":"product_tag-sonos-outdoor-speakers","20":"product_tag-sonos-patio-speakers","21":"product_tag-sonos-teracce-speakers","22":"product_tag-weatherproof-speakers","23":"product_shipping_class-oversized-heavy","24":"pa_colour-black","25":"pa_colour-white","27":"first","28":"instock","29":"taxable","30":"shipping-taxable","31":"purchasable","32":"product-type-variable","33":"has-default-attributes"},"bundled_by":[],"bundle_stock_status":"instock","bundle_stock_quantity":null,"bundle_virtual":false,"bundle_layout":"","bundle_add_to_cart_form_location":"","bundle_editable_in_cart":false,"bundle_sold_individually_context":"","bundle_item_grouping":"","bundle_min_size":"","bundle_max_size":"","bundle_price":[],"bundled_items":[],"bundle_sell_ids":[],"acf":[],"ct_brands":[{"id":750,"name":"Sonos","slug":"sonos"}],"yoast_head":"<!-- This site is optimized with the Yoast SEO plugin v27.2 - https:\/\/yoast.com\/product\/yoast-seo-wordpress\/ -->\n<title>Sonos by Sonance Outdoor Speakers (Pair) - Luxe Sound<\/title>\n<meta name=\"description\" content=\"Elevate your outdoor audio with Sonos Outdoor Speakers. Designed for Sonos Amp, enjoy rich sound year-round. Enhance your outdoor space.\" \/>\n<meta name=\"robots\" content=\"index, follow, max-snippet:-1, max-image-preview:large, max-video-preview:-1\" \/>\n<link rel=\"canonical\" href=\"https:\/\/luxesound.ca\/fr\/product\/sonos-by-sonance-outdoor-speakers-pair\/\" \/>\n<meta property=\"og:locale\" content=\"fr_FR\" \/>\n<meta property=\"og:type\" content=\"article\" \/>\n<meta property=\"og:title\" content=\"Sonos by Sonance Outdoor Speakers (Pair) - Luxe Sound\" \/>\n<meta property=\"og:description\" content=\"Elevate your outdoor audio with Sonos Outdoor Speakers. Designed for Sonos Amp, enjoy rich sound year-round. Enhance your outdoor space.\" \/>\n<meta property=\"og:url\" content=\"https:\/\/luxesound.ca\/fr\/product\/sonos-by-sonance-outdoor-speakers-pair\/\" \/>\n<meta property=\"og:site_name\" content=\"Luxe Sound\" \/>\n<meta property=\"article:publisher\" content=\"https:\/\/www.facebook.com\/luxesound.ca\" \/>\n<meta property=\"article:modified_time\" content=\"2026-04-20T19:11:54+00:00\" \/>\n<meta property=\"og:image\" content=\"https:\/\/luxesound.ca\/wp-content\/uploads\/2023\/04\/sonos-sonance-outdoor-speakers-black-1.webp\" \/>\n\t<meta property=\"og:image:width\" content=\"1200\" \/>\n\t<meta property=\"og:image:height\" content=\"800\" \/>\n\t<meta property=\"og:image:type\" content=\"image\/webp\" \/>\n<meta name=\"twitter:card\" content=\"summary_large_image\" \/>\n<meta name=\"twitter:label1\" content=\"Est. reading time\" \/>\n\t<meta name=\"twitter:data1\" content=\"1 minute\" \/>\n<script type=\"application\/ld+json\" class=\"yoast-schema-graph\">{\"@context\":\"https:\/\/schema.org\",\"@graph\":[{\"@type\":\"WebPage\",\"@id\":\"https:\/\/luxesound.ca\/product\/sonos-by-sonance-outdoor-speakers-pair\/\",\"url\":\"https:\/\/luxesound.ca\/product\/sonos-by-sonance-outdoor-speakers-pair\/\",\"name\":\"Sonos by Sonance Outdoor Speakers (Pair) - Luxe Sound\",\"isPartOf\":{\"@id\":\"https:\/\/luxesound.ca\/#website\"},\"primaryImageOfPage\":{\"@id\":\"https:\/\/luxesound.ca\/product\/sonos-by-sonance-outdoor-speakers-pair\/#primaryimage\"},\"image\":{\"@id\":\"https:\/\/luxesound.ca\/product\/sonos-by-sonance-outdoor-speakers-pair\/#primaryimage\"},\"thumbnailUrl\":\"https:\/\/luxesound.ca\/wp-content\/uploads\/2023\/04\/sonos-sonance-outdoor-speakers-black-1.webp\",\"datePublished\":\"2023-04-13T20:01:11+00:00\",\"dateModified\":\"2026-04-20T19:11:54+00:00\",\"description\":\"Elevate your outdoor audio with Sonos Outdoor Speakers. Designed for Sonos Amp, enjoy rich sound year-round. Enhance your outdoor space.\",\"breadcrumb\":{\"@id\":\"https:\/\/luxesound.ca\/product\/sonos-by-sonance-outdoor-speakers-pair\/#breadcrumb\"},\"inLanguage\":\"fr-qc\",\"potentialAction\":[{\"@type\":\"ReadAction\",\"target\":[\"https:\/\/luxesound.ca\/product\/sonos-by-sonance-outdoor-speakers-pair\/\"]}]},{\"@type\":\"ImageObject\",\"inLanguage\":\"fr-qc\",\"@id\":\"https:\/\/luxesound.ca\/product\/sonos-by-sonance-outdoor-speakers-pair\/#primaryimage\",\"url\":\"https:\/\/luxesound.ca\/wp-content\/uploads\/2023\/04\/sonos-sonance-outdoor-speakers-black-1.webp\",\"contentUrl\":\"https:\/\/luxesound.ca\/wp-content\/uploads\/2023\/04\/sonos-sonance-outdoor-speakers-black-1.webp\",\"width\":1200,\"height\":800,\"caption\":\"Sonos and Sonance Outdoor Speakers Black Pair\"},{\"@type\":\"BreadcrumbList\",\"@id\":\"https:\/\/luxesound.ca\/product\/sonos-by-sonance-outdoor-speakers-pair\/#breadcrumb\",\"itemListElement\":[{\"@type\":\"ListItem\",\"position\":1,\"name\":\"Home\",\"item\":\"https:\/\/luxesound.ca\/\"},{\"@type\":\"ListItem\",\"position\":2,\"name\":\"Products\",\"item\":\"https:\/\/luxesound.ca\/shop\/\"},{\"@type\":\"ListItem\",\"position\":3,\"name\":\"Sonos by Sonance Outdoor Speakers (Pair)\"}]},{\"@type\":\"WebSite\",\"@id\":\"https:\/\/luxesound.ca\/#website\",\"url\":\"https:\/\/luxesound.ca\/\",\"name\":\"Luxe Sound\",\"description\":\"The Finest Headphones &amp; Speakers. Proudly Canadian.\",\"publisher\":{\"@id\":\"https:\/\/luxesound.ca\/#organization\"},\"potentialAction\":[{\"@type\":\"SearchAction\",\"target\":{\"@type\":\"EntryPoint\",\"urlTemplate\":\"https:\/\/luxesound.ca\/?s={search_term_string}\"},\"query-input\":{\"@type\":\"PropertyValueSpecification\",\"valueRequired\":true,\"valueName\":\"search_term_string\"}}],\"inLanguage\":\"fr-qc\"},{\"@type\":\"Organization\",\"@id\":\"https:\/\/luxesound.ca\/#organization\",\"name\":\"Luxe Sound\",\"url\":\"https:\/\/luxesound.ca\/\",\"logo\":{\"@type\":\"ImageObject\",\"inLanguage\":\"fr-qc\",\"@id\":\"https:\/\/luxesound.ca\/#\/schema\/logo\/image\/\",\"url\":\"https:\/\/luxesound.ca\/wp-content\/uploads\/2024\/08\/cropped-Luxe-white-on-green.png\",\"contentUrl\":\"https:\/\/luxesound.ca\/wp-content\/uploads\/2024\/08\/cropped-Luxe-white-on-green.png\",\"width\":512,\"height\":512,\"caption\":\"Luxe Sound\"},\"image\":{\"@id\":\"https:\/\/luxesound.ca\/#\/schema\/logo\/image\/\"},\"sameAs\":[\"https:\/\/www.facebook.com\/luxesound.ca\",\"https:\/\/www.instagram.com\/luxe.sound\/\"]}]}<\/script>\n<!-- \/ Yoast SEO plugin. -->","yoast_head_json":{"title":"Sonos by Sonance Outdoor Speakers (Pair) - Luxe Sound","description":"Elevate your outdoor audio with Sonos Outdoor Speakers. Designed for Sonos Amp, enjoy rich sound year-round. Enhance your outdoor space.","robots":{"index":"index","follow":"follow","max-snippet":"max-snippet:-1","max-image-preview":"max-image-preview:large","max-video-preview":"max-video-preview:-1"},"canonical":"https:\/\/luxesound.ca\/fr\/product\/sonos-by-sonance-outdoor-speakers-pair\/","og_locale":"fr_FR","og_type":"article","og_title":"Sonos by Sonance Outdoor Speakers (Pair) - Luxe Sound","og_description":"Elevate your outdoor audio with Sonos Outdoor Speakers. Designed for Sonos Amp, enjoy rich sound year-round. Enhance your outdoor space.","og_url":"https:\/\/luxesound.ca\/fr\/product\/sonos-by-sonance-outdoor-speakers-pair\/","og_site_name":"Luxe Sound","article_publisher":"https:\/\/www.facebook.com\/luxesound.ca","article_modified_time":"2026-04-20T19:11:54+00:00","og_image":[{"width":1200,"height":800,"url":"https:\/\/luxesound.ca\/wp-content\/uploads\/2023\/04\/sonos-sonance-outdoor-speakers-black-1.webp","type":"image\/webp"}],"twitter_card":"summary_large_image","twitter_misc":{"Est. reading time":"1 minute"},"schema":{"@context":"https:\/\/schema.org","@graph":[{"@type":"WebPage","@id":"https:\/\/luxesound.ca\/product\/sonos-by-sonance-outdoor-speakers-pair\/","url":"https:\/\/luxesound.ca\/product\/sonos-by-sonance-outdoor-speakers-pair\/","name":"Sonos by Sonance Outdoor Speakers (Pair) - Luxe Sound","isPartOf":{"@id":"https:\/\/luxesound.ca\/#website"},"primaryImageOfPage":{"@id":"https:\/\/luxesound.ca\/product\/sonos-by-sonance-outdoor-speakers-pair\/#primaryimage"},"image":{"@id":"https:\/\/luxesound.ca\/product\/sonos-by-sonance-outdoor-speakers-pair\/#primaryimage"},"thumbnailUrl":"https:\/\/luxesound.ca\/wp-content\/uploads\/2023\/04\/sonos-sonance-outdoor-speakers-black-1.webp","datePublished":"2023-04-13T20:01:11+00:00","dateModified":"2026-04-20T19:11:54+00:00","description":"Elevate your outdoor audio with Sonos Outdoor Speakers. Designed for Sonos Amp, enjoy rich sound year-round. Enhance your outdoor space.","breadcrumb":{"@id":"https:\/\/luxesound.ca\/product\/sonos-by-sonance-outdoor-speakers-pair\/#breadcrumb"},"inLanguage":"fr-qc","potentialAction":[{"@type":"ReadAction","target":["https:\/\/luxesound.ca\/product\/sonos-by-sonance-outdoor-speakers-pair\/"]}]},{"@type":"ImageObject","inLanguage":"fr-qc","@id":"https:\/\/luxesound.ca\/product\/sonos-by-sonance-outdoor-speakers-pair\/#primaryimage","url":"https:\/\/luxesound.ca\/wp-content\/uploads\/2023\/04\/sonos-sonance-outdoor-speakers-black-1.webp","contentUrl":"https:\/\/luxesound.ca\/wp-content\/uploads\/2023\/04\/sonos-sonance-outdoor-speakers-black-1.webp","width":1200,"height":800,"caption":"Sonos and Sonance Outdoor Speakers Black Pair"},{"@type":"BreadcrumbList","@id":"https:\/\/luxesound.ca\/product\/sonos-by-sonance-outdoor-speakers-pair\/#breadcrumb","itemListElement":[{"@type":"ListItem","position":1,"name":"Home","item":"https:\/\/luxesound.ca\/"},{"@type":"ListItem","position":2,"name":"Products","item":"https:\/\/luxesound.ca\/shop\/"},{"@type":"ListItem","position":3,"name":"Sonos by Sonance Outdoor Speakers (Pair)"}]},{"@type":"WebSite","@id":"https:\/\/luxesound.ca\/#website","url":"https:\/\/luxesound.ca\/","name":"Son luxueux","description":"Les meilleurs \u00e9couteurs et haut-parleurs. Fi\u00e8rement canadiens.","publisher":{"@id":"https:\/\/luxesound.ca\/#organization"},"potentialAction":[{"@type":"SearchAction","target":{"@type":"EntryPoint","urlTemplate":"https:\/\/luxesound.ca\/?s={search_term_string}"},"query-input":{"@type":"PropertyValueSpecification","valueRequired":true,"valueName":"search_term_string"}}],"inLanguage":"fr-qc"},{"@type":"Organization","@id":"https:\/\/luxesound.ca\/#organization","name":"Son luxueux","url":"https:\/\/luxesound.ca\/","logo":{"@type":"ImageObject","inLanguage":"fr-qc","@id":"https:\/\/luxesound.ca\/#\/schema\/logo\/image\/","url":"https:\/\/luxesound.ca\/wp-content\/uploads\/2024\/08\/cropped-Luxe-white-on-green.png","contentUrl":"https:\/\/luxesound.ca\/wp-content\/uploads\/2024\/08\/cropped-Luxe-white-on-green.png","width":512,"height":512,"caption":"Luxe Sound"},"image":{"@id":"https:\/\/luxesound.ca\/#\/schema\/logo\/image\/"},"sameAs":["https:\/\/www.facebook.com\/luxesound.ca","https:\/\/www.instagram.com\/luxe.sound\/"]}]}},"_links":{"self":[{"href":"https:\/\/luxesound.ca\/fr\/wp-json\/wp\/v2\/product\/182","targetHints":{"allow":["GET"]}}],"collection":[{"href":"https:\/\/luxesound.ca\/fr\/wp-json\/wp\/v2\/product"}],"about":[{"href":"https:\/\/luxesound.ca\/fr\/wp-json\/wp\/v2\/types\/product"}],"replies":[{"embeddable":true,"href":"https:\/\/luxesound.ca\/fr\/wp-json\/wp\/v2\/comments?post=182"}],"version-history":[{"count":3,"href":"https:\/\/luxesound.ca\/fr\/wp-json\/wp\/v2\/product\/182\/revisions"}],"predecessor-version":[{"id":9853,"href":"https:\/\/luxesound.ca\/fr\/wp-json\/wp\/v2\/product\/182\/revisions\/9853"}],"wp:featuredmedia":[{"embeddable":true,"href":"https:\/\/luxesound.ca\/fr\/wp-json\/wp\/v2\/media\/8347"}],"wp:attachment":[{"href":"https:\/\/luxesound.ca\/fr\/wp-json\/wp\/v2\/media?parent=182"}],"wp:term":[{"taxonomy":"product_brand","embeddable":true,"href":"https:\/\/luxesound.ca\/fr\/wp-json\/wp\/v2\/product_brand?post=182"},{"taxonomy":"product_cat","embeddable":true,"href":"https:\/\/luxesound.ca\/fr\/wp-json\/wp\/v2\/product_cat?post=182"},{"taxonomy":"product_tag","embeddable":true,"href":"https:\/\/luxesound.ca\/fr\/wp-json\/wp\/v2\/product_tag?post=182"}],"curies":[{"name":"wp","href":"https:\/\/api.w.org\/{rel}","templated":true}]}}