{"id":177,"date":"2023-04-13T20:01:11","date_gmt":"2023-04-13T20:01:11","guid":{"rendered":"https:\/\/luxesound.ca\/?post_type=product&#038;p=177"},"modified":"2026-04-20T15:11:45","modified_gmt":"2026-04-20T19:11:45","slug":"sonos-amp","status":"publish","type":"product","link":"https:\/\/luxesound.ca\/fr\/product\/sonos-amp\/","title":{"rendered":"Sonos Amp"},"content":{"rendered":"<p><strong>Amplificateur num\u00e9rique de classe D :<\/strong> 125 W\/ch sous 8 ohms<\/p>\n<p><strong>Sources d&#039;entr\u00e9e de ligne prises en charge.<\/strong> Appareil audio avec sortie analogique RCA ou sortie optique (adaptateur optique requis). Appareil TV avec sortie HDMI ARC ou sortie optique (adaptateur optique requis)<br \/>\n<strong>Sortie caisson de basses :<\/strong> D\u00e9tection automatique du type RCA (50 \u00e0 110 Hz)<\/p>\n<figure><\/figure>","protected":false},"excerpt":{"rendered":"<p>Alimentez vos enceintes passives, cr\u00e9ez la maison intelligente de vos r\u00eaves et profitez de possibilit\u00e9s infinies d&#039;\u00e9coute multiroom.<\/p>\n<p>Faites profiter de l&#039;exp\u00e9rience Sonos \u00e0 vos enceintes colonne, architecturales, ext\u00e9rieures ou de biblioth\u00e8que, et connectez votre t\u00e9l\u00e9viseur ou votre platine vinyle. Diffusez de la musique, la radio, des livres audio et bien plus encore \u00e0 partir de tous vos services pr\u00e9f\u00e9r\u00e9s, et profitez d&#039;un contr\u00f4le facile avec l&#039;application Sonos, Apple AirPlay 2, une t\u00e9l\u00e9commande ou un clavier universel et votre voix avec un appareil compatible. Ajoutez des enceintes Sonos dans votre maison pour une exp\u00e9rience plus immersive. Tout fonctionne ensemble via le Wi-Fi.<\/p>","protected":false},"featured_media":8360,"comment_status":"closed","ping_status":"closed","template":"","meta":{"_acf_changed":false,"_mo_disable_npp":"","inline_featured_image":false},"product_brand":[750],"product_cat":[36,894,98,741,26],"product_tag":[271,482,480,19,20,21,22,483,23,484,481,24,214,25],"class_list":{"0":"post-177","1":"product","2":"type-product","3":"status-publish","4":"has-post-thumbnail","6":"product_brand-sonos","7":"product_cat-accessories","8":"product_cat-amps-dacs","9":"product_cat-home-theatre","10":"product_cat-other-accessories","11":"product_cat-sonos","12":"product_tag-airplay-2","13":"product_tag-home-audio-upgrade","14":"product_tag-smart-home-audio","15":"product_tag-sonos","16":"product_tag-sonos-amp","17":"product_tag-sonos-amp-for-wired-speakers","18":"product_tag-sonos-canada","19":"product_tag-sonos-cd-player","20":"product_tag-sonos-montreal","21":"product_tag-sonos-turntable-connection","22":"product_tag-sonos-tv-and-turntable-connectivity","23":"product_tag-wifi-amp","24":"product_tag-wireless-home-theatre","25":"product_tag-wireless-speaker","26":"pa_colour-black","28":"first","29":"instock","30":"taxable","31":"shipping-taxable","32":"purchasable","33":"product-type-variable","34":"has-default-attributes"},"bundled_by":[],"bundle_stock_status":"instock","bundle_stock_quantity":null,"bundle_virtual":false,"bundle_layout":"","bundle_add_to_cart_form_location":"","bundle_editable_in_cart":false,"bundle_sold_individually_context":"","bundle_item_grouping":"","bundle_min_size":"","bundle_max_size":"","bundle_price":[],"bundled_items":[],"bundle_sell_ids":[],"acf":[],"ct_brands":[{"id":750,"name":"Sonos","slug":"sonos"}],"yoast_head":"<!-- This site is optimized with the Yoast SEO plugin v27.2 - https:\/\/yoast.com\/product\/yoast-seo-wordpress\/ -->\n<title>Sonos Amp - Luxe Sound<\/title>\n<meta name=\"description\" content=\"&quot;Transform your home with Sonos Amp. Power your speakers, create a smart home, and enjoy multiroom audio. Stream, control, enhance. 125 W per channel.\" \/>\n<meta name=\"robots\" content=\"index, follow, max-snippet:-1, max-image-preview:large, max-video-preview:-1\" \/>\n<link rel=\"canonical\" href=\"https:\/\/luxesound.ca\/fr\/product\/sonos-amp\/\" \/>\n<meta property=\"og:locale\" content=\"fr_FR\" \/>\n<meta property=\"og:type\" content=\"article\" \/>\n<meta property=\"og:title\" content=\"Sonos Amp - Luxe Sound\" \/>\n<meta property=\"og:description\" content=\"&quot;Transform your home with Sonos Amp. Power your speakers, create a smart home, and enjoy multiroom audio. Stream, control, enhance. 125 W per channel.\" \/>\n<meta property=\"og:url\" content=\"https:\/\/luxesound.ca\/fr\/product\/sonos-amp\/\" \/>\n<meta property=\"og:site_name\" content=\"Luxe Sound\" \/>\n<meta property=\"article:publisher\" content=\"https:\/\/www.facebook.com\/luxesound.ca\" \/>\n<meta property=\"article:modified_time\" content=\"2026-04-20T19:11:45+00:00\" \/>\n<meta property=\"og:image\" content=\"https:\/\/luxesound.ca\/wp-content\/uploads\/2023\/04\/sonos-amp-Amp_Black-Product_Render-Side_Front-1000x1000-Q1FY19_MST-MST_fid160425.webp\" \/>\n\t<meta property=\"og:image:width\" content=\"1280\" \/>\n\t<meta property=\"og:image:height\" content=\"800\" \/>\n\t<meta property=\"og:image:type\" content=\"image\/webp\" \/>\n<meta name=\"twitter:card\" content=\"summary_large_image\" \/>\n<meta name=\"twitter:label1\" content=\"Est. reading time\" \/>\n\t<meta name=\"twitter:data1\" content=\"1 minute\" \/>\n<script type=\"application\/ld+json\" class=\"yoast-schema-graph\">{\"@context\":\"https:\/\/schema.org\",\"@graph\":[{\"@type\":\"WebPage\",\"@id\":\"https:\/\/luxesound.ca\/product\/sonos-amp\/\",\"url\":\"https:\/\/luxesound.ca\/product\/sonos-amp\/\",\"name\":\"Sonos Amp - Luxe Sound\",\"isPartOf\":{\"@id\":\"https:\/\/luxesound.ca\/#website\"},\"primaryImageOfPage\":{\"@id\":\"https:\/\/luxesound.ca\/product\/sonos-amp\/#primaryimage\"},\"image\":{\"@id\":\"https:\/\/luxesound.ca\/product\/sonos-amp\/#primaryimage\"},\"thumbnailUrl\":\"https:\/\/luxesound.ca\/wp-content\/uploads\/2023\/04\/sonos-amp-Amp_Black-Product_Render-Side_Front-1000x1000-Q1FY19_MST-MST_fid160425.webp\",\"datePublished\":\"2023-04-13T20:01:11+00:00\",\"dateModified\":\"2026-04-20T19:11:45+00:00\",\"description\":\"\\\"Transform your home with Sonos Amp. Power your speakers, create a smart home, and enjoy multiroom audio. Stream, control, enhance. 125 W per channel.\",\"breadcrumb\":{\"@id\":\"https:\/\/luxesound.ca\/product\/sonos-amp\/#breadcrumb\"},\"inLanguage\":\"fr-qc\",\"potentialAction\":[{\"@type\":\"ReadAction\",\"target\":[\"https:\/\/luxesound.ca\/product\/sonos-amp\/\"]}]},{\"@type\":\"ImageObject\",\"inLanguage\":\"fr-qc\",\"@id\":\"https:\/\/luxesound.ca\/product\/sonos-amp\/#primaryimage\",\"url\":\"https:\/\/luxesound.ca\/wp-content\/uploads\/2023\/04\/sonos-amp-Amp_Black-Product_Render-Side_Front-1000x1000-Q1FY19_MST-MST_fid160425.webp\",\"contentUrl\":\"https:\/\/luxesound.ca\/wp-content\/uploads\/2023\/04\/sonos-amp-Amp_Black-Product_Render-Side_Front-1000x1000-Q1FY19_MST-MST_fid160425.webp\",\"width\":1280,\"height\":800,\"caption\":\"Sonos Amp top angle\"},{\"@type\":\"BreadcrumbList\",\"@id\":\"https:\/\/luxesound.ca\/product\/sonos-amp\/#breadcrumb\",\"itemListElement\":[{\"@type\":\"ListItem\",\"position\":1,\"name\":\"Home\",\"item\":\"https:\/\/luxesound.ca\/\"},{\"@type\":\"ListItem\",\"position\":2,\"name\":\"Products\",\"item\":\"https:\/\/luxesound.ca\/shop\/\"},{\"@type\":\"ListItem\",\"position\":3,\"name\":\"Sonos Amp\"}]},{\"@type\":\"WebSite\",\"@id\":\"https:\/\/luxesound.ca\/#website\",\"url\":\"https:\/\/luxesound.ca\/\",\"name\":\"Luxe Sound\",\"description\":\"The Finest Headphones &amp; Speakers. Proudly Canadian.\",\"publisher\":{\"@id\":\"https:\/\/luxesound.ca\/#organization\"},\"potentialAction\":[{\"@type\":\"SearchAction\",\"target\":{\"@type\":\"EntryPoint\",\"urlTemplate\":\"https:\/\/luxesound.ca\/?s={search_term_string}\"},\"query-input\":{\"@type\":\"PropertyValueSpecification\",\"valueRequired\":true,\"valueName\":\"search_term_string\"}}],\"inLanguage\":\"fr-qc\"},{\"@type\":\"Organization\",\"@id\":\"https:\/\/luxesound.ca\/#organization\",\"name\":\"Luxe Sound\",\"url\":\"https:\/\/luxesound.ca\/\",\"logo\":{\"@type\":\"ImageObject\",\"inLanguage\":\"fr-qc\",\"@id\":\"https:\/\/luxesound.ca\/#\/schema\/logo\/image\/\",\"url\":\"https:\/\/luxesound.ca\/wp-content\/uploads\/2024\/08\/cropped-Luxe-white-on-green.png\",\"contentUrl\":\"https:\/\/luxesound.ca\/wp-content\/uploads\/2024\/08\/cropped-Luxe-white-on-green.png\",\"width\":512,\"height\":512,\"caption\":\"Luxe Sound\"},\"image\":{\"@id\":\"https:\/\/luxesound.ca\/#\/schema\/logo\/image\/\"},\"sameAs\":[\"https:\/\/www.facebook.com\/luxesound.ca\",\"https:\/\/www.instagram.com\/luxe.sound\/\"]}]}<\/script>\n<!-- \/ Yoast SEO plugin. -->","yoast_head_json":{"title":"Sonos Amp - Luxe Sound","description":"\"Transform your home with Sonos Amp. Power your speakers, create a smart home, and enjoy multiroom audio. Stream, control, enhance. 125 W per channel.","robots":{"index":"index","follow":"follow","max-snippet":"max-snippet:-1","max-image-preview":"max-image-preview:large","max-video-preview":"max-video-preview:-1"},"canonical":"https:\/\/luxesound.ca\/fr\/product\/sonos-amp\/","og_locale":"fr_FR","og_type":"article","og_title":"Sonos Amp - Luxe Sound","og_description":"\"Transform your home with Sonos Amp. Power your speakers, create a smart home, and enjoy multiroom audio. Stream, control, enhance. 125 W per channel.","og_url":"https:\/\/luxesound.ca\/fr\/product\/sonos-amp\/","og_site_name":"Luxe Sound","article_publisher":"https:\/\/www.facebook.com\/luxesound.ca","article_modified_time":"2026-04-20T19:11:45+00:00","og_image":[{"width":1280,"height":800,"url":"https:\/\/luxesound.ca\/wp-content\/uploads\/2023\/04\/sonos-amp-Amp_Black-Product_Render-Side_Front-1000x1000-Q1FY19_MST-MST_fid160425.webp","type":"image\/webp"}],"twitter_card":"summary_large_image","twitter_misc":{"Est. reading time":"1 minute"},"schema":{"@context":"https:\/\/schema.org","@graph":[{"@type":"WebPage","@id":"https:\/\/luxesound.ca\/product\/sonos-amp\/","url":"https:\/\/luxesound.ca\/product\/sonos-amp\/","name":"Sonos Amp - Luxe Sound","isPartOf":{"@id":"https:\/\/luxesound.ca\/#website"},"primaryImageOfPage":{"@id":"https:\/\/luxesound.ca\/product\/sonos-amp\/#primaryimage"},"image":{"@id":"https:\/\/luxesound.ca\/product\/sonos-amp\/#primaryimage"},"thumbnailUrl":"https:\/\/luxesound.ca\/wp-content\/uploads\/2023\/04\/sonos-amp-Amp_Black-Product_Render-Side_Front-1000x1000-Q1FY19_MST-MST_fid160425.webp","datePublished":"2023-04-13T20:01:11+00:00","dateModified":"2026-04-20T19:11:45+00:00","description":"\"Transform your home with Sonos Amp. Power your speakers, create a smart home, and enjoy multiroom audio. Stream, control, enhance. 125 W per channel.","breadcrumb":{"@id":"https:\/\/luxesound.ca\/product\/sonos-amp\/#breadcrumb"},"inLanguage":"fr-qc","potentialAction":[{"@type":"ReadAction","target":["https:\/\/luxesound.ca\/product\/sonos-amp\/"]}]},{"@type":"ImageObject","inLanguage":"fr-qc","@id":"https:\/\/luxesound.ca\/product\/sonos-amp\/#primaryimage","url":"https:\/\/luxesound.ca\/wp-content\/uploads\/2023\/04\/sonos-amp-Amp_Black-Product_Render-Side_Front-1000x1000-Q1FY19_MST-MST_fid160425.webp","contentUrl":"https:\/\/luxesound.ca\/wp-content\/uploads\/2023\/04\/sonos-amp-Amp_Black-Product_Render-Side_Front-1000x1000-Q1FY19_MST-MST_fid160425.webp","width":1280,"height":800,"caption":"Sonos Amp top angle"},{"@type":"BreadcrumbList","@id":"https:\/\/luxesound.ca\/product\/sonos-amp\/#breadcrumb","itemListElement":[{"@type":"ListItem","position":1,"name":"Home","item":"https:\/\/luxesound.ca\/"},{"@type":"ListItem","position":2,"name":"Products","item":"https:\/\/luxesound.ca\/shop\/"},{"@type":"ListItem","position":3,"name":"Sonos Amp"}]},{"@type":"WebSite","@id":"https:\/\/luxesound.ca\/#website","url":"https:\/\/luxesound.ca\/","name":"Son luxueux","description":"Les meilleurs \u00e9couteurs et haut-parleurs. Fi\u00e8rement canadiens.","publisher":{"@id":"https:\/\/luxesound.ca\/#organization"},"potentialAction":[{"@type":"SearchAction","target":{"@type":"EntryPoint","urlTemplate":"https:\/\/luxesound.ca\/?s={search_term_string}"},"query-input":{"@type":"PropertyValueSpecification","valueRequired":true,"valueName":"search_term_string"}}],"inLanguage":"fr-qc"},{"@type":"Organization","@id":"https:\/\/luxesound.ca\/#organization","name":"Son luxueux","url":"https:\/\/luxesound.ca\/","logo":{"@type":"ImageObject","inLanguage":"fr-qc","@id":"https:\/\/luxesound.ca\/#\/schema\/logo\/image\/","url":"https:\/\/luxesound.ca\/wp-content\/uploads\/2024\/08\/cropped-Luxe-white-on-green.png","contentUrl":"https:\/\/luxesound.ca\/wp-content\/uploads\/2024\/08\/cropped-Luxe-white-on-green.png","width":512,"height":512,"caption":"Luxe Sound"},"image":{"@id":"https:\/\/luxesound.ca\/#\/schema\/logo\/image\/"},"sameAs":["https:\/\/www.facebook.com\/luxesound.ca","https:\/\/www.instagram.com\/luxe.sound\/"]}]}},"_links":{"self":[{"href":"https:\/\/luxesound.ca\/fr\/wp-json\/wp\/v2\/product\/177","targetHints":{"allow":["GET"]}}],"collection":[{"href":"https:\/\/luxesound.ca\/fr\/wp-json\/wp\/v2\/product"}],"about":[{"href":"https:\/\/luxesound.ca\/fr\/wp-json\/wp\/v2\/types\/product"}],"replies":[{"embeddable":true,"href":"https:\/\/luxesound.ca\/fr\/wp-json\/wp\/v2\/comments?post=177"}],"version-history":[{"count":2,"href":"https:\/\/luxesound.ca\/fr\/wp-json\/wp\/v2\/product\/177\/revisions"}],"predecessor-version":[{"id":9512,"href":"https:\/\/luxesound.ca\/fr\/wp-json\/wp\/v2\/product\/177\/revisions\/9512"}],"wp:featuredmedia":[{"embeddable":true,"href":"https:\/\/luxesound.ca\/fr\/wp-json\/wp\/v2\/media\/8360"}],"wp:attachment":[{"href":"https:\/\/luxesound.ca\/fr\/wp-json\/wp\/v2\/media?parent=177"}],"wp:term":[{"taxonomy":"product_brand","embeddable":true,"href":"https:\/\/luxesound.ca\/fr\/wp-json\/wp\/v2\/product_brand?post=177"},{"taxonomy":"product_cat","embeddable":true,"href":"https:\/\/luxesound.ca\/fr\/wp-json\/wp\/v2\/product_cat?post=177"},{"taxonomy":"product_tag","embeddable":true,"href":"https:\/\/luxesound.ca\/fr\/wp-json\/wp\/v2\/product_tag?post=177"}],"curies":[{"name":"wp","href":"https:\/\/api.w.org\/{rel}","templated":true}]}}