{"id":13034,"date":"2026-04-09T11:05:54","date_gmt":"2026-04-09T15:05:54","guid":{"rendered":"https:\/\/luxesound.ca\/?post_type=product&#038;p=13034"},"modified":"2026-04-20T15:12:46","modified_gmt":"2026-04-20T19:12:46","slug":"truthear-pure-earbuds-open-box-hexa-cable","status":"publish","type":"product","link":"https:\/\/luxesound.ca\/fr\/product\/truthear-pure-earbuds-open-box-hexa-cable\/","title":{"rendered":"\u00c9couteurs Truthear Pure \u2013 Bo\u00eete ouverte (c\u00e2ble Hexa*)"},"content":{"rendered":"<p><strong>Condition:<\/strong> Produit d\u00e9ball\u00e9 \u2013 Comme neuf. Nous avons remplac\u00e9 le c\u00e2ble Pure argent\u00e9 par un c\u00e2ble Truthear Hexa noir. <strong>Voir les photos*<\/strong><\/p>\n<p><strong>Motif du retour\u00a0: <\/strong>Le c\u00e2ble Truthear Pure \u00e9tait d\u00e9fectueux\u00a0: le connecteur gauche \u00e9tait plus silencieux que le droit. Nous l&#039;avons remplac\u00e9 par un c\u00e2ble Truthear Hexa. L&#039;ancien c\u00e2ble sera \u00e9galement inclus dans le colis.<\/p>\n<p class=\"p1\">Les \u00e9couteurs Truthear Pure 1DD+3BA offrent une exp\u00e9rience d&#039;\u00e9coute \u00e9quilibr\u00e9e et immersive. Dot\u00e9s d&#039;une configuration hybride, ils associent un transducteur dynamique de 10 mm pour des basses puissantes \u00e0 trois transducteurs \u00e0 armature \u00e9quilibr\u00e9e pour des m\u00e9diums clairs et des aigus d\u00e9taill\u00e9s. La cavit\u00e9 en r\u00e9sine imprim\u00e9e en 3D par DLP assure l\u00e9g\u00e8ret\u00e9 et confort, tandis que le c\u00e2ble amovible en cuivre plaqu\u00e9 argent offre durabilit\u00e9 et flexibilit\u00e9. Avec une r\u00e9ponse en fr\u00e9quence de 7 \u00e0 40 kHz et une imp\u00e9dance de 13,8 \u03a9, ces \u00e9couteurs offrent des mesures objectives sup\u00e9rieures et une signature sonore raffin\u00e9e.<\/p>","protected":false},"excerpt":{"rendered":"<p><strong>Condition:<\/strong> Produit d\u00e9ball\u00e9 \u2013 Comme neuf. Nous avons remplac\u00e9 le c\u00e2ble Pure argent\u00e9 par un c\u00e2ble Truthear Hexa noir. <strong>Voir les photos*<\/strong><\/p>\n<p><strong>Motif du retour\u00a0: <\/strong>Le c\u00e2ble Truthear Pure \u00e9tait d\u00e9fectueux\u00a0: le connecteur gauche \u00e9tait plus silencieux que le droit. Nous l&#039;avons remplac\u00e9 par un c\u00e2ble Truthear Hexa. L&#039;ancien c\u00e2ble sera \u00e9galement inclus dans le colis.<\/p>\n<p class=\"p1\">Les \u00e9couteurs Truthear Pure 1DD+3BA offrent une exp\u00e9rience d&#039;\u00e9coute \u00e9quilibr\u00e9e et immersive. Dot\u00e9s d&#039;une configuration hybride, ils associent un transducteur dynamique de 10 mm pour des basses puissantes \u00e0 trois transducteurs \u00e0 armature \u00e9quilibr\u00e9e pour des m\u00e9diums clairs et des aigus d\u00e9taill\u00e9s. La cavit\u00e9 en r\u00e9sine imprim\u00e9e en 3D par DLP assure l\u00e9g\u00e8ret\u00e9 et confort, tandis que le c\u00e2ble amovible en cuivre plaqu\u00e9 argent offre durabilit\u00e9 et flexibilit\u00e9. Avec une r\u00e9ponse en fr\u00e9quence de 7 \u00e0 40 kHz et une imp\u00e9dance de 13,8 \u03a9, ces \u00e9couteurs offrent des mesures objectives sup\u00e9rieures et une signature sonore raffin\u00e9e.<\/p>","protected":false},"featured_media":11913,"comment_status":"open","ping_status":"closed","template":"","meta":{"_acf_changed":false,"_mo_disable_npp":"","inline_featured_image":false},"product_brand":[817],"product_cat":[932,889,818,931],"product_tag":[],"class_list":{"0":"post-13034","1":"product","2":"type-product","3":"status-publish","4":"has-post-thumbnail","6":"product_brand-truthear","7":"product_cat-in-ear-monitors","8":"product_cat-open-box-items","9":"product_cat-truthear","10":"product_cat-wired-earbuds","11":"pa_colour-matte-black","13":"first","14":"instock","15":"sale","16":"taxable","17":"shipping-taxable","18":"purchasable","19":"product-type-variable","20":"has-default-attributes"},"bundled_by":[],"bundle_stock_status":"instock","bundle_stock_quantity":null,"bundle_virtual":false,"bundle_layout":"","bundle_add_to_cart_form_location":"","bundle_editable_in_cart":false,"bundle_sold_individually_context":"","bundle_item_grouping":"","bundle_min_size":"","bundle_max_size":"","bundle_price":[],"bundled_items":[],"bundle_sell_ids":[],"acf":[],"ct_brands":[{"id":817,"name":"Oreille de v\u00e9rit\u00e9","slug":"truthear"}],"yoast_head":"<!-- This site is optimized with the Yoast SEO plugin v27.2 - https:\/\/yoast.com\/product\/yoast-seo-wordpress\/ -->\n<title>Truthear Pure Earbuds - Open Box (Hexa Cable*) - Luxe Sound<\/title>\n<meta name=\"description\" content=\"Truthear Pure IEM&#039;s offer a hybrid driver setup, and detachable silver-plated copper cable for a balanced and immersive listening experience.\" \/>\n<meta name=\"robots\" content=\"index, follow, max-snippet:-1, max-image-preview:large, max-video-preview:-1\" \/>\n<link rel=\"canonical\" href=\"https:\/\/luxesound.ca\/fr\/product\/truthear-pure-earbuds-open-box-hexa-cable\/\" \/>\n<meta property=\"og:locale\" content=\"fr_FR\" \/>\n<meta property=\"og:type\" content=\"article\" \/>\n<meta property=\"og:title\" content=\"Truthear Pure Earbuds - Open Box (Hexa Cable*) - Luxe Sound\" \/>\n<meta property=\"og:description\" content=\"Truthear Pure IEM&#039;s offer a hybrid driver setup, and detachable silver-plated copper cable for a balanced and immersive listening experience.\" \/>\n<meta property=\"og:url\" content=\"https:\/\/luxesound.ca\/fr\/product\/truthear-pure-earbuds-open-box-hexa-cable\/\" \/>\n<meta property=\"og:site_name\" content=\"Luxe Sound\" \/>\n<meta property=\"article:publisher\" content=\"https:\/\/www.facebook.com\/luxesound.ca\" \/>\n<meta property=\"article:modified_time\" content=\"2026-04-20T19:12:46+00:00\" \/>\n<meta property=\"og:image\" content=\"https:\/\/luxesound.ca\/wp-content\/uploads\/2025\/09\/Truthear-Pure-Earbuds-IEMS-Black-1.webp\" \/>\n\t<meta property=\"og:image:width\" content=\"1200\" \/>\n\t<meta property=\"og:image:height\" content=\"800\" \/>\n\t<meta property=\"og:image:type\" content=\"image\/webp\" \/>\n<meta name=\"twitter:card\" content=\"summary_large_image\" \/>\n<meta name=\"twitter:label1\" content=\"Est. reading time\" \/>\n\t<meta name=\"twitter:data1\" content=\"1 minute\" \/>\n<script type=\"application\/ld+json\" class=\"yoast-schema-graph\">{\"@context\":\"https:\/\/schema.org\",\"@graph\":[{\"@type\":\"WebPage\",\"@id\":\"https:\/\/luxesound.ca\/product\/truthear-pure-earbuds-open-box-hexa-cable\/\",\"url\":\"https:\/\/luxesound.ca\/product\/truthear-pure-earbuds-open-box-hexa-cable\/\",\"name\":\"Truthear Pure Earbuds - Open Box (Hexa Cable*) - Luxe Sound\",\"isPartOf\":{\"@id\":\"https:\/\/luxesound.ca\/#website\"},\"primaryImageOfPage\":{\"@id\":\"https:\/\/luxesound.ca\/product\/truthear-pure-earbuds-open-box-hexa-cable\/#primaryimage\"},\"image\":{\"@id\":\"https:\/\/luxesound.ca\/product\/truthear-pure-earbuds-open-box-hexa-cable\/#primaryimage\"},\"thumbnailUrl\":\"https:\/\/luxesound.ca\/wp-content\/uploads\/2025\/09\/Truthear-Pure-Earbuds-IEMS-Black-1.webp\",\"datePublished\":\"2026-04-09T15:05:54+00:00\",\"dateModified\":\"2026-04-20T19:12:46+00:00\",\"description\":\"Truthear Pure IEM's offer a hybrid driver setup, and detachable silver-plated copper cable for a balanced and immersive listening experience.\",\"breadcrumb\":{\"@id\":\"https:\/\/luxesound.ca\/product\/truthear-pure-earbuds-open-box-hexa-cable\/#breadcrumb\"},\"inLanguage\":\"fr-qc\",\"potentialAction\":[{\"@type\":\"ReadAction\",\"target\":[\"https:\/\/luxesound.ca\/product\/truthear-pure-earbuds-open-box-hexa-cable\/\"]}]},{\"@type\":\"ImageObject\",\"inLanguage\":\"fr-qc\",\"@id\":\"https:\/\/luxesound.ca\/product\/truthear-pure-earbuds-open-box-hexa-cable\/#primaryimage\",\"url\":\"https:\/\/luxesound.ca\/wp-content\/uploads\/2025\/09\/Truthear-Pure-Earbuds-IEMS-Black-1.webp\",\"contentUrl\":\"https:\/\/luxesound.ca\/wp-content\/uploads\/2025\/09\/Truthear-Pure-Earbuds-IEMS-Black-1.webp\",\"width\":1200,\"height\":800,\"caption\":\"Truthear Pure IEMS Earbuds product photo matte black\"},{\"@type\":\"BreadcrumbList\",\"@id\":\"https:\/\/luxesound.ca\/product\/truthear-pure-earbuds-open-box-hexa-cable\/#breadcrumb\",\"itemListElement\":[{\"@type\":\"ListItem\",\"position\":1,\"name\":\"Home\",\"item\":\"https:\/\/luxesound.ca\/\"},{\"@type\":\"ListItem\",\"position\":2,\"name\":\"Products\",\"item\":\"https:\/\/luxesound.ca\/shop\/\"},{\"@type\":\"ListItem\",\"position\":3,\"name\":\"Truthear Pure Earbuds &#8211; Open Box (Hexa Cable*)\"}]},{\"@type\":\"WebSite\",\"@id\":\"https:\/\/luxesound.ca\/#website\",\"url\":\"https:\/\/luxesound.ca\/\",\"name\":\"Luxe Sound\",\"description\":\"The Finest Headphones &amp; Speakers. Proudly Canadian.\",\"publisher\":{\"@id\":\"https:\/\/luxesound.ca\/#organization\"},\"potentialAction\":[{\"@type\":\"SearchAction\",\"target\":{\"@type\":\"EntryPoint\",\"urlTemplate\":\"https:\/\/luxesound.ca\/?s={search_term_string}\"},\"query-input\":{\"@type\":\"PropertyValueSpecification\",\"valueRequired\":true,\"valueName\":\"search_term_string\"}}],\"inLanguage\":\"fr-qc\"},{\"@type\":\"Organization\",\"@id\":\"https:\/\/luxesound.ca\/#organization\",\"name\":\"Luxe Sound\",\"url\":\"https:\/\/luxesound.ca\/\",\"logo\":{\"@type\":\"ImageObject\",\"inLanguage\":\"fr-qc\",\"@id\":\"https:\/\/luxesound.ca\/#\/schema\/logo\/image\/\",\"url\":\"https:\/\/luxesound.ca\/wp-content\/uploads\/2024\/08\/cropped-Luxe-white-on-green.png\",\"contentUrl\":\"https:\/\/luxesound.ca\/wp-content\/uploads\/2024\/08\/cropped-Luxe-white-on-green.png\",\"width\":512,\"height\":512,\"caption\":\"Luxe Sound\"},\"image\":{\"@id\":\"https:\/\/luxesound.ca\/#\/schema\/logo\/image\/\"},\"sameAs\":[\"https:\/\/www.facebook.com\/luxesound.ca\",\"https:\/\/www.instagram.com\/luxe.sound\/\"]}]}<\/script>\n<!-- \/ Yoast SEO plugin. -->","yoast_head_json":{"title":"Truthear Pure Earbuds - Open Box (Hexa Cable*) - Luxe Sound","description":"Truthear Pure IEM's offer a hybrid driver setup, and detachable silver-plated copper cable for a balanced and immersive listening experience.","robots":{"index":"index","follow":"follow","max-snippet":"max-snippet:-1","max-image-preview":"max-image-preview:large","max-video-preview":"max-video-preview:-1"},"canonical":"https:\/\/luxesound.ca\/fr\/product\/truthear-pure-earbuds-open-box-hexa-cable\/","og_locale":"fr_FR","og_type":"article","og_title":"Truthear Pure Earbuds - Open Box (Hexa Cable*) - Luxe Sound","og_description":"Truthear Pure IEM's offer a hybrid driver setup, and detachable silver-plated copper cable for a balanced and immersive listening experience.","og_url":"https:\/\/luxesound.ca\/fr\/product\/truthear-pure-earbuds-open-box-hexa-cable\/","og_site_name":"Luxe Sound","article_publisher":"https:\/\/www.facebook.com\/luxesound.ca","article_modified_time":"2026-04-20T19:12:46+00:00","og_image":[{"width":1200,"height":800,"url":"https:\/\/luxesound.ca\/wp-content\/uploads\/2025\/09\/Truthear-Pure-Earbuds-IEMS-Black-1.webp","type":"image\/webp"}],"twitter_card":"summary_large_image","twitter_misc":{"Est. reading time":"1 minute"},"schema":{"@context":"https:\/\/schema.org","@graph":[{"@type":"WebPage","@id":"https:\/\/luxesound.ca\/product\/truthear-pure-earbuds-open-box-hexa-cable\/","url":"https:\/\/luxesound.ca\/product\/truthear-pure-earbuds-open-box-hexa-cable\/","name":"Truthear Pure Earbuds - Open Box (Hexa Cable*) - Luxe Sound","isPartOf":{"@id":"https:\/\/luxesound.ca\/#website"},"primaryImageOfPage":{"@id":"https:\/\/luxesound.ca\/product\/truthear-pure-earbuds-open-box-hexa-cable\/#primaryimage"},"image":{"@id":"https:\/\/luxesound.ca\/product\/truthear-pure-earbuds-open-box-hexa-cable\/#primaryimage"},"thumbnailUrl":"https:\/\/luxesound.ca\/wp-content\/uploads\/2025\/09\/Truthear-Pure-Earbuds-IEMS-Black-1.webp","datePublished":"2026-04-09T15:05:54+00:00","dateModified":"2026-04-20T19:12:46+00:00","description":"Truthear Pure IEM's offer a hybrid driver setup, and detachable silver-plated copper cable for a balanced and immersive listening experience.","breadcrumb":{"@id":"https:\/\/luxesound.ca\/product\/truthear-pure-earbuds-open-box-hexa-cable\/#breadcrumb"},"inLanguage":"fr-qc","potentialAction":[{"@type":"ReadAction","target":["https:\/\/luxesound.ca\/product\/truthear-pure-earbuds-open-box-hexa-cable\/"]}]},{"@type":"ImageObject","inLanguage":"fr-qc","@id":"https:\/\/luxesound.ca\/product\/truthear-pure-earbuds-open-box-hexa-cable\/#primaryimage","url":"https:\/\/luxesound.ca\/wp-content\/uploads\/2025\/09\/Truthear-Pure-Earbuds-IEMS-Black-1.webp","contentUrl":"https:\/\/luxesound.ca\/wp-content\/uploads\/2025\/09\/Truthear-Pure-Earbuds-IEMS-Black-1.webp","width":1200,"height":800,"caption":"Truthear Pure IEMS Earbuds product photo matte black"},{"@type":"BreadcrumbList","@id":"https:\/\/luxesound.ca\/product\/truthear-pure-earbuds-open-box-hexa-cable\/#breadcrumb","itemListElement":[{"@type":"ListItem","position":1,"name":"Home","item":"https:\/\/luxesound.ca\/"},{"@type":"ListItem","position":2,"name":"Products","item":"https:\/\/luxesound.ca\/shop\/"},{"@type":"ListItem","position":3,"name":"Truthear Pure Earbuds &#8211; Open Box (Hexa Cable*)"}]},{"@type":"WebSite","@id":"https:\/\/luxesound.ca\/#website","url":"https:\/\/luxesound.ca\/","name":"Son luxueux","description":"Les meilleurs \u00e9couteurs et haut-parleurs. Fi\u00e8rement canadiens.","publisher":{"@id":"https:\/\/luxesound.ca\/#organization"},"potentialAction":[{"@type":"SearchAction","target":{"@type":"EntryPoint","urlTemplate":"https:\/\/luxesound.ca\/?s={search_term_string}"},"query-input":{"@type":"PropertyValueSpecification","valueRequired":true,"valueName":"search_term_string"}}],"inLanguage":"fr-qc"},{"@type":"Organization","@id":"https:\/\/luxesound.ca\/#organization","name":"Son luxueux","url":"https:\/\/luxesound.ca\/","logo":{"@type":"ImageObject","inLanguage":"fr-qc","@id":"https:\/\/luxesound.ca\/#\/schema\/logo\/image\/","url":"https:\/\/luxesound.ca\/wp-content\/uploads\/2024\/08\/cropped-Luxe-white-on-green.png","contentUrl":"https:\/\/luxesound.ca\/wp-content\/uploads\/2024\/08\/cropped-Luxe-white-on-green.png","width":512,"height":512,"caption":"Luxe Sound"},"image":{"@id":"https:\/\/luxesound.ca\/#\/schema\/logo\/image\/"},"sameAs":["https:\/\/www.facebook.com\/luxesound.ca","https:\/\/www.instagram.com\/luxe.sound\/"]}]}},"_links":{"self":[{"href":"https:\/\/luxesound.ca\/fr\/wp-json\/wp\/v2\/product\/13034","targetHints":{"allow":["GET"]}}],"collection":[{"href":"https:\/\/luxesound.ca\/fr\/wp-json\/wp\/v2\/product"}],"about":[{"href":"https:\/\/luxesound.ca\/fr\/wp-json\/wp\/v2\/types\/product"}],"replies":[{"embeddable":true,"href":"https:\/\/luxesound.ca\/fr\/wp-json\/wp\/v2\/comments?post=13034"}],"version-history":[{"count":3,"href":"https:\/\/luxesound.ca\/fr\/wp-json\/wp\/v2\/product\/13034\/revisions"}],"predecessor-version":[{"id":13041,"href":"https:\/\/luxesound.ca\/fr\/wp-json\/wp\/v2\/product\/13034\/revisions\/13041"}],"wp:featuredmedia":[{"embeddable":true,"href":"https:\/\/luxesound.ca\/fr\/wp-json\/wp\/v2\/media\/11913"}],"wp:attachment":[{"href":"https:\/\/luxesound.ca\/fr\/wp-json\/wp\/v2\/media?parent=13034"}],"wp:term":[{"taxonomy":"product_brand","embeddable":true,"href":"https:\/\/luxesound.ca\/fr\/wp-json\/wp\/v2\/product_brand?post=13034"},{"taxonomy":"product_cat","embeddable":true,"href":"https:\/\/luxesound.ca\/fr\/wp-json\/wp\/v2\/product_cat?post=13034"},{"taxonomy":"product_tag","embeddable":true,"href":"https:\/\/luxesound.ca\/fr\/wp-json\/wp\/v2\/product_tag?post=13034"}],"curies":[{"name":"wp","href":"https:\/\/api.w.org\/{rel}","templated":true}]}}