{"id":13024,"date":"2026-04-06T14:50:44","date_gmt":"2026-04-06T18:50:44","guid":{"rendered":"https:\/\/luxesound.ca\/?post_type=product&#038;p=13024"},"modified":"2026-04-06T15:35:48","modified_gmt":"2026-04-06T19:35:48","slug":"moondrop-dawn-pro-2-usb-dac-amp-open-box","status":"publish","type":"product","link":"https:\/\/luxesound.ca\/fr\/product\/moondrop-dawn-pro-2-usb-dac-amp-open-box\/","title":{"rendered":"Moondrop Dawn Pro 2 DAC\/ampli USB \u2013 Produit d\u00e9ball\u00e9"},"content":{"rendered":"<p><strong>Condition: <\/strong>Comme neuf<\/p>\n<p><strong>Reason for return: <\/strong>Did not work for customers needs.<\/p>\n<p class=\"p1\">Le Moondrop Dawn Pro 2 est un DAC\/ampli USB portable offrant un son haute r\u00e9solution et net, m\u00eame en d\u00e9placement. Dot\u00e9 de deux puces DAC CS43198, il prend en charge la lecture PCM 32 bits\/384 kHz et DSD256, offrant une distorsion ultra-faible et une large plage dynamique. Avec ses sorties asym\u00e9triques et sym\u00e9triques, son design \u00e9l\u00e9gant en aluminium et son contr\u00f4le pr\u00e9cis du volume, il est id\u00e9al pour les \u00e9couteurs intra-auriculaires et les casques haute imp\u00e9dance.<\/p>","protected":false},"excerpt":{"rendered":"<p><strong>Condition: Like New<\/strong><\/p>\n<p><strong>Reason for return: <\/strong>Did not work for customers needs.<\/p>\n<p class=\"p1\">Le Moondrop Dawn Pro 2 est un DAC\/ampli USB portable offrant un son haute r\u00e9solution et net, m\u00eame en d\u00e9placement. Dot\u00e9 de deux puces DAC CS43198, il prend en charge la lecture PCM 32 bits\/384 kHz et DSD256, offrant une distorsion ultra-faible et une large plage dynamique. Avec ses sorties asym\u00e9triques et sym\u00e9triques, son design \u00e9l\u00e9gant en aluminium et son contr\u00f4le pr\u00e9cis du volume, il est id\u00e9al pour les \u00e9couteurs intra-auriculaires et les casques haute imp\u00e9dance.<\/p>","protected":false},"featured_media":11902,"comment_status":"open","ping_status":"closed","template":"","meta":{"_acf_changed":false,"_mo_disable_npp":"","inline_featured_image":false},"product_brand":[753],"product_cat":[36,894,732,899,889,741],"product_tag":[],"class_list":{"0":"post-13024","1":"product","2":"type-product","3":"status-publish","4":"has-post-thumbnail","6":"product_brand-moondrop","7":"product_cat-accessories","8":"product_cat-amps-dacs","9":"product_cat-moondrop","10":"product_cat-moondrop-accessories","11":"product_cat-open-box-items","12":"product_cat-other-accessories","13":"pa_colour-silver","15":"first","16":"instock","17":"sale","18":"taxable","19":"shipping-taxable","20":"purchasable","21":"product-type-variable","22":"has-default-attributes"},"bundled_by":[],"bundle_stock_status":"instock","bundle_stock_quantity":null,"bundle_virtual":false,"bundle_layout":"","bundle_add_to_cart_form_location":"","bundle_editable_in_cart":false,"bundle_sold_individually_context":"","bundle_item_grouping":"","bundle_min_size":"","bundle_max_size":"","bundle_price":[],"bundled_items":[],"bundle_sell_ids":[],"ct_brands":[{"id":753,"name":"Goutte de lune","slug":"moondrop"}],"acf":[],"yoast_head":"<!-- This site is optimized with the Yoast SEO plugin v27.2 - https:\/\/yoast.com\/product\/yoast-seo-wordpress\/ -->\n<title>Moondrop Dawn Pro 2 USB DAC\/AMP - Open Box - Luxe Sound<\/title>\n<meta name=\"description\" content=\"Moondrop Dawn Pro 2 portable DAC\/AMP delivers high-resolution audio, ultra-low distortion, and balanced or single-ended outputs. Free Shipping!\" \/>\n<meta name=\"robots\" content=\"index, follow, max-snippet:-1, max-image-preview:large, max-video-preview:-1\" \/>\n<link rel=\"canonical\" href=\"https:\/\/luxesound.ca\/fr\/product\/moondrop-dawn-pro-2-usb-dac-amp-open-box\/\" \/>\n<meta property=\"og:locale\" content=\"fr_FR\" \/>\n<meta property=\"og:type\" content=\"article\" \/>\n<meta property=\"og:title\" content=\"Moondrop Dawn Pro 2 USB DAC\/AMP - Open Box - Luxe Sound\" \/>\n<meta property=\"og:description\" content=\"Moondrop Dawn Pro 2 portable DAC\/AMP delivers high-resolution audio, ultra-low distortion, and balanced or single-ended outputs. Free Shipping!\" \/>\n<meta property=\"og:url\" content=\"https:\/\/luxesound.ca\/fr\/product\/moondrop-dawn-pro-2-usb-dac-amp-open-box\/\" \/>\n<meta property=\"og:site_name\" content=\"Luxe Sound\" \/>\n<meta property=\"article:publisher\" content=\"https:\/\/www.facebook.com\/luxesound.ca\" \/>\n<meta property=\"article:modified_time\" content=\"2026-04-06T19:35:48+00:00\" \/>\n<meta property=\"og:image\" content=\"https:\/\/luxesound.ca\/wp-content\/uploads\/2025\/09\/Moondrop-Dawn-Pro-2-1.webp\" \/>\n\t<meta property=\"og:image:width\" content=\"1200\" \/>\n\t<meta property=\"og:image:height\" content=\"800\" \/>\n\t<meta property=\"og:image:type\" content=\"image\/webp\" \/>\n<meta name=\"twitter:card\" content=\"summary_large_image\" \/>\n<meta name=\"twitter:label1\" content=\"Est. reading time\" \/>\n\t<meta name=\"twitter:data1\" content=\"1 minute\" \/>\n<script type=\"application\/ld+json\" class=\"yoast-schema-graph\">{\"@context\":\"https:\/\/schema.org\",\"@graph\":[{\"@type\":\"WebPage\",\"@id\":\"https:\/\/luxesound.ca\/product\/moondrop-dawn-pro-2-usb-dac-amp-open-box\/\",\"url\":\"https:\/\/luxesound.ca\/product\/moondrop-dawn-pro-2-usb-dac-amp-open-box\/\",\"name\":\"Moondrop Dawn Pro 2 USB DAC\/AMP - Open Box - Luxe Sound\",\"isPartOf\":{\"@id\":\"https:\/\/luxesound.ca\/#website\"},\"primaryImageOfPage\":{\"@id\":\"https:\/\/luxesound.ca\/product\/moondrop-dawn-pro-2-usb-dac-amp-open-box\/#primaryimage\"},\"image\":{\"@id\":\"https:\/\/luxesound.ca\/product\/moondrop-dawn-pro-2-usb-dac-amp-open-box\/#primaryimage\"},\"thumbnailUrl\":\"https:\/\/luxesound.ca\/wp-content\/uploads\/2025\/09\/Moondrop-Dawn-Pro-2-1.webp\",\"datePublished\":\"2026-04-06T18:50:44+00:00\",\"dateModified\":\"2026-04-06T19:35:48+00:00\",\"description\":\"Moondrop Dawn Pro 2 portable DAC\/AMP delivers high-resolution audio, ultra-low distortion, and balanced or single-ended outputs. Free Shipping!\",\"breadcrumb\":{\"@id\":\"https:\/\/luxesound.ca\/product\/moondrop-dawn-pro-2-usb-dac-amp-open-box\/#breadcrumb\"},\"inLanguage\":\"fr-qc\",\"potentialAction\":[{\"@type\":\"ReadAction\",\"target\":[\"https:\/\/luxesound.ca\/product\/moondrop-dawn-pro-2-usb-dac-amp-open-box\/\"]}]},{\"@type\":\"ImageObject\",\"inLanguage\":\"fr-qc\",\"@id\":\"https:\/\/luxesound.ca\/product\/moondrop-dawn-pro-2-usb-dac-amp-open-box\/#primaryimage\",\"url\":\"https:\/\/luxesound.ca\/wp-content\/uploads\/2025\/09\/Moondrop-Dawn-Pro-2-1.webp\",\"contentUrl\":\"https:\/\/luxesound.ca\/wp-content\/uploads\/2025\/09\/Moondrop-Dawn-Pro-2-1.webp\",\"width\":1200,\"height\":800,\"caption\":\"Moondrop Dawn Pro 2 USB DAC\/AMP Product Photo\"},{\"@type\":\"BreadcrumbList\",\"@id\":\"https:\/\/luxesound.ca\/product\/moondrop-dawn-pro-2-usb-dac-amp-open-box\/#breadcrumb\",\"itemListElement\":[{\"@type\":\"ListItem\",\"position\":1,\"name\":\"Home\",\"item\":\"https:\/\/luxesound.ca\/\"},{\"@type\":\"ListItem\",\"position\":2,\"name\":\"Products\",\"item\":\"https:\/\/luxesound.ca\/shop\/\"},{\"@type\":\"ListItem\",\"position\":3,\"name\":\"Moondrop Dawn Pro 2 USB DAC\/AMP &#8211; Open Box\"}]},{\"@type\":\"WebSite\",\"@id\":\"https:\/\/luxesound.ca\/#website\",\"url\":\"https:\/\/luxesound.ca\/\",\"name\":\"Luxe Sound\",\"description\":\"The Finest Headphones &amp; Speakers. Proudly Canadian.\",\"publisher\":{\"@id\":\"https:\/\/luxesound.ca\/#organization\"},\"potentialAction\":[{\"@type\":\"SearchAction\",\"target\":{\"@type\":\"EntryPoint\",\"urlTemplate\":\"https:\/\/luxesound.ca\/?s={search_term_string}\"},\"query-input\":{\"@type\":\"PropertyValueSpecification\",\"valueRequired\":true,\"valueName\":\"search_term_string\"}}],\"inLanguage\":\"fr-qc\"},{\"@type\":\"Organization\",\"@id\":\"https:\/\/luxesound.ca\/#organization\",\"name\":\"Luxe Sound\",\"url\":\"https:\/\/luxesound.ca\/\",\"logo\":{\"@type\":\"ImageObject\",\"inLanguage\":\"fr-qc\",\"@id\":\"https:\/\/luxesound.ca\/#\/schema\/logo\/image\/\",\"url\":\"https:\/\/luxesound.ca\/wp-content\/uploads\/2024\/08\/cropped-Luxe-white-on-green.png\",\"contentUrl\":\"https:\/\/luxesound.ca\/wp-content\/uploads\/2024\/08\/cropped-Luxe-white-on-green.png\",\"width\":512,\"height\":512,\"caption\":\"Luxe Sound\"},\"image\":{\"@id\":\"https:\/\/luxesound.ca\/#\/schema\/logo\/image\/\"},\"sameAs\":[\"https:\/\/www.facebook.com\/luxesound.ca\",\"https:\/\/www.instagram.com\/luxe.sound\/\"]}]}<\/script>\n<!-- \/ Yoast SEO plugin. -->","yoast_head_json":{"title":"Moondrop Dawn Pro 2 USB DAC\/AMP - Open Box - Luxe Sound","description":"Moondrop Dawn Pro 2 portable DAC\/AMP delivers high-resolution audio, ultra-low distortion, and balanced or single-ended outputs. Free Shipping!","robots":{"index":"index","follow":"follow","max-snippet":"max-snippet:-1","max-image-preview":"max-image-preview:large","max-video-preview":"max-video-preview:-1"},"canonical":"https:\/\/luxesound.ca\/fr\/product\/moondrop-dawn-pro-2-usb-dac-amp-open-box\/","og_locale":"fr_FR","og_type":"article","og_title":"Moondrop Dawn Pro 2 USB DAC\/AMP - Open Box - Luxe Sound","og_description":"Moondrop Dawn Pro 2 portable DAC\/AMP delivers high-resolution audio, ultra-low distortion, and balanced or single-ended outputs. Free Shipping!","og_url":"https:\/\/luxesound.ca\/fr\/product\/moondrop-dawn-pro-2-usb-dac-amp-open-box\/","og_site_name":"Luxe Sound","article_publisher":"https:\/\/www.facebook.com\/luxesound.ca","article_modified_time":"2026-04-06T19:35:48+00:00","og_image":[{"width":1200,"height":800,"url":"https:\/\/luxesound.ca\/wp-content\/uploads\/2025\/09\/Moondrop-Dawn-Pro-2-1.webp","type":"image\/webp"}],"twitter_card":"summary_large_image","twitter_misc":{"Est. reading time":"1 minute"},"schema":{"@context":"https:\/\/schema.org","@graph":[{"@type":"WebPage","@id":"https:\/\/luxesound.ca\/product\/moondrop-dawn-pro-2-usb-dac-amp-open-box\/","url":"https:\/\/luxesound.ca\/product\/moondrop-dawn-pro-2-usb-dac-amp-open-box\/","name":"Moondrop Dawn Pro 2 USB DAC\/AMP - Open Box - Luxe Sound","isPartOf":{"@id":"https:\/\/luxesound.ca\/#website"},"primaryImageOfPage":{"@id":"https:\/\/luxesound.ca\/product\/moondrop-dawn-pro-2-usb-dac-amp-open-box\/#primaryimage"},"image":{"@id":"https:\/\/luxesound.ca\/product\/moondrop-dawn-pro-2-usb-dac-amp-open-box\/#primaryimage"},"thumbnailUrl":"https:\/\/luxesound.ca\/wp-content\/uploads\/2025\/09\/Moondrop-Dawn-Pro-2-1.webp","datePublished":"2026-04-06T18:50:44+00:00","dateModified":"2026-04-06T19:35:48+00:00","description":"Moondrop Dawn Pro 2 portable DAC\/AMP delivers high-resolution audio, ultra-low distortion, and balanced or single-ended outputs. Free Shipping!","breadcrumb":{"@id":"https:\/\/luxesound.ca\/product\/moondrop-dawn-pro-2-usb-dac-amp-open-box\/#breadcrumb"},"inLanguage":"fr-qc","potentialAction":[{"@type":"ReadAction","target":["https:\/\/luxesound.ca\/product\/moondrop-dawn-pro-2-usb-dac-amp-open-box\/"]}]},{"@type":"ImageObject","inLanguage":"fr-qc","@id":"https:\/\/luxesound.ca\/product\/moondrop-dawn-pro-2-usb-dac-amp-open-box\/#primaryimage","url":"https:\/\/luxesound.ca\/wp-content\/uploads\/2025\/09\/Moondrop-Dawn-Pro-2-1.webp","contentUrl":"https:\/\/luxesound.ca\/wp-content\/uploads\/2025\/09\/Moondrop-Dawn-Pro-2-1.webp","width":1200,"height":800,"caption":"Moondrop Dawn Pro 2 USB DAC\/AMP Product Photo"},{"@type":"BreadcrumbList","@id":"https:\/\/luxesound.ca\/product\/moondrop-dawn-pro-2-usb-dac-amp-open-box\/#breadcrumb","itemListElement":[{"@type":"ListItem","position":1,"name":"Home","item":"https:\/\/luxesound.ca\/"},{"@type":"ListItem","position":2,"name":"Products","item":"https:\/\/luxesound.ca\/shop\/"},{"@type":"ListItem","position":3,"name":"Moondrop Dawn Pro 2 USB DAC\/AMP &#8211; Open Box"}]},{"@type":"WebSite","@id":"https:\/\/luxesound.ca\/#website","url":"https:\/\/luxesound.ca\/","name":"Son luxueux","description":"Les meilleurs \u00e9couteurs et haut-parleurs. Fi\u00e8rement canadiens.","publisher":{"@id":"https:\/\/luxesound.ca\/#organization"},"potentialAction":[{"@type":"SearchAction","target":{"@type":"EntryPoint","urlTemplate":"https:\/\/luxesound.ca\/?s={search_term_string}"},"query-input":{"@type":"PropertyValueSpecification","valueRequired":true,"valueName":"search_term_string"}}],"inLanguage":"fr-qc"},{"@type":"Organization","@id":"https:\/\/luxesound.ca\/#organization","name":"Son luxueux","url":"https:\/\/luxesound.ca\/","logo":{"@type":"ImageObject","inLanguage":"fr-qc","@id":"https:\/\/luxesound.ca\/#\/schema\/logo\/image\/","url":"https:\/\/luxesound.ca\/wp-content\/uploads\/2024\/08\/cropped-Luxe-white-on-green.png","contentUrl":"https:\/\/luxesound.ca\/wp-content\/uploads\/2024\/08\/cropped-Luxe-white-on-green.png","width":512,"height":512,"caption":"Luxe Sound"},"image":{"@id":"https:\/\/luxesound.ca\/#\/schema\/logo\/image\/"},"sameAs":["https:\/\/www.facebook.com\/luxesound.ca","https:\/\/www.instagram.com\/luxe.sound\/"]}]}},"_links":{"self":[{"href":"https:\/\/luxesound.ca\/fr\/wp-json\/wp\/v2\/product\/13024","targetHints":{"allow":["GET"]}}],"collection":[{"href":"https:\/\/luxesound.ca\/fr\/wp-json\/wp\/v2\/product"}],"about":[{"href":"https:\/\/luxesound.ca\/fr\/wp-json\/wp\/v2\/types\/product"}],"replies":[{"embeddable":true,"href":"https:\/\/luxesound.ca\/fr\/wp-json\/wp\/v2\/comments?post=13024"}],"version-history":[{"count":3,"href":"https:\/\/luxesound.ca\/fr\/wp-json\/wp\/v2\/product\/13024\/revisions"}],"predecessor-version":[{"id":13030,"href":"https:\/\/luxesound.ca\/fr\/wp-json\/wp\/v2\/product\/13024\/revisions\/13030"}],"wp:featuredmedia":[{"embeddable":true,"href":"https:\/\/luxesound.ca\/fr\/wp-json\/wp\/v2\/media\/11902"}],"wp:attachment":[{"href":"https:\/\/luxesound.ca\/fr\/wp-json\/wp\/v2\/media?parent=13024"}],"wp:term":[{"taxonomy":"product_brand","embeddable":true,"href":"https:\/\/luxesound.ca\/fr\/wp-json\/wp\/v2\/product_brand?post=13024"},{"taxonomy":"product_cat","embeddable":true,"href":"https:\/\/luxesound.ca\/fr\/wp-json\/wp\/v2\/product_cat?post=13024"},{"taxonomy":"product_tag","embeddable":true,"href":"https:\/\/luxesound.ca\/fr\/wp-json\/wp\/v2\/product_tag?post=13024"}],"curies":[{"name":"wp","href":"https:\/\/api.w.org\/{rel}","templated":true}]}}