{"id":12769,"date":"2026-01-27T16:33:32","date_gmt":"2026-01-27T21:33:32","guid":{"rendered":"https:\/\/luxesound.ca\/?post_type=product&#038;p=12769"},"modified":"2026-04-20T15:12:46","modified_gmt":"2026-04-20T19:12:46","slug":"ziigaat-x-hangout-audio-odyssey-2","status":"publish","type":"product","link":"https:\/\/luxesound.ca\/fr\/product\/ziigaat-x-hangout-audio-odyssey-2\/","title":{"rendered":"ZiiGaat x Hangout.Audio\u00a0: \u00c9couteurs intra-auriculaires Odyssey 2 \u2013 1 transducteur dynamique + 3 transducteurs \u00e0 armature \u00e9quilibr\u00e9e"},"content":{"rendered":"<p class=\"p1\">Le <span class=\"s1\">ZiiGaat x Hangout.Audio : Odyss\u00e9e 2<\/span> L&#039;Odyssey 2 offre des performances hybrides exceptionnelles, un son clair et \u00e9quilibr\u00e9, et une richesse de d\u00e9tails immersive. Dot\u00e9 d&#039;un transducteur dynamique en bio-cellulose associ\u00e9 \u00e0 trois transducteurs \u00e0 armature \u00e9quilibr\u00e9e Knowles, il d\u00e9livre des basses percutantes et ma\u00eetris\u00e9es, des m\u00e9diums naturels et des aigus cristallins et \u00e9tendus. Log\u00e9 dans un bo\u00eetier en aluminium usin\u00e9 CNC, l&#039;Odyssey 2 allie robustesse, confort et une qualit\u00e9 sonore professionnelle pour une \u00e9coute exigeante \u00e0 la maison comme en d\u00e9placement.<\/p>","protected":false},"excerpt":{"rendered":"<p>Le <span class=\"s1\">ZiiGaat x Hangout.Audio : Odyss\u00e9e 2<\/span> L&#039;Odyssey 2 offre des performances hybrides exceptionnelles, un son clair et \u00e9quilibr\u00e9, et une richesse de d\u00e9tails immersive. Dot\u00e9 d&#039;un transducteur dynamique en bio-cellulose associ\u00e9 \u00e0 trois transducteurs \u00e0 armature \u00e9quilibr\u00e9e Knowles, il d\u00e9livre des basses percutantes et ma\u00eetris\u00e9es, des m\u00e9diums naturels et des aigus cristallins et \u00e9tendus. Log\u00e9 dans un bo\u00eetier en aluminium usin\u00e9 CNC, l&#039;Odyssey 2 allie robustesse, confort et une qualit\u00e9 sonore professionnelle pour une \u00e9coute exigeante \u00e0 la maison comme en d\u00e9placement.<\/p>","protected":false},"featured_media":12771,"comment_status":"open","ping_status":"closed","template":"","meta":{"_acf_changed":false,"_mo_disable_npp":"","inline_featured_image":false},"product_brand":[914],"product_cat":[892,145,932,820,931,918],"product_tag":[],"class_list":{"0":"post-12769","1":"product","2":"type-product","3":"status-publish","4":"has-post-thumbnail","6":"product_brand-ziigaat","7":"product_cat-chifi","8":"product_cat-earbuds","9":"product_cat-in-ear-monitors","10":"product_cat-new-arrivals-category","11":"product_cat-wired-earbuds","12":"product_cat-ziigaat","13":"pa_colour-black","15":"first","16":"instock","17":"taxable","18":"shipping-taxable","19":"purchasable","20":"product-type-variable","21":"has-default-attributes"},"bundled_by":[],"bundle_stock_status":"instock","bundle_stock_quantity":null,"bundle_virtual":false,"bundle_layout":"","bundle_add_to_cart_form_location":"","bundle_editable_in_cart":false,"bundle_sold_individually_context":"","bundle_item_grouping":"","bundle_min_size":"","bundle_max_size":"","bundle_price":[],"bundled_items":[],"bundle_sell_ids":[],"acf":[],"ct_brands":[{"id":914,"name":"ZiiGaat","slug":"ziigaat"}],"yoast_head":"<!-- This site is optimized with the Yoast SEO plugin v27.2 - https:\/\/yoast.com\/product\/yoast-seo-wordpress\/ -->\n<title>ZiiGaat x Hangout.Audio: Odyssey 2 Earbuds - 1DD+3BA IEM - Luxe Sound<\/title>\n<meta name=\"description\" content=\"ZiiGaat x Hangout.Audio Odyssey 2 hybrid IEMs deliver balanced sound with punchy bass, clear mids, and sparkly highs in a premium aluminum shell.\" \/>\n<meta name=\"robots\" content=\"index, follow, max-snippet:-1, max-image-preview:large, max-video-preview:-1\" \/>\n<link rel=\"canonical\" href=\"https:\/\/luxesound.ca\/fr\/product\/ziigaat-x-hangout-audio-odyssey-2\/\" \/>\n<meta property=\"og:locale\" content=\"fr_FR\" \/>\n<meta property=\"og:type\" content=\"article\" \/>\n<meta property=\"og:title\" content=\"ZiiGaat x Hangout.Audio: Odyssey 2 Earbuds - 1DD+3BA IEM - Luxe Sound\" \/>\n<meta property=\"og:description\" content=\"ZiiGaat x Hangout.Audio Odyssey 2 hybrid IEMs deliver balanced sound with punchy bass, clear mids, and sparkly highs in a premium aluminum shell.\" \/>\n<meta property=\"og:url\" content=\"https:\/\/luxesound.ca\/fr\/product\/ziigaat-x-hangout-audio-odyssey-2\/\" \/>\n<meta property=\"og:site_name\" content=\"Luxe Sound\" \/>\n<meta property=\"article:publisher\" content=\"https:\/\/www.facebook.com\/luxesound.ca\" \/>\n<meta property=\"article:modified_time\" content=\"2026-04-20T19:12:46+00:00\" \/>\n<meta property=\"og:image\" content=\"https:\/\/luxesound.ca\/wp-content\/uploads\/2026\/01\/ZiiGaat-x-Hangout.Audio-Odyssey-2-Earbuds-1.webp\" \/>\n\t<meta property=\"og:image:width\" content=\"1200\" \/>\n\t<meta property=\"og:image:height\" content=\"800\" \/>\n\t<meta property=\"og:image:type\" content=\"image\/webp\" \/>\n<meta name=\"twitter:card\" content=\"summary_large_image\" \/>\n<meta name=\"twitter:label1\" content=\"Est. reading time\" \/>\n\t<meta name=\"twitter:data1\" content=\"1 minute\" \/>\n<script type=\"application\/ld+json\" class=\"yoast-schema-graph\">{\"@context\":\"https:\/\/schema.org\",\"@graph\":[{\"@type\":\"WebPage\",\"@id\":\"https:\/\/luxesound.ca\/product\/ziigaat-x-hangout-audio-odyssey-2\/\",\"url\":\"https:\/\/luxesound.ca\/product\/ziigaat-x-hangout-audio-odyssey-2\/\",\"name\":\"ZiiGaat x Hangout.Audio: Odyssey 2 Earbuds - 1DD+3BA IEM - Luxe Sound\",\"isPartOf\":{\"@id\":\"https:\/\/luxesound.ca\/#website\"},\"primaryImageOfPage\":{\"@id\":\"https:\/\/luxesound.ca\/product\/ziigaat-x-hangout-audio-odyssey-2\/#primaryimage\"},\"image\":{\"@id\":\"https:\/\/luxesound.ca\/product\/ziigaat-x-hangout-audio-odyssey-2\/#primaryimage\"},\"thumbnailUrl\":\"https:\/\/luxesound.ca\/wp-content\/uploads\/2026\/01\/ZiiGaat-x-Hangout.Audio-Odyssey-2-Earbuds-1.webp\",\"datePublished\":\"2026-01-27T21:33:32+00:00\",\"dateModified\":\"2026-04-20T19:12:46+00:00\",\"description\":\"ZiiGaat x Hangout.Audio Odyssey 2 hybrid IEMs deliver balanced sound with punchy bass, clear mids, and sparkly highs in a premium aluminum shell.\",\"breadcrumb\":{\"@id\":\"https:\/\/luxesound.ca\/product\/ziigaat-x-hangout-audio-odyssey-2\/#breadcrumb\"},\"inLanguage\":\"fr-qc\",\"potentialAction\":[{\"@type\":\"ReadAction\",\"target\":[\"https:\/\/luxesound.ca\/product\/ziigaat-x-hangout-audio-odyssey-2\/\"]}]},{\"@type\":\"ImageObject\",\"inLanguage\":\"fr-qc\",\"@id\":\"https:\/\/luxesound.ca\/product\/ziigaat-x-hangout-audio-odyssey-2\/#primaryimage\",\"url\":\"https:\/\/luxesound.ca\/wp-content\/uploads\/2026\/01\/ZiiGaat-x-Hangout.Audio-Odyssey-2-Earbuds-1.webp\",\"contentUrl\":\"https:\/\/luxesound.ca\/wp-content\/uploads\/2026\/01\/ZiiGaat-x-Hangout.Audio-Odyssey-2-Earbuds-1.webp\",\"width\":1200,\"height\":800,\"caption\":\"ZiiGaat x Hangout.Audio- Odyssey 2 Earbuds IEMs Product Photo\"},{\"@type\":\"BreadcrumbList\",\"@id\":\"https:\/\/luxesound.ca\/product\/ziigaat-x-hangout-audio-odyssey-2\/#breadcrumb\",\"itemListElement\":[{\"@type\":\"ListItem\",\"position\":1,\"name\":\"Home\",\"item\":\"https:\/\/luxesound.ca\/\"},{\"@type\":\"ListItem\",\"position\":2,\"name\":\"Products\",\"item\":\"https:\/\/luxesound.ca\/shop\/\"},{\"@type\":\"ListItem\",\"position\":3,\"name\":\"ZiiGaat x Hangout.Audio: Odyssey 2 Earbuds &#8211; 1DD+3BA IEM\"}]},{\"@type\":\"WebSite\",\"@id\":\"https:\/\/luxesound.ca\/#website\",\"url\":\"https:\/\/luxesound.ca\/\",\"name\":\"Luxe Sound\",\"description\":\"The Finest Headphones &amp; Speakers. Proudly Canadian.\",\"publisher\":{\"@id\":\"https:\/\/luxesound.ca\/#organization\"},\"potentialAction\":[{\"@type\":\"SearchAction\",\"target\":{\"@type\":\"EntryPoint\",\"urlTemplate\":\"https:\/\/luxesound.ca\/?s={search_term_string}\"},\"query-input\":{\"@type\":\"PropertyValueSpecification\",\"valueRequired\":true,\"valueName\":\"search_term_string\"}}],\"inLanguage\":\"fr-qc\"},{\"@type\":\"Organization\",\"@id\":\"https:\/\/luxesound.ca\/#organization\",\"name\":\"Luxe Sound\",\"url\":\"https:\/\/luxesound.ca\/\",\"logo\":{\"@type\":\"ImageObject\",\"inLanguage\":\"fr-qc\",\"@id\":\"https:\/\/luxesound.ca\/#\/schema\/logo\/image\/\",\"url\":\"https:\/\/luxesound.ca\/wp-content\/uploads\/2024\/08\/cropped-Luxe-white-on-green.png\",\"contentUrl\":\"https:\/\/luxesound.ca\/wp-content\/uploads\/2024\/08\/cropped-Luxe-white-on-green.png\",\"width\":512,\"height\":512,\"caption\":\"Luxe Sound\"},\"image\":{\"@id\":\"https:\/\/luxesound.ca\/#\/schema\/logo\/image\/\"},\"sameAs\":[\"https:\/\/www.facebook.com\/luxesound.ca\",\"https:\/\/www.instagram.com\/luxe.sound\/\"]}]}<\/script>\n<!-- \/ Yoast SEO plugin. -->","yoast_head_json":{"title":"ZiiGaat x Hangout.Audio: Odyssey 2 Earbuds - 1DD+3BA IEM - Luxe Sound","description":"ZiiGaat x Hangout.Audio Odyssey 2 hybrid IEMs deliver balanced sound with punchy bass, clear mids, and sparkly highs in a premium aluminum shell.","robots":{"index":"index","follow":"follow","max-snippet":"max-snippet:-1","max-image-preview":"max-image-preview:large","max-video-preview":"max-video-preview:-1"},"canonical":"https:\/\/luxesound.ca\/fr\/product\/ziigaat-x-hangout-audio-odyssey-2\/","og_locale":"fr_FR","og_type":"article","og_title":"ZiiGaat x Hangout.Audio: Odyssey 2 Earbuds - 1DD+3BA IEM - Luxe Sound","og_description":"ZiiGaat x Hangout.Audio Odyssey 2 hybrid IEMs deliver balanced sound with punchy bass, clear mids, and sparkly highs in a premium aluminum shell.","og_url":"https:\/\/luxesound.ca\/fr\/product\/ziigaat-x-hangout-audio-odyssey-2\/","og_site_name":"Luxe Sound","article_publisher":"https:\/\/www.facebook.com\/luxesound.ca","article_modified_time":"2026-04-20T19:12:46+00:00","og_image":[{"width":1200,"height":800,"url":"https:\/\/luxesound.ca\/wp-content\/uploads\/2026\/01\/ZiiGaat-x-Hangout.Audio-Odyssey-2-Earbuds-1.webp","type":"image\/webp"}],"twitter_card":"summary_large_image","twitter_misc":{"Est. reading time":"1 minute"},"schema":{"@context":"https:\/\/schema.org","@graph":[{"@type":"WebPage","@id":"https:\/\/luxesound.ca\/product\/ziigaat-x-hangout-audio-odyssey-2\/","url":"https:\/\/luxesound.ca\/product\/ziigaat-x-hangout-audio-odyssey-2\/","name":"ZiiGaat x Hangout.Audio: Odyssey 2 Earbuds - 1DD+3BA IEM - Luxe Sound","isPartOf":{"@id":"https:\/\/luxesound.ca\/#website"},"primaryImageOfPage":{"@id":"https:\/\/luxesound.ca\/product\/ziigaat-x-hangout-audio-odyssey-2\/#primaryimage"},"image":{"@id":"https:\/\/luxesound.ca\/product\/ziigaat-x-hangout-audio-odyssey-2\/#primaryimage"},"thumbnailUrl":"https:\/\/luxesound.ca\/wp-content\/uploads\/2026\/01\/ZiiGaat-x-Hangout.Audio-Odyssey-2-Earbuds-1.webp","datePublished":"2026-01-27T21:33:32+00:00","dateModified":"2026-04-20T19:12:46+00:00","description":"ZiiGaat x Hangout.Audio Odyssey 2 hybrid IEMs deliver balanced sound with punchy bass, clear mids, and sparkly highs in a premium aluminum shell.","breadcrumb":{"@id":"https:\/\/luxesound.ca\/product\/ziigaat-x-hangout-audio-odyssey-2\/#breadcrumb"},"inLanguage":"fr-qc","potentialAction":[{"@type":"ReadAction","target":["https:\/\/luxesound.ca\/product\/ziigaat-x-hangout-audio-odyssey-2\/"]}]},{"@type":"ImageObject","inLanguage":"fr-qc","@id":"https:\/\/luxesound.ca\/product\/ziigaat-x-hangout-audio-odyssey-2\/#primaryimage","url":"https:\/\/luxesound.ca\/wp-content\/uploads\/2026\/01\/ZiiGaat-x-Hangout.Audio-Odyssey-2-Earbuds-1.webp","contentUrl":"https:\/\/luxesound.ca\/wp-content\/uploads\/2026\/01\/ZiiGaat-x-Hangout.Audio-Odyssey-2-Earbuds-1.webp","width":1200,"height":800,"caption":"ZiiGaat x Hangout.Audio- Odyssey 2 Earbuds IEMs Product Photo"},{"@type":"BreadcrumbList","@id":"https:\/\/luxesound.ca\/product\/ziigaat-x-hangout-audio-odyssey-2\/#breadcrumb","itemListElement":[{"@type":"ListItem","position":1,"name":"Home","item":"https:\/\/luxesound.ca\/"},{"@type":"ListItem","position":2,"name":"Products","item":"https:\/\/luxesound.ca\/shop\/"},{"@type":"ListItem","position":3,"name":"ZiiGaat x Hangout.Audio: Odyssey 2 Earbuds &#8211; 1DD+3BA IEM"}]},{"@type":"WebSite","@id":"https:\/\/luxesound.ca\/#website","url":"https:\/\/luxesound.ca\/","name":"Son luxueux","description":"Les meilleurs \u00e9couteurs et haut-parleurs. Fi\u00e8rement canadiens.","publisher":{"@id":"https:\/\/luxesound.ca\/#organization"},"potentialAction":[{"@type":"SearchAction","target":{"@type":"EntryPoint","urlTemplate":"https:\/\/luxesound.ca\/?s={search_term_string}"},"query-input":{"@type":"PropertyValueSpecification","valueRequired":true,"valueName":"search_term_string"}}],"inLanguage":"fr-qc"},{"@type":"Organization","@id":"https:\/\/luxesound.ca\/#organization","name":"Son luxueux","url":"https:\/\/luxesound.ca\/","logo":{"@type":"ImageObject","inLanguage":"fr-qc","@id":"https:\/\/luxesound.ca\/#\/schema\/logo\/image\/","url":"https:\/\/luxesound.ca\/wp-content\/uploads\/2024\/08\/cropped-Luxe-white-on-green.png","contentUrl":"https:\/\/luxesound.ca\/wp-content\/uploads\/2024\/08\/cropped-Luxe-white-on-green.png","width":512,"height":512,"caption":"Luxe Sound"},"image":{"@id":"https:\/\/luxesound.ca\/#\/schema\/logo\/image\/"},"sameAs":["https:\/\/www.facebook.com\/luxesound.ca","https:\/\/www.instagram.com\/luxe.sound\/"]}]}},"_links":{"self":[{"href":"https:\/\/luxesound.ca\/fr\/wp-json\/wp\/v2\/product\/12769","targetHints":{"allow":["GET"]}}],"collection":[{"href":"https:\/\/luxesound.ca\/fr\/wp-json\/wp\/v2\/product"}],"about":[{"href":"https:\/\/luxesound.ca\/fr\/wp-json\/wp\/v2\/types\/product"}],"replies":[{"embeddable":true,"href":"https:\/\/luxesound.ca\/fr\/wp-json\/wp\/v2\/comments?post=12769"}],"version-history":[{"count":1,"href":"https:\/\/luxesound.ca\/fr\/wp-json\/wp\/v2\/product\/12769\/revisions"}],"predecessor-version":[{"id":12785,"href":"https:\/\/luxesound.ca\/fr\/wp-json\/wp\/v2\/product\/12769\/revisions\/12785"}],"wp:featuredmedia":[{"embeddable":true,"href":"https:\/\/luxesound.ca\/fr\/wp-json\/wp\/v2\/media\/12771"}],"wp:attachment":[{"href":"https:\/\/luxesound.ca\/fr\/wp-json\/wp\/v2\/media?parent=12769"}],"wp:term":[{"taxonomy":"product_brand","embeddable":true,"href":"https:\/\/luxesound.ca\/fr\/wp-json\/wp\/v2\/product_brand?post=12769"},{"taxonomy":"product_cat","embeddable":true,"href":"https:\/\/luxesound.ca\/fr\/wp-json\/wp\/v2\/product_cat?post=12769"},{"taxonomy":"product_tag","embeddable":true,"href":"https:\/\/luxesound.ca\/fr\/wp-json\/wp\/v2\/product_tag?post=12769"}],"curies":[{"name":"wp","href":"https:\/\/api.w.org\/{rel}","templated":true}]}}