{"id":12718,"date":"2026-01-26T12:53:55","date_gmt":"2026-01-26T17:53:55","guid":{"rendered":"https:\/\/luxesound.ca\/?post_type=product&#038;p=12718"},"modified":"2026-04-20T15:12:46","modified_gmt":"2026-04-20T19:12:46","slug":"ziigaat-doscinco-earbuds","status":"publish","type":"product","link":"https:\/\/luxesound.ca\/fr\/product\/ziigaat-doscinco-earbuds\/","title":{"rendered":"\u00c9couteurs intra-auriculaires ZiiGaat Doscinco \u2013 Hybrides 2DD+3BA"},"content":{"rendered":"<p class=\"p1\">Le Z<span class=\"s1\">iiGaat DosCinco<\/span> Con\u00e7ue autour d&#039;un syst\u00e8me innovant de double caisson de basses dynamique, la DosCinco d\u00e9livre des basses profondes et percutantes, d&#039;une pr\u00e9cision remarquable. Associ\u00e9e \u00e0 des haut-parleurs haut de gamme Sonion et Knowles, elle offre des m\u00e9diums riches et chaleureux, ainsi que des aigus clairs et d\u00e9taill\u00e9s, pour un son \u00e0 la fois puissant et \u00e9quilibr\u00e9. Alliant musicalit\u00e9 et performance technique, la DosCinco est un choix de pr\u00e9dilection pour les m\u00e9lomanes en qu\u00eate d&#039;une immersion sonore totale, quel que soit le genre musical.<\/p>","protected":false},"excerpt":{"rendered":"<p>Le Z<span class=\"s1\">iiGaat DosCinco<\/span> Con\u00e7ue autour d&#039;un syst\u00e8me innovant de double caisson de basses dynamique, la DosCinco d\u00e9livre des basses profondes et percutantes, d&#039;une pr\u00e9cision remarquable. Associ\u00e9e \u00e0 des haut-parleurs haut de gamme Sonion et Knowles, elle offre des m\u00e9diums riches et chaleureux, ainsi que des aigus clairs et d\u00e9taill\u00e9s, pour un son \u00e0 la fois puissant et \u00e9quilibr\u00e9. Alliant musicalit\u00e9 et performance technique, la DosCinco est un choix de pr\u00e9dilection pour les m\u00e9lomanes en qu\u00eate d&#039;une immersion sonore totale, quel que soit le genre musical.<\/p>","protected":false},"featured_media":12721,"comment_status":"open","ping_status":"closed","template":"","meta":{"_acf_changed":false,"_mo_disable_npp":"","inline_featured_image":false},"product_brand":[914],"product_cat":[892,145,932,820,931,918],"product_tag":[],"class_list":{"0":"post-12718","1":"product","2":"type-product","3":"status-publish","4":"has-post-thumbnail","6":"product_brand-ziigaat","7":"product_cat-chifi","8":"product_cat-earbuds","9":"product_cat-in-ear-monitors","10":"product_cat-new-arrivals-category","11":"product_cat-wired-earbuds","12":"product_cat-ziigaat","13":"pa_colour-black","15":"first","16":"instock","17":"taxable","18":"shipping-taxable","19":"purchasable","20":"product-type-variable","21":"has-default-attributes"},"bundled_by":[],"bundle_stock_status":"instock","bundle_stock_quantity":null,"bundle_virtual":false,"bundle_layout":"","bundle_add_to_cart_form_location":"","bundle_editable_in_cart":false,"bundle_sold_individually_context":"","bundle_item_grouping":"","bundle_min_size":"","bundle_max_size":"","bundle_price":[],"bundled_items":[],"bundle_sell_ids":[],"acf":[],"ct_brands":[{"id":914,"name":"ZiiGaat","slug":"ziigaat"}],"yoast_head":"<!-- This site is optimized with the Yoast SEO plugin v27.2 - https:\/\/yoast.com\/product\/yoast-seo-wordpress\/ -->\n<title>ZiiGaat Doscinco Earbuds - 2DD+3BA Hybrid IEM - Luxe Sound<\/title>\n<meta name=\"description\" content=\"Experience powerful, immersive sound with the ZiiGaat Doscinco IEMs, featuring dual dynamic subwoofers, rich mids, and crisp treble. Free Shipping!\" \/>\n<meta name=\"robots\" content=\"index, follow, max-snippet:-1, max-image-preview:large, max-video-preview:-1\" \/>\n<link rel=\"canonical\" href=\"https:\/\/luxesound.ca\/fr\/product\/ziigaat-doscinco-earbuds\/\" \/>\n<meta property=\"og:locale\" content=\"fr_FR\" \/>\n<meta property=\"og:type\" content=\"article\" \/>\n<meta property=\"og:title\" content=\"ZiiGaat Doscinco Earbuds - 2DD+3BA Hybrid IEM - Luxe Sound\" \/>\n<meta property=\"og:description\" content=\"Experience powerful, immersive sound with the ZiiGaat Doscinco IEMs, featuring dual dynamic subwoofers, rich mids, and crisp treble. Free Shipping!\" \/>\n<meta property=\"og:url\" content=\"https:\/\/luxesound.ca\/fr\/product\/ziigaat-doscinco-earbuds\/\" \/>\n<meta property=\"og:site_name\" content=\"Luxe Sound\" \/>\n<meta property=\"article:publisher\" content=\"https:\/\/www.facebook.com\/luxesound.ca\" \/>\n<meta property=\"article:modified_time\" content=\"2026-04-20T19:12:46+00:00\" \/>\n<meta property=\"og:image\" content=\"https:\/\/luxesound.ca\/wp-content\/uploads\/2026\/01\/ZiiGaat-Doscinco-1.webp\" \/>\n\t<meta property=\"og:image:width\" content=\"1200\" \/>\n\t<meta property=\"og:image:height\" content=\"800\" \/>\n\t<meta property=\"og:image:type\" content=\"image\/webp\" \/>\n<meta name=\"twitter:card\" content=\"summary_large_image\" \/>\n<meta name=\"twitter:label1\" content=\"Est. reading time\" \/>\n\t<meta name=\"twitter:data1\" content=\"1 minute\" \/>\n<script type=\"application\/ld+json\" class=\"yoast-schema-graph\">{\"@context\":\"https:\/\/schema.org\",\"@graph\":[{\"@type\":\"WebPage\",\"@id\":\"https:\/\/luxesound.ca\/product\/ziigaat-doscinco-earbuds\/\",\"url\":\"https:\/\/luxesound.ca\/product\/ziigaat-doscinco-earbuds\/\",\"name\":\"ZiiGaat Doscinco Earbuds - 2DD+3BA Hybrid IEM - Luxe Sound\",\"isPartOf\":{\"@id\":\"https:\/\/luxesound.ca\/#website\"},\"primaryImageOfPage\":{\"@id\":\"https:\/\/luxesound.ca\/product\/ziigaat-doscinco-earbuds\/#primaryimage\"},\"image\":{\"@id\":\"https:\/\/luxesound.ca\/product\/ziigaat-doscinco-earbuds\/#primaryimage\"},\"thumbnailUrl\":\"https:\/\/luxesound.ca\/wp-content\/uploads\/2026\/01\/ZiiGaat-Doscinco-1.webp\",\"datePublished\":\"2026-01-26T17:53:55+00:00\",\"dateModified\":\"2026-04-20T19:12:46+00:00\",\"description\":\"Experience powerful, immersive sound with the ZiiGaat Doscinco IEMs, featuring dual dynamic subwoofers, rich mids, and crisp treble. Free Shipping!\",\"breadcrumb\":{\"@id\":\"https:\/\/luxesound.ca\/product\/ziigaat-doscinco-earbuds\/#breadcrumb\"},\"inLanguage\":\"fr-qc\",\"potentialAction\":[{\"@type\":\"ReadAction\",\"target\":[\"https:\/\/luxesound.ca\/product\/ziigaat-doscinco-earbuds\/\"]}]},{\"@type\":\"ImageObject\",\"inLanguage\":\"fr-qc\",\"@id\":\"https:\/\/luxesound.ca\/product\/ziigaat-doscinco-earbuds\/#primaryimage\",\"url\":\"https:\/\/luxesound.ca\/wp-content\/uploads\/2026\/01\/ZiiGaat-Doscinco-1.webp\",\"contentUrl\":\"https:\/\/luxesound.ca\/wp-content\/uploads\/2026\/01\/ZiiGaat-Doscinco-1.webp\",\"width\":1200,\"height\":800,\"caption\":\"ZiiGaat Doscinco product photo\"},{\"@type\":\"BreadcrumbList\",\"@id\":\"https:\/\/luxesound.ca\/product\/ziigaat-doscinco-earbuds\/#breadcrumb\",\"itemListElement\":[{\"@type\":\"ListItem\",\"position\":1,\"name\":\"Home\",\"item\":\"https:\/\/luxesound.ca\/\"},{\"@type\":\"ListItem\",\"position\":2,\"name\":\"Products\",\"item\":\"https:\/\/luxesound.ca\/shop\/\"},{\"@type\":\"ListItem\",\"position\":3,\"name\":\"ZiiGaat Doscinco Earbuds &#8211; 2DD+3BA Hybrid IEM\"}]},{\"@type\":\"WebSite\",\"@id\":\"https:\/\/luxesound.ca\/#website\",\"url\":\"https:\/\/luxesound.ca\/\",\"name\":\"Luxe Sound\",\"description\":\"The Finest Headphones &amp; Speakers. Proudly Canadian.\",\"publisher\":{\"@id\":\"https:\/\/luxesound.ca\/#organization\"},\"potentialAction\":[{\"@type\":\"SearchAction\",\"target\":{\"@type\":\"EntryPoint\",\"urlTemplate\":\"https:\/\/luxesound.ca\/?s={search_term_string}\"},\"query-input\":{\"@type\":\"PropertyValueSpecification\",\"valueRequired\":true,\"valueName\":\"search_term_string\"}}],\"inLanguage\":\"fr-qc\"},{\"@type\":\"Organization\",\"@id\":\"https:\/\/luxesound.ca\/#organization\",\"name\":\"Luxe Sound\",\"url\":\"https:\/\/luxesound.ca\/\",\"logo\":{\"@type\":\"ImageObject\",\"inLanguage\":\"fr-qc\",\"@id\":\"https:\/\/luxesound.ca\/#\/schema\/logo\/image\/\",\"url\":\"https:\/\/luxesound.ca\/wp-content\/uploads\/2024\/08\/cropped-Luxe-white-on-green.png\",\"contentUrl\":\"https:\/\/luxesound.ca\/wp-content\/uploads\/2024\/08\/cropped-Luxe-white-on-green.png\",\"width\":512,\"height\":512,\"caption\":\"Luxe Sound\"},\"image\":{\"@id\":\"https:\/\/luxesound.ca\/#\/schema\/logo\/image\/\"},\"sameAs\":[\"https:\/\/www.facebook.com\/luxesound.ca\",\"https:\/\/www.instagram.com\/luxe.sound\/\"]}]}<\/script>\n<!-- \/ Yoast SEO plugin. -->","yoast_head_json":{"title":"ZiiGaat Doscinco Earbuds - 2DD+3BA Hybrid IEM - Luxe Sound","description":"Experience powerful, immersive sound with the ZiiGaat Doscinco IEMs, featuring dual dynamic subwoofers, rich mids, and crisp treble. Free Shipping!","robots":{"index":"index","follow":"follow","max-snippet":"max-snippet:-1","max-image-preview":"max-image-preview:large","max-video-preview":"max-video-preview:-1"},"canonical":"https:\/\/luxesound.ca\/fr\/product\/ziigaat-doscinco-earbuds\/","og_locale":"fr_FR","og_type":"article","og_title":"ZiiGaat Doscinco Earbuds - 2DD+3BA Hybrid IEM - Luxe Sound","og_description":"Experience powerful, immersive sound with the ZiiGaat Doscinco IEMs, featuring dual dynamic subwoofers, rich mids, and crisp treble. Free Shipping!","og_url":"https:\/\/luxesound.ca\/fr\/product\/ziigaat-doscinco-earbuds\/","og_site_name":"Luxe Sound","article_publisher":"https:\/\/www.facebook.com\/luxesound.ca","article_modified_time":"2026-04-20T19:12:46+00:00","og_image":[{"width":1200,"height":800,"url":"https:\/\/luxesound.ca\/wp-content\/uploads\/2026\/01\/ZiiGaat-Doscinco-1.webp","type":"image\/webp"}],"twitter_card":"summary_large_image","twitter_misc":{"Est. reading time":"1 minute"},"schema":{"@context":"https:\/\/schema.org","@graph":[{"@type":"WebPage","@id":"https:\/\/luxesound.ca\/product\/ziigaat-doscinco-earbuds\/","url":"https:\/\/luxesound.ca\/product\/ziigaat-doscinco-earbuds\/","name":"ZiiGaat Doscinco Earbuds - 2DD+3BA Hybrid IEM - Luxe Sound","isPartOf":{"@id":"https:\/\/luxesound.ca\/#website"},"primaryImageOfPage":{"@id":"https:\/\/luxesound.ca\/product\/ziigaat-doscinco-earbuds\/#primaryimage"},"image":{"@id":"https:\/\/luxesound.ca\/product\/ziigaat-doscinco-earbuds\/#primaryimage"},"thumbnailUrl":"https:\/\/luxesound.ca\/wp-content\/uploads\/2026\/01\/ZiiGaat-Doscinco-1.webp","datePublished":"2026-01-26T17:53:55+00:00","dateModified":"2026-04-20T19:12:46+00:00","description":"Experience powerful, immersive sound with the ZiiGaat Doscinco IEMs, featuring dual dynamic subwoofers, rich mids, and crisp treble. Free Shipping!","breadcrumb":{"@id":"https:\/\/luxesound.ca\/product\/ziigaat-doscinco-earbuds\/#breadcrumb"},"inLanguage":"fr-qc","potentialAction":[{"@type":"ReadAction","target":["https:\/\/luxesound.ca\/product\/ziigaat-doscinco-earbuds\/"]}]},{"@type":"ImageObject","inLanguage":"fr-qc","@id":"https:\/\/luxesound.ca\/product\/ziigaat-doscinco-earbuds\/#primaryimage","url":"https:\/\/luxesound.ca\/wp-content\/uploads\/2026\/01\/ZiiGaat-Doscinco-1.webp","contentUrl":"https:\/\/luxesound.ca\/wp-content\/uploads\/2026\/01\/ZiiGaat-Doscinco-1.webp","width":1200,"height":800,"caption":"ZiiGaat Doscinco product photo"},{"@type":"BreadcrumbList","@id":"https:\/\/luxesound.ca\/product\/ziigaat-doscinco-earbuds\/#breadcrumb","itemListElement":[{"@type":"ListItem","position":1,"name":"Home","item":"https:\/\/luxesound.ca\/"},{"@type":"ListItem","position":2,"name":"Products","item":"https:\/\/luxesound.ca\/shop\/"},{"@type":"ListItem","position":3,"name":"ZiiGaat Doscinco Earbuds &#8211; 2DD+3BA Hybrid IEM"}]},{"@type":"WebSite","@id":"https:\/\/luxesound.ca\/#website","url":"https:\/\/luxesound.ca\/","name":"Son luxueux","description":"Les meilleurs \u00e9couteurs et haut-parleurs. Fi\u00e8rement canadiens.","publisher":{"@id":"https:\/\/luxesound.ca\/#organization"},"potentialAction":[{"@type":"SearchAction","target":{"@type":"EntryPoint","urlTemplate":"https:\/\/luxesound.ca\/?s={search_term_string}"},"query-input":{"@type":"PropertyValueSpecification","valueRequired":true,"valueName":"search_term_string"}}],"inLanguage":"fr-qc"},{"@type":"Organization","@id":"https:\/\/luxesound.ca\/#organization","name":"Son luxueux","url":"https:\/\/luxesound.ca\/","logo":{"@type":"ImageObject","inLanguage":"fr-qc","@id":"https:\/\/luxesound.ca\/#\/schema\/logo\/image\/","url":"https:\/\/luxesound.ca\/wp-content\/uploads\/2024\/08\/cropped-Luxe-white-on-green.png","contentUrl":"https:\/\/luxesound.ca\/wp-content\/uploads\/2024\/08\/cropped-Luxe-white-on-green.png","width":512,"height":512,"caption":"Luxe Sound"},"image":{"@id":"https:\/\/luxesound.ca\/#\/schema\/logo\/image\/"},"sameAs":["https:\/\/www.facebook.com\/luxesound.ca","https:\/\/www.instagram.com\/luxe.sound\/"]}]}},"_links":{"self":[{"href":"https:\/\/luxesound.ca\/fr\/wp-json\/wp\/v2\/product\/12718","targetHints":{"allow":["GET"]}}],"collection":[{"href":"https:\/\/luxesound.ca\/fr\/wp-json\/wp\/v2\/product"}],"about":[{"href":"https:\/\/luxesound.ca\/fr\/wp-json\/wp\/v2\/types\/product"}],"replies":[{"embeddable":true,"href":"https:\/\/luxesound.ca\/fr\/wp-json\/wp\/v2\/comments?post=12718"}],"version-history":[{"count":1,"href":"https:\/\/luxesound.ca\/fr\/wp-json\/wp\/v2\/product\/12718\/revisions"}],"predecessor-version":[{"id":12730,"href":"https:\/\/luxesound.ca\/fr\/wp-json\/wp\/v2\/product\/12718\/revisions\/12730"}],"wp:featuredmedia":[{"embeddable":true,"href":"https:\/\/luxesound.ca\/fr\/wp-json\/wp\/v2\/media\/12721"}],"wp:attachment":[{"href":"https:\/\/luxesound.ca\/fr\/wp-json\/wp\/v2\/media?parent=12718"}],"wp:term":[{"taxonomy":"product_brand","embeddable":true,"href":"https:\/\/luxesound.ca\/fr\/wp-json\/wp\/v2\/product_brand?post=12718"},{"taxonomy":"product_cat","embeddable":true,"href":"https:\/\/luxesound.ca\/fr\/wp-json\/wp\/v2\/product_cat?post=12718"},{"taxonomy":"product_tag","embeddable":true,"href":"https:\/\/luxesound.ca\/fr\/wp-json\/wp\/v2\/product_tag?post=12718"}],"curies":[{"name":"wp","href":"https:\/\/api.w.org\/{rel}","templated":true}]}}