{"id":12695,"date":"2026-01-26T12:51:47","date_gmt":"2026-01-26T17:51:47","guid":{"rendered":"https:\/\/luxesound.ca\/?post_type=product&#038;p=12695"},"modified":"2026-04-20T15:12:46","modified_gmt":"2026-04-20T19:12:46","slug":"ziigaat-arete-ii-earbuds-1dd-4ba-hybrid-iem","status":"publish","type":"product","link":"https:\/\/luxesound.ca\/fr\/product\/ziigaat-arete-ii-earbuds-1dd-4ba-hybrid-iem\/","title":{"rendered":"\u00c9couteurs intra-auriculaires ZiiGaat Arete II \u2013 1 transducteur dynamique + 4 transducteurs \u00e0 armature \u00e9quilibr\u00e9e hybrides"},"content":{"rendered":"<p class=\"p1\">Le Z<span class=\"s1\">iiGaat Arete II<\/span> L&#039;Arete II affine un r\u00e9glage pl\u00e9biscit\u00e9 par les fans avec des basses plus profondes, des m\u00e9diums plus doux et une fabrication plus haut de gamme. Dot\u00e9 d&#039;un nouveau haut-parleur de graves de 10 mm, de quatre transducteurs \u00e0 armature \u00e9quilibr\u00e9e Knowles de pr\u00e9cision et d&#039;un commutateur de r\u00e9glage des basses int\u00e9gr\u00e9, il d\u00e9livre des basses puissantes, des m\u00e9diums clairs et d\u00e9taill\u00e9s et des aigus a\u00e9r\u00e9s. Avec sa coque en aluminium usin\u00e9e CNC et son c\u00e2ble sym\u00e9trique modulaire, l&#039;Arete II a \u00e9t\u00e9 d\u00e9velopp\u00e9 en collaboration avec <a href=\"https:\/\/www.youtube.com\/@FreshReviewsYT\">Avis r\u00e9cents<\/a>, est con\u00e7u pour les auditeurs qui recherchent flexibilit\u00e9, durabilit\u00e9 et un son captivant dans un format compact.<\/p>","protected":false},"excerpt":{"rendered":"<p>Le Z<span class=\"s1\">iiGaat Arete II<\/span> L&#039;Arete II affine un r\u00e9glage pl\u00e9biscit\u00e9 par les fans avec des basses plus profondes, des m\u00e9diums plus doux et une fabrication plus haut de gamme. Dot\u00e9 d&#039;un nouveau haut-parleur de graves de 10 mm, de quatre transducteurs \u00e0 armature \u00e9quilibr\u00e9e Knowles de pr\u00e9cision et d&#039;un commutateur de r\u00e9glage des basses int\u00e9gr\u00e9, il d\u00e9livre des basses puissantes, des m\u00e9diums clairs et d\u00e9taill\u00e9s et des aigus a\u00e9r\u00e9s. Avec sa coque en aluminium usin\u00e9e CNC et son c\u00e2ble sym\u00e9trique modulaire, l&#039;Arete II a \u00e9t\u00e9 d\u00e9velopp\u00e9 en collaboration avec <a href=\"https:\/\/www.youtube.com\/@FreshReviewsYT\">Avis r\u00e9cents<\/a>, est con\u00e7u pour les auditeurs qui recherchent flexibilit\u00e9, durabilit\u00e9 et un son captivant dans un format compact.<\/p>","protected":false},"featured_media":12697,"comment_status":"open","ping_status":"closed","template":"","meta":{"_acf_changed":false,"_mo_disable_npp":"","inline_featured_image":false},"product_brand":[914],"product_cat":[892,145,932,820,931,918],"product_tag":[],"class_list":{"0":"post-12695","1":"product","2":"type-product","3":"status-publish","4":"has-post-thumbnail","6":"product_brand-ziigaat","7":"product_cat-chifi","8":"product_cat-earbuds","9":"product_cat-in-ear-monitors","10":"product_cat-new-arrivals-category","11":"product_cat-wired-earbuds","12":"product_cat-ziigaat","13":"pa_colour-blue","14":"pa_colour-red","16":"first","17":"instock","18":"taxable","19":"shipping-taxable","20":"purchasable","21":"product-type-variable","22":"has-default-attributes"},"bundled_by":[],"bundle_stock_status":"instock","bundle_stock_quantity":null,"bundle_virtual":false,"bundle_layout":"","bundle_add_to_cart_form_location":"","bundle_editable_in_cart":false,"bundle_sold_individually_context":"","bundle_item_grouping":"","bundle_min_size":"","bundle_max_size":"","bundle_price":[],"bundled_items":[],"bundle_sell_ids":[],"acf":[],"ct_brands":[{"id":914,"name":"ZiiGaat","slug":"ziigaat"}],"yoast_head":"<!-- This site is optimized with the Yoast SEO plugin v27.2 - https:\/\/yoast.com\/product\/yoast-seo-wordpress\/ -->\n<title>ZiiGaat Arete II Earbuds - 1DD + 4BA Hybrid IEM - Luxe Sound<\/title>\n<meta name=\"description\" content=\"The ZiiGaat Arete II refines a fan-favourite tuning with deeper bass, smoother mids, and a more premium build. Free Shipping from Canada!\" \/>\n<meta name=\"robots\" content=\"index, follow, max-snippet:-1, max-image-preview:large, max-video-preview:-1\" \/>\n<link rel=\"canonical\" href=\"https:\/\/luxesound.ca\/fr\/product\/ziigaat-arete-ii-earbuds-1dd-4ba-hybrid-iem\/\" \/>\n<meta property=\"og:locale\" content=\"fr_FR\" \/>\n<meta property=\"og:type\" content=\"article\" \/>\n<meta property=\"og:title\" content=\"ZiiGaat Arete II Earbuds - 1DD + 4BA Hybrid IEM - Luxe Sound\" \/>\n<meta property=\"og:description\" content=\"The ZiiGaat Arete II refines a fan-favourite tuning with deeper bass, smoother mids, and a more premium build. Free Shipping from Canada!\" \/>\n<meta property=\"og:url\" content=\"https:\/\/luxesound.ca\/fr\/product\/ziigaat-arete-ii-earbuds-1dd-4ba-hybrid-iem\/\" \/>\n<meta property=\"og:site_name\" content=\"Luxe Sound\" \/>\n<meta property=\"article:publisher\" content=\"https:\/\/www.facebook.com\/luxesound.ca\" \/>\n<meta property=\"article:modified_time\" content=\"2026-04-20T19:12:46+00:00\" \/>\n<meta property=\"og:image\" content=\"https:\/\/luxesound.ca\/wp-content\/uploads\/2026\/01\/ZiiGaat-Arete-II-1.webp\" \/>\n\t<meta property=\"og:image:width\" content=\"1200\" \/>\n\t<meta property=\"og:image:height\" content=\"800\" \/>\n\t<meta property=\"og:image:type\" content=\"image\/webp\" \/>\n<meta name=\"twitter:card\" content=\"summary_large_image\" \/>\n<meta name=\"twitter:label1\" content=\"Est. reading time\" \/>\n\t<meta name=\"twitter:data1\" content=\"1 minute\" \/>\n<script type=\"application\/ld+json\" class=\"yoast-schema-graph\">{\"@context\":\"https:\/\/schema.org\",\"@graph\":[{\"@type\":\"WebPage\",\"@id\":\"https:\/\/luxesound.ca\/product\/ziigaat-arete-ii-earbuds-1dd-4ba-hybrid-iem\/\",\"url\":\"https:\/\/luxesound.ca\/product\/ziigaat-arete-ii-earbuds-1dd-4ba-hybrid-iem\/\",\"name\":\"ZiiGaat Arete II Earbuds - 1DD + 4BA Hybrid IEM - Luxe Sound\",\"isPartOf\":{\"@id\":\"https:\/\/luxesound.ca\/#website\"},\"primaryImageOfPage\":{\"@id\":\"https:\/\/luxesound.ca\/product\/ziigaat-arete-ii-earbuds-1dd-4ba-hybrid-iem\/#primaryimage\"},\"image\":{\"@id\":\"https:\/\/luxesound.ca\/product\/ziigaat-arete-ii-earbuds-1dd-4ba-hybrid-iem\/#primaryimage\"},\"thumbnailUrl\":\"https:\/\/luxesound.ca\/wp-content\/uploads\/2026\/01\/ZiiGaat-Arete-II-1.webp\",\"datePublished\":\"2026-01-26T17:51:47+00:00\",\"dateModified\":\"2026-04-20T19:12:46+00:00\",\"description\":\"The ZiiGaat Arete II refines a fan-favourite tuning with deeper bass, smoother mids, and a more premium build. Free Shipping from Canada!\",\"breadcrumb\":{\"@id\":\"https:\/\/luxesound.ca\/product\/ziigaat-arete-ii-earbuds-1dd-4ba-hybrid-iem\/#breadcrumb\"},\"inLanguage\":\"fr-qc\",\"potentialAction\":[{\"@type\":\"ReadAction\",\"target\":[\"https:\/\/luxesound.ca\/product\/ziigaat-arete-ii-earbuds-1dd-4ba-hybrid-iem\/\"]}]},{\"@type\":\"ImageObject\",\"inLanguage\":\"fr-qc\",\"@id\":\"https:\/\/luxesound.ca\/product\/ziigaat-arete-ii-earbuds-1dd-4ba-hybrid-iem\/#primaryimage\",\"url\":\"https:\/\/luxesound.ca\/wp-content\/uploads\/2026\/01\/ZiiGaat-Arete-II-1.webp\",\"contentUrl\":\"https:\/\/luxesound.ca\/wp-content\/uploads\/2026\/01\/ZiiGaat-Arete-II-1.webp\",\"width\":1200,\"height\":800},{\"@type\":\"BreadcrumbList\",\"@id\":\"https:\/\/luxesound.ca\/product\/ziigaat-arete-ii-earbuds-1dd-4ba-hybrid-iem\/#breadcrumb\",\"itemListElement\":[{\"@type\":\"ListItem\",\"position\":1,\"name\":\"Home\",\"item\":\"https:\/\/luxesound.ca\/\"},{\"@type\":\"ListItem\",\"position\":2,\"name\":\"Products\",\"item\":\"https:\/\/luxesound.ca\/shop\/\"},{\"@type\":\"ListItem\",\"position\":3,\"name\":\"ZiiGaat Arete II Earbuds &#8211; 1DD + 4BA Hybrid IEM\"}]},{\"@type\":\"WebSite\",\"@id\":\"https:\/\/luxesound.ca\/#website\",\"url\":\"https:\/\/luxesound.ca\/\",\"name\":\"Luxe Sound\",\"description\":\"The Finest Headphones &amp; Speakers. Proudly Canadian.\",\"publisher\":{\"@id\":\"https:\/\/luxesound.ca\/#organization\"},\"potentialAction\":[{\"@type\":\"SearchAction\",\"target\":{\"@type\":\"EntryPoint\",\"urlTemplate\":\"https:\/\/luxesound.ca\/?s={search_term_string}\"},\"query-input\":{\"@type\":\"PropertyValueSpecification\",\"valueRequired\":true,\"valueName\":\"search_term_string\"}}],\"inLanguage\":\"fr-qc\"},{\"@type\":\"Organization\",\"@id\":\"https:\/\/luxesound.ca\/#organization\",\"name\":\"Luxe Sound\",\"url\":\"https:\/\/luxesound.ca\/\",\"logo\":{\"@type\":\"ImageObject\",\"inLanguage\":\"fr-qc\",\"@id\":\"https:\/\/luxesound.ca\/#\/schema\/logo\/image\/\",\"url\":\"https:\/\/luxesound.ca\/wp-content\/uploads\/2024\/08\/cropped-Luxe-white-on-green.png\",\"contentUrl\":\"https:\/\/luxesound.ca\/wp-content\/uploads\/2024\/08\/cropped-Luxe-white-on-green.png\",\"width\":512,\"height\":512,\"caption\":\"Luxe Sound\"},\"image\":{\"@id\":\"https:\/\/luxesound.ca\/#\/schema\/logo\/image\/\"},\"sameAs\":[\"https:\/\/www.facebook.com\/luxesound.ca\",\"https:\/\/www.instagram.com\/luxe.sound\/\"]}]}<\/script>\n<!-- \/ Yoast SEO plugin. -->","yoast_head_json":{"title":"ZiiGaat Arete II Earbuds - 1DD + 4BA Hybrid IEM - Luxe Sound","description":"The ZiiGaat Arete II refines a fan-favourite tuning with deeper bass, smoother mids, and a more premium build. Free Shipping from Canada!","robots":{"index":"index","follow":"follow","max-snippet":"max-snippet:-1","max-image-preview":"max-image-preview:large","max-video-preview":"max-video-preview:-1"},"canonical":"https:\/\/luxesound.ca\/fr\/product\/ziigaat-arete-ii-earbuds-1dd-4ba-hybrid-iem\/","og_locale":"fr_FR","og_type":"article","og_title":"ZiiGaat Arete II Earbuds - 1DD + 4BA Hybrid IEM - Luxe Sound","og_description":"The ZiiGaat Arete II refines a fan-favourite tuning with deeper bass, smoother mids, and a more premium build. Free Shipping from Canada!","og_url":"https:\/\/luxesound.ca\/fr\/product\/ziigaat-arete-ii-earbuds-1dd-4ba-hybrid-iem\/","og_site_name":"Luxe Sound","article_publisher":"https:\/\/www.facebook.com\/luxesound.ca","article_modified_time":"2026-04-20T19:12:46+00:00","og_image":[{"width":1200,"height":800,"url":"https:\/\/luxesound.ca\/wp-content\/uploads\/2026\/01\/ZiiGaat-Arete-II-1.webp","type":"image\/webp"}],"twitter_card":"summary_large_image","twitter_misc":{"Est. reading time":"1 minute"},"schema":{"@context":"https:\/\/schema.org","@graph":[{"@type":"WebPage","@id":"https:\/\/luxesound.ca\/product\/ziigaat-arete-ii-earbuds-1dd-4ba-hybrid-iem\/","url":"https:\/\/luxesound.ca\/product\/ziigaat-arete-ii-earbuds-1dd-4ba-hybrid-iem\/","name":"ZiiGaat Arete II Earbuds - 1DD + 4BA Hybrid IEM - Luxe Sound","isPartOf":{"@id":"https:\/\/luxesound.ca\/#website"},"primaryImageOfPage":{"@id":"https:\/\/luxesound.ca\/product\/ziigaat-arete-ii-earbuds-1dd-4ba-hybrid-iem\/#primaryimage"},"image":{"@id":"https:\/\/luxesound.ca\/product\/ziigaat-arete-ii-earbuds-1dd-4ba-hybrid-iem\/#primaryimage"},"thumbnailUrl":"https:\/\/luxesound.ca\/wp-content\/uploads\/2026\/01\/ZiiGaat-Arete-II-1.webp","datePublished":"2026-01-26T17:51:47+00:00","dateModified":"2026-04-20T19:12:46+00:00","description":"The ZiiGaat Arete II refines a fan-favourite tuning with deeper bass, smoother mids, and a more premium build. Free Shipping from Canada!","breadcrumb":{"@id":"https:\/\/luxesound.ca\/product\/ziigaat-arete-ii-earbuds-1dd-4ba-hybrid-iem\/#breadcrumb"},"inLanguage":"fr-qc","potentialAction":[{"@type":"ReadAction","target":["https:\/\/luxesound.ca\/product\/ziigaat-arete-ii-earbuds-1dd-4ba-hybrid-iem\/"]}]},{"@type":"ImageObject","inLanguage":"fr-qc","@id":"https:\/\/luxesound.ca\/product\/ziigaat-arete-ii-earbuds-1dd-4ba-hybrid-iem\/#primaryimage","url":"https:\/\/luxesound.ca\/wp-content\/uploads\/2026\/01\/ZiiGaat-Arete-II-1.webp","contentUrl":"https:\/\/luxesound.ca\/wp-content\/uploads\/2026\/01\/ZiiGaat-Arete-II-1.webp","width":1200,"height":800},{"@type":"BreadcrumbList","@id":"https:\/\/luxesound.ca\/product\/ziigaat-arete-ii-earbuds-1dd-4ba-hybrid-iem\/#breadcrumb","itemListElement":[{"@type":"ListItem","position":1,"name":"Home","item":"https:\/\/luxesound.ca\/"},{"@type":"ListItem","position":2,"name":"Products","item":"https:\/\/luxesound.ca\/shop\/"},{"@type":"ListItem","position":3,"name":"ZiiGaat Arete II Earbuds &#8211; 1DD + 4BA Hybrid IEM"}]},{"@type":"WebSite","@id":"https:\/\/luxesound.ca\/#website","url":"https:\/\/luxesound.ca\/","name":"Son luxueux","description":"Les meilleurs \u00e9couteurs et haut-parleurs. Fi\u00e8rement canadiens.","publisher":{"@id":"https:\/\/luxesound.ca\/#organization"},"potentialAction":[{"@type":"SearchAction","target":{"@type":"EntryPoint","urlTemplate":"https:\/\/luxesound.ca\/?s={search_term_string}"},"query-input":{"@type":"PropertyValueSpecification","valueRequired":true,"valueName":"search_term_string"}}],"inLanguage":"fr-qc"},{"@type":"Organization","@id":"https:\/\/luxesound.ca\/#organization","name":"Son luxueux","url":"https:\/\/luxesound.ca\/","logo":{"@type":"ImageObject","inLanguage":"fr-qc","@id":"https:\/\/luxesound.ca\/#\/schema\/logo\/image\/","url":"https:\/\/luxesound.ca\/wp-content\/uploads\/2024\/08\/cropped-Luxe-white-on-green.png","contentUrl":"https:\/\/luxesound.ca\/wp-content\/uploads\/2024\/08\/cropped-Luxe-white-on-green.png","width":512,"height":512,"caption":"Luxe Sound"},"image":{"@id":"https:\/\/luxesound.ca\/#\/schema\/logo\/image\/"},"sameAs":["https:\/\/www.facebook.com\/luxesound.ca","https:\/\/www.instagram.com\/luxe.sound\/"]}]}},"_links":{"self":[{"href":"https:\/\/luxesound.ca\/fr\/wp-json\/wp\/v2\/product\/12695","targetHints":{"allow":["GET"]}}],"collection":[{"href":"https:\/\/luxesound.ca\/fr\/wp-json\/wp\/v2\/product"}],"about":[{"href":"https:\/\/luxesound.ca\/fr\/wp-json\/wp\/v2\/types\/product"}],"replies":[{"embeddable":true,"href":"https:\/\/luxesound.ca\/fr\/wp-json\/wp\/v2\/comments?post=12695"}],"version-history":[{"count":2,"href":"https:\/\/luxesound.ca\/fr\/wp-json\/wp\/v2\/product\/12695\/revisions"}],"predecessor-version":[{"id":12729,"href":"https:\/\/luxesound.ca\/fr\/wp-json\/wp\/v2\/product\/12695\/revisions\/12729"}],"wp:featuredmedia":[{"embeddable":true,"href":"https:\/\/luxesound.ca\/fr\/wp-json\/wp\/v2\/media\/12697"}],"wp:attachment":[{"href":"https:\/\/luxesound.ca\/fr\/wp-json\/wp\/v2\/media?parent=12695"}],"wp:term":[{"taxonomy":"product_brand","embeddable":true,"href":"https:\/\/luxesound.ca\/fr\/wp-json\/wp\/v2\/product_brand?post=12695"},{"taxonomy":"product_cat","embeddable":true,"href":"https:\/\/luxesound.ca\/fr\/wp-json\/wp\/v2\/product_cat?post=12695"},{"taxonomy":"product_tag","embeddable":true,"href":"https:\/\/luxesound.ca\/fr\/wp-json\/wp\/v2\/product_tag?post=12695"}],"curies":[{"name":"wp","href":"https:\/\/api.w.org\/{rel}","templated":true}]}}