{"id":12684,"date":"2026-01-27T16:30:07","date_gmt":"2026-01-27T21:30:07","guid":{"rendered":"https:\/\/luxesound.ca\/?post_type=product&#038;p=12684"},"modified":"2026-04-20T15:12:46","modified_gmt":"2026-04-20T19:12:46","slug":"kiwi-ears-astral-earbuds-1dd6ba-hybrid-iem","status":"publish","type":"product","link":"https:\/\/luxesound.ca\/fr\/product\/kiwi-ears-astral-earbuds-1dd6ba-hybrid-iem\/","title":{"rendered":"\u00c9couteurs intra-auriculaires Kiwi Ears Astral \u2013 IEM hybrides 1DD+6BA"},"content":{"rendered":"<p class=\"p1\">Le <span class=\"s1\">Oreilles de kiwi Astral<\/span> Offrant un son ample et harmonieux au quotidien, avec un r\u00e9glage \u00e0 la fois d\u00e9tendu et pr\u00e9cis, l&#039;Astral est facile \u00e0 appr\u00e9cier quel que soit le genre musical. Sa configuration de transducteurs hybrides d\u00e9livre des basses riches, des m\u00e9diums clairs et des aigus a\u00e9r\u00e9s, le tout dans un confort ergonomique qui reste bien en place toute la journ\u00e9e. Que vous vous d\u00e9tendiez \u00e0 la maison, que vous soyez dans les transports ou que vous d\u00e9couvriez de nouveaux morceaux, l&#039;Astral vous offre une exp\u00e9rience musicale immersive et sans fatigue auditive. Id\u00e9al pour les m\u00e9lomanes qui privil\u00e9gient le confort et un son \u00e9quilibr\u00e9.<\/p>","protected":false},"excerpt":{"rendered":"<p>Le <span class=\"s1\">Oreilles de kiwi Astral<\/span> Offrant un son ample et harmonieux au quotidien, avec un r\u00e9glage \u00e0 la fois d\u00e9tendu et pr\u00e9cis, l&#039;Astral est facile \u00e0 appr\u00e9cier quel que soit le genre musical. Sa configuration de transducteurs hybrides d\u00e9livre des basses riches, des m\u00e9diums clairs et des aigus a\u00e9r\u00e9s, le tout dans un confort ergonomique qui reste bien en place toute la journ\u00e9e. Que vous vous d\u00e9tendiez \u00e0 la maison, que vous soyez dans les transports ou que vous d\u00e9couvriez de nouveaux morceaux, l&#039;Astral vous offre une exp\u00e9rience musicale immersive et sans fatigue auditive. Id\u00e9al pour les m\u00e9lomanes qui privil\u00e9gient le confort et un son \u00e9quilibr\u00e9.<\/p>","protected":false},"featured_media":12687,"comment_status":"open","ping_status":"closed","template":"","meta":{"_acf_changed":false,"_mo_disable_npp":"","inline_featured_image":false},"product_brand":[913],"product_cat":[892,145,932,915,820,931],"product_tag":[],"class_list":{"0":"post-12684","1":"product","2":"type-product","3":"status-publish","4":"has-post-thumbnail","6":"product_brand-kiwiears","7":"product_cat-chifi","8":"product_cat-earbuds","9":"product_cat-in-ear-monitors","10":"product_cat-kiwi-ears","11":"product_cat-new-arrivals-category","12":"product_cat-wired-earbuds","13":"pa_colour-blue","15":"first","16":"instock","17":"taxable","18":"shipping-taxable","19":"purchasable","20":"product-type-variable","21":"has-default-attributes"},"bundled_by":[],"bundle_stock_status":"instock","bundle_stock_quantity":null,"bundle_virtual":false,"bundle_layout":"","bundle_add_to_cart_form_location":"","bundle_editable_in_cart":false,"bundle_sold_individually_context":"","bundle_item_grouping":"","bundle_min_size":"","bundle_max_size":"","bundle_price":[],"bundled_items":[],"bundle_sell_ids":[],"acf":[],"ct_brands":[{"id":913,"name":"Kiwiears","slug":"kiwiears"}],"yoast_head":"<!-- This site is optimized with the Yoast SEO plugin v27.2 - https:\/\/yoast.com\/product\/yoast-seo-wordpress\/ -->\n<title>Kiwi Ears Astral Earbuds - 1DD+6BA Hybrid IEM - Luxe Sound<\/title>\n<meta name=\"description\" content=\"Discover the Kiwi Ears Astral. A hybrid in-ear monitor with smooth tuning, spacious sound, and all-day comfort for immersive listening on the go\" \/>\n<meta name=\"robots\" content=\"index, follow, max-snippet:-1, max-image-preview:large, max-video-preview:-1\" \/>\n<link rel=\"canonical\" href=\"https:\/\/luxesound.ca\/fr\/product\/kiwi-ears-astral-earbuds-1dd6ba-hybrid-iem\/\" \/>\n<meta property=\"og:locale\" content=\"fr_FR\" \/>\n<meta property=\"og:type\" content=\"article\" \/>\n<meta property=\"og:title\" content=\"Kiwi Ears Astral Earbuds - 1DD+6BA Hybrid IEM - Luxe Sound\" \/>\n<meta property=\"og:description\" content=\"Discover the Kiwi Ears Astral. A hybrid in-ear monitor with smooth tuning, spacious sound, and all-day comfort for immersive listening on the go\" \/>\n<meta property=\"og:url\" content=\"https:\/\/luxesound.ca\/fr\/product\/kiwi-ears-astral-earbuds-1dd6ba-hybrid-iem\/\" \/>\n<meta property=\"og:site_name\" content=\"Luxe Sound\" \/>\n<meta property=\"article:publisher\" content=\"https:\/\/www.facebook.com\/luxesound.ca\" \/>\n<meta property=\"article:modified_time\" content=\"2026-04-20T19:12:46+00:00\" \/>\n<meta property=\"og:image\" content=\"https:\/\/luxesound.ca\/wp-content\/uploads\/2026\/01\/Kiwiears-Astral-Blue-1.webp\" \/>\n\t<meta property=\"og:image:width\" content=\"1200\" \/>\n\t<meta property=\"og:image:height\" content=\"800\" \/>\n\t<meta property=\"og:image:type\" content=\"image\/webp\" \/>\n<meta name=\"twitter:card\" content=\"summary_large_image\" \/>\n<meta name=\"twitter:label1\" content=\"Est. reading time\" \/>\n\t<meta name=\"twitter:data1\" content=\"1 minute\" \/>\n<script type=\"application\/ld+json\" class=\"yoast-schema-graph\">{\"@context\":\"https:\/\/schema.org\",\"@graph\":[{\"@type\":\"WebPage\",\"@id\":\"https:\/\/luxesound.ca\/product\/kiwi-ears-astral-earbuds-1dd6ba-hybrid-iem\/\",\"url\":\"https:\/\/luxesound.ca\/product\/kiwi-ears-astral-earbuds-1dd6ba-hybrid-iem\/\",\"name\":\"Kiwi Ears Astral Earbuds - 1DD+6BA Hybrid IEM - Luxe Sound\",\"isPartOf\":{\"@id\":\"https:\/\/luxesound.ca\/#website\"},\"primaryImageOfPage\":{\"@id\":\"https:\/\/luxesound.ca\/product\/kiwi-ears-astral-earbuds-1dd6ba-hybrid-iem\/#primaryimage\"},\"image\":{\"@id\":\"https:\/\/luxesound.ca\/product\/kiwi-ears-astral-earbuds-1dd6ba-hybrid-iem\/#primaryimage\"},\"thumbnailUrl\":\"https:\/\/luxesound.ca\/wp-content\/uploads\/2026\/01\/Kiwiears-Astral-Blue-1.webp\",\"datePublished\":\"2026-01-27T21:30:07+00:00\",\"dateModified\":\"2026-04-20T19:12:46+00:00\",\"description\":\"Discover the Kiwi Ears Astral. A hybrid in-ear monitor with smooth tuning, spacious sound, and all-day comfort for immersive listening on the go\",\"breadcrumb\":{\"@id\":\"https:\/\/luxesound.ca\/product\/kiwi-ears-astral-earbuds-1dd6ba-hybrid-iem\/#breadcrumb\"},\"inLanguage\":\"fr-qc\",\"potentialAction\":[{\"@type\":\"ReadAction\",\"target\":[\"https:\/\/luxesound.ca\/product\/kiwi-ears-astral-earbuds-1dd6ba-hybrid-iem\/\"]}]},{\"@type\":\"ImageObject\",\"inLanguage\":\"fr-qc\",\"@id\":\"https:\/\/luxesound.ca\/product\/kiwi-ears-astral-earbuds-1dd6ba-hybrid-iem\/#primaryimage\",\"url\":\"https:\/\/luxesound.ca\/wp-content\/uploads\/2026\/01\/Kiwiears-Astral-Blue-1.webp\",\"contentUrl\":\"https:\/\/luxesound.ca\/wp-content\/uploads\/2026\/01\/Kiwiears-Astral-Blue-1.webp\",\"width\":1200,\"height\":800,\"caption\":\"Kiwi ears astral blue product photo\"},{\"@type\":\"BreadcrumbList\",\"@id\":\"https:\/\/luxesound.ca\/product\/kiwi-ears-astral-earbuds-1dd6ba-hybrid-iem\/#breadcrumb\",\"itemListElement\":[{\"@type\":\"ListItem\",\"position\":1,\"name\":\"Home\",\"item\":\"https:\/\/luxesound.ca\/\"},{\"@type\":\"ListItem\",\"position\":2,\"name\":\"Products\",\"item\":\"https:\/\/luxesound.ca\/shop\/\"},{\"@type\":\"ListItem\",\"position\":3,\"name\":\"Kiwi Ears Astral Earbuds &#8211; 1DD+6BA Hybrid IEM\"}]},{\"@type\":\"WebSite\",\"@id\":\"https:\/\/luxesound.ca\/#website\",\"url\":\"https:\/\/luxesound.ca\/\",\"name\":\"Luxe Sound\",\"description\":\"The Finest Headphones &amp; Speakers. Proudly Canadian.\",\"publisher\":{\"@id\":\"https:\/\/luxesound.ca\/#organization\"},\"potentialAction\":[{\"@type\":\"SearchAction\",\"target\":{\"@type\":\"EntryPoint\",\"urlTemplate\":\"https:\/\/luxesound.ca\/?s={search_term_string}\"},\"query-input\":{\"@type\":\"PropertyValueSpecification\",\"valueRequired\":true,\"valueName\":\"search_term_string\"}}],\"inLanguage\":\"fr-qc\"},{\"@type\":\"Organization\",\"@id\":\"https:\/\/luxesound.ca\/#organization\",\"name\":\"Luxe Sound\",\"url\":\"https:\/\/luxesound.ca\/\",\"logo\":{\"@type\":\"ImageObject\",\"inLanguage\":\"fr-qc\",\"@id\":\"https:\/\/luxesound.ca\/#\/schema\/logo\/image\/\",\"url\":\"https:\/\/luxesound.ca\/wp-content\/uploads\/2024\/08\/cropped-Luxe-white-on-green.png\",\"contentUrl\":\"https:\/\/luxesound.ca\/wp-content\/uploads\/2024\/08\/cropped-Luxe-white-on-green.png\",\"width\":512,\"height\":512,\"caption\":\"Luxe Sound\"},\"image\":{\"@id\":\"https:\/\/luxesound.ca\/#\/schema\/logo\/image\/\"},\"sameAs\":[\"https:\/\/www.facebook.com\/luxesound.ca\",\"https:\/\/www.instagram.com\/luxe.sound\/\"]}]}<\/script>\n<!-- \/ Yoast SEO plugin. -->","yoast_head_json":{"title":"Kiwi Ears Astral Earbuds - 1DD+6BA Hybrid IEM - Luxe Sound","description":"Discover the Kiwi Ears Astral. A hybrid in-ear monitor with smooth tuning, spacious sound, and all-day comfort for immersive listening on the go","robots":{"index":"index","follow":"follow","max-snippet":"max-snippet:-1","max-image-preview":"max-image-preview:large","max-video-preview":"max-video-preview:-1"},"canonical":"https:\/\/luxesound.ca\/fr\/product\/kiwi-ears-astral-earbuds-1dd6ba-hybrid-iem\/","og_locale":"fr_FR","og_type":"article","og_title":"Kiwi Ears Astral Earbuds - 1DD+6BA Hybrid IEM - Luxe Sound","og_description":"Discover the Kiwi Ears Astral. A hybrid in-ear monitor with smooth tuning, spacious sound, and all-day comfort for immersive listening on the go","og_url":"https:\/\/luxesound.ca\/fr\/product\/kiwi-ears-astral-earbuds-1dd6ba-hybrid-iem\/","og_site_name":"Luxe Sound","article_publisher":"https:\/\/www.facebook.com\/luxesound.ca","article_modified_time":"2026-04-20T19:12:46+00:00","og_image":[{"width":1200,"height":800,"url":"https:\/\/luxesound.ca\/wp-content\/uploads\/2026\/01\/Kiwiears-Astral-Blue-1.webp","type":"image\/webp"}],"twitter_card":"summary_large_image","twitter_misc":{"Est. reading time":"1 minute"},"schema":{"@context":"https:\/\/schema.org","@graph":[{"@type":"WebPage","@id":"https:\/\/luxesound.ca\/product\/kiwi-ears-astral-earbuds-1dd6ba-hybrid-iem\/","url":"https:\/\/luxesound.ca\/product\/kiwi-ears-astral-earbuds-1dd6ba-hybrid-iem\/","name":"Kiwi Ears Astral Earbuds - 1DD+6BA Hybrid IEM - Luxe Sound","isPartOf":{"@id":"https:\/\/luxesound.ca\/#website"},"primaryImageOfPage":{"@id":"https:\/\/luxesound.ca\/product\/kiwi-ears-astral-earbuds-1dd6ba-hybrid-iem\/#primaryimage"},"image":{"@id":"https:\/\/luxesound.ca\/product\/kiwi-ears-astral-earbuds-1dd6ba-hybrid-iem\/#primaryimage"},"thumbnailUrl":"https:\/\/luxesound.ca\/wp-content\/uploads\/2026\/01\/Kiwiears-Astral-Blue-1.webp","datePublished":"2026-01-27T21:30:07+00:00","dateModified":"2026-04-20T19:12:46+00:00","description":"Discover the Kiwi Ears Astral. A hybrid in-ear monitor with smooth tuning, spacious sound, and all-day comfort for immersive listening on the go","breadcrumb":{"@id":"https:\/\/luxesound.ca\/product\/kiwi-ears-astral-earbuds-1dd6ba-hybrid-iem\/#breadcrumb"},"inLanguage":"fr-qc","potentialAction":[{"@type":"ReadAction","target":["https:\/\/luxesound.ca\/product\/kiwi-ears-astral-earbuds-1dd6ba-hybrid-iem\/"]}]},{"@type":"ImageObject","inLanguage":"fr-qc","@id":"https:\/\/luxesound.ca\/product\/kiwi-ears-astral-earbuds-1dd6ba-hybrid-iem\/#primaryimage","url":"https:\/\/luxesound.ca\/wp-content\/uploads\/2026\/01\/Kiwiears-Astral-Blue-1.webp","contentUrl":"https:\/\/luxesound.ca\/wp-content\/uploads\/2026\/01\/Kiwiears-Astral-Blue-1.webp","width":1200,"height":800,"caption":"Kiwi ears astral blue product photo"},{"@type":"BreadcrumbList","@id":"https:\/\/luxesound.ca\/product\/kiwi-ears-astral-earbuds-1dd6ba-hybrid-iem\/#breadcrumb","itemListElement":[{"@type":"ListItem","position":1,"name":"Home","item":"https:\/\/luxesound.ca\/"},{"@type":"ListItem","position":2,"name":"Products","item":"https:\/\/luxesound.ca\/shop\/"},{"@type":"ListItem","position":3,"name":"Kiwi Ears Astral Earbuds &#8211; 1DD+6BA Hybrid IEM"}]},{"@type":"WebSite","@id":"https:\/\/luxesound.ca\/#website","url":"https:\/\/luxesound.ca\/","name":"Son luxueux","description":"Les meilleurs \u00e9couteurs et haut-parleurs. Fi\u00e8rement canadiens.","publisher":{"@id":"https:\/\/luxesound.ca\/#organization"},"potentialAction":[{"@type":"SearchAction","target":{"@type":"EntryPoint","urlTemplate":"https:\/\/luxesound.ca\/?s={search_term_string}"},"query-input":{"@type":"PropertyValueSpecification","valueRequired":true,"valueName":"search_term_string"}}],"inLanguage":"fr-qc"},{"@type":"Organization","@id":"https:\/\/luxesound.ca\/#organization","name":"Son luxueux","url":"https:\/\/luxesound.ca\/","logo":{"@type":"ImageObject","inLanguage":"fr-qc","@id":"https:\/\/luxesound.ca\/#\/schema\/logo\/image\/","url":"https:\/\/luxesound.ca\/wp-content\/uploads\/2024\/08\/cropped-Luxe-white-on-green.png","contentUrl":"https:\/\/luxesound.ca\/wp-content\/uploads\/2024\/08\/cropped-Luxe-white-on-green.png","width":512,"height":512,"caption":"Luxe Sound"},"image":{"@id":"https:\/\/luxesound.ca\/#\/schema\/logo\/image\/"},"sameAs":["https:\/\/www.facebook.com\/luxesound.ca","https:\/\/www.instagram.com\/luxe.sound\/"]}]}},"_links":{"self":[{"href":"https:\/\/luxesound.ca\/fr\/wp-json\/wp\/v2\/product\/12684","targetHints":{"allow":["GET"]}}],"collection":[{"href":"https:\/\/luxesound.ca\/fr\/wp-json\/wp\/v2\/product"}],"about":[{"href":"https:\/\/luxesound.ca\/fr\/wp-json\/wp\/v2\/types\/product"}],"replies":[{"embeddable":true,"href":"https:\/\/luxesound.ca\/fr\/wp-json\/wp\/v2\/comments?post=12684"}],"version-history":[{"count":2,"href":"https:\/\/luxesound.ca\/fr\/wp-json\/wp\/v2\/product\/12684\/revisions"}],"predecessor-version":[{"id":12886,"href":"https:\/\/luxesound.ca\/fr\/wp-json\/wp\/v2\/product\/12684\/revisions\/12886"}],"wp:featuredmedia":[{"embeddable":true,"href":"https:\/\/luxesound.ca\/fr\/wp-json\/wp\/v2\/media\/12687"}],"wp:attachment":[{"href":"https:\/\/luxesound.ca\/fr\/wp-json\/wp\/v2\/media?parent=12684"}],"wp:term":[{"taxonomy":"product_brand","embeddable":true,"href":"https:\/\/luxesound.ca\/fr\/wp-json\/wp\/v2\/product_brand?post=12684"},{"taxonomy":"product_cat","embeddable":true,"href":"https:\/\/luxesound.ca\/fr\/wp-json\/wp\/v2\/product_cat?post=12684"},{"taxonomy":"product_tag","embeddable":true,"href":"https:\/\/luxesound.ca\/fr\/wp-json\/wp\/v2\/product_tag?post=12684"}],"curies":[{"name":"wp","href":"https:\/\/api.w.org\/{rel}","templated":true}]}}